{"id":9598,"date":"2023-06-14T14:12:43","date_gmt":"2023-06-14T18:12:43","guid":{"rendered":"https:\/\/www.cdlinc.ca\/?page_id=9598"},"modified":"2023-06-14T14:12:43","modified_gmt":"2023-06-14T18:12:43","slug":"cdl-offre-maintenant-des-facilites-de-credit-a-ses-clients-via-des-institutions-bancaires","status":"publish","type":"page","link":"https:\/\/www.cdlinc.ca\/fr\/cdl-offre-maintenant-des-facilites-de-credit-a-ses-clients-via-des-institutions-bancaires\/","title":{"rendered":"CDL offre maintenant des facilit\u00e9s de cr\u00e9dit \u00e0 ses clients via des institutions bancaires"},"content":{"rendered":"<p><strong>Pr\u00eat concessionnaire<\/strong><br \/>\nFinancement disponible \u00e0 l\u2019ann\u00e9e pour tous les \u00e9quipements de CDL ainsi que le tuyau, tubulure, chalumeaux, adaptateurs et barils.<\/p>\n<p><strong>Une solution<\/strong><br \/>\n&#8211; Facile<br \/>\n&#8211; Rapide<br \/>\n&#8211; Financement jusqu\u2019\u00e0 100%<br \/>\n&#8211; Nul besoin de vous d\u00e9placer, tout est g\u00e9r\u00e9 par t\u00e9l\u00e9phone et courriel<\/p>\n<p><strong>Marge de cr\u00e9dit renouvelable<\/strong><br \/>\nFinancement pour tous les intrants dont vous avez besoin au cours de l\u2019ann\u00e9e. Peut s&rsquo;appliquer aux petits \u00e9quipements de CDL et aux stocks d\u2019installation en for\u00eat (tubulures, chalumeaux, adaptateurs, etc.)<\/p>\n<blockquote><p>Pr\u00eat sous forme de marge de cr\u00e9dit renouvelable aux 18 mois<br \/>\nPeut \u00eatre augment\u00e9 rapidement selon les besoins<br \/>\nJusqu\u2019\u00e0 18 mois pour payer<br \/>\nAutorisation rapide<br \/>\nPaiement automatique des factures sur votre compte<\/p><\/blockquote>\n<p>Informez-vous \u00e0 votre magasin r\u00e9gional ou \u00e0 notre d\u00e9partement de cr\u00e9dit : cr\u00e9dit@cdlinc.ca<\/p>\n<p><img loading=\"lazy\" decoding=\"async\" width=\"250\" height=\"586\" class=\"size-medium wp-image-9600 aligncenter\" src=\"https:\/\/www.cdlinc.ca\/wp-content\/uploads\/2023\/06\/Capture-11-250x586.png\" alt=\"\" srcset=\"https:\/\/www.cdlinc.ca\/wp-content\/uploads\/2023\/06\/Capture-11-250x586.png 250w, https:\/\/www.cdlinc.ca\/wp-content\/uploads\/2023\/06\/Capture-11-310x727.png 310w, https:\/\/www.cdlinc.ca\/wp-content\/uploads\/2023\/06\/Capture-11-120x281.png 120w, https:\/\/www.cdlinc.ca\/wp-content\/uploads\/2023\/06\/Capture-11.png 392w\" sizes=\"auto, (max-width: 250px) 100vw, 250px\" \/><\/p>\n","protected":false},"excerpt":{"rendered":"Pr\u00eat concessionnaire Financement disponible \u00e0 l\u2019ann\u00e9e pour tous les \u00e9quipements de CDL ainsi que le tuyau, tubulure, chalumeaux, adaptateurs et barils. Une solution &#8211; Facile &#8211; Rapide &#8211; Financement jusqu\u2019\u00e0 100% &#8211; Nul besoin de vous d\u00e9placer, tout est g\u00e9r\u00e9 par t\u00e9l\u00e9phone et courriel Marge de cr\u00e9dit renouvelable Financement pour tous les intrants dont vous [&hellip;]","protected":false},"author":15,"featured_media":0,"parent":0,"menu_order":0,"comment_status":"closed","ping_status":"closed","template":"","meta":{"_acf_changed":false,"footnotes":""},"class_list":["post-9598","page","type-page","status-publish","hentry"],"acf":[],"yoast_head":"<!-- This site is optimized with the Yoast SEO plugin v25.2 - https:\/\/yoast.com\/wordpress\/plugins\/seo\/ -->\n<title>CDL offre maintenant des facilit\u00e9s de cr\u00e9dit \u00e0 ses clients via des institutions bancaires<\/title>\n<meta name=\"robots\" content=\"index, follow, max-snippet:-1, max-image-preview:large, max-video-preview:-1\" \/>\n<link rel=\"canonical\" href=\"https:\/\/www.cdlinc.ca\/fr\/cdl-offre-maintenant-des-facilites-de-credit-a-ses-clients-via-des-institutions-bancaires\/\" \/>\n<meta property=\"og:locale\" content=\"fr_FR\" \/>\n<meta property=\"og:type\" content=\"article\" \/>\n<meta property=\"og:title\" content=\"CDL offre maintenant des facilit\u00e9s de cr\u00e9dit \u00e0 ses clients via des institutions bancaires\" \/>\n<meta property=\"og:description\" content=\"Pr\u00eat concessionnaire Financement disponible \u00e0 l\u2019ann\u00e9e pour tous les \u00e9quipements de CDL ainsi que le tuyau, tubulure, chalumeaux, adaptateurs et barils. Une solution &#8211; Facile &#8211; Rapide &#8211; Financement jusqu\u2019\u00e0 100% &#8211; Nul besoin de vous d\u00e9placer, tout est g\u00e9r\u00e9 par t\u00e9l\u00e9phone et courriel Marge de cr\u00e9dit renouvelable Financement pour tous les intrants dont vous [&hellip;]\" \/>\n<meta property=\"og:url\" content=\"https:\/\/www.cdlinc.ca\/fr\/cdl-offre-maintenant-des-facilites-de-credit-a-ses-clients-via-des-institutions-bancaires\/\" \/>\n<meta property=\"og:site_name\" content=\"Les \u00e9quipements d&#039;\u00e9rabli\u00e8re CDL\" \/>\n<meta property=\"og:image\" content=\"https:\/\/www.cdlinc.ca\/wp-content\/uploads\/2023\/06\/Capture-11-250x586.png\" \/>\n<meta name=\"twitter:card\" content=\"summary_large_image\" \/>\n<meta name=\"twitter:label1\" content=\"Dur\u00e9e de lecture estim\u00e9e\" \/>\n\t<meta name=\"twitter:data1\" content=\"1 minute\" \/>\n<script type=\"application\/ld+json\" class=\"yoast-schema-graph\">{\"@context\":\"https:\/\/schema.org\",\"@graph\":[{\"@type\":\"WebPage\",\"@id\":\"https:\/\/www.cdlinc.ca\/fr\/cdl-offre-maintenant-des-facilites-de-credit-a-ses-clients-via-des-institutions-bancaires\/\",\"url\":\"https:\/\/www.cdlinc.ca\/fr\/cdl-offre-maintenant-des-facilites-de-credit-a-ses-clients-via-des-institutions-bancaires\/\",\"name\":\"CDL offre maintenant des facilit\u00e9s de cr\u00e9dit \u00e0 ses clients via des institutions bancaires\",\"isPartOf\":{\"@id\":\"https:\/\/www.cdlinc.ca\/fr\/#website\"},\"primaryImageOfPage\":{\"@id\":\"https:\/\/www.cdlinc.ca\/fr\/cdl-offre-maintenant-des-facilites-de-credit-a-ses-clients-via-des-institutions-bancaires\/#primaryimage\"},\"image\":{\"@id\":\"https:\/\/www.cdlinc.ca\/fr\/cdl-offre-maintenant-des-facilites-de-credit-a-ses-clients-via-des-institutions-bancaires\/#primaryimage\"},\"thumbnailUrl\":\"https:\/\/www.cdlinc.ca\/wp-content\/uploads\/2023\/06\/Capture-11-250x586.png\",\"datePublished\":\"2023-06-14T18:12:43+00:00\",\"breadcrumb\":{\"@id\":\"https:\/\/www.cdlinc.ca\/fr\/cdl-offre-maintenant-des-facilites-de-credit-a-ses-clients-via-des-institutions-bancaires\/#breadcrumb\"},\"inLanguage\":\"fr-FR\",\"potentialAction\":[{\"@type\":\"ReadAction\",\"target\":[\"https:\/\/www.cdlinc.ca\/fr\/cdl-offre-maintenant-des-facilites-de-credit-a-ses-clients-via-des-institutions-bancaires\/\"]}]},{\"@type\":\"ImageObject\",\"inLanguage\":\"fr-FR\",\"@id\":\"https:\/\/www.cdlinc.ca\/fr\/cdl-offre-maintenant-des-facilites-de-credit-a-ses-clients-via-des-institutions-bancaires\/#primaryimage\",\"url\":\"https:\/\/www.cdlinc.ca\/wp-content\/uploads\/2023\/06\/Capture-11-250x586.png\",\"contentUrl\":\"https:\/\/www.cdlinc.ca\/wp-content\/uploads\/2023\/06\/Capture-11-250x586.png\"},{\"@type\":\"BreadcrumbList\",\"@id\":\"https:\/\/www.cdlinc.ca\/fr\/cdl-offre-maintenant-des-facilites-de-credit-a-ses-clients-via-des-institutions-bancaires\/#breadcrumb\",\"itemListElement\":[{\"@type\":\"ListItem\",\"position\":1,\"name\":\"Home\",\"item\":\"https:\/\/www.cdlinc.ca\/fr\/\"},{\"@type\":\"ListItem\",\"position\":2,\"name\":\"CDL offre maintenant des facilit\u00e9s de cr\u00e9dit \u00e0 ses clients via des institutions bancaires\"}]},{\"@type\":\"WebSite\",\"@id\":\"https:\/\/www.cdlinc.ca\/fr\/#website\",\"url\":\"https:\/\/www.cdlinc.ca\/fr\/\",\"name\":\"Les \u00e9quipements d&#039;\u00e9rabli\u00e8re CDL\",\"description\":\"L&#039;ac\u00e9riculture c&#039;est votre passion... Nous aussi.\",\"potentialAction\":[{\"@type\":\"SearchAction\",\"target\":{\"@type\":\"EntryPoint\",\"urlTemplate\":\"https:\/\/www.cdlinc.ca\/fr\/?s={search_term_string}\"},\"query-input\":{\"@type\":\"PropertyValueSpecification\",\"valueRequired\":true,\"valueName\":\"search_term_string\"}}],\"inLanguage\":\"fr-FR\"}]}<\/script>\n<!-- \/ Yoast SEO plugin. -->","yoast_head_json":{"title":"CDL offre maintenant des facilit\u00e9s de cr\u00e9dit \u00e0 ses clients via des institutions bancaires","robots":{"index":"index","follow":"follow","max-snippet":"max-snippet:-1","max-image-preview":"max-image-preview:large","max-video-preview":"max-video-preview:-1"},"canonical":"https:\/\/www.cdlinc.ca\/fr\/cdl-offre-maintenant-des-facilites-de-credit-a-ses-clients-via-des-institutions-bancaires\/","og_locale":"fr_FR","og_type":"article","og_title":"CDL offre maintenant des facilit\u00e9s de cr\u00e9dit \u00e0 ses clients via des institutions bancaires","og_description":"Pr\u00eat concessionnaire Financement disponible \u00e0 l\u2019ann\u00e9e pour tous les \u00e9quipements de CDL ainsi que le tuyau, tubulure, chalumeaux, adaptateurs et barils. Une solution &#8211; Facile &#8211; Rapide &#8211; Financement jusqu\u2019\u00e0 100% &#8211; Nul besoin de vous d\u00e9placer, tout est g\u00e9r\u00e9 par t\u00e9l\u00e9phone et courriel Marge de cr\u00e9dit renouvelable Financement pour tous les intrants dont vous [&hellip;]","og_url":"https:\/\/www.cdlinc.ca\/fr\/cdl-offre-maintenant-des-facilites-de-credit-a-ses-clients-via-des-institutions-bancaires\/","og_site_name":"Les \u00e9quipements d&#039;\u00e9rabli\u00e8re CDL","og_image":[{"url":"https:\/\/www.cdlinc.ca\/wp-content\/uploads\/2023\/06\/Capture-11-250x586.png","type":"","width":"","height":""}],"twitter_card":"summary_large_image","twitter_misc":{"Dur\u00e9e de lecture estim\u00e9e":"1 minute"},"schema":{"@context":"https:\/\/schema.org","@graph":[{"@type":"WebPage","@id":"https:\/\/www.cdlinc.ca\/fr\/cdl-offre-maintenant-des-facilites-de-credit-a-ses-clients-via-des-institutions-bancaires\/","url":"https:\/\/www.cdlinc.ca\/fr\/cdl-offre-maintenant-des-facilites-de-credit-a-ses-clients-via-des-institutions-bancaires\/","name":"CDL offre maintenant des facilit\u00e9s de cr\u00e9dit \u00e0 ses clients via des institutions bancaires","isPartOf":{"@id":"https:\/\/www.cdlinc.ca\/fr\/#website"},"primaryImageOfPage":{"@id":"https:\/\/www.cdlinc.ca\/fr\/cdl-offre-maintenant-des-facilites-de-credit-a-ses-clients-via-des-institutions-bancaires\/#primaryimage"},"image":{"@id":"https:\/\/www.cdlinc.ca\/fr\/cdl-offre-maintenant-des-facilites-de-credit-a-ses-clients-via-des-institutions-bancaires\/#primaryimage"},"thumbnailUrl":"https:\/\/www.cdlinc.ca\/wp-content\/uploads\/2023\/06\/Capture-11-250x586.png","datePublished":"2023-06-14T18:12:43+00:00","breadcrumb":{"@id":"https:\/\/www.cdlinc.ca\/fr\/cdl-offre-maintenant-des-facilites-de-credit-a-ses-clients-via-des-institutions-bancaires\/#breadcrumb"},"inLanguage":"fr-FR","potentialAction":[{"@type":"ReadAction","target":["https:\/\/www.cdlinc.ca\/fr\/cdl-offre-maintenant-des-facilites-de-credit-a-ses-clients-via-des-institutions-bancaires\/"]}]},{"@type":"ImageObject","inLanguage":"fr-FR","@id":"https:\/\/www.cdlinc.ca\/fr\/cdl-offre-maintenant-des-facilites-de-credit-a-ses-clients-via-des-institutions-bancaires\/#primaryimage","url":"https:\/\/www.cdlinc.ca\/wp-content\/uploads\/2023\/06\/Capture-11-250x586.png","contentUrl":"https:\/\/www.cdlinc.ca\/wp-content\/uploads\/2023\/06\/Capture-11-250x586.png"},{"@type":"BreadcrumbList","@id":"https:\/\/www.cdlinc.ca\/fr\/cdl-offre-maintenant-des-facilites-de-credit-a-ses-clients-via-des-institutions-bancaires\/#breadcrumb","itemListElement":[{"@type":"ListItem","position":1,"name":"Home","item":"https:\/\/www.cdlinc.ca\/fr\/"},{"@type":"ListItem","position":2,"name":"CDL offre maintenant des facilit\u00e9s de cr\u00e9dit \u00e0 ses clients via des institutions bancaires"}]},{"@type":"WebSite","@id":"https:\/\/www.cdlinc.ca\/fr\/#website","url":"https:\/\/www.cdlinc.ca\/fr\/","name":"Les \u00e9quipements d&#039;\u00e9rabli\u00e8re CDL","description":"L&#039;ac\u00e9riculture c&#039;est votre passion... Nous aussi.","potentialAction":[{"@type":"SearchAction","target":{"@type":"EntryPoint","urlTemplate":"https:\/\/www.cdlinc.ca\/fr\/?s={search_term_string}"},"query-input":{"@type":"PropertyValueSpecification","valueRequired":true,"valueName":"search_term_string"}}],"inLanguage":"fr-FR"}]}},"_links":{"self":[{"href":"https:\/\/www.cdlinc.ca\/fr\/wp-json\/wp\/v2\/pages\/9598","targetHints":{"allow":["GET"]}}],"collection":[{"href":"https:\/\/www.cdlinc.ca\/fr\/wp-json\/wp\/v2\/pages"}],"about":[{"href":"https:\/\/www.cdlinc.ca\/fr\/wp-json\/wp\/v2\/types\/page"}],"author":[{"embeddable":true,"href":"https:\/\/www.cdlinc.ca\/fr\/wp-json\/wp\/v2\/users\/15"}],"replies":[{"embeddable":true,"href":"https:\/\/www.cdlinc.ca\/fr\/wp-json\/wp\/v2\/comments?post=9598"}],"version-history":[{"count":2,"href":"https:\/\/www.cdlinc.ca\/fr\/wp-json\/wp\/v2\/pages\/9598\/revisions"}],"predecessor-version":[{"id":9607,"href":"https:\/\/www.cdlinc.ca\/fr\/wp-json\/wp\/v2\/pages\/9598\/revisions\/9607"}],"wp:attachment":[{"href":"https:\/\/www.cdlinc.ca\/fr\/wp-json\/wp\/v2\/media?parent=9598"}],"curies":[{"name":"wp","href":"https:\/\/api.w.org\/{rel}","templated":true}]}}