{"id":9576,"date":"2023-06-14T10:05:50","date_gmt":"2023-06-14T14:05:50","guid":{"rendered":"https:\/\/www.cdlinc.ca\/?page_id=9576"},"modified":"2023-06-19T14:14:21","modified_gmt":"2023-06-19T18:14:21","slug":"lexpertise-cdl-vos-projets-acericoles-de-a-a-z","status":"publish","type":"page","link":"https:\/\/www.cdlinc.ca\/fr\/lexpertise-cdl-vos-projets-acericoles-de-a-a-z\/","title":{"rendered":"Vos projets ac\u00e9ricoles de A \u00e0 Z"},"content":{"rendered":"<p><img loading=\"lazy\" decoding=\"async\" class=\"wp-image-9578 aligncenter\" src=\"https:\/\/www.cdlinc.ca\/wp-content\/uploads\/2023\/06\/Capture-9-250x138.png\" alt=\"\" width=\"765\" height=\"422\" srcset=\"https:\/\/www.cdlinc.ca\/wp-content\/uploads\/2023\/06\/Capture-9-250x138.png 250w, https:\/\/www.cdlinc.ca\/wp-content\/uploads\/2023\/06\/Capture-9-700x387.png 700w, https:\/\/www.cdlinc.ca\/wp-content\/uploads\/2023\/06\/Capture-9-768x425.png 768w, https:\/\/www.cdlinc.ca\/wp-content\/uploads\/2023\/06\/Capture-9-310x171.png 310w, https:\/\/www.cdlinc.ca\/wp-content\/uploads\/2023\/06\/Capture-9-120x66.png 120w, https:\/\/www.cdlinc.ca\/wp-content\/uploads\/2023\/06\/Capture-9.png 1016w\" sizes=\"auto, (max-width: 765px) 100vw, 765px\" \/><\/p>\n<p><strong>\u00c9valuation de projet<\/strong><br \/>\nFaites \u00e9valuer votre projet de fa\u00e7on compl\u00e8te par nos experts, qui ont acc\u00e8s \u00e0 un large inventaire en temps r\u00e9el. Que vous soyez d\u00e9butants ou exp\u00e9riment\u00e9s, vous serez accompagn\u00e9s par nos experts selon vos besoins.<\/p>\n<p><strong>Conseils ac\u00e9ricoles et techniques<\/strong><br \/>\nProfitez des conseils de nos experts pour calculer le dimensionnement de tuyaux et le calcul de refoulement.<\/p>\n<p><strong>Cartographie GPS<\/strong><br \/>\nOptimisez le positionnement et la planification strat\u00e9giques de vos \u00e9quipements gr\u00e2ce \u00e0 la technologie GPS.<\/p>\n<p><strong>Installation de ma\u00eetres-lignes et tubulures<\/strong><br \/>\nProfitez des meilleures fa\u00e7ons de faire de l\u2019industrie et demandez \u00e0 nos experts d\u2019installer vos ma\u00eetres-lignes et tubulures directement en for\u00eat.<\/p>\n<p><strong>Location d\u2019\u00e9quipements<\/strong><br \/>\nLouez la soudeuse \u00c9lectrofusion ou la soudeuse SpinSeal pour vos besoins ponctuels d\u2019installation. Validez avec votre succursale CDL pour savoir si d\u2019autres \u00e9quipements sont disponibles en location dans votre r\u00e9gion.<\/p>\n<p><strong>Assemblage de chutes<\/strong><br \/>\nFacilitez-vous la vie gr\u00e2ce \u00e0 notre service d\u2019assemblage de chutes! Offert dans chaque magasin CDL.<\/p>\n<p><strong>Implantation du syst\u00e8me CDL Intelligence<\/strong><br \/>\nSoyez conseill\u00e9s par nos experts quant \u00e0 notre syst\u00e8me de gestion. Notre \u00e9quipe \u00e9valuera vos besoins et vous guidera pas \u00e0 pas quant \u00e0 son implantation dans votre \u00e9rabli\u00e8re.<\/p>\n<p><strong>Installation cl\u00e9 en main d\u2019\u00e9quipements<\/strong><br \/>\nLors de votre achat, demandez \u00e0 nos experts d\u2019effectuer la livraison et l\u2019installation compl\u00e8te de vos \u00e9quipements CDL directement \u00e0 votre cabane.<\/p>\n<p><strong>R\u00e9paration \u00e0 la cabane<\/strong><br \/>\nCommencez la maintenance de vos \u00e9quipements avant le d\u00e9but de la saison des sucres! Notre \u00e9quipe se d\u00e9placera \u00e0 votre cabane pour r\u00e9parer vos probl\u00e8mes \u00e9lectriques, de soudure, de plomberie, de d\u00e9marrage et d\u2019ajustement de br\u00fbleurs, et ce, toutes marques confondues.<\/p>\n<p><strong>Modification d&rsquo;\u00e9quipements<\/strong><br \/>\nDemandez des ajustements sur mesure si vous avez des besoins sp\u00e9cifiques.<\/p>\n<p><strong>Assistance 24\/7 en temps des sucres<\/strong><br \/>\nEn temps des sucres, notre \u00e9quipe est disponible au bout du fil 24 heures sur 24, 7 jours sur 7 pour r\u00e9pondre \u00e0 vos urgences.<\/p>\n<p>Contactez votre repr\u00e9sentant pour plus d&rsquo;information : <a href=\"https:\/\/www.cdlinc.ca\/fr\/representants\/\">Repr\u00e9sentants CDL &#8211; Les \u00c9quipements d&rsquo;\u00c9rabli\u00e8re CDL : Les \u00e9quipements d&rsquo;\u00e9rabli\u00e8re CDL (cdlinc.ca)<\/a><\/p>\n","protected":false},"excerpt":{"rendered":"\u00c9valuation de projet Faites \u00e9valuer votre projet de fa\u00e7on compl\u00e8te par nos experts, qui ont acc\u00e8s \u00e0 un large inventaire en temps r\u00e9el. Que vous soyez d\u00e9butants ou exp\u00e9riment\u00e9s, vous serez accompagn\u00e9s par nos experts selon vos besoins. Conseils ac\u00e9ricoles et techniques Profitez des conseils de nos experts pour calculer le dimensionnement de tuyaux et [&hellip;]","protected":false},"author":15,"featured_media":0,"parent":0,"menu_order":0,"comment_status":"closed","ping_status":"closed","template":"","meta":{"_acf_changed":false,"footnotes":""},"class_list":["post-9576","page","type-page","status-publish","hentry"],"acf":[],"yoast_head":"<!-- This site is optimized with the Yoast SEO plugin v25.2 - https:\/\/yoast.com\/wordpress\/plugins\/seo\/ -->\n<title>Vos projets ac\u00e9ricoles de A \u00e0 Z<\/title>\n<meta name=\"robots\" content=\"index, follow, max-snippet:-1, max-image-preview:large, max-video-preview:-1\" \/>\n<link rel=\"canonical\" href=\"https:\/\/www.cdlinc.ca\/fr\/lexpertise-cdl-vos-projets-acericoles-de-a-a-z\/\" \/>\n<meta property=\"og:locale\" content=\"fr_FR\" \/>\n<meta property=\"og:type\" content=\"article\" \/>\n<meta property=\"og:title\" content=\"Vos projets ac\u00e9ricoles de A \u00e0 Z\" \/>\n<meta property=\"og:description\" content=\"\u00c9valuation de projet Faites \u00e9valuer votre projet de fa\u00e7on compl\u00e8te par nos experts, qui ont acc\u00e8s \u00e0 un large inventaire en temps r\u00e9el. Que vous soyez d\u00e9butants ou exp\u00e9riment\u00e9s, vous serez accompagn\u00e9s par nos experts selon vos besoins. Conseils ac\u00e9ricoles et techniques Profitez des conseils de nos experts pour calculer le dimensionnement de tuyaux et [&hellip;]\" \/>\n<meta property=\"og:url\" content=\"https:\/\/www.cdlinc.ca\/fr\/lexpertise-cdl-vos-projets-acericoles-de-a-a-z\/\" \/>\n<meta property=\"og:site_name\" content=\"Les \u00e9quipements d&#039;\u00e9rabli\u00e8re CDL\" \/>\n<meta property=\"article:modified_time\" content=\"2023-06-19T18:14:21+00:00\" \/>\n<meta property=\"og:image\" content=\"https:\/\/www.cdlinc.ca\/wp-content\/uploads\/2023\/06\/Capture-9-250x138.png\" \/>\n<meta name=\"twitter:card\" content=\"summary_large_image\" \/>\n<meta name=\"twitter:label1\" content=\"Dur\u00e9e de lecture estim\u00e9e\" \/>\n\t<meta name=\"twitter:data1\" content=\"2 minutes\" \/>\n<script type=\"application\/ld+json\" class=\"yoast-schema-graph\">{\"@context\":\"https:\/\/schema.org\",\"@graph\":[{\"@type\":\"WebPage\",\"@id\":\"https:\/\/www.cdlinc.ca\/fr\/lexpertise-cdl-vos-projets-acericoles-de-a-a-z\/\",\"url\":\"https:\/\/www.cdlinc.ca\/fr\/lexpertise-cdl-vos-projets-acericoles-de-a-a-z\/\",\"name\":\"Vos projets ac\u00e9ricoles de A \u00e0 Z\",\"isPartOf\":{\"@id\":\"https:\/\/www.cdlinc.ca\/fr\/#website\"},\"primaryImageOfPage\":{\"@id\":\"https:\/\/www.cdlinc.ca\/fr\/lexpertise-cdl-vos-projets-acericoles-de-a-a-z\/#primaryimage\"},\"image\":{\"@id\":\"https:\/\/www.cdlinc.ca\/fr\/lexpertise-cdl-vos-projets-acericoles-de-a-a-z\/#primaryimage\"},\"thumbnailUrl\":\"https:\/\/www.cdlinc.ca\/wp-content\/uploads\/2023\/06\/Capture-9-250x138.png\",\"datePublished\":\"2023-06-14T14:05:50+00:00\",\"dateModified\":\"2023-06-19T18:14:21+00:00\",\"breadcrumb\":{\"@id\":\"https:\/\/www.cdlinc.ca\/fr\/lexpertise-cdl-vos-projets-acericoles-de-a-a-z\/#breadcrumb\"},\"inLanguage\":\"fr-FR\",\"potentialAction\":[{\"@type\":\"ReadAction\",\"target\":[\"https:\/\/www.cdlinc.ca\/fr\/lexpertise-cdl-vos-projets-acericoles-de-a-a-z\/\"]}]},{\"@type\":\"ImageObject\",\"inLanguage\":\"fr-FR\",\"@id\":\"https:\/\/www.cdlinc.ca\/fr\/lexpertise-cdl-vos-projets-acericoles-de-a-a-z\/#primaryimage\",\"url\":\"https:\/\/www.cdlinc.ca\/wp-content\/uploads\/2023\/06\/Capture-9-250x138.png\",\"contentUrl\":\"https:\/\/www.cdlinc.ca\/wp-content\/uploads\/2023\/06\/Capture-9-250x138.png\"},{\"@type\":\"BreadcrumbList\",\"@id\":\"https:\/\/www.cdlinc.ca\/fr\/lexpertise-cdl-vos-projets-acericoles-de-a-a-z\/#breadcrumb\",\"itemListElement\":[{\"@type\":\"ListItem\",\"position\":1,\"name\":\"Home\",\"item\":\"https:\/\/www.cdlinc.ca\/fr\/\"},{\"@type\":\"ListItem\",\"position\":2,\"name\":\"Vos projets ac\u00e9ricoles de A \u00e0 Z\"}]},{\"@type\":\"WebSite\",\"@id\":\"https:\/\/www.cdlinc.ca\/fr\/#website\",\"url\":\"https:\/\/www.cdlinc.ca\/fr\/\",\"name\":\"Les \u00e9quipements d&#039;\u00e9rabli\u00e8re CDL\",\"description\":\"L&#039;ac\u00e9riculture c&#039;est votre passion... Nous aussi.\",\"potentialAction\":[{\"@type\":\"SearchAction\",\"target\":{\"@type\":\"EntryPoint\",\"urlTemplate\":\"https:\/\/www.cdlinc.ca\/fr\/?s={search_term_string}\"},\"query-input\":{\"@type\":\"PropertyValueSpecification\",\"valueRequired\":true,\"valueName\":\"search_term_string\"}}],\"inLanguage\":\"fr-FR\"}]}<\/script>\n<!-- \/ Yoast SEO plugin. -->","yoast_head_json":{"title":"Vos projets ac\u00e9ricoles de A \u00e0 Z","robots":{"index":"index","follow":"follow","max-snippet":"max-snippet:-1","max-image-preview":"max-image-preview:large","max-video-preview":"max-video-preview:-1"},"canonical":"https:\/\/www.cdlinc.ca\/fr\/lexpertise-cdl-vos-projets-acericoles-de-a-a-z\/","og_locale":"fr_FR","og_type":"article","og_title":"Vos projets ac\u00e9ricoles de A \u00e0 Z","og_description":"\u00c9valuation de projet Faites \u00e9valuer votre projet de fa\u00e7on compl\u00e8te par nos experts, qui ont acc\u00e8s \u00e0 un large inventaire en temps r\u00e9el. Que vous soyez d\u00e9butants ou exp\u00e9riment\u00e9s, vous serez accompagn\u00e9s par nos experts selon vos besoins. Conseils ac\u00e9ricoles et techniques Profitez des conseils de nos experts pour calculer le dimensionnement de tuyaux et [&hellip;]","og_url":"https:\/\/www.cdlinc.ca\/fr\/lexpertise-cdl-vos-projets-acericoles-de-a-a-z\/","og_site_name":"Les \u00e9quipements d&#039;\u00e9rabli\u00e8re CDL","article_modified_time":"2023-06-19T18:14:21+00:00","og_image":[{"url":"https:\/\/www.cdlinc.ca\/wp-content\/uploads\/2023\/06\/Capture-9-250x138.png","type":"","width":"","height":""}],"twitter_card":"summary_large_image","twitter_misc":{"Dur\u00e9e de lecture estim\u00e9e":"2 minutes"},"schema":{"@context":"https:\/\/schema.org","@graph":[{"@type":"WebPage","@id":"https:\/\/www.cdlinc.ca\/fr\/lexpertise-cdl-vos-projets-acericoles-de-a-a-z\/","url":"https:\/\/www.cdlinc.ca\/fr\/lexpertise-cdl-vos-projets-acericoles-de-a-a-z\/","name":"Vos projets ac\u00e9ricoles de A \u00e0 Z","isPartOf":{"@id":"https:\/\/www.cdlinc.ca\/fr\/#website"},"primaryImageOfPage":{"@id":"https:\/\/www.cdlinc.ca\/fr\/lexpertise-cdl-vos-projets-acericoles-de-a-a-z\/#primaryimage"},"image":{"@id":"https:\/\/www.cdlinc.ca\/fr\/lexpertise-cdl-vos-projets-acericoles-de-a-a-z\/#primaryimage"},"thumbnailUrl":"https:\/\/www.cdlinc.ca\/wp-content\/uploads\/2023\/06\/Capture-9-250x138.png","datePublished":"2023-06-14T14:05:50+00:00","dateModified":"2023-06-19T18:14:21+00:00","breadcrumb":{"@id":"https:\/\/www.cdlinc.ca\/fr\/lexpertise-cdl-vos-projets-acericoles-de-a-a-z\/#breadcrumb"},"inLanguage":"fr-FR","potentialAction":[{"@type":"ReadAction","target":["https:\/\/www.cdlinc.ca\/fr\/lexpertise-cdl-vos-projets-acericoles-de-a-a-z\/"]}]},{"@type":"ImageObject","inLanguage":"fr-FR","@id":"https:\/\/www.cdlinc.ca\/fr\/lexpertise-cdl-vos-projets-acericoles-de-a-a-z\/#primaryimage","url":"https:\/\/www.cdlinc.ca\/wp-content\/uploads\/2023\/06\/Capture-9-250x138.png","contentUrl":"https:\/\/www.cdlinc.ca\/wp-content\/uploads\/2023\/06\/Capture-9-250x138.png"},{"@type":"BreadcrumbList","@id":"https:\/\/www.cdlinc.ca\/fr\/lexpertise-cdl-vos-projets-acericoles-de-a-a-z\/#breadcrumb","itemListElement":[{"@type":"ListItem","position":1,"name":"Home","item":"https:\/\/www.cdlinc.ca\/fr\/"},{"@type":"ListItem","position":2,"name":"Vos projets ac\u00e9ricoles de A \u00e0 Z"}]},{"@type":"WebSite","@id":"https:\/\/www.cdlinc.ca\/fr\/#website","url":"https:\/\/www.cdlinc.ca\/fr\/","name":"Les \u00e9quipements d&#039;\u00e9rabli\u00e8re CDL","description":"L&#039;ac\u00e9riculture c&#039;est votre passion... Nous aussi.","potentialAction":[{"@type":"SearchAction","target":{"@type":"EntryPoint","urlTemplate":"https:\/\/www.cdlinc.ca\/fr\/?s={search_term_string}"},"query-input":{"@type":"PropertyValueSpecification","valueRequired":true,"valueName":"search_term_string"}}],"inLanguage":"fr-FR"}]}},"_links":{"self":[{"href":"https:\/\/www.cdlinc.ca\/fr\/wp-json\/wp\/v2\/pages\/9576","targetHints":{"allow":["GET"]}}],"collection":[{"href":"https:\/\/www.cdlinc.ca\/fr\/wp-json\/wp\/v2\/pages"}],"about":[{"href":"https:\/\/www.cdlinc.ca\/fr\/wp-json\/wp\/v2\/types\/page"}],"author":[{"embeddable":true,"href":"https:\/\/www.cdlinc.ca\/fr\/wp-json\/wp\/v2\/users\/15"}],"replies":[{"embeddable":true,"href":"https:\/\/www.cdlinc.ca\/fr\/wp-json\/wp\/v2\/comments?post=9576"}],"version-history":[{"count":7,"href":"https:\/\/www.cdlinc.ca\/fr\/wp-json\/wp\/v2\/pages\/9576\/revisions"}],"predecessor-version":[{"id":10858,"href":"https:\/\/www.cdlinc.ca\/fr\/wp-json\/wp\/v2\/pages\/9576\/revisions\/10858"}],"wp:attachment":[{"href":"https:\/\/www.cdlinc.ca\/fr\/wp-json\/wp\/v2\/media?parent=9576"}],"curies":[{"name":"wp","href":"https:\/\/api.w.org\/{rel}","templated":true}]}}