{"id":9130,"date":"2023-05-30T15:55:54","date_gmt":"2023-05-30T19:55:54","guid":{"rendered":"https:\/\/www.cdlinc.ca\/?page_id=9130"},"modified":"2023-06-08T13:57:02","modified_gmt":"2023-06-08T17:57:02","slug":"livraison","status":"publish","type":"page","link":"https:\/\/www.cdlinc.ca\/fr\/livraison\/","title":{"rendered":"Politique de livraison corporative"},"content":{"rendered":"\n<div class=\"wp-block-image\"><figure class=\"aligncenter size-full\"><img loading=\"lazy\" decoding=\"async\" width=\"2560\" height=\"1054\" src=\"https:\/\/www.cdlinc.ca\/wp-content\/uploads\/2023\/05\/livraison-scaled.jpg\" alt=\"\" class=\"wp-image-9141\" srcset=\"https:\/\/www.cdlinc.ca\/wp-content\/uploads\/2023\/05\/livraison-scaled.jpg 2560w, https:\/\/www.cdlinc.ca\/wp-content\/uploads\/2023\/05\/livraison-250x103.jpg 250w, https:\/\/www.cdlinc.ca\/wp-content\/uploads\/2023\/05\/livraison-700x288.jpg 700w, https:\/\/www.cdlinc.ca\/wp-content\/uploads\/2023\/05\/livraison-768x316.jpg 768w, https:\/\/www.cdlinc.ca\/wp-content\/uploads\/2023\/05\/livraison-1536x632.jpg 1536w, https:\/\/www.cdlinc.ca\/wp-content\/uploads\/2023\/05\/livraison-2048x843.jpg 2048w, https:\/\/www.cdlinc.ca\/wp-content\/uploads\/2023\/05\/livraison-310x128.jpg 310w, https:\/\/www.cdlinc.ca\/wp-content\/uploads\/2023\/05\/livraison-120x49.jpg 120w\" sizes=\"auto, (max-width: 2560px) 100vw, 2560px\" \/><\/figure><\/div>\n\n\n\n<div style=\"height:30px\" aria-hidden=\"true\" class=\"wp-block-spacer\"><\/div>\n\n\n\n<p class=\"has-large-font-size\"><strong>Tarification de livraison<\/strong><\/p>\n\n\n\n<div style=\"height:30px\" aria-hidden=\"true\" class=\"wp-block-spacer\"><\/div>\n\n\n\n<ul class=\"has-black-color has-text-color wp-block-list\" style=\"font-size:18px\"><li>0 \u00e0 80 km : 75$ \/ Livraison \/ Par client (Drop)<\/li><li>81 \u00e0 150 km : 150$ \/ Livraison \/ Par client (Drop)<\/li><li>151 \u00e0 300 km : 300$ \/ Livraison \/ Par client (Drop)<\/li><li>301 km et plus : Cas par cas<\/li><\/ul>\n\n\n\n<div style=\"height:60px\" aria-hidden=\"true\" class=\"wp-block-spacer\"><\/div>\n\n\n\n<p class=\"has-large-font-size\"><strong>Livraison gratuite<\/strong><\/p>\n\n\n\n<div style=\"height:30px\" aria-hidden=\"true\" class=\"wp-block-spacer\"><\/div>\n\n\n\n<ul class=\"has-black-color has-text-color wp-block-list\" style=\"font-size:18px\"><li>Jusqu\u2019au magasin r\u00e9gional CDL le plus proche.<\/li><li>Si le montant de la facture livr\u00e9e est \u00e9gal ou sup\u00e9rieur \u00e0 25 000$ avant taxes.<br>*Applicable seulement sur les produits de tubulures et accessoires<\/li><li>Si l\u2019item se retrouve dans la liste ci-dessous :<br>\u2022 Osmose 4 poteaux et plus<br>\u2022 Osmose automatis\u00e9e<br>\u2022 Poteau 16\u2019\u2019<br>\u2022 R\u00e9servoir 4 x 12 x 4 et plus grand<br>\u2022 Panne \u00e0 eau 3-1\/2\u2019 de large et plus grand<br>\u2022 \u00c9vaporateurs conventionnels 2-1\/2\u2019 x 8\u2019 et plus grand<br>\u2022 \u00c9vaporateurs (Intens-O-Fire, Chinook, Huile, etc.)<\/li><\/ul>\n\n\n\n<div style=\"height:60px\" aria-hidden=\"true\" class=\"wp-block-spacer\"><\/div>\n\n\n\n<p>*Pour la livraison d\u2019un \u00e9quipement qui n\u2019est pas dans la liste ci-dessus, la m\u00eame tarification s\u2019applique.<br>*Frais de livraison applicable pour petit colis par Dicom ou Purolator : minimum de 14.00$ par envoi.<\/p>\n","protected":false},"excerpt":{"rendered":"Tarification de livraison 0 \u00e0 80 km : 75$ \/ Livraison \/ Par client (Drop) 81 \u00e0 150 km : 150$ \/ Livraison \/ Par client (Drop) 151 \u00e0 300 km : 300$ \/ Livraison \/ Par client (Drop) 301 km et plus : Cas par cas Livraison gratuite Jusqu\u2019au magasin r\u00e9gional CDL le plus [&hellip;]","protected":false},"author":10,"featured_media":0,"parent":0,"menu_order":0,"comment_status":"closed","ping_status":"closed","template":"","meta":{"_acf_changed":false,"footnotes":""},"class_list":["post-9130","page","type-page","status-publish","hentry"],"acf":[],"yoast_head":"<!-- This site is optimized with the Yoast SEO plugin v25.2 - https:\/\/yoast.com\/wordpress\/plugins\/seo\/ -->\n<title>Politique de livraison corporative<\/title>\n<meta name=\"robots\" content=\"index, follow, max-snippet:-1, max-image-preview:large, max-video-preview:-1\" \/>\n<link rel=\"canonical\" href=\"https:\/\/www.cdlinc.ca\/fr\/livraison\/\" \/>\n<meta property=\"og:locale\" content=\"fr_FR\" \/>\n<meta property=\"og:type\" content=\"article\" \/>\n<meta property=\"og:title\" content=\"Politique de livraison corporative\" \/>\n<meta property=\"og:description\" content=\"Tarification de livraison 0 \u00e0 80 km : 75$ \/ Livraison \/ Par client (Drop) 81 \u00e0 150 km : 150$ \/ Livraison \/ Par client (Drop) 151 \u00e0 300 km : 300$ \/ Livraison \/ Par client (Drop) 301 km et plus : Cas par cas Livraison gratuite Jusqu\u2019au magasin r\u00e9gional CDL le plus [&hellip;]\" \/>\n<meta property=\"og:url\" content=\"https:\/\/www.cdlinc.ca\/fr\/livraison\/\" \/>\n<meta property=\"og:site_name\" content=\"Les \u00e9quipements d&#039;\u00e9rabli\u00e8re CDL\" \/>\n<meta property=\"article:modified_time\" content=\"2023-06-08T17:57:02+00:00\" \/>\n<meta property=\"og:image\" content=\"https:\/\/www.cdlinc.ca\/wp-content\/uploads\/2023\/05\/livraison-scaled.jpg\" \/>\n<meta name=\"twitter:card\" content=\"summary_large_image\" \/>\n<meta name=\"twitter:label1\" content=\"Dur\u00e9e de lecture estim\u00e9e\" \/>\n\t<meta name=\"twitter:data1\" content=\"1 minute\" \/>\n<script type=\"application\/ld+json\" class=\"yoast-schema-graph\">{\"@context\":\"https:\/\/schema.org\",\"@graph\":[{\"@type\":\"WebPage\",\"@id\":\"https:\/\/www.cdlinc.ca\/fr\/livraison\/\",\"url\":\"https:\/\/www.cdlinc.ca\/fr\/livraison\/\",\"name\":\"Politique de livraison corporative\",\"isPartOf\":{\"@id\":\"https:\/\/www.cdlinc.ca\/fr\/#website\"},\"primaryImageOfPage\":{\"@id\":\"https:\/\/www.cdlinc.ca\/fr\/livraison\/#primaryimage\"},\"image\":{\"@id\":\"https:\/\/www.cdlinc.ca\/fr\/livraison\/#primaryimage\"},\"thumbnailUrl\":\"https:\/\/www.cdlinc.ca\/wp-content\/uploads\/2023\/05\/livraison-scaled.jpg\",\"datePublished\":\"2023-05-30T19:55:54+00:00\",\"dateModified\":\"2023-06-08T17:57:02+00:00\",\"breadcrumb\":{\"@id\":\"https:\/\/www.cdlinc.ca\/fr\/livraison\/#breadcrumb\"},\"inLanguage\":\"fr-FR\",\"potentialAction\":[{\"@type\":\"ReadAction\",\"target\":[\"https:\/\/www.cdlinc.ca\/fr\/livraison\/\"]}]},{\"@type\":\"ImageObject\",\"inLanguage\":\"fr-FR\",\"@id\":\"https:\/\/www.cdlinc.ca\/fr\/livraison\/#primaryimage\",\"url\":\"https:\/\/www.cdlinc.ca\/wp-content\/uploads\/2023\/05\/livraison-scaled.jpg\",\"contentUrl\":\"https:\/\/www.cdlinc.ca\/wp-content\/uploads\/2023\/05\/livraison-scaled.jpg\"},{\"@type\":\"BreadcrumbList\",\"@id\":\"https:\/\/www.cdlinc.ca\/fr\/livraison\/#breadcrumb\",\"itemListElement\":[{\"@type\":\"ListItem\",\"position\":1,\"name\":\"Home\",\"item\":\"https:\/\/www.cdlinc.ca\/fr\/\"},{\"@type\":\"ListItem\",\"position\":2,\"name\":\"Politique de livraison corporative\"}]},{\"@type\":\"WebSite\",\"@id\":\"https:\/\/www.cdlinc.ca\/fr\/#website\",\"url\":\"https:\/\/www.cdlinc.ca\/fr\/\",\"name\":\"Les \u00e9quipements d&#039;\u00e9rabli\u00e8re CDL\",\"description\":\"L&#039;ac\u00e9riculture c&#039;est votre passion... Nous aussi.\",\"potentialAction\":[{\"@type\":\"SearchAction\",\"target\":{\"@type\":\"EntryPoint\",\"urlTemplate\":\"https:\/\/www.cdlinc.ca\/fr\/?s={search_term_string}\"},\"query-input\":{\"@type\":\"PropertyValueSpecification\",\"valueRequired\":true,\"valueName\":\"search_term_string\"}}],\"inLanguage\":\"fr-FR\"}]}<\/script>\n<!-- \/ Yoast SEO plugin. -->","yoast_head_json":{"title":"Politique de livraison corporative","robots":{"index":"index","follow":"follow","max-snippet":"max-snippet:-1","max-image-preview":"max-image-preview:large","max-video-preview":"max-video-preview:-1"},"canonical":"https:\/\/www.cdlinc.ca\/fr\/livraison\/","og_locale":"fr_FR","og_type":"article","og_title":"Politique de livraison corporative","og_description":"Tarification de livraison 0 \u00e0 80 km : 75$ \/ Livraison \/ Par client (Drop) 81 \u00e0 150 km : 150$ \/ Livraison \/ Par client (Drop) 151 \u00e0 300 km : 300$ \/ Livraison \/ Par client (Drop) 301 km et plus : Cas par cas Livraison gratuite Jusqu\u2019au magasin r\u00e9gional CDL le plus [&hellip;]","og_url":"https:\/\/www.cdlinc.ca\/fr\/livraison\/","og_site_name":"Les \u00e9quipements d&#039;\u00e9rabli\u00e8re CDL","article_modified_time":"2023-06-08T17:57:02+00:00","og_image":[{"url":"https:\/\/www.cdlinc.ca\/wp-content\/uploads\/2023\/05\/livraison-scaled.jpg","type":"","width":"","height":""}],"twitter_card":"summary_large_image","twitter_misc":{"Dur\u00e9e de lecture estim\u00e9e":"1 minute"},"schema":{"@context":"https:\/\/schema.org","@graph":[{"@type":"WebPage","@id":"https:\/\/www.cdlinc.ca\/fr\/livraison\/","url":"https:\/\/www.cdlinc.ca\/fr\/livraison\/","name":"Politique de livraison corporative","isPartOf":{"@id":"https:\/\/www.cdlinc.ca\/fr\/#website"},"primaryImageOfPage":{"@id":"https:\/\/www.cdlinc.ca\/fr\/livraison\/#primaryimage"},"image":{"@id":"https:\/\/www.cdlinc.ca\/fr\/livraison\/#primaryimage"},"thumbnailUrl":"https:\/\/www.cdlinc.ca\/wp-content\/uploads\/2023\/05\/livraison-scaled.jpg","datePublished":"2023-05-30T19:55:54+00:00","dateModified":"2023-06-08T17:57:02+00:00","breadcrumb":{"@id":"https:\/\/www.cdlinc.ca\/fr\/livraison\/#breadcrumb"},"inLanguage":"fr-FR","potentialAction":[{"@type":"ReadAction","target":["https:\/\/www.cdlinc.ca\/fr\/livraison\/"]}]},{"@type":"ImageObject","inLanguage":"fr-FR","@id":"https:\/\/www.cdlinc.ca\/fr\/livraison\/#primaryimage","url":"https:\/\/www.cdlinc.ca\/wp-content\/uploads\/2023\/05\/livraison-scaled.jpg","contentUrl":"https:\/\/www.cdlinc.ca\/wp-content\/uploads\/2023\/05\/livraison-scaled.jpg"},{"@type":"BreadcrumbList","@id":"https:\/\/www.cdlinc.ca\/fr\/livraison\/#breadcrumb","itemListElement":[{"@type":"ListItem","position":1,"name":"Home","item":"https:\/\/www.cdlinc.ca\/fr\/"},{"@type":"ListItem","position":2,"name":"Politique de livraison corporative"}]},{"@type":"WebSite","@id":"https:\/\/www.cdlinc.ca\/fr\/#website","url":"https:\/\/www.cdlinc.ca\/fr\/","name":"Les \u00e9quipements d&#039;\u00e9rabli\u00e8re CDL","description":"L&#039;ac\u00e9riculture c&#039;est votre passion... Nous aussi.","potentialAction":[{"@type":"SearchAction","target":{"@type":"EntryPoint","urlTemplate":"https:\/\/www.cdlinc.ca\/fr\/?s={search_term_string}"},"query-input":{"@type":"PropertyValueSpecification","valueRequired":true,"valueName":"search_term_string"}}],"inLanguage":"fr-FR"}]}},"_links":{"self":[{"href":"https:\/\/www.cdlinc.ca\/fr\/wp-json\/wp\/v2\/pages\/9130","targetHints":{"allow":["GET"]}}],"collection":[{"href":"https:\/\/www.cdlinc.ca\/fr\/wp-json\/wp\/v2\/pages"}],"about":[{"href":"https:\/\/www.cdlinc.ca\/fr\/wp-json\/wp\/v2\/types\/page"}],"author":[{"embeddable":true,"href":"https:\/\/www.cdlinc.ca\/fr\/wp-json\/wp\/v2\/users\/10"}],"replies":[{"embeddable":true,"href":"https:\/\/www.cdlinc.ca\/fr\/wp-json\/wp\/v2\/comments?post=9130"}],"version-history":[{"count":11,"href":"https:\/\/www.cdlinc.ca\/fr\/wp-json\/wp\/v2\/pages\/9130\/revisions"}],"predecessor-version":[{"id":9546,"href":"https:\/\/www.cdlinc.ca\/fr\/wp-json\/wp\/v2\/pages\/9130\/revisions\/9546"}],"wp:attachment":[{"href":"https:\/\/www.cdlinc.ca\/fr\/wp-json\/wp\/v2\/media?parent=9130"}],"curies":[{"name":"wp","href":"https:\/\/api.w.org\/{rel}","templated":true}]}}