{"id":9,"date":"2017-04-12T14:32:00","date_gmt":"2017-04-12T13:32:00","guid":{"rendered":"https:\/\/www.cdlinc.ca\/?page_id=9"},"modified":"2026-04-07T16:21:13","modified_gmt":"2026-04-07T20:21:13","slug":"manuels-de-lusager","status":"publish","type":"page","link":"https:\/\/www.cdlinc.ca\/fr\/manuels-de-lusager\/","title":{"rendered":"Manuels de l&rsquo;usager"},"content":{"rendered":"<p>Retrouvez en ligne les manuels de l&rsquo;usager de nos produits et \u00e9quipements.<\/p>\n<h3>ATAGO &#8211; LECTEUR DE BRIX EN CONTINU<\/h3>\n<p><a href=\"https:\/\/www.cdlinc.ca\/wp-content\/uploads\/2018\/05\/MAN-668421-MAN-FR-LECTEUR-DE-BRIX-REV00.pdf\">Lecteur de Brix en continu<\/a><\/p>\n<h3>\u00c9VAPORATEURS AU BOIS<\/h3>\n<p><a href=\"https:\/\/www.cdlinc.ca\/wp-content\/uploads\/2022\/05\/Evaporateur_Traditionnel.pdf\">Le traditionnel<\/a><\/p>\n<p><a href=\"https:\/\/acrobat.adobe.com\/link\/review?uri=urn:aaid:scds:US:8628ef2f-a221-3a10-a9e0-685c8176c21b\">Chinook<\/a><\/p>\n<p><a href=\"https:\/\/www.cdlinc.ca\/wp-content\/uploads\/2024\/06\/Manuel-Intens-O-Fire-Francais-juin-2024.pdf\">Intens-O-Fire 2 (haute efficacit\u00e9)<\/a><\/p>\n<p><a href=\"\/wp-content\/uploads\/2017\/05\/briquetage-2x4-econo-fran\u00e7ais-revis\u00e9-23-nov-2016.pdf\">Briquetage 2X4 \u00e9cono<\/a><\/p>\n<p><a href=\"https:\/\/www.cdlinc.ca\/wp-content\/uploads\/2019\/03\/Manuel-Briquetage-1.1-FR-Low.pdf\">Instructions de briquetage (Intens-O-Fire et Chinook)<\/a><\/p>\n<p><a href=\"https:\/\/www.cdlinc.ca\/wp-content\/uploads\/2022\/01\/Manuel_Evaporateur_Venturi.pdf\">Venturi<\/a><\/p>\n<p><a href=\"https:\/\/www.cdlinc.ca\/wp-content\/uploads\/2022\/01\/HobbyPro_manuel-1.pdf\">\u00c9vaporateur Hobby Pro<\/a><\/p>\n<p><a href=\"https:\/\/www.cdlinc.ca\/wp-content\/uploads\/2022\/02\/HobbyPro_manuel-version_acier.pdf\">\u00c9vaporateur Hobby Pro (mod\u00e8le en acier)<\/a><\/p>\n<p><a href=\"https:\/\/www.cdlinc.ca\/wp-content\/uploads\/2023\/11\/Manuel_HobbyPro2x4.pdf\">\u00c9vaporateur Hobby Pro 2&rsquo;x4&prime;<\/a><\/p>\n<h3>\u00c9VAPORATEURS AUX GRANULES &amp; COPEAUX DE BOIS<\/h3>\n<p><a href=\"https:\/\/www.cdlinc.ca\/wp-content\/uploads\/2017\/04\/Manuel-Master_granules_-V2.pdf\">Master<\/a><\/p>\n<p><a href=\"\/wp-content\/uploads\/2017\/05\/manuel-sirocco-2013-02-22.pdf\">Sirocco<\/a><\/p>\n<p><a href=\"https:\/\/www.cdlinc.ca\/wp-content\/uploads\/2025\/07\/MAN-67RA550001-MAN-FR-ALIMEMTATEUR-COPEAUX-REV00.pdf\">Alimentateur de copeaux<\/a><\/p>\n<h3>\u00c9VAPORATEURS \u00c0\u00a0L&rsquo;HUILE<\/h3>\n<p><a href=\"https:\/\/www.cdlinc.ca\/wp-content\/uploads\/2020\/08\/E\u0301vaporateur-a\u0300-lhuile-deluxe.pdf\">Le conventionnel Deluxe<\/a><\/p>\n<p><a href=\"https:\/\/www.cdlinc.ca\/wp-content\/uploads\/2024\/10\/MAN-670ZZZZD-MAN-FR-EVAPORATEUR-DELUXE-REV00.pdf\">\u00c9vaporateur Deluxe 2025<\/a><\/p>\n<p><a href=\"\/wp-content\/uploads\/2017\/05\/x-owners-manual-tornado.pdf\">Tornade (Anglais seulement)<\/a><\/p>\n<h3>ACCESSOIRES POUR \u00c9VAPORATEURS<\/h3>\n<p><a href=\"https:\/\/www.cdlinc.ca\/wp-content\/uploads\/2020\/07\/Manuel_Fumoir_Evap-O-Grill.pdf\" target=\"_blank\" rel=\"noopener noreferrer\">Fumoir pour Evap-O-Grill<\/a><\/p>\n<p><a href=\"https:\/\/www.cdlinc.ca\/wp-content\/uploads\/2026\/04\/MAN-602300A-MAN-FR-ENSEMBLE-MAGNEHELIC-UNIVERSEL-REV01.pdf\">Ensemble Magnehelic Universel<\/a><\/p>\n<h3>CONCENTRATEURS<\/h3>\n<p><a href=\"https:\/\/www.cdlinc.ca\/wp-content\/uploads\/2019\/01\/Manuel-81050_R\u00c9V_03192019.pdf\">Manuel de l&rsquo;usager Mini osmose Hobby CDL 81050<br \/>\n<\/a><a href=\"https:\/\/www.cdlinc.ca\/wp-content\/uploads\/2019\/03\/Fiche-dop\u00e9ration-81050.pdf\">Fiche d&rsquo;op\u00e9ration Mini osmose Hobby CDL 81050\u00a0<\/a><a href=\"https:\/\/www.cdlinc.ca\/wp-content\/uploads\/2019\/01\/Manuel-81050_R\u00c9V_03192019.pdf\"><br \/>\n<\/a><\/p>\n<p><a href=\"https:\/\/www.cdlinc.ca\/wp-content\/uploads\/2020\/06\/Manuel-81125-81250.pdf\" target=\"_blank\" rel=\"noopener noreferrer\">Osmose Hobby CDL\u00a081125-81250<br \/>\n<\/a><a href=\"https:\/\/www.cdlinc.ca\/wp-content\/uploads\/2018\/09\/Fiche-dop\u00e9ration-81125-81250.pdf\">Fiche d&rsquo;op\u00e9ration Osmose Hobby CDL 81125-81250<\/a><\/p>\n<p><a href=\"https:\/\/www.cdlinc.ca\/wp-content\/uploads\/2024\/10\/MAN-81350V-240-MAN-FR-HOBBY-350G-REV00.pdf\">Osmose Hobby CDL 81350V-240<\/a><\/p>\n<p><a href=\"https:\/\/www.cdlinc.ca\/wp-content\/uploads\/2024\/04\/manuel_utilisateur-hobby-OSMOSE.pdf\">Osmose Hobby CDL Horizontal<\/a><\/p>\n<p><a href=\"\/wp-content\/uploads\/2017\/05\/osmose-la-fendeuse-proc\u00e9dures-ouverture-et-fermeture-26-janvier-2016-word-2016-bb-1.pdf\">Proc\u00e9dure ouverture et fermeture osmose la fendeuse<\/a><\/p>\n<p><a href=\"\/wp-content\/uploads\/2018\/09\/lavage-osmose-savon-acide-oxisan-le-1-mai-2018.pdf\">Lavage osmose savon-acide-oxisan<\/a><\/p>\n<p><a href=\"https:\/\/www.cdlinc.ca\/wp-content\/uploads\/2018\/09\/manuel-du-concentrateur-fendeuse.pdf\">Concentrateur par osmose invers\u00e9e la fendeuse<\/a><\/p>\n<p><a href=\"https:\/\/www.cdlinc.ca\/wp-content\/uploads\/2021\/06\/Nano-RO_manuel2.pdf\">Concentrateur par osmose invers\u00e9e NANO RO<\/a><\/p>\n<p><a href=\"https:\/\/www.cdlinc.ca\/wp-content\/uploads\/2025\/02\/MAN-81018-MAN-FR-CONCENTRATEUR-NANO-RO-REV00.pdf\">Concentrateur par osmose invers\u00e9e NANO RO 2025<\/a><\/p>\n<p><a href=\"https:\/\/www.cdlinc.ca\/wp-content\/uploads\/2025\/11\/MAN-81018-MAN-FR-CONCENTRATEUR-NANO-RO-REV2.2.pdf\">Concentrateur par osmose invers\u00e9e NANO RO 2026<\/a><\/p>\n<p><a href=\"https:\/\/www.cdlinc.ca\/wp-content\/uploads\/2023\/10\/Manuel-FR_Nano-RO-MAX.pdf\">Concentrateur par osmose invers\u00e9e NANO RO MAX<\/a><\/p>\n<p><a href=\"https:\/\/www.cdlinc.ca\/wp-content\/uploads\/2025\/02\/MAN-81015-MAN-FR-NANO-RO-MAX-REV01.pdf\">Concentrateur par osmose invers\u00e9e NANO RO MAX 2025<\/a><\/p>\n<p><a href=\"https:\/\/www.cdlinc.ca\/wp-content\/uploads\/2021\/03\/Procedure-RKC-CB500-FR.pdf\">Proc\u00e9dure r\u00e9glage unit\u00e9 de temp\u00e9rature (RKC-CB500)<\/a><\/p>\n<p><a href=\"https:\/\/www.cdlinc.ca\/wp-content\/uploads\/2021\/06\/Instructions-lavage-des-membranes.pdf\">Informations importantes sur le lavage des membranes<\/a><\/p>\n<p><a href=\"https:\/\/www.cdlinc.ca\/wp-content\/uploads\/2025\/10\/MAN-66FBX-MAN-FR-FILTRE-A-BILLES-DE-VERRE-REV01.pdf\">Filtre \u00e0 billes de verre<\/a><\/p>\n<h3>D\u00c9BITM\u00c8TRES CDL<\/h3>\n<p><a href=\"https:\/\/www.cdlinc.ca\/wp-content\/uploads\/2021\/01\/manuel_debitmetre_cdl_ultrasonique_fr.pdf\">D\u00e9bitm\u00e8tre Ultrasonique CDL<\/a><\/p>\n<p><a href=\"https:\/\/www.cdlinc.ca\/wp-content\/uploads\/2024\/12\/MAN-210ZZ0-MAN-FR-DEBIMETRE-A-ROTOR-REV00.pdf\">D\u00e9bitm\u00e8tre \u00e0 rotor CDL<\/a><\/p>\n<h3>\u00c9QUIPEMENTS DE TRANSFORMATION<\/h3>\n<p><a href=\"https:\/\/www.cdlinc.ca\/wp-content\/uploads\/2025\/04\/MAN-6601043AS-MAN-FR-MELANGEUR-DYNAMIQUE-REV00.pdf\">M\u00e9langeur Dynamique<\/a><\/p>\n<p><a href=\"https:\/\/www.cdlinc.ca\/wp-content\/uploads\/2025\/03\/MAN-67RI-MAN-FR-RESERVOIR-ISOLE-REV00.pdf\">R\u00e9servoir Isol\u00e9 avec agitateur<\/a><\/p>\n<p><a href=\"\/wp-content\/uploads\/2017\/05\/manuel_bain_marie.pdf\">Bain-marie<\/a><\/p>\n<p><a href=\"\/wp-content\/uploads\/2017\/05\/manual-tank-of-the-future.pdf\">Siroptier de l&rsquo;avenir (Anglais seulement)<\/a><\/p>\n<p><a href=\"\/wp-content\/uploads\/2017\/05\/manuel-machine-brasseur\u00e0-sucre_fr.pdf\">Brasseur \u00e0 sucre d&rsquo;\u00e9rable<\/a><\/p>\n<p><a href=\"https:\/\/www.cdlinc.ca\/wp-content\/uploads\/2026\/02\/MAN-66882X-MAN-FR-BRASSEUR-A-BEURRE-REV02.pdf\">Brasseur \u00e0 beurre d&rsquo;\u00e9rable<\/a><\/p>\n<p><a href=\"\/wp-content\/uploads\/2017\/05\/manuel-dinstruction-r\u00e9fractom\u00e8tre-digita-mismo.pdf\">R\u00e9fractom\u00e8tre digital MISCO<\/a><\/p>\n<p><a href=\"https:\/\/www.cdlinc.ca\/wp-content\/uploads\/2018\/09\/calibration-refractometre-45-82-sirop-EIRS4582C-FR.pdf\">Calibration pour r\u00e9fractom\u00e8tre \u00e0 sirop de 45 \u00e0 82 brix<\/a><\/p>\n<p><a href=\"https:\/\/www.cdlinc.ca\/wp-content\/uploads\/2025\/08\/MAN-66777-MAN-FR-SERTISSEUSE-MASTER-MANUELLE-REV01.pdf\">Sertisseuse Master Manuelle<\/a><\/p>\n<p><a href=\"https:\/\/www.cdlinc.ca\/wp-content\/uploads\/2025\/08\/MAN-66824-MAN-FR-SERTISSEUSE-MASTER-AUTOMATIQUE-REV01.pdf\">Sertisseuse Master Automatique<\/a><\/p>\n<h3>PRESSES \u00c0 FILTRE<\/h3>\n<p><a href=\"https:\/\/www.cdlinc.ca\/wp-content\/uploads\/2022\/02\/Manuel-de-lusager_Presse-sirop.pdf\">Presses 7&Prime;-10&Prime;-20&Prime;<\/a><\/p>\n<p><a href=\"https:\/\/www.cdlinc.ca\/wp-content\/uploads\/2022\/02\/Presse-a-sirop-CDLWESFAB.pdf\" target=\"_blank\" rel=\"noopener noreferrer\">Presses CDLWESFAB\u00a07&Prime;-10&Prime;-20&Prime;<\/a><\/p>\n<p><a href=\"\/wp-content\/uploads\/2017\/05\/manuel-de-lusager-presse-\u00e0-sirop-autonettoyante.pdf\">Presse JET autonettoyante<\/a><\/p>\n<p><a href=\"https:\/\/www.cdlinc.ca\/wp-content\/uploads\/2021\/09\/Manuel-Presse-Vacuum.pdf\">Presse vacuum<\/a><\/p>\n<h3>THERMOR\u00c9GULATEUR ET PROTECT-O<\/h3>\n<p><a href=\"https:\/\/www.cdlinc.ca\/wp-content\/uploads\/2020\/03\/Controle_Modulant-CDL.pdf\" target=\"_blank\" rel=\"noopener noreferrer\">Contr\u00f4le de niveau motoris\u00e9 modulant\u00a0CDL<\/a><\/p>\n<p><a href=\"\/wp-content\/uploads\/2017\/05\/manuel-thermomodulant.pdf\">Thermor\u00e9gulateur CDL<\/a><\/p>\n<p><a href=\"https:\/\/www.cdlinc.ca\/wp-content\/uploads\/2018\/10\/Proc\u00e9dure-thermor\u00e9gulateur-num\u00e9rique-66786-06-09-2018.pdf\"><span class=\"Apple-converted-space\">Proc\u00e9dure d&rsquo;op\u00e9ration pour thermor\u00e9gulateur num\u00e9rique CDL 66786<\/span><\/a><\/p>\n<p><a href=\"\/wp-content\/uploads\/2017\/05\/feuille-instruction-protect-o.pdf\">Protect-O<\/a><\/p>\n<h3>INSTRUMENTS DE MESURE<\/h3>\n<p><a href=\"https:\/\/www.cdlinc.ca\/wp-content\/uploads\/2018\/09\/Manuel-doseur-antimousse-CDL-FR-V1.0.pdf\">Doseur antimousse<\/a><\/p>\n<h3>OUTILS<\/h3>\n<p><a href=\"\/wp-content\/uploads\/2017\/05\/manuel-d\u00e9tecteur-fuite.pdf\">D\u00e9tecteur de fuites<\/a><\/p>\n<p><a href=\"\/wp-content\/uploads\/2017\/05\/precision-tapper-frang.pdf\">Per\u00e7euse de pr\u00e9cision<\/a><\/p>\n<h3>POMPES<\/h3>\n<p><a href=\"\/wp-content\/uploads\/2017\/05\/pompe-\u00e0-baril-air-en-acier-inoxydable-fr.pdf\">Pompe \u00e0 baril<\/a><\/p>\n<p><a href=\"https:\/\/www.cdlinc.ca\/wp-content\/uploads\/2023\/03\/Guzzler_pump_installation.pdf\">Installation pompe Guzzler<\/a><\/p>\n<p><a href=\"https:\/\/www.cdlinc.ca\/wp-content\/uploads\/2021\/09\/Boite-de-protection-pour-pompe-a-eau.pdf\">Bo\u00eete de protection pour pompe\u00a0\u00e0 eau (refoulement)<\/a><\/p>\n<h3>EXTRACTEURS<\/h3>\n<p><a href=\"https:\/\/www.cdlinc.ca\/wp-content\/uploads\/2019\/02\/Manuel-Gicleur-autonettoyant-extracteur-72000200-V1.1-FR.pdf\">Manuel d&rsquo;installation pour ensemble gicleur autonettoyant pour extracteur<\/a><\/p>\n<p><a href=\"https:\/\/www.cdlinc.ca\/wp-content\/uploads\/2026\/02\/MAN-72000201-MAN-FR-EXTRACTEURS-PRE-PERCES-ENSEMBLE-GICLEUR-AUTONETTOYANT-REV00.pdf\">Gicleur autonettoyant pour extracteur<\/a><\/p>\n<p><a href=\"\/wp-content\/uploads\/2017\/05\/manuel-extr.elec_.pdf\">Extracteurs \u00e9lectriques<\/a><\/p>\n<p><a href=\"\/wp-content\/uploads\/2017\/05\/manuel-mec-relacheur.pdf\">Extracteurs m\u00e9caniques<\/a><\/p>\n<p><a href=\"https:\/\/www.cdlinc.ca\/wp-content\/uploads\/2021\/09\/Manuel-Valve-protection-vacuum.pdf\">Valve de protection de vacuum<\/a><\/p>\n<p><a href=\"https:\/\/www.cdlinc.ca\/wp-content\/uploads\/2024\/11\/MAN-668411-2.0-MAN-FR-VALVE-PROTECTION-VACUUM-2.0-REV00.pdf\">Valve de protection de vacuum 2.0<\/a><\/p>\n<p><a href=\"https:\/\/www.cdlinc.ca\/wp-content\/uploads\/2020\/09\/Extracteur-submersible.pdf\">Extracteurs submersibles<\/a><\/p>\n<p><a href=\"https:\/\/www.cdlinc.ca\/wp-content\/uploads\/2024\/10\/MAN-72000202-MAN-FR-INSTALLATION-LED-EXTRACTEUR-REV00.pdf\">Lumi\u00e8re LED extracteur<\/a><\/p>\n<h3>R\u00c9SERVOIRS DE TRANSFERT ET MONTE-EAU<\/h3>\n<p><a href=\"https:\/\/www.cdlinc.ca\/wp-content\/uploads\/2024\/12\/MAN-738000X-MAN-FR-ELEVATEUR-DE-SEVE-HAUT-VACUUM-CDL-REV01.pdf\">\u00c9l\u00e9vateur de s\u00e8ve Haut Vacuum CDL<\/a><\/p>\n<p><a href=\"https:\/\/www.cdlinc.ca\/wp-content\/uploads\/2019\/03\/Manuel-Monte-Eau-V1.1-FR.pdf\">Monte-eau<\/a><\/p>\n<h3>R\u00c9SERVOIRS<\/h3>\n<p><a href=\"https:\/\/www.cdlinc.ca\/wp-content\/uploads\/2025\/07\/MAN-679600-MAN-FR-SILO-REV00.pdf\">Silo<\/a><\/p>\n<p><a href=\"https:\/\/www.cdlinc.ca\/wp-content\/uploads\/2025\/07\/MAN-66TR000-MAN-FR-RESERVOIR-DE-TRANSPORT-REV00.pdf\">R\u00e9servoir de transport<\/a><\/p>\n<h3>POMPES VACUUM ET ACCESSOIRES<\/h3>\n<p><a href=\"https:\/\/www.cdlinc.ca\/wp-content\/uploads\/2023\/01\/MAN-58ZZZGXHP-MAN-FR-POMPES-VACUUM-CDL-REV00.pdf\" target=\"_blank\" rel=\"noopener noreferrer\">Pompes\u00a0vacuum CDL<\/a><\/p>\n<p><a href=\"\/wp-content\/uploads\/2017\/05\/manuel-dutilisateur-airtech-vacuum-s\u00e9ries-l.pdf\">Pompes Airtech s\u00e9rie L<\/a><\/p>\n<p><a href=\"\/wp-content\/uploads\/2017\/05\/3av-pompe-\u00e0-anneau-liquide-instructions-de-r\u00e9paration-f\u00e9v-2017.pdf\">Pompes Airtech anneau liquide<\/a><\/p>\n<p><a href=\"\/wp-content\/uploads\/2017\/05\/entretien-de-la-pompe-\u00e0-ailettes-de-airtech-s\u00e9rie-l-12-janvier-2017-bb-fr.docx.pdf\">Pompes Airtech s\u00e9rie L ENTRETIEN<\/a><\/p>\n<p><a href=\"\/wp-content\/uploads\/2017\/05\/sh\u00e9ma-dinstallation-pompe-haut-vaccum-fr.pdf\">Pompe Airtech s\u00e9rie L SH\u00c9MA D&rsquo;INSTALLATION<\/a><\/p>\n<p><a href=\"https:\/\/www.cdlinc.ca\/wp-content\/uploads\/2024\/12\/MAN-661640-MAN-FR-TABLE-AJUSTABLE-UNIVERSELLE-REV00.pdf\">Table ajustable universelle<\/a><\/p>\n<h3>\u00c9LECTROFUSION<\/h3>\n<p><a href=\"\/wp-content\/uploads\/2017\/05\/guide-electrofusion-francais-2016-fr.pdf\">Guide de formation pour l&rsquo;\u00e9lectrofusion<\/a><\/p>\n<h3>TRAPPE D&rsquo;HUMIDIT\u00c9<\/h3>\n<p><a href=\"\/wp-content\/uploads\/2017\/05\/TRAPPE-HUMIDITE.pdf\">Sh\u00e9ma trappe d&rsquo;humidit\u00e9<\/a><\/p>\n<h3>HANNAH<\/h3>\n<p><a href=\"\/wp-content\/uploads\/2017\/05\/proc\u00e9dure-de-calibration-du-hi-98108.pdf\">Proc\u00e9dure de calibration du HI 98108<\/a><\/p>\n<p><a href=\"\/wp-content\/uploads\/2017\/05\/manuel-dutilisation-hi-98127-hi-98128.pdf\">Manuel d&rsquo;utilisation HI 98127 &#8211; HI 98128<\/a><\/p>\n<p><a href=\"\/wp-content\/uploads\/2017\/05\/notice-dutilisation-hi-935005-francais.pdf\">Notice d&rsquo;utilisation HI 935005<\/a><\/p>\n<p><a href=\"\/wp-content\/uploads\/2017\/05\/manuel-dinstruction-9060-9061-619154-francais.pdf\">Manuel d&rsquo;instruction HI9060-HI9061-HI91541<\/a><\/p>\n<p><a href=\"\/wp-content\/uploads\/2017\/05\/proc\u00e9dure-danalyse-pour-le-hi-96759.pdf\">Proc\u00e9dure d&rsquo;analyse pour le HI 96759<\/a><\/p>\n<p><a href=\"\/wp-content\/uploads\/2017\/05\/dist-hi98300-1-2-3-4.pdf\">DIST HI98300-1-2-3-4<\/a><\/p>\n<p><a href=\"\/wp-content\/uploads\/2017\/05\/manuel-dinstructions-hi-98311-hi-98312.pdf\">Manuel d&rsquo;instructions HI 98311- HI 98312<\/a><\/p>\n<h3>R\u00c9FRACTOM\u00c8TRE DIGITAL MISCO<\/h3>\n<p><a href=\"\/wp-content\/uploads\/2017\/05\/manuel-dinstruction-r\u00e9fractom\u00e8tre-digita-mismo-1.pdf\">R\u00e9fractom\u00e8tre digital MISCO<\/a><\/p>\n<h3>SOUDEUSE SPINSEAL<\/h3>\n<p><a href=\"https:\/\/www.cdlinc.ca\/wp-content\/uploads\/2017\/04\/Manuel-SpinSeal-V1.7-FR.pdf\">Soudeuse SpinSeal<\/a><\/p>\n","protected":false},"excerpt":{"rendered":"Retrouvez en ligne les manuels de l&rsquo;usager de nos produits et \u00e9quipements. ATAGO &#8211; LECTEUR DE BRIX EN CONTINU Lecteur de Brix en continu \u00c9VAPORATEURS AU BOIS Le traditionnel Chinook Intens-O-Fire 2 (haute efficacit\u00e9) Briquetage 2X4 \u00e9cono Instructions de briquetage (Intens-O-Fire et Chinook) Venturi \u00c9vaporateur Hobby Pro \u00c9vaporateur Hobby Pro (mod\u00e8le en acier) \u00c9vaporateur Hobby [&hellip;]","protected":false},"author":1,"featured_media":0,"parent":0,"menu_order":0,"comment_status":"closed","ping_status":"closed","template":"","meta":{"_acf_changed":false,"footnotes":""},"class_list":["post-9","page","type-page","status-publish","hentry"],"acf":[],"yoast_head":"<!-- This site is optimized with the Yoast SEO plugin v25.2 - https:\/\/yoast.com\/wordpress\/plugins\/seo\/ -->\n<title>Manuels de l&#039;usager en ligne - \u00c9quipements d&#039;\u00c9rabli\u00e8re CDL<\/title>\n<meta name=\"description\" content=\"Retrouvez en ligne tous les manuels de l&#039;usager de nos produits. CDL, c&#039;est plus de 10 000 produits et \u00e9quipements de qualit\u00e9 pour votre \u00e9rabli\u00e8re.\" \/>\n<meta name=\"robots\" content=\"index, follow, max-snippet:-1, max-image-preview:large, max-video-preview:-1\" \/>\n<link rel=\"canonical\" href=\"https:\/\/www.cdlinc.ca\/fr\/manuels-de-lusager\/\" \/>\n<meta property=\"og:locale\" content=\"fr_FR\" \/>\n<meta property=\"og:type\" content=\"article\" \/>\n<meta property=\"og:title\" content=\"Manuels de l&#039;usager en ligne - \u00c9quipements d&#039;\u00c9rabli\u00e8re CDL\" \/>\n<meta property=\"og:description\" content=\"Retrouvez en ligne tous les manuels de l&#039;usager de nos produits. CDL, c&#039;est plus de 10 000 produits et \u00e9quipements de qualit\u00e9 pour votre \u00e9rabli\u00e8re.\" \/>\n<meta property=\"og:url\" content=\"https:\/\/www.cdlinc.ca\/fr\/manuels-de-lusager\/\" \/>\n<meta property=\"og:site_name\" content=\"Les \u00e9quipements d&#039;\u00e9rabli\u00e8re CDL\" \/>\n<meta property=\"article:modified_time\" content=\"2026-04-07T20:21:13+00:00\" \/>\n<meta property=\"og:image\" content=\"https:\/\/www.cdlinc.ca\/wp-content\/uploads\/2017\/04\/CDL_facebook_share_1200x630.jpg\" \/>\n<meta name=\"twitter:card\" content=\"summary_large_image\" \/>\n<meta name=\"twitter:label1\" content=\"Dur\u00e9e de lecture estim\u00e9e\" \/>\n\t<meta name=\"twitter:data1\" content=\"3 minutes\" \/>\n<script type=\"application\/ld+json\" class=\"yoast-schema-graph\">{\"@context\":\"https:\/\/schema.org\",\"@graph\":[{\"@type\":\"WebPage\",\"@id\":\"https:\/\/www.cdlinc.ca\/fr\/manuels-de-lusager\/\",\"url\":\"https:\/\/www.cdlinc.ca\/fr\/manuels-de-lusager\/\",\"name\":\"Manuels de l'usager en ligne - \u00c9quipements d'\u00c9rabli\u00e8re CDL\",\"isPartOf\":{\"@id\":\"https:\/\/www.cdlinc.ca\/fr\/#website\"},\"datePublished\":\"2017-04-12T13:32:00+00:00\",\"dateModified\":\"2026-04-07T20:21:13+00:00\",\"description\":\"Retrouvez en ligne tous les manuels de l'usager de nos produits. CDL, c'est plus de 10 000 produits et \u00e9quipements de qualit\u00e9 pour votre \u00e9rabli\u00e8re.\",\"breadcrumb\":{\"@id\":\"https:\/\/www.cdlinc.ca\/fr\/manuels-de-lusager\/#breadcrumb\"},\"inLanguage\":\"fr-FR\",\"potentialAction\":[{\"@type\":\"ReadAction\",\"target\":[\"https:\/\/www.cdlinc.ca\/fr\/manuels-de-lusager\/\"]}]},{\"@type\":\"BreadcrumbList\",\"@id\":\"https:\/\/www.cdlinc.ca\/fr\/manuels-de-lusager\/#breadcrumb\",\"itemListElement\":[{\"@type\":\"ListItem\",\"position\":1,\"name\":\"Home\",\"item\":\"https:\/\/www.cdlinc.ca\/fr\/\"},{\"@type\":\"ListItem\",\"position\":2,\"name\":\"Manuels de l&rsquo;usager\"}]},{\"@type\":\"WebSite\",\"@id\":\"https:\/\/www.cdlinc.ca\/fr\/#website\",\"url\":\"https:\/\/www.cdlinc.ca\/fr\/\",\"name\":\"Les \u00e9quipements d&#039;\u00e9rabli\u00e8re CDL\",\"description\":\"L&#039;ac\u00e9riculture c&#039;est votre passion... Nous aussi.\",\"potentialAction\":[{\"@type\":\"SearchAction\",\"target\":{\"@type\":\"EntryPoint\",\"urlTemplate\":\"https:\/\/www.cdlinc.ca\/fr\/?s={search_term_string}\"},\"query-input\":{\"@type\":\"PropertyValueSpecification\",\"valueRequired\":true,\"valueName\":\"search_term_string\"}}],\"inLanguage\":\"fr-FR\"}]}<\/script>\n<!-- \/ Yoast SEO plugin. -->","yoast_head_json":{"title":"Manuels de l'usager en ligne - \u00c9quipements d'\u00c9rabli\u00e8re CDL","description":"Retrouvez en ligne tous les manuels de l'usager de nos produits. CDL, c'est plus de 10 000 produits et \u00e9quipements de qualit\u00e9 pour votre \u00e9rabli\u00e8re.","robots":{"index":"index","follow":"follow","max-snippet":"max-snippet:-1","max-image-preview":"max-image-preview:large","max-video-preview":"max-video-preview:-1"},"canonical":"https:\/\/www.cdlinc.ca\/fr\/manuels-de-lusager\/","og_locale":"fr_FR","og_type":"article","og_title":"Manuels de l'usager en ligne - \u00c9quipements d'\u00c9rabli\u00e8re CDL","og_description":"Retrouvez en ligne tous les manuels de l'usager de nos produits. CDL, c'est plus de 10 000 produits et \u00e9quipements de qualit\u00e9 pour votre \u00e9rabli\u00e8re.","og_url":"https:\/\/www.cdlinc.ca\/fr\/manuels-de-lusager\/","og_site_name":"Les \u00e9quipements d&#039;\u00e9rabli\u00e8re CDL","article_modified_time":"2026-04-07T20:21:13+00:00","og_image":[{"url":"https:\/\/www.cdlinc.ca\/wp-content\/uploads\/2017\/04\/CDL_facebook_share_1200x630.jpg","type":"","width":"","height":""}],"twitter_card":"summary_large_image","twitter_misc":{"Dur\u00e9e de lecture estim\u00e9e":"3 minutes"},"schema":{"@context":"https:\/\/schema.org","@graph":[{"@type":"WebPage","@id":"https:\/\/www.cdlinc.ca\/fr\/manuels-de-lusager\/","url":"https:\/\/www.cdlinc.ca\/fr\/manuels-de-lusager\/","name":"Manuels de l'usager en ligne - \u00c9quipements d'\u00c9rabli\u00e8re CDL","isPartOf":{"@id":"https:\/\/www.cdlinc.ca\/fr\/#website"},"datePublished":"2017-04-12T13:32:00+00:00","dateModified":"2026-04-07T20:21:13+00:00","description":"Retrouvez en ligne tous les manuels de l'usager de nos produits. CDL, c'est plus de 10 000 produits et \u00e9quipements de qualit\u00e9 pour votre \u00e9rabli\u00e8re.","breadcrumb":{"@id":"https:\/\/www.cdlinc.ca\/fr\/manuels-de-lusager\/#breadcrumb"},"inLanguage":"fr-FR","potentialAction":[{"@type":"ReadAction","target":["https:\/\/www.cdlinc.ca\/fr\/manuels-de-lusager\/"]}]},{"@type":"BreadcrumbList","@id":"https:\/\/www.cdlinc.ca\/fr\/manuels-de-lusager\/#breadcrumb","itemListElement":[{"@type":"ListItem","position":1,"name":"Home","item":"https:\/\/www.cdlinc.ca\/fr\/"},{"@type":"ListItem","position":2,"name":"Manuels de l&rsquo;usager"}]},{"@type":"WebSite","@id":"https:\/\/www.cdlinc.ca\/fr\/#website","url":"https:\/\/www.cdlinc.ca\/fr\/","name":"Les \u00e9quipements d&#039;\u00e9rabli\u00e8re CDL","description":"L&#039;ac\u00e9riculture c&#039;est votre passion... Nous aussi.","potentialAction":[{"@type":"SearchAction","target":{"@type":"EntryPoint","urlTemplate":"https:\/\/www.cdlinc.ca\/fr\/?s={search_term_string}"},"query-input":{"@type":"PropertyValueSpecification","valueRequired":true,"valueName":"search_term_string"}}],"inLanguage":"fr-FR"}]}},"_links":{"self":[{"href":"https:\/\/www.cdlinc.ca\/fr\/wp-json\/wp\/v2\/pages\/9","targetHints":{"allow":["GET"]}}],"collection":[{"href":"https:\/\/www.cdlinc.ca\/fr\/wp-json\/wp\/v2\/pages"}],"about":[{"href":"https:\/\/www.cdlinc.ca\/fr\/wp-json\/wp\/v2\/types\/page"}],"author":[{"embeddable":true,"href":"https:\/\/www.cdlinc.ca\/fr\/wp-json\/wp\/v2\/users\/1"}],"replies":[{"embeddable":true,"href":"https:\/\/www.cdlinc.ca\/fr\/wp-json\/wp\/v2\/comments?post=9"}],"version-history":[{"count":188,"href":"https:\/\/www.cdlinc.ca\/fr\/wp-json\/wp\/v2\/pages\/9\/revisions"}],"predecessor-version":[{"id":14606,"href":"https:\/\/www.cdlinc.ca\/fr\/wp-json\/wp\/v2\/pages\/9\/revisions\/14606"}],"wp:attachment":[{"href":"https:\/\/www.cdlinc.ca\/fr\/wp-json\/wp\/v2\/media?parent=9"}],"curies":[{"name":"wp","href":"https:\/\/api.w.org\/{rel}","templated":true}]}}