{"id":8829,"date":"2023-04-06T18:29:38","date_gmt":"2023-04-06T17:29:38","guid":{"rendered":"https:\/\/www.cdlinc.ca\/?page_id=8829"},"modified":"2023-04-18T19:00:56","modified_gmt":"2023-04-18T18:00:56","slug":"portesouvertes","status":"publish","type":"page","link":"https:\/\/www.cdlinc.ca\/fr\/portesouvertes\/","title":{"rendered":"MARQUEZ VOTRE AGENDA!"},"content":{"rendered":"\n<p>Ce printemps, soyez des n\u00f4tres pour le retour du plus gros \u00e9v\u00e9nement ac\u00e9ricole au monde avec nos impressionnantes Portes ouvertes \u00e0 St-Lazare-de-Bellechasse ainsi que nos journ\u00e9es r\u00e9gionales de l\u2019apr\u00e8s-sucres dans nos magasins!<\/p>\n","protected":false},"excerpt":{"rendered":"Ce printemps, soyez des n\u00f4tres pour le retour du plus gros \u00e9v\u00e9nement ac\u00e9ricole au monde avec nos impressionnantes Portes ouvertes \u00e0 St-Lazare-de-Bellechasse ainsi que nos journ\u00e9es r\u00e9gionales de l\u2019apr\u00e8s-sucres dans nos magasins!","protected":false},"author":10,"featured_media":8885,"parent":0,"menu_order":0,"comment_status":"closed","ping_status":"closed","template":"template-open-house.php","meta":{"_acf_changed":false,"footnotes":""},"class_list":["post-8829","page","type-page","status-publish","has-post-thumbnail","hentry"],"acf":[],"yoast_head":"<!-- This site is optimized with the Yoast SEO plugin v25.2 - https:\/\/yoast.com\/wordpress\/plugins\/seo\/ -->\n<title>MARQUEZ VOTRE AGENDA!<\/title>\n<meta name=\"robots\" content=\"index, follow, max-snippet:-1, max-image-preview:large, max-video-preview:-1\" \/>\n<link rel=\"canonical\" href=\"https:\/\/www.cdlinc.ca\/fr\/portesouvertes\/\" \/>\n<meta property=\"og:locale\" content=\"fr_FR\" \/>\n<meta property=\"og:type\" content=\"article\" \/>\n<meta property=\"og:title\" content=\"MARQUEZ VOTRE AGENDA!\" \/>\n<meta property=\"og:description\" content=\"Ce printemps, soyez des n\u00f4tres pour le retour du plus gros \u00e9v\u00e9nement ac\u00e9ricole au monde avec nos impressionnantes Portes ouvertes \u00e0 St-Lazare-de-Bellechasse ainsi que nos journ\u00e9es r\u00e9gionales de l\u2019apr\u00e8s-sucres dans nos magasins!\" \/>\n<meta property=\"og:url\" content=\"https:\/\/www.cdlinc.ca\/fr\/portesouvertes\/\" \/>\n<meta property=\"og:site_name\" content=\"Les \u00e9quipements d&#039;\u00e9rabli\u00e8re CDL\" \/>\n<meta property=\"article:modified_time\" content=\"2023-04-18T18:00:56+00:00\" \/>\n<meta property=\"og:image\" content=\"https:\/\/www.cdlinc.ca\/wp-content\/uploads\/2023\/04\/bandeau-acericole-1.jpg\" \/>\n\t<meta property=\"og:image:width\" content=\"1920\" \/>\n\t<meta property=\"og:image:height\" content=\"837\" \/>\n\t<meta property=\"og:image:type\" content=\"image\/jpeg\" \/>\n<meta name=\"twitter:card\" content=\"summary_large_image\" \/>\n<meta name=\"twitter:label1\" content=\"Dur\u00e9e de lecture estim\u00e9e\" \/>\n\t<meta name=\"twitter:data1\" content=\"1 minute\" \/>\n<script type=\"application\/ld+json\" class=\"yoast-schema-graph\">{\"@context\":\"https:\/\/schema.org\",\"@graph\":[{\"@type\":\"WebPage\",\"@id\":\"https:\/\/www.cdlinc.ca\/fr\/portesouvertes\/\",\"url\":\"https:\/\/www.cdlinc.ca\/fr\/portesouvertes\/\",\"name\":\"MARQUEZ VOTRE AGENDA!\",\"isPartOf\":{\"@id\":\"https:\/\/www.cdlinc.ca\/fr\/#website\"},\"primaryImageOfPage\":{\"@id\":\"https:\/\/www.cdlinc.ca\/fr\/portesouvertes\/#primaryimage\"},\"image\":{\"@id\":\"https:\/\/www.cdlinc.ca\/fr\/portesouvertes\/#primaryimage\"},\"thumbnailUrl\":\"https:\/\/www.cdlinc.ca\/wp-content\/uploads\/2023\/04\/bandeau-acericole-1.jpg\",\"datePublished\":\"2023-04-06T17:29:38+00:00\",\"dateModified\":\"2023-04-18T18:00:56+00:00\",\"breadcrumb\":{\"@id\":\"https:\/\/www.cdlinc.ca\/fr\/portesouvertes\/#breadcrumb\"},\"inLanguage\":\"fr-FR\",\"potentialAction\":[{\"@type\":\"ReadAction\",\"target\":[\"https:\/\/www.cdlinc.ca\/fr\/portesouvertes\/\"]}]},{\"@type\":\"ImageObject\",\"inLanguage\":\"fr-FR\",\"@id\":\"https:\/\/www.cdlinc.ca\/fr\/portesouvertes\/#primaryimage\",\"url\":\"https:\/\/www.cdlinc.ca\/wp-content\/uploads\/2023\/04\/bandeau-acericole-1.jpg\",\"contentUrl\":\"https:\/\/www.cdlinc.ca\/wp-content\/uploads\/2023\/04\/bandeau-acericole-1.jpg\",\"width\":1920,\"height\":837},{\"@type\":\"BreadcrumbList\",\"@id\":\"https:\/\/www.cdlinc.ca\/fr\/portesouvertes\/#breadcrumb\",\"itemListElement\":[{\"@type\":\"ListItem\",\"position\":1,\"name\":\"Home\",\"item\":\"https:\/\/www.cdlinc.ca\/fr\/\"},{\"@type\":\"ListItem\",\"position\":2,\"name\":\"MARQUEZ VOTRE AGENDA!\"}]},{\"@type\":\"WebSite\",\"@id\":\"https:\/\/www.cdlinc.ca\/fr\/#website\",\"url\":\"https:\/\/www.cdlinc.ca\/fr\/\",\"name\":\"Les \u00e9quipements d&#039;\u00e9rabli\u00e8re CDL\",\"description\":\"L&#039;ac\u00e9riculture c&#039;est votre passion... Nous aussi.\",\"potentialAction\":[{\"@type\":\"SearchAction\",\"target\":{\"@type\":\"EntryPoint\",\"urlTemplate\":\"https:\/\/www.cdlinc.ca\/fr\/?s={search_term_string}\"},\"query-input\":{\"@type\":\"PropertyValueSpecification\",\"valueRequired\":true,\"valueName\":\"search_term_string\"}}],\"inLanguage\":\"fr-FR\"}]}<\/script>\n<!-- \/ Yoast SEO plugin. -->","yoast_head_json":{"title":"MARQUEZ VOTRE AGENDA!","robots":{"index":"index","follow":"follow","max-snippet":"max-snippet:-1","max-image-preview":"max-image-preview:large","max-video-preview":"max-video-preview:-1"},"canonical":"https:\/\/www.cdlinc.ca\/fr\/portesouvertes\/","og_locale":"fr_FR","og_type":"article","og_title":"MARQUEZ VOTRE AGENDA!","og_description":"Ce printemps, soyez des n\u00f4tres pour le retour du plus gros \u00e9v\u00e9nement ac\u00e9ricole au monde avec nos impressionnantes Portes ouvertes \u00e0 St-Lazare-de-Bellechasse ainsi que nos journ\u00e9es r\u00e9gionales de l\u2019apr\u00e8s-sucres dans nos magasins!","og_url":"https:\/\/www.cdlinc.ca\/fr\/portesouvertes\/","og_site_name":"Les \u00e9quipements d&#039;\u00e9rabli\u00e8re CDL","article_modified_time":"2023-04-18T18:00:56+00:00","og_image":[{"width":1920,"height":837,"url":"https:\/\/www.cdlinc.ca\/wp-content\/uploads\/2023\/04\/bandeau-acericole-1.jpg","type":"image\/jpeg"}],"twitter_card":"summary_large_image","twitter_misc":{"Dur\u00e9e de lecture estim\u00e9e":"1 minute"},"schema":{"@context":"https:\/\/schema.org","@graph":[{"@type":"WebPage","@id":"https:\/\/www.cdlinc.ca\/fr\/portesouvertes\/","url":"https:\/\/www.cdlinc.ca\/fr\/portesouvertes\/","name":"MARQUEZ VOTRE AGENDA!","isPartOf":{"@id":"https:\/\/www.cdlinc.ca\/fr\/#website"},"primaryImageOfPage":{"@id":"https:\/\/www.cdlinc.ca\/fr\/portesouvertes\/#primaryimage"},"image":{"@id":"https:\/\/www.cdlinc.ca\/fr\/portesouvertes\/#primaryimage"},"thumbnailUrl":"https:\/\/www.cdlinc.ca\/wp-content\/uploads\/2023\/04\/bandeau-acericole-1.jpg","datePublished":"2023-04-06T17:29:38+00:00","dateModified":"2023-04-18T18:00:56+00:00","breadcrumb":{"@id":"https:\/\/www.cdlinc.ca\/fr\/portesouvertes\/#breadcrumb"},"inLanguage":"fr-FR","potentialAction":[{"@type":"ReadAction","target":["https:\/\/www.cdlinc.ca\/fr\/portesouvertes\/"]}]},{"@type":"ImageObject","inLanguage":"fr-FR","@id":"https:\/\/www.cdlinc.ca\/fr\/portesouvertes\/#primaryimage","url":"https:\/\/www.cdlinc.ca\/wp-content\/uploads\/2023\/04\/bandeau-acericole-1.jpg","contentUrl":"https:\/\/www.cdlinc.ca\/wp-content\/uploads\/2023\/04\/bandeau-acericole-1.jpg","width":1920,"height":837},{"@type":"BreadcrumbList","@id":"https:\/\/www.cdlinc.ca\/fr\/portesouvertes\/#breadcrumb","itemListElement":[{"@type":"ListItem","position":1,"name":"Home","item":"https:\/\/www.cdlinc.ca\/fr\/"},{"@type":"ListItem","position":2,"name":"MARQUEZ VOTRE AGENDA!"}]},{"@type":"WebSite","@id":"https:\/\/www.cdlinc.ca\/fr\/#website","url":"https:\/\/www.cdlinc.ca\/fr\/","name":"Les \u00e9quipements d&#039;\u00e9rabli\u00e8re CDL","description":"L&#039;ac\u00e9riculture c&#039;est votre passion... Nous aussi.","potentialAction":[{"@type":"SearchAction","target":{"@type":"EntryPoint","urlTemplate":"https:\/\/www.cdlinc.ca\/fr\/?s={search_term_string}"},"query-input":{"@type":"PropertyValueSpecification","valueRequired":true,"valueName":"search_term_string"}}],"inLanguage":"fr-FR"}]}},"_links":{"self":[{"href":"https:\/\/www.cdlinc.ca\/fr\/wp-json\/wp\/v2\/pages\/8829","targetHints":{"allow":["GET"]}}],"collection":[{"href":"https:\/\/www.cdlinc.ca\/fr\/wp-json\/wp\/v2\/pages"}],"about":[{"href":"https:\/\/www.cdlinc.ca\/fr\/wp-json\/wp\/v2\/types\/page"}],"author":[{"embeddable":true,"href":"https:\/\/www.cdlinc.ca\/fr\/wp-json\/wp\/v2\/users\/10"}],"replies":[{"embeddable":true,"href":"https:\/\/www.cdlinc.ca\/fr\/wp-json\/wp\/v2\/comments?post=8829"}],"version-history":[{"count":2,"href":"https:\/\/www.cdlinc.ca\/fr\/wp-json\/wp\/v2\/pages\/8829\/revisions"}],"predecessor-version":[{"id":8944,"href":"https:\/\/www.cdlinc.ca\/fr\/wp-json\/wp\/v2\/pages\/8829\/revisions\/8944"}],"wp:featuredmedia":[{"embeddable":true,"href":"https:\/\/www.cdlinc.ca\/fr\/wp-json\/wp\/v2\/media\/8885"}],"wp:attachment":[{"href":"https:\/\/www.cdlinc.ca\/fr\/wp-json\/wp\/v2\/media?parent=8829"}],"curies":[{"name":"wp","href":"https:\/\/api.w.org\/{rel}","templated":true}]}}