{"id":7811,"date":"2022-06-29T02:01:51","date_gmt":"2022-06-29T01:01:51","guid":{"rendered":"https:\/\/www.cdlinc.ca\/?page_id=7811"},"modified":"2022-10-12T00:42:04","modified_gmt":"2022-10-11T23:42:04","slug":"celebrations30","status":"publish","type":"page","link":"https:\/\/www.cdlinc.ca\/fr\/celebrations30\/","title":{"rendered":"Confirmation de pr\u00e9sence &#8211; C\u00e9l\u00e9brations du 30e anniversaire CDL"},"content":{"rendered":"\n<figure class=\"wp-block-image size-large\"><img decoding=\"async\" src=\"https:\/\/www.cdlinc.ca\/wp-content\/uploads\/2022\/06\/CDL_Logo_Vectoriel_Celebrations_30-700x387.jpg\" alt=\"\" class=\"wp-image-7815\"\/><\/figure>\n\n\n\n<p>Le formulaire est maintenant ferm\u00e9. Pour vous ajouter \u00e0 l&rsquo;\u00e9v\u00e9nement ou pour modifier votre r\u00e9ponse, contactez Anne-Sophie Couture-Goulet au anne-sophie.couture-goulet@cdlinc.ca ou au 418-883-5158 #2111.<\/p>\n\n\n\n<p><\/p>\n\n\n\n<p>The form is now closed. If you want to be there ou to modify your attendance, please contact Anne-Sophie Couture-Goulet at anne-sophie.couture-goulet@cdlinc.ca or 418-883-5158 #2111.<\/p>\n\n\n\n<p>El formulario ya est\u00e1 cerrado. Para agregarse al evento o modificar su respuesta, comun\u00edquese con Anne-Sophie Couture-Goulet a anne-sophie.couture-goulet@cdlinc.ca o al 418-883-5158 #2111.<\/p>\n\n\n\n<div class=\"wp-block-buttons is-layout-flex wp-block-buttons-is-layout-flex\"><\/div>\n\n\n\n\n\n<p><\/p>\n","protected":false},"excerpt":{"rendered":"Le formulaire est maintenant ferm\u00e9. Pour vous ajouter \u00e0 l&rsquo;\u00e9v\u00e9nement ou pour modifier votre r\u00e9ponse, contactez Anne-Sophie Couture-Goulet au anne-sophie.couture-goulet@cdlinc.ca ou au 418-883-5158 #2111. The form is now closed. If you want to be there ou to modify your attendance, please contact Anne-Sophie Couture-Goulet at anne-sophie.couture-goulet@cdlinc.ca or 418-883-5158 #2111. El formulario ya est\u00e1 cerrado. Para [&hellip;]","protected":false},"author":10,"featured_media":0,"parent":0,"menu_order":0,"comment_status":"closed","ping_status":"closed","template":"","meta":{"_acf_changed":false,"footnotes":""},"class_list":["post-7811","page","type-page","status-publish","hentry"],"acf":[],"yoast_head":"<!-- This site is optimized with the Yoast SEO plugin v25.2 - https:\/\/yoast.com\/wordpress\/plugins\/seo\/ -->\n<title>Confirmation de pr\u00e9sence - C\u00e9l\u00e9brations du 30e anniversaire CDL<\/title>\n<meta name=\"robots\" content=\"index, follow, max-snippet:-1, max-image-preview:large, max-video-preview:-1\" \/>\n<link rel=\"canonical\" href=\"https:\/\/www.cdlinc.ca\/fr\/celebrations30\/\" \/>\n<meta property=\"og:locale\" content=\"fr_FR\" \/>\n<meta property=\"og:type\" content=\"article\" \/>\n<meta property=\"og:title\" content=\"Confirmation de pr\u00e9sence - C\u00e9l\u00e9brations du 30e anniversaire CDL\" \/>\n<meta property=\"og:description\" content=\"Le formulaire est maintenant ferm\u00e9. Pour vous ajouter \u00e0 l&rsquo;\u00e9v\u00e9nement ou pour modifier votre r\u00e9ponse, contactez Anne-Sophie Couture-Goulet au anne-sophie.couture-goulet@cdlinc.ca ou au 418-883-5158 #2111. The form is now closed. If you want to be there ou to modify your attendance, please contact Anne-Sophie Couture-Goulet at anne-sophie.couture-goulet@cdlinc.ca or 418-883-5158 #2111. El formulario ya est\u00e1 cerrado. Para [&hellip;]\" \/>\n<meta property=\"og:url\" content=\"https:\/\/www.cdlinc.ca\/fr\/celebrations30\/\" \/>\n<meta property=\"og:site_name\" content=\"Les \u00e9quipements d&#039;\u00e9rabli\u00e8re CDL\" \/>\n<meta property=\"article:modified_time\" content=\"2022-10-11T23:42:04+00:00\" \/>\n<meta property=\"og:image\" content=\"https:\/\/www.cdlinc.ca\/wp-content\/uploads\/2022\/06\/CDL_Logo_Vectoriel_Celebrations_30-700x387.jpg\" \/>\n<meta name=\"twitter:card\" content=\"summary_large_image\" \/>\n<meta name=\"twitter:label1\" content=\"Dur\u00e9e de lecture estim\u00e9e\" \/>\n\t<meta name=\"twitter:data1\" content=\"1 minute\" \/>\n<script type=\"application\/ld+json\" class=\"yoast-schema-graph\">{\"@context\":\"https:\/\/schema.org\",\"@graph\":[{\"@type\":\"WebPage\",\"@id\":\"https:\/\/www.cdlinc.ca\/fr\/celebrations30\/\",\"url\":\"https:\/\/www.cdlinc.ca\/fr\/celebrations30\/\",\"name\":\"Confirmation de pr\u00e9sence - C\u00e9l\u00e9brations du 30e anniversaire CDL\",\"isPartOf\":{\"@id\":\"https:\/\/www.cdlinc.ca\/fr\/#website\"},\"primaryImageOfPage\":{\"@id\":\"https:\/\/www.cdlinc.ca\/fr\/celebrations30\/#primaryimage\"},\"image\":{\"@id\":\"https:\/\/www.cdlinc.ca\/fr\/celebrations30\/#primaryimage\"},\"thumbnailUrl\":\"https:\/\/www.cdlinc.ca\/wp-content\/uploads\/2022\/06\/CDL_Logo_Vectoriel_Celebrations_30-700x387.jpg\",\"datePublished\":\"2022-06-29T01:01:51+00:00\",\"dateModified\":\"2022-10-11T23:42:04+00:00\",\"breadcrumb\":{\"@id\":\"https:\/\/www.cdlinc.ca\/fr\/celebrations30\/#breadcrumb\"},\"inLanguage\":\"fr-FR\",\"potentialAction\":[{\"@type\":\"ReadAction\",\"target\":[\"https:\/\/www.cdlinc.ca\/fr\/celebrations30\/\"]}]},{\"@type\":\"ImageObject\",\"inLanguage\":\"fr-FR\",\"@id\":\"https:\/\/www.cdlinc.ca\/fr\/celebrations30\/#primaryimage\",\"url\":\"https:\/\/www.cdlinc.ca\/wp-content\/uploads\/2022\/06\/CDL_Logo_Vectoriel_Celebrations_30-700x387.jpg\",\"contentUrl\":\"https:\/\/www.cdlinc.ca\/wp-content\/uploads\/2022\/06\/CDL_Logo_Vectoriel_Celebrations_30-700x387.jpg\"},{\"@type\":\"BreadcrumbList\",\"@id\":\"https:\/\/www.cdlinc.ca\/fr\/celebrations30\/#breadcrumb\",\"itemListElement\":[{\"@type\":\"ListItem\",\"position\":1,\"name\":\"Home\",\"item\":\"https:\/\/www.cdlinc.ca\/fr\/\"},{\"@type\":\"ListItem\",\"position\":2,\"name\":\"Confirmation de pr\u00e9sence &#8211; C\u00e9l\u00e9brations du 30e anniversaire CDL\"}]},{\"@type\":\"WebSite\",\"@id\":\"https:\/\/www.cdlinc.ca\/fr\/#website\",\"url\":\"https:\/\/www.cdlinc.ca\/fr\/\",\"name\":\"Les \u00e9quipements d&#039;\u00e9rabli\u00e8re CDL\",\"description\":\"L&#039;ac\u00e9riculture c&#039;est votre passion... Nous aussi.\",\"potentialAction\":[{\"@type\":\"SearchAction\",\"target\":{\"@type\":\"EntryPoint\",\"urlTemplate\":\"https:\/\/www.cdlinc.ca\/fr\/?s={search_term_string}\"},\"query-input\":{\"@type\":\"PropertyValueSpecification\",\"valueRequired\":true,\"valueName\":\"search_term_string\"}}],\"inLanguage\":\"fr-FR\"}]}<\/script>\n<!-- \/ Yoast SEO plugin. -->","yoast_head_json":{"title":"Confirmation de pr\u00e9sence - C\u00e9l\u00e9brations du 30e anniversaire CDL","robots":{"index":"index","follow":"follow","max-snippet":"max-snippet:-1","max-image-preview":"max-image-preview:large","max-video-preview":"max-video-preview:-1"},"canonical":"https:\/\/www.cdlinc.ca\/fr\/celebrations30\/","og_locale":"fr_FR","og_type":"article","og_title":"Confirmation de pr\u00e9sence - C\u00e9l\u00e9brations du 30e anniversaire CDL","og_description":"Le formulaire est maintenant ferm\u00e9. Pour vous ajouter \u00e0 l&rsquo;\u00e9v\u00e9nement ou pour modifier votre r\u00e9ponse, contactez Anne-Sophie Couture-Goulet au anne-sophie.couture-goulet@cdlinc.ca ou au 418-883-5158 #2111. The form is now closed. If you want to be there ou to modify your attendance, please contact Anne-Sophie Couture-Goulet at anne-sophie.couture-goulet@cdlinc.ca or 418-883-5158 #2111. El formulario ya est\u00e1 cerrado. Para [&hellip;]","og_url":"https:\/\/www.cdlinc.ca\/fr\/celebrations30\/","og_site_name":"Les \u00e9quipements d&#039;\u00e9rabli\u00e8re CDL","article_modified_time":"2022-10-11T23:42:04+00:00","og_image":[{"url":"https:\/\/www.cdlinc.ca\/wp-content\/uploads\/2022\/06\/CDL_Logo_Vectoriel_Celebrations_30-700x387.jpg","type":"","width":"","height":""}],"twitter_card":"summary_large_image","twitter_misc":{"Dur\u00e9e de lecture estim\u00e9e":"1 minute"},"schema":{"@context":"https:\/\/schema.org","@graph":[{"@type":"WebPage","@id":"https:\/\/www.cdlinc.ca\/fr\/celebrations30\/","url":"https:\/\/www.cdlinc.ca\/fr\/celebrations30\/","name":"Confirmation de pr\u00e9sence - C\u00e9l\u00e9brations du 30e anniversaire CDL","isPartOf":{"@id":"https:\/\/www.cdlinc.ca\/fr\/#website"},"primaryImageOfPage":{"@id":"https:\/\/www.cdlinc.ca\/fr\/celebrations30\/#primaryimage"},"image":{"@id":"https:\/\/www.cdlinc.ca\/fr\/celebrations30\/#primaryimage"},"thumbnailUrl":"https:\/\/www.cdlinc.ca\/wp-content\/uploads\/2022\/06\/CDL_Logo_Vectoriel_Celebrations_30-700x387.jpg","datePublished":"2022-06-29T01:01:51+00:00","dateModified":"2022-10-11T23:42:04+00:00","breadcrumb":{"@id":"https:\/\/www.cdlinc.ca\/fr\/celebrations30\/#breadcrumb"},"inLanguage":"fr-FR","potentialAction":[{"@type":"ReadAction","target":["https:\/\/www.cdlinc.ca\/fr\/celebrations30\/"]}]},{"@type":"ImageObject","inLanguage":"fr-FR","@id":"https:\/\/www.cdlinc.ca\/fr\/celebrations30\/#primaryimage","url":"https:\/\/www.cdlinc.ca\/wp-content\/uploads\/2022\/06\/CDL_Logo_Vectoriel_Celebrations_30-700x387.jpg","contentUrl":"https:\/\/www.cdlinc.ca\/wp-content\/uploads\/2022\/06\/CDL_Logo_Vectoriel_Celebrations_30-700x387.jpg"},{"@type":"BreadcrumbList","@id":"https:\/\/www.cdlinc.ca\/fr\/celebrations30\/#breadcrumb","itemListElement":[{"@type":"ListItem","position":1,"name":"Home","item":"https:\/\/www.cdlinc.ca\/fr\/"},{"@type":"ListItem","position":2,"name":"Confirmation de pr\u00e9sence &#8211; C\u00e9l\u00e9brations du 30e anniversaire CDL"}]},{"@type":"WebSite","@id":"https:\/\/www.cdlinc.ca\/fr\/#website","url":"https:\/\/www.cdlinc.ca\/fr\/","name":"Les \u00e9quipements d&#039;\u00e9rabli\u00e8re CDL","description":"L&#039;ac\u00e9riculture c&#039;est votre passion... Nous aussi.","potentialAction":[{"@type":"SearchAction","target":{"@type":"EntryPoint","urlTemplate":"https:\/\/www.cdlinc.ca\/fr\/?s={search_term_string}"},"query-input":{"@type":"PropertyValueSpecification","valueRequired":true,"valueName":"search_term_string"}}],"inLanguage":"fr-FR"}]}},"_links":{"self":[{"href":"https:\/\/www.cdlinc.ca\/fr\/wp-json\/wp\/v2\/pages\/7811","targetHints":{"allow":["GET"]}}],"collection":[{"href":"https:\/\/www.cdlinc.ca\/fr\/wp-json\/wp\/v2\/pages"}],"about":[{"href":"https:\/\/www.cdlinc.ca\/fr\/wp-json\/wp\/v2\/types\/page"}],"author":[{"embeddable":true,"href":"https:\/\/www.cdlinc.ca\/fr\/wp-json\/wp\/v2\/users\/10"}],"replies":[{"embeddable":true,"href":"https:\/\/www.cdlinc.ca\/fr\/wp-json\/wp\/v2\/comments?post=7811"}],"version-history":[{"count":8,"href":"https:\/\/www.cdlinc.ca\/fr\/wp-json\/wp\/v2\/pages\/7811\/revisions"}],"predecessor-version":[{"id":8124,"href":"https:\/\/www.cdlinc.ca\/fr\/wp-json\/wp\/v2\/pages\/7811\/revisions\/8124"}],"wp:attachment":[{"href":"https:\/\/www.cdlinc.ca\/fr\/wp-json\/wp\/v2\/media?parent=7811"}],"curies":[{"name":"wp","href":"https:\/\/api.w.org\/{rel}","templated":true}]}}