{"id":7,"date":"2017-04-12T14:31:41","date_gmt":"2017-04-12T13:31:41","guid":{"rendered":"https:\/\/www.cdlinc.ca\/?page_id=7"},"modified":"2026-04-14T10:00:21","modified_gmt":"2026-04-14T14:00:21","slug":"fiches-signaletiques","status":"publish","type":"page","link":"https:\/\/www.cdlinc.ca\/fr\/fiches-signaletiques\/","title":{"rendered":"Fiches signal\u00e9tiques"},"content":{"rendered":"<p>Les&nbsp;fiches signal\u00e9tiques&nbsp;vous permettent de trouver toutes les propri\u00e9t\u00e9s toxicologiques ainsi que des mesures de sant\u00e9 et de s\u00e9curit\u00e9 reli\u00e9 \u00e0 l\u2019utilisation de nos produits. Nous recevons ces fiches du fournisseur. Elles pourraient vous \u00eatre utile \u00e0 l\u2019utilisation des produits CDL ou lors de votre certification biologique.<\/p>\n\n\n<p><\/p>\n","protected":false},"excerpt":{"rendered":"Les&nbsp;fiches signal\u00e9tiques&nbsp;vous permettent de trouver toutes les propri\u00e9t\u00e9s toxicologiques ainsi que des mesures de sant\u00e9 et de s\u00e9curit\u00e9 reli\u00e9 \u00e0 l\u2019utilisation de nos produits. Nous recevons ces fiches du fournisseur. Elles pourraient vous \u00eatre utile \u00e0 l\u2019utilisation des produits CDL ou lors de votre certification biologique.","protected":false},"author":1,"featured_media":0,"parent":0,"menu_order":0,"comment_status":"closed","ping_status":"closed","template":"","meta":{"_acf_changed":false,"footnotes":""},"class_list":["post-7","page","type-page","status-publish","hentry"],"acf":[],"yoast_head":"<!-- This site is optimized with the Yoast SEO plugin v25.2 - https:\/\/yoast.com\/wordpress\/plugins\/seo\/ -->\n<title>Fiches signal\u00e9tiques : Les \u00c9quipements d&#039;\u00c9rabli\u00e8re CDL<\/title>\n<meta name=\"description\" content=\"D\u00e9couvrez des fiches signal\u00e9tiques con\u00e7ues pour vous aider et retrouvez les mesures de s\u00e9curit\u00e9 et les propri\u00e9t\u00e9s toxicologiques des produits utilis\u00e9s.\" \/>\n<meta name=\"robots\" content=\"index, follow, max-snippet:-1, max-image-preview:large, max-video-preview:-1\" \/>\n<link rel=\"canonical\" href=\"https:\/\/www.cdlinc.ca\/fr\/fiches-signaletiques\/\" \/>\n<meta property=\"og:locale\" content=\"fr_FR\" \/>\n<meta property=\"og:type\" content=\"article\" \/>\n<meta property=\"og:title\" content=\"Fiches signal\u00e9tiques : Les \u00c9quipements d&#039;\u00c9rabli\u00e8re CDL\" \/>\n<meta property=\"og:description\" content=\"D\u00e9couvrez des fiches signal\u00e9tiques con\u00e7ues pour vous aider et retrouvez les mesures de s\u00e9curit\u00e9 et les propri\u00e9t\u00e9s toxicologiques des produits utilis\u00e9s.\" \/>\n<meta property=\"og:url\" content=\"https:\/\/www.cdlinc.ca\/fr\/fiches-signaletiques\/\" \/>\n<meta property=\"og:site_name\" content=\"Les \u00e9quipements d&#039;\u00e9rabli\u00e8re CDL\" \/>\n<meta property=\"article:modified_time\" content=\"2026-04-14T14:00:21+00:00\" \/>\n<meta property=\"og:image\" content=\"https:\/\/www.cdlinc.ca\/wp-content\/uploads\/2017\/04\/CDL_facebook_share_1200x630.jpg\" \/>\n<meta name=\"twitter:card\" content=\"summary_large_image\" \/>\n<meta name=\"twitter:label1\" content=\"Dur\u00e9e de lecture estim\u00e9e\" \/>\n\t<meta name=\"twitter:data1\" content=\"1 minute\" \/>\n<script type=\"application\/ld+json\" class=\"yoast-schema-graph\">{\"@context\":\"https:\/\/schema.org\",\"@graph\":[{\"@type\":\"WebPage\",\"@id\":\"https:\/\/www.cdlinc.ca\/fr\/fiches-signaletiques\/\",\"url\":\"https:\/\/www.cdlinc.ca\/fr\/fiches-signaletiques\/\",\"name\":\"Fiches signal\u00e9tiques : Les \u00c9quipements d'\u00c9rabli\u00e8re CDL\",\"isPartOf\":{\"@id\":\"https:\/\/www.cdlinc.ca\/fr\/#website\"},\"datePublished\":\"2017-04-12T13:31:41+00:00\",\"dateModified\":\"2026-04-14T14:00:21+00:00\",\"description\":\"D\u00e9couvrez des fiches signal\u00e9tiques con\u00e7ues pour vous aider et retrouvez les mesures de s\u00e9curit\u00e9 et les propri\u00e9t\u00e9s toxicologiques des produits utilis\u00e9s.\",\"breadcrumb\":{\"@id\":\"https:\/\/www.cdlinc.ca\/fr\/fiches-signaletiques\/#breadcrumb\"},\"inLanguage\":\"fr-FR\",\"potentialAction\":[{\"@type\":\"ReadAction\",\"target\":[\"https:\/\/www.cdlinc.ca\/fr\/fiches-signaletiques\/\"]}]},{\"@type\":\"BreadcrumbList\",\"@id\":\"https:\/\/www.cdlinc.ca\/fr\/fiches-signaletiques\/#breadcrumb\",\"itemListElement\":[{\"@type\":\"ListItem\",\"position\":1,\"name\":\"Home\",\"item\":\"https:\/\/www.cdlinc.ca\/fr\/\"},{\"@type\":\"ListItem\",\"position\":2,\"name\":\"Fiches signal\u00e9tiques\"}]},{\"@type\":\"WebSite\",\"@id\":\"https:\/\/www.cdlinc.ca\/fr\/#website\",\"url\":\"https:\/\/www.cdlinc.ca\/fr\/\",\"name\":\"Les \u00e9quipements d&#039;\u00e9rabli\u00e8re CDL\",\"description\":\"L&#039;ac\u00e9riculture c&#039;est votre passion... Nous aussi.\",\"potentialAction\":[{\"@type\":\"SearchAction\",\"target\":{\"@type\":\"EntryPoint\",\"urlTemplate\":\"https:\/\/www.cdlinc.ca\/fr\/?s={search_term_string}\"},\"query-input\":{\"@type\":\"PropertyValueSpecification\",\"valueRequired\":true,\"valueName\":\"search_term_string\"}}],\"inLanguage\":\"fr-FR\"}]}<\/script>\n<!-- \/ Yoast SEO plugin. -->","yoast_head_json":{"title":"Fiches signal\u00e9tiques : Les \u00c9quipements d'\u00c9rabli\u00e8re CDL","description":"D\u00e9couvrez des fiches signal\u00e9tiques con\u00e7ues pour vous aider et retrouvez les mesures de s\u00e9curit\u00e9 et les propri\u00e9t\u00e9s toxicologiques des produits utilis\u00e9s.","robots":{"index":"index","follow":"follow","max-snippet":"max-snippet:-1","max-image-preview":"max-image-preview:large","max-video-preview":"max-video-preview:-1"},"canonical":"https:\/\/www.cdlinc.ca\/fr\/fiches-signaletiques\/","og_locale":"fr_FR","og_type":"article","og_title":"Fiches signal\u00e9tiques : Les \u00c9quipements d'\u00c9rabli\u00e8re CDL","og_description":"D\u00e9couvrez des fiches signal\u00e9tiques con\u00e7ues pour vous aider et retrouvez les mesures de s\u00e9curit\u00e9 et les propri\u00e9t\u00e9s toxicologiques des produits utilis\u00e9s.","og_url":"https:\/\/www.cdlinc.ca\/fr\/fiches-signaletiques\/","og_site_name":"Les \u00e9quipements d&#039;\u00e9rabli\u00e8re CDL","article_modified_time":"2026-04-14T14:00:21+00:00","og_image":[{"url":"https:\/\/www.cdlinc.ca\/wp-content\/uploads\/2017\/04\/CDL_facebook_share_1200x630.jpg","type":"","width":"","height":""}],"twitter_card":"summary_large_image","twitter_misc":{"Dur\u00e9e de lecture estim\u00e9e":"1 minute"},"schema":{"@context":"https:\/\/schema.org","@graph":[{"@type":"WebPage","@id":"https:\/\/www.cdlinc.ca\/fr\/fiches-signaletiques\/","url":"https:\/\/www.cdlinc.ca\/fr\/fiches-signaletiques\/","name":"Fiches signal\u00e9tiques : Les \u00c9quipements d'\u00c9rabli\u00e8re CDL","isPartOf":{"@id":"https:\/\/www.cdlinc.ca\/fr\/#website"},"datePublished":"2017-04-12T13:31:41+00:00","dateModified":"2026-04-14T14:00:21+00:00","description":"D\u00e9couvrez des fiches signal\u00e9tiques con\u00e7ues pour vous aider et retrouvez les mesures de s\u00e9curit\u00e9 et les propri\u00e9t\u00e9s toxicologiques des produits utilis\u00e9s.","breadcrumb":{"@id":"https:\/\/www.cdlinc.ca\/fr\/fiches-signaletiques\/#breadcrumb"},"inLanguage":"fr-FR","potentialAction":[{"@type":"ReadAction","target":["https:\/\/www.cdlinc.ca\/fr\/fiches-signaletiques\/"]}]},{"@type":"BreadcrumbList","@id":"https:\/\/www.cdlinc.ca\/fr\/fiches-signaletiques\/#breadcrumb","itemListElement":[{"@type":"ListItem","position":1,"name":"Home","item":"https:\/\/www.cdlinc.ca\/fr\/"},{"@type":"ListItem","position":2,"name":"Fiches signal\u00e9tiques"}]},{"@type":"WebSite","@id":"https:\/\/www.cdlinc.ca\/fr\/#website","url":"https:\/\/www.cdlinc.ca\/fr\/","name":"Les \u00e9quipements d&#039;\u00e9rabli\u00e8re CDL","description":"L&#039;ac\u00e9riculture c&#039;est votre passion... Nous aussi.","potentialAction":[{"@type":"SearchAction","target":{"@type":"EntryPoint","urlTemplate":"https:\/\/www.cdlinc.ca\/fr\/?s={search_term_string}"},"query-input":{"@type":"PropertyValueSpecification","valueRequired":true,"valueName":"search_term_string"}}],"inLanguage":"fr-FR"}]}},"_links":{"self":[{"href":"https:\/\/www.cdlinc.ca\/fr\/wp-json\/wp\/v2\/pages\/7","targetHints":{"allow":["GET"]}}],"collection":[{"href":"https:\/\/www.cdlinc.ca\/fr\/wp-json\/wp\/v2\/pages"}],"about":[{"href":"https:\/\/www.cdlinc.ca\/fr\/wp-json\/wp\/v2\/types\/page"}],"author":[{"embeddable":true,"href":"https:\/\/www.cdlinc.ca\/fr\/wp-json\/wp\/v2\/users\/1"}],"replies":[{"embeddable":true,"href":"https:\/\/www.cdlinc.ca\/fr\/wp-json\/wp\/v2\/comments?post=7"}],"version-history":[{"count":173,"href":"https:\/\/www.cdlinc.ca\/fr\/wp-json\/wp\/v2\/pages\/7\/revisions"}],"predecessor-version":[{"id":14633,"href":"https:\/\/www.cdlinc.ca\/fr\/wp-json\/wp\/v2\/pages\/7\/revisions\/14633"}],"wp:attachment":[{"href":"https:\/\/www.cdlinc.ca\/fr\/wp-json\/wp\/v2\/media?parent=7"}],"curies":[{"name":"wp","href":"https:\/\/api.w.org\/{rel}","templated":true}]}}