{"id":6233,"date":"2021-08-30T21:04:26","date_gmt":"2021-08-30T20:04:26","guid":{"rendered":"https:\/\/www.cdlinc.ca\/?page_id=6233\/"},"modified":"2023-06-14T12:11:39","modified_gmt":"2023-06-14T16:11:39","slug":"implications","status":"publish","type":"page","link":"https:\/\/www.cdlinc.ca\/fr\/implications\/","title":{"rendered":"Nos implications"},"content":{"rendered":"<h3>Chez CDL, nous avons \u00e0 c\u0153ur de redonner \u00e0 notre communaut\u00e9, c\u2019est pourquoi nous tenons \u00e0 nous impliquer socialement dans notre milieu, plus particuli\u00e8rement en ce qui concerne les causes touchant au domaine ac\u00e9ricole, \u00e0 l\u2019\u00e9ducation et aux sports.<\/h3>\n<p><img loading=\"lazy\" decoding=\"async\" width=\"1980\" height=\"706\" class=\"alignnone size-full wp-image-6378\" src=\"https:\/\/www.cdlinc.ca\/wp-content\/uploads\/2021\/08\/implications.jpg\" alt=\"\" srcset=\"https:\/\/www.cdlinc.ca\/wp-content\/uploads\/2021\/08\/implications.jpg 1980w, https:\/\/www.cdlinc.ca\/wp-content\/uploads\/2021\/08\/implications-250x89.jpg 250w, https:\/\/www.cdlinc.ca\/wp-content\/uploads\/2021\/08\/implications-768x274.jpg 768w, https:\/\/www.cdlinc.ca\/wp-content\/uploads\/2021\/08\/implications-700x250.jpg 700w, https:\/\/www.cdlinc.ca\/wp-content\/uploads\/2021\/08\/implications-310x111.jpg 310w, https:\/\/www.cdlinc.ca\/wp-content\/uploads\/2021\/08\/implications-120x43.jpg 120w\" sizes=\"auto, (max-width: 1980px) 100vw, 1980px\" \/><\/p>\n<p><strong>Domaine ac\u00e9ricole<\/strong><br \/>\nCDL se positionne comme un leader dans le domaine ac\u00e9ricole, et est fier de collaborer aux \u00e9v\u00e9nements annuels d\u2019envergure de celui-ci.<\/p>\n<p><strong>\u00c9ducation<\/strong><br \/>\nCDL soutient des institutions scolaires afin d\u2019aider leurs \u00e9tudiants dans leur cheminement scolaire, que ce soit par le don d\u2019\u00e9quipements n\u00e9cessaires \u00e0 la compr\u00e9hension de l\u2019ac\u00e9riculture ou par l\u2019octroi de bourses scolaires pour des programmes sp\u00e9cialis\u00e9s.<\/p>\n<p><strong>Sports<\/strong><br \/>\nCDL est fier d\u2019aider plusieurs \u00e9quipes sportives jeunesse locales, des athl\u00e8tes de haut niveau ainsi qu\u2019un athl\u00e8te paralympique dans la poursuite de leur passion et carri\u00e8re.<\/p>\n<p><strong>Projets de nos clients<\/strong><br \/>\nCDL aide ses clients dans la concr\u00e9tisation de leurs projets b\u00e9n\u00e9voles lorsqu\u2019ils s\u2019impliquent dans l\u2019un des domaines nomm\u00e9s ci-haut, gage que CDL est un partenaire de choix \u00e0 tous les niveaux aux yeux de sa client\u00e8le.<\/p>\n<p><strong>Maison Catherine de Longpr\u00e9 \u2013 Pr\u00e9sident d\u2019honneur de la campagne <\/strong><br \/>\nVallier Chabot, directeur g\u00e9n\u00e9ral chez CDL, a accept\u00e9 avec sollicitude le titre de pr\u00e9sident d\u2019honneur pour la campagne de financement 2021 de la Maison Catherine de Longpr\u00e9, une maison de soins palliatifs humaine qui soutient et r\u00e9conforte les personnes en fin de vie et leurs proches dans cette \u00e9tape difficile.<\/p>\n<p><img loading=\"lazy\" decoding=\"async\" width=\"1030\" height=\"360\" class=\"alignnone size-full wp-image-6383\" src=\"https:\/\/www.cdlinc.ca\/wp-content\/uploads\/2021\/08\/maison-catherine-en.jpg\" alt=\"\" srcset=\"https:\/\/www.cdlinc.ca\/wp-content\/uploads\/2021\/08\/maison-catherine-en.jpg 1030w, https:\/\/www.cdlinc.ca\/wp-content\/uploads\/2021\/08\/maison-catherine-en-250x87.jpg 250w, https:\/\/www.cdlinc.ca\/wp-content\/uploads\/2021\/08\/maison-catherine-en-768x268.jpg 768w, https:\/\/www.cdlinc.ca\/wp-content\/uploads\/2021\/08\/maison-catherine-en-700x245.jpg 700w, https:\/\/www.cdlinc.ca\/wp-content\/uploads\/2021\/08\/maison-catherine-en-310x108.jpg 310w, https:\/\/www.cdlinc.ca\/wp-content\/uploads\/2021\/08\/maison-catherine-en-120x42.jpg 120w\" sizes=\"auto, (max-width: 1030px) 100vw, 1030px\" \/><\/p>\n<p>Si le c\u0153ur vous en dit, faites un don par ch\u00e8que libell\u00e9 au nom de \u00ab\u00a0Maison Catherine de Longpr\u00e9\u00a0\u00bb ou en ligne via le site web de la Maison <a href=\"https:\/\/www.maisoncatherinedelongpre.qc.ca\/\">www.maisoncatherinedelongpre.qc.ca<\/a>.<\/p>\n","protected":false},"excerpt":{"rendered":"Chez CDL, nous avons \u00e0 c\u0153ur de redonner \u00e0 notre communaut\u00e9, c\u2019est pourquoi nous tenons \u00e0 nous impliquer socialement dans notre milieu, plus particuli\u00e8rement en ce qui concerne les causes touchant au domaine ac\u00e9ricole, \u00e0 l\u2019\u00e9ducation et aux sports. Domaine ac\u00e9ricole CDL se positionne comme un leader dans le domaine ac\u00e9ricole, et est fier de [&hellip;]","protected":false},"author":10,"featured_media":0,"parent":0,"menu_order":0,"comment_status":"closed","ping_status":"closed","template":"","meta":{"_acf_changed":false,"footnotes":""},"class_list":["post-6233","page","type-page","status-publish","hentry"],"acf":[],"yoast_head":"<!-- This site is optimized with the Yoast SEO plugin v25.2 - https:\/\/yoast.com\/wordpress\/plugins\/seo\/ -->\n<title>Nos implications<\/title>\n<meta name=\"robots\" content=\"index, follow, max-snippet:-1, max-image-preview:large, max-video-preview:-1\" \/>\n<link rel=\"canonical\" href=\"https:\/\/www.cdlinc.ca\/fr\/implications\/\" \/>\n<meta property=\"og:locale\" content=\"fr_FR\" \/>\n<meta property=\"og:type\" content=\"article\" \/>\n<meta property=\"og:title\" content=\"Nos implications\" \/>\n<meta property=\"og:description\" content=\"Chez CDL, nous avons \u00e0 c\u0153ur de redonner \u00e0 notre communaut\u00e9, c\u2019est pourquoi nous tenons \u00e0 nous impliquer socialement dans notre milieu, plus particuli\u00e8rement en ce qui concerne les causes touchant au domaine ac\u00e9ricole, \u00e0 l\u2019\u00e9ducation et aux sports. Domaine ac\u00e9ricole CDL se positionne comme un leader dans le domaine ac\u00e9ricole, et est fier de [&hellip;]\" \/>\n<meta property=\"og:url\" content=\"https:\/\/www.cdlinc.ca\/fr\/implications\/\" \/>\n<meta property=\"og:site_name\" content=\"Les \u00e9quipements d&#039;\u00e9rabli\u00e8re CDL\" \/>\n<meta property=\"article:modified_time\" content=\"2023-06-14T16:11:39+00:00\" \/>\n<meta property=\"og:image\" content=\"https:\/\/www.cdlinc.ca\/wp-content\/uploads\/2021\/08\/implications.jpg\" \/>\n<meta name=\"twitter:card\" content=\"summary_large_image\" \/>\n<meta name=\"twitter:label1\" content=\"Dur\u00e9e de lecture estim\u00e9e\" \/>\n\t<meta name=\"twitter:data1\" content=\"2 minutes\" \/>\n<script type=\"application\/ld+json\" class=\"yoast-schema-graph\">{\"@context\":\"https:\/\/schema.org\",\"@graph\":[{\"@type\":\"WebPage\",\"@id\":\"https:\/\/www.cdlinc.ca\/fr\/implications\/\",\"url\":\"https:\/\/www.cdlinc.ca\/fr\/implications\/\",\"name\":\"Nos implications\",\"isPartOf\":{\"@id\":\"https:\/\/www.cdlinc.ca\/fr\/#website\"},\"primaryImageOfPage\":{\"@id\":\"https:\/\/www.cdlinc.ca\/fr\/implications\/#primaryimage\"},\"image\":{\"@id\":\"https:\/\/www.cdlinc.ca\/fr\/implications\/#primaryimage\"},\"thumbnailUrl\":\"https:\/\/www.cdlinc.ca\/wp-content\/uploads\/2021\/08\/implications.jpg\",\"datePublished\":\"2021-08-30T20:04:26+00:00\",\"dateModified\":\"2023-06-14T16:11:39+00:00\",\"breadcrumb\":{\"@id\":\"https:\/\/www.cdlinc.ca\/fr\/implications\/#breadcrumb\"},\"inLanguage\":\"fr-FR\",\"potentialAction\":[{\"@type\":\"ReadAction\",\"target\":[\"https:\/\/www.cdlinc.ca\/fr\/implications\/\"]}]},{\"@type\":\"ImageObject\",\"inLanguage\":\"fr-FR\",\"@id\":\"https:\/\/www.cdlinc.ca\/fr\/implications\/#primaryimage\",\"url\":\"https:\/\/www.cdlinc.ca\/wp-content\/uploads\/2021\/08\/implications.jpg\",\"contentUrl\":\"https:\/\/www.cdlinc.ca\/wp-content\/uploads\/2021\/08\/implications.jpg\"},{\"@type\":\"BreadcrumbList\",\"@id\":\"https:\/\/www.cdlinc.ca\/fr\/implications\/#breadcrumb\",\"itemListElement\":[{\"@type\":\"ListItem\",\"position\":1,\"name\":\"Home\",\"item\":\"https:\/\/www.cdlinc.ca\/fr\/\"},{\"@type\":\"ListItem\",\"position\":2,\"name\":\"Nos implications\"}]},{\"@type\":\"WebSite\",\"@id\":\"https:\/\/www.cdlinc.ca\/fr\/#website\",\"url\":\"https:\/\/www.cdlinc.ca\/fr\/\",\"name\":\"Les \u00e9quipements d&#039;\u00e9rabli\u00e8re CDL\",\"description\":\"L&#039;ac\u00e9riculture c&#039;est votre passion... Nous aussi.\",\"potentialAction\":[{\"@type\":\"SearchAction\",\"target\":{\"@type\":\"EntryPoint\",\"urlTemplate\":\"https:\/\/www.cdlinc.ca\/fr\/?s={search_term_string}\"},\"query-input\":{\"@type\":\"PropertyValueSpecification\",\"valueRequired\":true,\"valueName\":\"search_term_string\"}}],\"inLanguage\":\"fr-FR\"}]}<\/script>\n<!-- \/ Yoast SEO plugin. -->","yoast_head_json":{"title":"Nos implications","robots":{"index":"index","follow":"follow","max-snippet":"max-snippet:-1","max-image-preview":"max-image-preview:large","max-video-preview":"max-video-preview:-1"},"canonical":"https:\/\/www.cdlinc.ca\/fr\/implications\/","og_locale":"fr_FR","og_type":"article","og_title":"Nos implications","og_description":"Chez CDL, nous avons \u00e0 c\u0153ur de redonner \u00e0 notre communaut\u00e9, c\u2019est pourquoi nous tenons \u00e0 nous impliquer socialement dans notre milieu, plus particuli\u00e8rement en ce qui concerne les causes touchant au domaine ac\u00e9ricole, \u00e0 l\u2019\u00e9ducation et aux sports. Domaine ac\u00e9ricole CDL se positionne comme un leader dans le domaine ac\u00e9ricole, et est fier de [&hellip;]","og_url":"https:\/\/www.cdlinc.ca\/fr\/implications\/","og_site_name":"Les \u00e9quipements d&#039;\u00e9rabli\u00e8re CDL","article_modified_time":"2023-06-14T16:11:39+00:00","og_image":[{"url":"https:\/\/www.cdlinc.ca\/wp-content\/uploads\/2021\/08\/implications.jpg","type":"","width":"","height":""}],"twitter_card":"summary_large_image","twitter_misc":{"Dur\u00e9e de lecture estim\u00e9e":"2 minutes"},"schema":{"@context":"https:\/\/schema.org","@graph":[{"@type":"WebPage","@id":"https:\/\/www.cdlinc.ca\/fr\/implications\/","url":"https:\/\/www.cdlinc.ca\/fr\/implications\/","name":"Nos implications","isPartOf":{"@id":"https:\/\/www.cdlinc.ca\/fr\/#website"},"primaryImageOfPage":{"@id":"https:\/\/www.cdlinc.ca\/fr\/implications\/#primaryimage"},"image":{"@id":"https:\/\/www.cdlinc.ca\/fr\/implications\/#primaryimage"},"thumbnailUrl":"https:\/\/www.cdlinc.ca\/wp-content\/uploads\/2021\/08\/implications.jpg","datePublished":"2021-08-30T20:04:26+00:00","dateModified":"2023-06-14T16:11:39+00:00","breadcrumb":{"@id":"https:\/\/www.cdlinc.ca\/fr\/implications\/#breadcrumb"},"inLanguage":"fr-FR","potentialAction":[{"@type":"ReadAction","target":["https:\/\/www.cdlinc.ca\/fr\/implications\/"]}]},{"@type":"ImageObject","inLanguage":"fr-FR","@id":"https:\/\/www.cdlinc.ca\/fr\/implications\/#primaryimage","url":"https:\/\/www.cdlinc.ca\/wp-content\/uploads\/2021\/08\/implications.jpg","contentUrl":"https:\/\/www.cdlinc.ca\/wp-content\/uploads\/2021\/08\/implications.jpg"},{"@type":"BreadcrumbList","@id":"https:\/\/www.cdlinc.ca\/fr\/implications\/#breadcrumb","itemListElement":[{"@type":"ListItem","position":1,"name":"Home","item":"https:\/\/www.cdlinc.ca\/fr\/"},{"@type":"ListItem","position":2,"name":"Nos implications"}]},{"@type":"WebSite","@id":"https:\/\/www.cdlinc.ca\/fr\/#website","url":"https:\/\/www.cdlinc.ca\/fr\/","name":"Les \u00e9quipements d&#039;\u00e9rabli\u00e8re CDL","description":"L&#039;ac\u00e9riculture c&#039;est votre passion... Nous aussi.","potentialAction":[{"@type":"SearchAction","target":{"@type":"EntryPoint","urlTemplate":"https:\/\/www.cdlinc.ca\/fr\/?s={search_term_string}"},"query-input":{"@type":"PropertyValueSpecification","valueRequired":true,"valueName":"search_term_string"}}],"inLanguage":"fr-FR"}]}},"_links":{"self":[{"href":"https:\/\/www.cdlinc.ca\/fr\/wp-json\/wp\/v2\/pages\/6233","targetHints":{"allow":["GET"]}}],"collection":[{"href":"https:\/\/www.cdlinc.ca\/fr\/wp-json\/wp\/v2\/pages"}],"about":[{"href":"https:\/\/www.cdlinc.ca\/fr\/wp-json\/wp\/v2\/types\/page"}],"author":[{"embeddable":true,"href":"https:\/\/www.cdlinc.ca\/fr\/wp-json\/wp\/v2\/users\/10"}],"replies":[{"embeddable":true,"href":"https:\/\/www.cdlinc.ca\/fr\/wp-json\/wp\/v2\/comments?post=6233"}],"version-history":[{"count":11,"href":"https:\/\/www.cdlinc.ca\/fr\/wp-json\/wp\/v2\/pages\/6233\/revisions"}],"predecessor-version":[{"id":9597,"href":"https:\/\/www.cdlinc.ca\/fr\/wp-json\/wp\/v2\/pages\/6233\/revisions\/9597"}],"wp:attachment":[{"href":"https:\/\/www.cdlinc.ca\/fr\/wp-json\/wp\/v2\/media?parent=6233"}],"curies":[{"name":"wp","href":"https:\/\/api.w.org\/{rel}","templated":true}]}}