{"id":5879,"date":"2021-04-23T01:30:24","date_gmt":"2021-04-23T00:30:24","guid":{"rendered":"https:\/\/www.cdlinc.ca\/?page_id=5879\/"},"modified":"2025-04-25T11:00:02","modified_gmt":"2025-04-25T15:00:02","slug":"magazine-cdl","status":"publish","type":"page","link":"https:\/\/www.cdlinc.ca\/fr\/magazine-cdl\/","title":{"rendered":"Magazine &#8211; La technique CDL"},"content":{"rendered":"<p>Ce magazine est un compl\u00e9ment au catalogue de produits annuel. Il a pour but de faire d\u00e9couvrir \u00e0 la client\u00e8le les nouvelles technologies CDL et les tendances en ac\u00e9riculture sous forme de reportages ou de t\u00e9moignages d\u2019experts et de clients.<\/p>\n<p>Disponible en version papier dans tous les magasins CDL.<\/p>\n\n\n<div class=\"wp-block-media-text alignwide is-stacked-on-mobile\" style=\"grid-template-columns:40% auto\"><figure class=\"wp-block-media-text__media\"><a href=\"https:\/\/www.cdlinc.ca\/wp-content\/themes\/cdl\/assets\/pdf\/magazine-fr-2025.pdf\"><img loading=\"lazy\" decoding=\"async\" width=\"700\" height=\"906\" src=\"https:\/\/www.cdlinc.ca\/wp-content\/uploads\/2025\/04\/magazine-fr-2025-700x906.jpg\" alt=\"\" class=\"wp-image-12665 size-full\" srcset=\"https:\/\/www.cdlinc.ca\/wp-content\/uploads\/2025\/04\/magazine-fr-2025-700x906.jpg 700w, https:\/\/www.cdlinc.ca\/wp-content\/uploads\/2025\/04\/magazine-fr-2025-250x324.jpg 250w, https:\/\/www.cdlinc.ca\/wp-content\/uploads\/2025\/04\/magazine-fr-2025-768x994.jpg 768w, https:\/\/www.cdlinc.ca\/wp-content\/uploads\/2025\/04\/magazine-fr-2025-310x401.jpg 310w, https:\/\/www.cdlinc.ca\/wp-content\/uploads\/2025\/04\/magazine-fr-2025-120x155.jpg 120w, https:\/\/www.cdlinc.ca\/wp-content\/uploads\/2025\/04\/magazine-fr-2025.jpg 791w\" sizes=\"auto, (max-width: 700px) 100vw, 700px\" \/><\/a><\/figure><div class=\"wp-block-media-text__content\">\n<div class=\"wp-block-buttons is-layout-flex wp-block-buttons-is-layout-flex\">\n<div class=\"wp-block-button\"><a class=\"wp-block-button__link wp-element-button\" href=\"https:\/\/www.cdlinc.ca\/wp-content\/themes\/cdl\/assets\/pdf\/magazine-fr-2025.pdf\">Cinqui\u00e8me \u00e9dition &#8211; 2025<\/a><\/div>\n<\/div>\n<\/div><\/div>\n\n\n\n<div style=\"height:40px\" aria-hidden=\"true\" class=\"wp-block-spacer\"><\/div>\n\n\n\n<div class=\"wp-block-media-text alignwide is-stacked-on-mobile\" style=\"grid-template-columns:40% auto\"><figure class=\"wp-block-media-text__media\"><a href=\"https:\/\/www.cdlinc.ca\/wp-content\/uploads\/2024\/04\/2024_La_technique_CDL_FRAN.pdf\"><img loading=\"lazy\" decoding=\"async\" width=\"612\" height=\"792\" src=\"https:\/\/www.cdlinc.ca\/wp-content\/uploads\/2024\/04\/2024-La-Technique-CDL-Cover.jpg\" alt=\"\" class=\"wp-image-10729 size-full\" srcset=\"https:\/\/www.cdlinc.ca\/wp-content\/uploads\/2024\/04\/2024-La-Technique-CDL-Cover.jpg 612w, https:\/\/www.cdlinc.ca\/wp-content\/uploads\/2024\/04\/2024-La-Technique-CDL-Cover-250x324.jpg 250w, https:\/\/www.cdlinc.ca\/wp-content\/uploads\/2024\/04\/2024-La-Technique-CDL-Cover-310x401.jpg 310w, https:\/\/www.cdlinc.ca\/wp-content\/uploads\/2024\/04\/2024-La-Technique-CDL-Cover-120x155.jpg 120w\" sizes=\"auto, (max-width: 612px) 100vw, 612px\" \/><\/a><\/figure><div class=\"wp-block-media-text__content\">\n<div class=\"wp-block-buttons is-layout-flex wp-block-buttons-is-layout-flex\">\n<div class=\"wp-block-button\"><a class=\"wp-block-button__link wp-element-button\" href=\"https:\/\/www.cdlinc.ca\/wp-content\/uploads\/2024\/04\/2024_La_technique_CDL_FRAN.pdf\">Quatri\u00e8me \u00e9dition &#8211; 2024<\/a><\/div>\n<\/div>\n<\/div><\/div>\n\n\n\n<div style=\"height:53px\" aria-hidden=\"true\" class=\"wp-block-spacer\"><\/div>\n\n\n\n<div class=\"wp-block-media-text alignwide is-stacked-on-mobile\" style=\"grid-template-columns:40% auto\"><figure class=\"wp-block-media-text__media\"><a href=\"https:\/\/www.cdlinc.ca\/wp-content\/uploads\/2023\/04\/2023_La-technique-CDL.pdf\"><img loading=\"lazy\" decoding=\"async\" width=\"612\" height=\"792\" src=\"https:\/\/www.cdlinc.ca\/wp-content\/uploads\/2023\/04\/2023_La-technique.jpg\" alt=\"\" class=\"wp-image-8973 size-full\" srcset=\"https:\/\/www.cdlinc.ca\/wp-content\/uploads\/2023\/04\/2023_La-technique.jpg 612w, https:\/\/www.cdlinc.ca\/wp-content\/uploads\/2023\/04\/2023_La-technique-250x324.jpg 250w, https:\/\/www.cdlinc.ca\/wp-content\/uploads\/2023\/04\/2023_La-technique-310x401.jpg 310w, https:\/\/www.cdlinc.ca\/wp-content\/uploads\/2023\/04\/2023_La-technique-120x155.jpg 120w\" sizes=\"auto, (max-width: 612px) 100vw, 612px\" \/><\/a><\/figure><div class=\"wp-block-media-text__content\">\n<div class=\"wp-block-buttons is-layout-flex wp-block-buttons-is-layout-flex\">\n<div class=\"wp-block-button\"><a class=\"wp-block-button__link wp-element-button\" href=\"https:\/\/www.cdlinc.ca\/wp-content\/uploads\/2023\/04\/2023_La-technique-CDL.pdf\">Troisi\u00e8me \u00e9dition &#8211; 2023<\/a><\/div>\n<\/div>\n<\/div><\/div>\n\n\n\n<div style=\"height:53px\" aria-hidden=\"true\" class=\"wp-block-spacer\"><\/div>\n\n\n\n<div class=\"wp-block-media-text alignwide is-stacked-on-mobile\" style=\"grid-template-columns:40% auto\"><figure class=\"wp-block-media-text__media\"><a href=\"https:\/\/www.cdlinc.ca\/wp-content\/uploads\/2022\/05\/La_Technique_Edition2.pdf\"><img loading=\"lazy\" decoding=\"async\" width=\"612\" height=\"792\" src=\"https:\/\/www.cdlinc.ca\/wp-content\/uploads\/2022\/05\/revue-2022.jpg\" alt=\"\" class=\"wp-image-7423 size-full\" srcset=\"https:\/\/www.cdlinc.ca\/wp-content\/uploads\/2022\/05\/revue-2022.jpg 612w, https:\/\/www.cdlinc.ca\/wp-content\/uploads\/2022\/05\/revue-2022-250x324.jpg 250w, https:\/\/www.cdlinc.ca\/wp-content\/uploads\/2022\/05\/revue-2022-310x401.jpg 310w, https:\/\/www.cdlinc.ca\/wp-content\/uploads\/2022\/05\/revue-2022-120x155.jpg 120w\" sizes=\"auto, (max-width: 612px) 100vw, 612px\" \/><\/a><\/figure><div class=\"wp-block-media-text__content\">\n<div class=\"wp-block-buttons is-layout-flex wp-block-buttons-is-layout-flex\">\n<div class=\"wp-block-button\"><a class=\"wp-block-button__link wp-element-button\" href=\"https:\/\/www.cdlinc.ca\/wp-content\/uploads\/2022\/05\/La_Technique_Edition2.pdf\">Deuxi\u00e8me \u00e9dition &#8211; 2022<\/a><\/div>\n<\/div>\n<\/div><\/div>\n\n\n\n<div style=\"height:53px\" aria-hidden=\"true\" class=\"wp-block-spacer\"><\/div>\n\n\n\n<div class=\"wp-block-media-text alignwide is-stacked-on-mobile\" style=\"grid-template-columns:40% auto\"><figure class=\"wp-block-media-text__media\"><a href=\"https:\/\/www.cdlinc.ca\/wp-content\/uploads\/2022\/05\/La_Technique_Edition1.pdf\"><img loading=\"lazy\" decoding=\"async\" width=\"612\" height=\"792\" src=\"https:\/\/www.cdlinc.ca\/wp-content\/uploads\/2022\/05\/revue-2021.jpg\" alt=\"\" class=\"wp-image-7426 size-full\" srcset=\"https:\/\/www.cdlinc.ca\/wp-content\/uploads\/2022\/05\/revue-2021.jpg 612w, https:\/\/www.cdlinc.ca\/wp-content\/uploads\/2022\/05\/revue-2021-250x324.jpg 250w, https:\/\/www.cdlinc.ca\/wp-content\/uploads\/2022\/05\/revue-2021-310x401.jpg 310w, https:\/\/www.cdlinc.ca\/wp-content\/uploads\/2022\/05\/revue-2021-120x155.jpg 120w\" sizes=\"auto, (max-width: 612px) 100vw, 612px\" \/><\/a><\/figure><div class=\"wp-block-media-text__content\">\n<div class=\"wp-block-buttons is-layout-flex wp-block-buttons-is-layout-flex\">\n<div class=\"wp-block-button\"><a class=\"wp-block-button__link wp-element-button\" href=\"https:\/\/www.cdlinc.ca\/wp-content\/uploads\/2022\/05\/La_Technique_Edition1.pdf\">Premi\u00e8re \u00e9dition &#8211; 2021<\/a><\/div>\n<\/div>\n<\/div><\/div>\n\n\n\n<p><\/p>\n","protected":false},"excerpt":{"rendered":"Ce magazine est un compl\u00e9ment au catalogue de produits annuel. Il a pour but de faire d\u00e9couvrir \u00e0 la client\u00e8le les nouvelles technologies CDL et les tendances en ac\u00e9riculture sous forme de reportages ou de t\u00e9moignages d\u2019experts et de clients. Disponible en version papier dans tous les magasins CDL.","protected":false},"author":10,"featured_media":0,"parent":0,"menu_order":0,"comment_status":"closed","ping_status":"closed","template":"","meta":{"_acf_changed":false,"footnotes":""},"class_list":["post-5879","page","type-page","status-publish","hentry"],"acf":[],"yoast_head":"<!-- This site is optimized with the Yoast SEO plugin v25.2 - https:\/\/yoast.com\/wordpress\/plugins\/seo\/ -->\n<title>Magazine - La technique CDL<\/title>\n<meta name=\"robots\" content=\"index, follow, max-snippet:-1, max-image-preview:large, max-video-preview:-1\" \/>\n<link rel=\"canonical\" href=\"https:\/\/www.cdlinc.ca\/fr\/magazine-cdl\/\" \/>\n<meta property=\"og:locale\" content=\"fr_FR\" \/>\n<meta property=\"og:type\" content=\"article\" \/>\n<meta property=\"og:title\" content=\"Magazine - La technique CDL\" \/>\n<meta property=\"og:description\" content=\"Ce magazine est un compl\u00e9ment au catalogue de produits annuel. Il a pour but de faire d\u00e9couvrir \u00e0 la client\u00e8le les nouvelles technologies CDL et les tendances en ac\u00e9riculture sous forme de reportages ou de t\u00e9moignages d\u2019experts et de clients. Disponible en version papier dans tous les magasins CDL.\" \/>\n<meta property=\"og:url\" content=\"https:\/\/www.cdlinc.ca\/fr\/magazine-cdl\/\" \/>\n<meta property=\"og:site_name\" content=\"Les \u00e9quipements d&#039;\u00e9rabli\u00e8re CDL\" \/>\n<meta property=\"article:modified_time\" content=\"2025-04-25T15:00:02+00:00\" \/>\n<meta property=\"og:image\" content=\"https:\/\/www.cdlinc.ca\/wp-content\/uploads\/2025\/04\/magazine-fr-2025-700x906.jpg\" \/>\n<meta name=\"twitter:card\" content=\"summary_large_image\" \/>\n<meta name=\"twitter:label1\" content=\"Dur\u00e9e de lecture estim\u00e9e\" \/>\n\t<meta name=\"twitter:data1\" content=\"2 minutes\" \/>\n<script type=\"application\/ld+json\" class=\"yoast-schema-graph\">{\"@context\":\"https:\/\/schema.org\",\"@graph\":[{\"@type\":\"WebPage\",\"@id\":\"https:\/\/www.cdlinc.ca\/fr\/magazine-cdl\/\",\"url\":\"https:\/\/www.cdlinc.ca\/fr\/magazine-cdl\/\",\"name\":\"Magazine - La technique CDL\",\"isPartOf\":{\"@id\":\"https:\/\/www.cdlinc.ca\/fr\/#website\"},\"primaryImageOfPage\":{\"@id\":\"https:\/\/www.cdlinc.ca\/fr\/magazine-cdl\/#primaryimage\"},\"image\":{\"@id\":\"https:\/\/www.cdlinc.ca\/fr\/magazine-cdl\/#primaryimage\"},\"thumbnailUrl\":\"https:\/\/www.cdlinc.ca\/wp-content\/uploads\/2025\/04\/magazine-fr-2025-700x906.jpg\",\"datePublished\":\"2021-04-23T00:30:24+00:00\",\"dateModified\":\"2025-04-25T15:00:02+00:00\",\"breadcrumb\":{\"@id\":\"https:\/\/www.cdlinc.ca\/fr\/magazine-cdl\/#breadcrumb\"},\"inLanguage\":\"fr-FR\",\"potentialAction\":[{\"@type\":\"ReadAction\",\"target\":[\"https:\/\/www.cdlinc.ca\/fr\/magazine-cdl\/\"]}]},{\"@type\":\"ImageObject\",\"inLanguage\":\"fr-FR\",\"@id\":\"https:\/\/www.cdlinc.ca\/fr\/magazine-cdl\/#primaryimage\",\"url\":\"https:\/\/www.cdlinc.ca\/wp-content\/uploads\/2025\/04\/magazine-fr-2025-700x906.jpg\",\"contentUrl\":\"https:\/\/www.cdlinc.ca\/wp-content\/uploads\/2025\/04\/magazine-fr-2025-700x906.jpg\"},{\"@type\":\"BreadcrumbList\",\"@id\":\"https:\/\/www.cdlinc.ca\/fr\/magazine-cdl\/#breadcrumb\",\"itemListElement\":[{\"@type\":\"ListItem\",\"position\":1,\"name\":\"Home\",\"item\":\"https:\/\/www.cdlinc.ca\/fr\/\"},{\"@type\":\"ListItem\",\"position\":2,\"name\":\"Magazine &#8211; La technique CDL\"}]},{\"@type\":\"WebSite\",\"@id\":\"https:\/\/www.cdlinc.ca\/fr\/#website\",\"url\":\"https:\/\/www.cdlinc.ca\/fr\/\",\"name\":\"Les \u00e9quipements d&#039;\u00e9rabli\u00e8re CDL\",\"description\":\"L&#039;ac\u00e9riculture c&#039;est votre passion... Nous aussi.\",\"potentialAction\":[{\"@type\":\"SearchAction\",\"target\":{\"@type\":\"EntryPoint\",\"urlTemplate\":\"https:\/\/www.cdlinc.ca\/fr\/?s={search_term_string}\"},\"query-input\":{\"@type\":\"PropertyValueSpecification\",\"valueRequired\":true,\"valueName\":\"search_term_string\"}}],\"inLanguage\":\"fr-FR\"}]}<\/script>\n<!-- \/ Yoast SEO plugin. -->","yoast_head_json":{"title":"Magazine - La technique CDL","robots":{"index":"index","follow":"follow","max-snippet":"max-snippet:-1","max-image-preview":"max-image-preview:large","max-video-preview":"max-video-preview:-1"},"canonical":"https:\/\/www.cdlinc.ca\/fr\/magazine-cdl\/","og_locale":"fr_FR","og_type":"article","og_title":"Magazine - La technique CDL","og_description":"Ce magazine est un compl\u00e9ment au catalogue de produits annuel. Il a pour but de faire d\u00e9couvrir \u00e0 la client\u00e8le les nouvelles technologies CDL et les tendances en ac\u00e9riculture sous forme de reportages ou de t\u00e9moignages d\u2019experts et de clients. Disponible en version papier dans tous les magasins CDL.","og_url":"https:\/\/www.cdlinc.ca\/fr\/magazine-cdl\/","og_site_name":"Les \u00e9quipements d&#039;\u00e9rabli\u00e8re CDL","article_modified_time":"2025-04-25T15:00:02+00:00","og_image":[{"url":"https:\/\/www.cdlinc.ca\/wp-content\/uploads\/2025\/04\/magazine-fr-2025-700x906.jpg","type":"","width":"","height":""}],"twitter_card":"summary_large_image","twitter_misc":{"Dur\u00e9e de lecture estim\u00e9e":"2 minutes"},"schema":{"@context":"https:\/\/schema.org","@graph":[{"@type":"WebPage","@id":"https:\/\/www.cdlinc.ca\/fr\/magazine-cdl\/","url":"https:\/\/www.cdlinc.ca\/fr\/magazine-cdl\/","name":"Magazine - La technique CDL","isPartOf":{"@id":"https:\/\/www.cdlinc.ca\/fr\/#website"},"primaryImageOfPage":{"@id":"https:\/\/www.cdlinc.ca\/fr\/magazine-cdl\/#primaryimage"},"image":{"@id":"https:\/\/www.cdlinc.ca\/fr\/magazine-cdl\/#primaryimage"},"thumbnailUrl":"https:\/\/www.cdlinc.ca\/wp-content\/uploads\/2025\/04\/magazine-fr-2025-700x906.jpg","datePublished":"2021-04-23T00:30:24+00:00","dateModified":"2025-04-25T15:00:02+00:00","breadcrumb":{"@id":"https:\/\/www.cdlinc.ca\/fr\/magazine-cdl\/#breadcrumb"},"inLanguage":"fr-FR","potentialAction":[{"@type":"ReadAction","target":["https:\/\/www.cdlinc.ca\/fr\/magazine-cdl\/"]}]},{"@type":"ImageObject","inLanguage":"fr-FR","@id":"https:\/\/www.cdlinc.ca\/fr\/magazine-cdl\/#primaryimage","url":"https:\/\/www.cdlinc.ca\/wp-content\/uploads\/2025\/04\/magazine-fr-2025-700x906.jpg","contentUrl":"https:\/\/www.cdlinc.ca\/wp-content\/uploads\/2025\/04\/magazine-fr-2025-700x906.jpg"},{"@type":"BreadcrumbList","@id":"https:\/\/www.cdlinc.ca\/fr\/magazine-cdl\/#breadcrumb","itemListElement":[{"@type":"ListItem","position":1,"name":"Home","item":"https:\/\/www.cdlinc.ca\/fr\/"},{"@type":"ListItem","position":2,"name":"Magazine &#8211; La technique CDL"}]},{"@type":"WebSite","@id":"https:\/\/www.cdlinc.ca\/fr\/#website","url":"https:\/\/www.cdlinc.ca\/fr\/","name":"Les \u00e9quipements d&#039;\u00e9rabli\u00e8re CDL","description":"L&#039;ac\u00e9riculture c&#039;est votre passion... Nous aussi.","potentialAction":[{"@type":"SearchAction","target":{"@type":"EntryPoint","urlTemplate":"https:\/\/www.cdlinc.ca\/fr\/?s={search_term_string}"},"query-input":{"@type":"PropertyValueSpecification","valueRequired":true,"valueName":"search_term_string"}}],"inLanguage":"fr-FR"}]}},"_links":{"self":[{"href":"https:\/\/www.cdlinc.ca\/fr\/wp-json\/wp\/v2\/pages\/5879","targetHints":{"allow":["GET"]}}],"collection":[{"href":"https:\/\/www.cdlinc.ca\/fr\/wp-json\/wp\/v2\/pages"}],"about":[{"href":"https:\/\/www.cdlinc.ca\/fr\/wp-json\/wp\/v2\/types\/page"}],"author":[{"embeddable":true,"href":"https:\/\/www.cdlinc.ca\/fr\/wp-json\/wp\/v2\/users\/10"}],"replies":[{"embeddable":true,"href":"https:\/\/www.cdlinc.ca\/fr\/wp-json\/wp\/v2\/comments?post=5879"}],"version-history":[{"count":36,"href":"https:\/\/www.cdlinc.ca\/fr\/wp-json\/wp\/v2\/pages\/5879\/revisions"}],"predecessor-version":[{"id":13078,"href":"https:\/\/www.cdlinc.ca\/fr\/wp-json\/wp\/v2\/pages\/5879\/revisions\/13078"}],"wp:attachment":[{"href":"https:\/\/www.cdlinc.ca\/fr\/wp-json\/wp\/v2\/media?parent=5879"}],"curies":[{"name":"wp","href":"https:\/\/api.w.org\/{rel}","templated":true}]}}