{"id":5307,"date":"2020-12-18T16:54:06","date_gmt":"2020-12-18T15:54:06","guid":{"rendered":"https:\/\/www.cdlinc.ca\/?page_id=5307\/"},"modified":"2023-06-09T15:04:10","modified_gmt":"2023-06-09T19:04:10","slug":"cest-quoi-4-0","status":"publish","type":"page","link":"https:\/\/www.cdlinc.ca\/fr\/cest-quoi-4-0\/","title":{"rendered":"C&rsquo;est quoi 4.0?"},"content":{"rendered":"<p><strong>Vision 4.0 en ac\u00e9riculture<\/strong><\/p>\n<p>AUTOMATISER SON \u00c9RABLI\u00c8RE DE LA FOR\u00caT AU BARIL\u2026 Les syst\u00e8mes intelligents font partie des tendances et des solutions \u00e0 bien des probl\u00e9matiques en ac\u00e9riculture comme dans plusieurs domaines parce qu\u2019ils nous aident \u00e0 prendre des d\u00e9cisions \u00e9clair\u00e9es.<\/p>\n<p>La vision 4.0 de CDL consiste \u00e0 cr\u00e9er l\u2019\u00e9rabli\u00e8re 100% automatis\u00e9e et contr\u00f4l\u00e9e \u00e0 distance, \u00e0 installer une synergie compl\u00e8te et \u00e0 interconnecter toutes les \u00e9tapes automatis\u00e9es de production du sirop d\u2019\u00e9rable de la goutte de s\u00e8ve en for\u00eat \u00e0 la goutte de sirop en baril.<\/p>\n<p>\u00a0<\/p>\n\n\n<figure class=\"wp-block-embed is-type-video is-provider-youtube wp-block-embed-youtube wp-embed-aspect-16-9 wp-has-aspect-ratio\"><div class=\"wp-block-embed__wrapper\">\n<iframe loading=\"lazy\" title=\"Vision 4.0 en ac\u00e9riculture\" width=\"900\" height=\"506\" src=\"https:\/\/www.youtube.com\/embed\/Rxx1Lw9sMQU?feature=oembed\" frameborder=\"0\" allow=\"accelerometer; autoplay; clipboard-write; encrypted-media; gyroscope; picture-in-picture; web-share\" allowfullscreen><\/iframe>\n<\/div><\/figure>\n","protected":false},"excerpt":{"rendered":"Vision 4.0 en ac\u00e9riculture AUTOMATISER SON \u00c9RABLI\u00c8RE DE LA FOR\u00caT AU BARIL\u2026 Les syst\u00e8mes intelligents font partie des tendances et des solutions \u00e0 bien des probl\u00e9matiques en ac\u00e9riculture comme dans plusieurs domaines parce qu\u2019ils nous aident \u00e0 prendre des d\u00e9cisions \u00e9clair\u00e9es. La vision 4.0 de CDL consiste \u00e0 cr\u00e9er l\u2019\u00e9rabli\u00e8re 100% automatis\u00e9e et contr\u00f4l\u00e9e \u00e0 [&hellip;]","protected":false},"author":10,"featured_media":0,"parent":0,"menu_order":0,"comment_status":"closed","ping_status":"closed","template":"","meta":{"_acf_changed":false,"footnotes":""},"class_list":["post-5307","page","type-page","status-publish","hentry"],"acf":[],"yoast_head":"<!-- This site is optimized with the Yoast SEO plugin v25.2 - https:\/\/yoast.com\/wordpress\/plugins\/seo\/ -->\n<title>C&#039;est quoi 4.0?<\/title>\n<meta name=\"robots\" content=\"index, follow, max-snippet:-1, max-image-preview:large, max-video-preview:-1\" \/>\n<link rel=\"canonical\" href=\"https:\/\/www.cdlinc.ca\/fr\/cest-quoi-4-0\/\" \/>\n<meta property=\"og:locale\" content=\"fr_FR\" \/>\n<meta property=\"og:type\" content=\"article\" \/>\n<meta property=\"og:title\" content=\"C&#039;est quoi 4.0?\" \/>\n<meta property=\"og:description\" content=\"Vision 4.0 en ac\u00e9riculture AUTOMATISER SON \u00c9RABLI\u00c8RE DE LA FOR\u00caT AU BARIL\u2026 Les syst\u00e8mes intelligents font partie des tendances et des solutions \u00e0 bien des probl\u00e9matiques en ac\u00e9riculture comme dans plusieurs domaines parce qu\u2019ils nous aident \u00e0 prendre des d\u00e9cisions \u00e9clair\u00e9es. La vision 4.0 de CDL consiste \u00e0 cr\u00e9er l\u2019\u00e9rabli\u00e8re 100% automatis\u00e9e et contr\u00f4l\u00e9e \u00e0 [&hellip;]\" \/>\n<meta property=\"og:url\" content=\"https:\/\/www.cdlinc.ca\/fr\/cest-quoi-4-0\/\" \/>\n<meta property=\"og:site_name\" content=\"Les \u00e9quipements d&#039;\u00e9rabli\u00e8re CDL\" \/>\n<meta property=\"article:modified_time\" content=\"2023-06-09T19:04:10+00:00\" \/>\n<meta property=\"og:image\" content=\"https:\/\/www.cdlinc.ca\/wp-content\/uploads\/2017\/04\/CDL_facebook_share_1200x630.jpg\" \/>\n<meta name=\"twitter:card\" content=\"summary_large_image\" \/>\n<meta name=\"twitter:label1\" content=\"Dur\u00e9e de lecture estim\u00e9e\" \/>\n\t<meta name=\"twitter:data1\" content=\"1 minute\" \/>\n<script type=\"application\/ld+json\" class=\"yoast-schema-graph\">{\"@context\":\"https:\/\/schema.org\",\"@graph\":[{\"@type\":\"WebPage\",\"@id\":\"https:\/\/www.cdlinc.ca\/fr\/cest-quoi-4-0\/\",\"url\":\"https:\/\/www.cdlinc.ca\/fr\/cest-quoi-4-0\/\",\"name\":\"C'est quoi 4.0?\",\"isPartOf\":{\"@id\":\"https:\/\/www.cdlinc.ca\/fr\/#website\"},\"datePublished\":\"2020-12-18T15:54:06+00:00\",\"dateModified\":\"2023-06-09T19:04:10+00:00\",\"breadcrumb\":{\"@id\":\"https:\/\/www.cdlinc.ca\/fr\/cest-quoi-4-0\/#breadcrumb\"},\"inLanguage\":\"fr-FR\",\"potentialAction\":[{\"@type\":\"ReadAction\",\"target\":[\"https:\/\/www.cdlinc.ca\/fr\/cest-quoi-4-0\/\"]}]},{\"@type\":\"BreadcrumbList\",\"@id\":\"https:\/\/www.cdlinc.ca\/fr\/cest-quoi-4-0\/#breadcrumb\",\"itemListElement\":[{\"@type\":\"ListItem\",\"position\":1,\"name\":\"Home\",\"item\":\"https:\/\/www.cdlinc.ca\/fr\/\"},{\"@type\":\"ListItem\",\"position\":2,\"name\":\"C&rsquo;est quoi 4.0?\"}]},{\"@type\":\"WebSite\",\"@id\":\"https:\/\/www.cdlinc.ca\/fr\/#website\",\"url\":\"https:\/\/www.cdlinc.ca\/fr\/\",\"name\":\"Les \u00e9quipements d&#039;\u00e9rabli\u00e8re CDL\",\"description\":\"L&#039;ac\u00e9riculture c&#039;est votre passion... Nous aussi.\",\"potentialAction\":[{\"@type\":\"SearchAction\",\"target\":{\"@type\":\"EntryPoint\",\"urlTemplate\":\"https:\/\/www.cdlinc.ca\/fr\/?s={search_term_string}\"},\"query-input\":{\"@type\":\"PropertyValueSpecification\",\"valueRequired\":true,\"valueName\":\"search_term_string\"}}],\"inLanguage\":\"fr-FR\"}]}<\/script>\n<!-- \/ Yoast SEO plugin. -->","yoast_head_json":{"title":"C'est quoi 4.0?","robots":{"index":"index","follow":"follow","max-snippet":"max-snippet:-1","max-image-preview":"max-image-preview:large","max-video-preview":"max-video-preview:-1"},"canonical":"https:\/\/www.cdlinc.ca\/fr\/cest-quoi-4-0\/","og_locale":"fr_FR","og_type":"article","og_title":"C'est quoi 4.0?","og_description":"Vision 4.0 en ac\u00e9riculture AUTOMATISER SON \u00c9RABLI\u00c8RE DE LA FOR\u00caT AU BARIL\u2026 Les syst\u00e8mes intelligents font partie des tendances et des solutions \u00e0 bien des probl\u00e9matiques en ac\u00e9riculture comme dans plusieurs domaines parce qu\u2019ils nous aident \u00e0 prendre des d\u00e9cisions \u00e9clair\u00e9es. La vision 4.0 de CDL consiste \u00e0 cr\u00e9er l\u2019\u00e9rabli\u00e8re 100% automatis\u00e9e et contr\u00f4l\u00e9e \u00e0 [&hellip;]","og_url":"https:\/\/www.cdlinc.ca\/fr\/cest-quoi-4-0\/","og_site_name":"Les \u00e9quipements d&#039;\u00e9rabli\u00e8re CDL","article_modified_time":"2023-06-09T19:04:10+00:00","og_image":[{"url":"https:\/\/www.cdlinc.ca\/wp-content\/uploads\/2017\/04\/CDL_facebook_share_1200x630.jpg","type":"","width":"","height":""}],"twitter_card":"summary_large_image","twitter_misc":{"Dur\u00e9e de lecture estim\u00e9e":"1 minute"},"schema":{"@context":"https:\/\/schema.org","@graph":[{"@type":"WebPage","@id":"https:\/\/www.cdlinc.ca\/fr\/cest-quoi-4-0\/","url":"https:\/\/www.cdlinc.ca\/fr\/cest-quoi-4-0\/","name":"C'est quoi 4.0?","isPartOf":{"@id":"https:\/\/www.cdlinc.ca\/fr\/#website"},"datePublished":"2020-12-18T15:54:06+00:00","dateModified":"2023-06-09T19:04:10+00:00","breadcrumb":{"@id":"https:\/\/www.cdlinc.ca\/fr\/cest-quoi-4-0\/#breadcrumb"},"inLanguage":"fr-FR","potentialAction":[{"@type":"ReadAction","target":["https:\/\/www.cdlinc.ca\/fr\/cest-quoi-4-0\/"]}]},{"@type":"BreadcrumbList","@id":"https:\/\/www.cdlinc.ca\/fr\/cest-quoi-4-0\/#breadcrumb","itemListElement":[{"@type":"ListItem","position":1,"name":"Home","item":"https:\/\/www.cdlinc.ca\/fr\/"},{"@type":"ListItem","position":2,"name":"C&rsquo;est quoi 4.0?"}]},{"@type":"WebSite","@id":"https:\/\/www.cdlinc.ca\/fr\/#website","url":"https:\/\/www.cdlinc.ca\/fr\/","name":"Les \u00e9quipements d&#039;\u00e9rabli\u00e8re CDL","description":"L&#039;ac\u00e9riculture c&#039;est votre passion... Nous aussi.","potentialAction":[{"@type":"SearchAction","target":{"@type":"EntryPoint","urlTemplate":"https:\/\/www.cdlinc.ca\/fr\/?s={search_term_string}"},"query-input":{"@type":"PropertyValueSpecification","valueRequired":true,"valueName":"search_term_string"}}],"inLanguage":"fr-FR"}]}},"_links":{"self":[{"href":"https:\/\/www.cdlinc.ca\/fr\/wp-json\/wp\/v2\/pages\/5307","targetHints":{"allow":["GET"]}}],"collection":[{"href":"https:\/\/www.cdlinc.ca\/fr\/wp-json\/wp\/v2\/pages"}],"about":[{"href":"https:\/\/www.cdlinc.ca\/fr\/wp-json\/wp\/v2\/types\/page"}],"author":[{"embeddable":true,"href":"https:\/\/www.cdlinc.ca\/fr\/wp-json\/wp\/v2\/users\/10"}],"replies":[{"embeddable":true,"href":"https:\/\/www.cdlinc.ca\/fr\/wp-json\/wp\/v2\/comments?post=5307"}],"version-history":[{"count":10,"href":"https:\/\/www.cdlinc.ca\/fr\/wp-json\/wp\/v2\/pages\/5307\/revisions"}],"predecessor-version":[{"id":9567,"href":"https:\/\/www.cdlinc.ca\/fr\/wp-json\/wp\/v2\/pages\/5307\/revisions\/9567"}],"wp:attachment":[{"href":"https:\/\/www.cdlinc.ca\/fr\/wp-json\/wp\/v2\/media?parent=5307"}],"curies":[{"name":"wp","href":"https:\/\/api.w.org\/{rel}","templated":true}]}}