{"id":5160,"date":"2020-10-05T15:33:21","date_gmt":"2020-10-05T14:33:21","guid":{"rendered":"https:\/\/www.cdlinc.ca\/?page_id=5160\/"},"modified":"2026-01-09T11:26:16","modified_gmt":"2026-01-09T15:26:16","slug":"aide-memoire","status":"publish","type":"page","link":"https:\/\/www.cdlinc.ca\/fr\/aide-memoire\/","title":{"rendered":"Aide-m\u00e9moire des sucres"},"content":{"rendered":"<p>T\u00e9l\u00e9chargez vos aide-m\u00e9moires pour planifier ad\u00e9quatement la prochaine saison des sucres\u2009! Que ce soit pour l\u2019entaillage, l\u2019entretien, la transformation ou la fin de saison, vous trouverez tout ce dont vous avez besoin pour une \u00e9rabli\u00e8re performante.<\/p>\n<p>\ud83d\udccc <strong>Une gamme compl\u00e8te d\u2019aide-m\u00e9moires disponibles <\/strong>:<\/p>\n<p>\ud83d\udd39 Aide-m\u00e9moire des sucres &#8211; Liste de produits \u00e0 acheter \u2192 <a href=\"https:\/\/www.cdlinc.ca\/wp-content\/uploads\/2026\/01\/Aide-Memoire-des-sucres-FR.pdf\">Cliquez ici pour le t\u00e9l\u00e9charger<\/a><\/p>\n<p>\ud83d\udd39 Aide-m\u00e9moire ABC For\u00eat \u2192 <em><a href=\"https:\/\/www.cdlinc.ca\/wp-content\/uploads\/2025\/02\/P1-Aide-memoire-ABC-Foret.pdf\">Cliquez ici pour le t\u00e9l\u00e9charger<\/a><\/em><\/p>\n<p>\ud83d\udd39 Aide-m\u00e9moire sur l&rsquo;installation en for\u00eat \u2192 <em><a href=\"https:\/\/www.cdlinc.ca\/wp-content\/uploads\/2025\/02\/P2-Aide-memoire-Foret.pdf\">Cliquez ici pour le t\u00e9l\u00e9charger<\/a><\/em><\/p>\n<p>\ud83d\udd39 Aide-m\u00e9moire sur la tubulure 5\/16 \u2192 <em><a href=\"https:\/\/www.cdlinc.ca\/wp-content\/uploads\/2025\/02\/P3-Aide-memoire-Tubulure-5-16.pdf\">Cliquez ici pour le t\u00e9l\u00e9charger<\/a><\/em><\/p>\n<p>\ud83d\udd39 Aide-m\u00e9moire sur les concentrateurs \u2192 <em><a href=\"https:\/\/www.cdlinc.ca\/wp-content\/uploads\/2025\/02\/P4-Aide-memoire-Concentrateurs.pdf\">Cliquez ici pour le t\u00e9l\u00e9charger<\/a><\/em><\/p>\n<p>\ud83d\udd39 Aide-m\u00e9moire sur les \u00e9vaporateurs \u2192 <em><a href=\"https:\/\/www.cdlinc.ca\/wp-content\/uploads\/2025\/02\/P5-Aide-memoire-evaporateurs.pdf\">Cliquez ici pour le t\u00e9l\u00e9charger<\/a><\/em><\/p>\n<p>\ud83d\udd39 Aide-m\u00e9moire sur l&rsquo;entaillage \u00e0 la chaudi\u00e8re \u2192 <em><a href=\"https:\/\/www.cdlinc.ca\/wp-content\/uploads\/2025\/02\/P6-Aide-memoire-Entaillage-a-la-chaudiere.pdf\">Cliquez ici pour le t\u00e9l\u00e9charger<\/a><\/em><\/p>\n<p>\ud83d\udd39 Aide-m\u00e9moire <em>les conseils d&rsquo;entaillage sous tubulure<\/em> \u2192 <em><a href=\"https:\/\/www.cdlinc.ca\/wp-content\/uploads\/2025\/02\/P7-Conseils-dentaillage-sous-tubulure.pdf\">Cliquez ici pour le t\u00e9l\u00e9charger<\/a><\/em><\/p>\n<p>\ud83d\udd39 Aide-m\u00e9moire sur l&rsquo;utilisation du Nano RO \u2192 <em><a href=\"https:\/\/www.cdlinc.ca\/wp-content\/uploads\/2025\/02\/P8-P9-Aide-memoire-Utilisation-Nano-RO.pdf\">Cliquez ici pour le t\u00e9l\u00e9charger<\/a><\/em><\/p>\n<p>Apportez vos aide-m\u00e9moires remplis dans une <a href=\"https:\/\/www.cdlinc.ca\/fr\/succursales-cdl-et-distributeurs\/\"><strong>succursale\u00a0CDL<\/strong><\/a> pr\u00e8s de chez vous ou envoyez-les \u00e0 votre <a href=\"https:\/\/www.cdlinc.ca\/fr\/representants\/\"><strong>repr\u00e9sentant\u00a0CDL<\/strong><\/a> pour obtenir un service personnalis\u00e9. Anticipez vos besoins et assurez-vous d\u2019\u00eatre bien pr\u00e9par\u00e9\u00a0: une saison r\u00e9ussie commence avec une bonne planification\u2009!<\/p>\n<p>Ne tardez pas, pr\u00e9parez-vous d\u00e8s maintenant avec CDL!<\/p>\n<p><a href=\"https:\/\/www.cdlinc.ca\/wp-content\/uploads\/2020\/10\/VF-Aide-memoire-2020-Formulaire.pdf\"><img loading=\"lazy\" decoding=\"async\" width=\"564\" height=\"253\" class=\"alignnone size-full wp-image-5165\" src=\"https:\/\/www.cdlinc.ca\/wp-content\/uploads\/2020\/10\/aidememoire-site-web.jpg\" alt=\"Aide-m\u00e9moire des sucres\" srcset=\"https:\/\/www.cdlinc.ca\/wp-content\/uploads\/2020\/10\/aidememoire-site-web.jpg 564w, https:\/\/www.cdlinc.ca\/wp-content\/uploads\/2020\/10\/aidememoire-site-web-250x112.jpg 250w, https:\/\/www.cdlinc.ca\/wp-content\/uploads\/2020\/10\/aidememoire-site-web-310x139.jpg 310w, https:\/\/www.cdlinc.ca\/wp-content\/uploads\/2020\/10\/aidememoire-site-web-120x54.jpg 120w\" sizes=\"auto, (max-width: 564px) 100vw, 564px\" \/><\/a><\/p>\n\n\n<p><\/p>\n","protected":false},"excerpt":{"rendered":"T\u00e9l\u00e9chargez vos aide-m\u00e9moires pour planifier ad\u00e9quatement la prochaine saison des sucres\u2009! Que ce soit pour l\u2019entaillage, l\u2019entretien, la transformation ou la fin de saison, vous trouverez tout ce dont vous avez besoin pour une \u00e9rabli\u00e8re performante. \ud83d\udccc Une gamme compl\u00e8te d\u2019aide-m\u00e9moires disponibles : \ud83d\udd39 Aide-m\u00e9moire des sucres &#8211; Liste de produits \u00e0 acheter \u2192 Cliquez [&hellip;]","protected":false},"author":10,"featured_media":0,"parent":0,"menu_order":0,"comment_status":"closed","ping_status":"closed","template":"","meta":{"_acf_changed":false,"footnotes":""},"class_list":["post-5160","page","type-page","status-publish","hentry"],"acf":[],"yoast_head":"<!-- This site is optimized with the Yoast SEO plugin v25.2 - https:\/\/yoast.com\/wordpress\/plugins\/seo\/ -->\n<title>Aide-m\u00e9moire des sucres<\/title>\n<meta name=\"robots\" content=\"index, follow, max-snippet:-1, max-image-preview:large, max-video-preview:-1\" \/>\n<link rel=\"canonical\" href=\"https:\/\/www.cdlinc.ca\/fr\/aide-memoire\/\" \/>\n<meta property=\"og:locale\" content=\"fr_FR\" \/>\n<meta property=\"og:type\" content=\"article\" \/>\n<meta property=\"og:title\" content=\"Aide-m\u00e9moire des sucres\" \/>\n<meta property=\"og:description\" content=\"T\u00e9l\u00e9chargez vos aide-m\u00e9moires pour planifier ad\u00e9quatement la prochaine saison des sucres\u2009! Que ce soit pour l\u2019entaillage, l\u2019entretien, la transformation ou la fin de saison, vous trouverez tout ce dont vous avez besoin pour une \u00e9rabli\u00e8re performante. \ud83d\udccc Une gamme compl\u00e8te d\u2019aide-m\u00e9moires disponibles : \ud83d\udd39 Aide-m\u00e9moire des sucres &#8211; Liste de produits \u00e0 acheter \u2192 Cliquez [&hellip;]\" \/>\n<meta property=\"og:url\" content=\"https:\/\/www.cdlinc.ca\/fr\/aide-memoire\/\" \/>\n<meta property=\"og:site_name\" content=\"Les \u00e9quipements d&#039;\u00e9rabli\u00e8re CDL\" \/>\n<meta property=\"article:modified_time\" content=\"2026-01-09T15:26:16+00:00\" \/>\n<meta property=\"og:image\" content=\"https:\/\/www.cdlinc.ca\/wp-content\/uploads\/2020\/10\/aidememoire-site-web.jpg\" \/>\n\t<meta property=\"og:image:width\" content=\"564\" \/>\n\t<meta property=\"og:image:height\" content=\"253\" \/>\n\t<meta property=\"og:image:type\" content=\"image\/jpeg\" \/>\n<meta name=\"twitter:card\" content=\"summary_large_image\" \/>\n<meta name=\"twitter:label1\" content=\"Dur\u00e9e de lecture estim\u00e9e\" \/>\n\t<meta name=\"twitter:data1\" content=\"2 minutes\" \/>\n<script type=\"application\/ld+json\" class=\"yoast-schema-graph\">{\"@context\":\"https:\/\/schema.org\",\"@graph\":[{\"@type\":\"WebPage\",\"@id\":\"https:\/\/www.cdlinc.ca\/fr\/aide-memoire\/\",\"url\":\"https:\/\/www.cdlinc.ca\/fr\/aide-memoire\/\",\"name\":\"Aide-m\u00e9moire des sucres\",\"isPartOf\":{\"@id\":\"https:\/\/www.cdlinc.ca\/fr\/#website\"},\"primaryImageOfPage\":{\"@id\":\"https:\/\/www.cdlinc.ca\/fr\/aide-memoire\/#primaryimage\"},\"image\":{\"@id\":\"https:\/\/www.cdlinc.ca\/fr\/aide-memoire\/#primaryimage\"},\"thumbnailUrl\":\"https:\/\/www.cdlinc.ca\/wp-content\/uploads\/2020\/10\/aidememoire-site-web.jpg\",\"datePublished\":\"2020-10-05T14:33:21+00:00\",\"dateModified\":\"2026-01-09T15:26:16+00:00\",\"breadcrumb\":{\"@id\":\"https:\/\/www.cdlinc.ca\/fr\/aide-memoire\/#breadcrumb\"},\"inLanguage\":\"fr-FR\",\"potentialAction\":[{\"@type\":\"ReadAction\",\"target\":[\"https:\/\/www.cdlinc.ca\/fr\/aide-memoire\/\"]}]},{\"@type\":\"ImageObject\",\"inLanguage\":\"fr-FR\",\"@id\":\"https:\/\/www.cdlinc.ca\/fr\/aide-memoire\/#primaryimage\",\"url\":\"https:\/\/www.cdlinc.ca\/wp-content\/uploads\/2020\/10\/aidememoire-site-web.jpg\",\"contentUrl\":\"https:\/\/www.cdlinc.ca\/wp-content\/uploads\/2020\/10\/aidememoire-site-web.jpg\"},{\"@type\":\"BreadcrumbList\",\"@id\":\"https:\/\/www.cdlinc.ca\/fr\/aide-memoire\/#breadcrumb\",\"itemListElement\":[{\"@type\":\"ListItem\",\"position\":1,\"name\":\"Home\",\"item\":\"https:\/\/www.cdlinc.ca\/fr\/\"},{\"@type\":\"ListItem\",\"position\":2,\"name\":\"Aide-m\u00e9moire des sucres\"}]},{\"@type\":\"WebSite\",\"@id\":\"https:\/\/www.cdlinc.ca\/fr\/#website\",\"url\":\"https:\/\/www.cdlinc.ca\/fr\/\",\"name\":\"Les \u00e9quipements d&#039;\u00e9rabli\u00e8re CDL\",\"description\":\"L&#039;ac\u00e9riculture c&#039;est votre passion... Nous aussi.\",\"potentialAction\":[{\"@type\":\"SearchAction\",\"target\":{\"@type\":\"EntryPoint\",\"urlTemplate\":\"https:\/\/www.cdlinc.ca\/fr\/?s={search_term_string}\"},\"query-input\":{\"@type\":\"PropertyValueSpecification\",\"valueRequired\":true,\"valueName\":\"search_term_string\"}}],\"inLanguage\":\"fr-FR\"}]}<\/script>\n<!-- \/ Yoast SEO plugin. -->","yoast_head_json":{"title":"Aide-m\u00e9moire des sucres","robots":{"index":"index","follow":"follow","max-snippet":"max-snippet:-1","max-image-preview":"max-image-preview:large","max-video-preview":"max-video-preview:-1"},"canonical":"https:\/\/www.cdlinc.ca\/fr\/aide-memoire\/","og_locale":"fr_FR","og_type":"article","og_title":"Aide-m\u00e9moire des sucres","og_description":"T\u00e9l\u00e9chargez vos aide-m\u00e9moires pour planifier ad\u00e9quatement la prochaine saison des sucres\u2009! Que ce soit pour l\u2019entaillage, l\u2019entretien, la transformation ou la fin de saison, vous trouverez tout ce dont vous avez besoin pour une \u00e9rabli\u00e8re performante. \ud83d\udccc Une gamme compl\u00e8te d\u2019aide-m\u00e9moires disponibles : \ud83d\udd39 Aide-m\u00e9moire des sucres &#8211; Liste de produits \u00e0 acheter \u2192 Cliquez [&hellip;]","og_url":"https:\/\/www.cdlinc.ca\/fr\/aide-memoire\/","og_site_name":"Les \u00e9quipements d&#039;\u00e9rabli\u00e8re CDL","article_modified_time":"2026-01-09T15:26:16+00:00","og_image":[{"width":564,"height":253,"url":"https:\/\/www.cdlinc.ca\/wp-content\/uploads\/2020\/10\/aidememoire-site-web.jpg","type":"image\/jpeg"}],"twitter_card":"summary_large_image","twitter_misc":{"Dur\u00e9e de lecture estim\u00e9e":"2 minutes"},"schema":{"@context":"https:\/\/schema.org","@graph":[{"@type":"WebPage","@id":"https:\/\/www.cdlinc.ca\/fr\/aide-memoire\/","url":"https:\/\/www.cdlinc.ca\/fr\/aide-memoire\/","name":"Aide-m\u00e9moire des sucres","isPartOf":{"@id":"https:\/\/www.cdlinc.ca\/fr\/#website"},"primaryImageOfPage":{"@id":"https:\/\/www.cdlinc.ca\/fr\/aide-memoire\/#primaryimage"},"image":{"@id":"https:\/\/www.cdlinc.ca\/fr\/aide-memoire\/#primaryimage"},"thumbnailUrl":"https:\/\/www.cdlinc.ca\/wp-content\/uploads\/2020\/10\/aidememoire-site-web.jpg","datePublished":"2020-10-05T14:33:21+00:00","dateModified":"2026-01-09T15:26:16+00:00","breadcrumb":{"@id":"https:\/\/www.cdlinc.ca\/fr\/aide-memoire\/#breadcrumb"},"inLanguage":"fr-FR","potentialAction":[{"@type":"ReadAction","target":["https:\/\/www.cdlinc.ca\/fr\/aide-memoire\/"]}]},{"@type":"ImageObject","inLanguage":"fr-FR","@id":"https:\/\/www.cdlinc.ca\/fr\/aide-memoire\/#primaryimage","url":"https:\/\/www.cdlinc.ca\/wp-content\/uploads\/2020\/10\/aidememoire-site-web.jpg","contentUrl":"https:\/\/www.cdlinc.ca\/wp-content\/uploads\/2020\/10\/aidememoire-site-web.jpg"},{"@type":"BreadcrumbList","@id":"https:\/\/www.cdlinc.ca\/fr\/aide-memoire\/#breadcrumb","itemListElement":[{"@type":"ListItem","position":1,"name":"Home","item":"https:\/\/www.cdlinc.ca\/fr\/"},{"@type":"ListItem","position":2,"name":"Aide-m\u00e9moire des sucres"}]},{"@type":"WebSite","@id":"https:\/\/www.cdlinc.ca\/fr\/#website","url":"https:\/\/www.cdlinc.ca\/fr\/","name":"Les \u00e9quipements d&#039;\u00e9rabli\u00e8re CDL","description":"L&#039;ac\u00e9riculture c&#039;est votre passion... Nous aussi.","potentialAction":[{"@type":"SearchAction","target":{"@type":"EntryPoint","urlTemplate":"https:\/\/www.cdlinc.ca\/fr\/?s={search_term_string}"},"query-input":{"@type":"PropertyValueSpecification","valueRequired":true,"valueName":"search_term_string"}}],"inLanguage":"fr-FR"}]}},"_links":{"self":[{"href":"https:\/\/www.cdlinc.ca\/fr\/wp-json\/wp\/v2\/pages\/5160","targetHints":{"allow":["GET"]}}],"collection":[{"href":"https:\/\/www.cdlinc.ca\/fr\/wp-json\/wp\/v2\/pages"}],"about":[{"href":"https:\/\/www.cdlinc.ca\/fr\/wp-json\/wp\/v2\/types\/page"}],"author":[{"embeddable":true,"href":"https:\/\/www.cdlinc.ca\/fr\/wp-json\/wp\/v2\/users\/10"}],"replies":[{"embeddable":true,"href":"https:\/\/www.cdlinc.ca\/fr\/wp-json\/wp\/v2\/comments?post=5160"}],"version-history":[{"count":18,"href":"https:\/\/www.cdlinc.ca\/fr\/wp-json\/wp\/v2\/pages\/5160\/revisions"}],"predecessor-version":[{"id":14274,"href":"https:\/\/www.cdlinc.ca\/fr\/wp-json\/wp\/v2\/pages\/5160\/revisions\/14274"}],"wp:attachment":[{"href":"https:\/\/www.cdlinc.ca\/fr\/wp-json\/wp\/v2\/media?parent=5160"}],"curies":[{"name":"wp","href":"https:\/\/api.w.org\/{rel}","templated":true}]}}