{"id":4675,"date":"2020-05-09T13:16:34","date_gmt":"2020-05-09T12:16:34","guid":{"rendered":"https:\/\/www.cdlinc.ca\/?page_id=4675\/"},"modified":"2020-05-14T18:48:28","modified_gmt":"2020-05-14T17:48:28","slug":"evenementvirtuel-concours","status":"publish","type":"page","link":"https:\/\/www.cdlinc.ca\/fr\/evenementvirtuel-concours\/","title":{"rendered":"Porte ouverte virtuelle &#8211; concours"},"content":{"rendered":"<p><strong><img loading=\"lazy\" decoding=\"async\" width=\"1951\" height=\"1106\" class=\"alignnone size-full wp-image-4683\" src=\"https:\/\/www.cdlinc.ca\/wp-content\/uploads\/2020\/05\/contest-atv-fr.jpg\" alt=\"\" srcset=\"https:\/\/www.cdlinc.ca\/wp-content\/uploads\/2020\/05\/contest-atv-fr.jpg 1951w, https:\/\/www.cdlinc.ca\/wp-content\/uploads\/2020\/05\/contest-atv-fr-250x142.jpg 250w, https:\/\/www.cdlinc.ca\/wp-content\/uploads\/2020\/05\/contest-atv-fr-768x435.jpg 768w, https:\/\/www.cdlinc.ca\/wp-content\/uploads\/2020\/05\/contest-atv-fr-700x397.jpg 700w, https:\/\/www.cdlinc.ca\/wp-content\/uploads\/2020\/05\/contest-atv-fr-310x176.jpg 310w, https:\/\/www.cdlinc.ca\/wp-content\/uploads\/2020\/05\/contest-atv-fr-120x68.jpg 120w\" sizes=\"auto, (max-width: 1951px) 100vw, 1951px\" \/>Conditions :<\/strong><\/p>\n<p>Valide du 1 mai au 31 mai 2020<\/p>\n<p>Pour tout achat minimal de 500$ avant taxes (minimum de 500$ pay\u00e9 au comptoir), remise d\u2019un (1) coupon par client par tranche de 500$. R\u00e9sident du Canada seulement.<\/p>\n<p>Pour toute commande compl\u00e9t\u00e9e et sign\u00e9e (d\u00e9p\u00f4t obligatoire \u00e0 payer selon la politique en vigueur ou un minimum de 500$), remise d\u2019un (1) coupon par client pour chaque tranche de 500$ avant taxes.<\/p>\n<p>Le tirage aura lieu le 5 juin 2020, au si\u00e8ge social des \u00c9quipements d\u2019\u00c9rabli\u00e8re CDL inc.<\/p>\n<p>&nbsp;<\/p>\n","protected":false},"excerpt":{"rendered":"Conditions : Valide du 1 mai au 31 mai 2020 Pour tout achat minimal de 500$ avant taxes (minimum de 500$ pay\u00e9 au comptoir), remise d\u2019un (1) coupon par client par tranche de 500$. R\u00e9sident du Canada seulement. Pour toute commande compl\u00e9t\u00e9e et sign\u00e9e (d\u00e9p\u00f4t obligatoire \u00e0 payer selon la politique en vigueur ou un [&hellip;]","protected":false},"author":10,"featured_media":4682,"parent":0,"menu_order":0,"comment_status":"closed","ping_status":"closed","template":"","meta":{"_acf_changed":false,"footnotes":""},"class_list":["post-4675","page","type-page","status-publish","has-post-thumbnail","hentry"],"acf":[],"yoast_head":"<!-- This site is optimized with the Yoast SEO plugin v25.2 - https:\/\/yoast.com\/wordpress\/plugins\/seo\/ -->\n<title>Porte ouverte virtuelle - concours<\/title>\n<meta name=\"robots\" content=\"index, follow, max-snippet:-1, max-image-preview:large, max-video-preview:-1\" \/>\n<link rel=\"canonical\" href=\"https:\/\/www.cdlinc.ca\/fr\/evenementvirtuel-concours\/\" \/>\n<meta property=\"og:locale\" content=\"fr_FR\" \/>\n<meta property=\"og:type\" content=\"article\" \/>\n<meta property=\"og:title\" content=\"Porte ouverte virtuelle - concours\" \/>\n<meta property=\"og:description\" content=\"Conditions : Valide du 1 mai au 31 mai 2020 Pour tout achat minimal de 500$ avant taxes (minimum de 500$ pay\u00e9 au comptoir), remise d\u2019un (1) coupon par client par tranche de 500$. R\u00e9sident du Canada seulement. Pour toute commande compl\u00e9t\u00e9e et sign\u00e9e (d\u00e9p\u00f4t obligatoire \u00e0 payer selon la politique en vigueur ou un [&hellip;]\" \/>\n<meta property=\"og:url\" content=\"https:\/\/www.cdlinc.ca\/fr\/evenementvirtuel-concours\/\" \/>\n<meta property=\"og:site_name\" content=\"Les \u00e9quipements d&#039;\u00e9rabli\u00e8re CDL\" \/>\n<meta property=\"article:modified_time\" content=\"2020-05-14T17:48:28+00:00\" \/>\n<meta property=\"og:image\" content=\"https:\/\/www.cdlinc.ca\/wp-content\/uploads\/2020\/05\/image-website.fr_.jpg\" \/>\n\t<meta property=\"og:image:width\" content=\"1980\" \/>\n\t<meta property=\"og:image:height\" content=\"711\" \/>\n\t<meta property=\"og:image:type\" content=\"image\/jpeg\" \/>\n<meta name=\"twitter:card\" content=\"summary_large_image\" \/>\n<script type=\"application\/ld+json\" class=\"yoast-schema-graph\">{\"@context\":\"https:\/\/schema.org\",\"@graph\":[{\"@type\":\"WebPage\",\"@id\":\"https:\/\/www.cdlinc.ca\/fr\/evenementvirtuel-concours\/\",\"url\":\"https:\/\/www.cdlinc.ca\/fr\/evenementvirtuel-concours\/\",\"name\":\"Porte ouverte virtuelle - concours\",\"isPartOf\":{\"@id\":\"https:\/\/www.cdlinc.ca\/fr\/#website\"},\"primaryImageOfPage\":{\"@id\":\"https:\/\/www.cdlinc.ca\/fr\/evenementvirtuel-concours\/#primaryimage\"},\"image\":{\"@id\":\"https:\/\/www.cdlinc.ca\/fr\/evenementvirtuel-concours\/#primaryimage\"},\"thumbnailUrl\":\"https:\/\/www.cdlinc.ca\/wp-content\/uploads\/2020\/05\/image-website.fr_.jpg\",\"datePublished\":\"2020-05-09T12:16:34+00:00\",\"dateModified\":\"2020-05-14T17:48:28+00:00\",\"breadcrumb\":{\"@id\":\"https:\/\/www.cdlinc.ca\/fr\/evenementvirtuel-concours\/#breadcrumb\"},\"inLanguage\":\"fr-FR\",\"potentialAction\":[{\"@type\":\"ReadAction\",\"target\":[\"https:\/\/www.cdlinc.ca\/fr\/evenementvirtuel-concours\/\"]}]},{\"@type\":\"ImageObject\",\"inLanguage\":\"fr-FR\",\"@id\":\"https:\/\/www.cdlinc.ca\/fr\/evenementvirtuel-concours\/#primaryimage\",\"url\":\"https:\/\/www.cdlinc.ca\/wp-content\/uploads\/2020\/05\/image-website.fr_.jpg\",\"contentUrl\":\"https:\/\/www.cdlinc.ca\/wp-content\/uploads\/2020\/05\/image-website.fr_.jpg\",\"width\":1980,\"height\":711},{\"@type\":\"BreadcrumbList\",\"@id\":\"https:\/\/www.cdlinc.ca\/fr\/evenementvirtuel-concours\/#breadcrumb\",\"itemListElement\":[{\"@type\":\"ListItem\",\"position\":1,\"name\":\"Home\",\"item\":\"https:\/\/www.cdlinc.ca\/fr\/\"},{\"@type\":\"ListItem\",\"position\":2,\"name\":\"Porte ouverte virtuelle &#8211; concours\"}]},{\"@type\":\"WebSite\",\"@id\":\"https:\/\/www.cdlinc.ca\/fr\/#website\",\"url\":\"https:\/\/www.cdlinc.ca\/fr\/\",\"name\":\"Les \u00e9quipements d&#039;\u00e9rabli\u00e8re CDL\",\"description\":\"L&#039;ac\u00e9riculture c&#039;est votre passion... Nous aussi.\",\"potentialAction\":[{\"@type\":\"SearchAction\",\"target\":{\"@type\":\"EntryPoint\",\"urlTemplate\":\"https:\/\/www.cdlinc.ca\/fr\/?s={search_term_string}\"},\"query-input\":{\"@type\":\"PropertyValueSpecification\",\"valueRequired\":true,\"valueName\":\"search_term_string\"}}],\"inLanguage\":\"fr-FR\"}]}<\/script>\n<!-- \/ Yoast SEO plugin. -->","yoast_head_json":{"title":"Porte ouverte virtuelle - concours","robots":{"index":"index","follow":"follow","max-snippet":"max-snippet:-1","max-image-preview":"max-image-preview:large","max-video-preview":"max-video-preview:-1"},"canonical":"https:\/\/www.cdlinc.ca\/fr\/evenementvirtuel-concours\/","og_locale":"fr_FR","og_type":"article","og_title":"Porte ouverte virtuelle - concours","og_description":"Conditions : Valide du 1 mai au 31 mai 2020 Pour tout achat minimal de 500$ avant taxes (minimum de 500$ pay\u00e9 au comptoir), remise d\u2019un (1) coupon par client par tranche de 500$. R\u00e9sident du Canada seulement. Pour toute commande compl\u00e9t\u00e9e et sign\u00e9e (d\u00e9p\u00f4t obligatoire \u00e0 payer selon la politique en vigueur ou un [&hellip;]","og_url":"https:\/\/www.cdlinc.ca\/fr\/evenementvirtuel-concours\/","og_site_name":"Les \u00e9quipements d&#039;\u00e9rabli\u00e8re CDL","article_modified_time":"2020-05-14T17:48:28+00:00","og_image":[{"width":1980,"height":711,"url":"https:\/\/www.cdlinc.ca\/wp-content\/uploads\/2020\/05\/image-website.fr_.jpg","type":"image\/jpeg"}],"twitter_card":"summary_large_image","schema":{"@context":"https:\/\/schema.org","@graph":[{"@type":"WebPage","@id":"https:\/\/www.cdlinc.ca\/fr\/evenementvirtuel-concours\/","url":"https:\/\/www.cdlinc.ca\/fr\/evenementvirtuel-concours\/","name":"Porte ouverte virtuelle - concours","isPartOf":{"@id":"https:\/\/www.cdlinc.ca\/fr\/#website"},"primaryImageOfPage":{"@id":"https:\/\/www.cdlinc.ca\/fr\/evenementvirtuel-concours\/#primaryimage"},"image":{"@id":"https:\/\/www.cdlinc.ca\/fr\/evenementvirtuel-concours\/#primaryimage"},"thumbnailUrl":"https:\/\/www.cdlinc.ca\/wp-content\/uploads\/2020\/05\/image-website.fr_.jpg","datePublished":"2020-05-09T12:16:34+00:00","dateModified":"2020-05-14T17:48:28+00:00","breadcrumb":{"@id":"https:\/\/www.cdlinc.ca\/fr\/evenementvirtuel-concours\/#breadcrumb"},"inLanguage":"fr-FR","potentialAction":[{"@type":"ReadAction","target":["https:\/\/www.cdlinc.ca\/fr\/evenementvirtuel-concours\/"]}]},{"@type":"ImageObject","inLanguage":"fr-FR","@id":"https:\/\/www.cdlinc.ca\/fr\/evenementvirtuel-concours\/#primaryimage","url":"https:\/\/www.cdlinc.ca\/wp-content\/uploads\/2020\/05\/image-website.fr_.jpg","contentUrl":"https:\/\/www.cdlinc.ca\/wp-content\/uploads\/2020\/05\/image-website.fr_.jpg","width":1980,"height":711},{"@type":"BreadcrumbList","@id":"https:\/\/www.cdlinc.ca\/fr\/evenementvirtuel-concours\/#breadcrumb","itemListElement":[{"@type":"ListItem","position":1,"name":"Home","item":"https:\/\/www.cdlinc.ca\/fr\/"},{"@type":"ListItem","position":2,"name":"Porte ouverte virtuelle &#8211; concours"}]},{"@type":"WebSite","@id":"https:\/\/www.cdlinc.ca\/fr\/#website","url":"https:\/\/www.cdlinc.ca\/fr\/","name":"Les \u00e9quipements d&#039;\u00e9rabli\u00e8re CDL","description":"L&#039;ac\u00e9riculture c&#039;est votre passion... Nous aussi.","potentialAction":[{"@type":"SearchAction","target":{"@type":"EntryPoint","urlTemplate":"https:\/\/www.cdlinc.ca\/fr\/?s={search_term_string}"},"query-input":{"@type":"PropertyValueSpecification","valueRequired":true,"valueName":"search_term_string"}}],"inLanguage":"fr-FR"}]}},"_links":{"self":[{"href":"https:\/\/www.cdlinc.ca\/fr\/wp-json\/wp\/v2\/pages\/4675","targetHints":{"allow":["GET"]}}],"collection":[{"href":"https:\/\/www.cdlinc.ca\/fr\/wp-json\/wp\/v2\/pages"}],"about":[{"href":"https:\/\/www.cdlinc.ca\/fr\/wp-json\/wp\/v2\/types\/page"}],"author":[{"embeddable":true,"href":"https:\/\/www.cdlinc.ca\/fr\/wp-json\/wp\/v2\/users\/10"}],"replies":[{"embeddable":true,"href":"https:\/\/www.cdlinc.ca\/fr\/wp-json\/wp\/v2\/comments?post=4675"}],"version-history":[{"count":4,"href":"https:\/\/www.cdlinc.ca\/fr\/wp-json\/wp\/v2\/pages\/4675\/revisions"}],"predecessor-version":[{"id":4804,"href":"https:\/\/www.cdlinc.ca\/fr\/wp-json\/wp\/v2\/pages\/4675\/revisions\/4804"}],"wp:featuredmedia":[{"embeddable":true,"href":"https:\/\/www.cdlinc.ca\/fr\/wp-json\/wp\/v2\/media\/4682"}],"wp:attachment":[{"href":"https:\/\/www.cdlinc.ca\/fr\/wp-json\/wp\/v2\/media?parent=4675"}],"curies":[{"name":"wp","href":"https:\/\/api.w.org\/{rel}","templated":true}]}}