{"id":4505,"date":"2020-04-28T17:38:00","date_gmt":"2020-04-28T16:38:00","guid":{"rendered":"https:\/\/www.cdlusa.com\/?page_id=3245\/"},"modified":"2020-06-08T17:08:48","modified_gmt":"2020-06-08T16:08:48","slug":"evenementvirtuel","status":"publish","type":"page","link":"https:\/\/www.cdlinc.ca\/fr\/evenementvirtuel\/","title":{"rendered":"Porte Ouverte Virtuelle"},"content":{"rendered":"","protected":false},"excerpt":{"rendered":"","protected":false},"author":2,"featured_media":4580,"parent":0,"menu_order":0,"comment_status":"closed","ping_status":"closed","template":"page-videos.php","meta":{"_acf_changed":false,"footnotes":""},"class_list":["post-4505","page","type-page","status-publish","has-post-thumbnail","hentry"],"acf":[],"yoast_head":"<!-- This site is optimized with the Yoast SEO plugin v25.2 - https:\/\/yoast.com\/wordpress\/plugins\/seo\/ -->\n<title>Porte Ouverte Virtuelle<\/title>\n<meta name=\"description\" content=\"Online Open house Event. Videos and more.\" \/>\n<meta name=\"robots\" content=\"index, follow, max-snippet:-1, max-image-preview:large, max-video-preview:-1\" \/>\n<link rel=\"canonical\" href=\"https:\/\/www.cdlinc.ca\/fr\/evenementvirtuel\/\" \/>\n<meta property=\"og:locale\" content=\"fr_FR\" \/>\n<meta property=\"og:type\" content=\"article\" \/>\n<meta property=\"og:title\" content=\"Porte Ouverte Virtuelle\" \/>\n<meta property=\"og:description\" content=\"Online Open house Event. Videos and more.\" \/>\n<meta property=\"og:url\" content=\"https:\/\/www.cdlinc.ca\/fr\/evenementvirtuel\/\" \/>\n<meta property=\"og:site_name\" content=\"Les \u00e9quipements d&#039;\u00e9rabli\u00e8re CDL\" \/>\n<meta property=\"article:modified_time\" content=\"2020-06-08T16:08:48+00:00\" \/>\n<meta property=\"og:image\" content=\"https:\/\/www.cdlinc.ca\/wp-content\/uploads\/2020\/04\/OnlineOpenHouse_Bandeaupage_CAN_FR-e1588792674496.jpg\" \/>\n\t<meta property=\"og:image:width\" content=\"1915\" \/>\n\t<meta property=\"og:image:height\" content=\"1171\" \/>\n\t<meta property=\"og:image:type\" content=\"image\/jpeg\" \/>\n<meta name=\"twitter:card\" content=\"summary_large_image\" \/>\n<script type=\"application\/ld+json\" class=\"yoast-schema-graph\">{\"@context\":\"https:\/\/schema.org\",\"@graph\":[{\"@type\":\"WebPage\",\"@id\":\"https:\/\/www.cdlinc.ca\/fr\/evenementvirtuel\/\",\"url\":\"https:\/\/www.cdlinc.ca\/fr\/evenementvirtuel\/\",\"name\":\"Porte Ouverte Virtuelle\",\"isPartOf\":{\"@id\":\"https:\/\/www.cdlinc.ca\/fr\/#website\"},\"primaryImageOfPage\":{\"@id\":\"https:\/\/www.cdlinc.ca\/fr\/evenementvirtuel\/#primaryimage\"},\"image\":{\"@id\":\"https:\/\/www.cdlinc.ca\/fr\/evenementvirtuel\/#primaryimage\"},\"thumbnailUrl\":\"https:\/\/www.cdlinc.ca\/wp-content\/uploads\/2020\/04\/OnlineOpenHouse_Bandeaupage_CAN_FR-e1588792674496.jpg\",\"datePublished\":\"2020-04-28T16:38:00+00:00\",\"dateModified\":\"2020-06-08T16:08:48+00:00\",\"description\":\"Online Open house Event. Videos and more.\",\"breadcrumb\":{\"@id\":\"https:\/\/www.cdlinc.ca\/fr\/evenementvirtuel\/#breadcrumb\"},\"inLanguage\":\"fr-FR\",\"potentialAction\":[{\"@type\":\"ReadAction\",\"target\":[\"https:\/\/www.cdlinc.ca\/fr\/evenementvirtuel\/\"]}]},{\"@type\":\"ImageObject\",\"inLanguage\":\"fr-FR\",\"@id\":\"https:\/\/www.cdlinc.ca\/fr\/evenementvirtuel\/#primaryimage\",\"url\":\"https:\/\/www.cdlinc.ca\/wp-content\/uploads\/2020\/04\/OnlineOpenHouse_Bandeaupage_CAN_FR-e1588792674496.jpg\",\"contentUrl\":\"https:\/\/www.cdlinc.ca\/wp-content\/uploads\/2020\/04\/OnlineOpenHouse_Bandeaupage_CAN_FR-e1588792674496.jpg\",\"width\":1915,\"height\":1171},{\"@type\":\"BreadcrumbList\",\"@id\":\"https:\/\/www.cdlinc.ca\/fr\/evenementvirtuel\/#breadcrumb\",\"itemListElement\":[{\"@type\":\"ListItem\",\"position\":1,\"name\":\"Home\",\"item\":\"https:\/\/www.cdlinc.ca\/fr\/\"},{\"@type\":\"ListItem\",\"position\":2,\"name\":\"Porte Ouverte Virtuelle\"}]},{\"@type\":\"WebSite\",\"@id\":\"https:\/\/www.cdlinc.ca\/fr\/#website\",\"url\":\"https:\/\/www.cdlinc.ca\/fr\/\",\"name\":\"Les \u00e9quipements d&#039;\u00e9rabli\u00e8re CDL\",\"description\":\"L&#039;ac\u00e9riculture c&#039;est votre passion... Nous aussi.\",\"potentialAction\":[{\"@type\":\"SearchAction\",\"target\":{\"@type\":\"EntryPoint\",\"urlTemplate\":\"https:\/\/www.cdlinc.ca\/fr\/?s={search_term_string}\"},\"query-input\":{\"@type\":\"PropertyValueSpecification\",\"valueRequired\":true,\"valueName\":\"search_term_string\"}}],\"inLanguage\":\"fr-FR\"}]}<\/script>\n<!-- \/ Yoast SEO plugin. -->","yoast_head_json":{"title":"Porte Ouverte Virtuelle","description":"Online Open house Event. Videos and more.","robots":{"index":"index","follow":"follow","max-snippet":"max-snippet:-1","max-image-preview":"max-image-preview:large","max-video-preview":"max-video-preview:-1"},"canonical":"https:\/\/www.cdlinc.ca\/fr\/evenementvirtuel\/","og_locale":"fr_FR","og_type":"article","og_title":"Porte Ouverte Virtuelle","og_description":"Online Open house Event. Videos and more.","og_url":"https:\/\/www.cdlinc.ca\/fr\/evenementvirtuel\/","og_site_name":"Les \u00e9quipements d&#039;\u00e9rabli\u00e8re CDL","article_modified_time":"2020-06-08T16:08:48+00:00","og_image":[{"width":1915,"height":1171,"url":"https:\/\/www.cdlinc.ca\/wp-content\/uploads\/2020\/04\/OnlineOpenHouse_Bandeaupage_CAN_FR-e1588792674496.jpg","type":"image\/jpeg"}],"twitter_card":"summary_large_image","schema":{"@context":"https:\/\/schema.org","@graph":[{"@type":"WebPage","@id":"https:\/\/www.cdlinc.ca\/fr\/evenementvirtuel\/","url":"https:\/\/www.cdlinc.ca\/fr\/evenementvirtuel\/","name":"Porte Ouverte Virtuelle","isPartOf":{"@id":"https:\/\/www.cdlinc.ca\/fr\/#website"},"primaryImageOfPage":{"@id":"https:\/\/www.cdlinc.ca\/fr\/evenementvirtuel\/#primaryimage"},"image":{"@id":"https:\/\/www.cdlinc.ca\/fr\/evenementvirtuel\/#primaryimage"},"thumbnailUrl":"https:\/\/www.cdlinc.ca\/wp-content\/uploads\/2020\/04\/OnlineOpenHouse_Bandeaupage_CAN_FR-e1588792674496.jpg","datePublished":"2020-04-28T16:38:00+00:00","dateModified":"2020-06-08T16:08:48+00:00","description":"Online Open house Event. Videos and more.","breadcrumb":{"@id":"https:\/\/www.cdlinc.ca\/fr\/evenementvirtuel\/#breadcrumb"},"inLanguage":"fr-FR","potentialAction":[{"@type":"ReadAction","target":["https:\/\/www.cdlinc.ca\/fr\/evenementvirtuel\/"]}]},{"@type":"ImageObject","inLanguage":"fr-FR","@id":"https:\/\/www.cdlinc.ca\/fr\/evenementvirtuel\/#primaryimage","url":"https:\/\/www.cdlinc.ca\/wp-content\/uploads\/2020\/04\/OnlineOpenHouse_Bandeaupage_CAN_FR-e1588792674496.jpg","contentUrl":"https:\/\/www.cdlinc.ca\/wp-content\/uploads\/2020\/04\/OnlineOpenHouse_Bandeaupage_CAN_FR-e1588792674496.jpg","width":1915,"height":1171},{"@type":"BreadcrumbList","@id":"https:\/\/www.cdlinc.ca\/fr\/evenementvirtuel\/#breadcrumb","itemListElement":[{"@type":"ListItem","position":1,"name":"Home","item":"https:\/\/www.cdlinc.ca\/fr\/"},{"@type":"ListItem","position":2,"name":"Porte Ouverte Virtuelle"}]},{"@type":"WebSite","@id":"https:\/\/www.cdlinc.ca\/fr\/#website","url":"https:\/\/www.cdlinc.ca\/fr\/","name":"Les \u00e9quipements d&#039;\u00e9rabli\u00e8re CDL","description":"L&#039;ac\u00e9riculture c&#039;est votre passion... Nous aussi.","potentialAction":[{"@type":"SearchAction","target":{"@type":"EntryPoint","urlTemplate":"https:\/\/www.cdlinc.ca\/fr\/?s={search_term_string}"},"query-input":{"@type":"PropertyValueSpecification","valueRequired":true,"valueName":"search_term_string"}}],"inLanguage":"fr-FR"}]}},"_links":{"self":[{"href":"https:\/\/www.cdlinc.ca\/fr\/wp-json\/wp\/v2\/pages\/4505","targetHints":{"allow":["GET"]}}],"collection":[{"href":"https:\/\/www.cdlinc.ca\/fr\/wp-json\/wp\/v2\/pages"}],"about":[{"href":"https:\/\/www.cdlinc.ca\/fr\/wp-json\/wp\/v2\/types\/page"}],"author":[{"embeddable":true,"href":"https:\/\/www.cdlinc.ca\/fr\/wp-json\/wp\/v2\/users\/2"}],"replies":[{"embeddable":true,"href":"https:\/\/www.cdlinc.ca\/fr\/wp-json\/wp\/v2\/comments?post=4505"}],"version-history":[{"count":67,"href":"https:\/\/www.cdlinc.ca\/fr\/wp-json\/wp\/v2\/pages\/4505\/revisions"}],"predecessor-version":[{"id":4900,"href":"https:\/\/www.cdlinc.ca\/fr\/wp-json\/wp\/v2\/pages\/4505\/revisions\/4900"}],"wp:featuredmedia":[{"embeddable":true,"href":"https:\/\/www.cdlinc.ca\/fr\/wp-json\/wp\/v2\/media\/4580"}],"wp:attachment":[{"href":"https:\/\/www.cdlinc.ca\/fr\/wp-json\/wp\/v2\/media?parent=4505"}],"curies":[{"name":"wp","href":"https:\/\/api.w.org\/{rel}","templated":true}]}}