{"id":4279,"date":"2020-03-03T20:32:13","date_gmt":"2020-03-03T19:32:13","guid":{"rendered":"https:\/\/www.cdlinc.ca\/?page_id=4279\/"},"modified":"2020-05-28T13:47:45","modified_gmt":"2020-05-28T12:47:45","slug":"etiquettes","status":"publish","type":"page","link":"https:\/\/www.cdlinc.ca\/fr\/etiquettes\/","title":{"rendered":"\u00c9tiquettes personnalis\u00e9es"},"content":{"rendered":"<h3>Collection de cruchons CDL<br \/>\nMarche \u00e0 suivre pour la r\u00e9alisation d&rsquo;\u00e9tiquettes personnalis\u00e9es.<\/h3>\n<p>Lors d&rsquo;une commande, veuillez d&rsquo;abord imprimer et remplir le document\u00a0suivant : <a href=\"https:\/\/www.cdlinc.ca\/wp-content\/uploads\/2020\/03\/procedure-fr.pdf\" target=\"_blank\" rel=\"noopener noreferrer\"><strong><span style=\"color: #78a81b;\">Proc\u00e9dure.pdf<\/span><\/strong><\/a><br \/>\nEnsuite, pour la r\u00e9alisation des \u00e9tiquettes, le client peut choisir l&rsquo;une des 3 options suivantes :<\/p>\n<p>&nbsp;<\/p>\n<p><img loading=\"lazy\" decoding=\"async\" width=\"1980\" height=\"556\" class=\"size-full wp-image-4310 aligncenter\" src=\"https:\/\/www.cdlinc.ca\/wp-content\/uploads\/2020\/03\/visuel.jpg\" alt=\"\" srcset=\"https:\/\/www.cdlinc.ca\/wp-content\/uploads\/2020\/03\/visuel.jpg 1980w, https:\/\/www.cdlinc.ca\/wp-content\/uploads\/2020\/03\/visuel-250x70.jpg 250w, https:\/\/www.cdlinc.ca\/wp-content\/uploads\/2020\/03\/visuel-768x216.jpg 768w, https:\/\/www.cdlinc.ca\/wp-content\/uploads\/2020\/03\/visuel-700x197.jpg 700w, https:\/\/www.cdlinc.ca\/wp-content\/uploads\/2020\/03\/visuel-310x87.jpg 310w, https:\/\/www.cdlinc.ca\/wp-content\/uploads\/2020\/03\/visuel-120x34.jpg 120w\" sizes=\"auto, (max-width: 1980px) 100vw, 1980px\" \/><\/p>\n<h3><b>OPTION 1 : Choix d\u2019un mod\u00e8le parmi notre s\u00e9lection <\/b><span class=\"s1\"><b>(sans frais)<\/b><\/span><\/h3>\n<p>Cette option vous permet de choisir un visuel parmi 4 mod\u00e8les d\u2019\u00e9tiquettes pr\u00e9d\u00e9termin\u00e9. Certains espaces sont personnalisables selon vos go\u00fbts et besoins tels que logo, adresse et site Internet. La r\u00e9alisation de vos fichiers d\u2019\u00e9tiquettes sera assur\u00e9e par le designer graphique de CDL.<\/p>\n<p><a href=\"https:\/\/www.cdlinc.ca\/wp-content\/uploads\/2020\/03\/annexe1-fr.pdf\" target=\"_blank\" rel=\"noopener noreferrer\"><strong><span style=\"color: #78a81b;\">Veuillez remplir l\u2019annexe 1 pour vous pr\u00e9valoir de cette option.<\/span><\/strong><\/a><br \/>\n<a href=\"https:\/\/www.cdlinc.ca\/wp-content\/uploads\/2020\/03\/visuel-fr.pdf\" target=\"_blank\" rel=\"noopener noreferrer\"><strong><span style=\"color: #78a81b;\">Cliquez ici pour voir les visuels.<\/span><\/strong><\/a><\/p>\n<p>______________<\/p>\n<h3><b>OPTION 2 : Visuels fournis par le client<span class=\"Apple-converted-space\">\u00a0 <\/span><\/b><span class=\"s1\"><b>(sans frais)<\/b><\/span><b> <\/b><\/h3>\n<p>En optant pour cette option, vous \u00eatre responsable enti\u00e8rement de vos visuels. Cette option est recommand\u00e9e si vous travaillez d\u00e9j\u00e0 avec un graphiste. Dans ce cas, CDL s\u2019engage \u00e0 vous fournir les gabarits d\u2019\u00e9tiquettes et les indications n\u00e9cessaires pour une bonne r\u00e9alisation des visuels.<\/p>\n<p><a href=\"https:\/\/www.cdlinc.ca\/wp-content\/uploads\/2020\/03\/annexe2-fr.pdf\" target=\"_blank\" rel=\"noopener noreferrer\"><strong><span style=\"color: #78a81b;\">Veuillez remplir l\u2019annexe 2 pour vous pr\u00e9valoir de cette option.<\/span><\/strong><\/a><\/p>\n<p>Les gabarits d&rsquo;\u00e9tiquettes peuvent \u00eatre t\u00e9l\u00e9charg\u00e9s\u00a0:\u00a0<a href=\"https:\/\/www.cdlinc.ca\/wp-content\/uploads\/2020\/05\/CANADA-FRANCAIS.zip\" target=\"_blank\" rel=\"noopener noreferrer\"><strong><span style=\"color: #78a81b;\">ICI<\/span><\/strong><\/a><\/p>\n<p>______________<\/p>\n<h3><b>OPTION 3 : R\u00e9alisation 100% sur mesure par cdl<span class=\"Apple-converted-space\">\u00a0 <\/span><\/b><span class=\"s1\"><b>(frais de <\/b><\/span><span class=\"s4\"><b>250$<\/b><\/span><span class=\"s1\"><b> en sus)<\/b><\/span><b> <\/b><\/h3>\n<p>Vous avez quelque chose de pr\u00e9cis en t\u00eate? Laissez le service de designer graphique qualifi\u00e9 de CDL r\u00e9aliser vos \u00e9tiquettes sur mesure selon vos besoins.<\/p>\n<p><a href=\"https:\/\/www.cdlinc.ca\/wp-content\/uploads\/2020\/03\/annexe3-fr.pdf\" target=\"_blank\" rel=\"noopener noreferrer\"><strong><span style=\"color: #78a81b;\">Veuillez remplir l\u2019annexe 3 pour vous pr\u00e9valoir de cette option.<\/span><\/strong><\/a><\/p>\n","protected":false},"excerpt":{"rendered":"Collection de cruchons CDL Marche \u00e0 suivre pour la r\u00e9alisation d&rsquo;\u00e9tiquettes personnalis\u00e9es. Lors d&rsquo;une commande, veuillez d&rsquo;abord imprimer et remplir le document\u00a0suivant : Proc\u00e9dure.pdf Ensuite, pour la r\u00e9alisation des \u00e9tiquettes, le client peut choisir l&rsquo;une des 3 options suivantes : &nbsp; OPTION 1 : Choix d\u2019un mod\u00e8le parmi notre s\u00e9lection (sans frais) Cette option vous [&hellip;]","protected":false},"author":10,"featured_media":0,"parent":0,"menu_order":0,"comment_status":"closed","ping_status":"closed","template":"","meta":{"_acf_changed":false,"footnotes":""},"class_list":["post-4279","page","type-page","status-publish","hentry"],"acf":[],"yoast_head":"<!-- This site is optimized with the Yoast SEO plugin v25.2 - https:\/\/yoast.com\/wordpress\/plugins\/seo\/ -->\n<title>\u00c9tiquettes personnalis\u00e9es<\/title>\n<meta name=\"robots\" content=\"index, follow, max-snippet:-1, max-image-preview:large, max-video-preview:-1\" \/>\n<link rel=\"canonical\" href=\"https:\/\/www.cdlinc.ca\/fr\/etiquettes\/\" \/>\n<meta property=\"og:locale\" content=\"fr_FR\" \/>\n<meta property=\"og:type\" content=\"article\" \/>\n<meta property=\"og:title\" content=\"\u00c9tiquettes personnalis\u00e9es\" \/>\n<meta property=\"og:description\" content=\"Collection de cruchons CDL Marche \u00e0 suivre pour la r\u00e9alisation d&rsquo;\u00e9tiquettes personnalis\u00e9es. Lors d&rsquo;une commande, veuillez d&rsquo;abord imprimer et remplir le document\u00a0suivant : Proc\u00e9dure.pdf Ensuite, pour la r\u00e9alisation des \u00e9tiquettes, le client peut choisir l&rsquo;une des 3 options suivantes : &nbsp; OPTION 1 : Choix d\u2019un mod\u00e8le parmi notre s\u00e9lection (sans frais) Cette option vous [&hellip;]\" \/>\n<meta property=\"og:url\" content=\"https:\/\/www.cdlinc.ca\/fr\/etiquettes\/\" \/>\n<meta property=\"og:site_name\" content=\"Les \u00e9quipements d&#039;\u00e9rabli\u00e8re CDL\" \/>\n<meta property=\"article:modified_time\" content=\"2020-05-28T12:47:45+00:00\" \/>\n<meta property=\"og:image\" content=\"https:\/\/www.cdlinc.ca\/wp-content\/uploads\/2020\/03\/visuel.jpg\" \/>\n<meta name=\"twitter:card\" content=\"summary_large_image\" \/>\n<meta name=\"twitter:label1\" content=\"Dur\u00e9e de lecture estim\u00e9e\" \/>\n\t<meta name=\"twitter:data1\" content=\"1 minute\" \/>\n<script type=\"application\/ld+json\" class=\"yoast-schema-graph\">{\"@context\":\"https:\/\/schema.org\",\"@graph\":[{\"@type\":\"WebPage\",\"@id\":\"https:\/\/www.cdlinc.ca\/fr\/etiquettes\/\",\"url\":\"https:\/\/www.cdlinc.ca\/fr\/etiquettes\/\",\"name\":\"\u00c9tiquettes personnalis\u00e9es\",\"isPartOf\":{\"@id\":\"https:\/\/www.cdlinc.ca\/fr\/#website\"},\"primaryImageOfPage\":{\"@id\":\"https:\/\/www.cdlinc.ca\/fr\/etiquettes\/#primaryimage\"},\"image\":{\"@id\":\"https:\/\/www.cdlinc.ca\/fr\/etiquettes\/#primaryimage\"},\"thumbnailUrl\":\"https:\/\/www.cdlinc.ca\/wp-content\/uploads\/2020\/03\/visuel.jpg\",\"datePublished\":\"2020-03-03T19:32:13+00:00\",\"dateModified\":\"2020-05-28T12:47:45+00:00\",\"breadcrumb\":{\"@id\":\"https:\/\/www.cdlinc.ca\/fr\/etiquettes\/#breadcrumb\"},\"inLanguage\":\"fr-FR\",\"potentialAction\":[{\"@type\":\"ReadAction\",\"target\":[\"https:\/\/www.cdlinc.ca\/fr\/etiquettes\/\"]}]},{\"@type\":\"ImageObject\",\"inLanguage\":\"fr-FR\",\"@id\":\"https:\/\/www.cdlinc.ca\/fr\/etiquettes\/#primaryimage\",\"url\":\"https:\/\/www.cdlinc.ca\/wp-content\/uploads\/2020\/03\/visuel.jpg\",\"contentUrl\":\"https:\/\/www.cdlinc.ca\/wp-content\/uploads\/2020\/03\/visuel.jpg\"},{\"@type\":\"BreadcrumbList\",\"@id\":\"https:\/\/www.cdlinc.ca\/fr\/etiquettes\/#breadcrumb\",\"itemListElement\":[{\"@type\":\"ListItem\",\"position\":1,\"name\":\"Home\",\"item\":\"https:\/\/www.cdlinc.ca\/fr\/\"},{\"@type\":\"ListItem\",\"position\":2,\"name\":\"\u00c9tiquettes personnalis\u00e9es\"}]},{\"@type\":\"WebSite\",\"@id\":\"https:\/\/www.cdlinc.ca\/fr\/#website\",\"url\":\"https:\/\/www.cdlinc.ca\/fr\/\",\"name\":\"Les \u00e9quipements d&#039;\u00e9rabli\u00e8re CDL\",\"description\":\"L&#039;ac\u00e9riculture c&#039;est votre passion... Nous aussi.\",\"potentialAction\":[{\"@type\":\"SearchAction\",\"target\":{\"@type\":\"EntryPoint\",\"urlTemplate\":\"https:\/\/www.cdlinc.ca\/fr\/?s={search_term_string}\"},\"query-input\":{\"@type\":\"PropertyValueSpecification\",\"valueRequired\":true,\"valueName\":\"search_term_string\"}}],\"inLanguage\":\"fr-FR\"}]}<\/script>\n<!-- \/ Yoast SEO plugin. -->","yoast_head_json":{"title":"\u00c9tiquettes personnalis\u00e9es","robots":{"index":"index","follow":"follow","max-snippet":"max-snippet:-1","max-image-preview":"max-image-preview:large","max-video-preview":"max-video-preview:-1"},"canonical":"https:\/\/www.cdlinc.ca\/fr\/etiquettes\/","og_locale":"fr_FR","og_type":"article","og_title":"\u00c9tiquettes personnalis\u00e9es","og_description":"Collection de cruchons CDL Marche \u00e0 suivre pour la r\u00e9alisation d&rsquo;\u00e9tiquettes personnalis\u00e9es. Lors d&rsquo;une commande, veuillez d&rsquo;abord imprimer et remplir le document\u00a0suivant : Proc\u00e9dure.pdf Ensuite, pour la r\u00e9alisation des \u00e9tiquettes, le client peut choisir l&rsquo;une des 3 options suivantes : &nbsp; OPTION 1 : Choix d\u2019un mod\u00e8le parmi notre s\u00e9lection (sans frais) Cette option vous [&hellip;]","og_url":"https:\/\/www.cdlinc.ca\/fr\/etiquettes\/","og_site_name":"Les \u00e9quipements d&#039;\u00e9rabli\u00e8re CDL","article_modified_time":"2020-05-28T12:47:45+00:00","og_image":[{"url":"https:\/\/www.cdlinc.ca\/wp-content\/uploads\/2020\/03\/visuel.jpg","type":"","width":"","height":""}],"twitter_card":"summary_large_image","twitter_misc":{"Dur\u00e9e de lecture estim\u00e9e":"1 minute"},"schema":{"@context":"https:\/\/schema.org","@graph":[{"@type":"WebPage","@id":"https:\/\/www.cdlinc.ca\/fr\/etiquettes\/","url":"https:\/\/www.cdlinc.ca\/fr\/etiquettes\/","name":"\u00c9tiquettes personnalis\u00e9es","isPartOf":{"@id":"https:\/\/www.cdlinc.ca\/fr\/#website"},"primaryImageOfPage":{"@id":"https:\/\/www.cdlinc.ca\/fr\/etiquettes\/#primaryimage"},"image":{"@id":"https:\/\/www.cdlinc.ca\/fr\/etiquettes\/#primaryimage"},"thumbnailUrl":"https:\/\/www.cdlinc.ca\/wp-content\/uploads\/2020\/03\/visuel.jpg","datePublished":"2020-03-03T19:32:13+00:00","dateModified":"2020-05-28T12:47:45+00:00","breadcrumb":{"@id":"https:\/\/www.cdlinc.ca\/fr\/etiquettes\/#breadcrumb"},"inLanguage":"fr-FR","potentialAction":[{"@type":"ReadAction","target":["https:\/\/www.cdlinc.ca\/fr\/etiquettes\/"]}]},{"@type":"ImageObject","inLanguage":"fr-FR","@id":"https:\/\/www.cdlinc.ca\/fr\/etiquettes\/#primaryimage","url":"https:\/\/www.cdlinc.ca\/wp-content\/uploads\/2020\/03\/visuel.jpg","contentUrl":"https:\/\/www.cdlinc.ca\/wp-content\/uploads\/2020\/03\/visuel.jpg"},{"@type":"BreadcrumbList","@id":"https:\/\/www.cdlinc.ca\/fr\/etiquettes\/#breadcrumb","itemListElement":[{"@type":"ListItem","position":1,"name":"Home","item":"https:\/\/www.cdlinc.ca\/fr\/"},{"@type":"ListItem","position":2,"name":"\u00c9tiquettes personnalis\u00e9es"}]},{"@type":"WebSite","@id":"https:\/\/www.cdlinc.ca\/fr\/#website","url":"https:\/\/www.cdlinc.ca\/fr\/","name":"Les \u00e9quipements d&#039;\u00e9rabli\u00e8re CDL","description":"L&#039;ac\u00e9riculture c&#039;est votre passion... Nous aussi.","potentialAction":[{"@type":"SearchAction","target":{"@type":"EntryPoint","urlTemplate":"https:\/\/www.cdlinc.ca\/fr\/?s={search_term_string}"},"query-input":{"@type":"PropertyValueSpecification","valueRequired":true,"valueName":"search_term_string"}}],"inLanguage":"fr-FR"}]}},"_links":{"self":[{"href":"https:\/\/www.cdlinc.ca\/fr\/wp-json\/wp\/v2\/pages\/4279","targetHints":{"allow":["GET"]}}],"collection":[{"href":"https:\/\/www.cdlinc.ca\/fr\/wp-json\/wp\/v2\/pages"}],"about":[{"href":"https:\/\/www.cdlinc.ca\/fr\/wp-json\/wp\/v2\/types\/page"}],"author":[{"embeddable":true,"href":"https:\/\/www.cdlinc.ca\/fr\/wp-json\/wp\/v2\/users\/10"}],"replies":[{"embeddable":true,"href":"https:\/\/www.cdlinc.ca\/fr\/wp-json\/wp\/v2\/comments?post=4279"}],"version-history":[{"count":14,"href":"https:\/\/www.cdlinc.ca\/fr\/wp-json\/wp\/v2\/pages\/4279\/revisions"}],"predecessor-version":[{"id":4850,"href":"https:\/\/www.cdlinc.ca\/fr\/wp-json\/wp\/v2\/pages\/4279\/revisions\/4850"}],"wp:attachment":[{"href":"https:\/\/www.cdlinc.ca\/fr\/wp-json\/wp\/v2\/media?parent=4279"}],"curies":[{"name":"wp","href":"https:\/\/api.w.org\/{rel}","templated":true}]}}