{"id":4134,"date":"2020-02-05T21:54:47","date_gmt":"2020-02-05T20:54:47","guid":{"rendered":"https:\/\/www.cdlinc.ca\/?page_id=4134\/"},"modified":"2021-04-13T20:16:26","modified_gmt":"2021-04-13T19:16:26","slug":"nouveautes","status":"publish","type":"page","link":"https:\/\/www.cdlinc.ca\/fr\/nouveautes\/","title":{"rendered":"Nouveaut\u00e9s"},"content":{"rendered":"<h3 style=\"text-align: left;\">CDL vous pr\u00e9sente\u00a0ses nouveaux produits!<\/h3>\n<p>&nbsp;<\/p>\n<h3 style=\"text-align: left;\">La Collection de cruchons CDL<\/h3>\n<p>[embedyt] https:\/\/www.youtube.com\/watch?v=QxydBNIOvAE[\/embedyt]<\/p>\n<p>R\u00e9sistants et compacts, les cruchons CDL ont \u00e9t\u00e9 con\u00e7us pour la r\u00e9alit\u00e9 des ac\u00e9riculteurs d\u2019aujourd\u2019hui. D\u00e9couvrez une collection au look moderne, dynamique et exclusif, tout en gardant un petit c\u00f4t\u00e9 bien classique de cette grande tradition. Disponibles en 4L, 2L, 1L, 500mL, 250mL et 100mL. Bouchons inclus.<\/p>\n<p><strong>Possibilit\u00e9 de personnaliser les \u00e9tiquettes \u00e0 votre image!\u00a0\u00a0<\/strong><\/p>\n<p><strong><a href=\"https:\/\/www.cdlinc.ca\/fr\/representants\/\" target=\"_blank\" rel=\"noopener noreferrer\"><span style=\"color: #78a81b;\">Informez-vous<\/span><\/a>.<\/strong><\/p>\n<p>_____<\/p>\n<h3>Valve modulante r\u00e9gulatrice de vacuum<\/h3>\n<p>[embedyt] https:\/\/www.youtube.com\/watch?v=Q6F-vObdtow[\/embedyt]<\/p>\n<p><strong>Option du syst\u00e8me de Monitoring\u00a0CDL permettant la <span class=\"s1\">modulation du vacuum\u00a0<\/span>\u00e0 distance<\/strong>.\u00a0Meilleure gestion du gel pr\u00e9matur\u00e9 des ma\u00eetres-lignes \u00e0 temp\u00e9rature avoisinant 0 \u00b0C. \u00c9conomie d\u2019\u00e9nergie pour la pompe en p\u00e9riode de gel ou pendant la nuit lorsque la coul\u00e9e est tr\u00e8s petite. Meilleure gestion du vacuum versus le gel. Peut permettre un d\u00e9marrage plus rapide de la coul\u00e9e en d\u00e9but de journ\u00e9e pour les syst\u00e8mes moins \u00e9tanches.<\/p>\n<p><a href=\"https:\/\/www.cdlinc.ca\/fr\/categories-de-produit\/systeme-monitoring\/\" target=\"_blank\" rel=\"noopener noreferrer\"><span style=\"color: #78a81b;\"><strong>Cliquez ici pour voir nos produits Monitoring.<\/strong><\/span><\/a><\/p>\n<p>_____<\/p>\n<h3 style=\"text-align: left;\">Ultrafiltration&#8230; Faites partie de la prochaine r\u00e9volution ac\u00e9ricole!<\/h3>\n<p>[embedyt] https:\/\/www.youtube.com\/watch?v=ODjMMhyvcwM[\/embedyt]<\/p>\n<p><strong>Normes de qualit\u00e9 CDL et simplicit\u00e9 d\u2019op\u00e9ration.<\/strong>\u00a0Con\u00e7u pour l\u2019ultrafiltration de la s\u00e8ve d\u2019\u00e9rable, de bouleau et de concentr\u00e9. \u00c9limine les bact\u00e9ries, levures et autres particules organiques des liquides. Am\u00e9liore la dur\u00e9e de pr\u00e9servation de la s\u00e8ve et du concentr\u00e9.<\/p>\n<p><a href=\"https:\/\/www.cdlinc.ca\/fr\/produits\/ultrafiltration\/\" target=\"_blank\" rel=\"noopener noreferrer\"><span style=\"color: #78a81b;\"><strong>Cliquez ici pour en savoir plus!<\/strong><\/span><\/a><\/p>\n<p>_____<\/p>\n<h3 style=\"text-align: left;\">Nouvelles presses \u00e0 sirop CDLWESFAB<\/h3>\n<p>[embedyt] https:\/\/www.youtube.com\/watch?v=nR2oFvQJBCw[\/embedyt]<\/p>\n<p>Gr\u00e2ce \u00e0 la combinaison des forces de CDL et celles de Wesfab, une nouvelle gamme de presses\u00a0\u00e0 plaques de qualit\u00e9 sup\u00e9rieure est introduite sur le march\u00e9 pour am\u00e9liorer la performance et la facilit\u00e9 de la filtration dans vos cabanes \u00e0 sucre. <strong>Fabriqu\u00e9e enti\u00e8rement au Canada et aux \u00c9tats-Unis.<\/strong> Construction l\u00e9g\u00e8re et compacte facile \u00e0 d\u00e9placer. Offerte en format 7, 10 et 15 pouces.<\/p>\n<p><a href=\"https:\/\/www.cdlinc.ca\/fr\/categories-de-produit\/presses-a-sirop\/\" target=\"_blank\" rel=\"noopener noreferrer\"><span style=\"color: #78a81b;\"><strong>Personnalisez votre presse gr\u00e2ce aux nombreuses options disponibles!<\/strong><\/span><\/a><\/p>\n<p>_____<\/p>\n<h3>Gamme d&rsquo;\u00e9vaporateurs\u00a0VENTURI haute performance \u00ab\u00a0airtight\u00a0\u00bb CDL<\/h3>\n<p>[embedyt] https:\/\/www.youtube.com\/watch?v=cud8Q0O5d6s[\/embedyt]<\/p>\n<p>Cette gamme poss\u00e8de un <strong>syst\u00e8me de tire artificiel <span class=\"s1\"> unique permettant <\/span>l\u2019apport d\u2019air primaire\u00a0\u00e0 haute pression\u00a0<span class=\"s2\">par succion<\/span><\/strong>. Augmentez de fa\u00e7on simple et s\u00e9curitaire la performance d\u2019\u00e9vaporation de l\u2019\u00e9vaporateur avec le syst\u00e8me Venturi Performance developp\u00e9 par CDL.<\/p>\n<p><a href=\"https:\/\/www.cdlinc.ca\/fr\/produits\/evaporateurs-venturi\/\" target=\"_blank\" rel=\"noopener noreferrer\"><span style=\"color: #78a81b;\"><strong>Cliquez ici pour en savoir plus!<\/strong><\/span><\/a><\/p>\n<p>_____<\/p>\n<h3 style=\"text-align: left;\">R\u00e9servoir et conteneur 40&prime; CDL<\/h3>\n<p>[embedyt] https:\/\/www.youtube.com\/watch?v=FvzE0oVIwjs[\/embedyt]<\/p>\n<p>Le nouveau r\u00e9servoir et conteneur 40&prime; est la meilleure option pour les grosses quantit\u00e9 d&rsquo;eau d&rsquo;\u00e9rable. Ce r\u00e9servoir peut contenir environ 9800 gallons imp\u00e9riaux d&rsquo;eau d&rsquo;\u00e9rable. Les dimensions sont\u00a0 7&prime; de large,\u00a089\u2033 de haut et 36&prime; de long. Comprend une sortie d&rsquo;eau de 3\u2033,\u00a0un trop-plein de 4\u2033, un niveau d&rsquo;eau ainsi qu&rsquo;une porte d&rsquo;acc\u00e8s en acier inoxydable.<\/p>\n<p><a href=\"https:\/\/www.cdlinc.ca\/fr\/produits\/bassin-conteneur-40-cdl\/\" target=\"_blank\" rel=\"noopener noreferrer\"><span style=\"color: #78a81b;\"><strong>Cliquez ici pour en savoir plus!<\/strong><\/span><\/a><\/p>\n<p>_____<\/p>\n<h3 style=\"text-align: left;\">Silos verticaux CDL<\/h3>\n<p>[embedyt] https:\/\/www.youtube.com\/watch?v=_WAy7v9CvZ8[\/embedyt]<\/p>\n<p>La nouvelle fa\u00e7on d&#8217;emmagasiner l&rsquo;eau d&rsquo;\u00e9rable: Le silo vertical<br \/>\nFabrication en acier inoxydable. Dessous renforc\u00e9 et isol\u00e9 \u00e0 l&rsquo;ur\u00e9thane. Disponible en 4 formats: 12&prime; x 10&prime; (8,400 gallons US) 12&prime; x 15&prime; (12,000 gallons US) 12&prime; x 20&prime; (15,750 gallons US) 12&prime; x 25&prime; (20,500 gallons US)<\/p>\n<p><a href=\"https:\/\/www.cdlinc.ca\/fr\/produits\/silos-verticaux\/\" target=\"_blank\" rel=\"noopener noreferrer\"><span style=\"color: #78a81b;\"><strong>Cliquez ici pour en savoir plus!<\/strong><\/span><\/a><\/p>\n<p>_____<\/p>\n<h3 style=\"text-align: left;\">Fumoir (pour \u00c9vap-O-Grill)<\/h3>\n<p>[embedyt] https:\/\/www.youtube.com\/watch?v=oDRZw7CYNWQ[\/embedyt]<\/p>\n<p>Le fumoir pour \u00c9vap-O-Grill est con\u00e7u pour fumage des aliments et non pour les griller ou pour cuire \u00e0 haute temp\u00e9rature.\u00a0Facile \u00e0 assembler!<\/p>\n<p><a href=\"https:\/\/webstore.cdlinc.ca\/fr\/fumoir-evap-o-grill\" target=\"_blank\" rel=\"noopener noreferrer\"><span style=\"color: #78a81b;\"><strong>Ajouter au panier.<\/strong><\/span><\/a><\/p>\n<p>_____<\/p>\n<h3 style=\"text-align: left;\">Ensemble d&rsquo;\u00e9l\u00e9vateur de s\u00e8ve CDL<\/h3>\n<p>[embedyt] https:\/\/www.youtube.com\/watch?v=Ky_FytjRH60[\/embedyt]<\/p>\n<p>Nous avons une solution pour les pentes inverses en for\u00eat. L&rsquo;ensemble d&rsquo;\u00e9l\u00e9vateur de s\u00e8ve CDL permettra de r\u00e9gler les probl\u00e9matiques de g\u00e8le, de m\u00e9canique et de fuites en pente inverse. En premier lieu, l&rsquo;\u00e9l\u00e9vateur de s\u00e8ve CDL est compl\u00e8tement autonome \u00e0 l&rsquo;\u00e9nergie solaire. En deuxi\u00e8me lieu, CDL vous offre une technologie chauff\u00e9e au propane pour s&rsquo;assurer que le syst\u00e8me soit\u00a0sans g\u00e8le pendant une p\u00e9riode de longue dur\u00e9e.<\/p>\n<p><a href=\"https:\/\/www.cdlinc.ca\/fr\/categories-de-produit\/elevateur-seve\/\" target=\"_blank\" rel=\"noopener noreferrer\"><span style=\"color: #78a81b;\"><strong>Cliquez ici pour en savoir plus!<\/strong><\/span><\/a><\/p>\n<p>_____<\/p>\n<h3 style=\"text-align: left;\">Extracteur \u00e0 vitesse variable<\/h3>\n<p>[embedyt] https:\/\/www.youtube.com\/watch?v=4EIXcSYbLSU[\/embedyt]<\/p>\n<p>\u00c9vacuation de la s\u00e8ve en continue.\u00a0D\u00e9marrage et arr\u00eat progressif de la pompe.\u00a0Minimise les pointes d\u2019amp\u00e9rage.<\/p>\n<p><a href=\"https:\/\/www.cdlinc.ca\/fr\/produits\/extracteur-a-vitesse-variable\/\" target=\"_blank\" rel=\"noopener noreferrer\"><span style=\"color: #78a81b;\"><strong>Cliquez ici pour en savoir plus!<\/strong><\/span><\/a><\/p>\n<p>_____<\/p>\n<h3 style=\"text-align: left;\">Pompes vacuum CDL haute performance \u00e0 ailettes<\/h3>\n<p>[embedyt] https:\/\/www.youtube.com\/watch?v=9l4Qb2nYzyk[\/embedyt]<\/p>\n<p>Les nouvelles pompes vacuum CDL haute performance \u00e0 ailettes sont synonymes de fiabilit\u00e9, robustesse, performance et sont disponibles pour toutes les grandeurs de productions ac\u00e9ricoles. Au total, 19 mod\u00e8les de pompes vacuum sont offerts variant de 1.5HP \u00e0 10HP et conviennent entre 1 000 \u00e0 11 300 entailles.<\/p>\n<p><a href=\"https:\/\/www.cdlinc.ca\/fr\/produits\/pompes-vacuum-cdl\/\" target=\"_blank\" rel=\"noopener noreferrer\"><span style=\"color: #78a81b;\"><strong>Cliquez ici pour en savoir plus!<\/strong><\/span><\/a><\/p>\n<p>_____<\/p>\n<h3 style=\"text-align: left;\">Br\u00fbleur Riello pour \u00c9vaporateur Master<\/h3>\n<p>[embedyt] https:\/\/www.youtube.com\/watch?v=nD9V49By-qc[\/embedyt]<\/p>\n<p>Nous vous pr\u00e9sentons le nouveau br\u00fbleur Riello \u00e0 modulation pour l&rsquo;\u00e9vaporateur \u00e0 l&rsquo;huile Master. Le nouveau Br\u00fbleur Riello permet de raffiner la cuisson du sirop selon la p\u00e9riode de la saison. Il permet \u00e9galement d&rsquo;ajuster la capacit\u00e9 de l&rsquo;\u00e9vaporation et de diminuer le gonflement dans les pannes lorsque l&rsquo;eau fait beaucoup d&rsquo;\u00e9cume.<\/p>\n<p><strong><a href=\"https:\/\/www.cdlinc.ca\/fr\/representants\/\" target=\"_blank\" rel=\"noopener noreferrer\"><span style=\"color: #78a81b;\">Informez-vous<\/span><\/a>.<\/strong><\/p>\n","protected":false},"excerpt":{"rendered":"CDL vous pr\u00e9sente\u00a0ses nouveaux produits! &nbsp; La Collection de cruchons CDL [embedyt] https:\/\/www.youtube.com\/watch?v=QxydBNIOvAE[\/embedyt] R\u00e9sistants et compacts, les cruchons CDL ont \u00e9t\u00e9 con\u00e7us pour la r\u00e9alit\u00e9 des ac\u00e9riculteurs d\u2019aujourd\u2019hui. D\u00e9couvrez une collection au look moderne, dynamique et exclusif, tout en gardant un petit c\u00f4t\u00e9 bien classique de cette grande tradition. Disponibles en 4L, 2L, 1L, 500mL, [&hellip;]","protected":false},"author":10,"featured_media":0,"parent":0,"menu_order":0,"comment_status":"closed","ping_status":"closed","template":"template-new.php","meta":{"_acf_changed":false,"footnotes":""},"class_list":["post-4134","page","type-page","status-publish","hentry"],"acf":[],"yoast_head":"<!-- This site is optimized with the Yoast SEO plugin v25.2 - https:\/\/yoast.com\/wordpress\/plugins\/seo\/ -->\n<title>Nouveaut\u00e9s<\/title>\n<meta name=\"robots\" content=\"index, follow, max-snippet:-1, max-image-preview:large, max-video-preview:-1\" \/>\n<link rel=\"canonical\" href=\"https:\/\/www.cdlinc.ca\/fr\/nouveautes\/\" \/>\n<meta property=\"og:locale\" content=\"fr_FR\" \/>\n<meta property=\"og:type\" content=\"article\" \/>\n<meta property=\"og:title\" content=\"Nouveaut\u00e9s\" \/>\n<meta property=\"og:description\" content=\"CDL vous pr\u00e9sente\u00a0ses nouveaux produits! &nbsp; La Collection de cruchons CDL [embedyt] https:\/\/www.youtube.com\/watch?v=QxydBNIOvAE[\/embedyt] R\u00e9sistants et compacts, les cruchons CDL ont \u00e9t\u00e9 con\u00e7us pour la r\u00e9alit\u00e9 des ac\u00e9riculteurs d\u2019aujourd\u2019hui. D\u00e9couvrez une collection au look moderne, dynamique et exclusif, tout en gardant un petit c\u00f4t\u00e9 bien classique de cette grande tradition. Disponibles en 4L, 2L, 1L, 500mL, [&hellip;]\" \/>\n<meta property=\"og:url\" content=\"https:\/\/www.cdlinc.ca\/fr\/nouveautes\/\" \/>\n<meta property=\"og:site_name\" content=\"Les \u00e9quipements d&#039;\u00e9rabli\u00e8re CDL\" \/>\n<meta property=\"article:modified_time\" content=\"2021-04-13T19:16:26+00:00\" \/>\n<meta property=\"og:image\" content=\"https:\/\/www.cdlinc.ca\/wp-content\/uploads\/2017\/04\/CDL_facebook_share_1200x630.jpg\" \/>\n<meta name=\"twitter:card\" content=\"summary_large_image\" \/>\n<meta name=\"twitter:label1\" content=\"Dur\u00e9e de lecture estim\u00e9e\" \/>\n\t<meta name=\"twitter:data1\" content=\"5 minutes\" \/>\n<script type=\"application\/ld+json\" class=\"yoast-schema-graph\">{\"@context\":\"https:\/\/schema.org\",\"@graph\":[{\"@type\":\"WebPage\",\"@id\":\"https:\/\/www.cdlinc.ca\/fr\/nouveautes\/\",\"url\":\"https:\/\/www.cdlinc.ca\/fr\/nouveautes\/\",\"name\":\"Nouveaut\u00e9s\",\"isPartOf\":{\"@id\":\"https:\/\/www.cdlinc.ca\/fr\/#website\"},\"datePublished\":\"2020-02-05T20:54:47+00:00\",\"dateModified\":\"2021-04-13T19:16:26+00:00\",\"breadcrumb\":{\"@id\":\"https:\/\/www.cdlinc.ca\/fr\/nouveautes\/#breadcrumb\"},\"inLanguage\":\"fr-FR\",\"potentialAction\":[{\"@type\":\"ReadAction\",\"target\":[\"https:\/\/www.cdlinc.ca\/fr\/nouveautes\/\"]}]},{\"@type\":\"BreadcrumbList\",\"@id\":\"https:\/\/www.cdlinc.ca\/fr\/nouveautes\/#breadcrumb\",\"itemListElement\":[{\"@type\":\"ListItem\",\"position\":1,\"name\":\"Home\",\"item\":\"https:\/\/www.cdlinc.ca\/fr\/\"},{\"@type\":\"ListItem\",\"position\":2,\"name\":\"Nouveaut\u00e9s\"}]},{\"@type\":\"WebSite\",\"@id\":\"https:\/\/www.cdlinc.ca\/fr\/#website\",\"url\":\"https:\/\/www.cdlinc.ca\/fr\/\",\"name\":\"Les \u00e9quipements d&#039;\u00e9rabli\u00e8re CDL\",\"description\":\"L&#039;ac\u00e9riculture c&#039;est votre passion... Nous aussi.\",\"potentialAction\":[{\"@type\":\"SearchAction\",\"target\":{\"@type\":\"EntryPoint\",\"urlTemplate\":\"https:\/\/www.cdlinc.ca\/fr\/?s={search_term_string}\"},\"query-input\":{\"@type\":\"PropertyValueSpecification\",\"valueRequired\":true,\"valueName\":\"search_term_string\"}}],\"inLanguage\":\"fr-FR\"}]}<\/script>\n<!-- \/ Yoast SEO plugin. -->","yoast_head_json":{"title":"Nouveaut\u00e9s","robots":{"index":"index","follow":"follow","max-snippet":"max-snippet:-1","max-image-preview":"max-image-preview:large","max-video-preview":"max-video-preview:-1"},"canonical":"https:\/\/www.cdlinc.ca\/fr\/nouveautes\/","og_locale":"fr_FR","og_type":"article","og_title":"Nouveaut\u00e9s","og_description":"CDL vous pr\u00e9sente\u00a0ses nouveaux produits! &nbsp; La Collection de cruchons CDL [embedyt] https:\/\/www.youtube.com\/watch?v=QxydBNIOvAE[\/embedyt] R\u00e9sistants et compacts, les cruchons CDL ont \u00e9t\u00e9 con\u00e7us pour la r\u00e9alit\u00e9 des ac\u00e9riculteurs d\u2019aujourd\u2019hui. D\u00e9couvrez une collection au look moderne, dynamique et exclusif, tout en gardant un petit c\u00f4t\u00e9 bien classique de cette grande tradition. Disponibles en 4L, 2L, 1L, 500mL, [&hellip;]","og_url":"https:\/\/www.cdlinc.ca\/fr\/nouveautes\/","og_site_name":"Les \u00e9quipements d&#039;\u00e9rabli\u00e8re CDL","article_modified_time":"2021-04-13T19:16:26+00:00","og_image":[{"url":"https:\/\/www.cdlinc.ca\/wp-content\/uploads\/2017\/04\/CDL_facebook_share_1200x630.jpg","type":"","width":"","height":""}],"twitter_card":"summary_large_image","twitter_misc":{"Dur\u00e9e de lecture estim\u00e9e":"5 minutes"},"schema":{"@context":"https:\/\/schema.org","@graph":[{"@type":"WebPage","@id":"https:\/\/www.cdlinc.ca\/fr\/nouveautes\/","url":"https:\/\/www.cdlinc.ca\/fr\/nouveautes\/","name":"Nouveaut\u00e9s","isPartOf":{"@id":"https:\/\/www.cdlinc.ca\/fr\/#website"},"datePublished":"2020-02-05T20:54:47+00:00","dateModified":"2021-04-13T19:16:26+00:00","breadcrumb":{"@id":"https:\/\/www.cdlinc.ca\/fr\/nouveautes\/#breadcrumb"},"inLanguage":"fr-FR","potentialAction":[{"@type":"ReadAction","target":["https:\/\/www.cdlinc.ca\/fr\/nouveautes\/"]}]},{"@type":"BreadcrumbList","@id":"https:\/\/www.cdlinc.ca\/fr\/nouveautes\/#breadcrumb","itemListElement":[{"@type":"ListItem","position":1,"name":"Home","item":"https:\/\/www.cdlinc.ca\/fr\/"},{"@type":"ListItem","position":2,"name":"Nouveaut\u00e9s"}]},{"@type":"WebSite","@id":"https:\/\/www.cdlinc.ca\/fr\/#website","url":"https:\/\/www.cdlinc.ca\/fr\/","name":"Les \u00e9quipements d&#039;\u00e9rabli\u00e8re CDL","description":"L&#039;ac\u00e9riculture c&#039;est votre passion... Nous aussi.","potentialAction":[{"@type":"SearchAction","target":{"@type":"EntryPoint","urlTemplate":"https:\/\/www.cdlinc.ca\/fr\/?s={search_term_string}"},"query-input":{"@type":"PropertyValueSpecification","valueRequired":true,"valueName":"search_term_string"}}],"inLanguage":"fr-FR"}]}},"_links":{"self":[{"href":"https:\/\/www.cdlinc.ca\/fr\/wp-json\/wp\/v2\/pages\/4134","targetHints":{"allow":["GET"]}}],"collection":[{"href":"https:\/\/www.cdlinc.ca\/fr\/wp-json\/wp\/v2\/pages"}],"about":[{"href":"https:\/\/www.cdlinc.ca\/fr\/wp-json\/wp\/v2\/types\/page"}],"author":[{"embeddable":true,"href":"https:\/\/www.cdlinc.ca\/fr\/wp-json\/wp\/v2\/users\/10"}],"replies":[{"embeddable":true,"href":"https:\/\/www.cdlinc.ca\/fr\/wp-json\/wp\/v2\/comments?post=4134"}],"version-history":[{"count":55,"href":"https:\/\/www.cdlinc.ca\/fr\/wp-json\/wp\/v2\/pages\/4134\/revisions"}],"predecessor-version":[{"id":5726,"href":"https:\/\/www.cdlinc.ca\/fr\/wp-json\/wp\/v2\/pages\/4134\/revisions\/5726"}],"wp:attachment":[{"href":"https:\/\/www.cdlinc.ca\/fr\/wp-json\/wp\/v2\/media?parent=4134"}],"curies":[{"name":"wp","href":"https:\/\/api.w.org\/{rel}","templated":true}]}}