{"id":34,"date":"2017-04-12T15:02:06","date_gmt":"2017-04-12T14:02:06","guid":{"rendered":"https:\/\/www.cdlinc.ca\/?page_id=34"},"modified":"2020-04-16T14:50:27","modified_gmt":"2020-04-16T13:50:27","slug":"liens-utiles","status":"publish","type":"page","link":"https:\/\/www.cdlinc.ca\/fr\/liens-utiles\/","title":{"rendered":"Liens utiles"},"content":{"rendered":"<p>Retrouvez une s\u00e9lection de sites internet compl\u00e9mentaires, d&rsquo;informations pratiques et de recettes d&rsquo;\u00e9rable sur notre page \u00ab\u00a0Liens utiles\u00a0\u00bb. N&rsquo;h\u00e9sitez pas \u00e0 nous faire parvenir vos liens utiles et recommandations!<\/p>\n<h2>Sites internet<\/h2>\n<p><a href=\"http:\/\/www.siropderableNB.com\">Association ac\u00e9ricole du Nouveau-Brunswick\u00a0(producteurs)<\/a><\/p>\n<p><a href=\"http:\/\/www.erablicieuxNB.com\">Association ac\u00e9ricole du Nouveau-Brunswick (consommateurs)<\/a><\/p>\n<p><a href=\"http:\/\/www.novascotiamaplesyrup.com\/\">Association des producteurs ac\u00e9ricole de la Nouvelle-\u00c9cosse<\/a><\/p>\n<p><a href=\"http:\/\/www.ontariomaple.com\/\">Association des producteurs de sirop de l&rsquo;Ontario<\/a><\/p>\n<p><a href=\"http:\/\/www.northamericanmaple.org\/\">Conseil Nord-Am\u00e9ricain du Sirop d&rsquo;\u00e9rable<\/a><\/p>\n<p><a href=\"http:\/\/lesproduitsderableduquebec.com\/les-produits\">F\u00e9d\u00e9ration des producteurs ac\u00e9ricoles du Qu\u00e9bec<\/a><\/p>\n<h2>Informations pratiques<\/h2>\n<p><a href=\"https:\/\/www.cdlinc.ca\/wp-content\/uploads\/2020\/04\/Info-fiche-sp\u00e9ciale-assainissement-sans-AIP.pdf\">Centre ACER &#8211; Info-fiche sp\u00e9ciale: L&rsquo;assainissement de la tubulure sans alcool isopropylique (AIP)<\/a><\/p>\n<p><a href=\"\/wp-content\/uploads\/2017\/05\/maple-classes-pst_f_24x36_prsrdy1.pdf\">Norme de classement pour les produits d&rsquo;\u00e9rable de l&rsquo;industrie ac\u00e9ricole<\/a><\/p>\n<p><a href=\"\/wp-content\/uploads\/2017\/05\/conversions-fr.pdf\">Facteurs de conversion utiles<\/a><\/p>\n<p><a href=\"\/wp-content\/uploads\/2017\/05\/ajustement-temp\u00e9rature-osmose.pdf\">Facteurs de correction des osmoses VS la temp\u00e9rature<\/a><\/p>\n<p><a href=\"\/wp-content\/uploads\/2017\/05\/r\u00e9jection-osmose.pdf\">Poucentage de r\u00e9jection d&rsquo;eau VS taux de sucre<\/a><\/p>\n<p><a href=\"\/wp-content\/uploads\/2017\/05\/valeur-btu-diff\u00e9rents-types-de-bois.pdf\">Valeur calorifique des essences de bois<\/a><\/p>\n<p><a href=\"\/wp-content\/uploads\/2017\/05\/maple-rackcard_fr_feb2012prsrdy.pdf\">Comparatif des valeurs nutritives<\/a><\/p>\n<h2>Recettes \u00e0 base de sirop d&rsquo;\u00e9rable<\/h2>\n<p><a href=\"http:\/\/jaimelerable.ca\/\">jaimelerable.ca<\/a><\/p>\n<p><a href=\"http:\/\/lesproduitsderableduquebec.com\/les-produits\">siropderable.ca<\/a><\/p>\n<p><a href=\"http:\/\/www.coupdepouce.com\/cuisine\/sous-section\/saisons-et-fetes\">coupdepouce.com<\/a><\/p>\n<p><a href=\"https:\/\/www.ricardocuisine.com\/themes\/cabane-a-sucre\/page\/1\">ricardocuisine.com<\/a><\/p>\n","protected":false},"excerpt":{"rendered":"Retrouvez une s\u00e9lection de sites internet compl\u00e9mentaires, d&rsquo;informations pratiques et de recettes d&rsquo;\u00e9rable sur notre page \u00ab\u00a0Liens utiles\u00a0\u00bb. N&rsquo;h\u00e9sitez pas \u00e0 nous faire parvenir vos liens utiles et recommandations! Sites internet Association ac\u00e9ricole du Nouveau-Brunswick\u00a0(producteurs) Association ac\u00e9ricole du Nouveau-Brunswick (consommateurs) Association des producteurs ac\u00e9ricole de la Nouvelle-\u00c9cosse Association des producteurs de sirop de l&rsquo;Ontario Conseil [&hellip;]","protected":false},"author":1,"featured_media":0,"parent":0,"menu_order":0,"comment_status":"closed","ping_status":"closed","template":"","meta":{"_acf_changed":false,"footnotes":""},"class_list":["post-34","page","type-page","status-publish","hentry"],"acf":[],"yoast_head":"<!-- This site is optimized with the Yoast SEO plugin v25.2 - https:\/\/yoast.com\/wordpress\/plugins\/seo\/ -->\n<title>Liens utiles et ressources : \u00c9quipements d&#039;\u00c9rabli\u00e8re CDL<\/title>\n<meta name=\"description\" content=\"Retrouvez une s\u00e9lection de sites internet compl\u00e9mentaires, d&#039;informations pratiques et de recettes d&#039;\u00e9rable sur notre page &quot;Liens utiles&quot;.\" \/>\n<meta name=\"robots\" content=\"index, follow, max-snippet:-1, max-image-preview:large, max-video-preview:-1\" \/>\n<link rel=\"canonical\" href=\"https:\/\/www.cdlinc.ca\/fr\/liens-utiles\/\" \/>\n<meta property=\"og:locale\" content=\"fr_FR\" \/>\n<meta property=\"og:type\" content=\"article\" \/>\n<meta property=\"og:title\" content=\"Liens utiles et ressources : \u00c9quipements d&#039;\u00c9rabli\u00e8re CDL\" \/>\n<meta property=\"og:description\" content=\"Retrouvez une s\u00e9lection de sites internet compl\u00e9mentaires, d&#039;informations pratiques et de recettes d&#039;\u00e9rable sur notre page &quot;Liens utiles&quot;.\" \/>\n<meta property=\"og:url\" content=\"https:\/\/www.cdlinc.ca\/fr\/liens-utiles\/\" \/>\n<meta property=\"og:site_name\" content=\"Les \u00e9quipements d&#039;\u00e9rabli\u00e8re CDL\" \/>\n<meta property=\"article:modified_time\" content=\"2020-04-16T13:50:27+00:00\" \/>\n<meta property=\"og:image\" content=\"https:\/\/www.cdlinc.ca\/wp-content\/uploads\/2017\/04\/CDL_facebook_share_1200x630.jpg\" \/>\n<meta name=\"twitter:card\" content=\"summary_large_image\" \/>\n<meta name=\"twitter:label1\" content=\"Dur\u00e9e de lecture estim\u00e9e\" \/>\n\t<meta name=\"twitter:data1\" content=\"1 minute\" \/>\n<script type=\"application\/ld+json\" class=\"yoast-schema-graph\">{\"@context\":\"https:\/\/schema.org\",\"@graph\":[{\"@type\":\"WebPage\",\"@id\":\"https:\/\/www.cdlinc.ca\/fr\/liens-utiles\/\",\"url\":\"https:\/\/www.cdlinc.ca\/fr\/liens-utiles\/\",\"name\":\"Liens utiles et ressources : \u00c9quipements d'\u00c9rabli\u00e8re CDL\",\"isPartOf\":{\"@id\":\"https:\/\/www.cdlinc.ca\/fr\/#website\"},\"datePublished\":\"2017-04-12T14:02:06+00:00\",\"dateModified\":\"2020-04-16T13:50:27+00:00\",\"description\":\"Retrouvez une s\u00e9lection de sites internet compl\u00e9mentaires, d'informations pratiques et de recettes d'\u00e9rable sur notre page \\\"Liens utiles\\\".\",\"breadcrumb\":{\"@id\":\"https:\/\/www.cdlinc.ca\/fr\/liens-utiles\/#breadcrumb\"},\"inLanguage\":\"fr-FR\",\"potentialAction\":[{\"@type\":\"ReadAction\",\"target\":[\"https:\/\/www.cdlinc.ca\/fr\/liens-utiles\/\"]}]},{\"@type\":\"BreadcrumbList\",\"@id\":\"https:\/\/www.cdlinc.ca\/fr\/liens-utiles\/#breadcrumb\",\"itemListElement\":[{\"@type\":\"ListItem\",\"position\":1,\"name\":\"Home\",\"item\":\"https:\/\/www.cdlinc.ca\/fr\/\"},{\"@type\":\"ListItem\",\"position\":2,\"name\":\"Liens utiles\"}]},{\"@type\":\"WebSite\",\"@id\":\"https:\/\/www.cdlinc.ca\/fr\/#website\",\"url\":\"https:\/\/www.cdlinc.ca\/fr\/\",\"name\":\"Les \u00e9quipements d&#039;\u00e9rabli\u00e8re CDL\",\"description\":\"L&#039;ac\u00e9riculture c&#039;est votre passion... Nous aussi.\",\"potentialAction\":[{\"@type\":\"SearchAction\",\"target\":{\"@type\":\"EntryPoint\",\"urlTemplate\":\"https:\/\/www.cdlinc.ca\/fr\/?s={search_term_string}\"},\"query-input\":{\"@type\":\"PropertyValueSpecification\",\"valueRequired\":true,\"valueName\":\"search_term_string\"}}],\"inLanguage\":\"fr-FR\"}]}<\/script>\n<!-- \/ Yoast SEO plugin. -->","yoast_head_json":{"title":"Liens utiles et ressources : \u00c9quipements d'\u00c9rabli\u00e8re CDL","description":"Retrouvez une s\u00e9lection de sites internet compl\u00e9mentaires, d'informations pratiques et de recettes d'\u00e9rable sur notre page \"Liens utiles\".","robots":{"index":"index","follow":"follow","max-snippet":"max-snippet:-1","max-image-preview":"max-image-preview:large","max-video-preview":"max-video-preview:-1"},"canonical":"https:\/\/www.cdlinc.ca\/fr\/liens-utiles\/","og_locale":"fr_FR","og_type":"article","og_title":"Liens utiles et ressources : \u00c9quipements d'\u00c9rabli\u00e8re CDL","og_description":"Retrouvez une s\u00e9lection de sites internet compl\u00e9mentaires, d'informations pratiques et de recettes d'\u00e9rable sur notre page \"Liens utiles\".","og_url":"https:\/\/www.cdlinc.ca\/fr\/liens-utiles\/","og_site_name":"Les \u00e9quipements d&#039;\u00e9rabli\u00e8re CDL","article_modified_time":"2020-04-16T13:50:27+00:00","og_image":[{"url":"https:\/\/www.cdlinc.ca\/wp-content\/uploads\/2017\/04\/CDL_facebook_share_1200x630.jpg","type":"","width":"","height":""}],"twitter_card":"summary_large_image","twitter_misc":{"Dur\u00e9e de lecture estim\u00e9e":"1 minute"},"schema":{"@context":"https:\/\/schema.org","@graph":[{"@type":"WebPage","@id":"https:\/\/www.cdlinc.ca\/fr\/liens-utiles\/","url":"https:\/\/www.cdlinc.ca\/fr\/liens-utiles\/","name":"Liens utiles et ressources : \u00c9quipements d'\u00c9rabli\u00e8re CDL","isPartOf":{"@id":"https:\/\/www.cdlinc.ca\/fr\/#website"},"datePublished":"2017-04-12T14:02:06+00:00","dateModified":"2020-04-16T13:50:27+00:00","description":"Retrouvez une s\u00e9lection de sites internet compl\u00e9mentaires, d'informations pratiques et de recettes d'\u00e9rable sur notre page \"Liens utiles\".","breadcrumb":{"@id":"https:\/\/www.cdlinc.ca\/fr\/liens-utiles\/#breadcrumb"},"inLanguage":"fr-FR","potentialAction":[{"@type":"ReadAction","target":["https:\/\/www.cdlinc.ca\/fr\/liens-utiles\/"]}]},{"@type":"BreadcrumbList","@id":"https:\/\/www.cdlinc.ca\/fr\/liens-utiles\/#breadcrumb","itemListElement":[{"@type":"ListItem","position":1,"name":"Home","item":"https:\/\/www.cdlinc.ca\/fr\/"},{"@type":"ListItem","position":2,"name":"Liens utiles"}]},{"@type":"WebSite","@id":"https:\/\/www.cdlinc.ca\/fr\/#website","url":"https:\/\/www.cdlinc.ca\/fr\/","name":"Les \u00e9quipements d&#039;\u00e9rabli\u00e8re CDL","description":"L&#039;ac\u00e9riculture c&#039;est votre passion... Nous aussi.","potentialAction":[{"@type":"SearchAction","target":{"@type":"EntryPoint","urlTemplate":"https:\/\/www.cdlinc.ca\/fr\/?s={search_term_string}"},"query-input":{"@type":"PropertyValueSpecification","valueRequired":true,"valueName":"search_term_string"}}],"inLanguage":"fr-FR"}]}},"_links":{"self":[{"href":"https:\/\/www.cdlinc.ca\/fr\/wp-json\/wp\/v2\/pages\/34","targetHints":{"allow":["GET"]}}],"collection":[{"href":"https:\/\/www.cdlinc.ca\/fr\/wp-json\/wp\/v2\/pages"}],"about":[{"href":"https:\/\/www.cdlinc.ca\/fr\/wp-json\/wp\/v2\/types\/page"}],"author":[{"embeddable":true,"href":"https:\/\/www.cdlinc.ca\/fr\/wp-json\/wp\/v2\/users\/1"}],"replies":[{"embeddable":true,"href":"https:\/\/www.cdlinc.ca\/fr\/wp-json\/wp\/v2\/comments?post=34"}],"version-history":[{"count":14,"href":"https:\/\/www.cdlinc.ca\/fr\/wp-json\/wp\/v2\/pages\/34\/revisions"}],"predecessor-version":[{"id":4392,"href":"https:\/\/www.cdlinc.ca\/fr\/wp-json\/wp\/v2\/pages\/34\/revisions\/4392"}],"wp:attachment":[{"href":"https:\/\/www.cdlinc.ca\/fr\/wp-json\/wp\/v2\/media?parent=34"}],"curies":[{"name":"wp","href":"https:\/\/api.w.org\/{rel}","templated":true}]}}