{"id":325,"date":"2017-05-11T14:55:44","date_gmt":"2017-05-11T13:55:44","guid":{"rendered":"https:\/\/www.cdlinc.ca\/?page_id=325\/"},"modified":"2018-08-07T14:33:08","modified_gmt":"2018-08-07T13:33:08","slug":"a-propos","status":"publish","type":"page","link":"https:\/\/www.cdlinc.ca\/fr\/a-propos\/","title":{"rendered":"\u00c0 propos de CDL"},"content":{"rendered":"<p>Tout d&rsquo;abord, Les \u00e9quipements d&rsquo;\u00e9rabli\u00e8re CDL inc. est une entreprise priv\u00e9e, fond\u00e9e en 1991, apr\u00e8s le rachat de la division \u00c9rabli\u00e8re IPL inc. par la famille Chabot.<\/p>\n<p>Au fil des ans, gr\u00e2ce \u00e0 une s\u00e9rie d&rsquo;expansions et d&rsquo;acquisitions, CDL est aujourd&rsquo;hui la r\u00e9f\u00e9rence au niveau des \u00e9quipements d&rsquo;\u00e9rabli\u00e8re. En 1994, CDL a acquis les \u00c9vaporateurs Dallaire inc., un fabriquant bien connu. En 1999, CDL a ouvert un centre de distribution \u00e0 Cabano pour r\u00e9pondre \u00e0 la demande dans la r\u00e9gion du Bas-Saint-Laurent. Enfin, en 2005, CDL a acquis Waterloo Small USA. Cette entreprise est maintenant connu sous le nom de CDL USA (anciennement Maple Pro) \u00e0 St.Albans, Vermont.<\/p>\n<h4><strong>CDL, aujourd&rsquo;hui<\/strong><\/h4>\n<p>CDL est maintenant une soci\u00e9t\u00e9 int\u00e9gr\u00e9e qui se sp\u00e9cialise dans le d\u00e9veloppement, la fabrication et la distribution d&rsquo;\u00e9quipements d&rsquo;\u00e9rabli\u00e8re. Nous sommes le chef de file dans l&rsquo;industrie de l&rsquo;\u00e9quipement d&rsquo;\u00e9rabli\u00e8re. Nous investissons constamment dans le d\u00e9veloppement de nouveaux <a href=\"http:\/\/cdlinc.ca\/fr\/catalogue\/\">produits<\/a> et de nouvelles technologies afin d&rsquo;am\u00e9liorer la situation des producteurs ac\u00e9ricoles. L&rsquo;innovation est notre marque et nous avons \u00e9t\u00e9 les premiers \u00e0 introduire les produits suivants: <strong><em>tuyau 5\/16&Prime; flexible, chalumeau sant\u00e9 19\/64&Prime;, chalumeau en acier inoxydable, raccord-multi, tuyau ma\u00eetre ligne, adaptateur fin de ligne, osmose (concentrateur) offrant le meilleur syst\u00e8me de recirculation, \u00e9vaporateur Enfer 2000 (\u00e9vaporateur \u00e0 l&rsquo;huile le plus efficace sur le march\u00e9), laveuse \u00e0 pannes, siroptier de l&rsquo;avenir, brasseur \u00e0 beurre d&rsquo;\u00e9rable, brasseur \u00e0 sucre granul\u00e9, baril sant\u00e9 et beaucoup plus.<\/em><\/strong><\/p>\n<p>En effet, l&rsquo;innovation fait partie de notre routine quotidienne. Notre objectif est de fournir \u00e0 nos clients la meilleure qualit\u00e9 sur nos produits. Nous voulons les aider \u00e0 accro\u00eetre leur rentabilit\u00e9.<\/p>\n<p>Finalement, notre force r\u00e9side dans l&rsquo;expertise, l&rsquo;engagement et le professionnalisme de nos employ\u00e9s envers nos clients.<\/p>\n","protected":false},"excerpt":{"rendered":"Tout d&rsquo;abord, Les \u00e9quipements d&rsquo;\u00e9rabli\u00e8re CDL inc. est une entreprise priv\u00e9e, fond\u00e9e en 1991, apr\u00e8s le rachat de la division \u00c9rabli\u00e8re IPL inc. par la famille Chabot. Au fil des ans, gr\u00e2ce \u00e0 une s\u00e9rie d&rsquo;expansions et d&rsquo;acquisitions, CDL est aujourd&rsquo;hui la r\u00e9f\u00e9rence au niveau des \u00e9quipements d&rsquo;\u00e9rabli\u00e8re. En 1994, CDL a acquis les \u00c9vaporateurs [&hellip;]","protected":false},"author":2,"featured_media":0,"parent":0,"menu_order":0,"comment_status":"closed","ping_status":"closed","template":"","meta":{"_acf_changed":false,"footnotes":""},"class_list":["post-325","page","type-page","status-publish","hentry"],"acf":[],"yoast_head":"<!-- This site is optimized with the Yoast SEO plugin v25.2 - https:\/\/yoast.com\/wordpress\/plugins\/seo\/ -->\n<title>Les \u00c9quipements d&#039;\u00c9rabli\u00e8re CDL : \u00c0 propos de CDL<\/title>\n<meta name=\"description\" content=\"D\u00e9couvrez les \u00c9quipements d&#039;\u00c9rabli\u00e8re CDL : votre sp\u00e9cialiste reconnu dans le d\u00e9veloppement, la fabrication et la distribution d\u2019\u00e9quipements ac\u00e9ricoles.\" \/>\n<meta name=\"robots\" content=\"index, follow, max-snippet:-1, max-image-preview:large, max-video-preview:-1\" \/>\n<link rel=\"canonical\" href=\"https:\/\/www.cdlinc.ca\/fr\/a-propos\/\" \/>\n<meta property=\"og:locale\" content=\"fr_FR\" \/>\n<meta property=\"og:type\" content=\"article\" \/>\n<meta property=\"og:title\" content=\"Les \u00c9quipements d&#039;\u00c9rabli\u00e8re CDL : \u00c0 propos de CDL\" \/>\n<meta property=\"og:description\" content=\"D\u00e9couvrez les \u00c9quipements d&#039;\u00c9rabli\u00e8re CDL : votre sp\u00e9cialiste reconnu dans le d\u00e9veloppement, la fabrication et la distribution d\u2019\u00e9quipements ac\u00e9ricoles.\" \/>\n<meta property=\"og:url\" content=\"https:\/\/www.cdlinc.ca\/fr\/a-propos\/\" \/>\n<meta property=\"og:site_name\" content=\"Les \u00e9quipements d&#039;\u00e9rabli\u00e8re CDL\" \/>\n<meta property=\"article:modified_time\" content=\"2018-08-07T13:33:08+00:00\" \/>\n<meta property=\"og:image\" content=\"https:\/\/www.cdlinc.ca\/wp-content\/uploads\/2017\/04\/CDL_facebook_share_1200x630.jpg\" \/>\n<meta name=\"twitter:card\" content=\"summary_large_image\" \/>\n<meta name=\"twitter:label1\" content=\"Dur\u00e9e de lecture estim\u00e9e\" \/>\n\t<meta name=\"twitter:data1\" content=\"1 minute\" \/>\n<script type=\"application\/ld+json\" class=\"yoast-schema-graph\">{\"@context\":\"https:\/\/schema.org\",\"@graph\":[{\"@type\":\"WebPage\",\"@id\":\"https:\/\/www.cdlinc.ca\/fr\/a-propos\/\",\"url\":\"https:\/\/www.cdlinc.ca\/fr\/a-propos\/\",\"name\":\"Les \u00c9quipements d'\u00c9rabli\u00e8re CDL : \u00c0 propos de CDL\",\"isPartOf\":{\"@id\":\"https:\/\/www.cdlinc.ca\/fr\/#website\"},\"datePublished\":\"2017-05-11T13:55:44+00:00\",\"dateModified\":\"2018-08-07T13:33:08+00:00\",\"description\":\"D\u00e9couvrez les \u00c9quipements d'\u00c9rabli\u00e8re CDL : votre sp\u00e9cialiste reconnu dans le d\u00e9veloppement, la fabrication et la distribution d\u2019\u00e9quipements ac\u00e9ricoles.\",\"breadcrumb\":{\"@id\":\"https:\/\/www.cdlinc.ca\/fr\/a-propos\/#breadcrumb\"},\"inLanguage\":\"fr-FR\",\"potentialAction\":[{\"@type\":\"ReadAction\",\"target\":[\"https:\/\/www.cdlinc.ca\/fr\/a-propos\/\"]}]},{\"@type\":\"BreadcrumbList\",\"@id\":\"https:\/\/www.cdlinc.ca\/fr\/a-propos\/#breadcrumb\",\"itemListElement\":[{\"@type\":\"ListItem\",\"position\":1,\"name\":\"Home\",\"item\":\"https:\/\/www.cdlinc.ca\/fr\/\"},{\"@type\":\"ListItem\",\"position\":2,\"name\":\"\u00c0 propos de CDL\"}]},{\"@type\":\"WebSite\",\"@id\":\"https:\/\/www.cdlinc.ca\/fr\/#website\",\"url\":\"https:\/\/www.cdlinc.ca\/fr\/\",\"name\":\"Les \u00e9quipements d&#039;\u00e9rabli\u00e8re CDL\",\"description\":\"L&#039;ac\u00e9riculture c&#039;est votre passion... Nous aussi.\",\"potentialAction\":[{\"@type\":\"SearchAction\",\"target\":{\"@type\":\"EntryPoint\",\"urlTemplate\":\"https:\/\/www.cdlinc.ca\/fr\/?s={search_term_string}\"},\"query-input\":{\"@type\":\"PropertyValueSpecification\",\"valueRequired\":true,\"valueName\":\"search_term_string\"}}],\"inLanguage\":\"fr-FR\"}]}<\/script>\n<!-- \/ Yoast SEO plugin. -->","yoast_head_json":{"title":"Les \u00c9quipements d'\u00c9rabli\u00e8re CDL : \u00c0 propos de CDL","description":"D\u00e9couvrez les \u00c9quipements d'\u00c9rabli\u00e8re CDL : votre sp\u00e9cialiste reconnu dans le d\u00e9veloppement, la fabrication et la distribution d\u2019\u00e9quipements ac\u00e9ricoles.","robots":{"index":"index","follow":"follow","max-snippet":"max-snippet:-1","max-image-preview":"max-image-preview:large","max-video-preview":"max-video-preview:-1"},"canonical":"https:\/\/www.cdlinc.ca\/fr\/a-propos\/","og_locale":"fr_FR","og_type":"article","og_title":"Les \u00c9quipements d'\u00c9rabli\u00e8re CDL : \u00c0 propos de CDL","og_description":"D\u00e9couvrez les \u00c9quipements d'\u00c9rabli\u00e8re CDL : votre sp\u00e9cialiste reconnu dans le d\u00e9veloppement, la fabrication et la distribution d\u2019\u00e9quipements ac\u00e9ricoles.","og_url":"https:\/\/www.cdlinc.ca\/fr\/a-propos\/","og_site_name":"Les \u00e9quipements d&#039;\u00e9rabli\u00e8re CDL","article_modified_time":"2018-08-07T13:33:08+00:00","og_image":[{"url":"https:\/\/www.cdlinc.ca\/wp-content\/uploads\/2017\/04\/CDL_facebook_share_1200x630.jpg","type":"","width":"","height":""}],"twitter_card":"summary_large_image","twitter_misc":{"Dur\u00e9e de lecture estim\u00e9e":"1 minute"},"schema":{"@context":"https:\/\/schema.org","@graph":[{"@type":"WebPage","@id":"https:\/\/www.cdlinc.ca\/fr\/a-propos\/","url":"https:\/\/www.cdlinc.ca\/fr\/a-propos\/","name":"Les \u00c9quipements d'\u00c9rabli\u00e8re CDL : \u00c0 propos de CDL","isPartOf":{"@id":"https:\/\/www.cdlinc.ca\/fr\/#website"},"datePublished":"2017-05-11T13:55:44+00:00","dateModified":"2018-08-07T13:33:08+00:00","description":"D\u00e9couvrez les \u00c9quipements d'\u00c9rabli\u00e8re CDL : votre sp\u00e9cialiste reconnu dans le d\u00e9veloppement, la fabrication et la distribution d\u2019\u00e9quipements ac\u00e9ricoles.","breadcrumb":{"@id":"https:\/\/www.cdlinc.ca\/fr\/a-propos\/#breadcrumb"},"inLanguage":"fr-FR","potentialAction":[{"@type":"ReadAction","target":["https:\/\/www.cdlinc.ca\/fr\/a-propos\/"]}]},{"@type":"BreadcrumbList","@id":"https:\/\/www.cdlinc.ca\/fr\/a-propos\/#breadcrumb","itemListElement":[{"@type":"ListItem","position":1,"name":"Home","item":"https:\/\/www.cdlinc.ca\/fr\/"},{"@type":"ListItem","position":2,"name":"\u00c0 propos de CDL"}]},{"@type":"WebSite","@id":"https:\/\/www.cdlinc.ca\/fr\/#website","url":"https:\/\/www.cdlinc.ca\/fr\/","name":"Les \u00e9quipements d&#039;\u00e9rabli\u00e8re CDL","description":"L&#039;ac\u00e9riculture c&#039;est votre passion... Nous aussi.","potentialAction":[{"@type":"SearchAction","target":{"@type":"EntryPoint","urlTemplate":"https:\/\/www.cdlinc.ca\/fr\/?s={search_term_string}"},"query-input":{"@type":"PropertyValueSpecification","valueRequired":true,"valueName":"search_term_string"}}],"inLanguage":"fr-FR"}]}},"_links":{"self":[{"href":"https:\/\/www.cdlinc.ca\/fr\/wp-json\/wp\/v2\/pages\/325","targetHints":{"allow":["GET"]}}],"collection":[{"href":"https:\/\/www.cdlinc.ca\/fr\/wp-json\/wp\/v2\/pages"}],"about":[{"href":"https:\/\/www.cdlinc.ca\/fr\/wp-json\/wp\/v2\/types\/page"}],"author":[{"embeddable":true,"href":"https:\/\/www.cdlinc.ca\/fr\/wp-json\/wp\/v2\/users\/2"}],"replies":[{"embeddable":true,"href":"https:\/\/www.cdlinc.ca\/fr\/wp-json\/wp\/v2\/comments?post=325"}],"version-history":[{"count":5,"href":"https:\/\/www.cdlinc.ca\/fr\/wp-json\/wp\/v2\/pages\/325\/revisions"}],"predecessor-version":[{"id":2214,"href":"https:\/\/www.cdlinc.ca\/fr\/wp-json\/wp\/v2\/pages\/325\/revisions\/2214"}],"wp:attachment":[{"href":"https:\/\/www.cdlinc.ca\/fr\/wp-json\/wp\/v2\/media?parent=325"}],"curies":[{"name":"wp","href":"https:\/\/api.w.org\/{rel}","templated":true}]}}