{"id":32,"date":"2017-04-12T15:01:58","date_gmt":"2017-04-12T14:01:58","guid":{"rendered":"https:\/\/www.cdlinc.ca\/?page_id=32"},"modified":"2018-08-07T14:40:40","modified_gmt":"2018-08-07T13:40:40","slug":"les-forces-de-cdl","status":"publish","type":"page","link":"https:\/\/www.cdlinc.ca\/fr\/a-propos\/les-forces-de-cdl\/","title":{"rendered":"Les forces de CDL"},"content":{"rendered":"<p>Une gamme \u00e9tendue de produits standards ou sur mesure, pouvant satisfaire tous les besoins des producteurs ac\u00e9ricoles sous un m\u00eame toit, \u00e0 proximit\u00e9 de nos march\u00e9s, avec l\u2019introduction continue de nouveaux produits innovateurs de qualit\u00e9, test\u00e9s pour la performance avant commercialisation ;<\/p>\n<p>Une s\u00e9curit\u00e9 d\u2019approvisionnement accrue \u00e0 long terme garantie par notre excellente sant\u00e9 financi\u00e8re, notre mod\u00e8le d\u2019affaires bien adapt\u00e9 \u00e0 nos clients, et aussi gr\u00e2ce \u00e0 notre gestion corporative et manufacturi\u00e8re \u00e9prouv\u00e9e, nos entrep\u00f4ts localis\u00e9s strat\u00e9giquement, et notre propre flotte de transport;<\/p>\n<p><strong>Des services hors pairs sur mesure en expertise technique avant-vente pour \u00e9valuation des besoins, et apr\u00e8s-vente (24 heures sur 24 &#8211; 7 jours par semaine en saison) pour la formation des producteurs, l\u2019installation et la mise en place des \u00e9quipements livr\u00e9s \u00e0 temps, les r\u00e9parations sur place, ceci gr\u00e2ce \u00e0 une force de vente comp\u00e9tente et des unit\u00e9s mobiles de techniciens;<\/strong><\/p>\n<p>Le d\u00e9veloppement de nouvelles m\u00e9thodes, proc\u00e9d\u00e9s et produits r\u00e9alis\u00e9s en \u00e9troite collaboration (r\u00e9seautage) avec des partenaires connaisseurs des imp\u00e9ratifs de l\u2019industrie ac\u00e9ricole, dont le Centre Acer et l\u2019Universit\u00e9 Laval, Qu\u00e9bec;<\/p>\n<p>Une productivit\u00e9 am\u00e9lior\u00e9e de nos propres installations, en optimisant les m\u00e9thodes de travail modernes, doubl\u00e9e d\u2019une capacit\u00e9 exc\u00e9dentaire de production, d\u2019assemblage et de distribution de plus de 25% pour pouvoir affronter une part de march\u00e9 sup\u00e9rieure;<\/p>\n<p>Une gestion participative des ressources humaines, essentielles au succ\u00e8s de CDL; les valeurs v\u00e9hicul\u00e9es sont le respect, l\u2019engagement, la confiance, les relations conviviales, le souci de bien-\u00eatre, de r\u00e9alisation et de satisfaction. Un minimum de niveaux hi\u00e9rarchiques est maintenu dans notre entreprise pour en assurer l\u2019efficacit\u00e9;<\/p>\n<p>Une excellente notori\u00e9t\u00e9 et image de marque CDL, des relations de confiance avec commentaires positifs de bouche \u00e0 oreille de la part de nos clients actuels;<\/p>\n<p>L\u2019organisation de journ\u00e9es portes ouvertes pour nos clients, visant \u00e0 transmettre nos d\u00e9veloppements et mieux conna\u00eetre les besoins des producteurs; par ailleurs, le site Internet am\u00e9lior\u00e9 de CDL permettra de mieux former notre force de vente et nos clients, en plus de leur transmettre les caract\u00e9ristiques et sp\u00e9cifications de nos produits;<\/p>\n<p>Enfin, la collaboration au perfectionnement des connaissances des producteurs en ac\u00e9riculture, par l\u2019entremise d\u2019un partenariat avec la Commission scolaire du Fleuve-et-des-Lacs \u00e9tablie \u00e0 Poh\u00e9n\u00e9gamook au Qu\u00e9bec, pour la formation en production ac\u00e9ricole de plus de 1 000 heures (DEP).<\/p>\n","protected":false},"excerpt":{"rendered":"Une gamme \u00e9tendue de produits standards ou sur mesure, pouvant satisfaire tous les besoins des producteurs ac\u00e9ricoles sous un m\u00eame toit, \u00e0 proximit\u00e9 de nos march\u00e9s, avec l\u2019introduction continue de nouveaux produits innovateurs de qualit\u00e9, test\u00e9s pour la performance avant commercialisation ; Une s\u00e9curit\u00e9 d\u2019approvisionnement accrue \u00e0 long terme garantie par notre excellente sant\u00e9 financi\u00e8re, [&hellip;]","protected":false},"author":1,"featured_media":0,"parent":325,"menu_order":0,"comment_status":"closed","ping_status":"closed","template":"","meta":{"_acf_changed":false,"footnotes":""},"class_list":["post-32","page","type-page","status-publish","hentry"],"acf":[],"yoast_head":"<!-- This site is optimized with the Yoast SEO plugin v25.2 - https:\/\/yoast.com\/wordpress\/plugins\/seo\/ -->\n<title>\u00c9quipements d&#039;\u00c9rabli\u00e8re CDL : Expertise &amp; Service hors pair<\/title>\n<meta name=\"description\" content=\"CDL, votre partenaire de confiance : vaste gamme de produits, s\u00e9curit\u00e9 d&#039;approvisionnement, expertise technique et accompagnement des producteurs d&#039;\u00e9rable.\" \/>\n<meta name=\"robots\" content=\"index, follow, max-snippet:-1, max-image-preview:large, max-video-preview:-1\" \/>\n<link rel=\"canonical\" href=\"https:\/\/www.cdlinc.ca\/fr\/a-propos\/les-forces-de-cdl\/\" \/>\n<meta property=\"og:locale\" content=\"fr_FR\" \/>\n<meta property=\"og:type\" content=\"article\" \/>\n<meta property=\"og:title\" content=\"\u00c9quipements d&#039;\u00c9rabli\u00e8re CDL : Expertise &amp; Service hors pair\" \/>\n<meta property=\"og:description\" content=\"CDL, votre partenaire de confiance : vaste gamme de produits, s\u00e9curit\u00e9 d&#039;approvisionnement, expertise technique et accompagnement des producteurs d&#039;\u00e9rable.\" \/>\n<meta property=\"og:url\" content=\"https:\/\/www.cdlinc.ca\/fr\/a-propos\/les-forces-de-cdl\/\" \/>\n<meta property=\"og:site_name\" content=\"Les \u00e9quipements d&#039;\u00e9rabli\u00e8re CDL\" \/>\n<meta property=\"article:modified_time\" content=\"2018-08-07T13:40:40+00:00\" \/>\n<meta property=\"og:image\" content=\"https:\/\/www.cdlinc.ca\/wp-content\/uploads\/2017\/04\/CDL_facebook_share_1200x630.jpg\" \/>\n<meta name=\"twitter:card\" content=\"summary_large_image\" \/>\n<meta name=\"twitter:label1\" content=\"Dur\u00e9e de lecture estim\u00e9e\" \/>\n\t<meta name=\"twitter:data1\" content=\"2 minutes\" \/>\n<script type=\"application\/ld+json\" class=\"yoast-schema-graph\">{\"@context\":\"https:\/\/schema.org\",\"@graph\":[{\"@type\":\"WebPage\",\"@id\":\"https:\/\/www.cdlinc.ca\/fr\/a-propos\/les-forces-de-cdl\/\",\"url\":\"https:\/\/www.cdlinc.ca\/fr\/a-propos\/les-forces-de-cdl\/\",\"name\":\"\u00c9quipements d'\u00c9rabli\u00e8re CDL : Expertise & Service hors pair\",\"isPartOf\":{\"@id\":\"https:\/\/www.cdlinc.ca\/fr\/#website\"},\"datePublished\":\"2017-04-12T14:01:58+00:00\",\"dateModified\":\"2018-08-07T13:40:40+00:00\",\"description\":\"CDL, votre partenaire de confiance : vaste gamme de produits, s\u00e9curit\u00e9 d'approvisionnement, expertise technique et accompagnement des producteurs d'\u00e9rable.\",\"breadcrumb\":{\"@id\":\"https:\/\/www.cdlinc.ca\/fr\/a-propos\/les-forces-de-cdl\/#breadcrumb\"},\"inLanguage\":\"fr-FR\",\"potentialAction\":[{\"@type\":\"ReadAction\",\"target\":[\"https:\/\/www.cdlinc.ca\/fr\/a-propos\/les-forces-de-cdl\/\"]}]},{\"@type\":\"BreadcrumbList\",\"@id\":\"https:\/\/www.cdlinc.ca\/fr\/a-propos\/les-forces-de-cdl\/#breadcrumb\",\"itemListElement\":[{\"@type\":\"ListItem\",\"position\":1,\"name\":\"Home\",\"item\":\"https:\/\/www.cdlinc.ca\/fr\/\"},{\"@type\":\"ListItem\",\"position\":2,\"name\":\"\u00c0 propos de CDL\",\"item\":\"https:\/\/www.cdlinc.ca\/fr\/a-propos\/\"},{\"@type\":\"ListItem\",\"position\":3,\"name\":\"Les forces de CDL\"}]},{\"@type\":\"WebSite\",\"@id\":\"https:\/\/www.cdlinc.ca\/fr\/#website\",\"url\":\"https:\/\/www.cdlinc.ca\/fr\/\",\"name\":\"Les \u00e9quipements d&#039;\u00e9rabli\u00e8re CDL\",\"description\":\"L&#039;ac\u00e9riculture c&#039;est votre passion... Nous aussi.\",\"potentialAction\":[{\"@type\":\"SearchAction\",\"target\":{\"@type\":\"EntryPoint\",\"urlTemplate\":\"https:\/\/www.cdlinc.ca\/fr\/?s={search_term_string}\"},\"query-input\":{\"@type\":\"PropertyValueSpecification\",\"valueRequired\":true,\"valueName\":\"search_term_string\"}}],\"inLanguage\":\"fr-FR\"}]}<\/script>\n<!-- \/ Yoast SEO plugin. -->","yoast_head_json":{"title":"\u00c9quipements d'\u00c9rabli\u00e8re CDL : Expertise & Service hors pair","description":"CDL, votre partenaire de confiance : vaste gamme de produits, s\u00e9curit\u00e9 d'approvisionnement, expertise technique et accompagnement des producteurs d'\u00e9rable.","robots":{"index":"index","follow":"follow","max-snippet":"max-snippet:-1","max-image-preview":"max-image-preview:large","max-video-preview":"max-video-preview:-1"},"canonical":"https:\/\/www.cdlinc.ca\/fr\/a-propos\/les-forces-de-cdl\/","og_locale":"fr_FR","og_type":"article","og_title":"\u00c9quipements d'\u00c9rabli\u00e8re CDL : Expertise & Service hors pair","og_description":"CDL, votre partenaire de confiance : vaste gamme de produits, s\u00e9curit\u00e9 d'approvisionnement, expertise technique et accompagnement des producteurs d'\u00e9rable.","og_url":"https:\/\/www.cdlinc.ca\/fr\/a-propos\/les-forces-de-cdl\/","og_site_name":"Les \u00e9quipements d&#039;\u00e9rabli\u00e8re CDL","article_modified_time":"2018-08-07T13:40:40+00:00","og_image":[{"url":"https:\/\/www.cdlinc.ca\/wp-content\/uploads\/2017\/04\/CDL_facebook_share_1200x630.jpg","type":"","width":"","height":""}],"twitter_card":"summary_large_image","twitter_misc":{"Dur\u00e9e de lecture estim\u00e9e":"2 minutes"},"schema":{"@context":"https:\/\/schema.org","@graph":[{"@type":"WebPage","@id":"https:\/\/www.cdlinc.ca\/fr\/a-propos\/les-forces-de-cdl\/","url":"https:\/\/www.cdlinc.ca\/fr\/a-propos\/les-forces-de-cdl\/","name":"\u00c9quipements d'\u00c9rabli\u00e8re CDL : Expertise & Service hors pair","isPartOf":{"@id":"https:\/\/www.cdlinc.ca\/fr\/#website"},"datePublished":"2017-04-12T14:01:58+00:00","dateModified":"2018-08-07T13:40:40+00:00","description":"CDL, votre partenaire de confiance : vaste gamme de produits, s\u00e9curit\u00e9 d'approvisionnement, expertise technique et accompagnement des producteurs d'\u00e9rable.","breadcrumb":{"@id":"https:\/\/www.cdlinc.ca\/fr\/a-propos\/les-forces-de-cdl\/#breadcrumb"},"inLanguage":"fr-FR","potentialAction":[{"@type":"ReadAction","target":["https:\/\/www.cdlinc.ca\/fr\/a-propos\/les-forces-de-cdl\/"]}]},{"@type":"BreadcrumbList","@id":"https:\/\/www.cdlinc.ca\/fr\/a-propos\/les-forces-de-cdl\/#breadcrumb","itemListElement":[{"@type":"ListItem","position":1,"name":"Home","item":"https:\/\/www.cdlinc.ca\/fr\/"},{"@type":"ListItem","position":2,"name":"\u00c0 propos de CDL","item":"https:\/\/www.cdlinc.ca\/fr\/a-propos\/"},{"@type":"ListItem","position":3,"name":"Les forces de CDL"}]},{"@type":"WebSite","@id":"https:\/\/www.cdlinc.ca\/fr\/#website","url":"https:\/\/www.cdlinc.ca\/fr\/","name":"Les \u00e9quipements d&#039;\u00e9rabli\u00e8re CDL","description":"L&#039;ac\u00e9riculture c&#039;est votre passion... Nous aussi.","potentialAction":[{"@type":"SearchAction","target":{"@type":"EntryPoint","urlTemplate":"https:\/\/www.cdlinc.ca\/fr\/?s={search_term_string}"},"query-input":{"@type":"PropertyValueSpecification","valueRequired":true,"valueName":"search_term_string"}}],"inLanguage":"fr-FR"}]}},"_links":{"self":[{"href":"https:\/\/www.cdlinc.ca\/fr\/wp-json\/wp\/v2\/pages\/32","targetHints":{"allow":["GET"]}}],"collection":[{"href":"https:\/\/www.cdlinc.ca\/fr\/wp-json\/wp\/v2\/pages"}],"about":[{"href":"https:\/\/www.cdlinc.ca\/fr\/wp-json\/wp\/v2\/types\/page"}],"author":[{"embeddable":true,"href":"https:\/\/www.cdlinc.ca\/fr\/wp-json\/wp\/v2\/users\/1"}],"replies":[{"embeddable":true,"href":"https:\/\/www.cdlinc.ca\/fr\/wp-json\/wp\/v2\/comments?post=32"}],"version-history":[{"count":9,"href":"https:\/\/www.cdlinc.ca\/fr\/wp-json\/wp\/v2\/pages\/32\/revisions"}],"predecessor-version":[{"id":2219,"href":"https:\/\/www.cdlinc.ca\/fr\/wp-json\/wp\/v2\/pages\/32\/revisions\/2219"}],"up":[{"embeddable":true,"href":"https:\/\/www.cdlinc.ca\/fr\/wp-json\/wp\/v2\/pages\/325"}],"wp:attachment":[{"href":"https:\/\/www.cdlinc.ca\/fr\/wp-json\/wp\/v2\/media?parent=32"}],"curies":[{"name":"wp","href":"https:\/\/api.w.org\/{rel}","templated":true}]}}