{"id":30,"date":"2017-04-12T15:01:48","date_gmt":"2017-04-12T14:01:48","guid":{"rendered":"https:\/\/www.cdlinc.ca\/?page_id=30"},"modified":"2022-03-17T18:58:55","modified_gmt":"2022-03-17T17:58:55","slug":"rd","status":"publish","type":"page","link":"https:\/\/www.cdlinc.ca\/fr\/a-propos\/rd\/","title":{"rendered":"Recherche et d\u00e9veloppement"},"content":{"rendered":"<p>CDL peut compter sur sa propre \u00e9quipe de recherche et d\u00e9veloppement qui permet \u00e0 l\u2019entreprise d\u2019am\u00e9liorer ses capacit\u00e9s de production et aussi la qualit\u00e9 de ses produits. Ces hommes et ces femmes travaillent jour apr\u00e8s jour afin de trouver de nouvelles m\u00e9thodes dans le but d\u2019offrir \u00a0aux ac\u00e9riculteurs une meilleure productivit\u00e9, une meilleure efficacit\u00e9 et une meilleure rentabilit\u00e9. En effet, cette \u00e9quipe ne cessera jamais d\u2019innover le secteur de l\u2019ac\u00e9riculture puisqu\u2019ils sont eux m\u00eame ac\u00e9riculteur. Elle tente de plus en plus de cr\u00e9er de nouveaux produits pour r\u00e9pondre \u00e0 vos besoins gr\u00e2ce \u00e0 leurs exp\u00e9riences personnelles dans le domaine. C\u2019est tous ces gens d\u00e9vou\u00e9s qui permettent \u00e0 notre entreprise d\u2019\u00eatre le chef de file dans l\u2019industrie ann\u00e9e apr\u00e8s ann\u00e9e.<\/p>\n","protected":false},"excerpt":{"rendered":"CDL peut compter sur sa propre \u00e9quipe de recherche et d\u00e9veloppement qui permet \u00e0 l\u2019entreprise d\u2019am\u00e9liorer ses capacit\u00e9s de production et aussi la qualit\u00e9 de ses produits. Ces hommes et ces femmes travaillent jour apr\u00e8s jour afin de trouver de nouvelles m\u00e9thodes dans le but d\u2019offrir \u00a0aux ac\u00e9riculteurs une meilleure productivit\u00e9, une meilleure efficacit\u00e9 et [&hellip;]","protected":false},"author":1,"featured_media":0,"parent":325,"menu_order":0,"comment_status":"closed","ping_status":"closed","template":"","meta":{"_acf_changed":false,"footnotes":""},"class_list":["post-30","page","type-page","status-publish","hentry"],"acf":[],"yoast_head":"<!-- This site is optimized with the Yoast SEO plugin v25.2 - https:\/\/yoast.com\/wordpress\/plugins\/seo\/ -->\n<title>Recherche et D\u00e9veloppement : \u00c9quipements d&#039;\u00c9rabli\u00e8re CDL<\/title>\n<meta name=\"description\" content=\"CDL s&#039;appuie sur sa propre \u00e9quipe de Recherche et D\u00e9veloppement pour innover et vous pr\u00e9senter des \u00e9quipements ac\u00e9ricoles toujours plus performants.\" \/>\n<meta name=\"robots\" content=\"index, follow, max-snippet:-1, max-image-preview:large, max-video-preview:-1\" \/>\n<link rel=\"canonical\" href=\"https:\/\/www.cdlinc.ca\/fr\/a-propos\/rd\/\" \/>\n<meta property=\"og:locale\" content=\"fr_FR\" \/>\n<meta property=\"og:type\" content=\"article\" \/>\n<meta property=\"og:title\" content=\"Recherche et D\u00e9veloppement : \u00c9quipements d&#039;\u00c9rabli\u00e8re CDL\" \/>\n<meta property=\"og:description\" content=\"CDL s&#039;appuie sur sa propre \u00e9quipe de Recherche et D\u00e9veloppement pour innover et vous pr\u00e9senter des \u00e9quipements ac\u00e9ricoles toujours plus performants.\" \/>\n<meta property=\"og:url\" content=\"https:\/\/www.cdlinc.ca\/fr\/a-propos\/rd\/\" \/>\n<meta property=\"og:site_name\" content=\"Les \u00e9quipements d&#039;\u00e9rabli\u00e8re CDL\" \/>\n<meta property=\"article:modified_time\" content=\"2022-03-17T17:58:55+00:00\" \/>\n<meta property=\"og:image\" content=\"https:\/\/www.cdlinc.ca\/wp-content\/uploads\/2017\/04\/CDL_facebook_share_1200x630.jpg\" \/>\n<meta name=\"twitter:card\" content=\"summary_large_image\" \/>\n<meta name=\"twitter:label1\" content=\"Dur\u00e9e de lecture estim\u00e9e\" \/>\n\t<meta name=\"twitter:data1\" content=\"1 minute\" \/>\n<script type=\"application\/ld+json\" class=\"yoast-schema-graph\">{\"@context\":\"https:\/\/schema.org\",\"@graph\":[{\"@type\":\"WebPage\",\"@id\":\"https:\/\/www.cdlinc.ca\/fr\/a-propos\/rd\/\",\"url\":\"https:\/\/www.cdlinc.ca\/fr\/a-propos\/rd\/\",\"name\":\"Recherche et D\u00e9veloppement : \u00c9quipements d'\u00c9rabli\u00e8re CDL\",\"isPartOf\":{\"@id\":\"https:\/\/www.cdlinc.ca\/fr\/#website\"},\"datePublished\":\"2017-04-12T14:01:48+00:00\",\"dateModified\":\"2022-03-17T17:58:55+00:00\",\"description\":\"CDL s'appuie sur sa propre \u00e9quipe de Recherche et D\u00e9veloppement pour innover et vous pr\u00e9senter des \u00e9quipements ac\u00e9ricoles toujours plus performants.\",\"breadcrumb\":{\"@id\":\"https:\/\/www.cdlinc.ca\/fr\/a-propos\/rd\/#breadcrumb\"},\"inLanguage\":\"fr-FR\",\"potentialAction\":[{\"@type\":\"ReadAction\",\"target\":[\"https:\/\/www.cdlinc.ca\/fr\/a-propos\/rd\/\"]}]},{\"@type\":\"BreadcrumbList\",\"@id\":\"https:\/\/www.cdlinc.ca\/fr\/a-propos\/rd\/#breadcrumb\",\"itemListElement\":[{\"@type\":\"ListItem\",\"position\":1,\"name\":\"Home\",\"item\":\"https:\/\/www.cdlinc.ca\/fr\/\"},{\"@type\":\"ListItem\",\"position\":2,\"name\":\"\u00c0 propos de CDL\",\"item\":\"https:\/\/www.cdlinc.ca\/fr\/a-propos\/\"},{\"@type\":\"ListItem\",\"position\":3,\"name\":\"Recherche et d\u00e9veloppement\"}]},{\"@type\":\"WebSite\",\"@id\":\"https:\/\/www.cdlinc.ca\/fr\/#website\",\"url\":\"https:\/\/www.cdlinc.ca\/fr\/\",\"name\":\"Les \u00e9quipements d&#039;\u00e9rabli\u00e8re CDL\",\"description\":\"L&#039;ac\u00e9riculture c&#039;est votre passion... Nous aussi.\",\"potentialAction\":[{\"@type\":\"SearchAction\",\"target\":{\"@type\":\"EntryPoint\",\"urlTemplate\":\"https:\/\/www.cdlinc.ca\/fr\/?s={search_term_string}\"},\"query-input\":{\"@type\":\"PropertyValueSpecification\",\"valueRequired\":true,\"valueName\":\"search_term_string\"}}],\"inLanguage\":\"fr-FR\"}]}<\/script>\n<!-- \/ Yoast SEO plugin. -->","yoast_head_json":{"title":"Recherche et D\u00e9veloppement : \u00c9quipements d'\u00c9rabli\u00e8re CDL","description":"CDL s'appuie sur sa propre \u00e9quipe de Recherche et D\u00e9veloppement pour innover et vous pr\u00e9senter des \u00e9quipements ac\u00e9ricoles toujours plus performants.","robots":{"index":"index","follow":"follow","max-snippet":"max-snippet:-1","max-image-preview":"max-image-preview:large","max-video-preview":"max-video-preview:-1"},"canonical":"https:\/\/www.cdlinc.ca\/fr\/a-propos\/rd\/","og_locale":"fr_FR","og_type":"article","og_title":"Recherche et D\u00e9veloppement : \u00c9quipements d'\u00c9rabli\u00e8re CDL","og_description":"CDL s'appuie sur sa propre \u00e9quipe de Recherche et D\u00e9veloppement pour innover et vous pr\u00e9senter des \u00e9quipements ac\u00e9ricoles toujours plus performants.","og_url":"https:\/\/www.cdlinc.ca\/fr\/a-propos\/rd\/","og_site_name":"Les \u00e9quipements d&#039;\u00e9rabli\u00e8re CDL","article_modified_time":"2022-03-17T17:58:55+00:00","og_image":[{"url":"https:\/\/www.cdlinc.ca\/wp-content\/uploads\/2017\/04\/CDL_facebook_share_1200x630.jpg","type":"","width":"","height":""}],"twitter_card":"summary_large_image","twitter_misc":{"Dur\u00e9e de lecture estim\u00e9e":"1 minute"},"schema":{"@context":"https:\/\/schema.org","@graph":[{"@type":"WebPage","@id":"https:\/\/www.cdlinc.ca\/fr\/a-propos\/rd\/","url":"https:\/\/www.cdlinc.ca\/fr\/a-propos\/rd\/","name":"Recherche et D\u00e9veloppement : \u00c9quipements d'\u00c9rabli\u00e8re CDL","isPartOf":{"@id":"https:\/\/www.cdlinc.ca\/fr\/#website"},"datePublished":"2017-04-12T14:01:48+00:00","dateModified":"2022-03-17T17:58:55+00:00","description":"CDL s'appuie sur sa propre \u00e9quipe de Recherche et D\u00e9veloppement pour innover et vous pr\u00e9senter des \u00e9quipements ac\u00e9ricoles toujours plus performants.","breadcrumb":{"@id":"https:\/\/www.cdlinc.ca\/fr\/a-propos\/rd\/#breadcrumb"},"inLanguage":"fr-FR","potentialAction":[{"@type":"ReadAction","target":["https:\/\/www.cdlinc.ca\/fr\/a-propos\/rd\/"]}]},{"@type":"BreadcrumbList","@id":"https:\/\/www.cdlinc.ca\/fr\/a-propos\/rd\/#breadcrumb","itemListElement":[{"@type":"ListItem","position":1,"name":"Home","item":"https:\/\/www.cdlinc.ca\/fr\/"},{"@type":"ListItem","position":2,"name":"\u00c0 propos de CDL","item":"https:\/\/www.cdlinc.ca\/fr\/a-propos\/"},{"@type":"ListItem","position":3,"name":"Recherche et d\u00e9veloppement"}]},{"@type":"WebSite","@id":"https:\/\/www.cdlinc.ca\/fr\/#website","url":"https:\/\/www.cdlinc.ca\/fr\/","name":"Les \u00e9quipements d&#039;\u00e9rabli\u00e8re CDL","description":"L&#039;ac\u00e9riculture c&#039;est votre passion... Nous aussi.","potentialAction":[{"@type":"SearchAction","target":{"@type":"EntryPoint","urlTemplate":"https:\/\/www.cdlinc.ca\/fr\/?s={search_term_string}"},"query-input":{"@type":"PropertyValueSpecification","valueRequired":true,"valueName":"search_term_string"}}],"inLanguage":"fr-FR"}]}},"_links":{"self":[{"href":"https:\/\/www.cdlinc.ca\/fr\/wp-json\/wp\/v2\/pages\/30","targetHints":{"allow":["GET"]}}],"collection":[{"href":"https:\/\/www.cdlinc.ca\/fr\/wp-json\/wp\/v2\/pages"}],"about":[{"href":"https:\/\/www.cdlinc.ca\/fr\/wp-json\/wp\/v2\/types\/page"}],"author":[{"embeddable":true,"href":"https:\/\/www.cdlinc.ca\/fr\/wp-json\/wp\/v2\/users\/1"}],"replies":[{"embeddable":true,"href":"https:\/\/www.cdlinc.ca\/fr\/wp-json\/wp\/v2\/comments?post=30"}],"version-history":[{"count":5,"href":"https:\/\/www.cdlinc.ca\/fr\/wp-json\/wp\/v2\/pages\/30\/revisions"}],"predecessor-version":[{"id":7125,"href":"https:\/\/www.cdlinc.ca\/fr\/wp-json\/wp\/v2\/pages\/30\/revisions\/7125"}],"up":[{"embeddable":true,"href":"https:\/\/www.cdlinc.ca\/fr\/wp-json\/wp\/v2\/pages\/325"}],"wp:attachment":[{"href":"https:\/\/www.cdlinc.ca\/fr\/wp-json\/wp\/v2\/media?parent=30"}],"curies":[{"name":"wp","href":"https:\/\/api.w.org\/{rel}","templated":true}]}}