{"id":2633,"date":"2019-01-03T20:07:56","date_gmt":"2019-01-03T19:07:56","guid":{"rendered":"https:\/\/www.cdlinc.ca\/?page_id=2633\/"},"modified":"2023-07-17T10:25:16","modified_gmt":"2023-07-17T14:25:16","slug":"normes-californiennes","status":"publish","type":"page","link":"https:\/\/www.cdlinc.ca\/fr\/normes-californiennes\/","title":{"rendered":"Normes californiennes"},"content":{"rendered":"<h3>Normes californiennes concernant le sirop d&rsquo;\u00e9rable, comment CDL peut m&rsquo;aider?<\/h3>\n<p>Les \u00c9quipements d&rsquo;\u00e9rabli\u00e8re CDL comptent sur une vaste exp\u00e9rience du domaine ainsi qu\u2019\u00e0 son r\u00e9seau de conseillers en ac\u00e9riculture\u00a0afin de faciliter l\u2019adaptation de votre \u00e9rabli\u00e8re aux nouvelles normes californiennes.<\/p>\n<ul>\n<li>Soumission de projet gratuite par nos conseillers pour la conformit\u00e9 aux nouvelles normes californiennes!<\/li>\n<li><a href=\"https:\/\/www.cdlinc.ca\/wp-content\/uploads\/2019\/01\/Check-List-CDL-Normes-Californiennes.pdf\"><strong>Feuille de v\u00e9rification pour \u00e9rabli\u00e8re t\u00e9l\u00e9chargeable ici<\/strong><\/a> ,\u00a0aupr\u00e8s de votre repr\u00e9sentant ou\u00a0en succursale!<\/li>\n<\/ul>\n<p><strong><img loading=\"lazy\" decoding=\"async\" class=\"wp-image-2642 size-medium alignnone\" src=\"https:\/\/www.cdlinc.ca\/wp-content\/uploads\/2019\/01\/Artboard-1@2x-250x92.png\" alt=\"\" width=\"250\" height=\"92\" srcset=\"https:\/\/www.cdlinc.ca\/wp-content\/uploads\/2019\/01\/Artboard-1@2x-250x92.png 250w, https:\/\/www.cdlinc.ca\/wp-content\/uploads\/2019\/01\/Artboard-1@2x-768x283.png 768w, https:\/\/www.cdlinc.ca\/wp-content\/uploads\/2019\/01\/Artboard-1@2x-700x258.png 700w, https:\/\/www.cdlinc.ca\/wp-content\/uploads\/2019\/01\/Artboard-1@2x-310x114.png 310w, https:\/\/www.cdlinc.ca\/wp-content\/uploads\/2019\/01\/Artboard-1@2x-120x44.png 120w, https:\/\/www.cdlinc.ca\/wp-content\/uploads\/2019\/01\/Artboard-1@2x.png 1000w\" sizes=\"auto, (max-width: 250px) 100vw, 250px\" \/><\/strong><\/p>\n<p><strong>Informations utiles<\/strong><\/p>\n<p>Pour les citoyens de la Californie, ce n\u2019est pas tant le niveau de plomb qui importe, mais plut\u00f4t que les \u00e9quipements en contact avec l\u2019eau ou le sirop d\u2019\u00e9rable soient conformes et, si un de ces \u00e9quipements est non conforme, ils veulent en \u00eatre avertis.\u00a0<b>Source:<\/b> <b>FPAQ<\/b> INFO-SIROP, \u00c9dition avril 2017<\/p>\n<p>Dans le cadre de l\u2019entente californienne, la teneur en plomb maximale autoris\u00e9e dans le sirop d\u2019\u00e9rable est de 11 ppb. Au-del\u00e0 de cette concentration, le producteur doit d\u00e9montrer que des mesures de r\u00e9duction du plomb ont \u00e9t\u00e9 mises en place.\u00a0<b>Source:<\/b><span class=\"Apple-converted-space\">\u00a0 <\/span><a href=\"http:\/\/www.centreacer.qc.ca\/publications\/guide-d-amelioration-des-materiaux-utilises-dans-l-industrie-acericole\" target=\"_blank\" rel=\"noopener noreferrer\"><b>CENTRE ACER<\/b> Guide d\u2019am\u00e9lioration des mat\u00e9riaux utilis\u00e9s dans l\u2019industrie ac\u00e9ricole<\/a><\/p>\n<ul>\n<li>Filtration du sirop \u00e0 180 \u00b0F (~82 \u00b0C);<\/li>\n<li>Pas de plomb dans les recouvrements int\u00e9rieurs du b\u00e2timent;<\/li>\n<li>Les \u00e9quipements doivent r\u00e9pondre aux exigences en mati\u00e8re\u00a0de plomb de la norme NSF-51 2012;<\/li>\n<li>Les barils en acier galvanis\u00e9 doivent \u00eatre \u00e9limin\u00e9s;<\/li>\n<li>Le plomb ne doit pas faire intentionnellement partie des alliages utilis\u00e9s;<\/li>\n<li>Le laiton et le bronze peuvent contenir jusqu\u2019\u00e0 8 % de plomb\u00a0s\u2019ils r\u00e9sistent \u00e0 la corrosion.<\/li>\n<\/ul>\n<p><b>Source:<\/b><span class=\"Apple-converted-space\">\u00a0 <\/span><a href=\"https:\/\/www.mapaq.gouv.qc.ca\/SiteCollectionDocuments\/Regions\/ChaudiereAppalaches\/Espaceconferences\/Respect_de_lentente_californienne_Comment_sy_prendre_JA_2018.pdf\" target=\"_blank\" rel=\"noopener noreferrer\"><b>MAPAQ<\/b> Le respect de l\u2019entente californienne : comment s\u2019y prendre<\/a><\/p>\n<p>Votre repr\u00e9sentant ac\u00e9ricole CDL s\u2019engage \u00e0 vous aider, <a href=\"https:\/\/www.cdlinc.ca\/fr\/representants\/\"><strong>contactez-le!<\/strong><\/a><\/p>\n","protected":false},"excerpt":{"rendered":"Normes californiennes concernant le sirop d&rsquo;\u00e9rable, comment CDL peut m&rsquo;aider? Les \u00c9quipements d&rsquo;\u00e9rabli\u00e8re CDL comptent sur une vaste exp\u00e9rience du domaine ainsi qu\u2019\u00e0 son r\u00e9seau de conseillers en ac\u00e9riculture\u00a0afin de faciliter l\u2019adaptation de votre \u00e9rabli\u00e8re aux nouvelles normes californiennes. Soumission de projet gratuite par nos conseillers pour la conformit\u00e9 aux nouvelles normes californiennes! Feuille de [&hellip;]","protected":false},"author":4,"featured_media":0,"parent":0,"menu_order":0,"comment_status":"closed","ping_status":"closed","template":"","meta":{"_acf_changed":false,"footnotes":""},"class_list":["post-2633","page","type-page","status-publish","hentry"],"acf":[],"yoast_head":"<!-- This site is optimized with the Yoast SEO plugin v25.2 - https:\/\/yoast.com\/wordpress\/plugins\/seo\/ -->\n<title>Normes californiennes pour le sirop d&#039;\u00e9rable<\/title>\n<meta name=\"description\" content=\"CDL compte sur une vaste exp\u00e9rience ainsi qu\u2019\u00e0 son r\u00e9seau de conseillers afin de faciliter l\u2019adaptation de votre \u00e9rabli\u00e8re aux normes californiennes.\" \/>\n<meta name=\"robots\" content=\"index, follow, max-snippet:-1, max-image-preview:large, max-video-preview:-1\" \/>\n<link rel=\"canonical\" href=\"https:\/\/www.cdlinc.ca\/fr\/normes-californiennes\/\" \/>\n<meta property=\"og:locale\" content=\"fr_FR\" \/>\n<meta property=\"og:type\" content=\"article\" \/>\n<meta property=\"og:title\" content=\"Normes californiennes pour le sirop d&#039;\u00e9rable\" \/>\n<meta property=\"og:description\" content=\"CDL compte sur une vaste exp\u00e9rience ainsi qu\u2019\u00e0 son r\u00e9seau de conseillers afin de faciliter l\u2019adaptation de votre \u00e9rabli\u00e8re aux normes californiennes.\" \/>\n<meta property=\"og:url\" content=\"https:\/\/www.cdlinc.ca\/fr\/normes-californiennes\/\" \/>\n<meta property=\"og:site_name\" content=\"Les \u00e9quipements d&#039;\u00e9rabli\u00e8re CDL\" \/>\n<meta property=\"article:modified_time\" content=\"2023-07-17T14:25:16+00:00\" \/>\n<meta property=\"og:image\" content=\"https:\/\/www.cdlinc.ca\/wp-content\/uploads\/2019\/01\/Artboard-1@2x-250x92.png\" \/>\n<meta name=\"twitter:card\" content=\"summary_large_image\" \/>\n<meta name=\"twitter:label1\" content=\"Dur\u00e9e de lecture estim\u00e9e\" \/>\n\t<meta name=\"twitter:data1\" content=\"2 minutes\" \/>\n<script type=\"application\/ld+json\" class=\"yoast-schema-graph\">{\"@context\":\"https:\/\/schema.org\",\"@graph\":[{\"@type\":\"WebPage\",\"@id\":\"https:\/\/www.cdlinc.ca\/fr\/normes-californiennes\/\",\"url\":\"https:\/\/www.cdlinc.ca\/fr\/normes-californiennes\/\",\"name\":\"Normes californiennes pour le sirop d'\u00e9rable\",\"isPartOf\":{\"@id\":\"https:\/\/www.cdlinc.ca\/fr\/#website\"},\"primaryImageOfPage\":{\"@id\":\"https:\/\/www.cdlinc.ca\/fr\/normes-californiennes\/#primaryimage\"},\"image\":{\"@id\":\"https:\/\/www.cdlinc.ca\/fr\/normes-californiennes\/#primaryimage\"},\"thumbnailUrl\":\"https:\/\/www.cdlinc.ca\/wp-content\/uploads\/2019\/01\/Artboard-1@2x-250x92.png\",\"datePublished\":\"2019-01-03T19:07:56+00:00\",\"dateModified\":\"2023-07-17T14:25:16+00:00\",\"description\":\"CDL compte sur une vaste exp\u00e9rience ainsi qu\u2019\u00e0 son r\u00e9seau de conseillers afin de faciliter l\u2019adaptation de votre \u00e9rabli\u00e8re aux normes californiennes.\",\"breadcrumb\":{\"@id\":\"https:\/\/www.cdlinc.ca\/fr\/normes-californiennes\/#breadcrumb\"},\"inLanguage\":\"fr-FR\",\"potentialAction\":[{\"@type\":\"ReadAction\",\"target\":[\"https:\/\/www.cdlinc.ca\/fr\/normes-californiennes\/\"]}]},{\"@type\":\"ImageObject\",\"inLanguage\":\"fr-FR\",\"@id\":\"https:\/\/www.cdlinc.ca\/fr\/normes-californiennes\/#primaryimage\",\"url\":\"https:\/\/www.cdlinc.ca\/wp-content\/uploads\/2019\/01\/Artboard-1@2x-250x92.png\",\"contentUrl\":\"https:\/\/www.cdlinc.ca\/wp-content\/uploads\/2019\/01\/Artboard-1@2x-250x92.png\"},{\"@type\":\"BreadcrumbList\",\"@id\":\"https:\/\/www.cdlinc.ca\/fr\/normes-californiennes\/#breadcrumb\",\"itemListElement\":[{\"@type\":\"ListItem\",\"position\":1,\"name\":\"Home\",\"item\":\"https:\/\/www.cdlinc.ca\/fr\/\"},{\"@type\":\"ListItem\",\"position\":2,\"name\":\"Normes californiennes\"}]},{\"@type\":\"WebSite\",\"@id\":\"https:\/\/www.cdlinc.ca\/fr\/#website\",\"url\":\"https:\/\/www.cdlinc.ca\/fr\/\",\"name\":\"Les \u00e9quipements d&#039;\u00e9rabli\u00e8re CDL\",\"description\":\"L&#039;ac\u00e9riculture c&#039;est votre passion... Nous aussi.\",\"potentialAction\":[{\"@type\":\"SearchAction\",\"target\":{\"@type\":\"EntryPoint\",\"urlTemplate\":\"https:\/\/www.cdlinc.ca\/fr\/?s={search_term_string}\"},\"query-input\":{\"@type\":\"PropertyValueSpecification\",\"valueRequired\":true,\"valueName\":\"search_term_string\"}}],\"inLanguage\":\"fr-FR\"}]}<\/script>\n<!-- \/ Yoast SEO plugin. -->","yoast_head_json":{"title":"Normes californiennes pour le sirop d'\u00e9rable","description":"CDL compte sur une vaste exp\u00e9rience ainsi qu\u2019\u00e0 son r\u00e9seau de conseillers afin de faciliter l\u2019adaptation de votre \u00e9rabli\u00e8re aux normes californiennes.","robots":{"index":"index","follow":"follow","max-snippet":"max-snippet:-1","max-image-preview":"max-image-preview:large","max-video-preview":"max-video-preview:-1"},"canonical":"https:\/\/www.cdlinc.ca\/fr\/normes-californiennes\/","og_locale":"fr_FR","og_type":"article","og_title":"Normes californiennes pour le sirop d'\u00e9rable","og_description":"CDL compte sur une vaste exp\u00e9rience ainsi qu\u2019\u00e0 son r\u00e9seau de conseillers afin de faciliter l\u2019adaptation de votre \u00e9rabli\u00e8re aux normes californiennes.","og_url":"https:\/\/www.cdlinc.ca\/fr\/normes-californiennes\/","og_site_name":"Les \u00e9quipements d&#039;\u00e9rabli\u00e8re CDL","article_modified_time":"2023-07-17T14:25:16+00:00","og_image":[{"url":"https:\/\/www.cdlinc.ca\/wp-content\/uploads\/2019\/01\/Artboard-1@2x-250x92.png","type":"","width":"","height":""}],"twitter_card":"summary_large_image","twitter_misc":{"Dur\u00e9e de lecture estim\u00e9e":"2 minutes"},"schema":{"@context":"https:\/\/schema.org","@graph":[{"@type":"WebPage","@id":"https:\/\/www.cdlinc.ca\/fr\/normes-californiennes\/","url":"https:\/\/www.cdlinc.ca\/fr\/normes-californiennes\/","name":"Normes californiennes pour le sirop d'\u00e9rable","isPartOf":{"@id":"https:\/\/www.cdlinc.ca\/fr\/#website"},"primaryImageOfPage":{"@id":"https:\/\/www.cdlinc.ca\/fr\/normes-californiennes\/#primaryimage"},"image":{"@id":"https:\/\/www.cdlinc.ca\/fr\/normes-californiennes\/#primaryimage"},"thumbnailUrl":"https:\/\/www.cdlinc.ca\/wp-content\/uploads\/2019\/01\/Artboard-1@2x-250x92.png","datePublished":"2019-01-03T19:07:56+00:00","dateModified":"2023-07-17T14:25:16+00:00","description":"CDL compte sur une vaste exp\u00e9rience ainsi qu\u2019\u00e0 son r\u00e9seau de conseillers afin de faciliter l\u2019adaptation de votre \u00e9rabli\u00e8re aux normes californiennes.","breadcrumb":{"@id":"https:\/\/www.cdlinc.ca\/fr\/normes-californiennes\/#breadcrumb"},"inLanguage":"fr-FR","potentialAction":[{"@type":"ReadAction","target":["https:\/\/www.cdlinc.ca\/fr\/normes-californiennes\/"]}]},{"@type":"ImageObject","inLanguage":"fr-FR","@id":"https:\/\/www.cdlinc.ca\/fr\/normes-californiennes\/#primaryimage","url":"https:\/\/www.cdlinc.ca\/wp-content\/uploads\/2019\/01\/Artboard-1@2x-250x92.png","contentUrl":"https:\/\/www.cdlinc.ca\/wp-content\/uploads\/2019\/01\/Artboard-1@2x-250x92.png"},{"@type":"BreadcrumbList","@id":"https:\/\/www.cdlinc.ca\/fr\/normes-californiennes\/#breadcrumb","itemListElement":[{"@type":"ListItem","position":1,"name":"Home","item":"https:\/\/www.cdlinc.ca\/fr\/"},{"@type":"ListItem","position":2,"name":"Normes californiennes"}]},{"@type":"WebSite","@id":"https:\/\/www.cdlinc.ca\/fr\/#website","url":"https:\/\/www.cdlinc.ca\/fr\/","name":"Les \u00e9quipements d&#039;\u00e9rabli\u00e8re CDL","description":"L&#039;ac\u00e9riculture c&#039;est votre passion... Nous aussi.","potentialAction":[{"@type":"SearchAction","target":{"@type":"EntryPoint","urlTemplate":"https:\/\/www.cdlinc.ca\/fr\/?s={search_term_string}"},"query-input":{"@type":"PropertyValueSpecification","valueRequired":true,"valueName":"search_term_string"}}],"inLanguage":"fr-FR"}]}},"_links":{"self":[{"href":"https:\/\/www.cdlinc.ca\/fr\/wp-json\/wp\/v2\/pages\/2633","targetHints":{"allow":["GET"]}}],"collection":[{"href":"https:\/\/www.cdlinc.ca\/fr\/wp-json\/wp\/v2\/pages"}],"about":[{"href":"https:\/\/www.cdlinc.ca\/fr\/wp-json\/wp\/v2\/types\/page"}],"author":[{"embeddable":true,"href":"https:\/\/www.cdlinc.ca\/fr\/wp-json\/wp\/v2\/users\/4"}],"replies":[{"embeddable":true,"href":"https:\/\/www.cdlinc.ca\/fr\/wp-json\/wp\/v2\/comments?post=2633"}],"version-history":[{"count":13,"href":"https:\/\/www.cdlinc.ca\/fr\/wp-json\/wp\/v2\/pages\/2633\/revisions"}],"predecessor-version":[{"id":9706,"href":"https:\/\/www.cdlinc.ca\/fr\/wp-json\/wp\/v2\/pages\/2633\/revisions\/9706"}],"wp:attachment":[{"href":"https:\/\/www.cdlinc.ca\/fr\/wp-json\/wp\/v2\/media?parent=2633"}],"curies":[{"name":"wp","href":"https:\/\/api.w.org\/{rel}","templated":true}]}}