{"id":26,"date":"2017-04-12T15:01:23","date_gmt":"2017-04-12T14:01:23","guid":{"rendered":"https:\/\/www.cdlinc.ca\/?page_id=26"},"modified":"2021-06-25T16:29:06","modified_gmt":"2021-06-25T15:29:06","slug":"guides-comment-faire","status":"publish","type":"page","link":"https:\/\/www.cdlinc.ca\/fr\/guides-comment-faire\/","title":{"rendered":"Guides Comment faire?"},"content":{"rendered":"<p>Des proc\u00e9dures faciles \u00e0 suivre, \u00e9tape-par-\u00e9tape, pour r\u00e9aliser tout ce que vous avez toujours voulu faire simplement. Ne vous posez plus de questions et consultez nos petits guides pratiques, qui vont de la transformation du sirop d\u2019\u00e9rable \u00e0 l\u2019utilisation des instruments de mesure.<\/p>\n<h2>Transformation<\/h2>\n<p><a href=\"\/wp-content\/uploads\/2017\/05\/beurre_erable.pdf\">Comment faire du beurre d&rsquo;\u00e9rable<\/a><\/p>\n<p><a href=\"\/wp-content\/uploads\/2017\/05\/bonbons-durs.pdf\">Comment faire des bonbons durs<\/a><\/p>\n<p><a href=\"\/wp-content\/uploads\/2017\/05\/bonbons-mou.pdf\">Comment faire des bonbons mous<\/a><\/p>\n<p><a href=\"\/wp-content\/uploads\/2017\/05\/faire-de-la-tire.pdf\">Comment faire de la tire d&rsquo;\u00e9rable<\/a><\/p>\n<p><a href=\"\/wp-content\/uploads\/2017\/05\/manuel-machine-\u00e0-sucre_fr.pdf\">Comment faire du sucre d&rsquo;\u00e9rable<\/a><\/p>\n<p><a href=\"\/wp-content\/uploads\/2017\/05\/emballage-sirop-derable.pdf\">Comment embouteiller le sirop d&rsquo;\u00e9rable<\/a><\/p>\n<p><a href=\"\/wp-content\/uploads\/2017\/05\/comment-filtrer-le-sirop-d\u00e9rable.pdf\">Comment filtrer le sirop d&rsquo;\u00e9rable<\/a><\/p>\n<p><a href=\"https:\/\/www.cdlinc.ca\/wp-content\/uploads\/2021\/06\/comment_faire_gelee_erable.pdf\">Comment faire de la gel\u00e9e d&rsquo;\u00e9rable<\/a><\/p>\n<h2>\u00c9vaporateurs<\/h2>\n<p><a href=\"\/wp-content\/uploads\/2017\/05\/briqueler-un-\u00e9vaporateur.pdf\">Comment briqueter un \u00e9vaporateur<\/a><\/p>\n<p><a href=\"https:\/\/www.cdlinc.ca\/wp-content\/uploads\/2017\/05\/briquetage-2x4-econo-fran\u00e7ais-revis\u00e9-23-nov-2016.pdf\">Comment briqueter un \u00e9vaporateur classique<\/a><\/p>\n<p><a href=\"https:\/\/youtu.be\/fktd8cFCm5E\">Comment briqueter un \u00e9vaporateur\u00a0Venturi<\/a><\/p>\n<p><a href=\"\/wp-content\/uploads\/2017\/05\/lavage-des-pannes.pdf\">Comment faire le lavage des pannes<\/a><\/p>\n<p><a href=\"\/wp-content\/uploads\/2017\/05\/produit-de-lavage-pour-truyau-et-panne.pdf\">Produit de lavage pour panne et tuyau<\/a><\/p>\n<h2>Instruments de mesure<\/h2>\n<p><a href=\"\/wp-content\/uploads\/2017\/05\/calibrer-un-thermom\u00e8tre.pdf\">Comment faire pour calibrer un thermom\u00e8tre<\/a><\/p>\n<p><a href=\"\/wp-content\/uploads\/2017\/05\/utiliser-un-densim\u00e8tre.pdf\">Comment utiliser un densim\u00e8tre<\/a><\/p>\n<p><a href=\"\/wp-content\/uploads\/2017\/05\/utiliser-un-hydrotherme.pdf\">Comment utiliser un hydrotherme<\/a><\/p>\n","protected":false},"excerpt":{"rendered":"Des proc\u00e9dures faciles \u00e0 suivre, \u00e9tape-par-\u00e9tape, pour r\u00e9aliser tout ce que vous avez toujours voulu faire simplement. Ne vous posez plus de questions et consultez nos petits guides pratiques, qui vont de la transformation du sirop d\u2019\u00e9rable \u00e0 l\u2019utilisation des instruments de mesure. Transformation Comment faire du beurre d&rsquo;\u00e9rable Comment faire des bonbons durs Comment [&hellip;]","protected":false},"author":1,"featured_media":1118,"parent":0,"menu_order":0,"comment_status":"closed","ping_status":"closed","template":"","meta":{"_acf_changed":false,"footnotes":""},"class_list":["post-26","page","type-page","status-publish","has-post-thumbnail","hentry"],"acf":[],"yoast_head":"<!-- This site is optimized with the Yoast SEO plugin v25.2 - https:\/\/yoast.com\/wordpress\/plugins\/seo\/ -->\n<title>Comment faire? Guides Pratiques CDL pour ac\u00e9riculteurs<\/title>\n<meta name=\"description\" content=\"Comment faire du beurre d&#039;\u00e9rable? Comment filtrer le sirop d&#039;\u00e9rable? Comment utiliser un densim\u00e8tre? Consultez nos guides pratiques \u00e9tapes par \u00e9tapes.\" \/>\n<meta name=\"robots\" content=\"index, follow, max-snippet:-1, max-image-preview:large, max-video-preview:-1\" \/>\n<link rel=\"canonical\" href=\"https:\/\/www.cdlinc.ca\/fr\/guides-comment-faire\/\" \/>\n<meta property=\"og:locale\" content=\"fr_FR\" \/>\n<meta property=\"og:type\" content=\"article\" \/>\n<meta property=\"og:title\" content=\"Comment faire? Guides Pratiques CDL pour ac\u00e9riculteurs\" \/>\n<meta property=\"og:description\" content=\"Comment faire du beurre d&#039;\u00e9rable? Comment filtrer le sirop d&#039;\u00e9rable? Comment utiliser un densim\u00e8tre? Consultez nos guides pratiques \u00e9tapes par \u00e9tapes.\" \/>\n<meta property=\"og:url\" content=\"https:\/\/www.cdlinc.ca\/fr\/guides-comment-faire\/\" \/>\n<meta property=\"og:site_name\" content=\"Les \u00e9quipements d&#039;\u00e9rabli\u00e8re CDL\" \/>\n<meta property=\"article:modified_time\" content=\"2021-06-25T15:29:06+00:00\" \/>\n<meta property=\"og:image\" content=\"https:\/\/www.cdlinc.ca\/wp-content\/uploads\/2017\/04\/CDL_facebook_share_1200x630.jpg\" \/>\n<meta name=\"twitter:card\" content=\"summary_large_image\" \/>\n<meta name=\"twitter:label1\" content=\"Dur\u00e9e de lecture estim\u00e9e\" \/>\n\t<meta name=\"twitter:data1\" content=\"1 minute\" \/>\n<script type=\"application\/ld+json\" class=\"yoast-schema-graph\">{\"@context\":\"https:\/\/schema.org\",\"@graph\":[{\"@type\":\"WebPage\",\"@id\":\"https:\/\/www.cdlinc.ca\/fr\/guides-comment-faire\/\",\"url\":\"https:\/\/www.cdlinc.ca\/fr\/guides-comment-faire\/\",\"name\":\"Comment faire? Guides Pratiques CDL pour ac\u00e9riculteurs\",\"isPartOf\":{\"@id\":\"https:\/\/www.cdlinc.ca\/fr\/#website\"},\"primaryImageOfPage\":{\"@id\":\"https:\/\/www.cdlinc.ca\/fr\/guides-comment-faire\/#primaryimage\"},\"image\":{\"@id\":\"https:\/\/www.cdlinc.ca\/fr\/guides-comment-faire\/#primaryimage\"},\"thumbnailUrl\":\"https:\/\/www.cdlinc.ca\/wp-content\/uploads\/2017\/05\/shutterstock_191790263.jpg\",\"datePublished\":\"2017-04-12T14:01:23+00:00\",\"dateModified\":\"2021-06-25T15:29:06+00:00\",\"description\":\"Comment faire du beurre d'\u00e9rable? Comment filtrer le sirop d'\u00e9rable? Comment utiliser un densim\u00e8tre? Consultez nos guides pratiques \u00e9tapes par \u00e9tapes.\",\"breadcrumb\":{\"@id\":\"https:\/\/www.cdlinc.ca\/fr\/guides-comment-faire\/#breadcrumb\"},\"inLanguage\":\"fr-FR\",\"potentialAction\":[{\"@type\":\"ReadAction\",\"target\":[\"https:\/\/www.cdlinc.ca\/fr\/guides-comment-faire\/\"]}]},{\"@type\":\"ImageObject\",\"inLanguage\":\"fr-FR\",\"@id\":\"https:\/\/www.cdlinc.ca\/fr\/guides-comment-faire\/#primaryimage\",\"url\":\"https:\/\/www.cdlinc.ca\/wp-content\/uploads\/2017\/05\/shutterstock_191790263.jpg\",\"contentUrl\":\"https:\/\/www.cdlinc.ca\/wp-content\/uploads\/2017\/05\/shutterstock_191790263.jpg\",\"width\":3456,\"height\":4568},{\"@type\":\"BreadcrumbList\",\"@id\":\"https:\/\/www.cdlinc.ca\/fr\/guides-comment-faire\/#breadcrumb\",\"itemListElement\":[{\"@type\":\"ListItem\",\"position\":1,\"name\":\"Home\",\"item\":\"https:\/\/www.cdlinc.ca\/fr\/\"},{\"@type\":\"ListItem\",\"position\":2,\"name\":\"Guides Comment faire?\"}]},{\"@type\":\"WebSite\",\"@id\":\"https:\/\/www.cdlinc.ca\/fr\/#website\",\"url\":\"https:\/\/www.cdlinc.ca\/fr\/\",\"name\":\"Les \u00e9quipements d&#039;\u00e9rabli\u00e8re CDL\",\"description\":\"L&#039;ac\u00e9riculture c&#039;est votre passion... Nous aussi.\",\"potentialAction\":[{\"@type\":\"SearchAction\",\"target\":{\"@type\":\"EntryPoint\",\"urlTemplate\":\"https:\/\/www.cdlinc.ca\/fr\/?s={search_term_string}\"},\"query-input\":{\"@type\":\"PropertyValueSpecification\",\"valueRequired\":true,\"valueName\":\"search_term_string\"}}],\"inLanguage\":\"fr-FR\"}]}<\/script>\n<!-- \/ Yoast SEO plugin. -->","yoast_head_json":{"title":"Comment faire? Guides Pratiques CDL pour ac\u00e9riculteurs","description":"Comment faire du beurre d'\u00e9rable? Comment filtrer le sirop d'\u00e9rable? Comment utiliser un densim\u00e8tre? Consultez nos guides pratiques \u00e9tapes par \u00e9tapes.","robots":{"index":"index","follow":"follow","max-snippet":"max-snippet:-1","max-image-preview":"max-image-preview:large","max-video-preview":"max-video-preview:-1"},"canonical":"https:\/\/www.cdlinc.ca\/fr\/guides-comment-faire\/","og_locale":"fr_FR","og_type":"article","og_title":"Comment faire? Guides Pratiques CDL pour ac\u00e9riculteurs","og_description":"Comment faire du beurre d'\u00e9rable? Comment filtrer le sirop d'\u00e9rable? Comment utiliser un densim\u00e8tre? Consultez nos guides pratiques \u00e9tapes par \u00e9tapes.","og_url":"https:\/\/www.cdlinc.ca\/fr\/guides-comment-faire\/","og_site_name":"Les \u00e9quipements d&#039;\u00e9rabli\u00e8re CDL","article_modified_time":"2021-06-25T15:29:06+00:00","og_image":[{"url":"https:\/\/www.cdlinc.ca\/wp-content\/uploads\/2017\/04\/CDL_facebook_share_1200x630.jpg","type":"","width":"","height":""}],"twitter_card":"summary_large_image","twitter_misc":{"Dur\u00e9e de lecture estim\u00e9e":"1 minute"},"schema":{"@context":"https:\/\/schema.org","@graph":[{"@type":"WebPage","@id":"https:\/\/www.cdlinc.ca\/fr\/guides-comment-faire\/","url":"https:\/\/www.cdlinc.ca\/fr\/guides-comment-faire\/","name":"Comment faire? Guides Pratiques CDL pour ac\u00e9riculteurs","isPartOf":{"@id":"https:\/\/www.cdlinc.ca\/fr\/#website"},"primaryImageOfPage":{"@id":"https:\/\/www.cdlinc.ca\/fr\/guides-comment-faire\/#primaryimage"},"image":{"@id":"https:\/\/www.cdlinc.ca\/fr\/guides-comment-faire\/#primaryimage"},"thumbnailUrl":"https:\/\/www.cdlinc.ca\/wp-content\/uploads\/2017\/05\/shutterstock_191790263.jpg","datePublished":"2017-04-12T14:01:23+00:00","dateModified":"2021-06-25T15:29:06+00:00","description":"Comment faire du beurre d'\u00e9rable? Comment filtrer le sirop d'\u00e9rable? Comment utiliser un densim\u00e8tre? Consultez nos guides pratiques \u00e9tapes par \u00e9tapes.","breadcrumb":{"@id":"https:\/\/www.cdlinc.ca\/fr\/guides-comment-faire\/#breadcrumb"},"inLanguage":"fr-FR","potentialAction":[{"@type":"ReadAction","target":["https:\/\/www.cdlinc.ca\/fr\/guides-comment-faire\/"]}]},{"@type":"ImageObject","inLanguage":"fr-FR","@id":"https:\/\/www.cdlinc.ca\/fr\/guides-comment-faire\/#primaryimage","url":"https:\/\/www.cdlinc.ca\/wp-content\/uploads\/2017\/05\/shutterstock_191790263.jpg","contentUrl":"https:\/\/www.cdlinc.ca\/wp-content\/uploads\/2017\/05\/shutterstock_191790263.jpg","width":3456,"height":4568},{"@type":"BreadcrumbList","@id":"https:\/\/www.cdlinc.ca\/fr\/guides-comment-faire\/#breadcrumb","itemListElement":[{"@type":"ListItem","position":1,"name":"Home","item":"https:\/\/www.cdlinc.ca\/fr\/"},{"@type":"ListItem","position":2,"name":"Guides Comment faire?"}]},{"@type":"WebSite","@id":"https:\/\/www.cdlinc.ca\/fr\/#website","url":"https:\/\/www.cdlinc.ca\/fr\/","name":"Les \u00e9quipements d&#039;\u00e9rabli\u00e8re CDL","description":"L&#039;ac\u00e9riculture c&#039;est votre passion... Nous aussi.","potentialAction":[{"@type":"SearchAction","target":{"@type":"EntryPoint","urlTemplate":"https:\/\/www.cdlinc.ca\/fr\/?s={search_term_string}"},"query-input":{"@type":"PropertyValueSpecification","valueRequired":true,"valueName":"search_term_string"}}],"inLanguage":"fr-FR"}]}},"_links":{"self":[{"href":"https:\/\/www.cdlinc.ca\/fr\/wp-json\/wp\/v2\/pages\/26","targetHints":{"allow":["GET"]}}],"collection":[{"href":"https:\/\/www.cdlinc.ca\/fr\/wp-json\/wp\/v2\/pages"}],"about":[{"href":"https:\/\/www.cdlinc.ca\/fr\/wp-json\/wp\/v2\/types\/page"}],"author":[{"embeddable":true,"href":"https:\/\/www.cdlinc.ca\/fr\/wp-json\/wp\/v2\/users\/1"}],"replies":[{"embeddable":true,"href":"https:\/\/www.cdlinc.ca\/fr\/wp-json\/wp\/v2\/comments?post=26"}],"version-history":[{"count":40,"href":"https:\/\/www.cdlinc.ca\/fr\/wp-json\/wp\/v2\/pages\/26\/revisions"}],"predecessor-version":[{"id":6153,"href":"https:\/\/www.cdlinc.ca\/fr\/wp-json\/wp\/v2\/pages\/26\/revisions\/6153"}],"wp:featuredmedia":[{"embeddable":true,"href":"https:\/\/www.cdlinc.ca\/fr\/wp-json\/wp\/v2\/media\/1118"}],"wp:attachment":[{"href":"https:\/\/www.cdlinc.ca\/fr\/wp-json\/wp\/v2\/media?parent=26"}],"curies":[{"name":"wp","href":"https:\/\/api.w.org\/{rel}","templated":true}]}}