{"id":18,"date":"2017-04-12T14:33:51","date_gmt":"2017-04-12T13:33:51","guid":{"rendered":"https:\/\/www.cdlinc.ca\/?page_id=18"},"modified":"2018-08-07T15:04:06","modified_gmt":"2018-08-07T14:04:06","slug":"mission","status":"publish","type":"page","link":"https:\/\/www.cdlinc.ca\/fr\/a-propos\/mission\/","title":{"rendered":"Mission et vision ac\u00e9ricole"},"content":{"rendered":"<p style=\"text-align: left;\">Depuis sa fondation en 1991, CDL Inc. est devenue une compagnie int\u00e9gr\u00e9e dans la conception, la fabrication et la commercialisation d\u2019\u00e9quipements d\u2019\u00e9rabli\u00e8re. CDL, dot\u00e9e d\u2019une solide situation financi\u00e8re, est devenue un chef de file incontestable dans le domaine de l\u2019ac\u00e9riculture. Elle investit sans rel\u00e2che dans le d\u00e9veloppement de produits innovateurs et de nouvelles technologies destin\u00e9s \u00e0 am\u00e9liorer l\u2019am\u00e9nagement des \u00e9rabli\u00e8res, la cueillette et les proc\u00e9d\u00e9s de transformation de l\u2019eau d\u2019\u00e9rable en sirop ou sous-produits.<\/p>\n<p style=\"text-align: left;\">Ses dirigeants, \u00e9galement des producteurs ac\u00e9ricoles connaisseurs des besoins de ce secteur d\u2019activit\u00e9s, sont reconnus aujourd\u2019hui comme des pionniers et des acteurs majeurs pour le d\u00e9veloppement des techniques et \u00e9quipements d\u2019\u00e9rabli\u00e8res. Ceci leur permet d\u2019accro\u00eetre la rentabilit\u00e9 et l\u2019efficacit\u00e9 des op\u00e9rations des producteurs ac\u00e9ricoles de tout l\u2019est de l\u2019Am\u00e9rique du Nord (rendement \u00e0 l\u2019entaille, qualit\u00e9 du sirop, m\u00e9thodes-\u00e9quipements performantes et fiables \u00e0 la fine pointe), en leur permettant de r\u00e9duire de fa\u00e7on importante leurs co\u00fbts d\u2019exploitation et d\u2019\u00e9nergie, malgr\u00e9 les conditions climatiques variables observ\u00e9es au cours de la derni\u00e8re d\u00e9cennie, et tout cela, dans le cadre d\u2019une relation d\u2019affaires gagnante \u00e0 long terme. Les valeurs familiales et l\u2019expertise en innovation, transmises par le pr\u00e9sident Jean-Marie Chabot \u00e0 ses enfants et autres employ\u00e9s, font partie int\u00e9grante de la culture de l\u2019entreprise.<\/p>\n<p style=\"text-align: left;\">Pour faire suite \u00e0 la planification strat\u00e9gique de CDL en 2007, faite en collaboration avec ses employ\u00e9s, les dirigeants actuels de CDL ont pu \u00e9laborer les lignes directrices de d\u00e9veloppement de l\u2019entreprise, incluant les objectifs prioritaires \u00e0 rencontrer au cours des ann\u00e9es \u00e0 venir. Pour ce faire, ils se sont assur\u00e9s de bien comprendre la situation qui a pr\u00e9valu dans l\u2019industrie ac\u00e9ricole auparavant et ses multiples tendances. En plus, l\u2019expertise acquise au cours des ann\u00e9es a permis de bien analyser et comprendre les besoins des ac\u00e9riculteurs canadiens et am\u00e9ricains. Afin d\u2019atteindre ces objectifs, on a fix\u00e9 des indicateurs de performance ax\u00e9s sur le maintien du leadership, l\u2019excellente r\u00e9putation de l\u2019entreprise dans l\u2019industrie ac\u00e9ricole au Canada et aux \u00c9tats-Unis, la satisfaction des clients, le degr\u00e9 d\u2019innovation et la qualit\u00e9 des produits proc\u00e9d\u00e9s, l\u2019expertise et le professionnalisme de ses employ\u00e9s, l\u2019efficacit\u00e9 des communications et de son marketing, et finalement l\u2019augmentation de sa part de march\u00e9 d\u00e9j\u00e0 dominante actuellement, \u00e0 environ 40% dans son secteur d\u2019activit\u00e9s.<\/p>\n<p style=\"text-align: left;\">La recherche et le d\u00e9veloppement de nouveaux produits innovateurs et performants font partie du quotidien de tout le groupe CDL. L\u2019objectif ultime recherch\u00e9 est l\u2019am\u00e9lioration constante de la qualit\u00e9 des produits de l\u2019\u00e9rable et l\u2019accroissement des revenus nets de ses clients. \u00c0 cet effet, l\u2019entreprise s\u2019est associ\u00e9e \u00e0 des acteurs cr\u00e9dibles dans l\u2019industrie ac\u00e9ricole, soit \u00ab La F\u00e9d\u00e9ration des Producteurs Ac\u00e9ricoles du Qu\u00e9bec (FPAQ) \u00bb &#8211; \u00ab Le Centre de recherche ACER, QC \u00bb &#8211; et \u00e0 la \u00ab Facult\u00e9 d\u2019Agriculture de l\u2019Universit\u00e9 Laval, QC \u00bb. Pour ce faire, les dirigeants de CDL se sont donn\u00e9s comme mission de toujours vendre des produits de qualit\u00e9 irr\u00e9prochable, achet\u00e9s ou fabriqu\u00e9s au meilleur co\u00fbt, qui respectent les besoins, tendances, et les lois &#8211; r\u00e8glements de l\u2019industrie ac\u00e9ricole. Ils savent que les producteurs recherchent des produits performants, durables, fiables, livr\u00e9s \u00e0 temps et offerts \u00e0 prix comp\u00e9titifs, dot\u00e9s d\u2019un service comp\u00e9tent et rapide, car la saison des sucres est de plus en plus pr\u00e9coce et courte.<\/p>\n<p style=\"text-align: left;\">La vision du futur de CDL est de demeurer une r\u00e9f\u00e9rence et un chef de file reconnu de son domaine en Am\u00e9rique du Nord, en misant sur de nouvelles solutions destin\u00e9es \u00e0 am\u00e9liorer les techniques et les proc\u00e9d\u00e9s de fabrication des produits de l\u2019\u00e9rable, tout en maintenant un rapport qualit\u00e9-prix acceptable des produits offerts dans les march\u00e9s desservis. Pour garantir une bonne synergie de d\u00e9veloppement, notre entreprise tient compte des d\u00e9fis de taille auxquels l\u2019industrie ac\u00e9ricole est confront\u00e9e (co\u00fbt \u00e9lev\u00e9 de l\u2019\u00e9nergie et de la main-d&rsquo;\u0153uvre, quotas de production et contr\u00f4le des prix de vente du sirop, volatilit\u00e9 des taux d\u2019int\u00e9r\u00eat, r\u00e9chauffement de la plan\u00e8te, exigences accrues en mati\u00e8re de qualit\u00e9 alimentaire et de disponibilit\u00e9 de la part des consommateurs de produits d\u2019\u00e9rable, etc.).<\/p>\n","protected":false},"excerpt":{"rendered":"Depuis sa fondation en 1991, CDL Inc. est devenue une compagnie int\u00e9gr\u00e9e dans la conception, la fabrication et la commercialisation d\u2019\u00e9quipements d\u2019\u00e9rabli\u00e8re. CDL, dot\u00e9e d\u2019une solide situation financi\u00e8re, est devenue un chef de file incontestable dans le domaine de l\u2019ac\u00e9riculture. Elle investit sans rel\u00e2che dans le d\u00e9veloppement de produits innovateurs et de nouvelles technologies destin\u00e9s [&hellip;]","protected":false},"author":1,"featured_media":0,"parent":325,"menu_order":0,"comment_status":"closed","ping_status":"closed","template":"","meta":{"_acf_changed":false,"footnotes":""},"class_list":["post-18","page","type-page","status-publish","hentry"],"acf":[],"yoast_head":"<!-- This site is optimized with the Yoast SEO plugin v25.2 - https:\/\/yoast.com\/wordpress\/plugins\/seo\/ -->\n<title>Les \u00c9quipements d&#039;\u00c9rabli\u00e8re CDL : Mission et vision du futur ac\u00e9ricole<\/title>\n<meta name=\"description\" content=\"Chez CDL, on investit sans rel\u00e2che dans le d\u00e9veloppement de produits innovateurs et de nouvelles technologies vou\u00e9s \u00e0 accro\u00eetre votre production ac\u00e9ricole.\" \/>\n<meta name=\"robots\" content=\"index, follow, max-snippet:-1, max-image-preview:large, max-video-preview:-1\" \/>\n<link rel=\"canonical\" href=\"https:\/\/www.cdlinc.ca\/fr\/a-propos\/mission\/\" \/>\n<meta property=\"og:locale\" content=\"fr_FR\" \/>\n<meta property=\"og:type\" content=\"article\" \/>\n<meta property=\"og:title\" content=\"Les \u00c9quipements d&#039;\u00c9rabli\u00e8re CDL : Mission et vision du futur ac\u00e9ricole\" \/>\n<meta property=\"og:description\" content=\"Chez CDL, on investit sans rel\u00e2che dans le d\u00e9veloppement de produits innovateurs et de nouvelles technologies vou\u00e9s \u00e0 accro\u00eetre votre production ac\u00e9ricole.\" \/>\n<meta property=\"og:url\" content=\"https:\/\/www.cdlinc.ca\/fr\/a-propos\/mission\/\" \/>\n<meta property=\"og:site_name\" content=\"Les \u00e9quipements d&#039;\u00e9rabli\u00e8re CDL\" \/>\n<meta property=\"article:modified_time\" content=\"2018-08-07T14:04:06+00:00\" \/>\n<meta property=\"og:image\" content=\"https:\/\/www.cdlinc.ca\/wp-content\/uploads\/2017\/04\/CDL_facebook_share_1200x630.jpg\" \/>\n<meta name=\"twitter:card\" content=\"summary_large_image\" \/>\n<meta name=\"twitter:label1\" content=\"Dur\u00e9e de lecture estim\u00e9e\" \/>\n\t<meta name=\"twitter:data1\" content=\"4 minutes\" \/>\n<script type=\"application\/ld+json\" class=\"yoast-schema-graph\">{\"@context\":\"https:\/\/schema.org\",\"@graph\":[{\"@type\":\"WebPage\",\"@id\":\"https:\/\/www.cdlinc.ca\/fr\/a-propos\/mission\/\",\"url\":\"https:\/\/www.cdlinc.ca\/fr\/a-propos\/mission\/\",\"name\":\"Les \u00c9quipements d'\u00c9rabli\u00e8re CDL : Mission et vision du futur ac\u00e9ricole\",\"isPartOf\":{\"@id\":\"https:\/\/www.cdlinc.ca\/fr\/#website\"},\"datePublished\":\"2017-04-12T13:33:51+00:00\",\"dateModified\":\"2018-08-07T14:04:06+00:00\",\"description\":\"Chez CDL, on investit sans rel\u00e2che dans le d\u00e9veloppement de produits innovateurs et de nouvelles technologies vou\u00e9s \u00e0 accro\u00eetre votre production ac\u00e9ricole.\",\"breadcrumb\":{\"@id\":\"https:\/\/www.cdlinc.ca\/fr\/a-propos\/mission\/#breadcrumb\"},\"inLanguage\":\"fr-FR\",\"potentialAction\":[{\"@type\":\"ReadAction\",\"target\":[\"https:\/\/www.cdlinc.ca\/fr\/a-propos\/mission\/\"]}]},{\"@type\":\"BreadcrumbList\",\"@id\":\"https:\/\/www.cdlinc.ca\/fr\/a-propos\/mission\/#breadcrumb\",\"itemListElement\":[{\"@type\":\"ListItem\",\"position\":1,\"name\":\"Home\",\"item\":\"https:\/\/www.cdlinc.ca\/fr\/\"},{\"@type\":\"ListItem\",\"position\":2,\"name\":\"\u00c0 propos de CDL\",\"item\":\"https:\/\/www.cdlinc.ca\/fr\/a-propos\/\"},{\"@type\":\"ListItem\",\"position\":3,\"name\":\"Mission et vision ac\u00e9ricole\"}]},{\"@type\":\"WebSite\",\"@id\":\"https:\/\/www.cdlinc.ca\/fr\/#website\",\"url\":\"https:\/\/www.cdlinc.ca\/fr\/\",\"name\":\"Les \u00e9quipements d&#039;\u00e9rabli\u00e8re CDL\",\"description\":\"L&#039;ac\u00e9riculture c&#039;est votre passion... Nous aussi.\",\"potentialAction\":[{\"@type\":\"SearchAction\",\"target\":{\"@type\":\"EntryPoint\",\"urlTemplate\":\"https:\/\/www.cdlinc.ca\/fr\/?s={search_term_string}\"},\"query-input\":{\"@type\":\"PropertyValueSpecification\",\"valueRequired\":true,\"valueName\":\"search_term_string\"}}],\"inLanguage\":\"fr-FR\"}]}<\/script>\n<!-- \/ Yoast SEO plugin. -->","yoast_head_json":{"title":"Les \u00c9quipements d'\u00c9rabli\u00e8re CDL : Mission et vision du futur ac\u00e9ricole","description":"Chez CDL, on investit sans rel\u00e2che dans le d\u00e9veloppement de produits innovateurs et de nouvelles technologies vou\u00e9s \u00e0 accro\u00eetre votre production ac\u00e9ricole.","robots":{"index":"index","follow":"follow","max-snippet":"max-snippet:-1","max-image-preview":"max-image-preview:large","max-video-preview":"max-video-preview:-1"},"canonical":"https:\/\/www.cdlinc.ca\/fr\/a-propos\/mission\/","og_locale":"fr_FR","og_type":"article","og_title":"Les \u00c9quipements d'\u00c9rabli\u00e8re CDL : Mission et vision du futur ac\u00e9ricole","og_description":"Chez CDL, on investit sans rel\u00e2che dans le d\u00e9veloppement de produits innovateurs et de nouvelles technologies vou\u00e9s \u00e0 accro\u00eetre votre production ac\u00e9ricole.","og_url":"https:\/\/www.cdlinc.ca\/fr\/a-propos\/mission\/","og_site_name":"Les \u00e9quipements d&#039;\u00e9rabli\u00e8re CDL","article_modified_time":"2018-08-07T14:04:06+00:00","og_image":[{"url":"https:\/\/www.cdlinc.ca\/wp-content\/uploads\/2017\/04\/CDL_facebook_share_1200x630.jpg","type":"","width":"","height":""}],"twitter_card":"summary_large_image","twitter_misc":{"Dur\u00e9e de lecture estim\u00e9e":"4 minutes"},"schema":{"@context":"https:\/\/schema.org","@graph":[{"@type":"WebPage","@id":"https:\/\/www.cdlinc.ca\/fr\/a-propos\/mission\/","url":"https:\/\/www.cdlinc.ca\/fr\/a-propos\/mission\/","name":"Les \u00c9quipements d'\u00c9rabli\u00e8re CDL : Mission et vision du futur ac\u00e9ricole","isPartOf":{"@id":"https:\/\/www.cdlinc.ca\/fr\/#website"},"datePublished":"2017-04-12T13:33:51+00:00","dateModified":"2018-08-07T14:04:06+00:00","description":"Chez CDL, on investit sans rel\u00e2che dans le d\u00e9veloppement de produits innovateurs et de nouvelles technologies vou\u00e9s \u00e0 accro\u00eetre votre production ac\u00e9ricole.","breadcrumb":{"@id":"https:\/\/www.cdlinc.ca\/fr\/a-propos\/mission\/#breadcrumb"},"inLanguage":"fr-FR","potentialAction":[{"@type":"ReadAction","target":["https:\/\/www.cdlinc.ca\/fr\/a-propos\/mission\/"]}]},{"@type":"BreadcrumbList","@id":"https:\/\/www.cdlinc.ca\/fr\/a-propos\/mission\/#breadcrumb","itemListElement":[{"@type":"ListItem","position":1,"name":"Home","item":"https:\/\/www.cdlinc.ca\/fr\/"},{"@type":"ListItem","position":2,"name":"\u00c0 propos de CDL","item":"https:\/\/www.cdlinc.ca\/fr\/a-propos\/"},{"@type":"ListItem","position":3,"name":"Mission et vision ac\u00e9ricole"}]},{"@type":"WebSite","@id":"https:\/\/www.cdlinc.ca\/fr\/#website","url":"https:\/\/www.cdlinc.ca\/fr\/","name":"Les \u00e9quipements d&#039;\u00e9rabli\u00e8re CDL","description":"L&#039;ac\u00e9riculture c&#039;est votre passion... Nous aussi.","potentialAction":[{"@type":"SearchAction","target":{"@type":"EntryPoint","urlTemplate":"https:\/\/www.cdlinc.ca\/fr\/?s={search_term_string}"},"query-input":{"@type":"PropertyValueSpecification","valueRequired":true,"valueName":"search_term_string"}}],"inLanguage":"fr-FR"}]}},"_links":{"self":[{"href":"https:\/\/www.cdlinc.ca\/fr\/wp-json\/wp\/v2\/pages\/18","targetHints":{"allow":["GET"]}}],"collection":[{"href":"https:\/\/www.cdlinc.ca\/fr\/wp-json\/wp\/v2\/pages"}],"about":[{"href":"https:\/\/www.cdlinc.ca\/fr\/wp-json\/wp\/v2\/types\/page"}],"author":[{"embeddable":true,"href":"https:\/\/www.cdlinc.ca\/fr\/wp-json\/wp\/v2\/users\/1"}],"replies":[{"embeddable":true,"href":"https:\/\/www.cdlinc.ca\/fr\/wp-json\/wp\/v2\/comments?post=18"}],"version-history":[{"count":6,"href":"https:\/\/www.cdlinc.ca\/fr\/wp-json\/wp\/v2\/pages\/18\/revisions"}],"predecessor-version":[{"id":2229,"href":"https:\/\/www.cdlinc.ca\/fr\/wp-json\/wp\/v2\/pages\/18\/revisions\/2229"}],"up":[{"embeddable":true,"href":"https:\/\/www.cdlinc.ca\/fr\/wp-json\/wp\/v2\/pages\/325"}],"wp:attachment":[{"href":"https:\/\/www.cdlinc.ca\/fr\/wp-json\/wp\/v2\/media?parent=18"}],"curies":[{"name":"wp","href":"https:\/\/api.w.org\/{rel}","templated":true}]}}