{"id":15,"date":"2017-04-12T14:32:52","date_gmt":"2017-04-12T13:32:52","guid":{"rendered":"https:\/\/www.cdlinc.ca\/?page_id=15"},"modified":"2022-04-04T19:25:02","modified_gmt":"2022-04-04T18:25:02","slug":"contactez-nous","status":"publish","type":"page","link":"https:\/\/www.cdlinc.ca\/fr\/contactez-nous\/","title":{"rendered":"Contactez-nous"},"content":{"rendered":"<p>Avec 29 succursales, plus de 40 distributeurs et pr\u00e8s de 50 repr\u00e9sentants couvrant les territoires du Qu\u00e9bec, de l\u2019Ontario, des Maritimes et le nord-est des \u00c9tats-Unis, CDL est une v\u00e9ritable force dans le monde de l\u2019ac\u00e9riculture. Vous rencontrer, vous \u00e9couter et vous conseiller font partie des t\u00e2ches que nous appr\u00e9cions le plus. Allez,\u00a0contactez-nous!<\/p>\n<h4>SAINT-LAZARE-DE-BELLECHASSE (SI\u00c8GE SOCIAL)<\/h4>\n<p>257, route 279<br \/>\nSaint-Lazare-de-Bellechasse (Qu\u00e9bec) G0R 3J0<br \/>\nT\u00e9l.: 418-883-5158<br \/>\nSans frais: 1-800-361-5158<br \/>\nT\u00e9lec.: 418-883-4159<br \/>\n<a href=\"mailto:info@cdlinc.ca\">info@cdlinc.ca<\/a><\/p>\n<p><iframe loading=\"lazy\" style=\"border: 0;\" src=\"https:\/\/www.google.com\/maps\/embed?pb=!1m18!1m12!1m3!1d2737.975942387356!2d-70.82321658320807!3d46.666736093951634!2m3!1f0!2f0!3f0!3m2!1i1024!2i768!4f13.1!3m3!1m2!1s0x4cb8e3958fd879f3%3A0x221cf0b706163d9!2s%C3%89quipements+D %C3%89rabli%C3%A8re+CDL+Inc+(Les)!5e0!3m2!1sfr!2sca!4v1493738303175\" width=\"800\" height=\"600\" frameborder=\"0\" allowfullscreen=\"allowfullscreen\"><\/iframe><\/p>\n","protected":false},"excerpt":{"rendered":"Avec 29 succursales, plus de 40 distributeurs et pr\u00e8s de 50 repr\u00e9sentants couvrant les territoires du Qu\u00e9bec, de l\u2019Ontario, des Maritimes et le nord-est des \u00c9tats-Unis, CDL est une v\u00e9ritable force dans le monde de l\u2019ac\u00e9riculture. Vous rencontrer, vous \u00e9couter et vous conseiller font partie des t\u00e2ches que nous appr\u00e9cions le plus. Allez,\u00a0contactez-nous! SAINT-LAZARE-DE-BELLECHASSE (SI\u00c8GE [&hellip;]","protected":false},"author":1,"featured_media":0,"parent":0,"menu_order":0,"comment_status":"closed","ping_status":"closed","template":"template-contact.php","meta":{"_acf_changed":false,"footnotes":""},"class_list":["post-15","page","type-page","status-publish","hentry"],"acf":[],"yoast_head":"<!-- This site is optimized with the Yoast SEO plugin v25.2 - https:\/\/yoast.com\/wordpress\/plugins\/seo\/ -->\n<title>Contactez-nous : Les \u00c9quipements d&#039;\u00e9rabli\u00e8re CDL<\/title>\n<meta name=\"description\" content=\"Au service et \u00e0 l&#039;\u00e9coute des producteurs d&#039;\u00e9rable, notre mission est de vous donner le meilleur possible. Contactez-nous!\" \/>\n<meta name=\"robots\" content=\"index, follow, max-snippet:-1, max-image-preview:large, max-video-preview:-1\" \/>\n<link rel=\"canonical\" href=\"https:\/\/www.cdlinc.ca\/fr\/contactez-nous\/\" \/>\n<meta property=\"og:locale\" content=\"fr_FR\" \/>\n<meta property=\"og:type\" content=\"article\" \/>\n<meta property=\"og:title\" content=\"Contactez-nous : Les \u00c9quipements d&#039;\u00e9rabli\u00e8re CDL\" \/>\n<meta property=\"og:description\" content=\"Au service et \u00e0 l&#039;\u00e9coute des producteurs d&#039;\u00e9rable, notre mission est de vous donner le meilleur possible. Contactez-nous!\" \/>\n<meta property=\"og:url\" content=\"https:\/\/www.cdlinc.ca\/fr\/contactez-nous\/\" \/>\n<meta property=\"og:site_name\" content=\"Les \u00e9quipements d&#039;\u00e9rabli\u00e8re CDL\" \/>\n<meta property=\"article:modified_time\" content=\"2022-04-04T18:25:02+00:00\" \/>\n<meta property=\"og:image\" content=\"https:\/\/www.cdlinc.ca\/wp-content\/uploads\/2017\/04\/CDL_facebook_share_1200x630.jpg\" \/>\n<meta name=\"twitter:card\" content=\"summary_large_image\" \/>\n<meta name=\"twitter:label1\" content=\"Dur\u00e9e de lecture estim\u00e9e\" \/>\n\t<meta name=\"twitter:data1\" content=\"1 minute\" \/>\n<script type=\"application\/ld+json\" class=\"yoast-schema-graph\">{\"@context\":\"https:\/\/schema.org\",\"@graph\":[{\"@type\":\"WebPage\",\"@id\":\"https:\/\/www.cdlinc.ca\/fr\/contactez-nous\/\",\"url\":\"https:\/\/www.cdlinc.ca\/fr\/contactez-nous\/\",\"name\":\"Contactez-nous : Les \u00c9quipements d'\u00e9rabli\u00e8re CDL\",\"isPartOf\":{\"@id\":\"https:\/\/www.cdlinc.ca\/fr\/#website\"},\"datePublished\":\"2017-04-12T13:32:52+00:00\",\"dateModified\":\"2022-04-04T18:25:02+00:00\",\"description\":\"Au service et \u00e0 l'\u00e9coute des producteurs d'\u00e9rable, notre mission est de vous donner le meilleur possible. Contactez-nous!\",\"breadcrumb\":{\"@id\":\"https:\/\/www.cdlinc.ca\/fr\/contactez-nous\/#breadcrumb\"},\"inLanguage\":\"fr-FR\",\"potentialAction\":[{\"@type\":\"ReadAction\",\"target\":[\"https:\/\/www.cdlinc.ca\/fr\/contactez-nous\/\"]}]},{\"@type\":\"BreadcrumbList\",\"@id\":\"https:\/\/www.cdlinc.ca\/fr\/contactez-nous\/#breadcrumb\",\"itemListElement\":[{\"@type\":\"ListItem\",\"position\":1,\"name\":\"Home\",\"item\":\"https:\/\/www.cdlinc.ca\/fr\/\"},{\"@type\":\"ListItem\",\"position\":2,\"name\":\"Contactez-nous\"}]},{\"@type\":\"WebSite\",\"@id\":\"https:\/\/www.cdlinc.ca\/fr\/#website\",\"url\":\"https:\/\/www.cdlinc.ca\/fr\/\",\"name\":\"Les \u00e9quipements d&#039;\u00e9rabli\u00e8re CDL\",\"description\":\"L&#039;ac\u00e9riculture c&#039;est votre passion... Nous aussi.\",\"potentialAction\":[{\"@type\":\"SearchAction\",\"target\":{\"@type\":\"EntryPoint\",\"urlTemplate\":\"https:\/\/www.cdlinc.ca\/fr\/?s={search_term_string}\"},\"query-input\":{\"@type\":\"PropertyValueSpecification\",\"valueRequired\":true,\"valueName\":\"search_term_string\"}}],\"inLanguage\":\"fr-FR\"}]}<\/script>\n<!-- \/ Yoast SEO plugin. -->","yoast_head_json":{"title":"Contactez-nous : Les \u00c9quipements d'\u00e9rabli\u00e8re CDL","description":"Au service et \u00e0 l'\u00e9coute des producteurs d'\u00e9rable, notre mission est de vous donner le meilleur possible. Contactez-nous!","robots":{"index":"index","follow":"follow","max-snippet":"max-snippet:-1","max-image-preview":"max-image-preview:large","max-video-preview":"max-video-preview:-1"},"canonical":"https:\/\/www.cdlinc.ca\/fr\/contactez-nous\/","og_locale":"fr_FR","og_type":"article","og_title":"Contactez-nous : Les \u00c9quipements d'\u00e9rabli\u00e8re CDL","og_description":"Au service et \u00e0 l'\u00e9coute des producteurs d'\u00e9rable, notre mission est de vous donner le meilleur possible. Contactez-nous!","og_url":"https:\/\/www.cdlinc.ca\/fr\/contactez-nous\/","og_site_name":"Les \u00e9quipements d&#039;\u00e9rabli\u00e8re CDL","article_modified_time":"2022-04-04T18:25:02+00:00","og_image":[{"url":"https:\/\/www.cdlinc.ca\/wp-content\/uploads\/2017\/04\/CDL_facebook_share_1200x630.jpg","type":"","width":"","height":""}],"twitter_card":"summary_large_image","twitter_misc":{"Dur\u00e9e de lecture estim\u00e9e":"1 minute"},"schema":{"@context":"https:\/\/schema.org","@graph":[{"@type":"WebPage","@id":"https:\/\/www.cdlinc.ca\/fr\/contactez-nous\/","url":"https:\/\/www.cdlinc.ca\/fr\/contactez-nous\/","name":"Contactez-nous : Les \u00c9quipements d'\u00e9rabli\u00e8re CDL","isPartOf":{"@id":"https:\/\/www.cdlinc.ca\/fr\/#website"},"datePublished":"2017-04-12T13:32:52+00:00","dateModified":"2022-04-04T18:25:02+00:00","description":"Au service et \u00e0 l'\u00e9coute des producteurs d'\u00e9rable, notre mission est de vous donner le meilleur possible. Contactez-nous!","breadcrumb":{"@id":"https:\/\/www.cdlinc.ca\/fr\/contactez-nous\/#breadcrumb"},"inLanguage":"fr-FR","potentialAction":[{"@type":"ReadAction","target":["https:\/\/www.cdlinc.ca\/fr\/contactez-nous\/"]}]},{"@type":"BreadcrumbList","@id":"https:\/\/www.cdlinc.ca\/fr\/contactez-nous\/#breadcrumb","itemListElement":[{"@type":"ListItem","position":1,"name":"Home","item":"https:\/\/www.cdlinc.ca\/fr\/"},{"@type":"ListItem","position":2,"name":"Contactez-nous"}]},{"@type":"WebSite","@id":"https:\/\/www.cdlinc.ca\/fr\/#website","url":"https:\/\/www.cdlinc.ca\/fr\/","name":"Les \u00e9quipements d&#039;\u00e9rabli\u00e8re CDL","description":"L&#039;ac\u00e9riculture c&#039;est votre passion... Nous aussi.","potentialAction":[{"@type":"SearchAction","target":{"@type":"EntryPoint","urlTemplate":"https:\/\/www.cdlinc.ca\/fr\/?s={search_term_string}"},"query-input":{"@type":"PropertyValueSpecification","valueRequired":true,"valueName":"search_term_string"}}],"inLanguage":"fr-FR"}]}},"_links":{"self":[{"href":"https:\/\/www.cdlinc.ca\/fr\/wp-json\/wp\/v2\/pages\/15","targetHints":{"allow":["GET"]}}],"collection":[{"href":"https:\/\/www.cdlinc.ca\/fr\/wp-json\/wp\/v2\/pages"}],"about":[{"href":"https:\/\/www.cdlinc.ca\/fr\/wp-json\/wp\/v2\/types\/page"}],"author":[{"embeddable":true,"href":"https:\/\/www.cdlinc.ca\/fr\/wp-json\/wp\/v2\/users\/1"}],"replies":[{"embeddable":true,"href":"https:\/\/www.cdlinc.ca\/fr\/wp-json\/wp\/v2\/comments?post=15"}],"version-history":[{"count":8,"href":"https:\/\/www.cdlinc.ca\/fr\/wp-json\/wp\/v2\/pages\/15\/revisions"}],"predecessor-version":[{"id":7174,"href":"https:\/\/www.cdlinc.ca\/fr\/wp-json\/wp\/v2\/pages\/15\/revisions\/7174"}],"wp:attachment":[{"href":"https:\/\/www.cdlinc.ca\/fr\/wp-json\/wp\/v2\/media?parent=15"}],"curies":[{"name":"wp","href":"https:\/\/api.w.org\/{rel}","templated":true}]}}