{"id":14241,"date":"2026-01-07T13:02:39","date_gmt":"2026-01-07T17:02:39","guid":{"rendered":"https:\/\/www.cdlinc.ca\/?page_id=14241"},"modified":"2026-01-08T13:25:55","modified_gmt":"2026-01-08T17:25:55","slug":"evenements-acericoles","status":"publish","type":"page","link":"https:\/\/www.cdlinc.ca\/fr\/evenements-acericoles\/","title":{"rendered":"\u00c9v\u00e9nements Ac\u00e9ricoles"},"content":{"rendered":"\n<main class=\"list-events-cdl\">\n        <section>\n            <h2>Vous trouverez ci-dessous les \u00e9v\u00e9nements auxquels notre \u00e9quipe participe \u00e0 titre d&rsquo;exposant. Venez nous rencontrer dans notre kiosque.<\/h2>\n            <h3>Au plaisir d&rsquo;\u00e9changer avec vous!<\/h3>\n        <\/section>\n        <ul class=\"events-main-container\">\n            <li class=\"events-sub-container\">\n                <h2>CDL CANADA<\/h2>\n                <ul class=\"maple-events-container\">\n                    <li class=\"maple-event\">\n                        <h3>Journ\u00e9e Ac\u00e9ricole 2026<\/h3>\n                        <ul>\n                            <li class=\"maple-event-card\">\n                                <a href=\"https:\/\/www.quebec.ca\/agriculture-environnement-et-ressources-naturelles\/agriculture\/calendrier-evenements-bioalimentaires\/journee-inpacq-acericole-2026\" target=\"_blank\">\n                                    <h4>Vendredi, 9 Janvier<\/h4>\n                                    <h5>Victoriaville<\/h5>\n                                    <h6>En savoir plus<\/h6>\n                                <\/a>\n                            <\/li>\n                            <li class=\"maple-event-card\">\n                                <a href=\"https:\/\/www.quebec.ca\/agriculture-environnement-et-ressources-naturelles\/agriculture\/calendrier-evenements-bioalimentaires\/journee-acericole-cap-sante-2026\" target=\"_blank\">\n                                    <h4>Samedi, 10 Janvier<\/h4>\n                                    <h5>Cap-Sant\u00e9<\/h5>\n                                    <h6>En savoir plus<\/h6>\n                                <\/a>\n                            <\/li>\n                            <li class=\"maple-event-card\">\n                                <a href=\"https:\/\/www.quebec.ca\/agriculture-environnement-et-ressources-naturelles\/agriculture\/calendrier-evenements-bioalimentaires\/journee-acericole-de-saint-hyacinthe-2026\" target=\"_blank\">\n                                    <h4>Mercredi, 14 Janvier<\/h4>\n                                    <h5>Saint-Hyacinthe<\/h5>\n                                    <h6>En savoir plus<\/h6>\n                                <\/a>\n                            <\/li>\n                            <li class=\"maple-event-card\">\n                                <a href=\"https:\/\/www.quebec.ca\/agriculture-environnement-et-ressources-naturelles\/agriculture\/calendrier-evenements-bioalimentaires\/journee-acericole-orford-2026\" target=\"_blank\">\n                                    <h4>Vendredi, 16 Janvier<\/h4>\n                                    <h5>Orford<\/h5>\n                                    <h6>En savoir plus<\/h6>\n                                <\/a>\n                            <\/li>\n                            <li class=\"maple-event-card\">\n                                <a href=\"https:\/\/www.quebec.ca\/agriculture-environnement-et-ressources-naturelles\/agriculture\/calendrier-evenements-bioalimentaires\/journee-acericole-de-lorrainville-1\" target=\"_blank\">\n                                    <h4>Mardi, 20 Janvier<\/h4>\n                                    <h5>Lorrainville<\/h5>\n                                    <h6>En savoir plus<\/h6>\n                                <\/a>\n                            <\/li>\n                            <li class=\"maple-event-card\">\n                                <a href=\"https:\/\/www.quebec.ca\/agriculture-environnement-et-ressources-naturelles\/agriculture\/calendrier-evenements-bioalimentaires\/journee-acericole-lange-gardien-2026\" target=\"_blank\">\n                                    <h4>Mercredi, 21 Janvier<\/h4>\n                                    <h5>L&rsquo;Ange-Gardien (en Outaouais)<\/h5>\n                                    <h6>En savoir plus<\/h6>\n                                <\/a>\n                            <\/li>\n                            <li class=\"maple-event-card\">\n                                <a href=\"https:\/\/www.quebec.ca\/agriculture-environnement-et-ressources-naturelles\/agriculture\/calendrier-evenements-bioalimentaires\/journee-acericole-de-saint-eustache-1\" target=\"_blank\">\n                                    <h4>Jeudi, 22 Janvier<\/h4>\n                                    <h5>St-Eustache<\/h5>\n                                    <h6>En savoir plus<\/h6>\n                                <\/a>\n                            <\/li>\n                            <li class=\"maple-event-card\">\n                                <a href=\"https:\/\/www.quebec.ca\/agriculture-environnement-et-ressources-naturelles\/agriculture\/calendrier-evenements-bioalimentaires\/journee-acericole-montmagny-2026\" target=\"_blank\">\n                                    <h4>Samedi, 24 Janvier<\/h4>\n                                    <h5>Montmagny<\/h5>\n                                    <h6>En savoir plus<\/h6>\n                                <\/a>\n                            <\/li>\n                            <li class=\"maple-event-card\">\n                                <a href=\"https:\/\/www.quebec.ca\/agriculture-environnement-et-ressources-naturelles\/agriculture\/calendrier-evenements-bioalimentaires\/journee-acericole-sainte-marie-2026\" target=\"_blank\">\n                                    <h4>Vendredi, 30 Janvier<\/h4>\n                                    <h5>Sainte-Marie<\/h5>\n                                    <h6>En savoir plus<\/h6>\n                                <\/a>\n                            <\/li>\n                            <li class=\"maple-event-card\">\n                                <a href=\"https:\/\/www.quebec.ca\/agriculture-environnement-et-ressources-naturelles\/agriculture\/calendrier-evenements-bioalimentaires\/journee-acericole-lac-megantic-2026\" target=\"_blank\">\n                                    <h4>Samedi, 31 Janvier<\/h4>\n                                    <h5>Lac-M\u00e9gantic<\/h5>\n                                    <h6>En savoir plus<\/h6>\n                                <\/a>\n                            <\/li>\n                            <li class=\"maple-event-card\">\n                                <a href=\"https:\/\/www.quebec.ca\/agriculture-environnement-et-ressources-naturelles\/agriculture\/calendrier-evenements-bioalimentaires\/journee-acericole-sainte-anne-monts-2026\" target=\"_blank\">\n                                    <h4>Vendredi, 6 F\u00e9vrier<\/h4>\n                                    <h5>Sainte-Anne-des-monts<\/h5>\n                                    <h6>En savoir plus<\/h6>\n                                <\/a>\n                            <\/li>\n                            <li class=\"maple-event-card\">\n                                <a href=\"\" target=\"_blank\">\n                                    <h4>Samedi, 7 F\u00e9vrier<\/h4>\n                                    <h5>T\u00e9miscouata-sur-le-Lac<\/h5>\n                                    <h6>En savoir plus<\/h6>\n                                <\/a>\n                            <\/li>\n                        <\/ul>\n                    <\/li>\n                    <li class=\"maple-event\">\n                        <h3>Salon de l&rsquo;ac\u00e9rilculture<\/h3>\n                        <ul>\n                            <li class=\"maple-event-card\">\n                                <a href=\"\" target=\"_blank\">\n                                    <h4>13, 14, 15 Janvier 2026<\/h4>\n                                    <h5>Montmagny<\/h5>\n                                    <h6>En savoir plus<\/h6>\n                                <\/a>\n                            <\/li>\n                        <\/ul>\n                    <\/li>\n                    <li class=\"maple-event\">\n                        <h3>SIMAQ : Salon industrie et machinerie agricole de qu\u00e9bec<\/h3>\n                        <ul>\n                            <li class=\"maple-event-card\">\n                                <a href=\"\" target=\"_blank\">\n                                    <h4>29, 30, 31 janvier 2026<\/h4>\n                                    <h6>En savoir plus<\/h6>\n                                <\/a>\n                            <\/li>\n                        <\/ul>\n                    <\/li>\n                    <li class=\"maple-event\">\n                        <h3>OMSPA<\/h3>\n                        <ul>\n                            <li class=\"maple-event-card\">\n                                <a href=\"https:\/\/www.omspa.ca\/copy-of-events\" target=\"_blank\">\n                                    <h4>29, 30, 31 janvier 2026<\/h4>\n                                    <h6>En savoir plus<\/h6>\n                                <\/a>\n                            <\/li>\n                        <\/ul>\n                    <\/li>\n                <\/ul>\n            <\/li>\n            <li class=\"events-sub-container\">\n                <h2>CDL USA<\/h2>\n                <ul class=\"maple-events-container\">\n                    <li class=\"maple-event\">\n                        <h3>Massachusetts Maple Producers Association (MMPA)<\/h3>\n                        <ul>\n                            <li class=\"maple-event-card\">\n                                <a href=\"https:\/\/www.massmaple.org\/\" target=\"_blank\">\n                                    <h4>10 Janvier, 2026<\/h4>\n                                    <h6>En Savoir Plus<\/h6>\n                                <\/a>\n                            <\/li>\n                        <\/ul>\n                    <\/li>\n                    <li class=\"maple-event\">\n                        <h3>NYS January Maple Conference<\/h3>\n                        <ul>\n                            <li class=\"maple-event-card\">\n                                <a href=\"https:\/\/www.nysjanuarymapleconference.com\/schedule\" target=\"_blank\">\n                                    <h4>10 Janvier, 2026<\/h4>\n                                    <h6>En Savoir Plus<\/h6>\n                                <\/a>\n                            <\/li>\n                        <\/ul>\n                    <\/li>\n                    <li class=\"maple-event\">\n                        <h3>Maple Syrup Producers Association of Connecticut (MSPAC)<\/h3>\n                        <ul>\n                            <li class=\"maple-event-card\">\n                                <a href=\"https:\/\/www.ctmaple.org\/\" target=\"_blank\">\n                                    <h4>10 Janvier, 2026<\/h4>\n                                    <h6>En Savoir Plus<\/h6>\n                                <\/a>\n                            <\/li>\n                        <\/ul>\n                    <\/li>\n                    <li class=\"maple-event\">\n                        <h3>New Hampshire Maple Producers Annual Meeting<\/h3>\n                        <ul>\n                            <li class=\"maple-event-card\">\n                                <a href=\"https:\/\/nhmapleproducers.com\/news-and-events\/\" target=\"_blank\">\n                                    <h4>25 Janvier, 2026<\/h4>\n                                    <h6>En Savoir Plus<\/h6>\n                                <\/a>\n                            <\/li>\n                        <\/ul>\n                    <\/li>\n                <\/ul>\n            <\/li>\n        <\/ul>\n    <\/main>\n\n\n\n<p><\/p>\n","protected":false},"excerpt":{"rendered":"Vous trouverez ci-dessous les \u00e9v\u00e9nements auxquels notre \u00e9quipe participe \u00e0 titre d&rsquo;exposant. Venez nous rencontrer dans notre kiosque. Au plaisir d&rsquo;\u00e9changer avec vous! CDL CANADA Journ\u00e9e Ac\u00e9ricole 2026 Vendredi, 9 Janvier Victoriaville En savoir plus Samedi, 10 Janvier Cap-Sant\u00e9 En savoir plus Mercredi, 14 Janvier Saint-Hyacinthe En savoir plus Vendredi, 16 Janvier Orford En savoir [&hellip;]","protected":false},"author":19,"featured_media":0,"parent":0,"menu_order":0,"comment_status":"closed","ping_status":"closed","template":"","meta":{"_acf_changed":false,"footnotes":""},"class_list":["post-14241","page","type-page","status-publish","hentry"],"acf":[],"yoast_head":"<!-- This site is optimized with the Yoast SEO plugin v25.2 - https:\/\/yoast.com\/wordpress\/plugins\/seo\/ -->\n<title>\u00c9v\u00e9nements Ac\u00e9ricoles<\/title>\n<meta name=\"robots\" content=\"index, follow, max-snippet:-1, max-image-preview:large, max-video-preview:-1\" \/>\n<link rel=\"canonical\" href=\"https:\/\/www.cdlinc.ca\/fr\/evenements-acericoles\/\" \/>\n<meta property=\"og:locale\" content=\"fr_FR\" \/>\n<meta property=\"og:type\" content=\"article\" \/>\n<meta property=\"og:title\" content=\"\u00c9v\u00e9nements Ac\u00e9ricoles\" \/>\n<meta property=\"og:description\" content=\"Vous trouverez ci-dessous les \u00e9v\u00e9nements auxquels notre \u00e9quipe participe \u00e0 titre d&rsquo;exposant. Venez nous rencontrer dans notre kiosque. Au plaisir d&rsquo;\u00e9changer avec vous! CDL CANADA Journ\u00e9e Ac\u00e9ricole 2026 Vendredi, 9 Janvier Victoriaville En savoir plus Samedi, 10 Janvier Cap-Sant\u00e9 En savoir plus Mercredi, 14 Janvier Saint-Hyacinthe En savoir plus Vendredi, 16 Janvier Orford En savoir [&hellip;]\" \/>\n<meta property=\"og:url\" content=\"https:\/\/www.cdlinc.ca\/fr\/evenements-acericoles\/\" \/>\n<meta property=\"og:site_name\" content=\"Les \u00e9quipements d&#039;\u00e9rabli\u00e8re CDL\" \/>\n<meta property=\"article:modified_time\" content=\"2026-01-08T17:25:55+00:00\" \/>\n<meta property=\"og:image\" content=\"https:\/\/www.cdlinc.ca\/wp-content\/uploads\/2017\/04\/CDL_facebook_share_1200x630.jpg\" \/>\n<meta name=\"twitter:card\" content=\"summary_large_image\" \/>\n<meta name=\"twitter:label1\" content=\"Dur\u00e9e de lecture estim\u00e9e\" \/>\n\t<meta name=\"twitter:data1\" content=\"2 minutes\" \/>\n<script type=\"application\/ld+json\" class=\"yoast-schema-graph\">{\"@context\":\"https:\/\/schema.org\",\"@graph\":[{\"@type\":\"WebPage\",\"@id\":\"https:\/\/www.cdlinc.ca\/fr\/evenements-acericoles\/\",\"url\":\"https:\/\/www.cdlinc.ca\/fr\/evenements-acericoles\/\",\"name\":\"\u00c9v\u00e9nements Ac\u00e9ricoles\",\"isPartOf\":{\"@id\":\"https:\/\/www.cdlinc.ca\/fr\/#website\"},\"datePublished\":\"2026-01-07T17:02:39+00:00\",\"dateModified\":\"2026-01-08T17:25:55+00:00\",\"breadcrumb\":{\"@id\":\"https:\/\/www.cdlinc.ca\/fr\/evenements-acericoles\/#breadcrumb\"},\"inLanguage\":\"fr-FR\",\"potentialAction\":[{\"@type\":\"ReadAction\",\"target\":[\"https:\/\/www.cdlinc.ca\/fr\/evenements-acericoles\/\"]}]},{\"@type\":\"BreadcrumbList\",\"@id\":\"https:\/\/www.cdlinc.ca\/fr\/evenements-acericoles\/#breadcrumb\",\"itemListElement\":[{\"@type\":\"ListItem\",\"position\":1,\"name\":\"Home\",\"item\":\"https:\/\/www.cdlinc.ca\/fr\/\"},{\"@type\":\"ListItem\",\"position\":2,\"name\":\"\u00c9v\u00e9nements Ac\u00e9ricoles\"}]},{\"@type\":\"WebSite\",\"@id\":\"https:\/\/www.cdlinc.ca\/fr\/#website\",\"url\":\"https:\/\/www.cdlinc.ca\/fr\/\",\"name\":\"Les \u00e9quipements d&#039;\u00e9rabli\u00e8re CDL\",\"description\":\"L&#039;ac\u00e9riculture c&#039;est votre passion... Nous aussi.\",\"potentialAction\":[{\"@type\":\"SearchAction\",\"target\":{\"@type\":\"EntryPoint\",\"urlTemplate\":\"https:\/\/www.cdlinc.ca\/fr\/?s={search_term_string}\"},\"query-input\":{\"@type\":\"PropertyValueSpecification\",\"valueRequired\":true,\"valueName\":\"search_term_string\"}}],\"inLanguage\":\"fr-FR\"}]}<\/script>\n<!-- \/ Yoast SEO plugin. -->","yoast_head_json":{"title":"\u00c9v\u00e9nements Ac\u00e9ricoles","robots":{"index":"index","follow":"follow","max-snippet":"max-snippet:-1","max-image-preview":"max-image-preview:large","max-video-preview":"max-video-preview:-1"},"canonical":"https:\/\/www.cdlinc.ca\/fr\/evenements-acericoles\/","og_locale":"fr_FR","og_type":"article","og_title":"\u00c9v\u00e9nements Ac\u00e9ricoles","og_description":"Vous trouverez ci-dessous les \u00e9v\u00e9nements auxquels notre \u00e9quipe participe \u00e0 titre d&rsquo;exposant. Venez nous rencontrer dans notre kiosque. Au plaisir d&rsquo;\u00e9changer avec vous! CDL CANADA Journ\u00e9e Ac\u00e9ricole 2026 Vendredi, 9 Janvier Victoriaville En savoir plus Samedi, 10 Janvier Cap-Sant\u00e9 En savoir plus Mercredi, 14 Janvier Saint-Hyacinthe En savoir plus Vendredi, 16 Janvier Orford En savoir [&hellip;]","og_url":"https:\/\/www.cdlinc.ca\/fr\/evenements-acericoles\/","og_site_name":"Les \u00e9quipements d&#039;\u00e9rabli\u00e8re CDL","article_modified_time":"2026-01-08T17:25:55+00:00","og_image":[{"url":"https:\/\/www.cdlinc.ca\/wp-content\/uploads\/2017\/04\/CDL_facebook_share_1200x630.jpg","type":"","width":"","height":""}],"twitter_card":"summary_large_image","twitter_misc":{"Dur\u00e9e de lecture estim\u00e9e":"2 minutes"},"schema":{"@context":"https:\/\/schema.org","@graph":[{"@type":"WebPage","@id":"https:\/\/www.cdlinc.ca\/fr\/evenements-acericoles\/","url":"https:\/\/www.cdlinc.ca\/fr\/evenements-acericoles\/","name":"\u00c9v\u00e9nements Ac\u00e9ricoles","isPartOf":{"@id":"https:\/\/www.cdlinc.ca\/fr\/#website"},"datePublished":"2026-01-07T17:02:39+00:00","dateModified":"2026-01-08T17:25:55+00:00","breadcrumb":{"@id":"https:\/\/www.cdlinc.ca\/fr\/evenements-acericoles\/#breadcrumb"},"inLanguage":"fr-FR","potentialAction":[{"@type":"ReadAction","target":["https:\/\/www.cdlinc.ca\/fr\/evenements-acericoles\/"]}]},{"@type":"BreadcrumbList","@id":"https:\/\/www.cdlinc.ca\/fr\/evenements-acericoles\/#breadcrumb","itemListElement":[{"@type":"ListItem","position":1,"name":"Home","item":"https:\/\/www.cdlinc.ca\/fr\/"},{"@type":"ListItem","position":2,"name":"\u00c9v\u00e9nements Ac\u00e9ricoles"}]},{"@type":"WebSite","@id":"https:\/\/www.cdlinc.ca\/fr\/#website","url":"https:\/\/www.cdlinc.ca\/fr\/","name":"Les \u00e9quipements d&#039;\u00e9rabli\u00e8re CDL","description":"L&#039;ac\u00e9riculture c&#039;est votre passion... Nous aussi.","potentialAction":[{"@type":"SearchAction","target":{"@type":"EntryPoint","urlTemplate":"https:\/\/www.cdlinc.ca\/fr\/?s={search_term_string}"},"query-input":{"@type":"PropertyValueSpecification","valueRequired":true,"valueName":"search_term_string"}}],"inLanguage":"fr-FR"}]}},"_links":{"self":[{"href":"https:\/\/www.cdlinc.ca\/fr\/wp-json\/wp\/v2\/pages\/14241","targetHints":{"allow":["GET"]}}],"collection":[{"href":"https:\/\/www.cdlinc.ca\/fr\/wp-json\/wp\/v2\/pages"}],"about":[{"href":"https:\/\/www.cdlinc.ca\/fr\/wp-json\/wp\/v2\/types\/page"}],"author":[{"embeddable":true,"href":"https:\/\/www.cdlinc.ca\/fr\/wp-json\/wp\/v2\/users\/19"}],"replies":[{"embeddable":true,"href":"https:\/\/www.cdlinc.ca\/fr\/wp-json\/wp\/v2\/comments?post=14241"}],"version-history":[{"count":6,"href":"https:\/\/www.cdlinc.ca\/fr\/wp-json\/wp\/v2\/pages\/14241\/revisions"}],"predecessor-version":[{"id":14262,"href":"https:\/\/www.cdlinc.ca\/fr\/wp-json\/wp\/v2\/pages\/14241\/revisions\/14262"}],"wp:attachment":[{"href":"https:\/\/www.cdlinc.ca\/fr\/wp-json\/wp\/v2\/media?parent=14241"}],"curies":[{"name":"wp","href":"https:\/\/api.w.org\/{rel}","templated":true}]}}