{"id":13,"date":"2017-04-12T14:32:36","date_gmt":"2017-04-12T13:32:36","guid":{"rendered":"https:\/\/www.cdlinc.ca\/?page_id=13"},"modified":"2026-03-24T13:50:47","modified_gmt":"2026-03-24T17:50:47","slug":"succursales-cdl-et-distributeurs","status":"publish","type":"page","link":"https:\/\/www.cdlinc.ca\/fr\/succursales-cdl-et-distributeurs\/","title":{"rendered":"Succursales CDL et distributeurs"},"content":{"rendered":"<p>Nos\u00a0nombreuses succursales CDL et distributeurs pr\u00e8s de chez vous\u00a0vous\u00a0offrent un service\u00a0de proximit\u00e9 afin de trouver des produits et \u00e9quipements ac\u00e9ricoles de qualit\u00e9 en plus de nos diff\u00e9rents services offerts.<\/p>\n<h3><\/h3>\n<p><iframe loading=\"lazy\" src=\"https:\/\/www.google.com\/maps\/d\/embed?mid=1I0I5EWnkiEExppF5_qj_-OpVOrZ8XfUe\" width=\"100%\" height=\"450px\"><\/iframe><\/p>\n<h3 style=\"text-align: center;\"><\/h3>\n<h2>SUCCURSALES CDL AU QU\u00c9BEC<\/h2>\n<h3><\/h3>\n<p>SAINT-LAZARE-DE-BELLECHASSE (SI\u00c8GE SOCIAL)<br \/>\n257, route 279<br \/>\nSaint-Lazare-de-Bellechasse (Qu\u00e9bec) G0R 3J0<br \/>\nT\u00e9l.: 418-883-5158<br \/>\nSans frais: 1-800-361-5158<br \/>\nFax.: 418-883-4159<br \/>\n<a href=\"mailto:st-lazare@cdlinc.ca\">st-lazare@cdlinc.ca<\/a><\/p>\n<p><strong>Lundi au vendredi (7:30 \u00e0 17:00)<\/strong><\/p>\n<p><strong>Samedi (8:00 \u00e0 12:00)<\/strong><\/p>\n<p><strong>_____________________________<\/strong><\/p>\n<p>CDL LA GUADELOUPE \u00a0(succursale)<br \/>\n295, 14e Avenue<br \/>\nLa Guadeloupe (Qu\u00e9bec) G0M 1G0<br \/>\nT\u00e9l.: 418-459-4012<br \/>\n<a href=\"mailto:beauce@cdlinc.ca\">beauce@cdlinc.ca<\/a><\/p>\n<p><strong>Lundi au Vendredi (7:30 \u00e0 17:00)<\/strong><\/p>\n<p><strong>Samedi (8:00 \u00e0 12:00)<\/strong><\/p>\n<p>*Prendre note que notre <strong>usine<\/strong> CDL en Beauce est toujours situ\u00e9e au:<br \/>\n776 8e Rue Est<br \/>\nLa Guadeloupe (Qu\u00e9bec) G0M 1G0<br \/>\nT\u00e9l.: 418-459-6218<\/p>\n<p><strong>_____________________________<\/strong><\/p>\n<p>CDL SAINTE-MARIE-DE-BEAUCE<br \/>\n500 Rte Cameron local 200<br \/>\nSainte-Marie, QC G6E 0L9<br \/>\nT\u00e9l.: 418-387-2215<br \/>\n<a href=\"mailto:ste-marie@cdlinc.ca\">ste-marie@cdlinc.ca<\/a><\/p>\n<p><strong>Lundi au Vendredi (7:30 \u00e0 17:00)<\/strong><\/p>\n<p><strong><strong>_____________________________<\/strong><\/strong><\/p>\n<p>CDL CABANO<br \/>\n315, boulevard Industriel<br \/>\nT\u00e9miscouata-sur-le-Lac (Qu\u00e9bec) G0L 1E0<br \/>\nT\u00e9l.: 418-854-5158<br \/>\nSans frais: 1-877-854-5158<br \/>\nFax.: 418-854-1118<br \/>\n<a href=\"mailto:cabano@cdlinc.ca\">cabano@cdlinc.ca<\/a><\/p>\n<p><strong>Lundi au vendredi (7:30 \u00e0 17:00)<\/strong><\/p>\n<p><strong><strong>_____________________________<\/strong><\/strong><\/p>\n<p>CDL ST-GABRIEL-DE RIMOUSKI<br \/>\n266, rue Principale<br \/>\nSt-Gabriel-de-Rimouski (Qu\u00e9bec) G0K 1M0<br \/>\nT\u00e9l.: 418-798-0130<br \/>\n<a href=\"mailto:stjacques@cdlinc.ca\">stgabrielderimouski@cdlinc.ca<\/a><\/p>\n<p><strong>Lundi au Vendredi (7:30 \u00e0 17:00)<\/strong><\/p>\n<p><strong>Samedi (8:00 \u00e0 12:00)<\/strong><\/p>\n<p><strong>_____________________________<\/strong><\/p>\n<p>CDL L&rsquo;ISLET<br \/>\n194, route 204<br \/>\nSaint-Adalbert (Qu\u00e9bec) G0R 2M0<br \/>\nT\u00e9l.: 418-356-5153<br \/>\n<a href=\"mailto:lislet@cdlinc.ca\">lislet@cdlinc.ca<\/a><\/p>\n<p><strong>Lundi au Vendredi (8:00 \u00e0 17:00)<\/strong><\/p>\n<p><strong>Samedi (8:00 \u00e0 12:00)<\/strong><\/p>\n<p><strong><strong>_____________________________<\/strong><\/strong><\/p>\n<p>CDL LOURDES<br \/>\n282, route 265<br \/>\nNotre-Dame-de-Lourdes (Qu\u00e9bec) G0S 1T0<br \/>\nT\u00e9l.: 819-245-0058<br \/>\n<a href=\"mailto:lourdes@cdlinc.ca\">lourdes@cdlinc.ca<\/a><\/p>\n<p><strong>Lundi au Vendredi (8:00 \u00e0 16:30)<\/strong><\/p>\n<p><strong>Samedi (8:00 \u00e0 12:00)<\/strong><\/p>\n<p><strong><strong>_____________________________<\/strong><\/strong><\/p>\n<p>CDL M\u00c9GANTIC<br \/>\n2294, rue Laval<br \/>\nNantes\u00a0(Qu\u00e9bec)\u00a0G6B 2V5<br \/>\nT\u00e9l.: 819-554-8443<br \/>\n<a href=\"mailto:megantic@cdlinc.ca\">megantic@cdlinc.ca<\/a><\/p>\n<p><strong>Lundi au vendredi (7:30 \u00e0 17:00)<\/strong><\/p>\n<p><strong>Samedi (8:00 \u00e0 12:00)<\/strong><\/p>\n<p><strong><strong>_____________________________<\/strong><\/strong><\/p>\n<p>CDL MONT-LAURIER<br \/>\n1054, boulevard Albiny-Paquette<br \/>\nMont-Laurier\u00a0(Qu\u00e9bec)\u00a0J9L 1M1<br \/>\nT\u00e9l.:\u00a0873-388-0145<br \/>\n<a href=\"mailto:mont-laurier@cdlinc.ca\">mont-laurier@cdlinc.ca<\/a><\/p>\n<p><strong>Lundi au Vendredi (8:00 \u00e0 17:00)<\/strong><\/p>\n<p><strong>Samedi (8:00 \u00e0 12:00)<\/strong><\/p>\n<p><strong><strong><strong>_____________________________<\/strong><\/strong><\/strong><\/p>\n<p>CDL ST-JACQUES<br \/>\n97C, rue Venne<br \/>\nSt-Jacques (Qu\u00e9bec) J0K 2R0<br \/>\nT\u00e9l.: 450-499-4961<br \/>\n<a href=\"mailto:stjacques@cdlinc.ca\">stjacques@cdlinc.ca<\/a><\/p>\n<p><strong>Lundi au Vendredi (7:30 \u00e0 17:00)<\/strong><\/p>\n<p><strong>Samedi (8:00 \u00e0 12:00)<\/strong><\/p>\n<p><strong><strong><strong>_____________________________<\/strong><\/strong><\/strong><\/p>\n<p>CDL PORTNEUF<br \/>\n1142, avenue Saint-Louis<br \/>\nPortneuf (Qu\u00e9bec) G0A 2Y0<br \/>\nT\u00e9l.: 418-286-0003<br \/>\n<a href=\"mailto:portneuf@cdlinc.ca\">portneuf@cdlinc.ca<\/a><\/p>\n<p><strong>Lundi au Vendredi (7:30 \u00e0 17:00)<\/strong><\/p>\n<p><strong>Samedi (8:00 \u00e0 12:00)<\/strong><\/p>\n<p><strong><strong><strong>_____________________________<\/strong><\/strong><\/strong><\/p>\n<p>CDL SHEFFORD<br \/>\n2981, route 112<br \/>\nShefford (Qu\u00e9bec) J2M 1C6<br \/>\nT\u00e9l.: 450-539-2225<br \/>\nFax.: 450-539-0500<br \/>\n<a href=\"mailto:shefford@cdlinc.ca\">shefford@cdlinc.ca<\/a><\/p>\n<p><strong>Lundi au Vendredi (8:00 \u00e0 16:30)<\/strong><\/p>\n<p><strong>Samedi (8:00 \u00e0 12:00)<\/strong><\/p>\n<p><strong><strong>_____________________________<\/strong><\/strong><\/p>\n<p>CDL WARWICK<br \/>\n1, route 116 Est<br \/>\nWarwick (Qu\u00e9bec) J0A 1M0<br \/>\nT\u00e9l.: 873-406-0106<br \/>\n<a href=\"mailto:warwick@cdlinc.ca\">warwick@cdlinc.ca<\/a><\/p>\n<p><strong>Lundi au Vendredi<\/strong><\/p>\n<p><strong>AM : (8:00 \u00e0 12:00) <\/strong><\/p>\n<p><strong>PM : (13:00 \u00e0 17:00) <\/strong><\/p>\n<p><strong>Samedi (8:00 \u00e0 12:00)<\/strong><\/p>\n<p><strong><strong>_____________________________<\/strong><\/strong><\/p>\n<p>CDL SAINTE-AUR\u00c9LIE<br \/>\n8, rang Saint-Jean-Baptiste<br \/>\nSainte-Aur\u00e9lie (Qu\u00e9bec) G0M 1M0<br \/>\nT\u00e9l.: 418-593-3804<br \/>\nT\u00e9l.: 418-593-3805<br \/>\nFax.: 418-593-3804<br \/>\n<a href=\"mailto:ste-aurelie@cdlinc.ca\">ste-aurelie@cdlinc.ca<\/a><\/p>\n<p><strong>Lundi au Vendredi<\/strong><\/p>\n<p><strong>AM : (8:00 \u00e0 12:00) <\/strong><\/p>\n<p><strong>PM : (13:00 \u00e0 17:00) <\/strong><\/p>\n<p><strong>Samedi (8:00 \u00e0 12:00)<\/strong><\/p>\n<p><strong><strong>_____________________________<\/strong><\/strong><\/p>\n<p>CDL THETFORD<br \/>\n1892, rue Nadeau<br \/>\nThetford Mines &#8211; Secteur Pontbriand<br \/>\n(Qu\u00e9bec) G6H 3K3<br \/>\nT\u00e9l.: 418-335-0853<br \/>\nFax.: 418-335-3745<br \/>\n<a href=\"mailto:thetford@cdlinc.ca\">thetford@cdlinc.ca<\/a><\/p>\n<p><strong>Lundi au Vendredi (7:30 \u00e0 17:00)<\/strong><\/p>\n<p><strong>Samedi (8:00 \u00e0 12:00)<\/strong><\/p>\n<p><strong><strong>_____________________________<\/strong><\/strong><\/p>\n<p>CDL SAWYERVILLE<br \/>\n143, rue de Cookshire<br \/>\nSawyerville (Qu\u00e9bec) J0B 3A0<br \/>\nT\u00e9l. 1 : 819-416-1505<br \/>\nT\u00e9l. 2 : 819-416-1501<br \/>\n<a href=\"mailto:sawyerville@cdlinc.ca\">sawyerville@cdlinc.ca<\/a><\/p>\n<p><strong>Lundi au Vendredi (7:30 \u00e0 17:00)<\/strong><\/p>\n<p><strong>Samedi (8:00 \u00e0 12:00)<\/strong><\/p>\n<p><strong><strong>_____________________________<\/strong><\/strong><\/p>\n<p>CDL HAUT-ST-LAURENT<br \/>\n2535, Route 209<br \/>\nSaint-Antoine-Abb\u00e9 (Qu\u00e9bec) J0S 1N0<br \/>\nT\u00e9l.: 1-844-805-1235<br \/>\nFax: 1-844-805-1675<br \/>\n<a href=\"mailto:hautst-laurent@cdlinc.ca\">hautst-laurent@cdlinc.ca<\/a><\/p>\n<p><strong>Lundi au Vendredi (8:00 \u00e0 17:00)<\/strong><\/p>\n<p><strong>Samedi (8:00 \u00e0 12:00)<\/strong><\/p>\n<p><strong><strong>_____________________________<\/strong><\/strong><\/p>\n<p>CDL\u00a0ROXTON FALLS<br \/>\n286, rue Notre-Dame<br \/>\nRoxton Falls (Qu\u00e9bec) J0H 1E0<br \/>\nT\u00e9l.: 450-548-2242<br \/>\nFax:\u00a0450-548-2481<br \/>\n<a href=\"mailto:roxtonfalls@cdlinc.ca\">roxtonfalls@cdlinc.ca<\/a><\/p>\n<p><strong>Lundi au Vendredi (8:00 \u00e0 17:00)<\/strong><\/p>\n<p><strong>Samedi (8:00 \u00e0 12:00)<\/strong><\/p>\n<p><strong><strong>_____________________________<\/strong><\/strong><\/p>\n<h2>SUCCURSALES CDL AU NOUVEAU-BRUNSWICK<\/h2>\n<p>CDL ACADIE<br \/>\n1873, rue Bellechasse<br \/>\nPaquetville (NB) E8R 1M9<br \/>\nT\u00e9l.: 506-764-3280<br \/>\nFax: 506-764-3475<br \/>\n<a href=\"mailto:acadie@cdlinc.ca\">acadie@cdlinc.ca<\/a><\/p>\n<p><strong>Lundi au Vendredi (8:00 \u00e0 17:00)<\/strong><\/p>\n<p><strong>Samedi (8:00 \u00e0 15:00) &#8211; Dimanche (8:00 \u00e0 14:00)<\/strong><\/p>\n<p><strong><strong>_____________________________<\/strong><\/strong><\/p>\n<p>CDL ST-QUENTIN<br \/>\n7, rue Canada<br \/>\nSt-Quentin (NB) E8A 1J2<br \/>\nT\u00e9l.: 506-235-9100<br \/>\nFax: 506-235-2894<br \/>\n<a href=\"mailto:stquentin@cdlinc.ca\">stquentin@cdlinc.ca<\/a><\/p>\n<p><strong>Lundi au vendredi (7:00 \u00e0 17:00)<\/strong><\/p>\n<p><strong>Samedi (8:00 \u00e0 12:00)<\/strong><\/p>\n<p><strong><strong>_____________________________<\/strong><\/strong><\/p>\n<h2>SUCCURSALES CDL EN ONTARIO<\/h2>\n<p>CDL CENTRAL ONTARIO<br \/>\n2907 Highway 11 N<br \/>\nOro-Medonte (Ontario) L0L 2E0<br \/>\nTel.: 705-487-3331<br \/>\nSans frais : 1-800-959-9192 (Ontario seulement)<br \/>\nFax: 705-487-0460<br \/>\n<a href=\"mailto:atkinson@cdlinc.ca\">atkinson@cdlinc.ca<\/a><\/p>\n<p><strong>Lundi au vendredi (8:00 \u00e0 17:00)<br \/>\nSamedi (9:00 \u00e0 13:00)<\/strong><\/p>\n<p><strong><strong>_____________________________<\/strong><\/strong><\/p>\n<p>CDL EASTERN<br \/>\n3464 Station Street<br \/>\nMonkland (Ontario) K0C 1V0<br \/>\nT\u00e9l.: 613-346-0333<br \/>\nFax.: 613-346-1333<br \/>\n<a href=\"mailto:cdleastern@cdlinc.ca\">eastern@cdlinc.ca<\/a><\/p>\n<p><strong>Lundi au Vendredi (8:00 \u00e0 17:00)<\/strong><\/p>\n<p><strong>Samedi (8:00 \u00e0 12:00)<\/strong><\/p>\n<p><strong><strong>_____________________________<\/strong><\/strong><\/p>\n<p>CDL LANARK COUNTY<br \/>\n38\u00a0Dufferin Street<br \/>\nPerth\u00a0(Ontario) K7H 3A4<br \/>\nT\u00e9l.: 613-259-5554<br \/>\nFax.: 613-259-2409<br \/>\n<a href=\"mailto:cdllanark@cdlinc.ca\">lanark@cdlinc.ca<\/a><\/p>\n<p><strong>Lundi au vendredi (8:00 \u00e0 16:30)<\/strong><\/p>\n<p><strong><strong>_____________________________<\/strong><\/strong><\/p>\n<p>CDL WESTERN<br \/>\n3301 Perth Road R.R #2<br \/>\nStaffa (Ontario) N0K 1Y0<br \/>\nTel.: 519-345-0259<br \/>\n<a href=\"mailto:cdlwestern@cdlinc.ca\">western@cdlinc.ca<\/a><\/p>\n<p><strong>Lundi au Vendredi (8:00 \u00e0 16:30)<\/strong><\/p>\n<p><strong>Samedi (9:00 \u00e0 13:00)<\/strong><\/p>\n<p><strong>_____________________________<\/strong><\/p>\n<p>CDL GREY COUNTY<br \/>\n245794 Southgate Road 24<br \/>\nProton Station (Ontario) N0C 1L0<br \/>\nTel. : 519-379-7021<br \/>\n<a href=\"mailto:enos.martin@cdlinc.ca\">enos.martin@cdlinc.ca<\/a><\/p>\n<p><strong>Lundi au Samedi (8:30 \u00e0 16:30)<\/strong><\/p>\n<p><strong><strong>_____________________________<\/strong><\/strong><\/p>\n<h2>DISTRIBUTEURS CDL AU QU\u00c9BEC<\/h2>\n<p>AGRI-SERVICE D.M.R. INC<br \/>\nLaunaudi\u00e8re<br \/>\n4011, rue Principale<br \/>\nSt-F\u00e9lix-de-Valois (Qu\u00e9bec) J0K 2M0<br \/>\nT\u00e9l.: 450 889-8341<br \/>\nFax: 450 889-2305<br \/>\nSans frais: 1-800-667-7030<\/p>\n<p>MEUNERIES MONDOU<br \/>\nLaurentides<br \/>\nSi\u00e8ge social: R\u00e9al Mondou inc.<br \/>\n12429, route Arthur-Sauv\u00e9<br \/>\nMirabel (Qu\u00e9bec) J7N 2C2<br \/>\nT\u00e9l.: 450 258-2817<br \/>\nFax: 450 258-4626<br \/>\nSans frais: 1 888 258-2817<br \/>\n<a href=\"mailto:groupemondou@meuneriemondou.com\">groupemondou@meuneriemondou.com<\/a><\/p>\n<p>LES MOULINS B.G.L INC.<br \/>\nLaurentides<br \/>\n14, rue Legault<br \/>\nSt-Andr\u00e9 d\u2019Argenteuil (Qu\u00e9bec) J0V 1X0<br \/>\nT\u00e9l.: 450 537-3774<br \/>\nFax: 450 537-3777<\/p>\n<h2>DISTRIBUTEURS CDL DE L&rsquo;ONTARIO<\/h2>\n<p>RMG Family Sugar Bush<br \/>\n11866 W. Thompson Road<br \/>\nRudyard, MI 49780<br \/>\nT\u00e9l.: 906-478-3038<br \/>\nFax: 906-478-7830<br \/>\nCell.: 906-322-0765<br \/>\n<a href=\"mailto:mjross@lighthouse.net\">mjross@lighthouse.net<\/a><\/p>\n<p>KENTVALE HOME HARDWARE<br \/>\n712, K-line Road<br \/>\nRichards Landing, ON, P0R 1J0<br \/>\nT\u00e9l.: 705-246-2002<br \/>\nFax: 705-246-2361<br \/>\n<a href=\"mailto:kentvale@bell.net\">kentvale@bell.net<\/a><\/p>\n<p>NORTHWAY HOME HARDWARE<br \/>\nMaple Syrup Supplies<br \/>\n4231 Perth Road<br \/>\nInverary, ON, K0H 1X0<br \/>\nT\u00e9l.: 613-353-7000<br \/>\nT\u00e9l: 613-353-2155<\/p>\n","protected":false},"excerpt":{"rendered":"Nos\u00a0nombreuses succursales CDL et distributeurs pr\u00e8s de chez vous\u00a0vous\u00a0offrent un service\u00a0de proximit\u00e9 afin de trouver des produits et \u00e9quipements ac\u00e9ricoles de qualit\u00e9 en plus de nos diff\u00e9rents services offerts. SUCCURSALES CDL AU QU\u00c9BEC SAINT-LAZARE-DE-BELLECHASSE (SI\u00c8GE SOCIAL) 257, route 279 Saint-Lazare-de-Bellechasse (Qu\u00e9bec) G0R 3J0 T\u00e9l.: 418-883-5158 Sans frais: 1-800-361-5158 Fax.: 418-883-4159 st-lazare@cdlinc.ca Lundi au vendredi (7:30 [&hellip;]","protected":false},"author":1,"featured_media":1111,"parent":0,"menu_order":0,"comment_status":"closed","ping_status":"closed","template":"","meta":{"_acf_changed":false,"footnotes":""},"class_list":["post-13","page","type-page","status-publish","has-post-thumbnail","hentry"],"acf":[],"yoast_head":"<!-- This site is optimized with the Yoast SEO plugin v25.2 - https:\/\/yoast.com\/wordpress\/plugins\/seo\/ -->\n<title>Succursales CDL et distributeurs : Les \u00c9quipements d&#039;\u00c9rabli\u00e8re CDL<\/title>\n<meta name=\"description\" content=\"Consultez la liste de nos succursales CDL et distributeurs au Qu\u00e9bec, en Ontario et des Maritimes; retrouvez nos nombreux produits \u00e0 proximit\u00e9 de chez vous.\" \/>\n<meta name=\"robots\" content=\"index, follow, max-snippet:-1, max-image-preview:large, max-video-preview:-1\" \/>\n<link rel=\"canonical\" href=\"https:\/\/www.cdlinc.ca\/fr\/succursales-cdl-et-distributeurs\/\" \/>\n<meta property=\"og:locale\" content=\"fr_FR\" \/>\n<meta property=\"og:type\" content=\"article\" \/>\n<meta property=\"og:title\" content=\"Succursales CDL et distributeurs : Les \u00c9quipements d&#039;\u00c9rabli\u00e8re CDL\" \/>\n<meta property=\"og:description\" content=\"Consultez la liste de nos succursales CDL et distributeurs au Qu\u00e9bec, en Ontario et des Maritimes; retrouvez nos nombreux produits \u00e0 proximit\u00e9 de chez vous.\" \/>\n<meta property=\"og:url\" content=\"https:\/\/www.cdlinc.ca\/fr\/succursales-cdl-et-distributeurs\/\" \/>\n<meta property=\"og:site_name\" content=\"Les \u00e9quipements d&#039;\u00e9rabli\u00e8re CDL\" \/>\n<meta property=\"article:modified_time\" content=\"2026-03-24T17:50:47+00:00\" \/>\n<meta property=\"og:image\" content=\"https:\/\/www.cdlinc.ca\/wp-content\/uploads\/2017\/05\/spring-1281894-700x467.jpg\" \/>\n\t<meta property=\"og:image:width\" content=\"700\" \/>\n\t<meta property=\"og:image:height\" content=\"467\" \/>\n\t<meta property=\"og:image:type\" content=\"image\/jpeg\" \/>\n<meta name=\"twitter:card\" content=\"summary_large_image\" \/>\n<meta name=\"twitter:label1\" content=\"Dur\u00e9e de lecture estim\u00e9e\" \/>\n\t<meta name=\"twitter:data1\" content=\"5 minutes\" \/>\n<script type=\"application\/ld+json\" class=\"yoast-schema-graph\">{\"@context\":\"https:\/\/schema.org\",\"@graph\":[{\"@type\":\"WebPage\",\"@id\":\"https:\/\/www.cdlinc.ca\/fr\/succursales-cdl-et-distributeurs\/\",\"url\":\"https:\/\/www.cdlinc.ca\/fr\/succursales-cdl-et-distributeurs\/\",\"name\":\"Succursales CDL et distributeurs : Les \u00c9quipements d'\u00c9rabli\u00e8re CDL\",\"isPartOf\":{\"@id\":\"https:\/\/www.cdlinc.ca\/fr\/#website\"},\"primaryImageOfPage\":{\"@id\":\"https:\/\/www.cdlinc.ca\/fr\/succursales-cdl-et-distributeurs\/#primaryimage\"},\"image\":{\"@id\":\"https:\/\/www.cdlinc.ca\/fr\/succursales-cdl-et-distributeurs\/#primaryimage\"},\"thumbnailUrl\":\"https:\/\/www.cdlinc.ca\/wp-content\/uploads\/2017\/05\/spring-1281894.jpg\",\"datePublished\":\"2017-04-12T13:32:36+00:00\",\"dateModified\":\"2026-03-24T17:50:47+00:00\",\"description\":\"Consultez la liste de nos succursales CDL et distributeurs au Qu\u00e9bec, en Ontario et des Maritimes; retrouvez nos nombreux produits \u00e0 proximit\u00e9 de chez vous.\",\"breadcrumb\":{\"@id\":\"https:\/\/www.cdlinc.ca\/fr\/succursales-cdl-et-distributeurs\/#breadcrumb\"},\"inLanguage\":\"fr-FR\",\"potentialAction\":[{\"@type\":\"ReadAction\",\"target\":[\"https:\/\/www.cdlinc.ca\/fr\/succursales-cdl-et-distributeurs\/\"]}]},{\"@type\":\"ImageObject\",\"inLanguage\":\"fr-FR\",\"@id\":\"https:\/\/www.cdlinc.ca\/fr\/succursales-cdl-et-distributeurs\/#primaryimage\",\"url\":\"https:\/\/www.cdlinc.ca\/wp-content\/uploads\/2017\/05\/spring-1281894.jpg\",\"contentUrl\":\"https:\/\/www.cdlinc.ca\/wp-content\/uploads\/2017\/05\/spring-1281894.jpg\",\"width\":4752,\"height\":3168},{\"@type\":\"BreadcrumbList\",\"@id\":\"https:\/\/www.cdlinc.ca\/fr\/succursales-cdl-et-distributeurs\/#breadcrumb\",\"itemListElement\":[{\"@type\":\"ListItem\",\"position\":1,\"name\":\"Home\",\"item\":\"https:\/\/www.cdlinc.ca\/fr\/\"},{\"@type\":\"ListItem\",\"position\":2,\"name\":\"Succursales CDL et distributeurs\"}]},{\"@type\":\"WebSite\",\"@id\":\"https:\/\/www.cdlinc.ca\/fr\/#website\",\"url\":\"https:\/\/www.cdlinc.ca\/fr\/\",\"name\":\"Les \u00e9quipements d&#039;\u00e9rabli\u00e8re CDL\",\"description\":\"L&#039;ac\u00e9riculture c&#039;est votre passion... Nous aussi.\",\"potentialAction\":[{\"@type\":\"SearchAction\",\"target\":{\"@type\":\"EntryPoint\",\"urlTemplate\":\"https:\/\/www.cdlinc.ca\/fr\/?s={search_term_string}\"},\"query-input\":{\"@type\":\"PropertyValueSpecification\",\"valueRequired\":true,\"valueName\":\"search_term_string\"}}],\"inLanguage\":\"fr-FR\"}]}<\/script>\n<!-- \/ Yoast SEO plugin. -->","yoast_head_json":{"title":"Succursales CDL et distributeurs : Les \u00c9quipements d'\u00c9rabli\u00e8re CDL","description":"Consultez la liste de nos succursales CDL et distributeurs au Qu\u00e9bec, en Ontario et des Maritimes; retrouvez nos nombreux produits \u00e0 proximit\u00e9 de chez vous.","robots":{"index":"index","follow":"follow","max-snippet":"max-snippet:-1","max-image-preview":"max-image-preview:large","max-video-preview":"max-video-preview:-1"},"canonical":"https:\/\/www.cdlinc.ca\/fr\/succursales-cdl-et-distributeurs\/","og_locale":"fr_FR","og_type":"article","og_title":"Succursales CDL et distributeurs : Les \u00c9quipements d'\u00c9rabli\u00e8re CDL","og_description":"Consultez la liste de nos succursales CDL et distributeurs au Qu\u00e9bec, en Ontario et des Maritimes; retrouvez nos nombreux produits \u00e0 proximit\u00e9 de chez vous.","og_url":"https:\/\/www.cdlinc.ca\/fr\/succursales-cdl-et-distributeurs\/","og_site_name":"Les \u00e9quipements d&#039;\u00e9rabli\u00e8re CDL","article_modified_time":"2026-03-24T17:50:47+00:00","og_image":[{"width":700,"height":467,"url":"https:\/\/www.cdlinc.ca\/wp-content\/uploads\/2017\/05\/spring-1281894-700x467.jpg","type":"image\/jpeg"}],"twitter_card":"summary_large_image","twitter_misc":{"Dur\u00e9e de lecture estim\u00e9e":"5 minutes"},"schema":{"@context":"https:\/\/schema.org","@graph":[{"@type":"WebPage","@id":"https:\/\/www.cdlinc.ca\/fr\/succursales-cdl-et-distributeurs\/","url":"https:\/\/www.cdlinc.ca\/fr\/succursales-cdl-et-distributeurs\/","name":"Succursales CDL et distributeurs : Les \u00c9quipements d'\u00c9rabli\u00e8re CDL","isPartOf":{"@id":"https:\/\/www.cdlinc.ca\/fr\/#website"},"primaryImageOfPage":{"@id":"https:\/\/www.cdlinc.ca\/fr\/succursales-cdl-et-distributeurs\/#primaryimage"},"image":{"@id":"https:\/\/www.cdlinc.ca\/fr\/succursales-cdl-et-distributeurs\/#primaryimage"},"thumbnailUrl":"https:\/\/www.cdlinc.ca\/wp-content\/uploads\/2017\/05\/spring-1281894.jpg","datePublished":"2017-04-12T13:32:36+00:00","dateModified":"2026-03-24T17:50:47+00:00","description":"Consultez la liste de nos succursales CDL et distributeurs au Qu\u00e9bec, en Ontario et des Maritimes; retrouvez nos nombreux produits \u00e0 proximit\u00e9 de chez vous.","breadcrumb":{"@id":"https:\/\/www.cdlinc.ca\/fr\/succursales-cdl-et-distributeurs\/#breadcrumb"},"inLanguage":"fr-FR","potentialAction":[{"@type":"ReadAction","target":["https:\/\/www.cdlinc.ca\/fr\/succursales-cdl-et-distributeurs\/"]}]},{"@type":"ImageObject","inLanguage":"fr-FR","@id":"https:\/\/www.cdlinc.ca\/fr\/succursales-cdl-et-distributeurs\/#primaryimage","url":"https:\/\/www.cdlinc.ca\/wp-content\/uploads\/2017\/05\/spring-1281894.jpg","contentUrl":"https:\/\/www.cdlinc.ca\/wp-content\/uploads\/2017\/05\/spring-1281894.jpg","width":4752,"height":3168},{"@type":"BreadcrumbList","@id":"https:\/\/www.cdlinc.ca\/fr\/succursales-cdl-et-distributeurs\/#breadcrumb","itemListElement":[{"@type":"ListItem","position":1,"name":"Home","item":"https:\/\/www.cdlinc.ca\/fr\/"},{"@type":"ListItem","position":2,"name":"Succursales CDL et distributeurs"}]},{"@type":"WebSite","@id":"https:\/\/www.cdlinc.ca\/fr\/#website","url":"https:\/\/www.cdlinc.ca\/fr\/","name":"Les \u00e9quipements d&#039;\u00e9rabli\u00e8re CDL","description":"L&#039;ac\u00e9riculture c&#039;est votre passion... Nous aussi.","potentialAction":[{"@type":"SearchAction","target":{"@type":"EntryPoint","urlTemplate":"https:\/\/www.cdlinc.ca\/fr\/?s={search_term_string}"},"query-input":{"@type":"PropertyValueSpecification","valueRequired":true,"valueName":"search_term_string"}}],"inLanguage":"fr-FR"}]}},"_links":{"self":[{"href":"https:\/\/www.cdlinc.ca\/fr\/wp-json\/wp\/v2\/pages\/13","targetHints":{"allow":["GET"]}}],"collection":[{"href":"https:\/\/www.cdlinc.ca\/fr\/wp-json\/wp\/v2\/pages"}],"about":[{"href":"https:\/\/www.cdlinc.ca\/fr\/wp-json\/wp\/v2\/types\/page"}],"author":[{"embeddable":true,"href":"https:\/\/www.cdlinc.ca\/fr\/wp-json\/wp\/v2\/users\/1"}],"replies":[{"embeddable":true,"href":"https:\/\/www.cdlinc.ca\/fr\/wp-json\/wp\/v2\/comments?post=13"}],"version-history":[{"count":711,"href":"https:\/\/www.cdlinc.ca\/fr\/wp-json\/wp\/v2\/pages\/13\/revisions"}],"predecessor-version":[{"id":14564,"href":"https:\/\/www.cdlinc.ca\/fr\/wp-json\/wp\/v2\/pages\/13\/revisions\/14564"}],"wp:featuredmedia":[{"embeddable":true,"href":"https:\/\/www.cdlinc.ca\/fr\/wp-json\/wp\/v2\/media\/1111"}],"wp:attachment":[{"href":"https:\/\/www.cdlinc.ca\/fr\/wp-json\/wp\/v2\/media?parent=13"}],"curies":[{"name":"wp","href":"https:\/\/api.w.org\/{rel}","templated":true}]}}