{"id":12006,"date":"2025-03-27T15:22:08","date_gmt":"2025-03-27T19:22:08","guid":{"rendered":"https:\/\/www.cdlinc.ca\/?page_id=12006"},"modified":"2025-03-27T16:10:44","modified_gmt":"2025-03-27T20:10:44","slug":"leau-derable-concentree","status":"publish","type":"page","link":"https:\/\/www.cdlinc.ca\/fr\/a-propos\/leau-derable-concentree\/","title":{"rendered":"L&rsquo;EAU D&rsquo;\u00c9RABLE CONCENTR\u00c9E"},"content":{"rendered":"\n<div class=\"wp-block-group\"><div class=\"wp-block-group__inner-container is-layout-constrained wp-block-group-is-layout-constrained\"><div class=\"wp-block-image\">\n<figure class=\"aligncenter size-large is-resized\"><img loading=\"lazy\" decoding=\"async\" width=\"700\" height=\"394\" src=\"https:\/\/www.cdlinc.ca\/wp-content\/uploads\/2024\/08\/Nectar1-700x394.jpg\" alt=\"\" class=\"wp-image-11638\" style=\"aspect-ratio:16\/9;object-fit:cover;width:930px;height:auto\" srcset=\"https:\/\/www.cdlinc.ca\/wp-content\/uploads\/2024\/08\/Nectar1-700x394.jpg 700w, https:\/\/www.cdlinc.ca\/wp-content\/uploads\/2024\/08\/Nectar1-250x141.jpg 250w, https:\/\/www.cdlinc.ca\/wp-content\/uploads\/2024\/08\/Nectar1-768x432.jpg 768w, https:\/\/www.cdlinc.ca\/wp-content\/uploads\/2024\/08\/Nectar1-1536x864.jpg 1536w, https:\/\/www.cdlinc.ca\/wp-content\/uploads\/2024\/08\/Nectar1-2048x1152.jpg 2048w, https:\/\/www.cdlinc.ca\/wp-content\/uploads\/2024\/08\/Nectar1-310x174.jpg 310w, https:\/\/www.cdlinc.ca\/wp-content\/uploads\/2024\/08\/Nectar1-120x68.jpg 120w\" sizes=\"auto, (max-width: 700px) 100vw, 700px\" \/><\/figure><\/div>\n\n\n<div style=\"height:40px\" aria-hidden=\"true\" class=\"wp-block-spacer\"><\/div>\n\n\n\n<h2 class=\"wp-block-heading\" style=\"font-size:26px\">Et qu\u2019en est-il du nectar d\u2019\u00e9rable (eau d&rsquo;\u00e9rable concentr\u00e9e)?<\/h2>\n\n\n\n<div style=\"height:10px\" aria-hidden=\"true\" class=\"wp-block-spacer\"><\/div>\n\n\n\n<p style=\"font-size:20px\">Depuis 2023, les Producteurs et productrices ac\u00e9ricoles du Qu\u00e9bec (PPAQ) ont int\u00e9gr\u00e9 l&rsquo;eau d&rsquo;\u00e9rable concentr\u00e9e \u2013 surnomm\u00e9 affectueusement \u00ab nectar d\u2019\u00e9rable \u00bb \u00e0 l\u2019interne \u2013 \u00e0 la convention de mise en march\u00e9 de l\u2019eau d\u2019\u00e9rable. Ce concentr\u00e9 est en fait un nouvel agent sucrant liquide qui vient bonifier la gamme des produits d\u2019\u00e9rable existante. D\u00e9j\u00e0, il suscite un int\u00e9r\u00eat grandissant tant ici qu\u2019\u00e0 l\u2019international, particuli\u00e8rement aupr\u00e8s des transformateurs alimentaires, notamment dans l\u2019industrie des breuvages et des distilleries.<\/p>\n<\/div><\/div>\n\n\n\n<div style=\"height:40px\" aria-hidden=\"true\" class=\"wp-block-spacer\"><\/div>\n\n\n\n<div class=\"wp-block-columns is-layout-flex wp-container-core-columns-is-layout-9d6595d7 wp-block-columns-is-layout-flex\">\n<div class=\"wp-block-column is-layout-flow wp-block-column-is-layout-flow\" style=\"flex-basis:30%\"><div class=\"wp-block-image\">\n<figure class=\"aligncenter size-large is-resized\"><img loading=\"lazy\" decoding=\"async\" width=\"700\" height=\"700\" src=\"https:\/\/www.cdlinc.ca\/wp-content\/uploads\/2025\/03\/Nectar-Marika-1-edited-1-700x700.png\" alt=\"\" class=\"wp-image-12275\" style=\"width:269px;height:auto\" srcset=\"https:\/\/www.cdlinc.ca\/wp-content\/uploads\/2025\/03\/Nectar-Marika-1-edited-1-700x700.png 700w, https:\/\/www.cdlinc.ca\/wp-content\/uploads\/2025\/03\/Nectar-Marika-1-edited-1-250x250.png 250w, https:\/\/www.cdlinc.ca\/wp-content\/uploads\/2025\/03\/Nectar-Marika-1-edited-1-150x150.png 150w, https:\/\/www.cdlinc.ca\/wp-content\/uploads\/2025\/03\/Nectar-Marika-1-edited-1-768x768.png 768w, https:\/\/www.cdlinc.ca\/wp-content\/uploads\/2025\/03\/Nectar-Marika-1-edited-1-310x310.png 310w, https:\/\/www.cdlinc.ca\/wp-content\/uploads\/2025\/03\/Nectar-Marika-1-edited-1-120x120.png 120w, https:\/\/www.cdlinc.ca\/wp-content\/uploads\/2025\/03\/Nectar-Marika-1-edited-1.png 963w\" sizes=\"auto, (max-width: 700px) 100vw, 700px\" \/><\/figure><\/div><\/div>\n\n\n\n<div class=\"wp-block-column is-vertically-aligned-center is-layout-flow wp-block-column-is-layout-flow\" style=\"flex-basis:70%\">\n<div class=\"wp-block-group\"><div class=\"wp-block-group__inner-container is-layout-constrained wp-block-group-is-layout-constrained\">\n<h2 class=\"wp-block-heading\" style=\"font-size:26px\">Un march\u00e9 en \u00e9mergence<\/h2>\n\n\n\n<div style=\"height:10px\" aria-hidden=\"true\" class=\"wp-block-spacer\"><\/div>\n\n\n\n<p style=\"font-size:20px\">Gr\u00e2ce \u00e0 ses propri\u00e9t\u00e9s uniques, l&rsquo;eau d&rsquo;\u00e9rable concentr\u00e9e se positionne comme une alternative naturelle aux autres agents sucrants et \u00e9dulcorants actuellement offerts sur le march\u00e9. Son potentiel est prometteur dans divers secteurs, de la mixologie aux produits de boulangerie, en passant par les produits laitiers et les aliments transform\u00e9s.<\/p>\n<\/div><\/div>\n<\/div>\n<\/div>\n\n\n\n<div style=\"height:40px\" aria-hidden=\"true\" class=\"wp-block-spacer\"><\/div>\n\n\n\n<div class=\"wp-block-group\"><div class=\"wp-block-group__inner-container is-layout-constrained wp-block-group-is-layout-constrained\">\n<h2 class=\"wp-block-heading\" style=\"font-size:26px\">\u00c9quipement et production<\/h2>\n\n\n\n<div style=\"height:10px\" aria-hidden=\"true\" class=\"wp-block-spacer\"><\/div>\n\n\n\n<p style=\"font-size:20px\">Pour la saison 2025, les ac\u00e9riculteurs \u00e9quip\u00e9s d\u2019un \u00e9vaporateur Master-E produiront exclusivement du sirop d\u2019\u00e9rable. En effet, bien que cet \u00e9vaporateur puisse fonctionner sous deux modes distincts \u2013 mode SIROP et mode EAU D&rsquo;\u00c9RABLE CONCENTR\u00c9E \u2013, les unit\u00e9s sortant de l\u2019usine sont param\u00e9tr\u00e9es par d\u00e9faut pour la production de sirop.<\/p>\n<\/div><\/div>\n\n\n\n<div style=\"height:40px\" aria-hidden=\"true\" class=\"wp-block-spacer\"><\/div>\n\n\n\n<div class=\"wp-block-group\"><div class=\"wp-block-group__inner-container is-layout-constrained wp-block-group-is-layout-constrained\">\n<h2 class=\"wp-block-heading\" style=\"font-size:26px\">Des d\u00e9veloppements \u00e0 surveiller<\/h2>\n\n\n\n<div style=\"height:10px\" aria-hidden=\"true\" class=\"wp-block-spacer\"><\/div>\n\n\n\n<p style=\"font-size:20px\">L\u2019arriv\u00e9e de l&rsquo;eau d&rsquo;\u00e9rable concentr\u00e9e ouvre la porte \u00e0 de nouvelles perspectives \u00e9conomiques pour les ac\u00e9riculteurs et l\u2019ensemble de l\u2019industrie ac\u00e9ricole. Avec une demande croissante pour des ingr\u00e9dients naturels et authentiques, cette innovation compl\u00e9mentaire au sirop d\u2019\u00e9rable offre de nombreuses opportunit\u00e9s de march\u00e9 et pourrait red\u00e9finir l\u2019avenir des produits d\u2019\u00e9rable.<\/p>\n<\/div><\/div>\n\n\n\n<div style=\"height:40px\" aria-hidden=\"true\" class=\"wp-block-spacer\"><\/div>\n\n\n\n<div class=\"wp-block-columns is-layout-flex wp-container-core-columns-is-layout-9d6595d7 wp-block-columns-is-layout-flex\">\n<div class=\"wp-block-column is-layout-flow wp-block-column-is-layout-flow\" style=\"flex-basis:50%\">\n<figure class=\"wp-block-image size-large\"><img loading=\"lazy\" decoding=\"async\" width=\"700\" height=\"730\" src=\"https:\/\/www.cdlinc.ca\/wp-content\/uploads\/2025\/03\/Evaporateur-master-e-2025-edited-700x730.png\" alt=\"\" class=\"wp-image-12268\" srcset=\"https:\/\/www.cdlinc.ca\/wp-content\/uploads\/2025\/03\/Evaporateur-master-e-2025-edited-700x730.png 700w, https:\/\/www.cdlinc.ca\/wp-content\/uploads\/2025\/03\/Evaporateur-master-e-2025-edited-250x261.png 250w, https:\/\/www.cdlinc.ca\/wp-content\/uploads\/2025\/03\/Evaporateur-master-e-2025-edited-768x801.png 768w, https:\/\/www.cdlinc.ca\/wp-content\/uploads\/2025\/03\/Evaporateur-master-e-2025-edited-310x323.png 310w, https:\/\/www.cdlinc.ca\/wp-content\/uploads\/2025\/03\/Evaporateur-master-e-2025-edited-120x125.png 120w, https:\/\/www.cdlinc.ca\/wp-content\/uploads\/2025\/03\/Evaporateur-master-e-2025-edited.png 1435w\" sizes=\"auto, (max-width: 700px) 100vw, 700px\" \/><\/figure>\n<\/div>\n\n\n\n<div class=\"wp-block-column is-vertically-aligned-center is-layout-flow wp-block-column-is-layout-flow\" style=\"flex-basis:50%\">\n<div class=\"wp-block-group\"><div class=\"wp-block-group__inner-container is-layout-constrained wp-block-group-is-layout-constrained\">\n<h2 class=\"wp-block-heading\">LE MASTER-E<\/h2>\n\n\n\n<div style=\"height:10px\" aria-hidden=\"true\" class=\"wp-block-spacer\"><\/div>\n\n\n\n<p>L\u2019\u00e9vaporateur Master-E est un nouveau concept d\u2019\u00e9vaporation dans l\u2019industrie ac\u00e9ricole. Il combine l\u2019\u00e9nergie \u00e9lectrique \u00e0 l\u2019efficacit\u00e9 \u00e9nerg\u00e9tique de la compression de vapeur. Il est 100% \u00e9lectrique et enti\u00e8rement automatis\u00e9, pour une simplicit\u00e9 d\u2019op\u00e9ration et une efficacit\u00e9 in\u00e9gal\u00e9e!<\/p>\n\n\n\n<div style=\"height:10px\" aria-hidden=\"true\" class=\"wp-block-spacer\"><\/div>\n\n\n\n<div class=\"wp-block-buttons is-layout-flex wp-block-buttons-is-layout-flex\">\n<div class=\"wp-block-button\"><a class=\"wp-block-button__link wp-element-button\" href=\"https:\/\/www.cdlinc.ca\/fr\/produits\/evaporateur-100-electrique-et-automatise-le-master-e\/\">D\u00e9couvrez-en plus sur l\u2019\u00e9quipement<\/a><\/div>\n<\/div>\n<\/div><\/div>\n<\/div>\n<\/div>\n\n\n\n<div style=\"height:40px\" aria-hidden=\"true\" class=\"wp-block-spacer\"><\/div>\n\n\n\n<div class=\"wp-block-group\"><div class=\"wp-block-group__inner-container is-layout-constrained wp-block-group-is-layout-constrained\">\n<h2 class=\"wp-block-heading has-text-align-center\" style=\"font-size:26px\">Pour de l&rsquo;information suppl\u00e9mentaire:<\/h2>\n\n\n\n<div style=\"height:30px\" aria-hidden=\"true\" class=\"wp-block-spacer\"><\/div>\n\n\n\n<div class=\"wp-block-buttons is-content-justification-center is-layout-flex wp-container-core-buttons-is-layout-16018d1d wp-block-buttons-is-layout-flex\">\n<div class=\"wp-block-button has-custom-font-size is-style-fill\" style=\"font-size:16px\"><a class=\"wp-block-button__link has-text-align-center wp-element-button\" href=\"https:\/\/www.cdlinc.ca\/fr\/contactez-nous\/\">Contactez-nous<\/a><\/div>\n<\/div>\n<\/div><\/div>\n\n\n\n<div style=\"height:60px\" aria-hidden=\"true\" class=\"wp-block-spacer\"><\/div>\n","protected":false},"excerpt":{"rendered":"Et qu\u2019en est-il du nectar d\u2019\u00e9rable (eau d&rsquo;\u00e9rable concentr\u00e9e)? Depuis 2023, les Producteurs et productrices ac\u00e9ricoles du Qu\u00e9bec (PPAQ) ont int\u00e9gr\u00e9 l&rsquo;eau d&rsquo;\u00e9rable concentr\u00e9e \u2013 surnomm\u00e9 affectueusement \u00ab nectar d\u2019\u00e9rable \u00bb \u00e0 l\u2019interne \u2013 \u00e0 la convention de mise en march\u00e9 de l\u2019eau d\u2019\u00e9rable. Ce concentr\u00e9 est en fait un nouvel agent sucrant liquide qui [&hellip;]","protected":false},"author":19,"featured_media":0,"parent":325,"menu_order":0,"comment_status":"closed","ping_status":"closed","template":"","meta":{"_acf_changed":false,"footnotes":""},"class_list":["post-12006","page","type-page","status-publish","hentry"],"acf":[],"yoast_head":"<!-- This site is optimized with the Yoast SEO plugin v25.2 - https:\/\/yoast.com\/wordpress\/plugins\/seo\/ -->\n<title>L&#039;EAU D&#039;\u00c9RABLE CONCENTR\u00c9E<\/title>\n<meta name=\"robots\" content=\"index, follow, max-snippet:-1, max-image-preview:large, max-video-preview:-1\" \/>\n<link rel=\"canonical\" href=\"https:\/\/www.cdlinc.ca\/fr\/a-propos\/leau-derable-concentree\/\" \/>\n<meta property=\"og:locale\" content=\"fr_FR\" \/>\n<meta property=\"og:type\" content=\"article\" \/>\n<meta property=\"og:title\" content=\"L&#039;EAU D&#039;\u00c9RABLE CONCENTR\u00c9E\" \/>\n<meta property=\"og:description\" content=\"Et qu\u2019en est-il du nectar d\u2019\u00e9rable (eau d&rsquo;\u00e9rable concentr\u00e9e)? Depuis 2023, les Producteurs et productrices ac\u00e9ricoles du Qu\u00e9bec (PPAQ) ont int\u00e9gr\u00e9 l&rsquo;eau d&rsquo;\u00e9rable concentr\u00e9e \u2013 surnomm\u00e9 affectueusement \u00ab nectar d\u2019\u00e9rable \u00bb \u00e0 l\u2019interne \u2013 \u00e0 la convention de mise en march\u00e9 de l\u2019eau d\u2019\u00e9rable. Ce concentr\u00e9 est en fait un nouvel agent sucrant liquide qui [&hellip;]\" \/>\n<meta property=\"og:url\" content=\"https:\/\/www.cdlinc.ca\/fr\/a-propos\/leau-derable-concentree\/\" \/>\n<meta property=\"og:site_name\" content=\"Les \u00e9quipements d&#039;\u00e9rabli\u00e8re CDL\" \/>\n<meta property=\"article:modified_time\" content=\"2025-03-27T20:10:44+00:00\" \/>\n<meta property=\"og:image\" content=\"https:\/\/www.cdlinc.ca\/wp-content\/uploads\/2024\/08\/Nectar1-700x394.jpg\" \/>\n<meta name=\"twitter:card\" content=\"summary_large_image\" \/>\n<meta name=\"twitter:label1\" content=\"Dur\u00e9e de lecture estim\u00e9e\" \/>\n\t<meta name=\"twitter:data1\" content=\"3 minutes\" \/>\n<script type=\"application\/ld+json\" class=\"yoast-schema-graph\">{\"@context\":\"https:\/\/schema.org\",\"@graph\":[{\"@type\":\"WebPage\",\"@id\":\"https:\/\/www.cdlinc.ca\/fr\/a-propos\/leau-derable-concentree\/\",\"url\":\"https:\/\/www.cdlinc.ca\/fr\/a-propos\/leau-derable-concentree\/\",\"name\":\"L'EAU D'\u00c9RABLE CONCENTR\u00c9E\",\"isPartOf\":{\"@id\":\"https:\/\/www.cdlinc.ca\/fr\/#website\"},\"primaryImageOfPage\":{\"@id\":\"https:\/\/www.cdlinc.ca\/fr\/a-propos\/leau-derable-concentree\/#primaryimage\"},\"image\":{\"@id\":\"https:\/\/www.cdlinc.ca\/fr\/a-propos\/leau-derable-concentree\/#primaryimage\"},\"thumbnailUrl\":\"https:\/\/www.cdlinc.ca\/wp-content\/uploads\/2024\/08\/Nectar1-700x394.jpg\",\"datePublished\":\"2025-03-27T19:22:08+00:00\",\"dateModified\":\"2025-03-27T20:10:44+00:00\",\"breadcrumb\":{\"@id\":\"https:\/\/www.cdlinc.ca\/fr\/a-propos\/leau-derable-concentree\/#breadcrumb\"},\"inLanguage\":\"fr-FR\",\"potentialAction\":[{\"@type\":\"ReadAction\",\"target\":[\"https:\/\/www.cdlinc.ca\/fr\/a-propos\/leau-derable-concentree\/\"]}]},{\"@type\":\"ImageObject\",\"inLanguage\":\"fr-FR\",\"@id\":\"https:\/\/www.cdlinc.ca\/fr\/a-propos\/leau-derable-concentree\/#primaryimage\",\"url\":\"https:\/\/www.cdlinc.ca\/wp-content\/uploads\/2024\/08\/Nectar1-700x394.jpg\",\"contentUrl\":\"https:\/\/www.cdlinc.ca\/wp-content\/uploads\/2024\/08\/Nectar1-700x394.jpg\"},{\"@type\":\"BreadcrumbList\",\"@id\":\"https:\/\/www.cdlinc.ca\/fr\/a-propos\/leau-derable-concentree\/#breadcrumb\",\"itemListElement\":[{\"@type\":\"ListItem\",\"position\":1,\"name\":\"Home\",\"item\":\"https:\/\/www.cdlinc.ca\/fr\/\"},{\"@type\":\"ListItem\",\"position\":2,\"name\":\"\u00c0 propos de CDL\",\"item\":\"https:\/\/www.cdlinc.ca\/fr\/a-propos\/\"},{\"@type\":\"ListItem\",\"position\":3,\"name\":\"L&rsquo;EAU D&rsquo;\u00c9RABLE CONCENTR\u00c9E\"}]},{\"@type\":\"WebSite\",\"@id\":\"https:\/\/www.cdlinc.ca\/fr\/#website\",\"url\":\"https:\/\/www.cdlinc.ca\/fr\/\",\"name\":\"Les \u00e9quipements d&#039;\u00e9rabli\u00e8re CDL\",\"description\":\"L&#039;ac\u00e9riculture c&#039;est votre passion... Nous aussi.\",\"potentialAction\":[{\"@type\":\"SearchAction\",\"target\":{\"@type\":\"EntryPoint\",\"urlTemplate\":\"https:\/\/www.cdlinc.ca\/fr\/?s={search_term_string}\"},\"query-input\":{\"@type\":\"PropertyValueSpecification\",\"valueRequired\":true,\"valueName\":\"search_term_string\"}}],\"inLanguage\":\"fr-FR\"}]}<\/script>\n<!-- \/ Yoast SEO plugin. -->","yoast_head_json":{"title":"L'EAU D'\u00c9RABLE CONCENTR\u00c9E","robots":{"index":"index","follow":"follow","max-snippet":"max-snippet:-1","max-image-preview":"max-image-preview:large","max-video-preview":"max-video-preview:-1"},"canonical":"https:\/\/www.cdlinc.ca\/fr\/a-propos\/leau-derable-concentree\/","og_locale":"fr_FR","og_type":"article","og_title":"L'EAU D'\u00c9RABLE CONCENTR\u00c9E","og_description":"Et qu\u2019en est-il du nectar d\u2019\u00e9rable (eau d&rsquo;\u00e9rable concentr\u00e9e)? Depuis 2023, les Producteurs et productrices ac\u00e9ricoles du Qu\u00e9bec (PPAQ) ont int\u00e9gr\u00e9 l&rsquo;eau d&rsquo;\u00e9rable concentr\u00e9e \u2013 surnomm\u00e9 affectueusement \u00ab nectar d\u2019\u00e9rable \u00bb \u00e0 l\u2019interne \u2013 \u00e0 la convention de mise en march\u00e9 de l\u2019eau d\u2019\u00e9rable. Ce concentr\u00e9 est en fait un nouvel agent sucrant liquide qui [&hellip;]","og_url":"https:\/\/www.cdlinc.ca\/fr\/a-propos\/leau-derable-concentree\/","og_site_name":"Les \u00e9quipements d&#039;\u00e9rabli\u00e8re CDL","article_modified_time":"2025-03-27T20:10:44+00:00","og_image":[{"url":"https:\/\/www.cdlinc.ca\/wp-content\/uploads\/2024\/08\/Nectar1-700x394.jpg","type":"","width":"","height":""}],"twitter_card":"summary_large_image","twitter_misc":{"Dur\u00e9e de lecture estim\u00e9e":"3 minutes"},"schema":{"@context":"https:\/\/schema.org","@graph":[{"@type":"WebPage","@id":"https:\/\/www.cdlinc.ca\/fr\/a-propos\/leau-derable-concentree\/","url":"https:\/\/www.cdlinc.ca\/fr\/a-propos\/leau-derable-concentree\/","name":"L'EAU D'\u00c9RABLE CONCENTR\u00c9E","isPartOf":{"@id":"https:\/\/www.cdlinc.ca\/fr\/#website"},"primaryImageOfPage":{"@id":"https:\/\/www.cdlinc.ca\/fr\/a-propos\/leau-derable-concentree\/#primaryimage"},"image":{"@id":"https:\/\/www.cdlinc.ca\/fr\/a-propos\/leau-derable-concentree\/#primaryimage"},"thumbnailUrl":"https:\/\/www.cdlinc.ca\/wp-content\/uploads\/2024\/08\/Nectar1-700x394.jpg","datePublished":"2025-03-27T19:22:08+00:00","dateModified":"2025-03-27T20:10:44+00:00","breadcrumb":{"@id":"https:\/\/www.cdlinc.ca\/fr\/a-propos\/leau-derable-concentree\/#breadcrumb"},"inLanguage":"fr-FR","potentialAction":[{"@type":"ReadAction","target":["https:\/\/www.cdlinc.ca\/fr\/a-propos\/leau-derable-concentree\/"]}]},{"@type":"ImageObject","inLanguage":"fr-FR","@id":"https:\/\/www.cdlinc.ca\/fr\/a-propos\/leau-derable-concentree\/#primaryimage","url":"https:\/\/www.cdlinc.ca\/wp-content\/uploads\/2024\/08\/Nectar1-700x394.jpg","contentUrl":"https:\/\/www.cdlinc.ca\/wp-content\/uploads\/2024\/08\/Nectar1-700x394.jpg"},{"@type":"BreadcrumbList","@id":"https:\/\/www.cdlinc.ca\/fr\/a-propos\/leau-derable-concentree\/#breadcrumb","itemListElement":[{"@type":"ListItem","position":1,"name":"Home","item":"https:\/\/www.cdlinc.ca\/fr\/"},{"@type":"ListItem","position":2,"name":"\u00c0 propos de CDL","item":"https:\/\/www.cdlinc.ca\/fr\/a-propos\/"},{"@type":"ListItem","position":3,"name":"L&rsquo;EAU D&rsquo;\u00c9RABLE CONCENTR\u00c9E"}]},{"@type":"WebSite","@id":"https:\/\/www.cdlinc.ca\/fr\/#website","url":"https:\/\/www.cdlinc.ca\/fr\/","name":"Les \u00e9quipements d&#039;\u00e9rabli\u00e8re CDL","description":"L&#039;ac\u00e9riculture c&#039;est votre passion... Nous aussi.","potentialAction":[{"@type":"SearchAction","target":{"@type":"EntryPoint","urlTemplate":"https:\/\/www.cdlinc.ca\/fr\/?s={search_term_string}"},"query-input":{"@type":"PropertyValueSpecification","valueRequired":true,"valueName":"search_term_string"}}],"inLanguage":"fr-FR"}]}},"_links":{"self":[{"href":"https:\/\/www.cdlinc.ca\/fr\/wp-json\/wp\/v2\/pages\/12006","targetHints":{"allow":["GET"]}}],"collection":[{"href":"https:\/\/www.cdlinc.ca\/fr\/wp-json\/wp\/v2\/pages"}],"about":[{"href":"https:\/\/www.cdlinc.ca\/fr\/wp-json\/wp\/v2\/types\/page"}],"author":[{"embeddable":true,"href":"https:\/\/www.cdlinc.ca\/fr\/wp-json\/wp\/v2\/users\/19"}],"replies":[{"embeddable":true,"href":"https:\/\/www.cdlinc.ca\/fr\/wp-json\/wp\/v2\/comments?post=12006"}],"version-history":[{"count":37,"href":"https:\/\/www.cdlinc.ca\/fr\/wp-json\/wp\/v2\/pages\/12006\/revisions"}],"predecessor-version":[{"id":12301,"href":"https:\/\/www.cdlinc.ca\/fr\/wp-json\/wp\/v2\/pages\/12006\/revisions\/12301"}],"up":[{"embeddable":true,"href":"https:\/\/www.cdlinc.ca\/fr\/wp-json\/wp\/v2\/pages\/325"}],"wp:attachment":[{"href":"https:\/\/www.cdlinc.ca\/fr\/wp-json\/wp\/v2\/media?parent=12006"}],"curies":[{"name":"wp","href":"https:\/\/api.w.org\/{rel}","templated":true}]}}