{"id":11,"date":"2017-04-12T14:32:26","date_gmt":"2017-04-12T13:32:26","guid":{"rendered":"https:\/\/www.cdlinc.ca\/?page_id=11"},"modified":"2026-03-23T11:53:47","modified_gmt":"2026-03-23T15:53:47","slug":"representants","status":"publish","type":"page","link":"https:\/\/www.cdlinc.ca\/fr\/representants\/","title":{"rendered":"Repr\u00e9sentants CDL"},"content":{"rendered":"<h2>REPR\u00c9SENTANTS CDL DU QU\u00c9BEC<\/h2>\n<p><b>PIERRE-SIMON MORIN<br \/>\n<\/b>Bellechasse (Sud)<br \/>\nC. 418-573-7011<br \/>\n<a href=\"mailto:pierre-simon.morin@cdlinc.ca\">pierre-simon.morin@cdlinc.ca <\/a><\/p>\n<p><strong>JORDAN THIBAULT<br \/>\n<\/strong>Bellechasse<br \/>\nC. 581-983-4907<br \/>\n<a href=\"mailto:jordan.thibault@cdlinc.ca\">jordan.thibault@cdlinc.ca<\/a><\/p>\n<p><strong>CLO\u00c9H ARGUIN<br \/>\n<\/strong>Bellechasse<br \/>\nC. 418-571-6036<br \/>\n<a href=\"cloeh.arguin@cdlinc.ca\">cloeh.arguin@cdlinc.ca<\/a><\/p>\n<p><strong>JEAN-FRAN\u00c7OIS BERNARD<\/strong><br \/>\nKamouraska, L\u2019Islet, Montmagny<br \/>\nC. 418-356-4789<br \/>\n<a href=\"mailto:jean-francois.bernard@cdlinc.ca\">jean-francois.bernard@cdlinc.ca<\/a><\/p>\n<p><strong>SIMON CARON<\/strong><br \/>\nKamouraska, L\u2019Islet, Montmagny<br \/>\nC. 418-356-6147<br \/>\n<a href=\"mailto:simon.caron@cdlinc.ca\">simon.caron@cdlinc.ca<\/a><\/p>\n<p><strong>JACQUES ST-PIERRE<br \/>\n<\/strong>Bas-St-Laurent (Ouest)<br \/>\nC. 418-860-7447<br \/>\n<a href=\"mailto:jacques.st-pierre@cdlinc.ca\">jacques.st-pierre@cdlinc.ca<\/a><\/p>\n<p><strong>DANIEL ROUSSEL<br \/>\n<\/strong>Bas-St-Laurent (Est)<br \/>\nC. 418-714-2498<br \/>\n<a href=\"mailto:daniel.roussel@cdlinc.ca\">daniel.roussel@cdlinc.ca<\/a><\/p>\n<p><strong>J\u00c9R\u00c9MIE ALBERT<\/strong><br \/>\nBas-St-Laurent Sud<br \/>\nC. 418-868-5575<br \/>\n<a href=\"mailto:jeremie.albert@cdlinc.ca\">jeremie.albert@cdlinc.ca<\/a><\/p>\n<p><strong>CHRISTOPHER SHERRINGTON<br \/>\n<\/strong>Valleyfield, Mont\u00e9r\u00e9gie (Ouest)<br \/>\nC: 514-923-2982<br \/>\n<a href=\"mailto:christopher.sherrington@cdlinc.ca\">christopher.sherrington@cdlinc.ca<\/a><\/p>\n<p><strong>MAXIME BEAUDRY<br \/>\n<\/strong>Valleyfield, Mont\u00e9r\u00e9gie (Ouest)<br \/>\nC: 514-926-3009<br \/>\n<a href=\"mailto:maxime.beaudry@cdlinc.ca\">maxime.beaudry@cdlinc.ca<\/a><\/p>\n<p><strong>JEAN-FRAN\u00c7OIS ROBERT<br \/>\n<\/strong>Beauce (Sud)<br \/>\nC. 418-957-3607<br \/>\n<a href=\"mailto:jean-francois.robert@cdlinc.ca\">jean-francois.robert@cdlinc.ca<\/a><\/p>\n<p><strong>MARC-ANDR\u00c9 BOLDUC<br \/>\n<\/strong>Beauce (Sud)<br \/>\nC. 418-221-2997<br \/>\n<a href=\"mailto:jean-francois.robert@cdlinc.ca\">marc-andre.bolduc@cdlinc.ca<\/a><\/p>\n<p><strong>JACOB RODRIGUE<br \/>\n<\/strong>Beauce (Sud)<br \/>\nC. 581-372-2099<br \/>\n<a href=\"mailto:jean-francois.robert@cdlinc.ca\">jacob.rodrigue@cdlinc.ca<\/a><\/p>\n<p><strong>JACQUES CHANDONNET<br \/>\n<\/strong>Lotbini\u00e8re, Amiante et l\u2019\u00c9rable Sud<br \/>\nC. 819-998-6369<br \/>\nT. 819-245-0058<br \/>\n<a href=\"mailto:jacques.chandonnet@cdlinc.ca\">jacques.chandonnet@cdlinc.ca<\/a><\/p>\n<p><strong>MICHA\u00cbL LABRIE<br \/>\n<\/strong>Lotbini\u00e8re, Amiante et l\u2019\u00c9rable<br \/>\nC. 819-621-7373<br \/>\n<a href=\"mailto:mickael.labrie@cdlinc.ca\">michael.labrie@cdlinc.ca<\/a><\/p>\n<p><strong>MARTIN PILOTTE<br \/>\n<\/strong>Lotbini\u00e8re, Amiante et l\u2019\u00c9rable<br \/>\nC. 819-621-8426<br \/>\n<a href=\"mailto:martin.pilotte@cdlinc.ca\">martin.pilotte@cdlinc.ca<\/a><\/p>\n<p><strong>SHALLY BERGERON<br \/>\n<\/strong>Lotbini\u00e8re, Amiante et l\u2019\u00c9rable<br \/>\nC. 819-806-2059<br \/>\n<a href=\"mailto:shally.bergeron@cdlinc.ca\">shally.bergeron@cdlinc.ca<\/a><\/p>\n<p><strong>LO\u00cfC PLANTE<br \/>\n<\/strong>M\u00e9gantic-Estrie<br \/>\nC. 819-578-9890<br \/>\n<a href=\"mailto:loic.plante@cdlinc.ca\">loic.plante@cdlinc.ca<\/a><\/p>\n<p><strong>CARL PLANTE<br \/>\n<\/strong>M\u00e9gantic-Estrie<br \/>\nC. 418-570-2076<br \/>\n<a href=\"mailto:carl.plante@cdlinc.ca\">carl.plante@cdlinc.ca<\/a><\/p>\n<p><strong>SERGE VALIQUETTE<br \/>\n<\/strong>Haute-Laurentides, Outaouais<br \/>\nC. 514-249-7301<br \/>\nT. 450-267-0447<br \/>\n<a href=\"mailto:serge.valiquette@cdlinc.ca\">serge.valiquette@cdlinc.ca<\/a><\/p>\n<p><strong>DANIEL BRISEBOIS<br \/>\n<\/strong>Mont-Laurier, Outaouais<br \/>\nC. 819-440-5758<br \/>\n<a href=\"mailto:daniel.brisebois@cdlinc.ca\">daniel.brisebois@cdlinc.ca<\/a><\/p>\n<p><strong>OLIVIER L\u00c9GER<br \/>\n<\/strong>Outaouais<br \/>\nC. 819-592-7200<br \/>\n<a href=\"mailto:olivier.leger@cdlinc.ca\">olivier.leger@cdlinc.ca<\/a><\/p>\n<p><strong>YAN GAUDET<br \/>\n<\/strong>Abitibi-Temiscamingue<br \/>\nC. 819-629-4157<br \/>\n<a href=\"mailto:yan.gaudet@cdlinc.ca\">yan.gaudet@cdlinc.ca<\/a><\/p>\n<p><strong>R\u00c9GIS AUDET<br \/>\n<\/strong>Portneuf, Mauricie, C\u00f4te-de-Beaupr\u00e9<br \/>\nC. 418-440-4624<br \/>\n<a href=\"mailto:regis.audet@cdlinc.ca\">regis.audet@cdlinc.ca<\/a><\/p>\n<p><strong>JO\u00cbL HOUDE<br \/>\n<\/strong>Portneuf, Mauricie, C\u00f4te-de-Beaupr\u00e9<br \/>\nC. 418-809-1397<br \/>\n<a href=\"mailto:regis.audet@cdlinc.ca\">joel.houde@cdlinc.ca<\/a><\/p>\n<p><strong>MARIO C\u00d4T\u00c9<br \/>\n<\/strong>Estrie<br \/>\nC. 450-777-9712<br \/>\nT. 450-548-2242<br \/>\n<a href=\"mailto:mario.cote@cdlinc.ca\">mario.cote@cdlinc.ca<\/a><\/p>\n<p><strong>GUILLAUME PROVEN\u00c7AL<br \/>\n<\/strong>C. 450-230-6818<br \/>\n<a href=\"mailto:guillaume.provencal@cdlinc.ca\">guillaume.provencal@cdlinc.ca<\/a><\/p>\n<p><strong>FR\u00c9D\u00c9RICK C\u00d4T\u00c9<br \/>\n<\/strong>C. 450-230-0435<br \/>\n<a href=\"mailto:frederick.cote@cdlinc.ca\">frederick.cote@cdlinc.ca<\/a><\/p>\n<p><strong>J\u00c9R\u00c9MIE LEBEL<\/strong><br \/>\nC. 450-502-0863<br \/>\n<a href=\"mailto:jeremie.lebel@cdlinc.ca\">jeremie.lebel@cdlinc.ca<\/a><\/p>\n<p><strong>\u00c9RIC GUAY<br \/>\n<\/strong>Beauce (Est)<br \/>\nC. 418-222-7300<br \/>\n<a href=\"mailto:eric.guay@cdlinc.ca\">eric.guay@cdlinc.ca<\/a><\/p>\n<p><strong>TOMMY GUAY<br \/>\n<\/strong>Beauce (Est)<br \/>\nC. 418-225-1335<br \/>\n<a href=\"mailto:tommy.guay@cdlinc.ca\">tommy.guay@cdlinc.ca<\/a><\/p>\n<p><strong>MICHEL PAQUET<br \/>\n<\/strong>Beauce (Est)<br \/>\nC. 418-222-8714<br \/>\n<a href=\"mailto:tommy.guay@cdlinc.ca\">michel.paquet@cdlinc.ca<\/a><\/p>\n<p><strong>GHISLAIN POULIN<br \/>\n<\/strong>Beauce (Nord), Beauce (Ouest), Bellechasse (Ouest)<br \/>\nC. 418-222-7502<br \/>\n<a href=\"mailto:ghislain.poulin@cdlinc.ca\">ghislain.poulin@cdlinc.ca<\/a><\/p>\n<p><strong>MAXIME POULIN<br \/>\n<\/strong>Beauce (Nord), Beauce (Ouest), Bellechasse (Ouest)<br \/>\nC. 418-222-4216<br \/>\n<a href=\"mailto:maxime.poulin@cdlinc.ca\">maxime.poulin@cdlinc.ca<\/a><\/p>\n<p><strong>SERGE FORTIER<br \/>\n<\/strong>Beauce (Nord), Beauce (Ouest), Bellechasse (Ouest)<br \/>\nC. 418-883-5594<br \/>\nT. 418-642-2636<br \/>\n<a href=\"mailto:serge.fortier@cdlinc.ca\">serge.fortier@cdlinc.ca<\/a><\/p>\n<p><strong>MAXIME AUDET<br \/>\n<\/strong>Beauce (Nord), Beauce (Ouest), Bellechasse (Ouest)<br \/>\nC. 418-291-6094<br \/>\n<a href=\"mailto:maxime.audet@cdlinc.ca\">maxime.audet@cdlinc.ca<\/a><\/p>\n<p><strong>ST\u00c9PHANE NADEAU<br \/>\n<\/strong>Beauce (Nord), Beauce (Ouest), Bellechasse (Ouest)<br \/>\nC. 418-226-7058<br \/>\n<a href=\"mailto:stephane.nadeau@cdlinc.ca\">stephane.nadeau@cdlinc.ca<\/a><\/p>\n<p><strong>JONATHAN BROCHU-GUIMOND<br \/>\n<\/strong>Rimouski, La Mitis<br \/>\nC. 418-750-8187<br \/>\n<a href=\"mailto:jonathan.brochu-guimond@cdlinc.ca\">jonathan.brochu-guimond@cdlinc.ca<\/a><\/p>\n<p><strong>DANIEL B\u00c9LANGER<br \/>\n<\/strong>Gasp\u00e9sie, Haute-Gasp\u00e9sie, Matap\u00e9dia, MRC de Matane<br \/>\nC. 418-629-0639<br \/>\nT. 418-629-5652<br \/>\n<a href=\"mailto:daniel.belanger@cdlinc.ca\">daniel.belanger@cdlinc.ca<\/a><\/p>\n<p><strong>MICHA\u00cbL BOUCHER<br \/>\n<\/strong>Nouveau-Brunswick<br \/>\nC. 506-740-6675<br \/>\n<a href=\"mailto:michael.boucher@cdlinc.ca\">michael.boucher@cdlinc.ca<\/a><\/p>\n<p><strong>MICHA\u00cbL LEGAULT<br \/>\n<\/strong>Laurentides et Basses-Laurentides<br \/>\nC. 819-421-2374<br \/>\nCabane 819-686-1621<br \/>\n<a href=\"mailto:michael.legault@cdlinc.ca\">michael.legault@cdlinc.ca<\/a><\/p>\n<p><strong>ALEXANDRE BROUILLET<\/strong><br \/>\nC. 438-870-0744<br \/>\n<a href=\"mailto:alexandre.brouillet@cdlinc.ca\">alexandre.brouillet@cdlinc.ca<\/a><\/p>\n<p><strong>CHRISTIAN FORTIN<\/strong><br \/>\nC. 514-617-4425<br \/>\n<a href=\"mailto:christian.fortin@cdlinc.ca\">christian.fortin@cdlinc.ca<\/a><\/p>\n<p><strong>NEIL CRUISE<br \/>\n<\/strong>Outaouais (Sud) et Argenteuil<br \/>\nC. 450-512-2619<br \/>\n<a href=\"mailto:neil.cruise@cdlinc.ca\">neil.cruise@cdlinc.ca<\/a><\/p>\n<p><strong>HARRISON NEIL<br \/>\n<\/strong>Outaouais (Sud) et Argenteuil<br \/>\n<a href=\"mailto:neil.cruise@cdlinc.ca\">harrison.neil@cdlinc.ca<\/a><\/p>\n<p><strong>MARC FRONGILLO<\/strong><br \/>\nCoaticook<br \/>\n819-578-8839<br \/>\n<a href=\"mailto:marc.frongillo@cdlinc.ca\">marc.frongillo@cdlinc.ca<\/a><\/p>\n<p><strong>FRAN\u00c7OIS BUSQUE<br \/>\n<\/strong>Coaticook<br \/>\nC. 418-221-4999<br \/>\n<a href=\"mailto:francois.busque@cdlinc.ca\">francois.busque@cdlinc.ca<\/a><\/p>\n<p><strong>YANNICK VACHON<br \/>\n<\/strong>Coaticook<br \/>\nC. 819-820-4070<br \/>\n<a href=\"mailto:yannick.vachon@cdlinc.ca\">yannick.vachon@cdlinc.ca<\/a><\/p>\n<p><strong>GERMAIN FORTIN<br \/>\n<\/strong>Estrie<br \/>\nC. 450-525-2232<br \/>\n<a href=\"mailto:germain.fortin@cdlinc.ca\">germain.fortin@cdlinc.ca<\/a><\/p>\n<p><strong>GABRIEL TH\u00c9ROUX<\/strong><br \/>\nEstrie<br \/>\nC. 819-446-3313<br \/>\n<a href=\"mailto:gabriel.theroux@cdlinc.ca\">gabriel.theroux@cdlinc.ca<\/a><\/p>\n<p><strong>MICHA\u00cbL CYR<br \/>\n<\/strong>Lotbini\u00e8re, Amiante et l\u2019\u00c9rable Sud<br \/>\nC. 581-991-3645<br \/>\n<a href=\"mailto:michael.cyr@cdlinc.ca\">michael.cyr@cdlinc.ca<\/a><\/p>\n<p><strong>JOCELYN DUMONT<br \/>\n<\/strong>Val-des-Sources, MRC d\u2019Arthabaska, Nicolet, Saint-Hyacinthe<br \/>\nC. 819-350-8383<br \/>\n<a href=\"mailto:jocelyn.dumont@cdlinc.ca\">jocelyn.dumont@cdlinc.ca<\/a><\/p>\n<p><strong>CLAUDE DUMONT<br \/>\n<\/strong>Val-des-Sources, MRC d\u2019Arthabaska, Nicolet, St-Hyacinthe<br \/>\nC. 819-350-9895<br \/>\n<a href=\"mailto:claude.dumont@cdlinc.ca\">claude.dumont@cdlinc.ca<\/a><\/p>\n<p><strong>MAXIME CROTEAU<\/strong><br \/>\nVal-des-Sources, MRC d\u2019Arthabaska, Nicolet, Ham-Nord, Norbertville<br \/>\nC. 819-960-6694<br \/>\n<a href=\"mailto:maxime.croteau@cdlinc.ca\">maxime.croteau@cdlinc.ca<\/a><\/p>\n<h2>REPR\u00c9SENTANTS CDL DU NOUVEAU-BRUNSWICK<\/h2>\n<p><strong>MICHA\u00cbL BOUCHER<br \/>\n<\/strong>New-Brunswick<br \/>\nC. 506-740-6675<br \/>\n<a href=\"mailto:michael.boucher@cdlinc.ca\">michael.boucher@cdlinc.ca<\/a><\/p>\n<p><strong>JACQUES ST-PIERRE<br \/>\n<\/strong>New-Brunswick (North-West)<br \/>\nC. 418-860-7447<br \/>\n<a href=\"mailto:jacques.st-pierre@cdlinc.ca\">jacques.st-pierre@cdlinc.ca<\/a><\/p>\n<p><strong>MARC CHIASSON<br \/>\n<\/strong>Acadie, Moncton, New-Brunswick (North-East)<br \/>\nC. 506-727-8699<br \/>\n<a href=\"mailto:marc.chiasson@cdlinc.ca\">marc.chiasson@cdlinc.ca<\/a><\/p>\n<p><strong>JOCELYN CHIASSON<\/strong><br \/>\nAcadie, Moncton, New-Brunswick (North-East)<br \/>\nC. 506-724-0835<br \/>\n<a href=\"mailto:jocelyn.chiasson@cdlinc.ca\">jocelyn.chiasson@cdlinc.ca<\/a><\/p>\n<p><strong>JO\u00cbL PELLETIER<\/strong><br \/>\nAcadie, Moncton, New-Brunswick (North-East)<br \/>\nC. 506-726-6892<br \/>\n<a href=\"mailto:joel.pelletier@cdlinc.ca\">joel.pelletier@cdlinc.ca<\/a><\/p>\n<h2>REPR\u00c9SENTANTS CDL DE L&rsquo;ONTARIO<\/h2>\n<p><strong>XAVER KARGL<\/strong><br \/>\nEast Parry Sound, Manitoulin,<br \/>\nNipissing, North Haliburton,<br \/>\nNorth Muskoka, Sudbury, Timiskaming<br \/>\nC. 705-542-9357<br \/>\n<a href=\"mailto:xaver.kargl@cdlinc.ca\">xaver.kargl@cdlinc.ca<\/a><\/p>\n<p><strong>GEORGE RONEY<br \/>\n<\/strong>Brant, Bruce, Chatam-Kent,<br \/>\nElgin, Essex, Haldiman,<br \/>\nHamilton, Huron, Lambton<br \/>\nMiddlesex, Niagara, Norfolk,<br \/>\nOxford, Perth<br \/>\nC. 519-949-1954<br \/>\n<a href=\"mailto:george.roney@cdlinc.ca\">george.roney@cdlinc.ca<\/a><\/p>\n<p><strong>MICHA\u00cbL MURPHY<br \/>\n<\/strong>South Western Ontario<br \/>\nT. 519-345-0259<br \/>\n<a href=\"mailto:michael.murphy@cdlinc.ca\">michael.murphy@cdlinc.ca<\/a><\/p>\n<p><strong>ROB BERKVENS<br \/>\n<\/strong>Stormont, Dundas, Glengarry<br \/>\nC. 613-551-3333<br \/>\nT. 613-346-0333<br \/>\n<a href=\"mailto:rob.berkvens@cdlinc.ca\">rob.berkvens@cdlinc.ca<\/a><\/p>\n<p><strong>ENOS MARTIN<br \/>\n<\/strong>Grey, Wellington County, Dufferin County, Waterloo<br \/>\nC. 519-379-7021<br \/>\n<a href=\"mailto:enos.martin@cdlinc.ca\">enos.martin@cdlinc.ca<\/a><\/p>\n<p><strong>JONATHON MARTIN<br \/>\n<\/strong>Grey, Wellington County, Dufferin County, Waterloo<br \/>\nC. 519-379-1795<br \/>\n<a href=\"mailto:jonathon.martin@cdlinc.ca\">jonathon.martin@cdlinc.ca<\/a><\/p>\n<p><strong>NEIL CRUISE<br \/>\n<\/strong>Frontenac, Grenville, Hasting,<br \/>\nLanark, Lennox &amp; Addington,<br \/>\nLeeds, Ottawa, Prince Edward<br \/>\nCounty, Renfrew<br \/>\nC. 450-512-2619<br \/>\n<a href=\"mailto:neil.cruise@cdlinc.ca\">neil.cruise@cdlinc.ca<\/a><\/p>\n<p><strong>SHAWNA JENKINS<br \/>\n<\/strong>C. 613-200-2872<br \/>\n<a href=\"mailto:shawna.jenkins@cdlinc.ca\">shawna.jenkins@cdlinc.ca<\/a><\/p>\n","protected":false},"excerpt":{"rendered":"REPR\u00c9SENTANTS CDL DU QU\u00c9BEC PIERRE-SIMON MORIN Bellechasse (Sud) C. 418-573-7011 pierre-simon.morin@cdlinc.ca JORDAN THIBAULT Bellechasse C. 581-983-4907 jordan.thibault@cdlinc.ca CLO\u00c9H ARGUIN Bellechasse C. 418-571-6036 cloeh.arguin@cdlinc.ca JEAN-FRAN\u00c7OIS BERNARD Kamouraska, L\u2019Islet, Montmagny C. 418-356-4789 jean-francois.bernard@cdlinc.ca SIMON CARON Kamouraska, L\u2019Islet, Montmagny C. 418-356-6147 simon.caron@cdlinc.ca JACQUES ST-PIERRE Bas-St-Laurent (Ouest) C. 418-860-7447 jacques.st-pierre@cdlinc.ca DANIEL ROUSSEL Bas-St-Laurent (Est) C. 418-714-2498 daniel.roussel@cdlinc.ca J\u00c9R\u00c9MIE ALBERT [&hellip;]","protected":false},"author":1,"featured_media":1120,"parent":0,"menu_order":0,"comment_status":"closed","ping_status":"closed","template":"","meta":{"_acf_changed":false,"footnotes":""},"class_list":["post-11","page","type-page","status-publish","has-post-thumbnail","hentry"],"acf":[],"yoast_head":"<!-- This site is optimized with the Yoast SEO plugin v25.2 - https:\/\/yoast.com\/wordpress\/plugins\/seo\/ -->\n<title>Repr\u00e9sentants CDL - Les \u00c9quipements d&#039;\u00c9rabli\u00e8re CDL<\/title>\n<meta name=\"description\" content=\"Ce qu&#039;on aime chez CDL, c&#039;est vous rencontrer et vous conseillez sur les meilleurs \u00e9quipements pour votre \u00e9rabli\u00e8re. Contactez un repr\u00e9sentants CDL!\" \/>\n<meta name=\"robots\" content=\"index, follow, max-snippet:-1, max-image-preview:large, max-video-preview:-1\" \/>\n<link rel=\"canonical\" href=\"https:\/\/www.cdlinc.ca\/fr\/representants\/\" \/>\n<meta property=\"og:locale\" content=\"fr_FR\" \/>\n<meta property=\"og:type\" content=\"article\" \/>\n<meta property=\"og:title\" content=\"Repr\u00e9sentants CDL - Les \u00c9quipements d&#039;\u00c9rabli\u00e8re CDL\" \/>\n<meta property=\"og:description\" content=\"Ce qu&#039;on aime chez CDL, c&#039;est vous rencontrer et vous conseillez sur les meilleurs \u00e9quipements pour votre \u00e9rabli\u00e8re. Contactez un repr\u00e9sentants CDL!\" \/>\n<meta property=\"og:url\" content=\"https:\/\/www.cdlinc.ca\/fr\/representants\/\" \/>\n<meta property=\"og:site_name\" content=\"Les \u00e9quipements d&#039;\u00e9rabli\u00e8re CDL\" \/>\n<meta property=\"article:modified_time\" content=\"2026-03-23T15:53:47+00:00\" \/>\n<meta property=\"og:image\" content=\"https:\/\/www.cdlinc.ca\/wp-content\/uploads\/2017\/05\/IMG_1392-700x525.jpg\" \/>\n\t<meta property=\"og:image:width\" content=\"700\" \/>\n\t<meta property=\"og:image:height\" content=\"525\" \/>\n\t<meta property=\"og:image:type\" content=\"image\/jpeg\" \/>\n<meta name=\"twitter:card\" content=\"summary_large_image\" \/>\n<meta name=\"twitter:label1\" content=\"Dur\u00e9e de lecture estim\u00e9e\" \/>\n\t<meta name=\"twitter:data1\" content=\"4 minutes\" \/>\n<script type=\"application\/ld+json\" class=\"yoast-schema-graph\">{\"@context\":\"https:\/\/schema.org\",\"@graph\":[{\"@type\":\"WebPage\",\"@id\":\"https:\/\/www.cdlinc.ca\/fr\/representants\/\",\"url\":\"https:\/\/www.cdlinc.ca\/fr\/representants\/\",\"name\":\"Repr\u00e9sentants CDL - Les \u00c9quipements d'\u00c9rabli\u00e8re CDL\",\"isPartOf\":{\"@id\":\"https:\/\/www.cdlinc.ca\/fr\/#website\"},\"primaryImageOfPage\":{\"@id\":\"https:\/\/www.cdlinc.ca\/fr\/representants\/#primaryimage\"},\"image\":{\"@id\":\"https:\/\/www.cdlinc.ca\/fr\/representants\/#primaryimage\"},\"thumbnailUrl\":\"https:\/\/www.cdlinc.ca\/wp-content\/uploads\/2017\/05\/IMG_1392.jpg\",\"datePublished\":\"2017-04-12T13:32:26+00:00\",\"dateModified\":\"2026-03-23T15:53:47+00:00\",\"description\":\"Ce qu'on aime chez CDL, c'est vous rencontrer et vous conseillez sur les meilleurs \u00e9quipements pour votre \u00e9rabli\u00e8re. Contactez un repr\u00e9sentants CDL!\",\"breadcrumb\":{\"@id\":\"https:\/\/www.cdlinc.ca\/fr\/representants\/#breadcrumb\"},\"inLanguage\":\"fr-FR\",\"potentialAction\":[{\"@type\":\"ReadAction\",\"target\":[\"https:\/\/www.cdlinc.ca\/fr\/representants\/\"]}]},{\"@type\":\"ImageObject\",\"inLanguage\":\"fr-FR\",\"@id\":\"https:\/\/www.cdlinc.ca\/fr\/representants\/#primaryimage\",\"url\":\"https:\/\/www.cdlinc.ca\/wp-content\/uploads\/2017\/05\/IMG_1392.jpg\",\"contentUrl\":\"https:\/\/www.cdlinc.ca\/wp-content\/uploads\/2017\/05\/IMG_1392.jpg\",\"width\":3264,\"height\":2448},{\"@type\":\"BreadcrumbList\",\"@id\":\"https:\/\/www.cdlinc.ca\/fr\/representants\/#breadcrumb\",\"itemListElement\":[{\"@type\":\"ListItem\",\"position\":1,\"name\":\"Home\",\"item\":\"https:\/\/www.cdlinc.ca\/fr\/\"},{\"@type\":\"ListItem\",\"position\":2,\"name\":\"Repr\u00e9sentants CDL\"}]},{\"@type\":\"WebSite\",\"@id\":\"https:\/\/www.cdlinc.ca\/fr\/#website\",\"url\":\"https:\/\/www.cdlinc.ca\/fr\/\",\"name\":\"Les \u00e9quipements d&#039;\u00e9rabli\u00e8re CDL\",\"description\":\"L&#039;ac\u00e9riculture c&#039;est votre passion... Nous aussi.\",\"potentialAction\":[{\"@type\":\"SearchAction\",\"target\":{\"@type\":\"EntryPoint\",\"urlTemplate\":\"https:\/\/www.cdlinc.ca\/fr\/?s={search_term_string}\"},\"query-input\":{\"@type\":\"PropertyValueSpecification\",\"valueRequired\":true,\"valueName\":\"search_term_string\"}}],\"inLanguage\":\"fr-FR\"}]}<\/script>\n<!-- \/ Yoast SEO plugin. -->","yoast_head_json":{"title":"Repr\u00e9sentants CDL - Les \u00c9quipements d'\u00c9rabli\u00e8re CDL","description":"Ce qu'on aime chez CDL, c'est vous rencontrer et vous conseillez sur les meilleurs \u00e9quipements pour votre \u00e9rabli\u00e8re. Contactez un repr\u00e9sentants CDL!","robots":{"index":"index","follow":"follow","max-snippet":"max-snippet:-1","max-image-preview":"max-image-preview:large","max-video-preview":"max-video-preview:-1"},"canonical":"https:\/\/www.cdlinc.ca\/fr\/representants\/","og_locale":"fr_FR","og_type":"article","og_title":"Repr\u00e9sentants CDL - Les \u00c9quipements d'\u00c9rabli\u00e8re CDL","og_description":"Ce qu'on aime chez CDL, c'est vous rencontrer et vous conseillez sur les meilleurs \u00e9quipements pour votre \u00e9rabli\u00e8re. Contactez un repr\u00e9sentants CDL!","og_url":"https:\/\/www.cdlinc.ca\/fr\/representants\/","og_site_name":"Les \u00e9quipements d&#039;\u00e9rabli\u00e8re CDL","article_modified_time":"2026-03-23T15:53:47+00:00","og_image":[{"width":700,"height":525,"url":"https:\/\/www.cdlinc.ca\/wp-content\/uploads\/2017\/05\/IMG_1392-700x525.jpg","type":"image\/jpeg"}],"twitter_card":"summary_large_image","twitter_misc":{"Dur\u00e9e de lecture estim\u00e9e":"4 minutes"},"schema":{"@context":"https:\/\/schema.org","@graph":[{"@type":"WebPage","@id":"https:\/\/www.cdlinc.ca\/fr\/representants\/","url":"https:\/\/www.cdlinc.ca\/fr\/representants\/","name":"Repr\u00e9sentants CDL - Les \u00c9quipements d'\u00c9rabli\u00e8re CDL","isPartOf":{"@id":"https:\/\/www.cdlinc.ca\/fr\/#website"},"primaryImageOfPage":{"@id":"https:\/\/www.cdlinc.ca\/fr\/representants\/#primaryimage"},"image":{"@id":"https:\/\/www.cdlinc.ca\/fr\/representants\/#primaryimage"},"thumbnailUrl":"https:\/\/www.cdlinc.ca\/wp-content\/uploads\/2017\/05\/IMG_1392.jpg","datePublished":"2017-04-12T13:32:26+00:00","dateModified":"2026-03-23T15:53:47+00:00","description":"Ce qu'on aime chez CDL, c'est vous rencontrer et vous conseillez sur les meilleurs \u00e9quipements pour votre \u00e9rabli\u00e8re. Contactez un repr\u00e9sentants CDL!","breadcrumb":{"@id":"https:\/\/www.cdlinc.ca\/fr\/representants\/#breadcrumb"},"inLanguage":"fr-FR","potentialAction":[{"@type":"ReadAction","target":["https:\/\/www.cdlinc.ca\/fr\/representants\/"]}]},{"@type":"ImageObject","inLanguage":"fr-FR","@id":"https:\/\/www.cdlinc.ca\/fr\/representants\/#primaryimage","url":"https:\/\/www.cdlinc.ca\/wp-content\/uploads\/2017\/05\/IMG_1392.jpg","contentUrl":"https:\/\/www.cdlinc.ca\/wp-content\/uploads\/2017\/05\/IMG_1392.jpg","width":3264,"height":2448},{"@type":"BreadcrumbList","@id":"https:\/\/www.cdlinc.ca\/fr\/representants\/#breadcrumb","itemListElement":[{"@type":"ListItem","position":1,"name":"Home","item":"https:\/\/www.cdlinc.ca\/fr\/"},{"@type":"ListItem","position":2,"name":"Repr\u00e9sentants CDL"}]},{"@type":"WebSite","@id":"https:\/\/www.cdlinc.ca\/fr\/#website","url":"https:\/\/www.cdlinc.ca\/fr\/","name":"Les \u00e9quipements d&#039;\u00e9rabli\u00e8re CDL","description":"L&#039;ac\u00e9riculture c&#039;est votre passion... Nous aussi.","potentialAction":[{"@type":"SearchAction","target":{"@type":"EntryPoint","urlTemplate":"https:\/\/www.cdlinc.ca\/fr\/?s={search_term_string}"},"query-input":{"@type":"PropertyValueSpecification","valueRequired":true,"valueName":"search_term_string"}}],"inLanguage":"fr-FR"}]}},"_links":{"self":[{"href":"https:\/\/www.cdlinc.ca\/fr\/wp-json\/wp\/v2\/pages\/11","targetHints":{"allow":["GET"]}}],"collection":[{"href":"https:\/\/www.cdlinc.ca\/fr\/wp-json\/wp\/v2\/pages"}],"about":[{"href":"https:\/\/www.cdlinc.ca\/fr\/wp-json\/wp\/v2\/types\/page"}],"author":[{"embeddable":true,"href":"https:\/\/www.cdlinc.ca\/fr\/wp-json\/wp\/v2\/users\/1"}],"replies":[{"embeddable":true,"href":"https:\/\/www.cdlinc.ca\/fr\/wp-json\/wp\/v2\/comments?post=11"}],"version-history":[{"count":104,"href":"https:\/\/www.cdlinc.ca\/fr\/wp-json\/wp\/v2\/pages\/11\/revisions"}],"predecessor-version":[{"id":14538,"href":"https:\/\/www.cdlinc.ca\/fr\/wp-json\/wp\/v2\/pages\/11\/revisions\/14538"}],"wp:featuredmedia":[{"embeddable":true,"href":"https:\/\/www.cdlinc.ca\/fr\/wp-json\/wp\/v2\/media\/1120"}],"wp:attachment":[{"href":"https:\/\/www.cdlinc.ca\/fr\/wp-json\/wp\/v2\/media?parent=11"}],"curies":[{"name":"wp","href":"https:\/\/api.w.org\/{rel}","templated":true}]}}