{"id":9577,"date":"2023-06-14T11:23:24","date_gmt":"2023-06-14T15:23:24","guid":{"rendered":"https:\/\/www.cdlinc.ca\/?page_id=9577"},"modified":"2023-06-19T14:40:08","modified_gmt":"2023-06-19T18:40:08","slug":"cdl-expertise-we-can-manage-your-maple-syrup-projects-from-a-to-z","status":"publish","type":"page","link":"https:\/\/www.cdlinc.ca\/en\/cdl-expertise-we-can-manage-your-maple-syrup-projects-from-a-to-z\/","title":{"rendered":"We can manage your maple syrup projects from A to Z"},"content":{"rendered":"<p><img loading=\"lazy\" decoding=\"async\" class=\"wp-image-9586 aligncenter\" src=\"https:\/\/www.cdlinc.ca\/wp-content\/uploads\/2023\/06\/Capture-10-250x143.png\" alt=\"\" width=\"795\" height=\"455\" srcset=\"https:\/\/www.cdlinc.ca\/wp-content\/uploads\/2023\/06\/Capture-10-250x143.png 250w, https:\/\/www.cdlinc.ca\/wp-content\/uploads\/2023\/06\/Capture-10-700x400.png 700w, https:\/\/www.cdlinc.ca\/wp-content\/uploads\/2023\/06\/Capture-10-310x177.png 310w, https:\/\/www.cdlinc.ca\/wp-content\/uploads\/2023\/06\/Capture-10-120x68.png 120w, https:\/\/www.cdlinc.ca\/wp-content\/uploads\/2023\/06\/Capture-10.png 813w\" sizes=\"auto, (max-width: 795px) 100vw, 795px\" \/><\/p>\n<p><strong>Project evaluation<\/strong><br \/>\nHave your project fully assessed by our experts who have access to a large inventory in real time. Whether you are beginners or experienced, you will be accompanied by our experts according to your needs.<\/p>\n<p><strong>Maple syrup and technical advice<\/strong><br \/>\nTake advantage of the advice of our experts to calculate the pipe sizing and discharge calculation.<\/p>\n<p><strong>GPS mapping<\/strong><br \/>\nOptimize the strategic positioning and planning of your equipment using GPS technology.<\/p>\n<p><strong>Installation of mainlines and tubing<\/strong><br \/>\nTake advantage of the industry\u2019s best practices and ask our experts to install your mainlines and tubing in your forest.<\/p>\n<p><strong>Equipment rental<\/strong><br \/>\nRent an Electrofusion welder or a SpinSeal welder for your one-time installation needs. Verify with your CDL branch to find out if other equipment is available for rental in your region.<\/p>\n<p><strong>Assembly of drop lines<\/strong><br \/>\nMake your life easier with our drop line assembly service! Available in every CDL store.<\/p>\n<p><strong>Implementation of the CDL Intelligence<\/strong><br \/>\nGet advice from our experts on our Maple Sugaring Management System. Our team will assess your needs and guide you step by step on its installation in your sugarbush.<\/p>\n<p><strong>Turnkey installation of equipment<\/strong><br \/>\nWhen making your purchase, ask our experts to deliver and do a complete installation of your CDL equipment directly to your sugarhouse.<\/p>\n<p><strong>Repair at the sugarhouse<\/strong><br \/>\nStart maintaining your equipment before the start of the sugar season! Our team will come to your sugarhouse to repair your electrical, welding, plumbing, start-up and burner adjustment problems, for any brands.<\/p>\n<p><strong>Modification of equipment<\/strong><br \/>\nRequest custom adjustments if you have specific needs.<\/p>\n<p><strong>24\/7 assistance during the sugaring season<\/strong><br \/>\nDuring the sugaring season, our team is available 24 hours a day, 7 days a week to respond to your emergencies.<\/p>\n<p>Contact your sales representative for more information: <a href=\"https:\/\/www.cdlinc.ca\/en\/sales-representatives\/\">Sales representatives &#8211; CDL Maple Sugaring Equipment : Les \u00e9quipements d&#8217;\u00e9rabli\u00e8re CDL (cdlinc.ca)<\/a><\/p>\n","protected":false},"excerpt":{"rendered":"Project evaluation Have your project fully assessed by our experts who have access to a large inventory in real time. Whether you are beginners or experienced, you will be accompanied by our experts according to your needs. Maple syrup and technical advice Take advantage of the advice of our experts to calculate the pipe sizing [&hellip;]","protected":false},"author":15,"featured_media":0,"parent":0,"menu_order":3,"comment_status":"closed","ping_status":"closed","template":"","meta":{"_acf_changed":false,"footnotes":""},"class_list":["post-9577","page","type-page","status-publish","hentry"],"acf":[],"yoast_head":"<!-- This site is optimized with the Yoast SEO plugin v25.2 - https:\/\/yoast.com\/wordpress\/plugins\/seo\/ -->\n<title>We can manage your maple syrup projects from A to Z<\/title>\n<meta name=\"robots\" content=\"index, follow, max-snippet:-1, max-image-preview:large, max-video-preview:-1\" \/>\n<link rel=\"canonical\" href=\"https:\/\/www.cdlinc.ca\/fr\/lexpertise-cdl-vos-projets-acericoles-de-a-a-z\/\" \/>\n<meta property=\"og:locale\" content=\"en_US\" \/>\n<meta property=\"og:type\" content=\"article\" \/>\n<meta property=\"og:title\" content=\"We can manage your maple syrup projects from A to Z\" \/>\n<meta property=\"og:description\" content=\"Project evaluation Have your project fully assessed by our experts who have access to a large inventory in real time. Whether you are beginners or experienced, you will be accompanied by our experts according to your needs. Maple syrup and technical advice Take advantage of the advice of our experts to calculate the pipe sizing [&hellip;]\" \/>\n<meta property=\"og:url\" content=\"https:\/\/www.cdlinc.ca\/fr\/lexpertise-cdl-vos-projets-acericoles-de-a-a-z\/\" \/>\n<meta property=\"og:site_name\" content=\"Les \u00e9quipements d&#039;\u00e9rabli\u00e8re CDL\" \/>\n<meta property=\"article:modified_time\" content=\"2023-06-19T18:40:08+00:00\" \/>\n<meta property=\"og:image\" content=\"https:\/\/www.cdlinc.ca\/wp-content\/uploads\/2023\/06\/Capture-10-250x143.png\" \/>\n<meta name=\"twitter:card\" content=\"summary_large_image\" \/>\n<meta name=\"twitter:label1\" content=\"Est. reading time\" \/>\n\t<meta name=\"twitter:data1\" content=\"2 minutes\" \/>\n<script type=\"application\/ld+json\" class=\"yoast-schema-graph\">{\"@context\":\"https:\/\/schema.org\",\"@graph\":[{\"@type\":\"WebPage\",\"@id\":\"https:\/\/www.cdlinc.ca\/fr\/lexpertise-cdl-vos-projets-acericoles-de-a-a-z\/\",\"url\":\"https:\/\/www.cdlinc.ca\/fr\/lexpertise-cdl-vos-projets-acericoles-de-a-a-z\/\",\"name\":\"We can manage your maple syrup projects from A to Z\",\"isPartOf\":{\"@id\":\"https:\/\/www.cdlinc.ca\/fr\/#website\"},\"primaryImageOfPage\":{\"@id\":\"https:\/\/www.cdlinc.ca\/fr\/lexpertise-cdl-vos-projets-acericoles-de-a-a-z\/#primaryimage\"},\"image\":{\"@id\":\"https:\/\/www.cdlinc.ca\/fr\/lexpertise-cdl-vos-projets-acericoles-de-a-a-z\/#primaryimage\"},\"thumbnailUrl\":\"https:\/\/www.cdlinc.ca\/wp-content\/uploads\/2023\/06\/Capture-10-250x143.png\",\"datePublished\":\"2023-06-14T15:23:24+00:00\",\"dateModified\":\"2023-06-19T18:40:08+00:00\",\"breadcrumb\":{\"@id\":\"https:\/\/www.cdlinc.ca\/fr\/lexpertise-cdl-vos-projets-acericoles-de-a-a-z\/#breadcrumb\"},\"inLanguage\":\"en-CA\",\"potentialAction\":[{\"@type\":\"ReadAction\",\"target\":[\"https:\/\/www.cdlinc.ca\/fr\/lexpertise-cdl-vos-projets-acericoles-de-a-a-z\/\"]}]},{\"@type\":\"ImageObject\",\"inLanguage\":\"en-CA\",\"@id\":\"https:\/\/www.cdlinc.ca\/fr\/lexpertise-cdl-vos-projets-acericoles-de-a-a-z\/#primaryimage\",\"url\":\"https:\/\/www.cdlinc.ca\/wp-content\/uploads\/2023\/06\/Capture-10-250x143.png\",\"contentUrl\":\"https:\/\/www.cdlinc.ca\/wp-content\/uploads\/2023\/06\/Capture-10-250x143.png\"},{\"@type\":\"BreadcrumbList\",\"@id\":\"https:\/\/www.cdlinc.ca\/fr\/lexpertise-cdl-vos-projets-acericoles-de-a-a-z\/#breadcrumb\",\"itemListElement\":[{\"@type\":\"ListItem\",\"position\":1,\"name\":\"Home\",\"item\":\"https:\/\/www.cdlinc.ca\/en\/\"},{\"@type\":\"ListItem\",\"position\":2,\"name\":\"We can manage your maple syrup projects from A to Z\"}]},{\"@type\":\"WebSite\",\"@id\":\"https:\/\/www.cdlinc.ca\/fr\/#website\",\"url\":\"https:\/\/www.cdlinc.ca\/fr\/\",\"name\":\"Les \u00e9quipements d&#039;\u00e9rabli\u00e8re CDL\",\"description\":\"L&#039;ac\u00e9riculture c&#039;est votre passion... Nous aussi.\",\"potentialAction\":[{\"@type\":\"SearchAction\",\"target\":{\"@type\":\"EntryPoint\",\"urlTemplate\":\"https:\/\/www.cdlinc.ca\/fr\/?s={search_term_string}\"},\"query-input\":{\"@type\":\"PropertyValueSpecification\",\"valueRequired\":true,\"valueName\":\"search_term_string\"}}],\"inLanguage\":\"en-CA\"}]}<\/script>\n<!-- \/ Yoast SEO plugin. -->","yoast_head_json":{"title":"We can manage your maple syrup projects from A to Z","robots":{"index":"index","follow":"follow","max-snippet":"max-snippet:-1","max-image-preview":"max-image-preview:large","max-video-preview":"max-video-preview:-1"},"canonical":"https:\/\/www.cdlinc.ca\/fr\/lexpertise-cdl-vos-projets-acericoles-de-a-a-z\/","og_locale":"en_US","og_type":"article","og_title":"We can manage your maple syrup projects from A to Z","og_description":"Project evaluation Have your project fully assessed by our experts who have access to a large inventory in real time. Whether you are beginners or experienced, you will be accompanied by our experts according to your needs. Maple syrup and technical advice Take advantage of the advice of our experts to calculate the pipe sizing [&hellip;]","og_url":"https:\/\/www.cdlinc.ca\/fr\/lexpertise-cdl-vos-projets-acericoles-de-a-a-z\/","og_site_name":"Les \u00e9quipements d&#039;\u00e9rabli\u00e8re CDL","article_modified_time":"2023-06-19T18:40:08+00:00","og_image":[{"url":"https:\/\/www.cdlinc.ca\/wp-content\/uploads\/2023\/06\/Capture-10-250x143.png","type":"","width":"","height":""}],"twitter_card":"summary_large_image","twitter_misc":{"Est. reading time":"2 minutes"},"schema":{"@context":"https:\/\/schema.org","@graph":[{"@type":"WebPage","@id":"https:\/\/www.cdlinc.ca\/fr\/lexpertise-cdl-vos-projets-acericoles-de-a-a-z\/","url":"https:\/\/www.cdlinc.ca\/fr\/lexpertise-cdl-vos-projets-acericoles-de-a-a-z\/","name":"We can manage your maple syrup projects from A to Z","isPartOf":{"@id":"https:\/\/www.cdlinc.ca\/fr\/#website"},"primaryImageOfPage":{"@id":"https:\/\/www.cdlinc.ca\/fr\/lexpertise-cdl-vos-projets-acericoles-de-a-a-z\/#primaryimage"},"image":{"@id":"https:\/\/www.cdlinc.ca\/fr\/lexpertise-cdl-vos-projets-acericoles-de-a-a-z\/#primaryimage"},"thumbnailUrl":"https:\/\/www.cdlinc.ca\/wp-content\/uploads\/2023\/06\/Capture-10-250x143.png","datePublished":"2023-06-14T15:23:24+00:00","dateModified":"2023-06-19T18:40:08+00:00","breadcrumb":{"@id":"https:\/\/www.cdlinc.ca\/fr\/lexpertise-cdl-vos-projets-acericoles-de-a-a-z\/#breadcrumb"},"inLanguage":"en-CA","potentialAction":[{"@type":"ReadAction","target":["https:\/\/www.cdlinc.ca\/fr\/lexpertise-cdl-vos-projets-acericoles-de-a-a-z\/"]}]},{"@type":"ImageObject","inLanguage":"en-CA","@id":"https:\/\/www.cdlinc.ca\/fr\/lexpertise-cdl-vos-projets-acericoles-de-a-a-z\/#primaryimage","url":"https:\/\/www.cdlinc.ca\/wp-content\/uploads\/2023\/06\/Capture-10-250x143.png","contentUrl":"https:\/\/www.cdlinc.ca\/wp-content\/uploads\/2023\/06\/Capture-10-250x143.png"},{"@type":"BreadcrumbList","@id":"https:\/\/www.cdlinc.ca\/fr\/lexpertise-cdl-vos-projets-acericoles-de-a-a-z\/#breadcrumb","itemListElement":[{"@type":"ListItem","position":1,"name":"Home","item":"https:\/\/www.cdlinc.ca\/en\/"},{"@type":"ListItem","position":2,"name":"We can manage your maple syrup projects from A to Z"}]},{"@type":"WebSite","@id":"https:\/\/www.cdlinc.ca\/fr\/#website","url":"https:\/\/www.cdlinc.ca\/fr\/","name":"Les \u00e9quipements d&#039;\u00e9rabli\u00e8re CDL","description":"L&#039;ac\u00e9riculture c&#039;est votre passion... Nous aussi.","potentialAction":[{"@type":"SearchAction","target":{"@type":"EntryPoint","urlTemplate":"https:\/\/www.cdlinc.ca\/fr\/?s={search_term_string}"},"query-input":{"@type":"PropertyValueSpecification","valueRequired":true,"valueName":"search_term_string"}}],"inLanguage":"en-CA"}]}},"_links":{"self":[{"href":"https:\/\/www.cdlinc.ca\/en\/wp-json\/wp\/v2\/pages\/9577","targetHints":{"allow":["GET"]}}],"collection":[{"href":"https:\/\/www.cdlinc.ca\/en\/wp-json\/wp\/v2\/pages"}],"about":[{"href":"https:\/\/www.cdlinc.ca\/en\/wp-json\/wp\/v2\/types\/page"}],"author":[{"embeddable":true,"href":"https:\/\/www.cdlinc.ca\/en\/wp-json\/wp\/v2\/users\/15"}],"replies":[{"embeddable":true,"href":"https:\/\/www.cdlinc.ca\/en\/wp-json\/wp\/v2\/comments?post=9577"}],"version-history":[{"count":6,"href":"https:\/\/www.cdlinc.ca\/en\/wp-json\/wp\/v2\/pages\/9577\/revisions"}],"predecessor-version":[{"id":9617,"href":"https:\/\/www.cdlinc.ca\/en\/wp-json\/wp\/v2\/pages\/9577\/revisions\/9617"}],"wp:attachment":[{"href":"https:\/\/www.cdlinc.ca\/en\/wp-json\/wp\/v2\/media?parent=9577"}],"curies":[{"name":"wp","href":"https:\/\/api.w.org\/{rel}","templated":true}]}}