{"id":9150,"date":"2023-05-31T09:00:48","date_gmt":"2023-05-31T13:00:48","guid":{"rendered":"https:\/\/www.cdlinc.ca\/?page_id=9150"},"modified":"2023-06-08T13:58:09","modified_gmt":"2023-06-08T17:58:09","slug":"delivery-policy","status":"publish","type":"page","link":"https:\/\/www.cdlinc.ca\/en\/delivery-policy\/","title":{"rendered":"Corporate Delivery Policy"},"content":{"rendered":"\n<div class=\"wp-block-image\"><figure class=\"aligncenter size-full\"><img loading=\"lazy\" decoding=\"async\" width=\"2560\" height=\"1054\" src=\"https:\/\/www.cdlinc.ca\/wp-content\/uploads\/2023\/05\/livraison-scaled.jpg\" alt=\"\" class=\"wp-image-9141\" srcset=\"https:\/\/www.cdlinc.ca\/wp-content\/uploads\/2023\/05\/livraison-scaled.jpg 2560w, https:\/\/www.cdlinc.ca\/wp-content\/uploads\/2023\/05\/livraison-250x103.jpg 250w, https:\/\/www.cdlinc.ca\/wp-content\/uploads\/2023\/05\/livraison-700x288.jpg 700w, https:\/\/www.cdlinc.ca\/wp-content\/uploads\/2023\/05\/livraison-768x316.jpg 768w, https:\/\/www.cdlinc.ca\/wp-content\/uploads\/2023\/05\/livraison-1536x632.jpg 1536w, https:\/\/www.cdlinc.ca\/wp-content\/uploads\/2023\/05\/livraison-2048x843.jpg 2048w, https:\/\/www.cdlinc.ca\/wp-content\/uploads\/2023\/05\/livraison-310x128.jpg 310w, https:\/\/www.cdlinc.ca\/wp-content\/uploads\/2023\/05\/livraison-120x49.jpg 120w\" sizes=\"auto, (max-width: 2560px) 100vw, 2560px\" \/><\/figure><\/div>\n\n\n\n<div style=\"height:30px\" aria-hidden=\"true\" class=\"wp-block-spacer\"><\/div>\n\n\n\n<p class=\"has-large-font-size\"><strong>Delivery Rates<\/strong><\/p>\n\n\n\n<div style=\"height:30px\" aria-hidden=\"true\" class=\"wp-block-spacer\"><\/div>\n\n\n\n<ul class=\"has-black-color has-text-color wp-block-list\" style=\"font-size:18px\"><li>0 to 80 km: $75 \/ Delivery \/ Per customer (Drop)<\/li><li>81 to 150 km: $150 \/ Delivery \/ Per customer (Drop)<\/li><li>151 to 300 km: $300 \/ Delivery \/ Per customer (Drop)<\/li><li>301 km and more: Case by case<\/li><\/ul>\n\n\n\n<div style=\"height:60px\" aria-hidden=\"true\" class=\"wp-block-spacer\"><\/div>\n\n\n\n<p class=\"has-large-font-size\"><strong>Free Shipping<\/strong><\/p>\n\n\n\n<div style=\"height:30px\" aria-hidden=\"true\" class=\"wp-block-spacer\"><\/div>\n\n\n\n<ul class=\"has-black-color has-text-color wp-block-list\" style=\"font-size:18px\"><li>To the nearest regional CDL store.<\/li><li>If the amount of the invoice delivered is equal to or greater than $25,000 before taxes.<br>*Applicable only to tubing and accessory products.<\/li><li>If the item is found in the list below:<br>\u2022 Osmosis (4 posts and more)<br>\u2022 Automated Osmosis<br>\u2022 16\u2019\u2019 Posts<br>\u2022 Tanks (4 x 12 x 4 or wider)<br>\u2022 Flue Pan (3-1\/2\u2019 wide and larger)<br>\u2022 Conventional Evaporators (2-1\/2\u2019 x 8\u2019 or larger)<br>\u2022 Evaporators (Intens-O-Fire, Chinook, Oil, etc.)<\/li><\/ul>\n\n\n\n<div style=\"height:60px\" aria-hidden=\"true\" class=\"wp-block-spacer\"><\/div>\n\n\n\n<p>*For the delivery of equipment not listed above, the same shipping rate applies.<br>*Applicable delivery charges for small packages by Dicom or Purolator: minimum of $14.00 per shipment.<\/p>\n","protected":false},"excerpt":{"rendered":"Delivery Rates 0 to 80 km: $75 \/ Delivery \/ Per customer (Drop) 81 to 150 km: $150 \/ Delivery \/ Per customer (Drop) 151 to 300 km: $300 \/ Delivery \/ Per customer (Drop) 301 km and more: Case by case Free Shipping To the nearest regional CDL store. If the amount of the [&hellip;]","protected":false},"author":10,"featured_media":0,"parent":0,"menu_order":0,"comment_status":"closed","ping_status":"closed","template":"","meta":{"_acf_changed":false,"footnotes":""},"class_list":["post-9150","page","type-page","status-publish","hentry"],"acf":[],"yoast_head":"<!-- This site is optimized with the Yoast SEO plugin v25.2 - https:\/\/yoast.com\/wordpress\/plugins\/seo\/ -->\n<title>Corporate Delivery Policy<\/title>\n<meta name=\"robots\" content=\"index, follow, max-snippet:-1, max-image-preview:large, max-video-preview:-1\" \/>\n<link rel=\"canonical\" href=\"https:\/\/www.cdlinc.ca\/en\/delivery-policy\/\" \/>\n<meta property=\"og:locale\" content=\"en_US\" \/>\n<meta property=\"og:type\" content=\"article\" \/>\n<meta property=\"og:title\" content=\"Corporate Delivery Policy\" \/>\n<meta property=\"og:description\" content=\"Delivery Rates 0 to 80 km: $75 \/ Delivery \/ Per customer (Drop) 81 to 150 km: $150 \/ Delivery \/ Per customer (Drop) 151 to 300 km: $300 \/ Delivery \/ Per customer (Drop) 301 km and more: Case by case Free Shipping To the nearest regional CDL store. If the amount of the [&hellip;]\" \/>\n<meta property=\"og:url\" content=\"https:\/\/www.cdlinc.ca\/en\/delivery-policy\/\" \/>\n<meta property=\"og:site_name\" content=\"Les \u00e9quipements d&#039;\u00e9rabli\u00e8re CDL\" \/>\n<meta property=\"article:modified_time\" content=\"2023-06-08T17:58:09+00:00\" \/>\n<meta property=\"og:image\" content=\"https:\/\/www.cdlinc.ca\/wp-content\/uploads\/2023\/05\/livraison-scaled.jpg\" \/>\n<meta name=\"twitter:card\" content=\"summary_large_image\" \/>\n<meta name=\"twitter:label1\" content=\"Est. reading time\" \/>\n\t<meta name=\"twitter:data1\" content=\"1 minute\" \/>\n<script type=\"application\/ld+json\" class=\"yoast-schema-graph\">{\"@context\":\"https:\/\/schema.org\",\"@graph\":[{\"@type\":\"WebPage\",\"@id\":\"https:\/\/www.cdlinc.ca\/en\/delivery-policy\/\",\"url\":\"https:\/\/www.cdlinc.ca\/en\/delivery-policy\/\",\"name\":\"Corporate Delivery Policy\",\"isPartOf\":{\"@id\":\"https:\/\/www.cdlinc.ca\/fr\/#website\"},\"primaryImageOfPage\":{\"@id\":\"https:\/\/www.cdlinc.ca\/en\/delivery-policy\/#primaryimage\"},\"image\":{\"@id\":\"https:\/\/www.cdlinc.ca\/en\/delivery-policy\/#primaryimage\"},\"thumbnailUrl\":\"https:\/\/www.cdlinc.ca\/wp-content\/uploads\/2023\/05\/livraison-scaled.jpg\",\"datePublished\":\"2023-05-31T13:00:48+00:00\",\"dateModified\":\"2023-06-08T17:58:09+00:00\",\"breadcrumb\":{\"@id\":\"https:\/\/www.cdlinc.ca\/en\/delivery-policy\/#breadcrumb\"},\"inLanguage\":\"en-CA\",\"potentialAction\":[{\"@type\":\"ReadAction\",\"target\":[\"https:\/\/www.cdlinc.ca\/en\/delivery-policy\/\"]}]},{\"@type\":\"ImageObject\",\"inLanguage\":\"en-CA\",\"@id\":\"https:\/\/www.cdlinc.ca\/en\/delivery-policy\/#primaryimage\",\"url\":\"https:\/\/www.cdlinc.ca\/wp-content\/uploads\/2023\/05\/livraison-scaled.jpg\",\"contentUrl\":\"https:\/\/www.cdlinc.ca\/wp-content\/uploads\/2023\/05\/livraison-scaled.jpg\"},{\"@type\":\"BreadcrumbList\",\"@id\":\"https:\/\/www.cdlinc.ca\/en\/delivery-policy\/#breadcrumb\",\"itemListElement\":[{\"@type\":\"ListItem\",\"position\":1,\"name\":\"Home\",\"item\":\"https:\/\/www.cdlinc.ca\/en\/\"},{\"@type\":\"ListItem\",\"position\":2,\"name\":\"Corporate Delivery Policy\"}]},{\"@type\":\"WebSite\",\"@id\":\"https:\/\/www.cdlinc.ca\/fr\/#website\",\"url\":\"https:\/\/www.cdlinc.ca\/fr\/\",\"name\":\"Les \u00e9quipements d&#039;\u00e9rabli\u00e8re CDL\",\"description\":\"L&#039;ac\u00e9riculture c&#039;est votre passion... Nous aussi.\",\"potentialAction\":[{\"@type\":\"SearchAction\",\"target\":{\"@type\":\"EntryPoint\",\"urlTemplate\":\"https:\/\/www.cdlinc.ca\/fr\/?s={search_term_string}\"},\"query-input\":{\"@type\":\"PropertyValueSpecification\",\"valueRequired\":true,\"valueName\":\"search_term_string\"}}],\"inLanguage\":\"en-CA\"}]}<\/script>\n<!-- \/ Yoast SEO plugin. -->","yoast_head_json":{"title":"Corporate Delivery Policy","robots":{"index":"index","follow":"follow","max-snippet":"max-snippet:-1","max-image-preview":"max-image-preview:large","max-video-preview":"max-video-preview:-1"},"canonical":"https:\/\/www.cdlinc.ca\/en\/delivery-policy\/","og_locale":"en_US","og_type":"article","og_title":"Corporate Delivery Policy","og_description":"Delivery Rates 0 to 80 km: $75 \/ Delivery \/ Per customer (Drop) 81 to 150 km: $150 \/ Delivery \/ Per customer (Drop) 151 to 300 km: $300 \/ Delivery \/ Per customer (Drop) 301 km and more: Case by case Free Shipping To the nearest regional CDL store. If the amount of the [&hellip;]","og_url":"https:\/\/www.cdlinc.ca\/en\/delivery-policy\/","og_site_name":"Les \u00e9quipements d&#039;\u00e9rabli\u00e8re CDL","article_modified_time":"2023-06-08T17:58:09+00:00","og_image":[{"url":"https:\/\/www.cdlinc.ca\/wp-content\/uploads\/2023\/05\/livraison-scaled.jpg","type":"","width":"","height":""}],"twitter_card":"summary_large_image","twitter_misc":{"Est. reading time":"1 minute"},"schema":{"@context":"https:\/\/schema.org","@graph":[{"@type":"WebPage","@id":"https:\/\/www.cdlinc.ca\/en\/delivery-policy\/","url":"https:\/\/www.cdlinc.ca\/en\/delivery-policy\/","name":"Corporate Delivery Policy","isPartOf":{"@id":"https:\/\/www.cdlinc.ca\/fr\/#website"},"primaryImageOfPage":{"@id":"https:\/\/www.cdlinc.ca\/en\/delivery-policy\/#primaryimage"},"image":{"@id":"https:\/\/www.cdlinc.ca\/en\/delivery-policy\/#primaryimage"},"thumbnailUrl":"https:\/\/www.cdlinc.ca\/wp-content\/uploads\/2023\/05\/livraison-scaled.jpg","datePublished":"2023-05-31T13:00:48+00:00","dateModified":"2023-06-08T17:58:09+00:00","breadcrumb":{"@id":"https:\/\/www.cdlinc.ca\/en\/delivery-policy\/#breadcrumb"},"inLanguage":"en-CA","potentialAction":[{"@type":"ReadAction","target":["https:\/\/www.cdlinc.ca\/en\/delivery-policy\/"]}]},{"@type":"ImageObject","inLanguage":"en-CA","@id":"https:\/\/www.cdlinc.ca\/en\/delivery-policy\/#primaryimage","url":"https:\/\/www.cdlinc.ca\/wp-content\/uploads\/2023\/05\/livraison-scaled.jpg","contentUrl":"https:\/\/www.cdlinc.ca\/wp-content\/uploads\/2023\/05\/livraison-scaled.jpg"},{"@type":"BreadcrumbList","@id":"https:\/\/www.cdlinc.ca\/en\/delivery-policy\/#breadcrumb","itemListElement":[{"@type":"ListItem","position":1,"name":"Home","item":"https:\/\/www.cdlinc.ca\/en\/"},{"@type":"ListItem","position":2,"name":"Corporate Delivery Policy"}]},{"@type":"WebSite","@id":"https:\/\/www.cdlinc.ca\/fr\/#website","url":"https:\/\/www.cdlinc.ca\/fr\/","name":"Les \u00e9quipements d&#039;\u00e9rabli\u00e8re CDL","description":"L&#039;ac\u00e9riculture c&#039;est votre passion... Nous aussi.","potentialAction":[{"@type":"SearchAction","target":{"@type":"EntryPoint","urlTemplate":"https:\/\/www.cdlinc.ca\/fr\/?s={search_term_string}"},"query-input":{"@type":"PropertyValueSpecification","valueRequired":true,"valueName":"search_term_string"}}],"inLanguage":"en-CA"}]}},"_links":{"self":[{"href":"https:\/\/www.cdlinc.ca\/en\/wp-json\/wp\/v2\/pages\/9150","targetHints":{"allow":["GET"]}}],"collection":[{"href":"https:\/\/www.cdlinc.ca\/en\/wp-json\/wp\/v2\/pages"}],"about":[{"href":"https:\/\/www.cdlinc.ca\/en\/wp-json\/wp\/v2\/types\/page"}],"author":[{"embeddable":true,"href":"https:\/\/www.cdlinc.ca\/en\/wp-json\/wp\/v2\/users\/10"}],"replies":[{"embeddable":true,"href":"https:\/\/www.cdlinc.ca\/en\/wp-json\/wp\/v2\/comments?post=9150"}],"version-history":[{"count":4,"href":"https:\/\/www.cdlinc.ca\/en\/wp-json\/wp\/v2\/pages\/9150\/revisions"}],"predecessor-version":[{"id":9547,"href":"https:\/\/www.cdlinc.ca\/en\/wp-json\/wp\/v2\/pages\/9150\/revisions\/9547"}],"wp:attachment":[{"href":"https:\/\/www.cdlinc.ca\/en\/wp-json\/wp\/v2\/media?parent=9150"}],"curies":[{"name":"wp","href":"https:\/\/api.w.org\/{rel}","templated":true}]}}