{"id":8830,"date":"2023-04-06T18:31:04","date_gmt":"2023-04-06T17:31:04","guid":{"rendered":"https:\/\/www.cdlinc.ca\/?page_id=8830"},"modified":"2023-04-18T19:02:24","modified_gmt":"2023-04-18T18:02:24","slug":"openhouse","status":"publish","type":"page","link":"https:\/\/www.cdlinc.ca\/en\/openhouse\/","title":{"rendered":"SAVE THE DATE!"},"content":{"rendered":"\n<p>This spring, join us for the return of the biggest maple syrup event in the world with our impressive Open House in St-Lazare-de-Bellechasse and our regional End of Season Customer Appreciation Lunch and Sale!<\/p>\n","protected":false},"excerpt":{"rendered":"This spring, join us for the return of the biggest maple syrup event in the world with our impressive Open House in St-Lazare-de-Bellechasse and our regional End of Season Customer Appreciation Lunch and Sale!","protected":false},"author":10,"featured_media":8938,"parent":0,"menu_order":0,"comment_status":"closed","ping_status":"closed","template":"template-open-house.php","meta":{"_acf_changed":false,"footnotes":""},"class_list":["post-8830","page","type-page","status-publish","has-post-thumbnail","hentry"],"acf":[],"yoast_head":"<!-- This site is optimized with the Yoast SEO plugin v25.2 - https:\/\/yoast.com\/wordpress\/plugins\/seo\/ -->\n<title>SAVE THE DATE!<\/title>\n<meta name=\"robots\" content=\"index, follow, max-snippet:-1, max-image-preview:large, max-video-preview:-1\" \/>\n<link rel=\"canonical\" href=\"https:\/\/www.cdlinc.ca\/en\/openhouse\/\" \/>\n<meta property=\"og:locale\" content=\"en_US\" \/>\n<meta property=\"og:type\" content=\"article\" \/>\n<meta property=\"og:title\" content=\"SAVE THE DATE!\" \/>\n<meta property=\"og:description\" content=\"This spring, join us for the return of the biggest maple syrup event in the world with our impressive Open House in St-Lazare-de-Bellechasse and our regional End of Season Customer Appreciation Lunch and Sale!\" \/>\n<meta property=\"og:url\" content=\"https:\/\/www.cdlinc.ca\/en\/openhouse\/\" \/>\n<meta property=\"og:site_name\" content=\"Les \u00e9quipements d&#039;\u00e9rabli\u00e8re CDL\" \/>\n<meta property=\"article:modified_time\" content=\"2023-04-18T18:02:24+00:00\" \/>\n<meta property=\"og:image\" content=\"https:\/\/www.cdlinc.ca\/wp-content\/uploads\/2023\/04\/bandeau-acericole-en.jpg\" \/>\n\t<meta property=\"og:image:width\" content=\"1920\" \/>\n\t<meta property=\"og:image:height\" content=\"837\" \/>\n\t<meta property=\"og:image:type\" content=\"image\/jpeg\" \/>\n<meta name=\"twitter:card\" content=\"summary_large_image\" \/>\n<meta name=\"twitter:label1\" content=\"Est. reading time\" \/>\n\t<meta name=\"twitter:data1\" content=\"1 minute\" \/>\n<script type=\"application\/ld+json\" class=\"yoast-schema-graph\">{\"@context\":\"https:\/\/schema.org\",\"@graph\":[{\"@type\":\"WebPage\",\"@id\":\"https:\/\/www.cdlinc.ca\/en\/openhouse\/\",\"url\":\"https:\/\/www.cdlinc.ca\/en\/openhouse\/\",\"name\":\"SAVE THE DATE!\",\"isPartOf\":{\"@id\":\"https:\/\/www.cdlinc.ca\/fr\/#website\"},\"primaryImageOfPage\":{\"@id\":\"https:\/\/www.cdlinc.ca\/en\/openhouse\/#primaryimage\"},\"image\":{\"@id\":\"https:\/\/www.cdlinc.ca\/en\/openhouse\/#primaryimage\"},\"thumbnailUrl\":\"https:\/\/www.cdlinc.ca\/wp-content\/uploads\/2023\/04\/bandeau-acericole-en.jpg\",\"datePublished\":\"2023-04-06T17:31:04+00:00\",\"dateModified\":\"2023-04-18T18:02:24+00:00\",\"breadcrumb\":{\"@id\":\"https:\/\/www.cdlinc.ca\/en\/openhouse\/#breadcrumb\"},\"inLanguage\":\"en-CA\",\"potentialAction\":[{\"@type\":\"ReadAction\",\"target\":[\"https:\/\/www.cdlinc.ca\/en\/openhouse\/\"]}]},{\"@type\":\"ImageObject\",\"inLanguage\":\"en-CA\",\"@id\":\"https:\/\/www.cdlinc.ca\/en\/openhouse\/#primaryimage\",\"url\":\"https:\/\/www.cdlinc.ca\/wp-content\/uploads\/2023\/04\/bandeau-acericole-en.jpg\",\"contentUrl\":\"https:\/\/www.cdlinc.ca\/wp-content\/uploads\/2023\/04\/bandeau-acericole-en.jpg\",\"width\":1920,\"height\":837},{\"@type\":\"BreadcrumbList\",\"@id\":\"https:\/\/www.cdlinc.ca\/en\/openhouse\/#breadcrumb\",\"itemListElement\":[{\"@type\":\"ListItem\",\"position\":1,\"name\":\"Home\",\"item\":\"https:\/\/www.cdlinc.ca\/en\/\"},{\"@type\":\"ListItem\",\"position\":2,\"name\":\"SAVE THE DATE!\"}]},{\"@type\":\"WebSite\",\"@id\":\"https:\/\/www.cdlinc.ca\/fr\/#website\",\"url\":\"https:\/\/www.cdlinc.ca\/fr\/\",\"name\":\"Les \u00e9quipements d&#039;\u00e9rabli\u00e8re CDL\",\"description\":\"L&#039;ac\u00e9riculture c&#039;est votre passion... Nous aussi.\",\"potentialAction\":[{\"@type\":\"SearchAction\",\"target\":{\"@type\":\"EntryPoint\",\"urlTemplate\":\"https:\/\/www.cdlinc.ca\/fr\/?s={search_term_string}\"},\"query-input\":{\"@type\":\"PropertyValueSpecification\",\"valueRequired\":true,\"valueName\":\"search_term_string\"}}],\"inLanguage\":\"en-CA\"}]}<\/script>\n<!-- \/ Yoast SEO plugin. -->","yoast_head_json":{"title":"SAVE THE DATE!","robots":{"index":"index","follow":"follow","max-snippet":"max-snippet:-1","max-image-preview":"max-image-preview:large","max-video-preview":"max-video-preview:-1"},"canonical":"https:\/\/www.cdlinc.ca\/en\/openhouse\/","og_locale":"en_US","og_type":"article","og_title":"SAVE THE DATE!","og_description":"This spring, join us for the return of the biggest maple syrup event in the world with our impressive Open House in St-Lazare-de-Bellechasse and our regional End of Season Customer Appreciation Lunch and Sale!","og_url":"https:\/\/www.cdlinc.ca\/en\/openhouse\/","og_site_name":"Les \u00e9quipements d&#039;\u00e9rabli\u00e8re CDL","article_modified_time":"2023-04-18T18:02:24+00:00","og_image":[{"width":1920,"height":837,"url":"https:\/\/www.cdlinc.ca\/wp-content\/uploads\/2023\/04\/bandeau-acericole-en.jpg","type":"image\/jpeg"}],"twitter_card":"summary_large_image","twitter_misc":{"Est. reading time":"1 minute"},"schema":{"@context":"https:\/\/schema.org","@graph":[{"@type":"WebPage","@id":"https:\/\/www.cdlinc.ca\/en\/openhouse\/","url":"https:\/\/www.cdlinc.ca\/en\/openhouse\/","name":"SAVE THE DATE!","isPartOf":{"@id":"https:\/\/www.cdlinc.ca\/fr\/#website"},"primaryImageOfPage":{"@id":"https:\/\/www.cdlinc.ca\/en\/openhouse\/#primaryimage"},"image":{"@id":"https:\/\/www.cdlinc.ca\/en\/openhouse\/#primaryimage"},"thumbnailUrl":"https:\/\/www.cdlinc.ca\/wp-content\/uploads\/2023\/04\/bandeau-acericole-en.jpg","datePublished":"2023-04-06T17:31:04+00:00","dateModified":"2023-04-18T18:02:24+00:00","breadcrumb":{"@id":"https:\/\/www.cdlinc.ca\/en\/openhouse\/#breadcrumb"},"inLanguage":"en-CA","potentialAction":[{"@type":"ReadAction","target":["https:\/\/www.cdlinc.ca\/en\/openhouse\/"]}]},{"@type":"ImageObject","inLanguage":"en-CA","@id":"https:\/\/www.cdlinc.ca\/en\/openhouse\/#primaryimage","url":"https:\/\/www.cdlinc.ca\/wp-content\/uploads\/2023\/04\/bandeau-acericole-en.jpg","contentUrl":"https:\/\/www.cdlinc.ca\/wp-content\/uploads\/2023\/04\/bandeau-acericole-en.jpg","width":1920,"height":837},{"@type":"BreadcrumbList","@id":"https:\/\/www.cdlinc.ca\/en\/openhouse\/#breadcrumb","itemListElement":[{"@type":"ListItem","position":1,"name":"Home","item":"https:\/\/www.cdlinc.ca\/en\/"},{"@type":"ListItem","position":2,"name":"SAVE THE DATE!"}]},{"@type":"WebSite","@id":"https:\/\/www.cdlinc.ca\/fr\/#website","url":"https:\/\/www.cdlinc.ca\/fr\/","name":"Les \u00e9quipements d&#039;\u00e9rabli\u00e8re CDL","description":"L&#039;ac\u00e9riculture c&#039;est votre passion... Nous aussi.","potentialAction":[{"@type":"SearchAction","target":{"@type":"EntryPoint","urlTemplate":"https:\/\/www.cdlinc.ca\/fr\/?s={search_term_string}"},"query-input":{"@type":"PropertyValueSpecification","valueRequired":true,"valueName":"search_term_string"}}],"inLanguage":"en-CA"}]}},"_links":{"self":[{"href":"https:\/\/www.cdlinc.ca\/en\/wp-json\/wp\/v2\/pages\/8830","targetHints":{"allow":["GET"]}}],"collection":[{"href":"https:\/\/www.cdlinc.ca\/en\/wp-json\/wp\/v2\/pages"}],"about":[{"href":"https:\/\/www.cdlinc.ca\/en\/wp-json\/wp\/v2\/types\/page"}],"author":[{"embeddable":true,"href":"https:\/\/www.cdlinc.ca\/en\/wp-json\/wp\/v2\/users\/10"}],"replies":[{"embeddable":true,"href":"https:\/\/www.cdlinc.ca\/en\/wp-json\/wp\/v2\/comments?post=8830"}],"version-history":[{"count":2,"href":"https:\/\/www.cdlinc.ca\/en\/wp-json\/wp\/v2\/pages\/8830\/revisions"}],"predecessor-version":[{"id":8945,"href":"https:\/\/www.cdlinc.ca\/en\/wp-json\/wp\/v2\/pages\/8830\/revisions\/8945"}],"wp:featuredmedia":[{"embeddable":true,"href":"https:\/\/www.cdlinc.ca\/en\/wp-json\/wp\/v2\/media\/8938"}],"wp:attachment":[{"href":"https:\/\/www.cdlinc.ca\/en\/wp-json\/wp\/v2\/media?parent=8830"}],"curies":[{"name":"wp","href":"https:\/\/api.w.org\/{rel}","templated":true}]}}