{"id":6239,"date":"2021-08-30T21:05:03","date_gmt":"2021-08-30T20:05:03","guid":{"rendered":"https:\/\/www.cdlinc.ca\/?page_id=6239\/"},"modified":"2023-06-14T12:11:20","modified_gmt":"2023-06-14T16:11:20","slug":"community","status":"publish","type":"page","link":"https:\/\/www.cdlinc.ca\/en\/community\/","title":{"rendered":"Community involvement"},"content":{"rendered":"<h3>At CDL, we are committed to giving back, which is why we want to be socially involved in our community, especially for causes related to maple syrup production, education, and sports.<\/h3>\n<p><img loading=\"lazy\" decoding=\"async\" width=\"1980\" height=\"706\" class=\"alignnone size-full wp-image-6378\" src=\"https:\/\/www.cdlinc.ca\/wp-content\/uploads\/2021\/08\/implications.jpg\" alt=\"\" srcset=\"https:\/\/www.cdlinc.ca\/wp-content\/uploads\/2021\/08\/implications.jpg 1980w, https:\/\/www.cdlinc.ca\/wp-content\/uploads\/2021\/08\/implications-250x89.jpg 250w, https:\/\/www.cdlinc.ca\/wp-content\/uploads\/2021\/08\/implications-768x274.jpg 768w, https:\/\/www.cdlinc.ca\/wp-content\/uploads\/2021\/08\/implications-700x250.jpg 700w, https:\/\/www.cdlinc.ca\/wp-content\/uploads\/2021\/08\/implications-310x111.jpg 310w, https:\/\/www.cdlinc.ca\/wp-content\/uploads\/2021\/08\/implications-120x43.jpg 120w\" sizes=\"auto, (max-width: 1980px) 100vw, 1980px\" \/><\/p>\n<p><strong>Maple syrup production<\/strong><br \/>\nCDL is a leader in the maple syrup industry and is proud to collaborate on major annual events.<\/p>\n<p><strong>Education<\/strong><br \/>\nCDL supports educational institutions in order to help students in their academic progress, both by donating equipment necessary to understand maple syrup production and by granting scholarships for specialized programs.<\/p>\n<p><strong>Sports<\/strong><br \/>\nCDL is proud to support several local youth sports teams, high performance athletes, and a Paralympic athlete in the pursuit of their passion and career.<\/p>\n<p><strong>Our clients\u2019 projects<\/strong><br \/>\nAt CDL, we help our clients make their volunteer projects in the above fields a success, which proves that we are a partner of choice at all levels in their eyes.<\/p>\n<p><strong>Honorary President of the campaign for Maison Catherine de Longpr\u00e9 <\/strong><br \/>\nVallier Chabot, general manager of CDL, has graciously accepted the title of Honorary President for the 2021 fundraising campaign for the Maison Catherine de Longpr\u00e9, a palliative care home with a human approach that supports and comforts people at the end of life and their loved ones during this difficult time.<\/p>\n<p><img loading=\"lazy\" decoding=\"async\" width=\"1030\" height=\"360\" class=\"alignnone size-full wp-image-6383\" src=\"https:\/\/www.cdlinc.ca\/wp-content\/uploads\/2021\/08\/maison-catherine-en.jpg\" alt=\"\" srcset=\"https:\/\/www.cdlinc.ca\/wp-content\/uploads\/2021\/08\/maison-catherine-en.jpg 1030w, https:\/\/www.cdlinc.ca\/wp-content\/uploads\/2021\/08\/maison-catherine-en-250x87.jpg 250w, https:\/\/www.cdlinc.ca\/wp-content\/uploads\/2021\/08\/maison-catherine-en-768x268.jpg 768w, https:\/\/www.cdlinc.ca\/wp-content\/uploads\/2021\/08\/maison-catherine-en-700x245.jpg 700w, https:\/\/www.cdlinc.ca\/wp-content\/uploads\/2021\/08\/maison-catherine-en-310x108.jpg 310w, https:\/\/www.cdlinc.ca\/wp-content\/uploads\/2021\/08\/maison-catherine-en-120x42.jpg 120w\" sizes=\"auto, (max-width: 1030px) 100vw, 1030px\" \/><\/p>\n<p>If you feel like contributing, please make a donation by cheque to the order of \u201cMaison Catherine de Longpr\u00e9\u201d or online on the foundation\u2019s website: <a href=\"https:\/\/www.maisoncatherinedelongpre.qc.ca\/\">www.maisoncatherinedelongpre.qc.ca<\/a>.<\/p>\n","protected":false},"excerpt":{"rendered":"At CDL, we are committed to giving back, which is why we want to be socially involved in our community, especially for causes related to maple syrup production, education, and sports. Maple syrup production CDL is a leader in the maple syrup industry and is proud to collaborate on major annual events. Education CDL supports [&hellip;]","protected":false},"author":10,"featured_media":0,"parent":0,"menu_order":0,"comment_status":"closed","ping_status":"closed","template":"","meta":{"_acf_changed":false,"footnotes":""},"class_list":["post-6239","page","type-page","status-publish","hentry"],"acf":[],"yoast_head":"<!-- This site is optimized with the Yoast SEO plugin v25.2 - https:\/\/yoast.com\/wordpress\/plugins\/seo\/ -->\n<title>Community involvement<\/title>\n<meta name=\"robots\" content=\"index, follow, max-snippet:-1, max-image-preview:large, max-video-preview:-1\" \/>\n<link rel=\"canonical\" href=\"https:\/\/www.cdlinc.ca\/fr\/implications\/\" \/>\n<meta property=\"og:locale\" content=\"en_US\" \/>\n<meta property=\"og:type\" content=\"article\" \/>\n<meta property=\"og:title\" content=\"Community involvement\" \/>\n<meta property=\"og:description\" content=\"At CDL, we are committed to giving back, which is why we want to be socially involved in our community, especially for causes related to maple syrup production, education, and sports. Maple syrup production CDL is a leader in the maple syrup industry and is proud to collaborate on major annual events. Education CDL supports [&hellip;]\" \/>\n<meta property=\"og:url\" content=\"https:\/\/www.cdlinc.ca\/fr\/implications\/\" \/>\n<meta property=\"og:site_name\" content=\"Les \u00e9quipements d&#039;\u00e9rabli\u00e8re CDL\" \/>\n<meta property=\"article:modified_time\" content=\"2023-06-14T16:11:20+00:00\" \/>\n<meta property=\"og:image\" content=\"https:\/\/www.cdlinc.ca\/wp-content\/uploads\/2021\/08\/implications.jpg\" \/>\n<meta name=\"twitter:card\" content=\"summary_large_image\" \/>\n<meta name=\"twitter:label1\" content=\"Est. reading time\" \/>\n\t<meta name=\"twitter:data1\" content=\"2 minutes\" \/>\n<script type=\"application\/ld+json\" class=\"yoast-schema-graph\">{\"@context\":\"https:\/\/schema.org\",\"@graph\":[{\"@type\":\"WebPage\",\"@id\":\"https:\/\/www.cdlinc.ca\/fr\/implications\/\",\"url\":\"https:\/\/www.cdlinc.ca\/fr\/implications\/\",\"name\":\"Community involvement\",\"isPartOf\":{\"@id\":\"https:\/\/www.cdlinc.ca\/fr\/#website\"},\"primaryImageOfPage\":{\"@id\":\"https:\/\/www.cdlinc.ca\/fr\/implications\/#primaryimage\"},\"image\":{\"@id\":\"https:\/\/www.cdlinc.ca\/fr\/implications\/#primaryimage\"},\"thumbnailUrl\":\"https:\/\/www.cdlinc.ca\/wp-content\/uploads\/2021\/08\/implications.jpg\",\"datePublished\":\"2021-08-30T20:05:03+00:00\",\"dateModified\":\"2023-06-14T16:11:20+00:00\",\"breadcrumb\":{\"@id\":\"https:\/\/www.cdlinc.ca\/fr\/implications\/#breadcrumb\"},\"inLanguage\":\"en-CA\",\"potentialAction\":[{\"@type\":\"ReadAction\",\"target\":[\"https:\/\/www.cdlinc.ca\/fr\/implications\/\"]}]},{\"@type\":\"ImageObject\",\"inLanguage\":\"en-CA\",\"@id\":\"https:\/\/www.cdlinc.ca\/fr\/implications\/#primaryimage\",\"url\":\"https:\/\/www.cdlinc.ca\/wp-content\/uploads\/2021\/08\/implications.jpg\",\"contentUrl\":\"https:\/\/www.cdlinc.ca\/wp-content\/uploads\/2021\/08\/implications.jpg\"},{\"@type\":\"BreadcrumbList\",\"@id\":\"https:\/\/www.cdlinc.ca\/fr\/implications\/#breadcrumb\",\"itemListElement\":[{\"@type\":\"ListItem\",\"position\":1,\"name\":\"Home\",\"item\":\"https:\/\/www.cdlinc.ca\/en\/\"},{\"@type\":\"ListItem\",\"position\":2,\"name\":\"Community involvement\"}]},{\"@type\":\"WebSite\",\"@id\":\"https:\/\/www.cdlinc.ca\/fr\/#website\",\"url\":\"https:\/\/www.cdlinc.ca\/fr\/\",\"name\":\"Les \u00e9quipements d&#039;\u00e9rabli\u00e8re CDL\",\"description\":\"L&#039;ac\u00e9riculture c&#039;est votre passion... Nous aussi.\",\"potentialAction\":[{\"@type\":\"SearchAction\",\"target\":{\"@type\":\"EntryPoint\",\"urlTemplate\":\"https:\/\/www.cdlinc.ca\/fr\/?s={search_term_string}\"},\"query-input\":{\"@type\":\"PropertyValueSpecification\",\"valueRequired\":true,\"valueName\":\"search_term_string\"}}],\"inLanguage\":\"en-CA\"}]}<\/script>\n<!-- \/ Yoast SEO plugin. -->","yoast_head_json":{"title":"Community involvement","robots":{"index":"index","follow":"follow","max-snippet":"max-snippet:-1","max-image-preview":"max-image-preview:large","max-video-preview":"max-video-preview:-1"},"canonical":"https:\/\/www.cdlinc.ca\/fr\/implications\/","og_locale":"en_US","og_type":"article","og_title":"Community involvement","og_description":"At CDL, we are committed to giving back, which is why we want to be socially involved in our community, especially for causes related to maple syrup production, education, and sports. Maple syrup production CDL is a leader in the maple syrup industry and is proud to collaborate on major annual events. Education CDL supports [&hellip;]","og_url":"https:\/\/www.cdlinc.ca\/fr\/implications\/","og_site_name":"Les \u00e9quipements d&#039;\u00e9rabli\u00e8re CDL","article_modified_time":"2023-06-14T16:11:20+00:00","og_image":[{"url":"https:\/\/www.cdlinc.ca\/wp-content\/uploads\/2021\/08\/implications.jpg","type":"","width":"","height":""}],"twitter_card":"summary_large_image","twitter_misc":{"Est. reading time":"2 minutes"},"schema":{"@context":"https:\/\/schema.org","@graph":[{"@type":"WebPage","@id":"https:\/\/www.cdlinc.ca\/fr\/implications\/","url":"https:\/\/www.cdlinc.ca\/fr\/implications\/","name":"Community involvement","isPartOf":{"@id":"https:\/\/www.cdlinc.ca\/fr\/#website"},"primaryImageOfPage":{"@id":"https:\/\/www.cdlinc.ca\/fr\/implications\/#primaryimage"},"image":{"@id":"https:\/\/www.cdlinc.ca\/fr\/implications\/#primaryimage"},"thumbnailUrl":"https:\/\/www.cdlinc.ca\/wp-content\/uploads\/2021\/08\/implications.jpg","datePublished":"2021-08-30T20:05:03+00:00","dateModified":"2023-06-14T16:11:20+00:00","breadcrumb":{"@id":"https:\/\/www.cdlinc.ca\/fr\/implications\/#breadcrumb"},"inLanguage":"en-CA","potentialAction":[{"@type":"ReadAction","target":["https:\/\/www.cdlinc.ca\/fr\/implications\/"]}]},{"@type":"ImageObject","inLanguage":"en-CA","@id":"https:\/\/www.cdlinc.ca\/fr\/implications\/#primaryimage","url":"https:\/\/www.cdlinc.ca\/wp-content\/uploads\/2021\/08\/implications.jpg","contentUrl":"https:\/\/www.cdlinc.ca\/wp-content\/uploads\/2021\/08\/implications.jpg"},{"@type":"BreadcrumbList","@id":"https:\/\/www.cdlinc.ca\/fr\/implications\/#breadcrumb","itemListElement":[{"@type":"ListItem","position":1,"name":"Home","item":"https:\/\/www.cdlinc.ca\/en\/"},{"@type":"ListItem","position":2,"name":"Community involvement"}]},{"@type":"WebSite","@id":"https:\/\/www.cdlinc.ca\/fr\/#website","url":"https:\/\/www.cdlinc.ca\/fr\/","name":"Les \u00e9quipements d&#039;\u00e9rabli\u00e8re CDL","description":"L&#039;ac\u00e9riculture c&#039;est votre passion... Nous aussi.","potentialAction":[{"@type":"SearchAction","target":{"@type":"EntryPoint","urlTemplate":"https:\/\/www.cdlinc.ca\/fr\/?s={search_term_string}"},"query-input":{"@type":"PropertyValueSpecification","valueRequired":true,"valueName":"search_term_string"}}],"inLanguage":"en-CA"}]}},"_links":{"self":[{"href":"https:\/\/www.cdlinc.ca\/en\/wp-json\/wp\/v2\/pages\/6239","targetHints":{"allow":["GET"]}}],"collection":[{"href":"https:\/\/www.cdlinc.ca\/en\/wp-json\/wp\/v2\/pages"}],"about":[{"href":"https:\/\/www.cdlinc.ca\/en\/wp-json\/wp\/v2\/types\/page"}],"author":[{"embeddable":true,"href":"https:\/\/www.cdlinc.ca\/en\/wp-json\/wp\/v2\/users\/10"}],"replies":[{"embeddable":true,"href":"https:\/\/www.cdlinc.ca\/en\/wp-json\/wp\/v2\/comments?post=6239"}],"version-history":[{"count":6,"href":"https:\/\/www.cdlinc.ca\/en\/wp-json\/wp\/v2\/pages\/6239\/revisions"}],"predecessor-version":[{"id":9596,"href":"https:\/\/www.cdlinc.ca\/en\/wp-json\/wp\/v2\/pages\/6239\/revisions\/9596"}],"wp:attachment":[{"href":"https:\/\/www.cdlinc.ca\/en\/wp-json\/wp\/v2\/media?parent=6239"}],"curies":[{"name":"wp","href":"https:\/\/api.w.org\/{rel}","templated":true}]}}