{"id":593,"date":"2017-04-21T14:49:28","date_gmt":"2017-04-21T13:49:28","guid":{"rendered":"https:\/\/www.cdlinc.ca\/politique-de-confidentialite\/"},"modified":"2025-04-25T14:47:42","modified_gmt":"2025-04-25T18:47:42","slug":"politique-de-confidentialite","status":"publish","type":"page","link":"https:\/\/www.cdlinc.ca\/en\/politique-de-confidentialite\/","title":{"rendered":"Personal information protection policy"},"content":{"rendered":"\n<p><strong>LES \u00c9QUIPEMENTS D\u2019\u00c9RABLI\u00c8RE CDL INC. <\/strong>takes the security of data collected from visitors to our website seriously and is concerned about how it treats such information.\u00a0<\/p>\n\n\n\n<p><strong>LES \u00c9QUIPEMENTS D\u2019\u00c9RABLI\u00c8RE CDL INC. <\/strong>processes data collected from visitors to our website in accordance with the Act respecting the protection of personal information in the private sector (the &#8220;Act&#8221;) and other applicable provincial or federal privacy legislation and regulations (collectively, the &#8220;Act&#8221;).&nbsp;<\/p>\n\n\n\n<div style=\"height:20px\" aria-hidden=\"true\" class=\"wp-block-spacer\"><\/div>\n\n\n\n<p><strong>1. Personal information collected&nbsp;<\/strong> <\/p>\n\n\n\n<p>When you browse our website, <strong>LES \u00c9QUIPEMENTS D\u2019\u00c9RABLI\u00c8RE CDL INC. <\/strong>may collect certain personal information about you. Generally, we only collect such personal information when you provide it to us directly and on a voluntary basis.&nbsp;<\/p>\n\n\n\n<p>For the purposes of this Privacy Policy, &#8220;personal information&#8221; means any information about an identifiable individual, as defined in the Privacy Act.&nbsp;<\/p>\n\n\n\n<p><strong>This personal information may include:<\/strong>&nbsp;<\/p>\n\n\n\n<div class=\"wp-block-group\"><div class=\"wp-block-group__inner-container is-layout-constrained wp-block-group-is-layout-constrained\">\n<ul class=\"wp-block-list\">\n<li>your name and address;&nbsp;<\/li>\n\n\n\n<li>your telephone number, mailing address, e-mail address or other personal contact information;&nbsp;<\/li>\n\n\n\n<li>bank details, credit card numbers or other billing information;&nbsp;<\/li>\n\n\n\n<li>the personal data you provide to us as a customer;&nbsp;<\/li>\n\n\n\n<li>details of your visits to our Web sites or other information collected through cookies and other tracking technologies;&nbsp;<\/li>\n\n\n\n<li>technical data, such as the Internet Protocol address (IP address) of your computer, which enables us to obtain more details about the browser and operating system you are using.&nbsp;<\/li>\n\n\n\n<li>recruitment information, including curriculum vitae, educational details and previous work experience;&nbsp;<\/li>\n\n\n\n<li>information you may provide to us in connection with registration and participation in training workshops, seminars, conferences, meetings or other events;&nbsp;<\/li>\n\n\n\n<li>marketing information and communication preferences;&nbsp;<\/li>\n\n\n\n<li>any other personal data you may provide to us.&nbsp;<\/li>\n<\/ul>\n<\/div><\/div>\n\n\n\n<div style=\"height:20px\" aria-hidden=\"true\" class=\"wp-block-spacer\"><\/div>\n\n\n\n<p><strong>2. Use of personal information&nbsp;<\/strong><\/p>\n\n\n\n<p><strong>How is your personal information used?<\/strong>&nbsp;<\/p>\n\n\n\n<p><strong>LES \u00c9QUIPEMENTS D\u2019\u00c9RABLI\u00c8RE CDL INC. <\/strong>collects, uses and discloses personal information about its employees, customers and suppliers in the course of providing its services, conducting its business and, in some cases, to meet legal obligations, including those arising from the Act.&nbsp; The personal information <strong>LES \u00c9QUIPEMENTS D\u2019\u00c9RABLI\u00c8RE CDL INC. <\/strong>collects may also be required to fulfill its contractual obligations to its customers and other third parties.&nbsp;<\/p>\n\n\n\n<p><strong>For example, we collect, use and disclose your personal information for the following purposes:<\/strong>&nbsp;<\/p>\n\n\n\n<ul class=\"wp-block-list\">\n<li>establish and maintain relationships with our customers, suppliers and other partners;&nbsp;<\/li>\n\n\n\n<li>provide professional advice and services, fulfill our professional obligations and avoid conflicts of interest;&nbsp;<\/li>\n\n\n\n<li>disclose personal information to third parties and receive personal information from them in order to provide professional services;&nbsp;<\/li>\n\n\n\n<li>evaluate the opportunity for <strong>LES \u00c9QUIPEMENTS D\u2019\u00c9RABLI\u00c8RE CDL INC.<\/strong>to<strong> <\/strong>establish business relations with potential customers or suppliers, in particular for the purpose of assessing their solvency;&nbsp;<\/li>\n\n\n\n<li>issue invoices, monitor invoicing, collect amounts owed to us and, if necessary, take legal action in connection with such collection;&nbsp;<\/li>\n\n\n\n<li>establish, maintain or terminate an employment or contractual relationship;&nbsp;<\/li>\n\n\n\n<li>analyze the needs and preferences of our customers, suppliers and third parties, and communicate with them in this respect, in particular by means of surveys or evaluations;&nbsp;<\/li>\n\n\n\n<li>develop, improve, market, sell or provide <strong>LES \u00c9QUIPEMENTS D\u2019\u00c9RABLI\u00c8RE CDL INC. <\/strong>services;&nbsp;<\/li>\n\n\n\n<li>distribute our newsletters and other informative communications, as well as information on training workshops, seminars, conferences, meetings and other events;&nbsp;<\/li>\n\n\n\n<li>collect, use and disclose your personal information as permitted by and to comply with legal or regulatory requirements or provisions; and&nbsp;<\/li>\n\n\n\n<li>collect, use and disclose your personal information for any other purposes to which you consent.&nbsp;<\/li>\n<\/ul>\n\n\n\n<div style=\"height:20px\" aria-hidden=\"true\" class=\"wp-block-spacer\"><\/div>\n\n\n\n<p><strong>3. Consent<\/strong><\/p>\n\n\n\n<p><strong>How do you obtain my consent?<\/strong>&nbsp;<\/p>\n\n\n\n<p>Subject to the possibility of obtaining implied consent under the Act, or if the Act provides an applicable exception to obtaining consent, if we collect your personal information for any reason, such as for the purpose of applying for a job as part of a recruitment process, we will ask you directly for your express consent, or we will give you the opportunity to refuse to provide us with your personal information.&nbsp;<\/p>\n\n\n\n<p><strong>How can I withdraw my consent?<\/strong>&nbsp;<\/p>\n\n\n\n<ul class=\"wp-block-list\">\n<li>We offer you the option to unsubscribe or withdraw your consent to future communications with respect to any marketing communications sent to you. If, after you have given us your consent, you change your mind and no longer consent to our contacting you, collecting your information or disclosing it, you may notify us by contacting us at:&nbsp;&nbsp;<\/li>\n\n\n\n<li>Nom : Ressources humaines&nbsp;<\/li>\n\n\n\n<li>Courriel : <a href=\"mailto:renseignementspersonnels@cdlinc.ca\" target=\"_blank\" rel=\"noreferrer noopener\">renseignementspersonnels@cdlinc.ca<\/a>&nbsp;<\/li>\n\n\n\n<li>Num\u00e9ro de t\u00e9l\u00e9phone\u202f: 418-883-5158&nbsp;<\/li>\n\n\n\n<li>or by clicking on the unsubscribe link at the bottom of any e-mail we send you.&nbsp;<\/li>\n<\/ul>\n\n\n\n<div style=\"height:20px\" aria-hidden=\"true\" class=\"wp-block-spacer\"><\/div>\n\n\n\n<p><strong>4. Disclosure<\/strong><\/p>\n\n\n\n<p>We will not disclose, trade or sell your personal information to anyone unless you have expressly authorized us to do so or we are required to do so by law or court order.&nbsp;<\/p>\n\n\n\n<div style=\"height:20px\" aria-hidden=\"true\" class=\"wp-block-spacer\"><\/div>\n\n\n\n<p><strong>5. Links provided by third parties&nbsp;<\/strong><\/p>\n\n\n\n<p>You may leave our Web site by clicking on certain links contained on our sites. If you visit third-party websites from such a link, we recommend that you read their privacy policies carefully before submitting personal data to them. <strong>LES \u00c9QUIPEMENTS D\u2019\u00c9RABLI\u00c8RE CDL INC.<\/strong>isnot responsible for the privacy practices of such other sites.&nbsp;<\/p>\n\n\n\n<div style=\"height:20px\" aria-hidden=\"true\" class=\"wp-block-spacer\"><\/div>\n\n\n\n<p><strong>6. Security&nbsp;<\/strong><\/p>\n\n\n\n<p>To protect your personal data, we take reasonable precautions and follow industry best practices to ensure that it is not lost, misappropriated, accessed, disclosed, altered or destroyed inappropriately.&nbsp;<\/p>\n\n\n\n<p><strong>LES \u00c9QUIPEMENTS D\u2019\u00c9RABLI\u00c8RE CDL INC. <\/strong>ensures that the personal information it collects is as accurate, complete and up-to-date as is necessary for the purposes for which it is to be used. You have the right to request access to the personal information we have collected about you and to correct it if necessary. You may send such a request or any questions or complaints regarding this policy or <strong>LES \u00c9QUIPEMENTS D\u2019\u00c9RABLI\u00c8RE CDL INC.<\/strong>&#8216;s privacy practices to our Privacy Officer by e-mail at:&nbsp;&nbsp;<\/p>\n\n\n\n<ul class=\"wp-block-list\">\n<li>Nom : Ressources humaines&nbsp;<\/li>\n\n\n\n<li>Courriel : <a href=\"mailto:renseignementspersonnels@cdlinc.ca\" target=\"_blank\" rel=\"noreferrer noopener\">renseignementspersonnels@cdlinc.ca<\/a>&nbsp;<\/li>\n\n\n\n<li>Num\u00e9ro de t\u00e9l\u00e9phone\u202f: 418-883-5158&nbsp;<\/li>\n<\/ul>\n\n\n\n<div style=\"height:20px\" aria-hidden=\"true\" class=\"wp-block-spacer\"><\/div>\n\n\n\n<p><strong>7. Cookies&nbsp;<\/strong><\/p>\n\n\n\n<p>Cookies are small data files that a Web site transfers to your computer&#8217;s hard drive. They save your preferences so that your subsequent visits to the Web site run more smoothly. Cookies help us identify you and may be necessary to provide you with the products and services you request. Cookies may record a variety of information, including the number of times you visit a Web site, your purchase history, your registration information and the number of times you visit a page or other element of the Web site. The use of cookies is common practice on most major Web sites to improve customer service. We may use cookies to track your preferences and activities on our Web site: https:\/\/www.cdlinc.ca&nbsp;<\/p>\n\n\n\n<p>Most browsers are designed to accept cookies, but can easily be modified to block them. Your browser&#8217;s help files contain information on blocking cookies, detecting cookies sent to you and disabling cookies. However, if you choose not to accept cookies from our Web site, you may not be able to take full advantage of their functionality. If we use cookies to profile or geo-locate you, we will notify you in advance and do so in accordance with the law.&nbsp;<\/p>\n\n\n\n<div style=\"height:20px\" aria-hidden=\"true\" class=\"wp-block-spacer\"><\/div>\n\n\n\n<p>8. <strong>Changes to this privacy policy<\/strong>&nbsp;<\/p>\n\n\n\n<p>We reserve the right to modify or supplement this privacy policy at any time. We therefore invite you to consult it periodically. Changes and clarifications will take effect immediately upon posting on our website. If we make any changes to the content of this policy, we will notify you here that it has been updated, so that you are aware of what information we collect, how we use it, and under what circumstances, if any, we disclose it.&nbsp;<\/p>\n\n\n\n<div style=\"height:20px\" aria-hidden=\"true\" class=\"wp-block-spacer\"><\/div>\n\n\n\n<p><strong>9. Questions and contact details&nbsp;<\/strong><\/p>\n\n\n\n<p>If you wish to correct, amend or delete any personal information we have about you or access to it, file a complaint, or if you simply want more information, please contact our Privacy Officer at:&nbsp;&nbsp;<\/p>\n\n\n\n<ul class=\"wp-block-list\">\n<li>Nom : Ressources humaines&nbsp;<\/li>\n\n\n\n<li>Courriel : <a href=\"mailto:renseignementspersonnels@cdlinc.ca\" target=\"_blank\" rel=\"noreferrer noopener\">renseignementspersonnels@cdlinc.ca<\/a>&nbsp;<\/li>\n\n\n\n<li>Num\u00e9ro de t\u00e9l\u00e9phone\u202f: 418-883-5158&nbsp;<\/li>\n<\/ul>\n\n\n\n<p>These terms of use were last updated on 2025-03-28&nbsp;<\/p>\n","protected":false},"excerpt":{"rendered":"LES \u00c9QUIPEMENTS D\u2019\u00c9RABLI\u00c8RE CDL INC. takes the security of data collected from visitors to our website seriously and is concerned about how it treats such information.\u00a0 LES \u00c9QUIPEMENTS D\u2019\u00c9RABLI\u00c8RE CDL INC. processes data collected from visitors to our website in accordance with the Act respecting the protection of personal information in the private sector (the [&hellip;]","protected":false},"author":1,"featured_media":0,"parent":0,"menu_order":0,"comment_status":"closed","ping_status":"closed","template":"","meta":{"_acf_changed":false,"footnotes":""},"class_list":["post-593","page","type-page","status-publish","hentry"],"acf":[],"yoast_head":"<!-- This site is optimized with the Yoast SEO plugin v25.2 - https:\/\/yoast.com\/wordpress\/plugins\/seo\/ -->\n<title>Personal information protection policy<\/title>\n<meta name=\"robots\" content=\"index, follow, max-snippet:-1, max-image-preview:large, max-video-preview:-1\" \/>\n<link rel=\"canonical\" href=\"https:\/\/www.cdlinc.ca\/en\/politique-de-confidentialite\/\" \/>\n<meta property=\"og:locale\" content=\"en_US\" \/>\n<meta property=\"og:type\" content=\"article\" \/>\n<meta property=\"og:title\" content=\"Personal information protection policy\" \/>\n<meta property=\"og:description\" content=\"LES \u00c9QUIPEMENTS D\u2019\u00c9RABLI\u00c8RE CDL INC. takes the security of data collected from visitors to our website seriously and is concerned about how it treats such information.\u00a0 LES \u00c9QUIPEMENTS D\u2019\u00c9RABLI\u00c8RE CDL INC. processes data collected from visitors to our website in accordance with the Act respecting the protection of personal information in the private sector (the [&hellip;]\" \/>\n<meta property=\"og:url\" content=\"https:\/\/www.cdlinc.ca\/en\/politique-de-confidentialite\/\" \/>\n<meta property=\"og:site_name\" content=\"Les \u00e9quipements d&#039;\u00e9rabli\u00e8re CDL\" \/>\n<meta property=\"article:modified_time\" content=\"2025-04-25T18:47:42+00:00\" \/>\n<meta property=\"og:image\" content=\"https:\/\/www.cdlinc.ca\/wp-content\/uploads\/2017\/04\/CDL_facebook_share_1200x630.jpg\" \/>\n<meta name=\"twitter:card\" content=\"summary_large_image\" \/>\n<script type=\"application\/ld+json\" class=\"yoast-schema-graph\">{\"@context\":\"https:\/\/schema.org\",\"@graph\":[{\"@type\":\"WebPage\",\"@id\":\"https:\/\/www.cdlinc.ca\/en\/politique-de-confidentialite\/\",\"url\":\"https:\/\/www.cdlinc.ca\/en\/politique-de-confidentialite\/\",\"name\":\"Personal information protection policy\",\"isPartOf\":{\"@id\":\"https:\/\/www.cdlinc.ca\/fr\/#website\"},\"datePublished\":\"2017-04-21T13:49:28+00:00\",\"dateModified\":\"2025-04-25T18:47:42+00:00\",\"breadcrumb\":{\"@id\":\"https:\/\/www.cdlinc.ca\/en\/politique-de-confidentialite\/#breadcrumb\"},\"inLanguage\":\"en-CA\",\"potentialAction\":[{\"@type\":\"ReadAction\",\"target\":[\"https:\/\/www.cdlinc.ca\/en\/politique-de-confidentialite\/\"]}]},{\"@type\":\"BreadcrumbList\",\"@id\":\"https:\/\/www.cdlinc.ca\/en\/politique-de-confidentialite\/#breadcrumb\",\"itemListElement\":[{\"@type\":\"ListItem\",\"position\":1,\"name\":\"Home\",\"item\":\"https:\/\/www.cdlinc.ca\/en\/\"},{\"@type\":\"ListItem\",\"position\":2,\"name\":\"Personal information protection policy\"}]},{\"@type\":\"WebSite\",\"@id\":\"https:\/\/www.cdlinc.ca\/fr\/#website\",\"url\":\"https:\/\/www.cdlinc.ca\/fr\/\",\"name\":\"Les \u00e9quipements d&#039;\u00e9rabli\u00e8re CDL\",\"description\":\"L&#039;ac\u00e9riculture c&#039;est votre passion... Nous aussi.\",\"potentialAction\":[{\"@type\":\"SearchAction\",\"target\":{\"@type\":\"EntryPoint\",\"urlTemplate\":\"https:\/\/www.cdlinc.ca\/fr\/?s={search_term_string}\"},\"query-input\":{\"@type\":\"PropertyValueSpecification\",\"valueRequired\":true,\"valueName\":\"search_term_string\"}}],\"inLanguage\":\"en-CA\"}]}<\/script>\n<!-- \/ Yoast SEO plugin. -->","yoast_head_json":{"title":"Personal information protection policy","robots":{"index":"index","follow":"follow","max-snippet":"max-snippet:-1","max-image-preview":"max-image-preview:large","max-video-preview":"max-video-preview:-1"},"canonical":"https:\/\/www.cdlinc.ca\/en\/politique-de-confidentialite\/","og_locale":"en_US","og_type":"article","og_title":"Personal information protection policy","og_description":"LES \u00c9QUIPEMENTS D\u2019\u00c9RABLI\u00c8RE CDL INC. takes the security of data collected from visitors to our website seriously and is concerned about how it treats such information.\u00a0 LES \u00c9QUIPEMENTS D\u2019\u00c9RABLI\u00c8RE CDL INC. processes data collected from visitors to our website in accordance with the Act respecting the protection of personal information in the private sector (the [&hellip;]","og_url":"https:\/\/www.cdlinc.ca\/en\/politique-de-confidentialite\/","og_site_name":"Les \u00e9quipements d&#039;\u00e9rabli\u00e8re CDL","article_modified_time":"2025-04-25T18:47:42+00:00","og_image":[{"url":"https:\/\/www.cdlinc.ca\/wp-content\/uploads\/2017\/04\/CDL_facebook_share_1200x630.jpg","type":"","width":"","height":""}],"twitter_card":"summary_large_image","schema":{"@context":"https:\/\/schema.org","@graph":[{"@type":"WebPage","@id":"https:\/\/www.cdlinc.ca\/en\/politique-de-confidentialite\/","url":"https:\/\/www.cdlinc.ca\/en\/politique-de-confidentialite\/","name":"Personal information protection policy","isPartOf":{"@id":"https:\/\/www.cdlinc.ca\/fr\/#website"},"datePublished":"2017-04-21T13:49:28+00:00","dateModified":"2025-04-25T18:47:42+00:00","breadcrumb":{"@id":"https:\/\/www.cdlinc.ca\/en\/politique-de-confidentialite\/#breadcrumb"},"inLanguage":"en-CA","potentialAction":[{"@type":"ReadAction","target":["https:\/\/www.cdlinc.ca\/en\/politique-de-confidentialite\/"]}]},{"@type":"BreadcrumbList","@id":"https:\/\/www.cdlinc.ca\/en\/politique-de-confidentialite\/#breadcrumb","itemListElement":[{"@type":"ListItem","position":1,"name":"Home","item":"https:\/\/www.cdlinc.ca\/en\/"},{"@type":"ListItem","position":2,"name":"Personal information protection policy"}]},{"@type":"WebSite","@id":"https:\/\/www.cdlinc.ca\/fr\/#website","url":"https:\/\/www.cdlinc.ca\/fr\/","name":"Les \u00e9quipements d&#039;\u00e9rabli\u00e8re CDL","description":"L&#039;ac\u00e9riculture c&#039;est votre passion... Nous aussi.","potentialAction":[{"@type":"SearchAction","target":{"@type":"EntryPoint","urlTemplate":"https:\/\/www.cdlinc.ca\/fr\/?s={search_term_string}"},"query-input":{"@type":"PropertyValueSpecification","valueRequired":true,"valueName":"search_term_string"}}],"inLanguage":"en-CA"}]}},"_links":{"self":[{"href":"https:\/\/www.cdlinc.ca\/en\/wp-json\/wp\/v2\/pages\/593","targetHints":{"allow":["GET"]}}],"collection":[{"href":"https:\/\/www.cdlinc.ca\/en\/wp-json\/wp\/v2\/pages"}],"about":[{"href":"https:\/\/www.cdlinc.ca\/en\/wp-json\/wp\/v2\/types\/page"}],"author":[{"embeddable":true,"href":"https:\/\/www.cdlinc.ca\/en\/wp-json\/wp\/v2\/users\/1"}],"replies":[{"embeddable":true,"href":"https:\/\/www.cdlinc.ca\/en\/wp-json\/wp\/v2\/comments?post=593"}],"version-history":[{"count":5,"href":"https:\/\/www.cdlinc.ca\/en\/wp-json\/wp\/v2\/pages\/593\/revisions"}],"predecessor-version":[{"id":13080,"href":"https:\/\/www.cdlinc.ca\/en\/wp-json\/wp\/v2\/pages\/593\/revisions\/13080"}],"wp:attachment":[{"href":"https:\/\/www.cdlinc.ca\/en\/wp-json\/wp\/v2\/media?parent=593"}],"curies":[{"name":"wp","href":"https:\/\/api.w.org\/{rel}","templated":true}]}}