{"id":5848,"date":"2021-04-22T15:09:50","date_gmt":"2021-04-22T14:09:50","guid":{"rendered":"https:\/\/www.cdlinc.ca\/?page_id=5848\/"},"modified":"2025-04-25T11:01:03","modified_gmt":"2025-04-25T15:01:03","slug":"cdl-magazine","status":"publish","type":"page","link":"https:\/\/www.cdlinc.ca\/en\/cdl-magazine\/","title":{"rendered":"CDL&#8217;s Way Magazine"},"content":{"rendered":"\n<p>Named&nbsp;<strong><em>CDL&#8217;s Way<\/em><\/strong>, its purpose is to introduce customers to new CDL technologies and trends in maple syrup production through articles and expert and customer testimonials.<\/p>\n\n\n\n<p>The CDL magazine is available in all local CDL stores.<\/p>\n\n\n\n<div class=\"wp-block-media-text alignwide is-stacked-on-mobile\" style=\"grid-template-columns:40% auto\"><figure class=\"wp-block-media-text__media\"><a href=\"https:\/\/www.cdlinc.ca\/wp-content\/themes\/cdl\/assets\/pdf\/magazine-en-2025.pdf\"><img loading=\"lazy\" decoding=\"async\" width=\"700\" height=\"906\" src=\"https:\/\/www.cdlinc.ca\/wp-content\/uploads\/2025\/04\/img-magazine-en-2025-700x906.jpg\" alt=\"\" class=\"wp-image-12672 size-full\" srcset=\"https:\/\/www.cdlinc.ca\/wp-content\/uploads\/2025\/04\/img-magazine-en-2025-700x906.jpg 700w, https:\/\/www.cdlinc.ca\/wp-content\/uploads\/2025\/04\/img-magazine-en-2025-250x324.jpg 250w, https:\/\/www.cdlinc.ca\/wp-content\/uploads\/2025\/04\/img-magazine-en-2025-768x994.jpg 768w, https:\/\/www.cdlinc.ca\/wp-content\/uploads\/2025\/04\/img-magazine-en-2025-310x401.jpg 310w, https:\/\/www.cdlinc.ca\/wp-content\/uploads\/2025\/04\/img-magazine-en-2025-120x155.jpg 120w, https:\/\/www.cdlinc.ca\/wp-content\/uploads\/2025\/04\/img-magazine-en-2025.jpg 791w\" sizes=\"auto, (max-width: 700px) 100vw, 700px\" \/><\/a><\/figure><div class=\"wp-block-media-text__content\">\n<div class=\"wp-block-buttons is-layout-flex wp-block-buttons-is-layout-flex\">\n<div class=\"wp-block-button\"><a class=\"wp-block-button__link wp-element-button\" href=\"https:\/\/www.cdlinc.ca\/wp-content\/themes\/cdl\/assets\/pdf\/magazine-en-2025.pdf\">Fifth edition &#8211; 2025<\/a><\/div>\n<\/div>\n<\/div><\/div>\n\n\n\n<div style=\"height:40px\" aria-hidden=\"true\" class=\"wp-block-spacer\"><\/div>\n\n\n\n<div class=\"wp-block-media-text alignwide is-stacked-on-mobile\" style=\"grid-template-columns:40% auto\"><figure class=\"wp-block-media-text__media\"><a href=\"https:\/\/www.cdlinc.ca\/wp-content\/uploads\/2024\/04\/2024_CDLs_Way_EN.pdf\"><img loading=\"lazy\" decoding=\"async\" width=\"612\" height=\"792\" src=\"https:\/\/www.cdlinc.ca\/wp-content\/uploads\/2024\/04\/2024-CDLs-Way-CAN-Cover.jpg\" alt=\"\" class=\"wp-image-10727 size-full\" srcset=\"https:\/\/www.cdlinc.ca\/wp-content\/uploads\/2024\/04\/2024-CDLs-Way-CAN-Cover.jpg 612w, https:\/\/www.cdlinc.ca\/wp-content\/uploads\/2024\/04\/2024-CDLs-Way-CAN-Cover-250x324.jpg 250w, https:\/\/www.cdlinc.ca\/wp-content\/uploads\/2024\/04\/2024-CDLs-Way-CAN-Cover-310x401.jpg 310w, https:\/\/www.cdlinc.ca\/wp-content\/uploads\/2024\/04\/2024-CDLs-Way-CAN-Cover-120x155.jpg 120w\" sizes=\"auto, (max-width: 612px) 100vw, 612px\" \/><\/a><\/figure><div class=\"wp-block-media-text__content\">\n<div class=\"wp-block-buttons is-layout-flex wp-block-buttons-is-layout-flex\">\n<div class=\"wp-block-button\"><a class=\"wp-block-button__link wp-element-button\" href=\"https:\/\/www.cdlinc.ca\/wp-content\/uploads\/2024\/04\/2024_CDLs_Way_EN.pdf\">Fourth edition &#8211; 2024<\/a><\/div>\n<\/div>\n<\/div><\/div>\n\n\n\n<div style=\"height:53px\" aria-hidden=\"true\" class=\"wp-block-spacer\"><\/div>\n\n\n\n<div class=\"wp-block-media-text alignwide is-stacked-on-mobile\" style=\"grid-template-columns:40% auto\"><figure class=\"wp-block-media-text__media\"><a href=\"https:\/\/www.cdlinc.ca\/wp-content\/uploads\/2023\/04\/2023_CDLs_Way.pdf\"><img loading=\"lazy\" decoding=\"async\" width=\"612\" height=\"792\" src=\"https:\/\/www.cdlinc.ca\/wp-content\/uploads\/2023\/04\/2023_CDLs_Way.jpg\" alt=\"\" class=\"wp-image-8971 size-full\" srcset=\"https:\/\/www.cdlinc.ca\/wp-content\/uploads\/2023\/04\/2023_CDLs_Way.jpg 612w, https:\/\/www.cdlinc.ca\/wp-content\/uploads\/2023\/04\/2023_CDLs_Way-250x324.jpg 250w, https:\/\/www.cdlinc.ca\/wp-content\/uploads\/2023\/04\/2023_CDLs_Way-310x401.jpg 310w, https:\/\/www.cdlinc.ca\/wp-content\/uploads\/2023\/04\/2023_CDLs_Way-120x155.jpg 120w\" sizes=\"auto, (max-width: 612px) 100vw, 612px\" \/><\/a><\/figure><div class=\"wp-block-media-text__content\">\n<div class=\"wp-block-buttons is-layout-flex wp-block-buttons-is-layout-flex\">\n<div class=\"wp-block-button\"><a class=\"wp-block-button__link wp-element-button\" href=\"https:\/\/www.cdlinc.ca\/wp-content\/uploads\/2023\/04\/2023_CDLs_Way.pdf\">Third edition &#8211; 2023<\/a><\/div>\n<\/div>\n<\/div><\/div>\n\n\n\n<div style=\"height:53px\" aria-hidden=\"true\" class=\"wp-block-spacer\"><\/div>\n\n\n\n<div class=\"wp-block-media-text alignwide is-stacked-on-mobile\" style=\"grid-template-columns:40% auto\"><figure class=\"wp-block-media-text__media\"><a href=\"https:\/\/www.cdlinc.ca\/wp-content\/uploads\/2022\/05\/CDL_Way_2edition.pdf\"><img loading=\"lazy\" decoding=\"async\" width=\"612\" height=\"792\" src=\"https:\/\/www.cdlinc.ca\/wp-content\/uploads\/2022\/05\/2022-mag.jpg\" alt=\"\" class=\"wp-image-7442 size-full\" srcset=\"https:\/\/www.cdlinc.ca\/wp-content\/uploads\/2022\/05\/2022-mag.jpg 612w, https:\/\/www.cdlinc.ca\/wp-content\/uploads\/2022\/05\/2022-mag-250x324.jpg 250w, https:\/\/www.cdlinc.ca\/wp-content\/uploads\/2022\/05\/2022-mag-310x401.jpg 310w, https:\/\/www.cdlinc.ca\/wp-content\/uploads\/2022\/05\/2022-mag-120x155.jpg 120w\" sizes=\"auto, (max-width: 612px) 100vw, 612px\" \/><\/a><\/figure><div class=\"wp-block-media-text__content\">\n<div class=\"wp-block-buttons is-layout-flex wp-block-buttons-is-layout-flex\">\n<div class=\"wp-block-button\"><a class=\"wp-block-button__link wp-element-button\" href=\"https:\/\/www.cdlinc.ca\/wp-content\/uploads\/2022\/05\/CDL_Way_2edition.pdf\">Second edition &#8211; 2022<\/a><\/div>\n<\/div>\n<\/div><\/div>\n\n\n\n<div style=\"height:53px\" aria-hidden=\"true\" class=\"wp-block-spacer\"><\/div>\n\n\n\n<div class=\"wp-block-media-text alignwide is-stacked-on-mobile\" style=\"grid-template-columns:40% auto\"><figure class=\"wp-block-media-text__media\"><a href=\"https:\/\/www.cdlinc.ca\/wp-content\/uploads\/2022\/05\/CDL_Way_1edition.pdf\"><img loading=\"lazy\" decoding=\"async\" width=\"612\" height=\"792\" src=\"https:\/\/www.cdlinc.ca\/wp-content\/uploads\/2022\/05\/2021-mag.jpg\" alt=\"\" class=\"wp-image-7439 size-full\" srcset=\"https:\/\/www.cdlinc.ca\/wp-content\/uploads\/2022\/05\/2021-mag.jpg 612w, https:\/\/www.cdlinc.ca\/wp-content\/uploads\/2022\/05\/2021-mag-250x324.jpg 250w, https:\/\/www.cdlinc.ca\/wp-content\/uploads\/2022\/05\/2021-mag-310x401.jpg 310w, https:\/\/www.cdlinc.ca\/wp-content\/uploads\/2022\/05\/2021-mag-120x155.jpg 120w\" sizes=\"auto, (max-width: 612px) 100vw, 612px\" \/><\/a><\/figure><div class=\"wp-block-media-text__content\">\n<div class=\"wp-block-buttons is-layout-flex wp-block-buttons-is-layout-flex\">\n<div class=\"wp-block-button\"><a class=\"wp-block-button__link wp-element-button\" href=\"https:\/\/www.cdlinc.ca\/wp-content\/uploads\/2022\/05\/CDL_Way_1edition.pdf\">First edition &#8211; 2021<\/a><\/div>\n<\/div>\n<\/div><\/div>\n","protected":false},"excerpt":{"rendered":"Named&nbsp;CDL&#8217;s Way, its purpose is to introduce customers to new CDL technologies and trends in maple syrup production through articles and expert and customer testimonials. The CDL magazine is available in all local CDL stores.","protected":false},"author":10,"featured_media":0,"parent":0,"menu_order":0,"comment_status":"closed","ping_status":"closed","template":"","meta":{"_acf_changed":false,"footnotes":""},"class_list":["post-5848","page","type-page","status-publish","hentry"],"acf":[],"yoast_head":"<!-- This site is optimized with the Yoast SEO plugin v25.2 - https:\/\/yoast.com\/wordpress\/plugins\/seo\/ -->\n<title>CDL&#039;s Way Magazine<\/title>\n<meta name=\"robots\" content=\"index, follow, max-snippet:-1, max-image-preview:large, max-video-preview:-1\" \/>\n<link rel=\"canonical\" href=\"https:\/\/www.cdlinc.ca\/en\/cdl-magazine\/\" \/>\n<meta property=\"og:locale\" content=\"en_US\" \/>\n<meta property=\"og:type\" content=\"article\" \/>\n<meta property=\"og:title\" content=\"CDL&#039;s Way Magazine\" \/>\n<meta property=\"og:description\" content=\"Named&nbsp;CDL&#8217;s Way, its purpose is to introduce customers to new CDL technologies and trends in maple syrup production through articles and expert and customer testimonials. The CDL magazine is available in all local CDL stores.\" \/>\n<meta property=\"og:url\" content=\"https:\/\/www.cdlinc.ca\/en\/cdl-magazine\/\" \/>\n<meta property=\"og:site_name\" content=\"Les \u00e9quipements d&#039;\u00e9rabli\u00e8re CDL\" \/>\n<meta property=\"article:modified_time\" content=\"2025-04-25T15:01:03+00:00\" \/>\n<meta property=\"og:image\" content=\"https:\/\/www.cdlinc.ca\/wp-content\/uploads\/2025\/04\/img-magazine-en-2025-700x906.jpg\" \/>\n<meta name=\"twitter:card\" content=\"summary_large_image\" \/>\n<meta name=\"twitter:label1\" content=\"Est. reading time\" \/>\n\t<meta name=\"twitter:data1\" content=\"2 minutes\" \/>\n<script type=\"application\/ld+json\" class=\"yoast-schema-graph\">{\"@context\":\"https:\/\/schema.org\",\"@graph\":[{\"@type\":\"WebPage\",\"@id\":\"https:\/\/www.cdlinc.ca\/en\/cdl-magazine\/\",\"url\":\"https:\/\/www.cdlinc.ca\/en\/cdl-magazine\/\",\"name\":\"CDL's Way Magazine\",\"isPartOf\":{\"@id\":\"https:\/\/www.cdlinc.ca\/fr\/#website\"},\"primaryImageOfPage\":{\"@id\":\"https:\/\/www.cdlinc.ca\/en\/cdl-magazine\/#primaryimage\"},\"image\":{\"@id\":\"https:\/\/www.cdlinc.ca\/en\/cdl-magazine\/#primaryimage\"},\"thumbnailUrl\":\"https:\/\/www.cdlinc.ca\/wp-content\/uploads\/2025\/04\/img-magazine-en-2025-700x906.jpg\",\"datePublished\":\"2021-04-22T14:09:50+00:00\",\"dateModified\":\"2025-04-25T15:01:03+00:00\",\"breadcrumb\":{\"@id\":\"https:\/\/www.cdlinc.ca\/en\/cdl-magazine\/#breadcrumb\"},\"inLanguage\":\"en-CA\",\"potentialAction\":[{\"@type\":\"ReadAction\",\"target\":[\"https:\/\/www.cdlinc.ca\/en\/cdl-magazine\/\"]}]},{\"@type\":\"ImageObject\",\"inLanguage\":\"en-CA\",\"@id\":\"https:\/\/www.cdlinc.ca\/en\/cdl-magazine\/#primaryimage\",\"url\":\"https:\/\/www.cdlinc.ca\/wp-content\/uploads\/2025\/04\/img-magazine-en-2025-700x906.jpg\",\"contentUrl\":\"https:\/\/www.cdlinc.ca\/wp-content\/uploads\/2025\/04\/img-magazine-en-2025-700x906.jpg\"},{\"@type\":\"BreadcrumbList\",\"@id\":\"https:\/\/www.cdlinc.ca\/en\/cdl-magazine\/#breadcrumb\",\"itemListElement\":[{\"@type\":\"ListItem\",\"position\":1,\"name\":\"Home\",\"item\":\"https:\/\/www.cdlinc.ca\/en\/\"},{\"@type\":\"ListItem\",\"position\":2,\"name\":\"CDL&rsquo;s Way Magazine\"}]},{\"@type\":\"WebSite\",\"@id\":\"https:\/\/www.cdlinc.ca\/fr\/#website\",\"url\":\"https:\/\/www.cdlinc.ca\/fr\/\",\"name\":\"Les \u00e9quipements d&#039;\u00e9rabli\u00e8re CDL\",\"description\":\"L&#039;ac\u00e9riculture c&#039;est votre passion... Nous aussi.\",\"potentialAction\":[{\"@type\":\"SearchAction\",\"target\":{\"@type\":\"EntryPoint\",\"urlTemplate\":\"https:\/\/www.cdlinc.ca\/fr\/?s={search_term_string}\"},\"query-input\":{\"@type\":\"PropertyValueSpecification\",\"valueRequired\":true,\"valueName\":\"search_term_string\"}}],\"inLanguage\":\"en-CA\"}]}<\/script>\n<!-- \/ Yoast SEO plugin. -->","yoast_head_json":{"title":"CDL's Way Magazine","robots":{"index":"index","follow":"follow","max-snippet":"max-snippet:-1","max-image-preview":"max-image-preview:large","max-video-preview":"max-video-preview:-1"},"canonical":"https:\/\/www.cdlinc.ca\/en\/cdl-magazine\/","og_locale":"en_US","og_type":"article","og_title":"CDL's Way Magazine","og_description":"Named&nbsp;CDL&#8217;s Way, its purpose is to introduce customers to new CDL technologies and trends in maple syrup production through articles and expert and customer testimonials. The CDL magazine is available in all local CDL stores.","og_url":"https:\/\/www.cdlinc.ca\/en\/cdl-magazine\/","og_site_name":"Les \u00e9quipements d&#039;\u00e9rabli\u00e8re CDL","article_modified_time":"2025-04-25T15:01:03+00:00","og_image":[{"url":"https:\/\/www.cdlinc.ca\/wp-content\/uploads\/2025\/04\/img-magazine-en-2025-700x906.jpg","type":"","width":"","height":""}],"twitter_card":"summary_large_image","twitter_misc":{"Est. reading time":"2 minutes"},"schema":{"@context":"https:\/\/schema.org","@graph":[{"@type":"WebPage","@id":"https:\/\/www.cdlinc.ca\/en\/cdl-magazine\/","url":"https:\/\/www.cdlinc.ca\/en\/cdl-magazine\/","name":"CDL's Way Magazine","isPartOf":{"@id":"https:\/\/www.cdlinc.ca\/fr\/#website"},"primaryImageOfPage":{"@id":"https:\/\/www.cdlinc.ca\/en\/cdl-magazine\/#primaryimage"},"image":{"@id":"https:\/\/www.cdlinc.ca\/en\/cdl-magazine\/#primaryimage"},"thumbnailUrl":"https:\/\/www.cdlinc.ca\/wp-content\/uploads\/2025\/04\/img-magazine-en-2025-700x906.jpg","datePublished":"2021-04-22T14:09:50+00:00","dateModified":"2025-04-25T15:01:03+00:00","breadcrumb":{"@id":"https:\/\/www.cdlinc.ca\/en\/cdl-magazine\/#breadcrumb"},"inLanguage":"en-CA","potentialAction":[{"@type":"ReadAction","target":["https:\/\/www.cdlinc.ca\/en\/cdl-magazine\/"]}]},{"@type":"ImageObject","inLanguage":"en-CA","@id":"https:\/\/www.cdlinc.ca\/en\/cdl-magazine\/#primaryimage","url":"https:\/\/www.cdlinc.ca\/wp-content\/uploads\/2025\/04\/img-magazine-en-2025-700x906.jpg","contentUrl":"https:\/\/www.cdlinc.ca\/wp-content\/uploads\/2025\/04\/img-magazine-en-2025-700x906.jpg"},{"@type":"BreadcrumbList","@id":"https:\/\/www.cdlinc.ca\/en\/cdl-magazine\/#breadcrumb","itemListElement":[{"@type":"ListItem","position":1,"name":"Home","item":"https:\/\/www.cdlinc.ca\/en\/"},{"@type":"ListItem","position":2,"name":"CDL&rsquo;s Way Magazine"}]},{"@type":"WebSite","@id":"https:\/\/www.cdlinc.ca\/fr\/#website","url":"https:\/\/www.cdlinc.ca\/fr\/","name":"Les \u00e9quipements d&#039;\u00e9rabli\u00e8re CDL","description":"L&#039;ac\u00e9riculture c&#039;est votre passion... Nous aussi.","potentialAction":[{"@type":"SearchAction","target":{"@type":"EntryPoint","urlTemplate":"https:\/\/www.cdlinc.ca\/fr\/?s={search_term_string}"},"query-input":{"@type":"PropertyValueSpecification","valueRequired":true,"valueName":"search_term_string"}}],"inLanguage":"en-CA"}]}},"_links":{"self":[{"href":"https:\/\/www.cdlinc.ca\/en\/wp-json\/wp\/v2\/pages\/5848","targetHints":{"allow":["GET"]}}],"collection":[{"href":"https:\/\/www.cdlinc.ca\/en\/wp-json\/wp\/v2\/pages"}],"about":[{"href":"https:\/\/www.cdlinc.ca\/en\/wp-json\/wp\/v2\/types\/page"}],"author":[{"embeddable":true,"href":"https:\/\/www.cdlinc.ca\/en\/wp-json\/wp\/v2\/users\/10"}],"replies":[{"embeddable":true,"href":"https:\/\/www.cdlinc.ca\/en\/wp-json\/wp\/v2\/comments?post=5848"}],"version-history":[{"count":27,"href":"https:\/\/www.cdlinc.ca\/en\/wp-json\/wp\/v2\/pages\/5848\/revisions"}],"predecessor-version":[{"id":13079,"href":"https:\/\/www.cdlinc.ca\/en\/wp-json\/wp\/v2\/pages\/5848\/revisions\/13079"}],"wp:attachment":[{"href":"https:\/\/www.cdlinc.ca\/en\/wp-json\/wp\/v2\/media?parent=5848"}],"curies":[{"name":"wp","href":"https:\/\/api.w.org\/{rel}","templated":true}]}}