{"id":584,"date":"2017-05-16T01:27:01","date_gmt":"2017-05-16T00:27:01","guid":{"rendered":"https:\/\/www.cdlinc.ca\/?page_id=584\/"},"modified":"2026-04-07T16:23:19","modified_gmt":"2026-04-07T20:23:19","slug":"user-manuals","status":"publish","type":"page","link":"https:\/\/www.cdlinc.ca\/en\/user-manuals\/","title":{"rendered":"User Manuals"},"content":{"rendered":"<p>Some of CDL user manuals available online<\/p>\n<h3>ATAGO &#8211; CONTINUOUS BRIX READER<\/h3>\n<p><a href=\"https:\/\/www.cdlinc.ca\/wp-content\/uploads\/2018\/05\/MAN-668421-MAN-EN-CONTINUOUS-BRIX-READER-REV002.pdf\">Continuous Brix Reader<\/a><\/p>\n<h3>WOOD EVAPORATORS<\/h3>\n<p><a href=\"https:\/\/www.cdlinc.ca\/wp-content\/uploads\/2022\/05\/Traditional_Evaporator.pdf\">The Traditional<\/a><\/p>\n<p><a href=\"https:\/\/acrobat.adobe.com\/link\/review?uri=urn:aaid:scds:US:008839a7-e7cd-3c67-8433-5bc911188377\">Chinook<\/a><\/p>\n<p><a href=\"https:\/\/www.cdlinc.ca\/wp-content\/uploads\/2024\/06\/Intens-O-Fire2_owners-manual-2024.pdf\">Intens-O-Fire 2 (high efficiency)<\/a><\/p>\n<p><a href=\"\/wp-content\/uploads\/2017\/05\/briquetage-2x4-econo-anglais-revis\u00e9-23-nov-1016.pdf\">Bricking Instruction 2X4<\/a><\/p>\n<p><a href=\"https:\/\/www.cdlinc.ca\/wp-content\/uploads\/2018\/05\/Bricking-instructions-1.1-EN_low.pdf\">Bricking Instructions (Intens-O-Fire and Chinook)<\/a><\/p>\n<p><a href=\"https:\/\/www.cdlinc.ca\/wp-content\/uploads\/2022\/01\/Venturi_Evaporator_Manual.pdf\">Venturi<\/a><\/p>\n<p><a href=\"https:\/\/www.cdlinc.ca\/wp-content\/uploads\/2022\/01\/HobbyPro_user-manual.pdf\">Hobby Pro Evaporator<\/a><\/p>\n<p><a href=\"https:\/\/www.cdlinc.ca\/wp-content\/uploads\/2022\/02\/HobbyPro_user-manual-steel_version.pdf\">Hobby Pro Evaporator (steel version)<\/a><\/p>\n<p><a href=\"https:\/\/www.cdlinc.ca\/wp-content\/uploads\/2023\/11\/HobbyPro2x4_Manual.pdf\">Hobby Pro 2&#215;4 Evaporator<\/a><\/p>\n<h3>WOOD PELLET &amp; WOOD CHIP EVAPORATORS<\/h3>\n<p><a href=\"\/wp-content\/uploads\/2017\/05\/owners-manual-sirocco-anglais.pdf\">Sirocco<\/a><\/p>\n<p><a href=\"https:\/\/www.cdlinc.ca\/wp-content\/uploads\/2025\/07\/MAN-67RA550001-MAN-EN-WOOD-CHIP-FEEDER-REV00.pdf\">Wood chip feeder<\/a><\/p>\n<h3>OIL FIRED EVAPORATORS<\/h3>\n<p><a href=\"\/wp-content\/uploads\/2017\/05\/x-owners-manual-tornado-anglais.pdf\">Tornado<\/a><\/p>\n<p><a href=\"https:\/\/www.cdlinc.ca\/wp-content\/uploads\/2020\/08\/The-Deluxe-Oil-Evaporator.pdf\">Deluxe Oil Evaporator<\/a><\/p>\n<p><a href=\"https:\/\/www.cdlinc.ca\/wp-content\/uploads\/2024\/10\/MAN-670ZZZZD-MAN-EN-DELUXE-EVAPORATOR-REV00.pdf\">Deluxe Oil Evaporator 2025<\/a><\/p>\n<h3>EVAPORATOR ACCESSORIES<\/h3>\n<p><a href=\"https:\/\/www.cdlinc.ca\/wp-content\/uploads\/2020\/07\/Smoker-for-Evap-O-Grill-Manual.pdf\" target=\"_blank\" rel=\"noopener noreferrer\">Smoker for the Evap-O-Grill<\/a><\/p>\n<p><a href=\"https:\/\/www.cdlinc.ca\/wp-content\/uploads\/2026\/04\/MAN-602300A-MAN-EN-UNIVERSAL-MAGNEHELIC-SET-REV01.pdf\">Universal Magnehelic Set<\/a><\/p>\n<h3>REVERSE OSMOSIS<\/h3>\n<p><a href=\"https:\/\/www.cdlinc.ca\/wp-content\/uploads\/2019\/01\/Manuel-81050_eng-CA-REV-03192019.pdf\">User manual &#8211; Mini Hobby RO &#8211; 81050<br \/>\n<\/a><a href=\"https:\/\/www.cdlinc.ca\/wp-content\/uploads\/2019\/03\/Operation-procedures-81050.pdf\">Operation procedures &#8211; Mini Hobby RO &#8211; 81050<\/a><\/p>\n<p><a href=\"\/wp-content\/uploads\/2017\/05\/owners-manual-ro-fendeuse-anglais.pdf\">Reverse Osmosis La Fendeuse<\/a><\/p>\n<p><a href=\"https:\/\/www.cdlinc.ca\/wp-content\/uploads\/2024\/04\/owners-manual-hobby-ro-anglais.pdf\">Hobby horizontal RO<\/a><\/p>\n<p><a href=\"\/wp-content\/uploads\/2017\/05\/reverse-osmosis-opening-and-closing-procedures-february-2-2017-bb-anglais.pdf\">Opening procedure at beginning of season and closing<\/a><\/p>\n<p><a href=\"\/wp-content\/uploads\/2018\/09\/osmosis-wash-soap-acid-oxisan-january-1-may-2018-english.pdf\">Osmosis wash soap-acid-oxisan<\/a><\/p>\n<p><a href=\"https:\/\/www.cdlinc.ca\/wp-content\/uploads\/2021\/08\/Manuel-81125-81250-EN.pdf\">User manual &#8211; 81125 and 81250 Reverse Osmosis<\/a><br \/>\n<a href=\"https:\/\/www.cdlinc.ca\/wp-content\/uploads\/2018\/09\/Operation-procedures-81125-81250.pdf\">Operation procedures &#8211; 81125 and 81250 Reverse Osmosis<\/a><\/p>\n<p><a href=\"https:\/\/www.cdlinc.ca\/wp-content\/uploads\/2024\/10\/MAN-81350V-240-MAN-EN-HOBBY-350G-REV00.pdf\">HOBBY 350G Reverse Osmosis System &#8211; 81350V-240<\/a><\/p>\n<p><a href=\"https:\/\/www.cdlinc.ca\/wp-content\/uploads\/2020\/10\/Nano-RO_manual2.pdf\">NANO RO Reverse Osmosis System<\/a><\/p>\n<p><a href=\"https:\/\/www.cdlinc.ca\/wp-content\/uploads\/2025\/02\/MAN-81018-MAN-EN-NANO-RO-CONCENTRATOR-REV00.pdf\">NANO RO Reverse Osmosis System 2025<\/a><\/p>\n<p><a href=\"https:\/\/www.cdlinc.ca\/wp-content\/uploads\/2025\/11\/MAN-81018-MAN-EN-NANO-RO-CONCENTRATOR-REV2.2.pdf\">NANO RO Reverse Osmosis System 2026<\/a><\/p>\n<p><a href=\"https:\/\/www.cdlinc.ca\/wp-content\/uploads\/2023\/10\/Manuel-EN_Nano-RO-MAX.pdf\">NANO RO MAX Reverse Osmosis System<\/a><\/p>\n<p><a href=\"https:\/\/www.cdlinc.ca\/wp-content\/uploads\/2025\/02\/MAN-81015-MAN-EN-NANO-RO-MAX-REV01.pdf\">NANO RO MAX Reverse Osmosis System 2025<\/a><\/p>\n<p><a href=\"https:\/\/www.cdlinc.ca\/wp-content\/uploads\/2021\/03\/Procedure-RKC-CB500-EN.pdf\">Setting procedure for temperature unit controller (RKC-CB500)<\/a><\/p>\n<p><a href=\"https:\/\/www.cdlinc.ca\/wp-content\/uploads\/2021\/06\/Important-information-about-membrane-cleaning.pdf\">Important information about membrane cleaning<\/a><\/p>\n<p><a href=\"https:\/\/www.cdlinc.ca\/wp-content\/uploads\/2025\/10\/MAN-66FBX-MAN-EN-GLASS-BEAD-FILTRATION-SYSTEM-REV01.pdf\">Glass bead filtration system<\/a><\/p>\n<h3>FLOWMETERS<\/h3>\n<p><a href=\"https:\/\/www.cdlinc.ca\/wp-content\/uploads\/2021\/01\/manual_cdl_ultrasonic_flowmeters_eng.pdf\">CDL Ultrasonic Flowmeter<\/a><\/p>\n<p><a href=\"https:\/\/www.cdlinc.ca\/wp-content\/uploads\/2024\/12\/MAN-210ZZ0-MAN-EN-ROTOR-FLOWMETERS-REV00.pdf\">CDL Rotor Flowmeter<\/a><\/p>\n<h3>PROCESSING EQUIPMENTS<\/h3>\n<p><a href=\"https:\/\/www.cdlinc.ca\/wp-content\/uploads\/2025\/04\/MAN-6601043AS-MAN-EN-DYNAMIC-MIXER-REV00.pdf\">Dynamic Mixer<\/a><\/p>\n<p><a href=\"https:\/\/www.cdlinc.ca\/wp-content\/uploads\/2025\/03\/MAN-67RI-MAN-EN-INSULATED-TANK-REV00.pdf\">Insulated tank with agitator<\/a><\/p>\n<p><a href=\"\/wp-content\/uploads\/2017\/05\/manual_jacket-anglais.pdf\">Water Jacketed Tanks<\/a><\/p>\n<p><a href=\"https:\/\/www.cdlinc.ca\/wp-content\/uploads\/2026\/02\/MAN-66882X-MAN-EN-MAPLE-CREAM-MACHINE-REV02.pdf\">Maple Cream Machine<\/a><\/p>\n<p><a href=\"\/wp-content\/uploads\/2017\/05\/manual-sugar-machine-anglais.pdf\">Maple Sugar Machine<\/a><\/p>\n<p><a href=\"\/wp-content\/uploads\/2017\/05\/manual-tank-of-the-future-anglais.pdf\">CDL&#8217;s Tank of the Future<\/a><\/p>\n<p><a href=\"https:\/\/www.cdlinc.ca\/wp-content\/uploads\/2018\/09\/refractometer-calibration-45-82-syrup-EIRS4582C-EN.pdf\">45 to 82 Brix Maple Syrup Refractometer Calibration<\/a><\/p>\n<p><a href=\"https:\/\/www.cdlinc.ca\/wp-content\/uploads\/2025\/08\/MAN-66777-MAN-EN-MASTER-MANUAL-CAN-SEALER-REV01.pdf\">Master Manual Can Sealer<\/a><\/p>\n<p><a href=\"https:\/\/www.cdlinc.ca\/wp-content\/uploads\/2025\/08\/MAN-66824-MAN-EN-MASTER-AUTOMATIC-CAN-SEALER-REV01.pdf\">Master Automatic Can Sealer<\/a><\/p>\n<h3>FILTER PRESS<\/h3>\n<p><a href=\"https:\/\/www.cdlinc.ca\/wp-content\/uploads\/2022\/02\/User-manual_Filter-press.pdf\">Filter Press 7&#8243;-10&#8243;-20&#8243;<\/a><\/p>\n<p><a href=\"https:\/\/www.cdlinc.ca\/wp-content\/uploads\/2022\/02\/CDLWESFAB-Filter-presses.pdf\" target=\"_blank\" rel=\"noopener noreferrer\">CDLWESFAB\u00a0Filter Press 7&#8243;-10&#8243;-20&#8243;<\/a><\/p>\n<p><a href=\"\/wp-content\/uploads\/2017\/05\/owners-manual-self-cleaning-filter-press-anglais.pdf\">Self Cleaning JET Filter Press<\/a><\/p>\n<p><a href=\"https:\/\/www.cdlinc.ca\/wp-content\/uploads\/2021\/09\/Manual-Vacuum-Filter-Press.pdf\">Vacuum Filter Press<\/a><\/p>\n<h3>AUTOMATIC DRAW-OFF<\/h3>\n<p><a href=\"https:\/\/www.cdlinc.ca\/wp-content\/uploads\/2020\/03\/CDL-motorized-level-control.pdf\">CDL Motorized Level Control<\/a><\/p>\n<p><a href=\"\/wp-content\/uploads\/2017\/05\/manual-auto-draw-off-anglais.pdf\">Automatic Draw-off<\/a><\/p>\n<p><a href=\"https:\/\/www.cdlinc.ca\/wp-content\/uploads\/2018\/10\/Automatic-dra-off-valve-procedure-66786-06-09-2018.pdf\">Operation Procedure for Automatic Draw-off Valve 66786<\/a><\/p>\n<h3>MEASURING INSTUMENTS<\/h3>\n<p><a href=\"https:\/\/www.cdlinc.ca\/wp-content\/uploads\/2018\/09\/Manuel-doseur-antimousse-CDL-EN-V1.0.pdf\">Liquid Defoamer Dosing Device<\/a><\/p>\n<h3>TOOLS<\/h3>\n<p><a href=\"\/wp-content\/uploads\/2017\/05\/manual-leak-find-anglais.pdf\">Leak Finder<\/a><\/p>\n<p><a href=\"\/wp-content\/uploads\/2017\/05\/precision-tapper-franglais.pdf\">Precision Tapper\u00a0<\/a><\/p>\n<h3>PUMPS<\/h3>\n<p><a href=\"\/wp-content\/uploads\/2017\/05\/pompe-\u00e0-baril-air-en-acier-inoxydable-anglais.pdf\">Barrel Air Pump<\/a><\/p>\n<p><a href=\"https:\/\/www.cdlinc.ca\/wp-content\/uploads\/2023\/03\/Guzzler_pump_installation.pdf\">Guzzler pump installation<\/a><\/p>\n<p><a href=\"https:\/\/www.cdlinc.ca\/wp-content\/uploads\/2021\/09\/Pump_Safety_module.pdf\">Pump Safety Module<\/a><\/p>\n<h3>EXTRACTORS<\/h3>\n<p><a href=\"\/wp-content\/uploads\/2017\/05\/manual-elec-releaser-anglais.pdf\">Electric Extractors<\/a><\/p>\n<p><a href=\"\/wp-content\/uploads\/2017\/05\/manual-mec-releaser-anglais.pdf\">Mechanical Extractors<\/a><\/p>\n<p><a href=\"https:\/\/www.cdlinc.ca\/wp-content\/uploads\/2021\/09\/CDL-Vacuum-Protection-Valve.pdf\">Vacuum Protection Valve<\/a><\/p>\n<p><a href=\"https:\/\/www.cdlinc.ca\/wp-content\/uploads\/2024\/11\/MAN-668411-2.0-MAN-EN-VACUUM-PROTECTION-VALVE-2.0-REV00.pdf\">Vacuum Protection Valve 2.0<\/a><\/p>\n<p><a href=\"https:\/\/www.cdlinc.ca\/wp-content\/uploads\/2026\/02\/MAN-72000201-MAN-EN-SELF-CLEANING-SPRINKLER-KIT-PRE-DRILLED-REV00.pdf\">Self-cleaning Sprinkler Kit for Extractors<\/a><\/p>\n<p><a href=\"https:\/\/www.cdlinc.ca\/wp-content\/uploads\/2020\/09\/Submersible-Extractors.pdf\">Submersible Extractors<\/a><\/p>\n<p><a href=\"https:\/\/www.cdlinc.ca\/wp-content\/uploads\/2024\/10\/MAN-72000202-MAN-EN-EXTRACTOR-LED-INSTALLATION-REV00.pdf\">Extractor LED<\/a><\/p>\n<h3>BOOSTER TANKS AND SAP LIFTERS<\/h3>\n<p><a href=\"https:\/\/www.cdlinc.ca\/wp-content\/uploads\/2024\/12\/MAN-738000X-MAN-EN-HIGH-PERFORMANCE-SAP-LIFTING-SYSTEM-REV01.pdf\">CDL High Vacuum Sap Lifter Kit<\/a><\/p>\n<p><a href=\"https:\/\/www.cdlinc.ca\/wp-content\/uploads\/2019\/03\/Sap-Lifter-Manual-V1.1-EN.pdf\">Sap Lifters<\/a><\/p>\n<h3>TANKS<\/h3>\n<p><a href=\"https:\/\/www.cdlinc.ca\/wp-content\/uploads\/2025\/07\/MAN-679600-MAN-EN-SILO-REV00.pdf\">Silo<\/a><\/p>\n<p><a href=\"https:\/\/www.cdlinc.ca\/wp-content\/uploads\/2025\/07\/MAN-66TR000-MAN-EN-TRANSPORT-TANK-REV00.pdf\">Transport Tank<\/a><\/p>\n<h3>VACUUM PUMPS &amp; ACCESSORIES<\/h3>\n<p><a href=\"https:\/\/www.cdlinc.ca\/wp-content\/uploads\/2023\/01\/MAN-58ZZZGXHP-MAN-EN-CDL-VACUUM-PUMPS-REV00.pdf\" target=\"_blank\" rel=\"noopener noreferrer\">CDL Vacuum Pump<\/a><\/p>\n<p><a href=\"\/wp-content\/uploads\/2017\/05\/l-series-vacuum-anglais.pdf\">L-Series Vacuum Pump<\/a><\/p>\n<p><a href=\"\/wp-content\/uploads\/2017\/05\/airtech-l-series-vane-pump-maintenance-january-12-2017-bb-ang.docx.pdf\">L-Series Vacuum Pump MAINTENANCE<\/a><\/p>\n<p><a href=\"\/wp-content\/uploads\/2017\/05\/sh\u00e9ma-dinstallation-pompe-haut-vaccum-anglais.pdf\">L-Series Vacuum Pump INSTALLATION DIAGRAM<\/a><\/p>\n<p><a href=\"https:\/\/www.cdlinc.ca\/wp-content\/uploads\/2024\/12\/MAN-661640-MAN-EN-ADJUSTABLE-UNIVERSAL-TABLE-REV00.pdf\">Adjustable universal table<\/a><\/p>\n<h3>ELECTROFUSION<\/h3>\n<p><a href=\"\/wp-content\/uploads\/2017\/05\/guide-electrofusion-francais-2016-anglais.pdf\">Training Guide for Electrofusion<\/a><\/p>\n<h3>INSTALLATION DIAGRAM OF HIGH VACUUM PUMP SYSTEM WITH CDL MOISTURE TRAP<\/h3>\n<p><a href=\"\/wp-content\/uploads\/2017\/05\/sh\u00e9ma-dinstallation-pompe-haut-vaccum-anglais-1.pdf\">Installation Diagram of High Vacuum Pump System with CDL Moisture Trap<\/a><\/p>\n<h3>SPINSEAL WELDER<\/h3>\n<p><a href=\"https:\/\/www.cdlinc.ca\/wp-content\/uploads\/2017\/05\/Manuel-SpinSeal-ENGLISH-V1.7.pdf\">SpinSeal Welder<\/a><\/p>\n","protected":false},"excerpt":{"rendered":"Some of CDL user manuals available online ATAGO &#8211; CONTINUOUS BRIX READER Continuous Brix Reader WOOD EVAPORATORS The Traditional Chinook Intens-O-Fire 2 (high efficiency) Bricking Instruction 2X4 Bricking Instructions (Intens-O-Fire and Chinook) Venturi Hobby Pro Evaporator Hobby Pro Evaporator (steel version) Hobby Pro 2&#215;4 Evaporator WOOD PELLET &amp; WOOD CHIP EVAPORATORS Sirocco Wood chip feeder [&hellip;]","protected":false},"author":2,"featured_media":0,"parent":0,"menu_order":0,"comment_status":"closed","ping_status":"closed","template":"","meta":{"_acf_changed":false,"footnotes":""},"class_list":["post-584","page","type-page","status-publish","hentry"],"acf":[],"yoast_head":"<!-- This site is optimized with the Yoast SEO plugin v25.2 - https:\/\/yoast.com\/wordpress\/plugins\/seo\/ -->\n<title>User Manuals available online : CDL Maple Sugaring Equipment<\/title>\n<meta name=\"description\" content=\"Consult all our User manuals available online. CDL, it&#039;s more than 10 000 high quality products for maple sugaring operations.\" \/>\n<meta name=\"robots\" content=\"index, follow, max-snippet:-1, max-image-preview:large, max-video-preview:-1\" \/>\n<link rel=\"canonical\" href=\"https:\/\/www.cdlinc.ca\/en\/user-manuals\/\" \/>\n<meta property=\"og:locale\" content=\"en_US\" \/>\n<meta property=\"og:type\" content=\"article\" \/>\n<meta property=\"og:title\" content=\"User Manuals available online : CDL Maple Sugaring Equipment\" \/>\n<meta property=\"og:description\" content=\"Consult all our User manuals available online. CDL, it&#039;s more than 10 000 high quality products for maple sugaring operations.\" \/>\n<meta property=\"og:url\" content=\"https:\/\/www.cdlinc.ca\/en\/user-manuals\/\" \/>\n<meta property=\"og:site_name\" content=\"Les \u00e9quipements d&#039;\u00e9rabli\u00e8re CDL\" \/>\n<meta property=\"article:modified_time\" content=\"2026-04-07T20:23:19+00:00\" \/>\n<meta property=\"og:image\" content=\"https:\/\/www.cdlinc.ca\/wp-content\/uploads\/2017\/04\/CDL_facebook_share_1200x630.jpg\" \/>\n<meta name=\"twitter:card\" content=\"summary_large_image\" \/>\n<meta name=\"twitter:label1\" content=\"Est. reading time\" \/>\n\t<meta name=\"twitter:data1\" content=\"2 minutes\" \/>\n<script type=\"application\/ld+json\" class=\"yoast-schema-graph\">{\"@context\":\"https:\/\/schema.org\",\"@graph\":[{\"@type\":\"WebPage\",\"@id\":\"https:\/\/www.cdlinc.ca\/en\/user-manuals\/\",\"url\":\"https:\/\/www.cdlinc.ca\/en\/user-manuals\/\",\"name\":\"User Manuals available online : CDL Maple Sugaring Equipment\",\"isPartOf\":{\"@id\":\"https:\/\/www.cdlinc.ca\/fr\/#website\"},\"datePublished\":\"2017-05-16T00:27:01+00:00\",\"dateModified\":\"2026-04-07T20:23:19+00:00\",\"description\":\"Consult all our User manuals available online. CDL, it's more than 10 000 high quality products for maple sugaring operations.\",\"breadcrumb\":{\"@id\":\"https:\/\/www.cdlinc.ca\/en\/user-manuals\/#breadcrumb\"},\"inLanguage\":\"en-CA\",\"potentialAction\":[{\"@type\":\"ReadAction\",\"target\":[\"https:\/\/www.cdlinc.ca\/en\/user-manuals\/\"]}]},{\"@type\":\"BreadcrumbList\",\"@id\":\"https:\/\/www.cdlinc.ca\/en\/user-manuals\/#breadcrumb\",\"itemListElement\":[{\"@type\":\"ListItem\",\"position\":1,\"name\":\"Home\",\"item\":\"https:\/\/www.cdlinc.ca\/en\/\"},{\"@type\":\"ListItem\",\"position\":2,\"name\":\"User Manuals\"}]},{\"@type\":\"WebSite\",\"@id\":\"https:\/\/www.cdlinc.ca\/fr\/#website\",\"url\":\"https:\/\/www.cdlinc.ca\/fr\/\",\"name\":\"Les \u00e9quipements d&#039;\u00e9rabli\u00e8re CDL\",\"description\":\"L&#039;ac\u00e9riculture c&#039;est votre passion... Nous aussi.\",\"potentialAction\":[{\"@type\":\"SearchAction\",\"target\":{\"@type\":\"EntryPoint\",\"urlTemplate\":\"https:\/\/www.cdlinc.ca\/fr\/?s={search_term_string}\"},\"query-input\":{\"@type\":\"PropertyValueSpecification\",\"valueRequired\":true,\"valueName\":\"search_term_string\"}}],\"inLanguage\":\"en-CA\"}]}<\/script>\n<!-- \/ Yoast SEO plugin. -->","yoast_head_json":{"title":"User Manuals available online : CDL Maple Sugaring Equipment","description":"Consult all our User manuals available online. CDL, it's more than 10 000 high quality products for maple sugaring operations.","robots":{"index":"index","follow":"follow","max-snippet":"max-snippet:-1","max-image-preview":"max-image-preview:large","max-video-preview":"max-video-preview:-1"},"canonical":"https:\/\/www.cdlinc.ca\/en\/user-manuals\/","og_locale":"en_US","og_type":"article","og_title":"User Manuals available online : CDL Maple Sugaring Equipment","og_description":"Consult all our User manuals available online. CDL, it's more than 10 000 high quality products for maple sugaring operations.","og_url":"https:\/\/www.cdlinc.ca\/en\/user-manuals\/","og_site_name":"Les \u00e9quipements d&#039;\u00e9rabli\u00e8re CDL","article_modified_time":"2026-04-07T20:23:19+00:00","og_image":[{"url":"https:\/\/www.cdlinc.ca\/wp-content\/uploads\/2017\/04\/CDL_facebook_share_1200x630.jpg","type":"","width":"","height":""}],"twitter_card":"summary_large_image","twitter_misc":{"Est. reading time":"2 minutes"},"schema":{"@context":"https:\/\/schema.org","@graph":[{"@type":"WebPage","@id":"https:\/\/www.cdlinc.ca\/en\/user-manuals\/","url":"https:\/\/www.cdlinc.ca\/en\/user-manuals\/","name":"User Manuals available online : CDL Maple Sugaring Equipment","isPartOf":{"@id":"https:\/\/www.cdlinc.ca\/fr\/#website"},"datePublished":"2017-05-16T00:27:01+00:00","dateModified":"2026-04-07T20:23:19+00:00","description":"Consult all our User manuals available online. CDL, it's more than 10 000 high quality products for maple sugaring operations.","breadcrumb":{"@id":"https:\/\/www.cdlinc.ca\/en\/user-manuals\/#breadcrumb"},"inLanguage":"en-CA","potentialAction":[{"@type":"ReadAction","target":["https:\/\/www.cdlinc.ca\/en\/user-manuals\/"]}]},{"@type":"BreadcrumbList","@id":"https:\/\/www.cdlinc.ca\/en\/user-manuals\/#breadcrumb","itemListElement":[{"@type":"ListItem","position":1,"name":"Home","item":"https:\/\/www.cdlinc.ca\/en\/"},{"@type":"ListItem","position":2,"name":"User Manuals"}]},{"@type":"WebSite","@id":"https:\/\/www.cdlinc.ca\/fr\/#website","url":"https:\/\/www.cdlinc.ca\/fr\/","name":"Les \u00e9quipements d&#039;\u00e9rabli\u00e8re CDL","description":"L&#039;ac\u00e9riculture c&#039;est votre passion... Nous aussi.","potentialAction":[{"@type":"SearchAction","target":{"@type":"EntryPoint","urlTemplate":"https:\/\/www.cdlinc.ca\/fr\/?s={search_term_string}"},"query-input":{"@type":"PropertyValueSpecification","valueRequired":true,"valueName":"search_term_string"}}],"inLanguage":"en-CA"}]}},"_links":{"self":[{"href":"https:\/\/www.cdlinc.ca\/en\/wp-json\/wp\/v2\/pages\/584","targetHints":{"allow":["GET"]}}],"collection":[{"href":"https:\/\/www.cdlinc.ca\/en\/wp-json\/wp\/v2\/pages"}],"about":[{"href":"https:\/\/www.cdlinc.ca\/en\/wp-json\/wp\/v2\/types\/page"}],"author":[{"embeddable":true,"href":"https:\/\/www.cdlinc.ca\/en\/wp-json\/wp\/v2\/users\/2"}],"replies":[{"embeddable":true,"href":"https:\/\/www.cdlinc.ca\/en\/wp-json\/wp\/v2\/comments?post=584"}],"version-history":[{"count":157,"href":"https:\/\/www.cdlinc.ca\/en\/wp-json\/wp\/v2\/pages\/584\/revisions"}],"predecessor-version":[{"id":14608,"href":"https:\/\/www.cdlinc.ca\/en\/wp-json\/wp\/v2\/pages\/584\/revisions\/14608"}],"wp:attachment":[{"href":"https:\/\/www.cdlinc.ca\/en\/wp-json\/wp\/v2\/media?parent=584"}],"curies":[{"name":"wp","href":"https:\/\/api.w.org\/{rel}","templated":true}]}}