{"id":5836,"date":"2021-04-22T14:53:35","date_gmt":"2021-04-22T13:53:35","guid":{"rendered":"https:\/\/www.cdlinc.ca\/?page_id=5836\/"},"modified":"2021-05-06T18:27:11","modified_gmt":"2021-05-06T17:27:11","slug":"three-promotions","status":"publish","type":"page","link":"https:\/\/www.cdlinc.ca\/en\/open-house\/three-promotions\/","title":{"rendered":"Three promotions"},"content":{"rendered":"<p>[embedyt]https:\/\/youtu.be\/HWPpo8dNftc[\/embedyt]<\/p>\n<p>Three promotions are available during our Online Open House!<\/p>\n<h3>BEST PRICES OF THE YEAR\u00a0PROMOTION<\/h3>\n<p>From\u00a0May 1st to May 31st 2021, inclusively, <b>t<\/b>ake advantage of the Best Prices of the Year on equipment and contact now your\u00a0<a href=\"https:\/\/www.cdlinc.ca\/en\/sales-representatives\/\">sales representative<\/a>\u00a0to learn all details!<\/p>\n<h3>\u00a0<a href=\"https:\/\/www.cdlinc.ca\/en\/sales-representatives\/\"><img loading=\"lazy\" decoding=\"async\" class=\"alignleft wp-image-3822 size-medium\" src=\"https:\/\/www.cdlusa.com\/wp-content\/uploads\/2021\/04\/Button_Contact-250x68.jpg\" alt=\"Button Contact\" width=\"250\" height=\"68\" \/><\/a><\/h3>\n<h3><\/h3>\n<h3><\/h3>\n<h3>FREE SHIPPING PROMOTION ON ONLINE ORDERS<\/h3>\n<p>From May 14th to May\u00a021st 2021, inclusively, free shipping will be offered on orders over $250 on CDL\u2019s online store.<\/p>\n<p>Visit\u00a0<a href=\"https:\/\/webstore.cdlinc.ca\/\">webstore.cdlinc.ca<\/a>\u00a0to take advantage of the offer from the comfort of your home!<\/p>\n<p><a href=\"https:\/\/webstore.cdlusa.net\/en\/\" target=\"_blank\" rel=\"noopener noreferrer\"><img loading=\"lazy\" decoding=\"async\" class=\"alignleft wp-image-3790 size-medium\" src=\"https:\/\/www.cdlusa.com\/wp-content\/uploads\/2021\/04\/Bouton_Webstore-02-250x67.jpg\" sizes=\"auto, (max-width: 500px) 100vw, 500px\" srcset=\"https:\/\/www.cdlusa.com\/wp-content\/uploads\/2021\/04\/Bouton_Webstore-02.jpg 500w, https:\/\/www.cdlusa.com\/wp-content\/uploads\/2021\/04\/Bouton_Webstore-02-250x67.jpg 250w, https:\/\/www.cdlusa.com\/wp-content\/uploads\/2021\/04\/Bouton_Webstore-02-310x83.jpg 310w, https:\/\/www.cdlusa.com\/wp-content\/uploads\/2021\/04\/Bouton_Webstore-02-120x32.jpg 120w\" alt=\"Button Webstore\" width=\"250\" height=\"67\" \/><\/a><\/p>\n<h3><\/h3>\n<h3><\/h3>\n<h3><\/h3>\n<h3>CASH &amp; CARRY PROMOTION IN STORE<\/h3>\n<p>From April\u00a023rd to May\u00a07th, 2021, inclusively,\u00a0<strong>Cash &amp; Carry Promotion<\/strong>\u00a0will be offered at local CDL stores. Please note that this promotion will be valid in-store only.\u00a0According to government guidelines, stores in Ontario must respect the &#8220;curbside pickup only&#8221; measure until May 20<sup>th<\/sup>. The customers must call their local CDL store for orders.<\/p>\n<p>See the list of participating stores below.<\/p>\n<h3>ONTARIO CDL CORPORATE STORES<\/h3>\n<p>CDL CENTRAL ONTARIO<br \/>\n2907 Highway 11 N<br \/>\nOro-Medonte (Ontario) L0L 2E0<br \/>\nTel.: 705-487-3331<br \/>\nSans frais : 1-800-959-9192 (Ontario seulement)<br \/>\nFax: 705-487-0460<br \/>\n<a href=\"mailto:atkinson@cdlinc.ca\">atkinson@cdlinc.ca<\/a><\/p>\n<p><strong>Monday to Friday\u00a08:30AM to 5:00PM<\/strong><\/p>\n<p><strong>\u26a0\u00a0 Info COVID-19<\/strong><br \/>\n<strong>CURBSIDE PICK UP ONLY!<\/strong><\/p>\n<p>Please call us if you need to place an order.<br \/>\nDue to Covid, we cannot receive customers inside. Thank you for your patience!<br \/>\n<strong>_____________________________<\/strong><\/p>\n<p>CDL EASTERN<br \/>\n3464 Station Street<br \/>\nMonkland (Ontario) K0C 1V0<br \/>\nT\u00e9l.: 613-346-0333<br \/>\nFax.: 613-346-1333<br \/>\n<a href=\"mailto:cdleastern@cdlinc.ca\">eastern@cdlinc.ca<\/a><strong><br \/>\n<\/strong><\/p>\n<p><strong>Monday to Friday\u00a08:00AM to 4:00PM<\/strong><\/p>\n<p><strong>\u26a0\u00a0 Info COVID-19<\/strong><br \/>\n<strong>CURBSIDE PICK UP ONLY!<\/strong><\/p>\n<p>Please call us if you need to place an order.<br \/>\nDue to Covid, we cannot receive customers inside. Thank you for your patience!<br \/>\n<strong>_____________________________<\/strong><\/p>\n<p>CDL LANARK COUNTY<br \/>\n38\u00a0Dufferin Street<br \/>\nPerth\u00a0(Ontario) K7H 3A4<br \/>\nT\u00e9l.: 613-259-5554<br \/>\nFax.: 613-259-2409<br \/>\n<a href=\"mailto:cdllanark@cdlinc.ca\">lanark@cdlinc.ca<\/a><\/p>\n<p><strong>Monday to Friday\u00a08:30PM to 17:00PM<\/strong><\/p>\n<p><strong>\u26a0\u00a0 Info COVID-19<\/strong><br \/>\n<strong>CURBSIDE PICK UP ONLY!<\/strong><\/p>\n<p>Please call us if you need to place an order.<br \/>\nDue to Covid, we cannot receive customers inside. Thank you for your patience!<br \/>\n<strong>_____________________________<\/strong><\/p>\n<p>CDL WESTERN<br \/>\n3301 Perth Road R.R #2<br \/>\nStaffa (Ontario) N0K 1Y0<br \/>\nTel.: 519-345-0259<br \/>\n<a href=\"mailto:cdlwestern@cdlinc.ca\">western@cdlinc.ca<\/a><\/p>\n<p><strong>Monday to Friday 8:00AM to 4:30PM<\/strong><\/p>\n<p><strong>\u26a0\u00a0 Info COVID-19<\/strong><br \/>\n<strong>CURBSIDE PICK UP ONLY!<\/strong><\/p>\n<p>Please call us if you need to place an order.<br \/>\nDue to Covid, we cannot receive customers inside. Thank you for your patience!<br \/>\n<strong>_____________________________<\/strong><\/p>\n<p>CDL SUNDRIDGE<br \/>\n199 Maple Valley Road<br \/>\nSundridge (Ontario) P0A 1Z0<br \/>\nTel.:705-384-7847<br \/>\n<a href=\"mailto:atkinson@cdlinc.ca\">atkinson@cdlinc.ca<\/a><\/p>\n<p><strong>Open By Appointment<\/strong><\/p>\n<p><strong>\u26a0\u00a0 Info COVID-19<\/strong><br \/>\n<strong>CURBSIDE PICK UP ONLY!<\/strong><\/p>\n<p>Please call us if you need to place an order.<br \/>\nDue to Covid, we cannot receive customers inside. Thank you for your patience!<\/p>\n<p><strong>_____________________________<\/strong><\/p>\n<p>CDL GREY COUNTY<br \/>\n245794 Southgate Road 24<br \/>\nProton Station (Ontario) N0C 1L0<br \/>\nTel. : 519-379-7021<br \/>\n<a href=\"mailto:enos.martin@cdlinc.ca\">enos.martin@cdlinc.ca<\/a><\/p>\n<p><strong>Monday to Saturday 8:00AM to 11:30AM, 12:00PM to 5:00PM<\/strong><\/p>\n<p><strong>\u26a0\u00a0 Info COVID-19<\/strong><br \/>\n<strong>CURBSIDE PICK UP ONLY!<\/strong><\/p>\n<p>Please call us if you need to place an order.<br \/>\nDue to Covid, we cannot receive customers inside. Thank you for your patience!<br \/>\n<strong>_____________________________<\/strong><\/p>\n<h3>NEW BRUNSWICK CDL CORPORATE STORES<\/h3>\n<p>CDL ACADIE<br \/>\n1873, rue Bellechasse<br \/>\nPaquetville, NB E8R 1C6<br \/>\nTel.: 506-764-3280<br \/>\nFax: 506-727-8699<br \/>\n<a href=\"mailto:acadie@cdlinc.ca\">acadie@cdlinc.ca<\/a><\/p>\n<p><strong>Monday to Friday 8:00AM to 5:00PM<br \/>\nSaturday 8:00AM to 3:00PM<\/strong><br \/>\n<strong>_____________________________<\/strong><\/p>\n<p>CDL ST-QUENTIN<br \/>\n7, rue Canada<br \/>\nSt-Quentin, NB E8A 1J2<br \/>\nTel.: 506-235-9100<br \/>\nFax: \u00a0506-764-3475<br \/>\n<a href=\"mailto:stquentin@cdlinc.ca\">stquentin@cdlinc.ca<\/a><\/p>\n<p><strong>Monday to Friday 8:00AM to 4:00PM<\/strong><br \/>\n<strong>_____________________________<\/strong><\/p>\n<h3>QUEBEC CDL CORPORATE STORES<\/h3>\n<p>SAINT-LAZARE (HEAD OFFICE)<br \/>\n257, route 279<br \/>\nSaint-Lazare (Qu\u00e9bec) G0R 3J0<br \/>\nTel.: 418-883-5158<br \/>\nToll free: 1-800-361-5158<br \/>\nFax.: 418-883-4159<br \/>\n<a href=\"mailto:st-lazare@cdlinc.ca\">st-lazare@cdlinc.ca<\/a><\/p>\n<p><strong>Monday to Friday 8:00AM to 16:30PM<\/strong><br \/>\n<strong>_____________________________<\/strong><\/p>\n<p>CDL LA GUADELOUPE\u00a0<strong>(store new address)<\/strong><br \/>\n295, 14e Avenue<br \/>\nLa Guadeloupe (Qu\u00e9bec) G0M 1G0<br \/>\nT\u00e9l.: 418-459-4012<br \/>\n<a href=\"mailto:beauce@cdlinc.ca\">beauce@cdlinc.ca<\/a><\/p>\n<p><strong>Monday to Friday 8:00AM to 4:30PM<br \/>\n<\/strong><\/p>\n<p>*Please note that our CDL Beauce plant is still located at:<br \/>\n776 8e Rue Est<br \/>\nLa Guadeloupe (Qu\u00e9bec) G0M 1G0<br \/>\nT\u00e9l.: 418-459-6218<strong><br \/>\n_____________________________<br \/>\n<\/strong><\/p>\n<p>CDL SAINTE-MARIE-DE-BEAUCE<br \/>\n235 Rue 2 du Parc Industriel,<br \/>\nSainte-Marie, QC G6E 1G7<br \/>\nTel.: 418-387-2215<br \/>\n<a href=\"mailto:ste-marie@cdlinc.ca\">ste-marie@cdlinc.ca<\/a><\/p>\n<p><strong>Monday\u00a0to Friday 7:30AM to 4:00PM<\/strong><br \/>\n<strong>_____________________________<\/strong><\/p>\n<p>CDL CABANO<br \/>\n315, boulevard Industriel<br \/>\nT\u00e9miscouata-sur-le-lac (Qu\u00e9bec) G0L 1E0<br \/>\nTel.: 418-854-5158<br \/>\nToll free: 1-877-854-5158<br \/>\nFax.: 418-854-1118<br \/>\n<a href=\"mailto:cabano@cdlinc.ca\">cabano@cdlinc.ca<\/a><\/p>\n<p><strong>Monday to Friday 8:00AM to 5:00PM<br \/>\nSaturday 8:00AM to 12:00PM<\/strong><br \/>\n<strong>_____________________________<\/strong><\/p>\n<p>CDL L\u2019ISLET<br \/>\n194, route 204<br \/>\nSaint-Adalbert (Qu\u00e9bec) G0R 2M0<br \/>\nTel.: 418-356-5153<br \/>\n<a href=\"mailto:lislet@cdlinc.ca\">lislet@cdlinc.ca<\/a><\/p>\n<p><strong>Monday to Friday 8:00AM to 4:30PM\u00a0(open during lunchtime)<\/strong><br \/>\n<strong>_____________________________<\/strong><\/p>\n<p>CDL LOURDES<br \/>\n282, route 265<br \/>\nNotre-Dame-de-Lourdes (Qu\u00e9bec) G0S 1T0<br \/>\nTel.: 819-245-0058<br \/>\n<a href=\"mailto:lourdes@cdlinc.ca\">lourdes@cdlinc.ca<\/a><\/p>\n<p><strong>Monday to Friday 8:00AM to 5:00PM<br \/>\nSaturday 8:00AM to 12:00PM<\/strong><br \/>\n<strong>_____________________________<\/strong><\/p>\n<p>CDL M\u00c9GANTIC<br \/>\n2294, rue Laval<br \/>\nNantes, (Qu\u00e9bec) G6B 2V5<br \/>\nTel. : 819-554-8443<br \/>\n<a href=\"mailto:megantic@cdlinc.ca\">megantic@cdlinc.ca<\/a><\/p>\n<p><strong>Monday to Friday 8:00AM to 4:30PM<\/strong><br \/>\n<strong>_____________________________<\/strong><\/p>\n<p>CDL MONT-LAURIER<br \/>\n1054, boulevard Albiny-Paquette<br \/>\nMont-Laurier\u00a0(Qu\u00e9bec)\u00a0J9L 1M1<br \/>\nTel.:\u00a0873-388-0145<br \/>\n<a href=\"mailto:mont-laurier@cdlinc.ca\">mont-laurier@cdlinc.ca<\/a><\/p>\n<p><strong>Monday to Friday 8:00AM to 4:30PM<\/strong><br \/>\n<strong>_____________________________<\/strong><\/p>\n<p>CDL PORTNEUF<br \/>\n1142, avenue Saint-Louis<br \/>\nPortneuf (Qu\u00e9bec) G0A 2Y0<br \/>\nTel.: 418-286-0003<br \/>\n<a href=\"mailto:portneuf@cdlinc.ca\">portneuf@cdlinc.ca<\/a><\/p>\n<p><strong>Monday to Friday 8:00AM to 4:30PM<\/strong><br \/>\n<strong>_____________________________<\/strong><\/p>\n<p>CDL SHEFFORD<br \/>\n2981, route 112<br \/>\nShefford (Qu\u00e9bec) J2M 1C6<br \/>\nTel.: 450-539-2225<br \/>\nFax.: 450-539-0500<br \/>\n<a href=\"mailto:shefford@cdlinc.ca\">shefford@cdlinc.ca<\/a><\/p>\n<p><strong>Monday to\u00a0Friday\u00a08:00AM to 4:30PM<\/strong><br \/>\n<strong>_____________________________<\/strong><\/p>\n<p>CDL WARWICK<br \/>\n1, route 116 Est<br \/>\nWarwick (Qu\u00e9bec) J0A 1M0<br \/>\nTel.: 819-358-3499<br \/>\n<a href=\"mailto:warwick@cdlinc.ca\">warwick@cdlinc.ca<\/a><\/p>\n<p><strong>Monday to\u00a0Friday 8:00AM to 12:00PM, 1:00PM to 5:00PM<\/strong><br \/>\n<strong>_____________________________<\/strong><\/p>\n<p>LES \u00c9QUIPEMENTS D\u2019\u00c9RABLI\u00c8RE<br \/>\nGUY MAHEUX<br \/>\n8, rang Saint-Jean-Baptiste<br \/>\nSaint-Aur\u00e9lie (Qu\u00e9bec) G0M 1M0<br \/>\nTel.: 418-593-3804<br \/>\nTel.: 418-593-3805<br \/>\nFax.: 418-593-3804<br \/>\n<a href=\"mailto:ste-aurelie@cdlinc.ca\">ste-aurelie@cdlinc.ca<\/a><\/p>\n<p><strong>Monday to Friday 8:00AM to 12:00PM, 1:00PM to 5:00PM<\/strong><br \/>\n<strong>_____________________________<\/strong><\/p>\n<p>CDL THETFORD<br \/>\n1892, rue Nadeau<br \/>\nThetford Mines \u2013 Secteur Pontbriand<br \/>\n(Qu\u00e9bec) G6H 3K3<br \/>\nTel.: 418-335-0853<br \/>\nFax.: 418-335-3745<br \/>\n<a href=\"mailto:thetford@cdlinc.ca\">thetford@cdlinc.ca<\/a><\/p>\n<p><strong>Monday to Friday 8:00AM to 4:30PM\u00a0<\/strong><br \/>\n<strong>_____________________________<\/strong><\/p>\n<p>CDL SAWYERVILLE<br \/>\n143, rue de Cookshire<br \/>\nSawyerville (Qu\u00e9bec) J0B 3A0<br \/>\nTel.1 : 819-416-1505<br \/>\nTel. 2: 819-416-1501<br \/>\n<a href=\"mailto:sawyerville@cdlinc.ca\">sawyerville@cdlinc.ca<\/a><\/p>\n<p><strong>Monday to Friday 8:00AM to 4:30PM<\/strong><br \/>\n<strong>_____________________________<\/strong><\/p>\n<p>CDL HAUT-ST-LAURENT<br \/>\n2535, Route 209<br \/>\nSaint-Antoine-Abb\u00e9 (Qu\u00e9bec) J0S 1N0<br \/>\nTel.: 1-844-805-1235<br \/>\nfax: 1-844-805-1675<br \/>\n<a href=\"mailto:hautst-laurent@cdlinc.ca\">hautst-laurent@cdlinc.ca<\/a><\/p>\n<p><strong>Monday to Friday 8:00AM to 4:30PM<\/strong><br \/>\n<strong>_____________________________<\/strong><\/p>\n<p>CDL\u00a0ROXTON FALLS<br \/>\n286, rue Notre-Dame<br \/>\nRoxton Falls (Qu\u00e9bec) J0H 1E0<br \/>\nT\u00e9l.: 450-548-2242<br \/>\nFax:\u00a0450-548-2481<br \/>\n<a href=\"mailto:roxtonfalls@cdlinc.ca\">roxtonfalls@cdlinc.ca<\/a><\/p>\n<p><strong>Monday to Friday 8:00AM to 5:00PM<br \/>\nSaturday 8:00AM to 12:00PM<\/strong><br \/>\n<strong>_____________________________<\/strong><\/p>\n<h2><\/h2>\n<h2><\/h2>\n","protected":false},"excerpt":{"rendered":"Three promotions are available during our Online Open House! Click to see details!","protected":false},"author":10,"featured_media":0,"parent":5812,"menu_order":0,"comment_status":"closed","ping_status":"closed","template":"","meta":{"_acf_changed":false,"footnotes":""},"class_list":["post-5836","page","type-page","status-publish","hentry"],"acf":[],"yoast_head":"<!-- This site is optimized with the Yoast SEO plugin v25.2 - https:\/\/yoast.com\/wordpress\/plugins\/seo\/ -->\n<title>Three promotions<\/title>\n<meta name=\"robots\" content=\"index, follow, max-snippet:-1, max-image-preview:large, max-video-preview:-1\" \/>\n<link rel=\"canonical\" href=\"https:\/\/www.cdlinc.ca\/en\/open-house\/three-promotions\/\" \/>\n<meta property=\"og:locale\" content=\"en_US\" \/>\n<meta property=\"og:type\" content=\"article\" \/>\n<meta property=\"og:title\" content=\"Three promotions\" \/>\n<meta property=\"og:description\" content=\"Three promotions are available during our Online Open House! Click to see details!\" \/>\n<meta property=\"og:url\" content=\"https:\/\/www.cdlinc.ca\/en\/open-house\/three-promotions\/\" \/>\n<meta property=\"og:site_name\" content=\"Les \u00e9quipements d&#039;\u00e9rabli\u00e8re CDL\" \/>\n<meta property=\"article:modified_time\" content=\"2021-05-06T17:27:11+00:00\" \/>\n<meta property=\"og:image\" content=\"https:\/\/www.cdlusa.com\/wp-content\/uploads\/2021\/04\/Button_Contact-250x68.jpg\" \/>\n<meta name=\"twitter:card\" content=\"summary_large_image\" \/>\n<meta name=\"twitter:label1\" content=\"Est. reading time\" \/>\n\t<meta name=\"twitter:data1\" content=\"5 minutes\" \/>\n<script type=\"application\/ld+json\" class=\"yoast-schema-graph\">{\"@context\":\"https:\/\/schema.org\",\"@graph\":[{\"@type\":\"WebPage\",\"@id\":\"https:\/\/www.cdlinc.ca\/en\/open-house\/three-promotions\/\",\"url\":\"https:\/\/www.cdlinc.ca\/en\/open-house\/three-promotions\/\",\"name\":\"Three promotions\",\"isPartOf\":{\"@id\":\"https:\/\/www.cdlinc.ca\/fr\/#website\"},\"primaryImageOfPage\":{\"@id\":\"https:\/\/www.cdlinc.ca\/en\/open-house\/three-promotions\/#primaryimage\"},\"image\":{\"@id\":\"https:\/\/www.cdlinc.ca\/en\/open-house\/three-promotions\/#primaryimage\"},\"thumbnailUrl\":\"https:\/\/www.cdlusa.com\/wp-content\/uploads\/2021\/04\/Button_Contact-250x68.jpg\",\"datePublished\":\"2021-04-22T13:53:35+00:00\",\"dateModified\":\"2021-05-06T17:27:11+00:00\",\"breadcrumb\":{\"@id\":\"https:\/\/www.cdlinc.ca\/en\/open-house\/three-promotions\/#breadcrumb\"},\"inLanguage\":\"en-CA\",\"potentialAction\":[{\"@type\":\"ReadAction\",\"target\":[\"https:\/\/www.cdlinc.ca\/en\/open-house\/three-promotions\/\"]}]},{\"@type\":\"ImageObject\",\"inLanguage\":\"en-CA\",\"@id\":\"https:\/\/www.cdlinc.ca\/en\/open-house\/three-promotions\/#primaryimage\",\"url\":\"https:\/\/www.cdlusa.com\/wp-content\/uploads\/2021\/04\/Button_Contact-250x68.jpg\",\"contentUrl\":\"https:\/\/www.cdlusa.com\/wp-content\/uploads\/2021\/04\/Button_Contact-250x68.jpg\"},{\"@type\":\"BreadcrumbList\",\"@id\":\"https:\/\/www.cdlinc.ca\/en\/open-house\/three-promotions\/#breadcrumb\",\"itemListElement\":[{\"@type\":\"ListItem\",\"position\":1,\"name\":\"Home\",\"item\":\"https:\/\/www.cdlinc.ca\/en\/\"},{\"@type\":\"ListItem\",\"position\":2,\"name\":\"Online Open House 2021\",\"item\":\"https:\/\/www.cdlinc.ca\/fr\/?page_id=5789\"},{\"@type\":\"ListItem\",\"position\":3,\"name\":\"Three promotions\"}]},{\"@type\":\"WebSite\",\"@id\":\"https:\/\/www.cdlinc.ca\/fr\/#website\",\"url\":\"https:\/\/www.cdlinc.ca\/fr\/\",\"name\":\"Les \u00e9quipements d&#039;\u00e9rabli\u00e8re CDL\",\"description\":\"L&#039;ac\u00e9riculture c&#039;est votre passion... Nous aussi.\",\"potentialAction\":[{\"@type\":\"SearchAction\",\"target\":{\"@type\":\"EntryPoint\",\"urlTemplate\":\"https:\/\/www.cdlinc.ca\/fr\/?s={search_term_string}\"},\"query-input\":{\"@type\":\"PropertyValueSpecification\",\"valueRequired\":true,\"valueName\":\"search_term_string\"}}],\"inLanguage\":\"en-CA\"}]}<\/script>\n<!-- \/ Yoast SEO plugin. -->","yoast_head_json":{"title":"Three promotions","robots":{"index":"index","follow":"follow","max-snippet":"max-snippet:-1","max-image-preview":"max-image-preview:large","max-video-preview":"max-video-preview:-1"},"canonical":"https:\/\/www.cdlinc.ca\/en\/open-house\/three-promotions\/","og_locale":"en_US","og_type":"article","og_title":"Three promotions","og_description":"Three promotions are available during our Online Open House! Click to see details!","og_url":"https:\/\/www.cdlinc.ca\/en\/open-house\/three-promotions\/","og_site_name":"Les \u00e9quipements d&#039;\u00e9rabli\u00e8re CDL","article_modified_time":"2021-05-06T17:27:11+00:00","og_image":[{"url":"https:\/\/www.cdlusa.com\/wp-content\/uploads\/2021\/04\/Button_Contact-250x68.jpg","type":"","width":"","height":""}],"twitter_card":"summary_large_image","twitter_misc":{"Est. reading time":"5 minutes"},"schema":{"@context":"https:\/\/schema.org","@graph":[{"@type":"WebPage","@id":"https:\/\/www.cdlinc.ca\/en\/open-house\/three-promotions\/","url":"https:\/\/www.cdlinc.ca\/en\/open-house\/three-promotions\/","name":"Three promotions","isPartOf":{"@id":"https:\/\/www.cdlinc.ca\/fr\/#website"},"primaryImageOfPage":{"@id":"https:\/\/www.cdlinc.ca\/en\/open-house\/three-promotions\/#primaryimage"},"image":{"@id":"https:\/\/www.cdlinc.ca\/en\/open-house\/three-promotions\/#primaryimage"},"thumbnailUrl":"https:\/\/www.cdlusa.com\/wp-content\/uploads\/2021\/04\/Button_Contact-250x68.jpg","datePublished":"2021-04-22T13:53:35+00:00","dateModified":"2021-05-06T17:27:11+00:00","breadcrumb":{"@id":"https:\/\/www.cdlinc.ca\/en\/open-house\/three-promotions\/#breadcrumb"},"inLanguage":"en-CA","potentialAction":[{"@type":"ReadAction","target":["https:\/\/www.cdlinc.ca\/en\/open-house\/three-promotions\/"]}]},{"@type":"ImageObject","inLanguage":"en-CA","@id":"https:\/\/www.cdlinc.ca\/en\/open-house\/three-promotions\/#primaryimage","url":"https:\/\/www.cdlusa.com\/wp-content\/uploads\/2021\/04\/Button_Contact-250x68.jpg","contentUrl":"https:\/\/www.cdlusa.com\/wp-content\/uploads\/2021\/04\/Button_Contact-250x68.jpg"},{"@type":"BreadcrumbList","@id":"https:\/\/www.cdlinc.ca\/en\/open-house\/three-promotions\/#breadcrumb","itemListElement":[{"@type":"ListItem","position":1,"name":"Home","item":"https:\/\/www.cdlinc.ca\/en\/"},{"@type":"ListItem","position":2,"name":"Online Open House 2021","item":"https:\/\/www.cdlinc.ca\/fr\/?page_id=5789"},{"@type":"ListItem","position":3,"name":"Three promotions"}]},{"@type":"WebSite","@id":"https:\/\/www.cdlinc.ca\/fr\/#website","url":"https:\/\/www.cdlinc.ca\/fr\/","name":"Les \u00e9quipements d&#039;\u00e9rabli\u00e8re CDL","description":"L&#039;ac\u00e9riculture c&#039;est votre passion... Nous aussi.","potentialAction":[{"@type":"SearchAction","target":{"@type":"EntryPoint","urlTemplate":"https:\/\/www.cdlinc.ca\/fr\/?s={search_term_string}"},"query-input":{"@type":"PropertyValueSpecification","valueRequired":true,"valueName":"search_term_string"}}],"inLanguage":"en-CA"}]}},"_links":{"self":[{"href":"https:\/\/www.cdlinc.ca\/en\/wp-json\/wp\/v2\/pages\/5836","targetHints":{"allow":["GET"]}}],"collection":[{"href":"https:\/\/www.cdlinc.ca\/en\/wp-json\/wp\/v2\/pages"}],"about":[{"href":"https:\/\/www.cdlinc.ca\/en\/wp-json\/wp\/v2\/types\/page"}],"author":[{"embeddable":true,"href":"https:\/\/www.cdlinc.ca\/en\/wp-json\/wp\/v2\/users\/10"}],"replies":[{"embeddable":true,"href":"https:\/\/www.cdlinc.ca\/en\/wp-json\/wp\/v2\/comments?post=5836"}],"version-history":[{"count":8,"href":"https:\/\/www.cdlinc.ca\/en\/wp-json\/wp\/v2\/pages\/5836\/revisions"}],"predecessor-version":[{"id":5993,"href":"https:\/\/www.cdlinc.ca\/en\/wp-json\/wp\/v2\/pages\/5836\/revisions\/5993"}],"up":[{"embeddable":true,"href":"https:\/\/www.cdlinc.ca\/en\/wp-json\/wp\/v2\/pages\/5812"}],"wp:attachment":[{"href":"https:\/\/www.cdlinc.ca\/en\/wp-json\/wp\/v2\/media?parent=5836"}],"curies":[{"name":"wp","href":"https:\/\/api.w.org\/{rel}","templated":true}]}}