{"id":570,"date":"2017-05-15T22:04:23","date_gmt":"2017-05-15T21:04:23","guid":{"rendered":"https:\/\/www.cdlinc.ca\/?page_id=570\/"},"modified":"2018-08-07T15:32:56","modified_gmt":"2018-08-07T14:32:56","slug":"useful-links","status":"publish","type":"page","link":"https:\/\/www.cdlinc.ca\/en\/useful-links\/","title":{"rendered":"Useful links"},"content":{"rendered":"<p>Welcome to our &#8221;useful links&#8221; page. Here, you can find useful websites, complementary information, studies and publishing. Do not hesitate to contact us for any recommandations!<\/p>\n<h2>WEBSITES<\/h2>\n<p><a href=\"http:\/\/www.internationalmaplesyrupinstitute.com\/\">International Maple Syrup Institute (IMSI)<\/a><\/p>\n<p><a href=\"http:\/\/www.ontariomaple.com\/\">Ontario Maple Syrup Producers Association (OMSPA)<\/a><\/p>\n<p><a href=\"http:\/\/www.novascotiamaplesyrup.com\/\">Maple Producers Association of Nova Scotia (MPANS)www.maplesyrupNB.com<\/a><\/p>\n<p><a href=\"http:\/\/www.northamericanmaple.org\/index.php\/en\">North American Maple Syrup Council (NAMSC)<\/a><\/p>\n<p><a href=\"http:\/\/www.maplesyrupNB.com\">New-Brunswick Maple Syrup Association inc.\u00a0(producers)<\/a><\/p>\n<p><a href=\"http:\/\/www.mapleliciousNB.com\">New-Brunswick Maple Syrup Association inc. (consumers)<\/a><\/p>\n<h2>USEFUL INFORMATION<\/h2>\n<p><a href=\"\/wp-content\/uploads\/2017\/05\/grading-system-anglais-1.pdf\">Standard International Grading System<\/a><\/p>\n<p><a href=\"\/wp-content\/uploads\/2017\/05\/conversions-2.pdf\">Useful Conversions<\/a><\/p>\n<p><a href=\"\/wp-content\/uploads\/2017\/05\/ro-temperature-chart-3.pdf\">RO Temperature Chart<\/a><\/p>\n<p><a href=\"\/wp-content\/uploads\/2017\/05\/ro-rejection-pourc-4.pdf\">RO Rejection %<\/a><\/p>\n<p><a href=\"\/wp-content\/uploads\/2017\/05\/btu-per-tree-type-5.pdf\">BTU per tree type<\/a><\/p>\n<h2>NUTRITIONAL INFORMATION<\/h2>\n<p><a href=\"\/wp-content\/uploads\/2017\/05\/a_fpaq_antioxidant-value-maple-syrup-anglais.pdf\">Antioxydant Capacity for Maple Syrup<\/a><\/p>\n<p><a href=\"\/wp-content\/uploads\/2017\/05\/b_fpaq_glycemic-index-anglais-2.pdf\">Glycemic Index for Maple Syrup<\/a><\/p>\n<p><a href=\"\/wp-content\/uploads\/2017\/05\/c_fpaq_nutritional-information-maple-syrup-3.pdf\">Nutritional Value of Maple Products<\/a><\/p>\n<p><a href=\"\/wp-content\/uploads\/2017\/05\/c_fpaq_nutritional-information-maple-syrup-3.pdf\">Definition of Maple Syrup<\/a><\/p>\n<p><a href=\"\/wp-content\/uploads\/2017\/05\/g_nutritional-and-antioxidant-comparisons-of-maple-to-other-foods-and-sweeteners-5.pdf\">Nutritional Value Comparison<\/a><\/p>\n<p><a href=\"\/wp-content\/uploads\/2017\/05\/h_maple-from-tree-to-table-culinary-education-guide-6.pdf\">From Tree to Table Culinary &#8211; Education Guide<\/a><\/p>\n<p><a href=\"\/wp-content\/uploads\/2017\/05\/j_canadian-nutrient-file-bulk-maple-syrup-nutrient-profile-7.pdf\">Canadian Nutrient File (CNF)<\/a><\/p>\n<p><a href=\"\/wp-content\/uploads\/2017\/05\/j_canadian-nutrient-file-prepackaged-maple-syrup-nutrient-profile-8.pdf\">Canadian Nutrient File (CNF) (Prepackaged)<\/a><\/p>\n<p><a href=\"\/wp-content\/uploads\/2017\/05\/k_usda-nutrient-database-maple-syrup-9.pdf\">Maple Syrup &#8211; Nutrient Values and Weights<\/a><\/p>\n<p><a href=\"\/wp-content\/uploads\/2017\/05\/maple-rackcard_eng_prsrdy-10.pdf\">Pure Maple Syrup &#8211; Natural and Nutritious<\/a><\/p>\n<h2>STUDIES AND PUBLISHING<\/h2>\n<p><a href=\"\/wp-content\/uploads\/2017\/05\/sugarbush-1.pdf\">Sugarbush Management: A Guide to maintaining Tree Health<\/a><\/p>\n<p><a href=\"http:\/\/onlinelibrary.wiley.com\/doi\/10.1002\/jsfa.6172\/abstract\">Potential of fluorescence spectroscopy for the characterisation of maple syrup flavours<\/a><\/p>\n<p><a href=\"http:\/\/www.ontariofarmer.com\/sitepages\/?aid=3579&amp;cn=TO+PLACE+A+WORD+AD+IN+ONTARIO+FARMER+&amp;an=Could%20maple%20syrup%20be%20the%20next%20superfood?\">Could maple syrup be the next superfood?<\/a><\/p>\n","protected":false},"excerpt":{"rendered":"Welcome to our &#8221;useful links&#8221; page. Here, you can find useful websites, complementary information, studies and publishing. Do not hesitate to contact us for any recommandations! WEBSITES International Maple Syrup Institute (IMSI) Ontario Maple Syrup Producers Association (OMSPA) Maple Producers Association of Nova Scotia (MPANS)www.maplesyrupNB.com North American Maple Syrup Council (NAMSC) New-Brunswick Maple Syrup Association [&hellip;]","protected":false},"author":2,"featured_media":0,"parent":0,"menu_order":0,"comment_status":"closed","ping_status":"closed","template":"","meta":{"_acf_changed":false,"footnotes":""},"class_list":["post-570","page","type-page","status-publish","hentry"],"acf":[],"yoast_head":"<!-- This site is optimized with the Yoast SEO plugin v25.2 - https:\/\/yoast.com\/wordpress\/plugins\/seo\/ -->\n<title>Useful links and ressources : CDL Maple Sugaring Equipment<\/title>\n<meta name=\"description\" content=\"Find useful links, websites, nutritional information as well as studies and publishing regarding maple sugaring production. CDL, your trusted supplier.\" \/>\n<meta name=\"robots\" content=\"index, follow, max-snippet:-1, max-image-preview:large, max-video-preview:-1\" \/>\n<link rel=\"canonical\" href=\"https:\/\/www.cdlinc.ca\/fr\/liens-utiles\/\" \/>\n<meta property=\"og:locale\" content=\"en_US\" \/>\n<meta property=\"og:type\" content=\"article\" \/>\n<meta property=\"og:title\" content=\"Useful links and ressources : CDL Maple Sugaring Equipment\" \/>\n<meta property=\"og:description\" content=\"Find useful links, websites, nutritional information as well as studies and publishing regarding maple sugaring production. CDL, your trusted supplier.\" \/>\n<meta property=\"og:url\" content=\"https:\/\/www.cdlinc.ca\/fr\/liens-utiles\/\" \/>\n<meta property=\"og:site_name\" content=\"Les \u00e9quipements d&#039;\u00e9rabli\u00e8re CDL\" \/>\n<meta property=\"article:modified_time\" content=\"2018-08-07T14:32:56+00:00\" \/>\n<meta property=\"og:image\" content=\"https:\/\/www.cdlinc.ca\/wp-content\/uploads\/2017\/04\/CDL_facebook_share_1200x630.jpg\" \/>\n<meta name=\"twitter:card\" content=\"summary_large_image\" \/>\n<meta name=\"twitter:label1\" content=\"Est. reading time\" \/>\n\t<meta name=\"twitter:data1\" content=\"1 minute\" \/>\n<script type=\"application\/ld+json\" class=\"yoast-schema-graph\">{\"@context\":\"https:\/\/schema.org\",\"@graph\":[{\"@type\":\"WebPage\",\"@id\":\"https:\/\/www.cdlinc.ca\/fr\/liens-utiles\/\",\"url\":\"https:\/\/www.cdlinc.ca\/fr\/liens-utiles\/\",\"name\":\"Useful links and ressources : CDL Maple Sugaring Equipment\",\"isPartOf\":{\"@id\":\"https:\/\/www.cdlinc.ca\/fr\/#website\"},\"datePublished\":\"2017-05-15T21:04:23+00:00\",\"dateModified\":\"2018-08-07T14:32:56+00:00\",\"description\":\"Find useful links, websites, nutritional information as well as studies and publishing regarding maple sugaring production. CDL, your trusted supplier.\",\"breadcrumb\":{\"@id\":\"https:\/\/www.cdlinc.ca\/fr\/liens-utiles\/#breadcrumb\"},\"inLanguage\":\"en-CA\",\"potentialAction\":[{\"@type\":\"ReadAction\",\"target\":[\"https:\/\/www.cdlinc.ca\/fr\/liens-utiles\/\"]}]},{\"@type\":\"BreadcrumbList\",\"@id\":\"https:\/\/www.cdlinc.ca\/fr\/liens-utiles\/#breadcrumb\",\"itemListElement\":[{\"@type\":\"ListItem\",\"position\":1,\"name\":\"Home\",\"item\":\"https:\/\/www.cdlinc.ca\/en\/\"},{\"@type\":\"ListItem\",\"position\":2,\"name\":\"Useful links\"}]},{\"@type\":\"WebSite\",\"@id\":\"https:\/\/www.cdlinc.ca\/fr\/#website\",\"url\":\"https:\/\/www.cdlinc.ca\/fr\/\",\"name\":\"Les \u00e9quipements d&#039;\u00e9rabli\u00e8re CDL\",\"description\":\"L&#039;ac\u00e9riculture c&#039;est votre passion... Nous aussi.\",\"potentialAction\":[{\"@type\":\"SearchAction\",\"target\":{\"@type\":\"EntryPoint\",\"urlTemplate\":\"https:\/\/www.cdlinc.ca\/fr\/?s={search_term_string}\"},\"query-input\":{\"@type\":\"PropertyValueSpecification\",\"valueRequired\":true,\"valueName\":\"search_term_string\"}}],\"inLanguage\":\"en-CA\"}]}<\/script>\n<!-- \/ Yoast SEO plugin. -->","yoast_head_json":{"title":"Useful links and ressources : CDL Maple Sugaring Equipment","description":"Find useful links, websites, nutritional information as well as studies and publishing regarding maple sugaring production. CDL, your trusted supplier.","robots":{"index":"index","follow":"follow","max-snippet":"max-snippet:-1","max-image-preview":"max-image-preview:large","max-video-preview":"max-video-preview:-1"},"canonical":"https:\/\/www.cdlinc.ca\/fr\/liens-utiles\/","og_locale":"en_US","og_type":"article","og_title":"Useful links and ressources : CDL Maple Sugaring Equipment","og_description":"Find useful links, websites, nutritional information as well as studies and publishing regarding maple sugaring production. CDL, your trusted supplier.","og_url":"https:\/\/www.cdlinc.ca\/fr\/liens-utiles\/","og_site_name":"Les \u00e9quipements d&#039;\u00e9rabli\u00e8re CDL","article_modified_time":"2018-08-07T14:32:56+00:00","og_image":[{"url":"https:\/\/www.cdlinc.ca\/wp-content\/uploads\/2017\/04\/CDL_facebook_share_1200x630.jpg","type":"","width":"","height":""}],"twitter_card":"summary_large_image","twitter_misc":{"Est. reading time":"1 minute"},"schema":{"@context":"https:\/\/schema.org","@graph":[{"@type":"WebPage","@id":"https:\/\/www.cdlinc.ca\/fr\/liens-utiles\/","url":"https:\/\/www.cdlinc.ca\/fr\/liens-utiles\/","name":"Useful links and ressources : CDL Maple Sugaring Equipment","isPartOf":{"@id":"https:\/\/www.cdlinc.ca\/fr\/#website"},"datePublished":"2017-05-15T21:04:23+00:00","dateModified":"2018-08-07T14:32:56+00:00","description":"Find useful links, websites, nutritional information as well as studies and publishing regarding maple sugaring production. CDL, your trusted supplier.","breadcrumb":{"@id":"https:\/\/www.cdlinc.ca\/fr\/liens-utiles\/#breadcrumb"},"inLanguage":"en-CA","potentialAction":[{"@type":"ReadAction","target":["https:\/\/www.cdlinc.ca\/fr\/liens-utiles\/"]}]},{"@type":"BreadcrumbList","@id":"https:\/\/www.cdlinc.ca\/fr\/liens-utiles\/#breadcrumb","itemListElement":[{"@type":"ListItem","position":1,"name":"Home","item":"https:\/\/www.cdlinc.ca\/en\/"},{"@type":"ListItem","position":2,"name":"Useful links"}]},{"@type":"WebSite","@id":"https:\/\/www.cdlinc.ca\/fr\/#website","url":"https:\/\/www.cdlinc.ca\/fr\/","name":"Les \u00e9quipements d&#039;\u00e9rabli\u00e8re CDL","description":"L&#039;ac\u00e9riculture c&#039;est votre passion... Nous aussi.","potentialAction":[{"@type":"SearchAction","target":{"@type":"EntryPoint","urlTemplate":"https:\/\/www.cdlinc.ca\/fr\/?s={search_term_string}"},"query-input":{"@type":"PropertyValueSpecification","valueRequired":true,"valueName":"search_term_string"}}],"inLanguage":"en-CA"}]}},"_links":{"self":[{"href":"https:\/\/www.cdlinc.ca\/en\/wp-json\/wp\/v2\/pages\/570","targetHints":{"allow":["GET"]}}],"collection":[{"href":"https:\/\/www.cdlinc.ca\/en\/wp-json\/wp\/v2\/pages"}],"about":[{"href":"https:\/\/www.cdlinc.ca\/en\/wp-json\/wp\/v2\/types\/page"}],"author":[{"embeddable":true,"href":"https:\/\/www.cdlinc.ca\/en\/wp-json\/wp\/v2\/users\/2"}],"replies":[{"embeddable":true,"href":"https:\/\/www.cdlinc.ca\/en\/wp-json\/wp\/v2\/comments?post=570"}],"version-history":[{"count":28,"href":"https:\/\/www.cdlinc.ca\/en\/wp-json\/wp\/v2\/pages\/570\/revisions"}],"predecessor-version":[{"id":2239,"href":"https:\/\/www.cdlinc.ca\/en\/wp-json\/wp\/v2\/pages\/570\/revisions\/2239"}],"wp:attachment":[{"href":"https:\/\/www.cdlinc.ca\/en\/wp-json\/wp\/v2\/media?parent=570"}],"curies":[{"name":"wp","href":"https:\/\/api.w.org\/{rel}","templated":true}]}}