{"id":566,"date":"2017-05-15T22:03:20","date_gmt":"2017-05-15T21:03:20","guid":{"rendered":"https:\/\/www.cdlinc.ca\/?page_id=566\/"},"modified":"2021-09-16T13:48:47","modified_gmt":"2021-09-16T12:48:47","slug":"history","status":"publish","type":"page","link":"https:\/\/www.cdlinc.ca\/en\/about-cdl\/history\/","title":{"rendered":"History of CDL"},"content":{"rendered":"<p>In 1991, Quebec\u2019s maple syrup industry was struggling. This dramatically impacted the maple sugaring division of IPL Inc., a leader in the Canadian plastics industry based in Saint-Damien-de-Buckland, Quebec. Even so, one of its employees, Christian Chabot, saw a business opportunity.<\/p>\n<p>Christian Chabot joined forces with his two brothers, Jean-Marie and Yvan, to create what we now know as CDL. Jean-Marie Chabot was a mechanical engineer with IPL, before becoming the company\u2019s R&amp;D director. He was responsible for the development of IPL\u2019s maple sugaring products division, and in the \u201970s was recognized as a pioneer of tubing systems for vacuum harvesting maple water (Sysvac). In fact, starting in 1971, he would test IPL\u2019s products in his own 5,000-tap sugar bush in Armagh, Quebec, before selling them to maple syrup producers. CDL\u2019s other owner, Yvan Chabot, had been an accounting and finance manager with the Coop F\u00e9d\u00e9r\u00e9e de Qu\u00e9bec, serving farmers. The brothers\u2019 areas of expertise complemented each other perfectly, which helped ensure a smooth start. CDL opened its head office in 1991. The initial goal was to gradually expand the company by serving as a \u201cone-stop shop\u201d for North American maple syrup producers while providing exceptional service. This informed their strategic decisions in the following years.<\/p>\n<p>In 1994, they acquired \u00c9vaporateurs Dallaire, a company from Saint-\u00c9variste, in Beauce, specialized in the manufacture of stainless steel maple sap evaporators and tanks. A major fire at the plant in 2009 led the company to relocate and expand significantly into the La Guadeloupe industrial centre (now CDL Beauce) in Beauce, a remarkable cutting-edge facility with the latest production technologies.<\/p>\n<p>In 1999, in response to the ever-growing demand for products in New Brunswick and the Bas-Saint-Laurent region, the directors opened the first CDL distribution centre in Cabano, Quebec. Doing so allowed them to move closer to producers in these more distant regions.<\/p>\n<p>In the early 2000s, the company moved its headquarters into a much larger building, with an office, a retail store, a manufacturing and assembly plant (for extractors and reverse osmosis systems), and a spacious central warehouse. They also opened a machining centre equipped with the latest digital control and computer-aided design (CAD) technologies for producing stainless steel parts. Together, these new facilities have helped the company meet customers\u2019 growing needs and the need for staffing while expanding CDL\u2019s product lines.<\/p>\n<p>In 2005, the purchase of Waterloo Small USA was finalized. The St. Albans, Vermont, plant, better known as Maple Pro, solidified CDL\u2019s expansion onto the American market.<\/p>\n<p>2014 was a landmark year for CDL with the acquisition of Atkinson, the largest distributor of maple sugaring products in Ontario. This not only solidified CDL\u2019s presence in Ontario, but also helped the company assert its position as a world leader in the maple syrup industry.<\/p>\n<p>In 2017, CDL had been looking for a building near its headquarters for some time so that it could expand its production and distribution capabilities. Finally, it was able to seize an opportunity and acquire a building in Sainte-Claire that had housed Baldor\u2019s plant and administrative services. This came with several advantages: it allowed CDL to centralize several satellite warehouses, met the need for more space, and improved management efficiency.<\/p>\n<p>In late 2018, CDL announced the acquisition of \u00c9vaporateurs Faucher, a company in Sainte-Marie, in Beauce, Quebec. This transaction underlined CDL\u2019s desire to offer customers local expertise based on experience and tradition. With this new division, CDL added a highly skilled and talented team of professionals to its ranks, drawn from a pioneering company with a century of expertise.<\/p>\n<p>It was also in 2018 that the current majority owners of CDL, Vallier, Martin, and Marc-Andr\u00e9 Chabot, partnered with Groupe BMR\/Sollio to ensure the company\u2019s long-term sustainability in Quebec. This partnership also strengthened its regional proximity to all Quebec maple syrup producers, as it meant that CDL\u2019s products were sold throughout the BMR network.<\/p>\n<p>In 2020, CDL started forging links overseas, partnering with a French distributor to open its first birch sap branch in Europe. CDL\u2019s knowledge and expertise in maple syrup production have allowed it to launch promising projects for the sap division, such as the Forest Farmer project in Vermont and the Ch\u00e2teau de Chambord project in France.<\/p>\n<p>Considered a fully integrated company that develops, manufactures, and distributes equipment for maple syrup production and maple product processing, and now also active in the field of plant-based waters, CDL is recognized as a world leader in the industry thanks to its expertise, the performance of its equipment, its closeness with producers, and its innovative spirit.<\/p>\n<p>Acquisitions and strategic investments have allowed CDL to position itself as an industry leader for many years. Today, the company has over 300 employees in North America in its four plants and numerous corporate stores. Through its 24 locations in Canada and 17 locations in the United States, CDL is proud to offer its products and local service to all its customers.<\/p>\n<p>The Chabot family (majority owner of CDL) has also been producing maple syrup for five generations. The brothers and their father are maple syrup producers themselves and own a 70,000-tap sugar bush in Armagh, Quebec. For nearly 50 years, the family sugar bush has served as a testing ground for new CDL products. It\u2019s also a place where the family gathers regularly to renew their passion for the profession and prepare the next generation to take over.<\/p>\n<p>CDL is attentive to its customers\u2019 needs and remains a company guided by a family culture of trust, friendliness, and pride in its work.<\/p>\n<p>CDL, a presence serving the industry. <em>The CDL Way. The power of expertise.<\/em><\/p>\n","protected":false},"excerpt":{"rendered":"In 1991, Quebec\u2019s maple syrup industry was struggling. This dramatically impacted the maple sugaring division of IPL Inc., a leader in the Canadian plastics industry based in Saint-Damien-de-Buckland, Quebec. Even so, one of its employees, Christian Chabot, saw a business opportunity. Christian Chabot joined forces with his two brothers, Jean-Marie and Yvan, to create what [&hellip;]","protected":false},"author":2,"featured_media":1106,"parent":485,"menu_order":0,"comment_status":"closed","ping_status":"closed","template":"","meta":{"_acf_changed":false,"footnotes":""},"class_list":["post-566","page","type-page","status-publish","has-post-thumbnail","hentry"],"acf":[],"yoast_head":"<!-- This site is optimized with the Yoast SEO plugin v25.2 - https:\/\/yoast.com\/wordpress\/plugins\/seo\/ -->\n<title>History of the Company: CDL Maple Sugaring Equipment<\/title>\n<meta name=\"description\" content=\"Our history. Through the years and acquisitions we built a unique expertise in maple sugaring equipment that we place at the service of maple producers.\" \/>\n<meta name=\"robots\" content=\"index, follow, max-snippet:-1, max-image-preview:large, max-video-preview:-1\" \/>\n<link rel=\"canonical\" href=\"https:\/\/www.cdlinc.ca\/en\/about-cdl\/history\/\" \/>\n<meta property=\"og:locale\" content=\"en_US\" \/>\n<meta property=\"og:type\" content=\"article\" \/>\n<meta property=\"og:title\" content=\"History of the Company: CDL Maple Sugaring Equipment\" \/>\n<meta property=\"og:description\" content=\"Our history. Through the years and acquisitions we built a unique expertise in maple sugaring equipment that we place at the service of maple producers.\" \/>\n<meta property=\"og:url\" content=\"https:\/\/www.cdlinc.ca\/en\/about-cdl\/history\/\" \/>\n<meta property=\"og:site_name\" content=\"Les \u00e9quipements d&#039;\u00e9rabli\u00e8re CDL\" \/>\n<meta property=\"article:modified_time\" content=\"2021-09-16T12:48:47+00:00\" \/>\n<meta property=\"og:image\" content=\"https:\/\/www.cdlinc.ca\/wp-content\/uploads\/2017\/05\/IMG_0614-700x525.jpg\" \/>\n\t<meta property=\"og:image:width\" content=\"700\" \/>\n\t<meta property=\"og:image:height\" content=\"525\" \/>\n\t<meta property=\"og:image:type\" content=\"image\/jpeg\" \/>\n<meta name=\"twitter:card\" content=\"summary_large_image\" \/>\n<meta name=\"twitter:label1\" content=\"Est. reading time\" \/>\n\t<meta name=\"twitter:data1\" content=\"5 minutes\" \/>\n<script type=\"application\/ld+json\" class=\"yoast-schema-graph\">{\"@context\":\"https:\/\/schema.org\",\"@graph\":[{\"@type\":\"WebPage\",\"@id\":\"https:\/\/www.cdlinc.ca\/en\/about-cdl\/history\/\",\"url\":\"https:\/\/www.cdlinc.ca\/en\/about-cdl\/history\/\",\"name\":\"History of the Company: CDL Maple Sugaring Equipment\",\"isPartOf\":{\"@id\":\"https:\/\/www.cdlinc.ca\/fr\/#website\"},\"primaryImageOfPage\":{\"@id\":\"https:\/\/www.cdlinc.ca\/en\/about-cdl\/history\/#primaryimage\"},\"image\":{\"@id\":\"https:\/\/www.cdlinc.ca\/en\/about-cdl\/history\/#primaryimage\"},\"thumbnailUrl\":\"https:\/\/www.cdlinc.ca\/wp-content\/uploads\/2017\/05\/IMG_0614.jpg\",\"datePublished\":\"2017-05-15T21:03:20+00:00\",\"dateModified\":\"2021-09-16T12:48:47+00:00\",\"description\":\"Our history. Through the years and acquisitions we built a unique expertise in maple sugaring equipment that we place at the service of maple producers.\",\"breadcrumb\":{\"@id\":\"https:\/\/www.cdlinc.ca\/en\/about-cdl\/history\/#breadcrumb\"},\"inLanguage\":\"en-CA\",\"potentialAction\":[{\"@type\":\"ReadAction\",\"target\":[\"https:\/\/www.cdlinc.ca\/en\/about-cdl\/history\/\"]}]},{\"@type\":\"ImageObject\",\"inLanguage\":\"en-CA\",\"@id\":\"https:\/\/www.cdlinc.ca\/en\/about-cdl\/history\/#primaryimage\",\"url\":\"https:\/\/www.cdlinc.ca\/wp-content\/uploads\/2017\/05\/IMG_0614.jpg\",\"contentUrl\":\"https:\/\/www.cdlinc.ca\/wp-content\/uploads\/2017\/05\/IMG_0614.jpg\",\"width\":3264,\"height\":2448},{\"@type\":\"BreadcrumbList\",\"@id\":\"https:\/\/www.cdlinc.ca\/en\/about-cdl\/history\/#breadcrumb\",\"itemListElement\":[{\"@type\":\"ListItem\",\"position\":1,\"name\":\"Home\",\"item\":\"https:\/\/www.cdlinc.ca\/en\/\"},{\"@type\":\"ListItem\",\"position\":2,\"name\":\"About CDL\",\"item\":\"https:\/\/www.cdlinc.ca\/en\/about-cdl\/\"},{\"@type\":\"ListItem\",\"position\":3,\"name\":\"History of CDL\"}]},{\"@type\":\"WebSite\",\"@id\":\"https:\/\/www.cdlinc.ca\/fr\/#website\",\"url\":\"https:\/\/www.cdlinc.ca\/fr\/\",\"name\":\"Les \u00e9quipements d&#039;\u00e9rabli\u00e8re CDL\",\"description\":\"L&#039;ac\u00e9riculture c&#039;est votre passion... Nous aussi.\",\"potentialAction\":[{\"@type\":\"SearchAction\",\"target\":{\"@type\":\"EntryPoint\",\"urlTemplate\":\"https:\/\/www.cdlinc.ca\/fr\/?s={search_term_string}\"},\"query-input\":{\"@type\":\"PropertyValueSpecification\",\"valueRequired\":true,\"valueName\":\"search_term_string\"}}],\"inLanguage\":\"en-CA\"}]}<\/script>\n<!-- \/ Yoast SEO plugin. -->","yoast_head_json":{"title":"History of the Company: CDL Maple Sugaring Equipment","description":"Our history. Through the years and acquisitions we built a unique expertise in maple sugaring equipment that we place at the service of maple producers.","robots":{"index":"index","follow":"follow","max-snippet":"max-snippet:-1","max-image-preview":"max-image-preview:large","max-video-preview":"max-video-preview:-1"},"canonical":"https:\/\/www.cdlinc.ca\/en\/about-cdl\/history\/","og_locale":"en_US","og_type":"article","og_title":"History of the Company: CDL Maple Sugaring Equipment","og_description":"Our history. Through the years and acquisitions we built a unique expertise in maple sugaring equipment that we place at the service of maple producers.","og_url":"https:\/\/www.cdlinc.ca\/en\/about-cdl\/history\/","og_site_name":"Les \u00e9quipements d&#039;\u00e9rabli\u00e8re CDL","article_modified_time":"2021-09-16T12:48:47+00:00","og_image":[{"width":700,"height":525,"url":"https:\/\/www.cdlinc.ca\/wp-content\/uploads\/2017\/05\/IMG_0614-700x525.jpg","type":"image\/jpeg"}],"twitter_card":"summary_large_image","twitter_misc":{"Est. reading time":"5 minutes"},"schema":{"@context":"https:\/\/schema.org","@graph":[{"@type":"WebPage","@id":"https:\/\/www.cdlinc.ca\/en\/about-cdl\/history\/","url":"https:\/\/www.cdlinc.ca\/en\/about-cdl\/history\/","name":"History of the Company: CDL Maple Sugaring Equipment","isPartOf":{"@id":"https:\/\/www.cdlinc.ca\/fr\/#website"},"primaryImageOfPage":{"@id":"https:\/\/www.cdlinc.ca\/en\/about-cdl\/history\/#primaryimage"},"image":{"@id":"https:\/\/www.cdlinc.ca\/en\/about-cdl\/history\/#primaryimage"},"thumbnailUrl":"https:\/\/www.cdlinc.ca\/wp-content\/uploads\/2017\/05\/IMG_0614.jpg","datePublished":"2017-05-15T21:03:20+00:00","dateModified":"2021-09-16T12:48:47+00:00","description":"Our history. Through the years and acquisitions we built a unique expertise in maple sugaring equipment that we place at the service of maple producers.","breadcrumb":{"@id":"https:\/\/www.cdlinc.ca\/en\/about-cdl\/history\/#breadcrumb"},"inLanguage":"en-CA","potentialAction":[{"@type":"ReadAction","target":["https:\/\/www.cdlinc.ca\/en\/about-cdl\/history\/"]}]},{"@type":"ImageObject","inLanguage":"en-CA","@id":"https:\/\/www.cdlinc.ca\/en\/about-cdl\/history\/#primaryimage","url":"https:\/\/www.cdlinc.ca\/wp-content\/uploads\/2017\/05\/IMG_0614.jpg","contentUrl":"https:\/\/www.cdlinc.ca\/wp-content\/uploads\/2017\/05\/IMG_0614.jpg","width":3264,"height":2448},{"@type":"BreadcrumbList","@id":"https:\/\/www.cdlinc.ca\/en\/about-cdl\/history\/#breadcrumb","itemListElement":[{"@type":"ListItem","position":1,"name":"Home","item":"https:\/\/www.cdlinc.ca\/en\/"},{"@type":"ListItem","position":2,"name":"About CDL","item":"https:\/\/www.cdlinc.ca\/en\/about-cdl\/"},{"@type":"ListItem","position":3,"name":"History of CDL"}]},{"@type":"WebSite","@id":"https:\/\/www.cdlinc.ca\/fr\/#website","url":"https:\/\/www.cdlinc.ca\/fr\/","name":"Les \u00e9quipements d&#039;\u00e9rabli\u00e8re CDL","description":"L&#039;ac\u00e9riculture c&#039;est votre passion... Nous aussi.","potentialAction":[{"@type":"SearchAction","target":{"@type":"EntryPoint","urlTemplate":"https:\/\/www.cdlinc.ca\/fr\/?s={search_term_string}"},"query-input":{"@type":"PropertyValueSpecification","valueRequired":true,"valueName":"search_term_string"}}],"inLanguage":"en-CA"}]}},"_links":{"self":[{"href":"https:\/\/www.cdlinc.ca\/en\/wp-json\/wp\/v2\/pages\/566","targetHints":{"allow":["GET"]}}],"collection":[{"href":"https:\/\/www.cdlinc.ca\/en\/wp-json\/wp\/v2\/pages"}],"about":[{"href":"https:\/\/www.cdlinc.ca\/en\/wp-json\/wp\/v2\/types\/page"}],"author":[{"embeddable":true,"href":"https:\/\/www.cdlinc.ca\/en\/wp-json\/wp\/v2\/users\/2"}],"replies":[{"embeddable":true,"href":"https:\/\/www.cdlinc.ca\/en\/wp-json\/wp\/v2\/comments?post=566"}],"version-history":[{"count":10,"href":"https:\/\/www.cdlinc.ca\/en\/wp-json\/wp\/v2\/pages\/566\/revisions"}],"predecessor-version":[{"id":6432,"href":"https:\/\/www.cdlinc.ca\/en\/wp-json\/wp\/v2\/pages\/566\/revisions\/6432"}],"up":[{"embeddable":true,"href":"https:\/\/www.cdlinc.ca\/en\/wp-json\/wp\/v2\/pages\/485"}],"wp:featuredmedia":[{"embeddable":true,"href":"https:\/\/www.cdlinc.ca\/en\/wp-json\/wp\/v2\/media\/1106"}],"wp:attachment":[{"href":"https:\/\/www.cdlinc.ca\/en\/wp-json\/wp\/v2\/media?parent=566"}],"curies":[{"name":"wp","href":"https:\/\/api.w.org\/{rel}","templated":true}]}}