{"id":562,"date":"2017-05-15T22:02:31","date_gmt":"2017-05-15T21:02:31","guid":{"rendered":"https:\/\/www.cdlinc.ca\/?page_id=562\/"},"modified":"2018-08-07T14:51:06","modified_gmt":"2018-08-07T13:51:06","slug":"rd","status":"publish","type":"page","link":"https:\/\/www.cdlinc.ca\/en\/about-cdl\/rd\/","title":{"rendered":"Research and development"},"content":{"rendered":"<p>CDL has a <strong>research and development<\/strong> team that allows the company to improve its production capacities and also the quality of its products. These men and women are working day after day to find new ways to offer maple syrup producers better productivity, efficiency and profitability. Indeed, this team will never stop innovating the maple syrup industry since they are themselves maple syrup producers. They are increasingly trying to create new products to meet your needs through their personal experiences in the field. It is all of these dedicated people who allow our company to be the leader in the industry year after year.<\/p>\n","protected":false},"excerpt":{"rendered":"CDL has a research and development team that allows the company to improve its production capacities and also the quality of its products. These men and women are working day after day to find new ways to offer maple syrup producers better productivity, efficiency and profitability. Indeed, this team will never stop innovating the maple [&hellip;]","protected":false},"author":2,"featured_media":0,"parent":485,"menu_order":0,"comment_status":"closed","ping_status":"closed","template":"","meta":{"_acf_changed":false,"footnotes":""},"class_list":["post-562","page","type-page","status-publish","hentry"],"acf":[],"yoast_head":"<!-- This site is optimized with the Yoast SEO plugin v25.2 - https:\/\/yoast.com\/wordpress\/plugins\/seo\/ -->\n<title>Research and development : CDL Maple sugaring equipment<\/title>\n<meta name=\"description\" content=\"Innovation is our strength. We can count on our own research and development team to keep providing the best quality products for maple syrup production.\" \/>\n<meta name=\"robots\" content=\"index, follow, max-snippet:-1, max-image-preview:large, max-video-preview:-1\" \/>\n<link rel=\"canonical\" href=\"https:\/\/www.cdlinc.ca\/en\/about-cdl\/rd\/\" \/>\n<meta property=\"og:locale\" content=\"en_US\" \/>\n<meta property=\"og:type\" content=\"article\" \/>\n<meta property=\"og:title\" content=\"Research and development : CDL Maple sugaring equipment\" \/>\n<meta property=\"og:description\" content=\"Innovation is our strength. We can count on our own research and development team to keep providing the best quality products for maple syrup production.\" \/>\n<meta property=\"og:url\" content=\"https:\/\/www.cdlinc.ca\/en\/about-cdl\/rd\/\" \/>\n<meta property=\"og:site_name\" content=\"Les \u00e9quipements d&#039;\u00e9rabli\u00e8re CDL\" \/>\n<meta property=\"article:modified_time\" content=\"2018-08-07T13:51:06+00:00\" \/>\n<meta property=\"og:image\" content=\"https:\/\/www.cdlinc.ca\/wp-content\/uploads\/2017\/04\/CDL_facebook_share_1200x630.jpg\" \/>\n<meta name=\"twitter:card\" content=\"summary_large_image\" \/>\n<meta name=\"twitter:label1\" content=\"Est. reading time\" \/>\n\t<meta name=\"twitter:data1\" content=\"1 minute\" \/>\n<script type=\"application\/ld+json\" class=\"yoast-schema-graph\">{\"@context\":\"https:\/\/schema.org\",\"@graph\":[{\"@type\":\"WebPage\",\"@id\":\"https:\/\/www.cdlinc.ca\/en\/about-cdl\/rd\/\",\"url\":\"https:\/\/www.cdlinc.ca\/en\/about-cdl\/rd\/\",\"name\":\"Research and development : CDL Maple sugaring equipment\",\"isPartOf\":{\"@id\":\"https:\/\/www.cdlinc.ca\/fr\/#website\"},\"datePublished\":\"2017-05-15T21:02:31+00:00\",\"dateModified\":\"2018-08-07T13:51:06+00:00\",\"description\":\"Innovation is our strength. We can count on our own research and development team to keep providing the best quality products for maple syrup production.\",\"breadcrumb\":{\"@id\":\"https:\/\/www.cdlinc.ca\/en\/about-cdl\/rd\/#breadcrumb\"},\"inLanguage\":\"en-CA\",\"potentialAction\":[{\"@type\":\"ReadAction\",\"target\":[\"https:\/\/www.cdlinc.ca\/en\/about-cdl\/rd\/\"]}]},{\"@type\":\"BreadcrumbList\",\"@id\":\"https:\/\/www.cdlinc.ca\/en\/about-cdl\/rd\/#breadcrumb\",\"itemListElement\":[{\"@type\":\"ListItem\",\"position\":1,\"name\":\"Home\",\"item\":\"https:\/\/www.cdlinc.ca\/en\/\"},{\"@type\":\"ListItem\",\"position\":2,\"name\":\"About CDL\",\"item\":\"https:\/\/www.cdlinc.ca\/en\/about-cdl\/\"},{\"@type\":\"ListItem\",\"position\":3,\"name\":\"Research and development\"}]},{\"@type\":\"WebSite\",\"@id\":\"https:\/\/www.cdlinc.ca\/fr\/#website\",\"url\":\"https:\/\/www.cdlinc.ca\/fr\/\",\"name\":\"Les \u00e9quipements d&#039;\u00e9rabli\u00e8re CDL\",\"description\":\"L&#039;ac\u00e9riculture c&#039;est votre passion... Nous aussi.\",\"potentialAction\":[{\"@type\":\"SearchAction\",\"target\":{\"@type\":\"EntryPoint\",\"urlTemplate\":\"https:\/\/www.cdlinc.ca\/fr\/?s={search_term_string}\"},\"query-input\":{\"@type\":\"PropertyValueSpecification\",\"valueRequired\":true,\"valueName\":\"search_term_string\"}}],\"inLanguage\":\"en-CA\"}]}<\/script>\n<!-- \/ Yoast SEO plugin. -->","yoast_head_json":{"title":"Research and development : CDL Maple sugaring equipment","description":"Innovation is our strength. We can count on our own research and development team to keep providing the best quality products for maple syrup production.","robots":{"index":"index","follow":"follow","max-snippet":"max-snippet:-1","max-image-preview":"max-image-preview:large","max-video-preview":"max-video-preview:-1"},"canonical":"https:\/\/www.cdlinc.ca\/en\/about-cdl\/rd\/","og_locale":"en_US","og_type":"article","og_title":"Research and development : CDL Maple sugaring equipment","og_description":"Innovation is our strength. We can count on our own research and development team to keep providing the best quality products for maple syrup production.","og_url":"https:\/\/www.cdlinc.ca\/en\/about-cdl\/rd\/","og_site_name":"Les \u00e9quipements d&#039;\u00e9rabli\u00e8re CDL","article_modified_time":"2018-08-07T13:51:06+00:00","og_image":[{"url":"https:\/\/www.cdlinc.ca\/wp-content\/uploads\/2017\/04\/CDL_facebook_share_1200x630.jpg","type":"","width":"","height":""}],"twitter_card":"summary_large_image","twitter_misc":{"Est. reading time":"1 minute"},"schema":{"@context":"https:\/\/schema.org","@graph":[{"@type":"WebPage","@id":"https:\/\/www.cdlinc.ca\/en\/about-cdl\/rd\/","url":"https:\/\/www.cdlinc.ca\/en\/about-cdl\/rd\/","name":"Research and development : CDL Maple sugaring equipment","isPartOf":{"@id":"https:\/\/www.cdlinc.ca\/fr\/#website"},"datePublished":"2017-05-15T21:02:31+00:00","dateModified":"2018-08-07T13:51:06+00:00","description":"Innovation is our strength. We can count on our own research and development team to keep providing the best quality products for maple syrup production.","breadcrumb":{"@id":"https:\/\/www.cdlinc.ca\/en\/about-cdl\/rd\/#breadcrumb"},"inLanguage":"en-CA","potentialAction":[{"@type":"ReadAction","target":["https:\/\/www.cdlinc.ca\/en\/about-cdl\/rd\/"]}]},{"@type":"BreadcrumbList","@id":"https:\/\/www.cdlinc.ca\/en\/about-cdl\/rd\/#breadcrumb","itemListElement":[{"@type":"ListItem","position":1,"name":"Home","item":"https:\/\/www.cdlinc.ca\/en\/"},{"@type":"ListItem","position":2,"name":"About CDL","item":"https:\/\/www.cdlinc.ca\/en\/about-cdl\/"},{"@type":"ListItem","position":3,"name":"Research and development"}]},{"@type":"WebSite","@id":"https:\/\/www.cdlinc.ca\/fr\/#website","url":"https:\/\/www.cdlinc.ca\/fr\/","name":"Les \u00e9quipements d&#039;\u00e9rabli\u00e8re CDL","description":"L&#039;ac\u00e9riculture c&#039;est votre passion... Nous aussi.","potentialAction":[{"@type":"SearchAction","target":{"@type":"EntryPoint","urlTemplate":"https:\/\/www.cdlinc.ca\/fr\/?s={search_term_string}"},"query-input":{"@type":"PropertyValueSpecification","valueRequired":true,"valueName":"search_term_string"}}],"inLanguage":"en-CA"}]}},"_links":{"self":[{"href":"https:\/\/www.cdlinc.ca\/en\/wp-json\/wp\/v2\/pages\/562","targetHints":{"allow":["GET"]}}],"collection":[{"href":"https:\/\/www.cdlinc.ca\/en\/wp-json\/wp\/v2\/pages"}],"about":[{"href":"https:\/\/www.cdlinc.ca\/en\/wp-json\/wp\/v2\/types\/page"}],"author":[{"embeddable":true,"href":"https:\/\/www.cdlinc.ca\/en\/wp-json\/wp\/v2\/users\/2"}],"replies":[{"embeddable":true,"href":"https:\/\/www.cdlinc.ca\/en\/wp-json\/wp\/v2\/comments?post=562"}],"version-history":[{"count":5,"href":"https:\/\/www.cdlinc.ca\/en\/wp-json\/wp\/v2\/pages\/562\/revisions"}],"predecessor-version":[{"id":2223,"href":"https:\/\/www.cdlinc.ca\/en\/wp-json\/wp\/v2\/pages\/562\/revisions\/2223"}],"up":[{"embeddable":true,"href":"https:\/\/www.cdlinc.ca\/en\/wp-json\/wp\/v2\/pages\/485"}],"wp:attachment":[{"href":"https:\/\/www.cdlinc.ca\/en\/wp-json\/wp\/v2\/media?parent=562"}],"curies":[{"name":"wp","href":"https:\/\/api.w.org\/{rel}","templated":true}]}}