{"id":5311,"date":"2020-12-18T16:56:23","date_gmt":"2020-12-18T15:56:23","guid":{"rendered":"https:\/\/www.cdlinc.ca\/?page_id=5311\/"},"modified":"2023-06-09T15:06:22","modified_gmt":"2023-06-09T19:06:22","slug":"what-is-4-0","status":"publish","type":"page","link":"https:\/\/www.cdlinc.ca\/en\/what-is-4-0\/","title":{"rendered":"What is 4.0?"},"content":{"rendered":"<p><strong>4.0 Vision in Maple Syrup Production<\/strong><\/p>\n<p>AUTOMATING YOUR SUGAR BUSH, FROM FOREST TO BARRELS&#8230; As in so many other fields, smart systems are part of the trends and solutions to many issues in maple syrup production because they help us make better decisions.<\/p>\n<p>CDL\u2019s 4.0 vision is to create a 100% automated, remote-controllable sugar bush, establish an encompassing synergy, and interconnect all the automated steps of maple syrup production, from the sap that drips in the forest to the syrup that drips into the barrel.<\/p>\n<p>\u00a0<\/p>\n\n\n<figure class=\"wp-block-embed is-type-video is-provider-youtube wp-block-embed-youtube wp-embed-aspect-16-9 wp-has-aspect-ratio\"><div class=\"wp-block-embed__wrapper\">\n<iframe loading=\"lazy\" title=\"4.0 Vision in Maple Syrup Production\" width=\"900\" height=\"506\" src=\"https:\/\/www.youtube.com\/embed\/YzJ0Fwx5ly8?feature=oembed\" frameborder=\"0\" allow=\"accelerometer; autoplay; clipboard-write; encrypted-media; gyroscope; picture-in-picture; web-share\" allowfullscreen><\/iframe>\n<\/div><\/figure>\n","protected":false},"excerpt":{"rendered":"4.0 Vision in Maple Syrup Production AUTOMATING YOUR SUGAR BUSH, FROM FOREST TO BARRELS&#8230; As in so many other fields, smart systems are part of the trends and solutions to many issues in maple syrup production because they help us make better decisions. CDL\u2019s 4.0 vision is to create a 100% automated, remote-controllable sugar bush, [&hellip;]","protected":false},"author":10,"featured_media":0,"parent":0,"menu_order":0,"comment_status":"closed","ping_status":"closed","template":"","meta":{"_acf_changed":false,"footnotes":""},"class_list":["post-5311","page","type-page","status-publish","hentry"],"acf":[],"yoast_head":"<!-- This site is optimized with the Yoast SEO plugin v25.2 - https:\/\/yoast.com\/wordpress\/plugins\/seo\/ -->\n<title>What is 4.0?<\/title>\n<meta name=\"robots\" content=\"index, follow, max-snippet:-1, max-image-preview:large, max-video-preview:-1\" \/>\n<link rel=\"canonical\" href=\"https:\/\/www.cdlinc.ca\/fr\/cest-quoi-4-0\/\" \/>\n<meta property=\"og:locale\" content=\"en_US\" \/>\n<meta property=\"og:type\" content=\"article\" \/>\n<meta property=\"og:title\" content=\"What is 4.0?\" \/>\n<meta property=\"og:description\" content=\"4.0 Vision in Maple Syrup Production AUTOMATING YOUR SUGAR BUSH, FROM FOREST TO BARRELS&#8230; As in so many other fields, smart systems are part of the trends and solutions to many issues in maple syrup production because they help us make better decisions. CDL\u2019s 4.0 vision is to create a 100% automated, remote-controllable sugar bush, [&hellip;]\" \/>\n<meta property=\"og:url\" content=\"https:\/\/www.cdlinc.ca\/fr\/cest-quoi-4-0\/\" \/>\n<meta property=\"og:site_name\" content=\"Les \u00e9quipements d&#039;\u00e9rabli\u00e8re CDL\" \/>\n<meta property=\"article:modified_time\" content=\"2023-06-09T19:06:22+00:00\" \/>\n<meta property=\"og:image\" content=\"https:\/\/www.cdlinc.ca\/wp-content\/uploads\/2017\/04\/CDL_facebook_share_1200x630.jpg\" \/>\n<meta name=\"twitter:card\" content=\"summary_large_image\" \/>\n<meta name=\"twitter:label1\" content=\"Est. reading time\" \/>\n\t<meta name=\"twitter:data1\" content=\"1 minute\" \/>\n<script type=\"application\/ld+json\" class=\"yoast-schema-graph\">{\"@context\":\"https:\/\/schema.org\",\"@graph\":[{\"@type\":\"WebPage\",\"@id\":\"https:\/\/www.cdlinc.ca\/fr\/cest-quoi-4-0\/\",\"url\":\"https:\/\/www.cdlinc.ca\/fr\/cest-quoi-4-0\/\",\"name\":\"What is 4.0?\",\"isPartOf\":{\"@id\":\"https:\/\/www.cdlinc.ca\/fr\/#website\"},\"datePublished\":\"2020-12-18T15:56:23+00:00\",\"dateModified\":\"2023-06-09T19:06:22+00:00\",\"breadcrumb\":{\"@id\":\"https:\/\/www.cdlinc.ca\/fr\/cest-quoi-4-0\/#breadcrumb\"},\"inLanguage\":\"en-CA\",\"potentialAction\":[{\"@type\":\"ReadAction\",\"target\":[\"https:\/\/www.cdlinc.ca\/fr\/cest-quoi-4-0\/\"]}]},{\"@type\":\"BreadcrumbList\",\"@id\":\"https:\/\/www.cdlinc.ca\/fr\/cest-quoi-4-0\/#breadcrumb\",\"itemListElement\":[{\"@type\":\"ListItem\",\"position\":1,\"name\":\"Home\",\"item\":\"https:\/\/www.cdlinc.ca\/en\/\"},{\"@type\":\"ListItem\",\"position\":2,\"name\":\"What is 4.0?\"}]},{\"@type\":\"WebSite\",\"@id\":\"https:\/\/www.cdlinc.ca\/fr\/#website\",\"url\":\"https:\/\/www.cdlinc.ca\/fr\/\",\"name\":\"Les \u00e9quipements d&#039;\u00e9rabli\u00e8re CDL\",\"description\":\"L&#039;ac\u00e9riculture c&#039;est votre passion... Nous aussi.\",\"potentialAction\":[{\"@type\":\"SearchAction\",\"target\":{\"@type\":\"EntryPoint\",\"urlTemplate\":\"https:\/\/www.cdlinc.ca\/fr\/?s={search_term_string}\"},\"query-input\":{\"@type\":\"PropertyValueSpecification\",\"valueRequired\":true,\"valueName\":\"search_term_string\"}}],\"inLanguage\":\"en-CA\"}]}<\/script>\n<!-- \/ Yoast SEO plugin. -->","yoast_head_json":{"title":"What is 4.0?","robots":{"index":"index","follow":"follow","max-snippet":"max-snippet:-1","max-image-preview":"max-image-preview:large","max-video-preview":"max-video-preview:-1"},"canonical":"https:\/\/www.cdlinc.ca\/fr\/cest-quoi-4-0\/","og_locale":"en_US","og_type":"article","og_title":"What is 4.0?","og_description":"4.0 Vision in Maple Syrup Production AUTOMATING YOUR SUGAR BUSH, FROM FOREST TO BARRELS&#8230; As in so many other fields, smart systems are part of the trends and solutions to many issues in maple syrup production because they help us make better decisions. CDL\u2019s 4.0 vision is to create a 100% automated, remote-controllable sugar bush, [&hellip;]","og_url":"https:\/\/www.cdlinc.ca\/fr\/cest-quoi-4-0\/","og_site_name":"Les \u00e9quipements d&#039;\u00e9rabli\u00e8re CDL","article_modified_time":"2023-06-09T19:06:22+00:00","og_image":[{"url":"https:\/\/www.cdlinc.ca\/wp-content\/uploads\/2017\/04\/CDL_facebook_share_1200x630.jpg","type":"","width":"","height":""}],"twitter_card":"summary_large_image","twitter_misc":{"Est. reading time":"1 minute"},"schema":{"@context":"https:\/\/schema.org","@graph":[{"@type":"WebPage","@id":"https:\/\/www.cdlinc.ca\/fr\/cest-quoi-4-0\/","url":"https:\/\/www.cdlinc.ca\/fr\/cest-quoi-4-0\/","name":"What is 4.0?","isPartOf":{"@id":"https:\/\/www.cdlinc.ca\/fr\/#website"},"datePublished":"2020-12-18T15:56:23+00:00","dateModified":"2023-06-09T19:06:22+00:00","breadcrumb":{"@id":"https:\/\/www.cdlinc.ca\/fr\/cest-quoi-4-0\/#breadcrumb"},"inLanguage":"en-CA","potentialAction":[{"@type":"ReadAction","target":["https:\/\/www.cdlinc.ca\/fr\/cest-quoi-4-0\/"]}]},{"@type":"BreadcrumbList","@id":"https:\/\/www.cdlinc.ca\/fr\/cest-quoi-4-0\/#breadcrumb","itemListElement":[{"@type":"ListItem","position":1,"name":"Home","item":"https:\/\/www.cdlinc.ca\/en\/"},{"@type":"ListItem","position":2,"name":"What is 4.0?"}]},{"@type":"WebSite","@id":"https:\/\/www.cdlinc.ca\/fr\/#website","url":"https:\/\/www.cdlinc.ca\/fr\/","name":"Les \u00e9quipements d&#039;\u00e9rabli\u00e8re CDL","description":"L&#039;ac\u00e9riculture c&#039;est votre passion... Nous aussi.","potentialAction":[{"@type":"SearchAction","target":{"@type":"EntryPoint","urlTemplate":"https:\/\/www.cdlinc.ca\/fr\/?s={search_term_string}"},"query-input":{"@type":"PropertyValueSpecification","valueRequired":true,"valueName":"search_term_string"}}],"inLanguage":"en-CA"}]}},"_links":{"self":[{"href":"https:\/\/www.cdlinc.ca\/en\/wp-json\/wp\/v2\/pages\/5311","targetHints":{"allow":["GET"]}}],"collection":[{"href":"https:\/\/www.cdlinc.ca\/en\/wp-json\/wp\/v2\/pages"}],"about":[{"href":"https:\/\/www.cdlinc.ca\/en\/wp-json\/wp\/v2\/types\/page"}],"author":[{"embeddable":true,"href":"https:\/\/www.cdlinc.ca\/en\/wp-json\/wp\/v2\/users\/10"}],"replies":[{"embeddable":true,"href":"https:\/\/www.cdlinc.ca\/en\/wp-json\/wp\/v2\/comments?post=5311"}],"version-history":[{"count":7,"href":"https:\/\/www.cdlinc.ca\/en\/wp-json\/wp\/v2\/pages\/5311\/revisions"}],"predecessor-version":[{"id":9569,"href":"https:\/\/www.cdlinc.ca\/en\/wp-json\/wp\/v2\/pages\/5311\/revisions\/9569"}],"wp:attachment":[{"href":"https:\/\/www.cdlinc.ca\/en\/wp-json\/wp\/v2\/media?parent=5311"}],"curies":[{"name":"wp","href":"https:\/\/api.w.org\/{rel}","templated":true}]}}