{"id":523,"date":"2017-05-15T20:46:05","date_gmt":"2017-05-15T19:46:05","guid":{"rendered":"https:\/\/www.cdlinc.ca\/?page_id=523\/"},"modified":"2026-03-24T13:51:55","modified_gmt":"2026-03-24T17:51:55","slug":"stores-and-distributors","status":"publish","type":"page","link":"https:\/\/www.cdlinc.ca\/en\/stores-and-distributors\/","title":{"rendered":"Corporate Stores and Distributors"},"content":{"rendered":"\n<p>Our many CDL&nbsp;corporate stores&nbsp;and distributors near you offer a local service to find quality maple products and equipment in addition to our various services offered.<\/p>\n\n\n\n<p><iframe loading=\"lazy\" src=\"https:\/\/www.google.com\/maps\/d\/embed?mid=1I0I5EWnkiEExppF5_qj_-OpVOrZ8XfUe\" width=\"100%\" height=\"450px\"><\/iframe><\/p>\n\n\n\n<p><\/p>\n\n\n\n<h1 class=\"wp-block-heading\">QUEBEC CDL CORPORATE STORES<\/h1>\n\n\n\n<p>SAINT-LAZARE (HEAD OFFICE)<br>257, route 279<br>Saint-Lazare (Qu\u00e9bec) G0R 3J0<br>Tel.: 418-883-5158<br>Toll free: 1-800-361-5158<br>Fax.: 418-883-4159<br><a href=\"mailto:st-lazare@cdlinc.ca\">st-lazare@cdlinc.ca<\/a><\/p>\n\n\n\n<p><strong>Monday to Friday 7:30AM to 17:00PM<\/strong><\/p>\n\n\n\n<p><strong>Saturday 8:00AM to 12:00PM<\/strong><\/p>\n\n\n\n<p><strong><strong>_____________________________<\/strong><\/strong><\/p>\n\n\n\n<p>CDL LA GUADELOUPE<br>295, 14e Avenue<br>La Guadeloupe (Qu\u00e9bec) G0M 1G0<br>T\u00e9l.: 418-459-4012<br><a href=\"mailto:beauce@cdlinc.ca\">beauce@cdlinc.ca<\/a><\/p>\n\n\n\n<p><strong>Monday to Friday 7:30AM to 5:00PM <\/strong><\/p>\n\n\n\n<p><strong>Saturday 8:00AM to 12:00PM<\/strong><\/p>\n\n\n\n<p>*Please note that our CDL Beauce plant is still located at:<br>776 8e Rue Est<br>La Guadeloupe (Qu\u00e9bec) G0M 1G0<br>T\u00e9l.: 418-459-6218<\/p>\n\n\n\n<p><strong>_____________________________<br><\/strong><\/p>\n\n\n\n<p>CDL SAINTE-MARIE-DE-BEAUCE<br>500 Rte Cameron local 200<br>Sainte-Marie, QC G6E 0L9<br>Tel.: 418-387-2215<br><a href=\"mailto:ste-marie@cdlinc.ca\">ste-marie@cdlinc.ca<\/a><\/p>\n\n\n\n<p><strong>Monday to Friday 7:30AM to 5:00PM<\/strong><\/p>\n\n\n\n<p><strong><strong>_____________________________<\/strong><\/strong><\/p>\n\n\n\n<p>CDL CABANO<br>315, boulevard Industriel<br>T\u00e9miscouata-sur-le-lac (Qu\u00e9bec) G0L 1E0<br>Tel.: 418-854-5158<br>Toll free: 1-877-854-5158<br>Fax.: 418-854-1118<br><a href=\"mailto:cabano@cdlinc.ca\">cabano@cdlinc.ca<\/a><\/p>\n\n\n\n<p><strong>Monday to Friday 7:30AM to 5PM<\/strong><\/p>\n\n\n\n<p><strong><strong>_____________________________<\/strong><\/strong><\/p>\n\n\n\n<p>CDL ST-GABRIEL-DE RIMOUSKI<br>266, rue Principale<br>St-Gabriel-de-Rimouski (Qu\u00e9bec) G0K 1M0<br>Tel.: 418-798-0130<br><a href=\"mailto:stjacques@cdlinc.ca\">stgabrielderimouski@cdlinc.ca<\/a><\/p>\n\n\n\n<p><strong>Monday to Friday 7:30AM to 5:00PM<\/strong><\/p>\n\n\n\n<p><strong>Saturday 8:00AM to 12:00PM<\/strong><\/p>\n\n\n\n<p><strong>_____________________________<\/strong><\/p>\n\n\n\n<p>CDL L&#8217;ISLET<br>194, route 204<br>Saint-Adalbert (Qu\u00e9bec) G0R 2M0<br>Tel.: 418-356-5153<br><a href=\"mailto:lislet@cdlinc.ca\">lislet@cdlinc.ca<\/a><\/p>\n\n\n\n<p><strong>Monday to Friday 8:00AM to 5:00PM<\/strong><\/p>\n\n\n\n<p><strong>Saturday 8:00AM to 12:00PM<\/strong><\/p>\n\n\n\n<p><strong><strong>_____________________________<\/strong><\/strong><\/p>\n\n\n\n<p>CDL LOURDES<br>282, route 265<br>Notre-Dame-de-Lourdes (Qu\u00e9bec) G0S 1T0<br>Tel.: 819-245-0058<br><a href=\"mailto:lourdes@cdlinc.ca\">lourdes@cdlinc.ca<\/a><\/p>\n\n\n\n<p><strong>Monday to Friday 8:00AM to 4:30PM<\/strong><\/p>\n\n\n\n<p><strong>Saturday 8:00AM to 12:00PM<\/strong><\/p>\n\n\n\n<p><strong><strong>_____________________________<\/strong><\/strong><\/p>\n\n\n\n<p>CDL M\u00c9GANTIC<br>2294, rue Laval<br>Nantes, (Qu\u00e9bec) G6B 2V5<br>Tel. : 819-554-8443<br><a href=\"mailto:megantic@cdlinc.ca\">megantic@cdlinc.ca<\/a><\/p>\n\n\n\n<p><strong><strong>Monday to Friday 7:30AM to 5:00PM<\/strong><\/strong><\/p>\n\n\n\n<p><strong><strong>_____________________________<\/strong><\/strong><\/p>\n\n\n\n<p>CDL MONT-LAURIER<br>1054, boulevard Albiny-Paquette<br>Mont-Laurier&nbsp;(Qu\u00e9bec)&nbsp;J9L 1M1<br>Tel.:&nbsp;873-388-0145<br><a href=\"mailto:mont-laurier@cdlinc.ca\">mont-laurier@cdlinc.ca<\/a><\/p>\n\n\n\n<p><strong>Monday and Friday 8:00AM to 5:00PM<\/strong><\/p>\n\n\n\n<p><strong>Saturday 8:00AM to 5:00PM<\/strong><\/p>\n\n\n\n<p><strong>_____________________________<\/strong><\/p>\n\n\n\n<p>CDL ST-JACQUES<br>97C, rue Venne<br>St-Jacques (Qu\u00e9bec) J0K 2R0<br>Tel.: 450-499-4961<br><a href=\"mailto:stjacques@cdlinc.ca\">stjacques@cdlinc.ca<\/a><\/p>\n\n\n\n<p><strong>Monday to Friday 7:30AM to 5PM<\/strong><\/p>\n\n\n\n<p><strong>Saturday 8:00AM to 12:00PM<\/strong><\/p>\n\n\n\n<p><strong><strong>_____________________________<\/strong><\/strong><\/p>\n\n\n\n<p>CDL PORTNEUF<br>1142, avenue Saint-Louis<br>Portneuf (Qu\u00e9bec) G0A 2Y0<br>Tel.: 418-286-0003<br><a href=\"mailto:portneuf@cdlinc.ca\">portneuf@cdlinc.ca<\/a><\/p>\n\n\n\n<p><strong>Monday to Friday 7:30AM to 5:00PM<\/strong><\/p>\n\n\n\n<p><strong>Saturday 8:00AM to 12:00PM<\/strong><\/p>\n\n\n\n<p><strong><strong>_____________________________<\/strong><\/strong><\/p>\n\n\n\n<p>CDL SHEFFORD<br>2981, route 112<br>Shefford (Qu\u00e9bec) J2M 1C6<br>Tel.: 450-539-2225<br>Fax.: 450-539-0500<br><a href=\"mailto:shefford@cdlinc.ca\">shefford@cdlinc.ca<\/a><\/p>\n\n\n\n<p><strong>Monday to Friday 8:00AM to 4:30PM<\/strong><\/p>\n\n\n\n<p><strong>Saturday 8:00AM to 12:00PM<\/strong><\/p>\n\n\n\n<p><strong><strong>_____________________________<\/strong><\/strong><\/p>\n\n\n\n<p>CDL WARWICK<br>1, route 116 Est<br>Warwick (Qu\u00e9bec) J0A 1M0<br>Tel.: 873-406-0106<br><a href=\"mailto:warwick@cdlinc.ca\">warwick@cdlinc.ca<\/a><\/p>\n\n\n\n<p><strong>Monday to Friday <\/strong><\/p>\n\n\n\n<p><strong>8:00AM to 12:00PM, <\/strong><\/p>\n\n\n\n<p><strong>1:00PM to 4:30PM<\/strong><\/p>\n\n\n\n<p><strong><strong>_____________________________<\/strong><\/strong><\/p>\n\n\n\n<p>CDL SAINTE-AUR\u00c9LIE<br>8, rang Saint-Jean-Baptiste<br>Sainte-Aur\u00e9lie (Qu\u00e9bec) G0M 1M0<br>Tel.: 418-593-3804<br>Tel.: 418-593-3805<br>Fax.: 418-593-3804<br><a href=\"mailto:ste-aurelie@cdlinc.ca\">ste-aurelie@cdlinc.ca<\/a><\/p>\n\n\n\n<p><strong>Monday to Friday <\/strong><\/p>\n\n\n\n<p><strong>8:00AM to 12:00PM, <\/strong><\/p>\n\n\n\n<p><strong>1:00PM to 5:00PM<\/strong><\/p>\n\n\n\n<p><strong><strong>_____________________________<\/strong><\/strong><\/p>\n\n\n\n<p>CDL THETFORD<br>1892, rue Nadeau<br>Thetford Mines &#8211; Secteur Pontbriand<br>(Qu\u00e9bec) G6H 3K3<br>Tel.: 418-335-0853<br>Fax.: 418-335-3745<br><a href=\"mailto:thetford@cdlinc.ca\">thetford@cdlinc.ca<\/a><\/p>\n\n\n\n<p><strong>Monday to Friday 7:30AM to 5:00PM<\/strong><\/p>\n\n\n\n<p><strong>Saturday 8:00AM to 12:00PM<\/strong><\/p>\n\n\n\n<p><strong><strong>_____________________________<\/strong><\/strong><\/p>\n\n\n\n<p>CDL SAWYERVILLE<br>143, rue de Cookshire<br>Sawyerville (Qu\u00e9bec) J0B 3A0<br>Tel.1 : 819-416-1505<br>Tel. 2: 819-416-1501<br><a href=\"mailto:sawyerville@cdlinc.ca\">sawyerville@cdlinc.ca<\/a><\/p>\n\n\n\n<p><strong>Monday to Friday 7:30AM to 5:00PM<\/strong><\/p>\n\n\n\n<p><strong>Saturday 8:00AM to 12:00PM<\/strong><\/p>\n\n\n\n<p><strong><strong>_____________________________<\/strong><\/strong><\/p>\n\n\n\n<p>CDL HAUT-ST-LAURENT<br>2535, Route 209<br>Saint-Antoine-Abb\u00e9 (Qu\u00e9bec) J0S 1N0<br>Tel.: 1-844-805-1235<br>fax: 1-844-805-1675<br><a href=\"mailto:hautst-laurent@cdlinc.ca\">hautst-laurent@cdlinc.ca<\/a><\/p>\n\n\n\n<p><strong>Monday to Friday 8:00AM to 5:00PM<\/strong><\/p>\n\n\n\n<p><strong>Saturday 8:00AM to 12:00PM<\/strong><\/p>\n\n\n\n<p><strong><strong>_____________________________<\/strong><\/strong><\/p>\n\n\n\n<p>CDL&nbsp;ROXTON FALLS<br>286, rue Notre-Dame<br>Roxton Falls (Qu\u00e9bec) J0H 1E0<br>T\u00e9l.: 450-548-2242<br>Fax:&nbsp;450-548-2481<br><a href=\"mailto:roxtonfalls@cdlinc.ca\">roxtonfalls@cdlinc.ca<\/a><\/p>\n\n\n\n<p><strong>Monday to Friday 8:00AM to 5:00PM<br>Saturday 8:00AM to 12:00PM<\/strong><\/p>\n\n\n\n<p><strong><strong>_____________________________<\/strong><\/strong><\/p>\n\n\n\n<h2 class=\"wp-block-heading\">NEW BRUNSWICK CDL CORPORATE STORES<\/h2>\n\n\n\n<p>CDL ACADIE<br>1873, rue Bellechasse<br>Paquetville, NB&nbsp; E8R 1M9<br>Tel.: 506-764-3280<br>Fax: 506-727-8699<br><a href=\"mailto:acadie@cdlinc.ca\">acadie@cdlinc.ca<\/a><\/p>\n\n\n\n<p><strong>Monday to Friday 8:00AM to 5:00PM<\/strong><\/p>\n\n\n\n<p><strong>Saturday 8:00AM to 15:00PM<\/strong> &#8211; <strong>Sunday 8:00AM to 14:00PM<\/strong><\/p>\n\n\n\n<p><strong><strong>____________________________<\/strong><\/strong><\/p>\n\n\n\n<p>CDL ST-QUENTIN<br>7, rue Canada<br>St-Quentin, NB E8A 1J2<br>Tel.: 506-235-9100<br>Fax: &nbsp;506-764-3475<br><a href=\"mailto:stquentin@cdlinc.ca\">stquentin@cdlinc.ca<\/a><\/p>\n\n\n\n<p><strong>Monday to Friday 7:00AM to 5:00PM<\/strong><\/p>\n\n\n\n<p><strong>Saturday 8:00AM to 12:00PM<\/strong><\/p>\n\n\n\n<p><strong><strong>_____________________________<\/strong><\/strong><\/p>\n\n\n\n<h2 class=\"wp-block-heading\">ONTARIO CDL CORPORATE STORES<\/h2>\n\n\n\n<p>CDL CENTRAL ONTARIO<br>2907 Highway 11 N<br>Oro-Medonte (Ontario) L0L 2E0<br>Tel.: 705-487-3331<br>Sans frais : 1-800-959-9192 (Ontario only)<br>Fax: 705-487-0460<br><a href=\"mailto:atkinson@cdlinc.ca\">atkinson@cdlinc.ca<\/a><\/p>\n\n\n\n<p><strong>Monday to Friday 8:00AM to 5:00PM<\/strong><br><strong>Saturday<\/strong> <strong>9:00AM to 1:00PM<\/strong><\/p>\n\n\n\n<p><\/p>\n\n\n\n<p><strong><strong>____________________________<\/strong><\/strong><\/p>\n\n\n\n<p>CDL EASTERN<br>3464 Station Street<br>Monkland (Ontario) K0C 1V0<br>T\u00e9l.: 613-346-0333<br>Fax.: 613-346-1333<br><a href=\"mailto:cdleastern@cdlinc.ca\">eastern@cdlinc.ca<\/a><\/p>\n\n\n\n<p><strong>Monday to Friday 8:00AM to 5:00PM<\/strong><\/p>\n\n\n\n<p><strong>Saturday<\/strong> <strong>8:00AM to 12:00PM<\/strong><\/p>\n\n\n\n<p><strong><strong>_____________________________<\/strong><\/strong><\/p>\n\n\n\n<p>CDL LANARK COUNTY<br>38&nbsp;Dufferin Street<br>Perth&nbsp;(Ontario) K7H 3A4<br>T\u00e9l.: 613-259-5554<br>Fax.: 613-259-2409<br><a href=\"mailto:cdllanark@cdlinc.ca\">lanark@cdlinc.ca<\/a><\/p>\n\n\n\n<p><strong>Monday to Friday 8:00AM to 4:30PM<\/strong><\/p>\n\n\n\n<p><strong><strong>_____________________________<\/strong><\/strong><\/p>\n\n\n\n<p>CDL WESTERN<br>3301 Perth Road R.R #2<br>Staffa (Ontario) N0K 1Y0<br>Tel.: 519-345-0259<br><a href=\"mailto:cdlwestern@cdlinc.ca\">western@cdlinc.ca<\/a><\/p>\n\n\n\n<p><strong>Monday to Friday <strong>(8AM to 4:30PM)<\/strong><\/strong><\/p>\n\n\n\n<p><strong>Saturday 9:00AM to 1:00PM<\/strong><\/p>\n\n\n\n<p><strong><strong>_____________________________<\/strong><\/strong><\/p>\n\n\n\n<p>CDL GREY COUNTY<br>245794 Southgate Road 24<br>Proton Station (Ontario) N0C 1L0<br>Tel. : 519-379-7021<br><a href=\"mailto:enos.martin@cdlinc.ca\">enos.martin@cdlinc.ca<\/a><\/p>\n\n\n\n<p><strong>Monday to Saturday 8:00AM to 5:00PM<\/strong><\/p>\n\n\n\n<p><strong><strong>_____________________________<\/strong><\/strong><\/p>\n\n\n\n<h2 class=\"wp-block-heading\"><strong>CDL QUEBEC DISTRIBUTORS<\/strong><\/h2>\n\n\n\n<p>AGRI-SERVICE D.M.R. INC<br>Lanaudi\u00e8re<br>4011, rue Principale<br>St-F\u00e9lix-de-Valois (Qu\u00e9bec) J0K 2M0<br>Tel.: 450 889-8341<br>Fax: 450 889-2305<br>Toll free: 1-800-667-7030<\/p>\n\n\n\n<p>MEUNERIES MONDOU<br>Laurentides<br>Si\u00e8ge social: R\u00e9al Mondou inc.<br>12429, route Arthur-Sauv\u00e9<br>Mirabel (Qu\u00e9bec) J7N 2C2<br>Tel.: 450 258-2817<br>Fax: 450 258-4626<br>Toll free: 1 888 258-2817<br><a href=\"mailto:groupemondou@meuneriemondou.com\">groupemondou@meuneriemondou.com<\/a><\/p>\n\n\n\n<p>LES MOULINS B.G.L INC.<br>Laurentides<br>14, rue Legault<br>St-Andr\u00e9 d\u2019Argenteuil (Qu\u00e9bec) J0V 1X0<br>Tel.: 450 537-3774<br>Fax: 450 537-3777<\/p>\n\n\n\n<h2 class=\"wp-block-heading\">ONTARIO CDL DEALERS<\/h2>\n\n\n\n<p>RMG Family Sugar Bush<br>11866 W. Thompson Road<br>Rudyard, MI 49780<br>Tel.: 906-478-3038<br>Fax: 906-478-7830<br>Cell.: 906-322-0765<br><a href=\"mailto:mjross@lighthouse.net\">mjross@lighthouse.net<\/a><\/p>\n\n\n\n<p>KENTVALE HOME HARDWARE<br>712, K-line Road<br>Richards Landing, ON, P0R 1J0<br>T\u00e9l.: 705-246-2002<br>Fax: 705-246-2361<br><a href=\"mailto:kentvale@bell.net\">kentvale@bell.net<\/a><\/p>\n\n\n\n<p>NORTHWAY HOME HARDWARE<br>Maple Syrup Supplies<br>4231 Perth Road<br>Inverary, ON, K0H 1X0<br>P.: 613-353-7000<br>Alternate Phone: 613-353-2155<\/p>\n","protected":false},"excerpt":{"rendered":"Our many CDL&nbsp;corporate stores&nbsp;and distributors near you offer a local service to find quality maple products and equipment in addition to our various services offered. QUEBEC CDL CORPORATE STORES SAINT-LAZARE (HEAD OFFICE)257, route 279Saint-Lazare (Qu\u00e9bec) G0R 3J0Tel.: 418-883-5158Toll free: 1-800-361-5158Fax.: 418-883-4159st-lazare@cdlinc.ca Monday to Friday 7:30AM to 17:00PM Saturday 8:00AM to 12:00PM _____________________________ CDL LA GUADELOUPE295, [&hellip;]","protected":false},"author":2,"featured_media":1111,"parent":0,"menu_order":0,"comment_status":"closed","ping_status":"closed","template":"","meta":{"_acf_changed":false,"footnotes":""},"class_list":["post-523","page","type-page","status-publish","has-post-thumbnail","hentry"],"acf":[],"yoast_head":"<!-- This site is optimized with the Yoast SEO plugin v25.2 - https:\/\/yoast.com\/wordpress\/plugins\/seo\/ -->\n<title>Corporate Stores and Distributors : CDL Maple Sugaring Equipment<\/title>\n<meta name=\"description\" content=\"With CDL Corporate Stores and Distributors, easily find quality maple sugaring products and equipment near by your sugarbush.\" \/>\n<meta name=\"robots\" content=\"index, follow, max-snippet:-1, max-image-preview:large, max-video-preview:-1\" \/>\n<link rel=\"canonical\" href=\"https:\/\/www.cdlinc.ca\/en\/stores-and-distributors\/\" \/>\n<meta property=\"og:locale\" content=\"en_US\" \/>\n<meta property=\"og:type\" content=\"article\" \/>\n<meta property=\"og:title\" content=\"Corporate Stores and Distributors : CDL Maple Sugaring Equipment\" \/>\n<meta property=\"og:description\" content=\"With CDL Corporate Stores and Distributors, easily find quality maple sugaring products and equipment near by your sugarbush.\" \/>\n<meta property=\"og:url\" content=\"https:\/\/www.cdlinc.ca\/en\/stores-and-distributors\/\" \/>\n<meta property=\"og:site_name\" content=\"Les \u00e9quipements d&#039;\u00e9rabli\u00e8re CDL\" \/>\n<meta property=\"article:modified_time\" content=\"2026-03-24T17:51:55+00:00\" \/>\n<meta property=\"og:image\" content=\"https:\/\/www.cdlinc.ca\/wp-content\/uploads\/2017\/05\/spring-1281894-700x467.jpg\" \/>\n\t<meta property=\"og:image:width\" content=\"700\" \/>\n\t<meta property=\"og:image:height\" content=\"467\" \/>\n\t<meta property=\"og:image:type\" content=\"image\/jpeg\" \/>\n<meta name=\"twitter:card\" content=\"summary_large_image\" \/>\n<meta name=\"twitter:label1\" content=\"Est. reading time\" \/>\n\t<meta name=\"twitter:data1\" content=\"5 minutes\" \/>\n<script type=\"application\/ld+json\" class=\"yoast-schema-graph\">{\"@context\":\"https:\/\/schema.org\",\"@graph\":[{\"@type\":\"WebPage\",\"@id\":\"https:\/\/www.cdlinc.ca\/en\/stores-and-distributors\/\",\"url\":\"https:\/\/www.cdlinc.ca\/en\/stores-and-distributors\/\",\"name\":\"Corporate Stores and Distributors : CDL Maple Sugaring Equipment\",\"isPartOf\":{\"@id\":\"https:\/\/www.cdlinc.ca\/fr\/#website\"},\"primaryImageOfPage\":{\"@id\":\"https:\/\/www.cdlinc.ca\/en\/stores-and-distributors\/#primaryimage\"},\"image\":{\"@id\":\"https:\/\/www.cdlinc.ca\/en\/stores-and-distributors\/#primaryimage\"},\"thumbnailUrl\":\"https:\/\/www.cdlinc.ca\/wp-content\/uploads\/2017\/05\/spring-1281894.jpg\",\"datePublished\":\"2017-05-15T19:46:05+00:00\",\"dateModified\":\"2026-03-24T17:51:55+00:00\",\"description\":\"With CDL Corporate Stores and Distributors, easily find quality maple sugaring products and equipment near by your sugarbush.\",\"breadcrumb\":{\"@id\":\"https:\/\/www.cdlinc.ca\/en\/stores-and-distributors\/#breadcrumb\"},\"inLanguage\":\"en-CA\",\"potentialAction\":[{\"@type\":\"ReadAction\",\"target\":[\"https:\/\/www.cdlinc.ca\/en\/stores-and-distributors\/\"]}]},{\"@type\":\"ImageObject\",\"inLanguage\":\"en-CA\",\"@id\":\"https:\/\/www.cdlinc.ca\/en\/stores-and-distributors\/#primaryimage\",\"url\":\"https:\/\/www.cdlinc.ca\/wp-content\/uploads\/2017\/05\/spring-1281894.jpg\",\"contentUrl\":\"https:\/\/www.cdlinc.ca\/wp-content\/uploads\/2017\/05\/spring-1281894.jpg\",\"width\":4752,\"height\":3168},{\"@type\":\"BreadcrumbList\",\"@id\":\"https:\/\/www.cdlinc.ca\/en\/stores-and-distributors\/#breadcrumb\",\"itemListElement\":[{\"@type\":\"ListItem\",\"position\":1,\"name\":\"Home\",\"item\":\"https:\/\/www.cdlinc.ca\/en\/\"},{\"@type\":\"ListItem\",\"position\":2,\"name\":\"Corporate Stores and Distributors\"}]},{\"@type\":\"WebSite\",\"@id\":\"https:\/\/www.cdlinc.ca\/fr\/#website\",\"url\":\"https:\/\/www.cdlinc.ca\/fr\/\",\"name\":\"Les \u00e9quipements d&#039;\u00e9rabli\u00e8re CDL\",\"description\":\"L&#039;ac\u00e9riculture c&#039;est votre passion... Nous aussi.\",\"potentialAction\":[{\"@type\":\"SearchAction\",\"target\":{\"@type\":\"EntryPoint\",\"urlTemplate\":\"https:\/\/www.cdlinc.ca\/fr\/?s={search_term_string}\"},\"query-input\":{\"@type\":\"PropertyValueSpecification\",\"valueRequired\":true,\"valueName\":\"search_term_string\"}}],\"inLanguage\":\"en-CA\"}]}<\/script>\n<!-- \/ Yoast SEO plugin. -->","yoast_head_json":{"title":"Corporate Stores and Distributors : CDL Maple Sugaring Equipment","description":"With CDL Corporate Stores and Distributors, easily find quality maple sugaring products and equipment near by your sugarbush.","robots":{"index":"index","follow":"follow","max-snippet":"max-snippet:-1","max-image-preview":"max-image-preview:large","max-video-preview":"max-video-preview:-1"},"canonical":"https:\/\/www.cdlinc.ca\/en\/stores-and-distributors\/","og_locale":"en_US","og_type":"article","og_title":"Corporate Stores and Distributors : CDL Maple Sugaring Equipment","og_description":"With CDL Corporate Stores and Distributors, easily find quality maple sugaring products and equipment near by your sugarbush.","og_url":"https:\/\/www.cdlinc.ca\/en\/stores-and-distributors\/","og_site_name":"Les \u00e9quipements d&#039;\u00e9rabli\u00e8re CDL","article_modified_time":"2026-03-24T17:51:55+00:00","og_image":[{"width":700,"height":467,"url":"https:\/\/www.cdlinc.ca\/wp-content\/uploads\/2017\/05\/spring-1281894-700x467.jpg","type":"image\/jpeg"}],"twitter_card":"summary_large_image","twitter_misc":{"Est. reading time":"5 minutes"},"schema":{"@context":"https:\/\/schema.org","@graph":[{"@type":"WebPage","@id":"https:\/\/www.cdlinc.ca\/en\/stores-and-distributors\/","url":"https:\/\/www.cdlinc.ca\/en\/stores-and-distributors\/","name":"Corporate Stores and Distributors : CDL Maple Sugaring Equipment","isPartOf":{"@id":"https:\/\/www.cdlinc.ca\/fr\/#website"},"primaryImageOfPage":{"@id":"https:\/\/www.cdlinc.ca\/en\/stores-and-distributors\/#primaryimage"},"image":{"@id":"https:\/\/www.cdlinc.ca\/en\/stores-and-distributors\/#primaryimage"},"thumbnailUrl":"https:\/\/www.cdlinc.ca\/wp-content\/uploads\/2017\/05\/spring-1281894.jpg","datePublished":"2017-05-15T19:46:05+00:00","dateModified":"2026-03-24T17:51:55+00:00","description":"With CDL Corporate Stores and Distributors, easily find quality maple sugaring products and equipment near by your sugarbush.","breadcrumb":{"@id":"https:\/\/www.cdlinc.ca\/en\/stores-and-distributors\/#breadcrumb"},"inLanguage":"en-CA","potentialAction":[{"@type":"ReadAction","target":["https:\/\/www.cdlinc.ca\/en\/stores-and-distributors\/"]}]},{"@type":"ImageObject","inLanguage":"en-CA","@id":"https:\/\/www.cdlinc.ca\/en\/stores-and-distributors\/#primaryimage","url":"https:\/\/www.cdlinc.ca\/wp-content\/uploads\/2017\/05\/spring-1281894.jpg","contentUrl":"https:\/\/www.cdlinc.ca\/wp-content\/uploads\/2017\/05\/spring-1281894.jpg","width":4752,"height":3168},{"@type":"BreadcrumbList","@id":"https:\/\/www.cdlinc.ca\/en\/stores-and-distributors\/#breadcrumb","itemListElement":[{"@type":"ListItem","position":1,"name":"Home","item":"https:\/\/www.cdlinc.ca\/en\/"},{"@type":"ListItem","position":2,"name":"Corporate Stores and Distributors"}]},{"@type":"WebSite","@id":"https:\/\/www.cdlinc.ca\/fr\/#website","url":"https:\/\/www.cdlinc.ca\/fr\/","name":"Les \u00e9quipements d&#039;\u00e9rabli\u00e8re CDL","description":"L&#039;ac\u00e9riculture c&#039;est votre passion... Nous aussi.","potentialAction":[{"@type":"SearchAction","target":{"@type":"EntryPoint","urlTemplate":"https:\/\/www.cdlinc.ca\/fr\/?s={search_term_string}"},"query-input":{"@type":"PropertyValueSpecification","valueRequired":true,"valueName":"search_term_string"}}],"inLanguage":"en-CA"}]}},"_links":{"self":[{"href":"https:\/\/www.cdlinc.ca\/en\/wp-json\/wp\/v2\/pages\/523","targetHints":{"allow":["GET"]}}],"collection":[{"href":"https:\/\/www.cdlinc.ca\/en\/wp-json\/wp\/v2\/pages"}],"about":[{"href":"https:\/\/www.cdlinc.ca\/en\/wp-json\/wp\/v2\/types\/page"}],"author":[{"embeddable":true,"href":"https:\/\/www.cdlinc.ca\/en\/wp-json\/wp\/v2\/users\/2"}],"replies":[{"embeddable":true,"href":"https:\/\/www.cdlinc.ca\/en\/wp-json\/wp\/v2\/comments?post=523"}],"version-history":[{"count":619,"href":"https:\/\/www.cdlinc.ca\/en\/wp-json\/wp\/v2\/pages\/523\/revisions"}],"predecessor-version":[{"id":14565,"href":"https:\/\/www.cdlinc.ca\/en\/wp-json\/wp\/v2\/pages\/523\/revisions\/14565"}],"wp:featuredmedia":[{"embeddable":true,"href":"https:\/\/www.cdlinc.ca\/en\/wp-json\/wp\/v2\/media\/1111"}],"wp:attachment":[{"href":"https:\/\/www.cdlinc.ca\/en\/wp-json\/wp\/v2\/media?parent=523"}],"curies":[{"name":"wp","href":"https:\/\/api.w.org\/{rel}","templated":true}]}}