{"id":5183,"date":"2020-10-05T15:33:21","date_gmt":"2020-10-05T14:33:21","guid":{"rendered":"https:\/\/www.cdlinc.ca\/aide-memoire\/"},"modified":"2026-01-09T11:28:44","modified_gmt":"2026-01-09T15:28:44","slug":"checklist","status":"publish","type":"page","link":"https:\/\/www.cdlinc.ca\/en\/checklist\/","title":{"rendered":"Maple Season Checklist"},"content":{"rendered":"<p>Download your reference guide to properly plan for the upcoming sugaring season!<\/p>\n<p>Whether it\u2019s for tapping, maintenance, processing, or end-of-season tasks, you\u2019ll find everything you need for an efficient sugarbush.<\/p>\n<p>\ud83d\udccc A complete range of reminder sheets available:<\/p>\n<p>\ud83d\udd39 Sugaring reminder sheet &#8211; List of products to purchase \u2192 <em><a href=\"https:\/\/www.cdlinc.ca\/wp-content\/uploads\/2026\/01\/Aide-Memoire-des-sucres-AN-Ontario-1.pdf\">Click here to download it<\/a><\/em><\/p>\n<p>\ud83d\udd39 ABC Forest reminder sheet \u2192 <em><a href=\"https:\/\/www.cdlinc.ca\/wp-content\/uploads\/2025\/02\/P1-Memory_aid_ABC_Forest.pdf\">Click here to download it<\/a><\/em><\/p>\n<p>\ud83d\udd39 Forest installation reminder sheet \u2192 <em><a href=\"https:\/\/www.cdlinc.ca\/wp-content\/uploads\/2025\/02\/P2-Memory_aid_Forest.pdf\">Click here to download it<\/a><\/em><\/p>\n<p>\ud83d\udd39 5\/16 tubing reminder sheet \u2192 <em><a href=\"https:\/\/www.cdlinc.ca\/wp-content\/uploads\/2025\/02\/P3-Memory_aid_5-16Tubing.pdf\">Click here to download it<\/a><\/em><\/p>\n<p>\ud83d\udd39 Concentrators reminder sheet \u2192 <em><a href=\"https:\/\/www.cdlinc.ca\/wp-content\/uploads\/2025\/02\/P4-Memory_aid_Concentrators.pdf\">Click here to download it<\/a><\/em><\/p>\n<p>\ud83d\udd39 Evaporators reminder sheet \u2192 <em><a href=\"https:\/\/www.cdlinc.ca\/wp-content\/uploads\/2025\/02\/P5-Memory_aid_Evaporators.pdf\">Click here to download it<\/a><\/em><\/p>\n<p>\ud83d\udd39 Bucket tapping reminder sheet \u2192 <em><a href=\"https:\/\/www.cdlinc.ca\/wp-content\/uploads\/2025\/02\/P6-Memory_aid_Bucket-tapping.pdf\">Click here to download it<\/a><\/em><\/p>\n<p>\ud83d\udd39 Tubing tapping tips sheet \u2192 <em><a href=\"https:\/\/www.cdlinc.ca\/wp-content\/uploads\/2025\/02\/P7-Memory_aid_Tubing-tapping.pdf\">Click here to download it<\/a><\/em><\/p>\n<p>\ud83d\udd39 Nano RO usage reminder heet \u2192 <em><a href=\"https:\/\/www.cdlinc.ca\/wp-content\/uploads\/2025\/02\/P8-P9-Memory_aid_Nano-RO.pdf\">Click here to download it<\/a><\/em><\/p>\n<p>Bring your completed cheat sheets to a <a href=\"https:\/\/www.cdlinc.ca\/en\/stores-and-distributors\/\">CDL branch<\/a> near you or send them to your <a href=\"https:\/\/www.cdlinc.ca\/en\/sales-representatives\/\">CDL representative<\/a> for personalized service. Anticipate your needs and ensure you\u2019re well-prepared\u2014a successful season starts with good planning!<\/p>\n<p>Don\u2019t wait\u2014get ready now with CDL!<\/p>\n<p><a href=\"https:\/\/www.cdlinc.ca\/wp-content\/uploads\/2020\/10\/Maple-Season-Checklist-Form.pdf\"><img loading=\"lazy\" decoding=\"async\" width=\"564\" height=\"313\" class=\"alignnone size-full wp-image-5185\" src=\"https:\/\/www.cdlinc.ca\/wp-content\/uploads\/2020\/10\/online-checklist-ENG.jpg\" alt=\"Checklist from CDL\" srcset=\"https:\/\/www.cdlinc.ca\/wp-content\/uploads\/2020\/10\/online-checklist-ENG.jpg 564w, https:\/\/www.cdlinc.ca\/wp-content\/uploads\/2020\/10\/online-checklist-ENG-250x139.jpg 250w, https:\/\/www.cdlinc.ca\/wp-content\/uploads\/2020\/10\/online-checklist-ENG-310x172.jpg 310w, https:\/\/www.cdlinc.ca\/wp-content\/uploads\/2020\/10\/online-checklist-ENG-120x67.jpg 120w\" sizes=\"auto, (max-width: 564px) 100vw, 564px\" \/><\/a><\/p>\n\n\n<p><\/p>\n","protected":false},"excerpt":{"rendered":"Download your reference guide to properly plan for the upcoming sugaring season! Whether it\u2019s for tapping, maintenance, processing, or end-of-season tasks, you\u2019ll find everything you need for an efficient sugarbush. \ud83d\udccc A complete range of reminder sheets available: \ud83d\udd39 Sugaring reminder sheet &#8211; List of products to purchase \u2192 Click here to download it \ud83d\udd39 [&hellip;]","protected":false},"author":10,"featured_media":0,"parent":0,"menu_order":0,"comment_status":"closed","ping_status":"closed","template":"","meta":{"_acf_changed":false,"footnotes":""},"class_list":["post-5183","page","type-page","status-publish","hentry"],"acf":[],"yoast_head":"<!-- This site is optimized with the Yoast SEO plugin v25.2 - https:\/\/yoast.com\/wordpress\/plugins\/seo\/ -->\n<title>Maple Season Checklist<\/title>\n<meta name=\"robots\" content=\"index, follow, max-snippet:-1, max-image-preview:large, max-video-preview:-1\" \/>\n<link rel=\"canonical\" href=\"https:\/\/www.cdlinc.ca\/en\/checklist\/\" \/>\n<meta property=\"og:locale\" content=\"en_US\" \/>\n<meta property=\"og:type\" content=\"article\" \/>\n<meta property=\"og:title\" content=\"Maple Season Checklist\" \/>\n<meta property=\"og:description\" content=\"Download your reference guide to properly plan for the upcoming sugaring season! Whether it\u2019s for tapping, maintenance, processing, or end-of-season tasks, you\u2019ll find everything you need for an efficient sugarbush. \ud83d\udccc A complete range of reminder sheets available: \ud83d\udd39 Sugaring reminder sheet &#8211; List of products to purchase \u2192 Click here to download it \ud83d\udd39 [&hellip;]\" \/>\n<meta property=\"og:url\" content=\"https:\/\/www.cdlinc.ca\/en\/checklist\/\" \/>\n<meta property=\"og:site_name\" content=\"Les \u00e9quipements d&#039;\u00e9rabli\u00e8re CDL\" \/>\n<meta property=\"article:modified_time\" content=\"2026-01-09T15:28:44+00:00\" \/>\n<meta property=\"og:image\" content=\"https:\/\/www.cdlinc.ca\/wp-content\/uploads\/2020\/10\/online-checklist-ENG.jpg\" \/>\n\t<meta property=\"og:image:width\" content=\"564\" \/>\n\t<meta property=\"og:image:height\" content=\"313\" \/>\n\t<meta property=\"og:image:type\" content=\"image\/jpeg\" \/>\n<meta name=\"twitter:card\" content=\"summary_large_image\" \/>\n<meta name=\"twitter:label1\" content=\"Est. reading time\" \/>\n\t<meta name=\"twitter:data1\" content=\"2 minutes\" \/>\n<script type=\"application\/ld+json\" class=\"yoast-schema-graph\">{\"@context\":\"https:\/\/schema.org\",\"@graph\":[{\"@type\":\"WebPage\",\"@id\":\"https:\/\/www.cdlinc.ca\/en\/checklist\/\",\"url\":\"https:\/\/www.cdlinc.ca\/en\/checklist\/\",\"name\":\"Maple Season Checklist\",\"isPartOf\":{\"@id\":\"https:\/\/www.cdlinc.ca\/fr\/#website\"},\"primaryImageOfPage\":{\"@id\":\"https:\/\/www.cdlinc.ca\/en\/checklist\/#primaryimage\"},\"image\":{\"@id\":\"https:\/\/www.cdlinc.ca\/en\/checklist\/#primaryimage\"},\"thumbnailUrl\":\"https:\/\/www.cdlinc.ca\/wp-content\/uploads\/2020\/10\/online-checklist-ENG.jpg\",\"datePublished\":\"2020-10-05T14:33:21+00:00\",\"dateModified\":\"2026-01-09T15:28:44+00:00\",\"breadcrumb\":{\"@id\":\"https:\/\/www.cdlinc.ca\/en\/checklist\/#breadcrumb\"},\"inLanguage\":\"en-CA\",\"potentialAction\":[{\"@type\":\"ReadAction\",\"target\":[\"https:\/\/www.cdlinc.ca\/en\/checklist\/\"]}]},{\"@type\":\"ImageObject\",\"inLanguage\":\"en-CA\",\"@id\":\"https:\/\/www.cdlinc.ca\/en\/checklist\/#primaryimage\",\"url\":\"https:\/\/www.cdlinc.ca\/wp-content\/uploads\/2020\/10\/online-checklist-ENG.jpg\",\"contentUrl\":\"https:\/\/www.cdlinc.ca\/wp-content\/uploads\/2020\/10\/online-checklist-ENG.jpg\"},{\"@type\":\"BreadcrumbList\",\"@id\":\"https:\/\/www.cdlinc.ca\/en\/checklist\/#breadcrumb\",\"itemListElement\":[{\"@type\":\"ListItem\",\"position\":1,\"name\":\"Home\",\"item\":\"https:\/\/www.cdlinc.ca\/en\/\"},{\"@type\":\"ListItem\",\"position\":2,\"name\":\"Maple Season Checklist\"}]},{\"@type\":\"WebSite\",\"@id\":\"https:\/\/www.cdlinc.ca\/fr\/#website\",\"url\":\"https:\/\/www.cdlinc.ca\/fr\/\",\"name\":\"Les \u00e9quipements d&#039;\u00e9rabli\u00e8re CDL\",\"description\":\"L&#039;ac\u00e9riculture c&#039;est votre passion... Nous aussi.\",\"potentialAction\":[{\"@type\":\"SearchAction\",\"target\":{\"@type\":\"EntryPoint\",\"urlTemplate\":\"https:\/\/www.cdlinc.ca\/fr\/?s={search_term_string}\"},\"query-input\":{\"@type\":\"PropertyValueSpecification\",\"valueRequired\":true,\"valueName\":\"search_term_string\"}}],\"inLanguage\":\"en-CA\"}]}<\/script>\n<!-- \/ Yoast SEO plugin. -->","yoast_head_json":{"title":"Maple Season Checklist","robots":{"index":"index","follow":"follow","max-snippet":"max-snippet:-1","max-image-preview":"max-image-preview:large","max-video-preview":"max-video-preview:-1"},"canonical":"https:\/\/www.cdlinc.ca\/en\/checklist\/","og_locale":"en_US","og_type":"article","og_title":"Maple Season Checklist","og_description":"Download your reference guide to properly plan for the upcoming sugaring season! Whether it\u2019s for tapping, maintenance, processing, or end-of-season tasks, you\u2019ll find everything you need for an efficient sugarbush. \ud83d\udccc A complete range of reminder sheets available: \ud83d\udd39 Sugaring reminder sheet &#8211; List of products to purchase \u2192 Click here to download it \ud83d\udd39 [&hellip;]","og_url":"https:\/\/www.cdlinc.ca\/en\/checklist\/","og_site_name":"Les \u00e9quipements d&#039;\u00e9rabli\u00e8re CDL","article_modified_time":"2026-01-09T15:28:44+00:00","og_image":[{"width":564,"height":313,"url":"https:\/\/www.cdlinc.ca\/wp-content\/uploads\/2020\/10\/online-checklist-ENG.jpg","type":"image\/jpeg"}],"twitter_card":"summary_large_image","twitter_misc":{"Est. reading time":"2 minutes"},"schema":{"@context":"https:\/\/schema.org","@graph":[{"@type":"WebPage","@id":"https:\/\/www.cdlinc.ca\/en\/checklist\/","url":"https:\/\/www.cdlinc.ca\/en\/checklist\/","name":"Maple Season Checklist","isPartOf":{"@id":"https:\/\/www.cdlinc.ca\/fr\/#website"},"primaryImageOfPage":{"@id":"https:\/\/www.cdlinc.ca\/en\/checklist\/#primaryimage"},"image":{"@id":"https:\/\/www.cdlinc.ca\/en\/checklist\/#primaryimage"},"thumbnailUrl":"https:\/\/www.cdlinc.ca\/wp-content\/uploads\/2020\/10\/online-checklist-ENG.jpg","datePublished":"2020-10-05T14:33:21+00:00","dateModified":"2026-01-09T15:28:44+00:00","breadcrumb":{"@id":"https:\/\/www.cdlinc.ca\/en\/checklist\/#breadcrumb"},"inLanguage":"en-CA","potentialAction":[{"@type":"ReadAction","target":["https:\/\/www.cdlinc.ca\/en\/checklist\/"]}]},{"@type":"ImageObject","inLanguage":"en-CA","@id":"https:\/\/www.cdlinc.ca\/en\/checklist\/#primaryimage","url":"https:\/\/www.cdlinc.ca\/wp-content\/uploads\/2020\/10\/online-checklist-ENG.jpg","contentUrl":"https:\/\/www.cdlinc.ca\/wp-content\/uploads\/2020\/10\/online-checklist-ENG.jpg"},{"@type":"BreadcrumbList","@id":"https:\/\/www.cdlinc.ca\/en\/checklist\/#breadcrumb","itemListElement":[{"@type":"ListItem","position":1,"name":"Home","item":"https:\/\/www.cdlinc.ca\/en\/"},{"@type":"ListItem","position":2,"name":"Maple Season Checklist"}]},{"@type":"WebSite","@id":"https:\/\/www.cdlinc.ca\/fr\/#website","url":"https:\/\/www.cdlinc.ca\/fr\/","name":"Les \u00e9quipements d&#039;\u00e9rabli\u00e8re CDL","description":"L&#039;ac\u00e9riculture c&#039;est votre passion... Nous aussi.","potentialAction":[{"@type":"SearchAction","target":{"@type":"EntryPoint","urlTemplate":"https:\/\/www.cdlinc.ca\/fr\/?s={search_term_string}"},"query-input":{"@type":"PropertyValueSpecification","valueRequired":true,"valueName":"search_term_string"}}],"inLanguage":"en-CA"}]}},"_links":{"self":[{"href":"https:\/\/www.cdlinc.ca\/en\/wp-json\/wp\/v2\/pages\/5183","targetHints":{"allow":["GET"]}}],"collection":[{"href":"https:\/\/www.cdlinc.ca\/en\/wp-json\/wp\/v2\/pages"}],"about":[{"href":"https:\/\/www.cdlinc.ca\/en\/wp-json\/wp\/v2\/types\/page"}],"author":[{"embeddable":true,"href":"https:\/\/www.cdlinc.ca\/en\/wp-json\/wp\/v2\/users\/10"}],"replies":[{"embeddable":true,"href":"https:\/\/www.cdlinc.ca\/en\/wp-json\/wp\/v2\/comments?post=5183"}],"version-history":[{"count":9,"href":"https:\/\/www.cdlinc.ca\/en\/wp-json\/wp\/v2\/pages\/5183\/revisions"}],"predecessor-version":[{"id":14275,"href":"https:\/\/www.cdlinc.ca\/en\/wp-json\/wp\/v2\/pages\/5183\/revisions\/14275"}],"wp:attachment":[{"href":"https:\/\/www.cdlinc.ca\/en\/wp-json\/wp\/v2\/media?parent=5183"}],"curies":[{"name":"wp","href":"https:\/\/api.w.org\/{rel}","templated":true}]}}