{"id":515,"date":"2017-05-15T20:41:24","date_gmt":"2017-05-15T19:41:24","guid":{"rendered":"https:\/\/www.cdlinc.ca\/?page_id=515\/"},"modified":"2022-04-04T19:25:45","modified_gmt":"2022-04-04T18:25:45","slug":"contact-us","status":"publish","type":"page","link":"https:\/\/www.cdlinc.ca\/en\/contact-us\/","title":{"rendered":"Contact us"},"content":{"rendered":"<p>With 29 corporate stores, more than 40 distributors and over 50 representatives covering Quebec, Ontario, the Maritimes and all the Northeastern United States, CDL is a real force in the world of maple syrup. Meet with you, listen and give advice are some of the tasks we enjoy most. Feel free to contact us!<\/p>\n<h4>SAINT-LAZARE-DE-BELLECHASSE (HEAD OFFICE)<\/h4>\n<p>257, route 279<br \/>\nSaint-Lazare-de-Bellechasse (Qu\u00e9bec) G0R 3J0<br \/>\nP.: 418-883-5158<br \/>\nToll free: 1-800-361-5158<br \/>\nF.: 418-883-4159<br \/>\n<a href=\"mailto:info@cdlinc.ca\">info@cdlinc.ca<\/a><\/p>\n<p><iframe loading=\"lazy\" style=\"border: 0;\" src=\"https:\/\/www.google.com\/maps\/embed?pb=!1m18!1m12!1m3!1d2737.975942387356!2d-70.82321658320807!3d46.666736093951634!2m3!1f0!2f0!3f0!3m2!1i1024!2i768!4f13.1!3m3!1m2!1s0x4cb8e3958fd879f3%3A0x221cf0b706163d9!2s%C3%89quipements+D'%C3%89rabli%C3%A8re+CDL+Inc+(Les)!5e0!3m2!1sfr!2sca!4v1493738303175\" width=\"800\" height=\"600\" frameborder=\"0\" allowfullscreen=\"allowfullscreen\" data-mce-fragment=\"1\"><\/iframe><\/p>\n","protected":false},"excerpt":{"rendered":"With 29 corporate stores, more than 40 distributors and over 50 representatives covering Quebec, Ontario, the Maritimes and all the Northeastern United States, CDL is a real force in the world of maple syrup. Meet with you, listen and give advice are some of the tasks we enjoy most. Feel free to contact us! SAINT-LAZARE-DE-BELLECHASSE [&hellip;]","protected":false},"author":2,"featured_media":0,"parent":0,"menu_order":0,"comment_status":"closed","ping_status":"closed","template":"template-contact.php","meta":{"_acf_changed":false,"footnotes":""},"class_list":["post-515","page","type-page","status-publish","hentry"],"acf":[],"yoast_head":"<!-- This site is optimized with the Yoast SEO plugin v25.2 - https:\/\/yoast.com\/wordpress\/plugins\/seo\/ -->\n<title>Contact Us : CDL Maple Sugaring Equipment<\/title>\n<meta name=\"description\" content=\"CDL Maple Sugaring Equipement is fully dedicated to its clients and we will be pleased to answer any of you questions. Feel free to contact us!\" \/>\n<meta name=\"robots\" content=\"index, follow, max-snippet:-1, max-image-preview:large, max-video-preview:-1\" \/>\n<link rel=\"canonical\" href=\"https:\/\/www.cdlinc.ca\/en\/contact-us\/\" \/>\n<meta property=\"og:locale\" content=\"en_US\" \/>\n<meta property=\"og:type\" content=\"article\" \/>\n<meta property=\"og:title\" content=\"Contact Us : CDL Maple Sugaring Equipment\" \/>\n<meta property=\"og:description\" content=\"CDL Maple Sugaring Equipement is fully dedicated to its clients and we will be pleased to answer any of you questions. Feel free to contact us!\" \/>\n<meta property=\"og:url\" content=\"https:\/\/www.cdlinc.ca\/en\/contact-us\/\" \/>\n<meta property=\"og:site_name\" content=\"Les \u00e9quipements d&#039;\u00e9rabli\u00e8re CDL\" \/>\n<meta property=\"article:modified_time\" content=\"2022-04-04T18:25:45+00:00\" \/>\n<meta property=\"og:image\" content=\"https:\/\/www.cdlinc.ca\/wp-content\/uploads\/2017\/04\/CDL_facebook_share_1200x630.jpg\" \/>\n<meta name=\"twitter:card\" content=\"summary_large_image\" \/>\n<meta name=\"twitter:label1\" content=\"Est. reading time\" \/>\n\t<meta name=\"twitter:data1\" content=\"1 minute\" \/>\n<script type=\"application\/ld+json\" class=\"yoast-schema-graph\">{\"@context\":\"https:\/\/schema.org\",\"@graph\":[{\"@type\":\"WebPage\",\"@id\":\"https:\/\/www.cdlinc.ca\/en\/contact-us\/\",\"url\":\"https:\/\/www.cdlinc.ca\/en\/contact-us\/\",\"name\":\"Contact Us : CDL Maple Sugaring Equipment\",\"isPartOf\":{\"@id\":\"https:\/\/www.cdlinc.ca\/fr\/#website\"},\"datePublished\":\"2017-05-15T19:41:24+00:00\",\"dateModified\":\"2022-04-04T18:25:45+00:00\",\"description\":\"CDL Maple Sugaring Equipement is fully dedicated to its clients and we will be pleased to answer any of you questions. Feel free to contact us!\",\"breadcrumb\":{\"@id\":\"https:\/\/www.cdlinc.ca\/en\/contact-us\/#breadcrumb\"},\"inLanguage\":\"en-CA\",\"potentialAction\":[{\"@type\":\"ReadAction\",\"target\":[\"https:\/\/www.cdlinc.ca\/en\/contact-us\/\"]}]},{\"@type\":\"BreadcrumbList\",\"@id\":\"https:\/\/www.cdlinc.ca\/en\/contact-us\/#breadcrumb\",\"itemListElement\":[{\"@type\":\"ListItem\",\"position\":1,\"name\":\"Home\",\"item\":\"https:\/\/www.cdlinc.ca\/en\/\"},{\"@type\":\"ListItem\",\"position\":2,\"name\":\"Contact us\"}]},{\"@type\":\"WebSite\",\"@id\":\"https:\/\/www.cdlinc.ca\/fr\/#website\",\"url\":\"https:\/\/www.cdlinc.ca\/fr\/\",\"name\":\"Les \u00e9quipements d&#039;\u00e9rabli\u00e8re CDL\",\"description\":\"L&#039;ac\u00e9riculture c&#039;est votre passion... Nous aussi.\",\"potentialAction\":[{\"@type\":\"SearchAction\",\"target\":{\"@type\":\"EntryPoint\",\"urlTemplate\":\"https:\/\/www.cdlinc.ca\/fr\/?s={search_term_string}\"},\"query-input\":{\"@type\":\"PropertyValueSpecification\",\"valueRequired\":true,\"valueName\":\"search_term_string\"}}],\"inLanguage\":\"en-CA\"}]}<\/script>\n<!-- \/ Yoast SEO plugin. -->","yoast_head_json":{"title":"Contact Us : CDL Maple Sugaring Equipment","description":"CDL Maple Sugaring Equipement is fully dedicated to its clients and we will be pleased to answer any of you questions. Feel free to contact us!","robots":{"index":"index","follow":"follow","max-snippet":"max-snippet:-1","max-image-preview":"max-image-preview:large","max-video-preview":"max-video-preview:-1"},"canonical":"https:\/\/www.cdlinc.ca\/en\/contact-us\/","og_locale":"en_US","og_type":"article","og_title":"Contact Us : CDL Maple Sugaring Equipment","og_description":"CDL Maple Sugaring Equipement is fully dedicated to its clients and we will be pleased to answer any of you questions. Feel free to contact us!","og_url":"https:\/\/www.cdlinc.ca\/en\/contact-us\/","og_site_name":"Les \u00e9quipements d&#039;\u00e9rabli\u00e8re CDL","article_modified_time":"2022-04-04T18:25:45+00:00","og_image":[{"url":"https:\/\/www.cdlinc.ca\/wp-content\/uploads\/2017\/04\/CDL_facebook_share_1200x630.jpg","type":"","width":"","height":""}],"twitter_card":"summary_large_image","twitter_misc":{"Est. reading time":"1 minute"},"schema":{"@context":"https:\/\/schema.org","@graph":[{"@type":"WebPage","@id":"https:\/\/www.cdlinc.ca\/en\/contact-us\/","url":"https:\/\/www.cdlinc.ca\/en\/contact-us\/","name":"Contact Us : CDL Maple Sugaring Equipment","isPartOf":{"@id":"https:\/\/www.cdlinc.ca\/fr\/#website"},"datePublished":"2017-05-15T19:41:24+00:00","dateModified":"2022-04-04T18:25:45+00:00","description":"CDL Maple Sugaring Equipement is fully dedicated to its clients and we will be pleased to answer any of you questions. Feel free to contact us!","breadcrumb":{"@id":"https:\/\/www.cdlinc.ca\/en\/contact-us\/#breadcrumb"},"inLanguage":"en-CA","potentialAction":[{"@type":"ReadAction","target":["https:\/\/www.cdlinc.ca\/en\/contact-us\/"]}]},{"@type":"BreadcrumbList","@id":"https:\/\/www.cdlinc.ca\/en\/contact-us\/#breadcrumb","itemListElement":[{"@type":"ListItem","position":1,"name":"Home","item":"https:\/\/www.cdlinc.ca\/en\/"},{"@type":"ListItem","position":2,"name":"Contact us"}]},{"@type":"WebSite","@id":"https:\/\/www.cdlinc.ca\/fr\/#website","url":"https:\/\/www.cdlinc.ca\/fr\/","name":"Les \u00e9quipements d&#039;\u00e9rabli\u00e8re CDL","description":"L&#039;ac\u00e9riculture c&#039;est votre passion... Nous aussi.","potentialAction":[{"@type":"SearchAction","target":{"@type":"EntryPoint","urlTemplate":"https:\/\/www.cdlinc.ca\/fr\/?s={search_term_string}"},"query-input":{"@type":"PropertyValueSpecification","valueRequired":true,"valueName":"search_term_string"}}],"inLanguage":"en-CA"}]}},"_links":{"self":[{"href":"https:\/\/www.cdlinc.ca\/en\/wp-json\/wp\/v2\/pages\/515","targetHints":{"allow":["GET"]}}],"collection":[{"href":"https:\/\/www.cdlinc.ca\/en\/wp-json\/wp\/v2\/pages"}],"about":[{"href":"https:\/\/www.cdlinc.ca\/en\/wp-json\/wp\/v2\/types\/page"}],"author":[{"embeddable":true,"href":"https:\/\/www.cdlinc.ca\/en\/wp-json\/wp\/v2\/users\/2"}],"replies":[{"embeddable":true,"href":"https:\/\/www.cdlinc.ca\/en\/wp-json\/wp\/v2\/comments?post=515"}],"version-history":[{"count":6,"href":"https:\/\/www.cdlinc.ca\/en\/wp-json\/wp\/v2\/pages\/515\/revisions"}],"predecessor-version":[{"id":7175,"href":"https:\/\/www.cdlinc.ca\/en\/wp-json\/wp\/v2\/pages\/515\/revisions\/7175"}],"wp:attachment":[{"href":"https:\/\/www.cdlinc.ca\/en\/wp-json\/wp\/v2\/media?parent=515"}],"curies":[{"name":"wp","href":"https:\/\/api.w.org\/{rel}","templated":true}]}}