{"id":497,"date":"2017-05-15T20:25:21","date_gmt":"2017-05-15T19:25:21","guid":{"rendered":"https:\/\/www.cdlinc.ca\/?page_id=497\/"},"modified":"2021-06-25T16:41:41","modified_gmt":"2021-06-25T15:41:41","slug":"how-to-guides","status":"publish","type":"page","link":"https:\/\/www.cdlinc.ca\/en\/how-to-guides\/","title":{"rendered":"How to Guides"},"content":{"rendered":"<p id=\"tw-target-text\" class=\"tw-data-text tw-ta tw-text-small\" dir=\"ltr\" data-placeholder=\"Traduction\"><span lang=\"en\">Easy-to-follow, step-by-step procedures to achieve everything you&#8217;ve always wanted to do simply. Do not ask yourself more questions and read our little practical guides, which range from the transformation of maple syrup to how to use\u00a0your measuring instruments.<\/span><\/p>\n<p>&nbsp;<\/p>\n<h2>Evaporator<\/h2>\n<p><a href=\"\/wp-content\/uploads\/2017\/05\/how-to-brick-a-wood-evaporators.pdf\">How to brick a Wood Evaporator<\/a>\u00a0(pdf) or <a href=\"https:\/\/youtu.be\/sxN0xxQBslg\">How to brick a small wood evaporator<\/a> (video)<\/p>\n<p><a href=\"https:\/\/www.cdlinc.ca\/wp-content\/uploads\/2017\/05\/briquetage-2x4-econo-anglais-revis\u00e9-23-nov-1016.pdf\">How to brick a classic evaporator<\/a><\/p>\n<p><a href=\"https:\/\/youtu.be\/5ZH1shT71ew\">How to brick\u00a0Venturi Evaporators<\/a><\/p>\n<p><a href=\"\/wp-content\/uploads\/2017\/05\/how-to-clean-pans.pdf\">How to clean pans<\/a><\/p>\n<p><a href=\"\/wp-content\/uploads\/2017\/05\/pan-and-tubing-cleaning-products.pdf\">Pan and tubing cleaning products<\/a><\/p>\n<h2>Measuring equipment<\/h2>\n<p><a href=\"\/wp-content\/uploads\/2017\/05\/use-a-hydrometer.pdf\">How to use a hydrometer<\/a><\/p>\n<p><a href=\"\/wp-content\/uploads\/2017\/05\/use-a-hydrotherm.pdf\">How to use a hydrotherm<\/a><\/p>\n<p><a href=\"\/wp-content\/uploads\/2017\/05\/calibrate-thermometer.pdf\">How to calibrate a thermometer<\/a><\/p>\n<h2>Processing<\/h2>\n<p><a href=\"\/wp-content\/uploads\/2017\/05\/filter-with-press.pdf\">How to filter with a press<\/a><\/p>\n<p><a href=\"\/wp-content\/uploads\/2017\/05\/how-to-make-cream.pdf\">How to make cream<\/a><\/p>\n<p><a href=\"\/wp-content\/uploads\/2017\/05\/how-to-make-hard-candy.pdf\">How to make hard candy<\/a><\/p>\n<p><a href=\"\/wp-content\/uploads\/2017\/05\/how-to-make-sugar-candy.pdf\">How to make sugar candy<\/a><\/p>\n<p><a href=\"https:\/\/www.cdlinc.ca\/wp-content\/uploads\/2021\/04\/make-jelly.pdf\">How to make jelly<\/a><\/p>\n<p><a href=\"\/wp-content\/uploads\/2017\/05\/make-taffy.pdf\">How to make taffy<\/a><\/p>\n<p><a href=\"\/wp-content\/uploads\/2017\/05\/make-sugar.pdf\">How to make sugar<\/a><\/p>\n","protected":false},"excerpt":{"rendered":"Easy-to-follow, step-by-step procedures to achieve everything you&#8217;ve always wanted to do simply. Do not ask yourself more questions and read our little practical guides, which range from the transformation of maple syrup to how to use\u00a0your measuring instruments. &nbsp; Evaporator How to brick a Wood Evaporator\u00a0(pdf) or How to brick a small wood evaporator (video) [&hellip;]","protected":false},"author":2,"featured_media":1118,"parent":0,"menu_order":0,"comment_status":"closed","ping_status":"closed","template":"","meta":{"_acf_changed":false,"footnotes":""},"class_list":["post-497","page","type-page","status-publish","has-post-thumbnail","hentry"],"acf":[],"yoast_head":"<!-- This site is optimized with the Yoast SEO plugin v25.2 - https:\/\/yoast.com\/wordpress\/plugins\/seo\/ -->\n<title>CDL Maple Sugaring Equipment : Easy How To guides<\/title>\n<meta name=\"description\" content=\"Have a look at our step-by-step guides to help you using efficiently your CDL maple sugaring equipment, how to guides to make maple butter and much more!\" \/>\n<meta name=\"robots\" content=\"index, follow, max-snippet:-1, max-image-preview:large, max-video-preview:-1\" \/>\n<link rel=\"canonical\" href=\"https:\/\/www.cdlinc.ca\/fr\/guides-comment-faire\/\" \/>\n<meta property=\"og:locale\" content=\"en_US\" \/>\n<meta property=\"og:type\" content=\"article\" \/>\n<meta property=\"og:title\" content=\"CDL Maple Sugaring Equipment : Easy How To guides\" \/>\n<meta property=\"og:description\" content=\"Have a look at our step-by-step guides to help you using efficiently your CDL maple sugaring equipment, how to guides to make maple butter and much more!\" \/>\n<meta property=\"og:url\" content=\"https:\/\/www.cdlinc.ca\/fr\/guides-comment-faire\/\" \/>\n<meta property=\"og:site_name\" content=\"Les \u00e9quipements d&#039;\u00e9rabli\u00e8re CDL\" \/>\n<meta property=\"article:modified_time\" content=\"2021-06-25T15:41:41+00:00\" \/>\n<meta property=\"og:image\" content=\"https:\/\/www.cdlinc.ca\/wp-content\/uploads\/2017\/05\/shutterstock_191790263-700x925.jpg\" \/>\n\t<meta property=\"og:image:width\" content=\"700\" \/>\n\t<meta property=\"og:image:height\" content=\"925\" \/>\n\t<meta property=\"og:image:type\" content=\"image\/jpeg\" \/>\n<meta name=\"twitter:card\" content=\"summary_large_image\" \/>\n<meta name=\"twitter:label1\" content=\"Est. reading time\" \/>\n\t<meta name=\"twitter:data1\" content=\"1 minute\" \/>\n<script type=\"application\/ld+json\" class=\"yoast-schema-graph\">{\"@context\":\"https:\/\/schema.org\",\"@graph\":[{\"@type\":\"WebPage\",\"@id\":\"https:\/\/www.cdlinc.ca\/fr\/guides-comment-faire\/\",\"url\":\"https:\/\/www.cdlinc.ca\/fr\/guides-comment-faire\/\",\"name\":\"CDL Maple Sugaring Equipment : Easy How To guides\",\"isPartOf\":{\"@id\":\"https:\/\/www.cdlinc.ca\/fr\/#website\"},\"primaryImageOfPage\":{\"@id\":\"https:\/\/www.cdlinc.ca\/fr\/guides-comment-faire\/#primaryimage\"},\"image\":{\"@id\":\"https:\/\/www.cdlinc.ca\/fr\/guides-comment-faire\/#primaryimage\"},\"thumbnailUrl\":\"https:\/\/www.cdlinc.ca\/wp-content\/uploads\/2017\/05\/shutterstock_191790263.jpg\",\"datePublished\":\"2017-05-15T19:25:21+00:00\",\"dateModified\":\"2021-06-25T15:41:41+00:00\",\"description\":\"Have a look at our step-by-step guides to help you using efficiently your CDL maple sugaring equipment, how to guides to make maple butter and much more!\",\"breadcrumb\":{\"@id\":\"https:\/\/www.cdlinc.ca\/fr\/guides-comment-faire\/#breadcrumb\"},\"inLanguage\":\"en-CA\",\"potentialAction\":[{\"@type\":\"ReadAction\",\"target\":[\"https:\/\/www.cdlinc.ca\/fr\/guides-comment-faire\/\"]}]},{\"@type\":\"ImageObject\",\"inLanguage\":\"en-CA\",\"@id\":\"https:\/\/www.cdlinc.ca\/fr\/guides-comment-faire\/#primaryimage\",\"url\":\"https:\/\/www.cdlinc.ca\/wp-content\/uploads\/2017\/05\/shutterstock_191790263.jpg\",\"contentUrl\":\"https:\/\/www.cdlinc.ca\/wp-content\/uploads\/2017\/05\/shutterstock_191790263.jpg\",\"width\":3456,\"height\":4568},{\"@type\":\"BreadcrumbList\",\"@id\":\"https:\/\/www.cdlinc.ca\/fr\/guides-comment-faire\/#breadcrumb\",\"itemListElement\":[{\"@type\":\"ListItem\",\"position\":1,\"name\":\"Home\",\"item\":\"https:\/\/www.cdlinc.ca\/en\/\"},{\"@type\":\"ListItem\",\"position\":2,\"name\":\"How to Guides\"}]},{\"@type\":\"WebSite\",\"@id\":\"https:\/\/www.cdlinc.ca\/fr\/#website\",\"url\":\"https:\/\/www.cdlinc.ca\/fr\/\",\"name\":\"Les \u00e9quipements d&#039;\u00e9rabli\u00e8re CDL\",\"description\":\"L&#039;ac\u00e9riculture c&#039;est votre passion... Nous aussi.\",\"potentialAction\":[{\"@type\":\"SearchAction\",\"target\":{\"@type\":\"EntryPoint\",\"urlTemplate\":\"https:\/\/www.cdlinc.ca\/fr\/?s={search_term_string}\"},\"query-input\":{\"@type\":\"PropertyValueSpecification\",\"valueRequired\":true,\"valueName\":\"search_term_string\"}}],\"inLanguage\":\"en-CA\"}]}<\/script>\n<!-- \/ Yoast SEO plugin. -->","yoast_head_json":{"title":"CDL Maple Sugaring Equipment : Easy How To guides","description":"Have a look at our step-by-step guides to help you using efficiently your CDL maple sugaring equipment, how to guides to make maple butter and much more!","robots":{"index":"index","follow":"follow","max-snippet":"max-snippet:-1","max-image-preview":"max-image-preview:large","max-video-preview":"max-video-preview:-1"},"canonical":"https:\/\/www.cdlinc.ca\/fr\/guides-comment-faire\/","og_locale":"en_US","og_type":"article","og_title":"CDL Maple Sugaring Equipment : Easy How To guides","og_description":"Have a look at our step-by-step guides to help you using efficiently your CDL maple sugaring equipment, how to guides to make maple butter and much more!","og_url":"https:\/\/www.cdlinc.ca\/fr\/guides-comment-faire\/","og_site_name":"Les \u00e9quipements d&#039;\u00e9rabli\u00e8re CDL","article_modified_time":"2021-06-25T15:41:41+00:00","og_image":[{"width":700,"height":925,"url":"https:\/\/www.cdlinc.ca\/wp-content\/uploads\/2017\/05\/shutterstock_191790263-700x925.jpg","type":"image\/jpeg"}],"twitter_card":"summary_large_image","twitter_misc":{"Est. reading time":"1 minute"},"schema":{"@context":"https:\/\/schema.org","@graph":[{"@type":"WebPage","@id":"https:\/\/www.cdlinc.ca\/fr\/guides-comment-faire\/","url":"https:\/\/www.cdlinc.ca\/fr\/guides-comment-faire\/","name":"CDL Maple Sugaring Equipment : Easy How To guides","isPartOf":{"@id":"https:\/\/www.cdlinc.ca\/fr\/#website"},"primaryImageOfPage":{"@id":"https:\/\/www.cdlinc.ca\/fr\/guides-comment-faire\/#primaryimage"},"image":{"@id":"https:\/\/www.cdlinc.ca\/fr\/guides-comment-faire\/#primaryimage"},"thumbnailUrl":"https:\/\/www.cdlinc.ca\/wp-content\/uploads\/2017\/05\/shutterstock_191790263.jpg","datePublished":"2017-05-15T19:25:21+00:00","dateModified":"2021-06-25T15:41:41+00:00","description":"Have a look at our step-by-step guides to help you using efficiently your CDL maple sugaring equipment, how to guides to make maple butter and much more!","breadcrumb":{"@id":"https:\/\/www.cdlinc.ca\/fr\/guides-comment-faire\/#breadcrumb"},"inLanguage":"en-CA","potentialAction":[{"@type":"ReadAction","target":["https:\/\/www.cdlinc.ca\/fr\/guides-comment-faire\/"]}]},{"@type":"ImageObject","inLanguage":"en-CA","@id":"https:\/\/www.cdlinc.ca\/fr\/guides-comment-faire\/#primaryimage","url":"https:\/\/www.cdlinc.ca\/wp-content\/uploads\/2017\/05\/shutterstock_191790263.jpg","contentUrl":"https:\/\/www.cdlinc.ca\/wp-content\/uploads\/2017\/05\/shutterstock_191790263.jpg","width":3456,"height":4568},{"@type":"BreadcrumbList","@id":"https:\/\/www.cdlinc.ca\/fr\/guides-comment-faire\/#breadcrumb","itemListElement":[{"@type":"ListItem","position":1,"name":"Home","item":"https:\/\/www.cdlinc.ca\/en\/"},{"@type":"ListItem","position":2,"name":"How to Guides"}]},{"@type":"WebSite","@id":"https:\/\/www.cdlinc.ca\/fr\/#website","url":"https:\/\/www.cdlinc.ca\/fr\/","name":"Les \u00e9quipements d&#039;\u00e9rabli\u00e8re CDL","description":"L&#039;ac\u00e9riculture c&#039;est votre passion... Nous aussi.","potentialAction":[{"@type":"SearchAction","target":{"@type":"EntryPoint","urlTemplate":"https:\/\/www.cdlinc.ca\/fr\/?s={search_term_string}"},"query-input":{"@type":"PropertyValueSpecification","valueRequired":true,"valueName":"search_term_string"}}],"inLanguage":"en-CA"}]}},"_links":{"self":[{"href":"https:\/\/www.cdlinc.ca\/en\/wp-json\/wp\/v2\/pages\/497","targetHints":{"allow":["GET"]}}],"collection":[{"href":"https:\/\/www.cdlinc.ca\/en\/wp-json\/wp\/v2\/pages"}],"about":[{"href":"https:\/\/www.cdlinc.ca\/en\/wp-json\/wp\/v2\/types\/page"}],"author":[{"embeddable":true,"href":"https:\/\/www.cdlinc.ca\/en\/wp-json\/wp\/v2\/users\/2"}],"replies":[{"embeddable":true,"href":"https:\/\/www.cdlinc.ca\/en\/wp-json\/wp\/v2\/comments?post=497"}],"version-history":[{"count":28,"href":"https:\/\/www.cdlinc.ca\/en\/wp-json\/wp\/v2\/pages\/497\/revisions"}],"predecessor-version":[{"id":6156,"href":"https:\/\/www.cdlinc.ca\/en\/wp-json\/wp\/v2\/pages\/497\/revisions\/6156"}],"wp:featuredmedia":[{"embeddable":true,"href":"https:\/\/www.cdlinc.ca\/en\/wp-json\/wp\/v2\/media\/1118"}],"wp:attachment":[{"href":"https:\/\/www.cdlinc.ca\/en\/wp-json\/wp\/v2\/media?parent=497"}],"curies":[{"name":"wp","href":"https:\/\/api.w.org\/{rel}","templated":true}]}}