{"id":485,"date":"2017-05-15T20:11:17","date_gmt":"2017-05-15T19:11:17","guid":{"rendered":"https:\/\/www.cdlinc.ca\/?page_id=485\/"},"modified":"2018-08-07T14:36:56","modified_gmt":"2018-08-07T13:36:56","slug":"about-cdl","status":"publish","type":"page","link":"https:\/\/www.cdlinc.ca\/en\/about-cdl\/","title":{"rendered":"About CDL"},"content":{"rendered":"<p>CDL Maple Sugaring Equipment is a private company, founded in 1991, after the purchase of the maple sugaring division of IPL Inc. by the Chabot family.<\/p>\n<p>Through the years, after a series of expansions and acquisitions, CDL is now the reference in maple sugaring equipment.\u00a0 In 1994, CDL purchased Les \u00c9vaporateurs Dallaire, a well-known evaporator maker.\u00a0 In 1999, to better serve the lower St-Lawrence region, CDL opened a distribution center in Cabano, Qu\u00e9bec.\u00a0 Finally, in 2005, CDL made the acquisition of Waterloo Small USA, better known as Maple Pro, in St-Albans, Vermont.\u00a0 In 2009, Maple Pro changed its name to CDL USA and is the distribution center for the North East United States.<\/p>\n<p><strong>Today<\/strong><\/p>\n<p>CDL is now an integrated company that develops, manufactures and distributes maple sugaring equipment.\u00a0 We constantly invest in the development of new <a href=\"http:\/\/cdlinc.ca\/en\/catalogue\/\">products<\/a> and new technologies to improve the situation of the maple syrup producers.\u00a0 Innovation is our trademark and we were the first company to come out with these improvements: <strong>flexible 5\/16\u201d tubing, SS spout, multi-fitting, blue mainline, end of line fitting, RO with new recirculation system, the Tornado (fastest boiling evaporator), pan washer, tank of the future, automatic cream machine, sugar machine, health barrel and more.<\/strong><\/p>\n<p>Innovation is part of our daily routine.\u00a0 Our goal is to supply our customers with the best quality at a reasonable price, to increase their profitability.<\/p>\n<p>Our strength is the result of the expertise, dedication and professionalism of all our employees.<\/p>\n","protected":false},"excerpt":{"rendered":"CDL Maple Sugaring Equipment is a private company, founded in 1991, after the purchase of the maple sugaring division of IPL Inc. by the Chabot family. Through the years, after a series of expansions and acquisitions, CDL is now the reference in maple sugaring equipment.\u00a0 In 1994, CDL purchased Les \u00c9vaporateurs Dallaire, a well-known evaporator [&hellip;]","protected":false},"author":2,"featured_media":0,"parent":0,"menu_order":0,"comment_status":"closed","ping_status":"closed","template":"","meta":{"_acf_changed":false,"footnotes":""},"class_list":["post-485","page","type-page","status-publish","hentry"],"acf":[],"yoast_head":"<!-- This site is optimized with the Yoast SEO plugin v25.2 - https:\/\/yoast.com\/wordpress\/plugins\/seo\/ -->\n<title>CDL Maple Sugaring Equipment : About Us<\/title>\n<meta name=\"description\" content=\"At CDL we develop, manufacture and distribute innovative and high quality maple sugaring equipments to support all maple producers in their growth.\" \/>\n<meta name=\"robots\" content=\"index, follow, max-snippet:-1, max-image-preview:large, max-video-preview:-1\" \/>\n<link rel=\"canonical\" href=\"https:\/\/www.cdlinc.ca\/en\/about-cdl\/\" \/>\n<meta property=\"og:locale\" content=\"en_US\" \/>\n<meta property=\"og:type\" content=\"article\" \/>\n<meta property=\"og:title\" content=\"CDL Maple Sugaring Equipment : About Us\" \/>\n<meta property=\"og:description\" content=\"At CDL we develop, manufacture and distribute innovative and high quality maple sugaring equipments to support all maple producers in their growth.\" \/>\n<meta property=\"og:url\" content=\"https:\/\/www.cdlinc.ca\/en\/about-cdl\/\" \/>\n<meta property=\"og:site_name\" content=\"Les \u00e9quipements d&#039;\u00e9rabli\u00e8re CDL\" \/>\n<meta property=\"article:modified_time\" content=\"2018-08-07T13:36:56+00:00\" \/>\n<meta property=\"og:image\" content=\"https:\/\/www.cdlinc.ca\/wp-content\/uploads\/2017\/04\/CDL_facebook_share_1200x630.jpg\" \/>\n<meta name=\"twitter:card\" content=\"summary_large_image\" \/>\n<meta name=\"twitter:label1\" content=\"Est. reading time\" \/>\n\t<meta name=\"twitter:data1\" content=\"1 minute\" \/>\n<script type=\"application\/ld+json\" class=\"yoast-schema-graph\">{\"@context\":\"https:\/\/schema.org\",\"@graph\":[{\"@type\":\"WebPage\",\"@id\":\"https:\/\/www.cdlinc.ca\/en\/about-cdl\/\",\"url\":\"https:\/\/www.cdlinc.ca\/en\/about-cdl\/\",\"name\":\"CDL Maple Sugaring Equipment : About Us\",\"isPartOf\":{\"@id\":\"https:\/\/www.cdlinc.ca\/fr\/#website\"},\"datePublished\":\"2017-05-15T19:11:17+00:00\",\"dateModified\":\"2018-08-07T13:36:56+00:00\",\"description\":\"At CDL we develop, manufacture and distribute innovative and high quality maple sugaring equipments to support all maple producers in their growth.\",\"breadcrumb\":{\"@id\":\"https:\/\/www.cdlinc.ca\/en\/about-cdl\/#breadcrumb\"},\"inLanguage\":\"en-CA\",\"potentialAction\":[{\"@type\":\"ReadAction\",\"target\":[\"https:\/\/www.cdlinc.ca\/en\/about-cdl\/\"]}]},{\"@type\":\"BreadcrumbList\",\"@id\":\"https:\/\/www.cdlinc.ca\/en\/about-cdl\/#breadcrumb\",\"itemListElement\":[{\"@type\":\"ListItem\",\"position\":1,\"name\":\"Home\",\"item\":\"https:\/\/www.cdlinc.ca\/en\/\"},{\"@type\":\"ListItem\",\"position\":2,\"name\":\"About CDL\"}]},{\"@type\":\"WebSite\",\"@id\":\"https:\/\/www.cdlinc.ca\/fr\/#website\",\"url\":\"https:\/\/www.cdlinc.ca\/fr\/\",\"name\":\"Les \u00e9quipements d&#039;\u00e9rabli\u00e8re CDL\",\"description\":\"L&#039;ac\u00e9riculture c&#039;est votre passion... Nous aussi.\",\"potentialAction\":[{\"@type\":\"SearchAction\",\"target\":{\"@type\":\"EntryPoint\",\"urlTemplate\":\"https:\/\/www.cdlinc.ca\/fr\/?s={search_term_string}\"},\"query-input\":{\"@type\":\"PropertyValueSpecification\",\"valueRequired\":true,\"valueName\":\"search_term_string\"}}],\"inLanguage\":\"en-CA\"}]}<\/script>\n<!-- \/ Yoast SEO plugin. -->","yoast_head_json":{"title":"CDL Maple Sugaring Equipment : About Us","description":"At CDL we develop, manufacture and distribute innovative and high quality maple sugaring equipments to support all maple producers in their growth.","robots":{"index":"index","follow":"follow","max-snippet":"max-snippet:-1","max-image-preview":"max-image-preview:large","max-video-preview":"max-video-preview:-1"},"canonical":"https:\/\/www.cdlinc.ca\/en\/about-cdl\/","og_locale":"en_US","og_type":"article","og_title":"CDL Maple Sugaring Equipment : About Us","og_description":"At CDL we develop, manufacture and distribute innovative and high quality maple sugaring equipments to support all maple producers in their growth.","og_url":"https:\/\/www.cdlinc.ca\/en\/about-cdl\/","og_site_name":"Les \u00e9quipements d&#039;\u00e9rabli\u00e8re CDL","article_modified_time":"2018-08-07T13:36:56+00:00","og_image":[{"url":"https:\/\/www.cdlinc.ca\/wp-content\/uploads\/2017\/04\/CDL_facebook_share_1200x630.jpg","type":"","width":"","height":""}],"twitter_card":"summary_large_image","twitter_misc":{"Est. reading time":"1 minute"},"schema":{"@context":"https:\/\/schema.org","@graph":[{"@type":"WebPage","@id":"https:\/\/www.cdlinc.ca\/en\/about-cdl\/","url":"https:\/\/www.cdlinc.ca\/en\/about-cdl\/","name":"CDL Maple Sugaring Equipment : About Us","isPartOf":{"@id":"https:\/\/www.cdlinc.ca\/fr\/#website"},"datePublished":"2017-05-15T19:11:17+00:00","dateModified":"2018-08-07T13:36:56+00:00","description":"At CDL we develop, manufacture and distribute innovative and high quality maple sugaring equipments to support all maple producers in their growth.","breadcrumb":{"@id":"https:\/\/www.cdlinc.ca\/en\/about-cdl\/#breadcrumb"},"inLanguage":"en-CA","potentialAction":[{"@type":"ReadAction","target":["https:\/\/www.cdlinc.ca\/en\/about-cdl\/"]}]},{"@type":"BreadcrumbList","@id":"https:\/\/www.cdlinc.ca\/en\/about-cdl\/#breadcrumb","itemListElement":[{"@type":"ListItem","position":1,"name":"Home","item":"https:\/\/www.cdlinc.ca\/en\/"},{"@type":"ListItem","position":2,"name":"About CDL"}]},{"@type":"WebSite","@id":"https:\/\/www.cdlinc.ca\/fr\/#website","url":"https:\/\/www.cdlinc.ca\/fr\/","name":"Les \u00e9quipements d&#039;\u00e9rabli\u00e8re CDL","description":"L&#039;ac\u00e9riculture c&#039;est votre passion... Nous aussi.","potentialAction":[{"@type":"SearchAction","target":{"@type":"EntryPoint","urlTemplate":"https:\/\/www.cdlinc.ca\/fr\/?s={search_term_string}"},"query-input":{"@type":"PropertyValueSpecification","valueRequired":true,"valueName":"search_term_string"}}],"inLanguage":"en-CA"}]}},"_links":{"self":[{"href":"https:\/\/www.cdlinc.ca\/en\/wp-json\/wp\/v2\/pages\/485","targetHints":{"allow":["GET"]}}],"collection":[{"href":"https:\/\/www.cdlinc.ca\/en\/wp-json\/wp\/v2\/pages"}],"about":[{"href":"https:\/\/www.cdlinc.ca\/en\/wp-json\/wp\/v2\/types\/page"}],"author":[{"embeddable":true,"href":"https:\/\/www.cdlinc.ca\/en\/wp-json\/wp\/v2\/users\/2"}],"replies":[{"embeddable":true,"href":"https:\/\/www.cdlinc.ca\/en\/wp-json\/wp\/v2\/comments?post=485"}],"version-history":[{"count":3,"href":"https:\/\/www.cdlinc.ca\/en\/wp-json\/wp\/v2\/pages\/485\/revisions"}],"predecessor-version":[{"id":2216,"href":"https:\/\/www.cdlinc.ca\/en\/wp-json\/wp\/v2\/pages\/485\/revisions\/2216"}],"wp:attachment":[{"href":"https:\/\/www.cdlinc.ca\/en\/wp-json\/wp\/v2\/media?parent=485"}],"curies":[{"name":"wp","href":"https:\/\/api.w.org\/{rel}","templated":true}]}}