{"id":4290,"date":"2020-03-03T21:17:54","date_gmt":"2020-03-03T20:17:54","guid":{"rendered":"https:\/\/www.cdlinc.ca\/?page_id=4290\/"},"modified":"2020-05-28T13:46:49","modified_gmt":"2020-05-28T12:46:49","slug":"labels","status":"publish","type":"page","link":"https:\/\/www.cdlinc.ca\/en\/labels\/","title":{"rendered":"Custom Labelling Procedure"},"content":{"rendered":"<h3>CDL JUG COLLECTION<br \/>\nCUSTOM LABELLING PROCEDURE.<\/h3>\n<p>When ordering, please first print and complete the following document: <a href=\"https:\/\/www.cdlinc.ca\/wp-content\/uploads\/2020\/03\/procedure-en.pdf\" target=\"_blank\" rel=\"noopener noreferrer\"><strong><span style=\"color: #78a81b;\">Procedure.pdf<\/span><\/strong><\/a><br \/>\nThen, for the labels production,\u00a0please choose one of the following 3 options:<\/p>\n<p>&nbsp;<\/p>\n<p><img loading=\"lazy\" decoding=\"async\" width=\"1980\" height=\"556\" class=\"size-full wp-image-4312 aligncenter\" src=\"https:\/\/www.cdlinc.ca\/wp-content\/uploads\/2020\/03\/visuel-en.jpg\" alt=\"\" srcset=\"https:\/\/www.cdlinc.ca\/wp-content\/uploads\/2020\/03\/visuel-en.jpg 1980w, https:\/\/www.cdlinc.ca\/wp-content\/uploads\/2020\/03\/visuel-en-250x70.jpg 250w, https:\/\/www.cdlinc.ca\/wp-content\/uploads\/2020\/03\/visuel-en-768x216.jpg 768w, https:\/\/www.cdlinc.ca\/wp-content\/uploads\/2020\/03\/visuel-en-700x197.jpg 700w, https:\/\/www.cdlinc.ca\/wp-content\/uploads\/2020\/03\/visuel-en-310x87.jpg 310w, https:\/\/www.cdlinc.ca\/wp-content\/uploads\/2020\/03\/visuel-en-120x34.jpg 120w\" sizes=\"auto, (max-width: 1980px) 100vw, 1980px\" \/><\/p>\n<h3><b>OPTION 1 :\u00a0<\/b><b>Choose a template from our selection <\/b><span class=\"s1\"><b>(free of charge)<\/b><\/span><\/h3>\n<p>This option allows you to choose a design from among 4 predetermined label models. Some spaces are customizable according to your tastes and needs such as logo, address and website. Your label files will be produced by the CDL Graphic Designer.<\/p>\n<p><a href=\"https:\/\/www.cdlinc.ca\/wp-content\/uploads\/2020\/03\/step1.pdf\" target=\"_blank\" rel=\"noopener noreferrer\"><strong><span style=\"color: #78a81b;\">Please complete Step 1 form if you choose this option.<\/span><\/strong><\/a><br \/>\n<a href=\"https:\/\/www.cdlinc.ca\/wp-content\/uploads\/2020\/03\/visuel-en.pdf\" target=\"_blank\" rel=\"noopener noreferrer\"><strong><span style=\"color: #78a81b;\">Click here to\u00a0see\u00a0predeterminated designs.<\/span><\/strong><\/a><\/p>\n<p>______________<\/p>\n<h3><b>OPTION 2 : Visuals provided by the client (free of charge)<\/b><b><\/b><\/h3>\n<p>By opting for this option, you are entirely responsible for your designs. This option is recommended if you are already working with a Graphic Designer. In this case, CDL will provides label templates and instructions for best printing results.<\/p>\n<p><a href=\"https:\/\/www.cdlinc.ca\/wp-content\/uploads\/2020\/03\/step2.pdf\" target=\"_blank\" rel=\"noopener noreferrer\"><strong><span style=\"color: #78a81b;\">Please complete Step 2 form if you choose this option.<\/span><\/strong><\/a><br \/>\nCDL templates can be <strong><a href=\"https:\/\/www.cdlinc.ca\/wp-content\/uploads\/2020\/05\/CANADA-ANGLAIS.zip\" target=\"_blank\" rel=\"noopener noreferrer\"><span style=\"color: #78a81b;\">downloaded here<\/span><\/a>.<\/strong><\/p>\n<p>______________<\/p>\n<h3><b>OPTION 3 : 100% custom made\u00a0design\u00a0made by CDL ($250 extra)<\/b><b><\/b><\/h3>\n<p>Do you have something specific in mind? Let CDL\u2019s qualified Graphic Designer Service create your custom labels according to your needs.<\/p>\n<p><a href=\"https:\/\/www.cdlinc.ca\/wp-content\/uploads\/2020\/03\/step3.pdf\" target=\"_blank\" rel=\"noopener noreferrer\"><strong><span style=\"color: #78a81b;\">Please complete Step 3 form if you choose this option.<\/span><\/strong><\/a><\/p>\n","protected":false},"excerpt":{"rendered":"CDL JUG COLLECTION CUSTOM LABELLING PROCEDURE. When ordering, please first print and complete the following document: Procedure.pdf Then, for the labels production,\u00a0please choose one of the following 3 options: &nbsp; OPTION 1 :\u00a0Choose a template from our selection (free of charge) This option allows you to choose a design from among 4 predetermined label models. [&hellip;]","protected":false},"author":10,"featured_media":0,"parent":0,"menu_order":0,"comment_status":"closed","ping_status":"closed","template":"","meta":{"_acf_changed":false,"footnotes":""},"class_list":["post-4290","page","type-page","status-publish","hentry"],"acf":[],"yoast_head":"<!-- This site is optimized with the Yoast SEO plugin v25.2 - https:\/\/yoast.com\/wordpress\/plugins\/seo\/ -->\n<title>Custom Labelling Procedure<\/title>\n<meta name=\"robots\" content=\"index, follow, max-snippet:-1, max-image-preview:large, max-video-preview:-1\" \/>\n<link rel=\"canonical\" href=\"https:\/\/www.cdlinc.ca\/fr\/etiquettes\/\" \/>\n<meta property=\"og:locale\" content=\"en_US\" \/>\n<meta property=\"og:type\" content=\"article\" \/>\n<meta property=\"og:title\" content=\"Custom Labelling Procedure\" \/>\n<meta property=\"og:description\" content=\"CDL JUG COLLECTION CUSTOM LABELLING PROCEDURE. When ordering, please first print and complete the following document: Procedure.pdf Then, for the labels production,\u00a0please choose one of the following 3 options: &nbsp; OPTION 1 :\u00a0Choose a template from our selection (free of charge) This option allows you to choose a design from among 4 predetermined label models. [&hellip;]\" \/>\n<meta property=\"og:url\" content=\"https:\/\/www.cdlinc.ca\/fr\/etiquettes\/\" \/>\n<meta property=\"og:site_name\" content=\"Les \u00e9quipements d&#039;\u00e9rabli\u00e8re CDL\" \/>\n<meta property=\"article:modified_time\" content=\"2020-05-28T12:46:49+00:00\" \/>\n<meta property=\"og:image\" content=\"https:\/\/www.cdlinc.ca\/wp-content\/uploads\/2020\/03\/visuel-en.jpg\" \/>\n<meta name=\"twitter:card\" content=\"summary_large_image\" \/>\n<meta name=\"twitter:label1\" content=\"Est. reading time\" \/>\n\t<meta name=\"twitter:data1\" content=\"1 minute\" \/>\n<script type=\"application\/ld+json\" class=\"yoast-schema-graph\">{\"@context\":\"https:\/\/schema.org\",\"@graph\":[{\"@type\":\"WebPage\",\"@id\":\"https:\/\/www.cdlinc.ca\/fr\/etiquettes\/\",\"url\":\"https:\/\/www.cdlinc.ca\/fr\/etiquettes\/\",\"name\":\"Custom Labelling Procedure\",\"isPartOf\":{\"@id\":\"https:\/\/www.cdlinc.ca\/fr\/#website\"},\"primaryImageOfPage\":{\"@id\":\"https:\/\/www.cdlinc.ca\/fr\/etiquettes\/#primaryimage\"},\"image\":{\"@id\":\"https:\/\/www.cdlinc.ca\/fr\/etiquettes\/#primaryimage\"},\"thumbnailUrl\":\"https:\/\/www.cdlinc.ca\/wp-content\/uploads\/2020\/03\/visuel-en.jpg\",\"datePublished\":\"2020-03-03T20:17:54+00:00\",\"dateModified\":\"2020-05-28T12:46:49+00:00\",\"breadcrumb\":{\"@id\":\"https:\/\/www.cdlinc.ca\/fr\/etiquettes\/#breadcrumb\"},\"inLanguage\":\"en-CA\",\"potentialAction\":[{\"@type\":\"ReadAction\",\"target\":[\"https:\/\/www.cdlinc.ca\/fr\/etiquettes\/\"]}]},{\"@type\":\"ImageObject\",\"inLanguage\":\"en-CA\",\"@id\":\"https:\/\/www.cdlinc.ca\/fr\/etiquettes\/#primaryimage\",\"url\":\"https:\/\/www.cdlinc.ca\/wp-content\/uploads\/2020\/03\/visuel-en.jpg\",\"contentUrl\":\"https:\/\/www.cdlinc.ca\/wp-content\/uploads\/2020\/03\/visuel-en.jpg\"},{\"@type\":\"BreadcrumbList\",\"@id\":\"https:\/\/www.cdlinc.ca\/fr\/etiquettes\/#breadcrumb\",\"itemListElement\":[{\"@type\":\"ListItem\",\"position\":1,\"name\":\"Home\",\"item\":\"https:\/\/www.cdlinc.ca\/en\/\"},{\"@type\":\"ListItem\",\"position\":2,\"name\":\"Custom Labelling Procedure\"}]},{\"@type\":\"WebSite\",\"@id\":\"https:\/\/www.cdlinc.ca\/fr\/#website\",\"url\":\"https:\/\/www.cdlinc.ca\/fr\/\",\"name\":\"Les \u00e9quipements d&#039;\u00e9rabli\u00e8re CDL\",\"description\":\"L&#039;ac\u00e9riculture c&#039;est votre passion... Nous aussi.\",\"potentialAction\":[{\"@type\":\"SearchAction\",\"target\":{\"@type\":\"EntryPoint\",\"urlTemplate\":\"https:\/\/www.cdlinc.ca\/fr\/?s={search_term_string}\"},\"query-input\":{\"@type\":\"PropertyValueSpecification\",\"valueRequired\":true,\"valueName\":\"search_term_string\"}}],\"inLanguage\":\"en-CA\"}]}<\/script>\n<!-- \/ Yoast SEO plugin. -->","yoast_head_json":{"title":"Custom Labelling Procedure","robots":{"index":"index","follow":"follow","max-snippet":"max-snippet:-1","max-image-preview":"max-image-preview:large","max-video-preview":"max-video-preview:-1"},"canonical":"https:\/\/www.cdlinc.ca\/fr\/etiquettes\/","og_locale":"en_US","og_type":"article","og_title":"Custom Labelling Procedure","og_description":"CDL JUG COLLECTION CUSTOM LABELLING PROCEDURE. When ordering, please first print and complete the following document: Procedure.pdf Then, for the labels production,\u00a0please choose one of the following 3 options: &nbsp; OPTION 1 :\u00a0Choose a template from our selection (free of charge) This option allows you to choose a design from among 4 predetermined label models. [&hellip;]","og_url":"https:\/\/www.cdlinc.ca\/fr\/etiquettes\/","og_site_name":"Les \u00e9quipements d&#039;\u00e9rabli\u00e8re CDL","article_modified_time":"2020-05-28T12:46:49+00:00","og_image":[{"url":"https:\/\/www.cdlinc.ca\/wp-content\/uploads\/2020\/03\/visuel-en.jpg","type":"","width":"","height":""}],"twitter_card":"summary_large_image","twitter_misc":{"Est. reading time":"1 minute"},"schema":{"@context":"https:\/\/schema.org","@graph":[{"@type":"WebPage","@id":"https:\/\/www.cdlinc.ca\/fr\/etiquettes\/","url":"https:\/\/www.cdlinc.ca\/fr\/etiquettes\/","name":"Custom Labelling Procedure","isPartOf":{"@id":"https:\/\/www.cdlinc.ca\/fr\/#website"},"primaryImageOfPage":{"@id":"https:\/\/www.cdlinc.ca\/fr\/etiquettes\/#primaryimage"},"image":{"@id":"https:\/\/www.cdlinc.ca\/fr\/etiquettes\/#primaryimage"},"thumbnailUrl":"https:\/\/www.cdlinc.ca\/wp-content\/uploads\/2020\/03\/visuel-en.jpg","datePublished":"2020-03-03T20:17:54+00:00","dateModified":"2020-05-28T12:46:49+00:00","breadcrumb":{"@id":"https:\/\/www.cdlinc.ca\/fr\/etiquettes\/#breadcrumb"},"inLanguage":"en-CA","potentialAction":[{"@type":"ReadAction","target":["https:\/\/www.cdlinc.ca\/fr\/etiquettes\/"]}]},{"@type":"ImageObject","inLanguage":"en-CA","@id":"https:\/\/www.cdlinc.ca\/fr\/etiquettes\/#primaryimage","url":"https:\/\/www.cdlinc.ca\/wp-content\/uploads\/2020\/03\/visuel-en.jpg","contentUrl":"https:\/\/www.cdlinc.ca\/wp-content\/uploads\/2020\/03\/visuel-en.jpg"},{"@type":"BreadcrumbList","@id":"https:\/\/www.cdlinc.ca\/fr\/etiquettes\/#breadcrumb","itemListElement":[{"@type":"ListItem","position":1,"name":"Home","item":"https:\/\/www.cdlinc.ca\/en\/"},{"@type":"ListItem","position":2,"name":"Custom Labelling Procedure"}]},{"@type":"WebSite","@id":"https:\/\/www.cdlinc.ca\/fr\/#website","url":"https:\/\/www.cdlinc.ca\/fr\/","name":"Les \u00e9quipements d&#039;\u00e9rabli\u00e8re CDL","description":"L&#039;ac\u00e9riculture c&#039;est votre passion... Nous aussi.","potentialAction":[{"@type":"SearchAction","target":{"@type":"EntryPoint","urlTemplate":"https:\/\/www.cdlinc.ca\/fr\/?s={search_term_string}"},"query-input":{"@type":"PropertyValueSpecification","valueRequired":true,"valueName":"search_term_string"}}],"inLanguage":"en-CA"}]}},"_links":{"self":[{"href":"https:\/\/www.cdlinc.ca\/en\/wp-json\/wp\/v2\/pages\/4290","targetHints":{"allow":["GET"]}}],"collection":[{"href":"https:\/\/www.cdlinc.ca\/en\/wp-json\/wp\/v2\/pages"}],"about":[{"href":"https:\/\/www.cdlinc.ca\/en\/wp-json\/wp\/v2\/types\/page"}],"author":[{"embeddable":true,"href":"https:\/\/www.cdlinc.ca\/en\/wp-json\/wp\/v2\/users\/10"}],"replies":[{"embeddable":true,"href":"https:\/\/www.cdlinc.ca\/en\/wp-json\/wp\/v2\/comments?post=4290"}],"version-history":[{"count":15,"href":"https:\/\/www.cdlinc.ca\/en\/wp-json\/wp\/v2\/pages\/4290\/revisions"}],"predecessor-version":[{"id":4849,"href":"https:\/\/www.cdlinc.ca\/en\/wp-json\/wp\/v2\/pages\/4290\/revisions\/4849"}],"wp:attachment":[{"href":"https:\/\/www.cdlinc.ca\/en\/wp-json\/wp\/v2\/media?parent=4290"}],"curies":[{"name":"wp","href":"https:\/\/api.w.org\/{rel}","templated":true}]}}