{"id":4221,"date":"2020-02-12T15:11:23","date_gmt":"2020-02-12T14:11:23","guid":{"rendered":"https:\/\/www.cdlinc.ca\/?page_id=4221\/"},"modified":"2021-03-24T22:26:27","modified_gmt":"2021-03-24T21:26:27","slug":"new","status":"publish","type":"page","link":"https:\/\/www.cdlinc.ca\/en\/new\/","title":{"rendered":"New products"},"content":{"rendered":"<h3 style=\"text-align: left;\">CDL Best New Products of 2020<\/h3>\n<p>&nbsp;<\/p>\n<h3>CDL Jug Collection<\/h3>\n<p>[embedyt] https:\/\/www.youtube.com\/watch?v=BBdn44Q_NJw[\/embedyt]<\/p>\n<p>Durable and compact, the CDL jugs were designed for the reality of today&#8217;s maple syrup producers. Discover this new collection, which features a modern, vibrant and exclusive look while respecting the classic side of this great tradition.\u00a0Available sizes: 4L, 2L, 1L, 500mL, 250mL\u00a0and 100mL. Caps included.<\/p>\n<p><strong>Customize your labels. <\/strong><\/p>\n<p><strong><a href=\"https:\/\/www.cdlinc.ca\/en\/sales-representatives\/\" target=\"_blank\" rel=\"noopener noreferrer\"><span style=\"color: #78a81b;\">Ask your CDL sales representative.<\/span><\/a><\/strong><\/p>\n<p>_____<\/p>\n<h3>Vacuum Regulating Modulating Valve<\/h3>\n<p>[embedyt] https:\/\/www.youtube.com\/watch?v=_hR7XDtA6Y0[\/embedyt]<\/p>\n<p><strong>CDL Monitoring System option for remote vacuum modulation.\u00a0<\/strong>Improve vacuum management to prevent premature mainline freezing when temperature are close to 0 degrees C. Energy saving when the system is frozen or during the night when the sap is running very little. Better vacuum management. Can allow quicker sap flow at the beginning of the day for systems that are not tight.<\/p>\n<p><a href=\"https:\/\/www.cdlinc.ca\/en\/categories-de-produit\/monitoring-system\/\" target=\"_blank\" rel=\"noopener noreferrer\"><span style=\"color: #78a81b;\"><strong>Visit our Monitoring page.<\/strong><\/span><\/a><\/p>\n<p>_____<\/p>\n<h3 style=\"text-align: left;\">Ultrafiltration&#8230; Be a part of the next innovation in maple sugaring!<\/h3>\n<p>[embedyt] https:\/\/www.youtube.com\/watch?v=hdP-x24ecIE[\/embedyt]<\/p>\n<p><strong>CDL quality standards and simplified operations.\u00a0<\/strong>Designed and made for very fine filtration of maple sap, birch sap and concentrate. Eliminates bacteria, yeast and other organic particles from liquids. Improves sap and concentrate preservation time<\/p>\n<p><a href=\"https:\/\/www.cdlinc.ca\/en\/produits\/ultrafiltration-system\/\" target=\"_blank\" rel=\"noopener noreferrer\"><span style=\"color: #78a81b;\"><strong>Click here for\u00a0more\u00a0information.<\/strong><\/span><\/a><\/p>\n<p>_____<\/p>\n<h3>CDLWESFAB Filter Presses<\/h3>\n<p>[embedyt] https:\/\/www.youtube.com\/watch?v=nyhm8MzT8ws[\/embedyt]<\/p>\n<p>CDL and WESFAB combined their forces to come out with a new line of high quality filter presses to increase performance and improve the filtration process in your sugarhouse.\u00a0<strong>Made entirely in North America.<\/strong>\u00a0Light and compact construction. Easy to move.\u00a0Available in 7, 10\u00a0and 15 inches.<\/p>\n<p><a href=\"https:\/\/www.cdlinc.ca\/en\/categories-de-produit\/filter-presses-en\/\" target=\"_blank\" rel=\"noopener noreferrer\"><span style=\"color: #78a81b;\"><strong>Customize your filter press with our many options<span style=\"color: #78a81b;\">!<\/span><\/strong><\/span><\/a><\/p>\n<p>_____<\/p>\n<h3>CDL Airtight Wood Venturi Evaporators<\/h3>\n<p>[embedyt] https:\/\/www.youtube.com\/watch?v=nlfmFe4k7os[\/embedyt]<\/p>\n<p>The new airtight high performance <strong>Venturi<span class=\"Apple-converted-space\">\u00a0 <\/span>evaporators have a unique <span class=\"s1\">artificial draft\u00a0<\/span>system<\/strong> <span class=\"s2\"> allowing the <\/span>intake of primary air at high pressure by suction<span class=\"s2\">. Simply\u00a0<\/span>and safely increase the evaporation performance of the evaporator\u00a0with the Venturi Performance system developed by CDL.<\/p>\n<p><a href=\"https:\/\/www.cdlinc.ca\/en\/produits\/venturi-evaporators\/\" target=\"_blank\" rel=\"noopener noreferrer\"><span style=\"color: #78a81b;\"><strong>Learn more.<\/strong><\/span><\/a><\/p>\n<p>_____<\/p>\n<h3 style=\"text-align: left;\">40 FT Container Storage Tank<\/h3>\n<p>[embedyt] https:\/\/www.youtube.com\/watch?v=FdYvewyUlxM[\/embedyt]<\/p>\n<p>The new CDL 40 ft Container storage tank is the best product for big storage needs. This tank will hold about 12,000 US gallons of sap. It size is about 7 ft wide, 7 ft tall and 40 feet long. Includes: 3&#8221;\u00a0outlet,\u00a04&#8221; overflow, water level and stainless steel man door.<\/p>\n<p><a href=\"https:\/\/www.cdlinc.ca\/en\/categories-de-produit\/container-storage-tank\/\" target=\"_blank\" rel=\"noopener noreferrer\"><span style=\"color: #78a81b;\"><strong>Learn more.<\/strong><\/span><\/a><\/p>\n<p>_____<\/p>\n<h3 style=\"text-align: left;\">CDL\u00a0Vertical Silos<\/h3>\n<p>[embedyt] https:\/\/www.youtube.com\/watch?v=7vcZi5SlghU[\/embedyt]<\/p>\n<p>The new way to store water outside!<br \/>\nStainless steel construction. Base reinforced and insulated with urethane. Available in 4 different sizes: 12&#8242; x 10&#8242; (8,400 US gallons) 12&#8242; x 15&#8242; (12,000 US gallons) 12&#8242; x 20&#8242; (15,750 US gallons) 12&#8242; x 25&#8242; (20,500 US gallons)<\/p>\n<p><a href=\"https:\/\/www.cdlinc.ca\/en\/produits\/vertical-silos\/\" target=\"_blank\" rel=\"noopener noreferrer\"><span style=\"color: #78a81b;\"><strong>Learn more.<\/strong><\/span><\/a><\/p>\n<p>_____<\/p>\n<h3 style=\"text-align: left;\">Smoker (for Evap-O-Grill)<\/h3>\n<p>[embedyt] https:\/\/www.youtube.com\/watch?v=MIGq4vQONvY[\/embedyt]<\/p>\n<p>Designed for the smoking of food. Works with the CDL Evap-O-Grill. Easy to assemble!<\/p>\n<p><a href=\"https:\/\/webstore.cdlinc.ca\/en\/evap-o-grill-smoker\" target=\"_blank\" rel=\"noopener noreferrer\"><span style=\"color: #78a81b;\"><strong>Buy it now.<\/strong><\/span><\/a><\/p>\n<p>_____<\/p>\n<h3 style=\"text-align: left;\">High Performance Sap Lifting System<\/h3>\n<p>[embedyt] https:\/\/www.youtube.com\/watch?v=Il9goKFiTqs[\/embedyt]<\/p>\n<p>We finally came up with a solution for reverse slopes in the woods. The high performance sap lifting system will be the solution for\u00a0 freezing problem, mechanical problems and eliminate vacuum leaks created when the sap lifter operate.<\/p>\n<p><a href=\"https:\/\/www.cdlinc.ca\/en\/produits\/high-performance-sap-lifting-system\/\" target=\"_blank\" rel=\"noopener noreferrer\"><span style=\"color: #78a81b;\"><strong>Learn more.<\/strong><\/span><\/a><\/p>\n<p>_____<\/p>\n<h3 style=\"text-align: left;\">Variable Speed Extractor<\/h3>\n<p>[embedyt] https:\/\/www.youtube.com\/watch?v=BM3xk-LzK5g[\/embedyt]<\/p>\n<p>Continuous sap evacuation. Progressive pump start. Progressive pump stop. Minimizes amperage peaks.<\/p>\n<p><a href=\"https:\/\/www.cdlinc.ca\/en\/produits\/variable-speed-extractor\/\" target=\"_blank\" rel=\"noopener noreferrer\"><span style=\"color: #78a81b;\"><strong>Learn more.<\/strong><\/span><\/a><\/p>\n<p>_____<\/p>\n<h3 style=\"text-align: left;\">CDL High Vacuum Vane Pumps (high performance)<\/h3>\n<p>[embedyt] https:\/\/www.youtube.com\/watch?v=soHNzbDlczw[\/embedyt]<\/p>\n<p>New CDL high vacuum pumps are reliable, heavy duty and are a highly efficient solution for all sizes of sugar bushes. With 19 models available, from 1.5HP to 10HP and convenient from 1,000 to 11,300 taps, the new CDL vacuum pump collection is one of the widest range of vacuum pumps in the maple sugaring industry.<\/p>\n<p><a href=\"https:\/\/www.cdlinc.ca\/en\/produits\/cdl-high-vacuum-vane-pumps-high-performance\/\" target=\"_blank\" rel=\"noopener noreferrer\"><span style=\"color: #78a81b;\"><strong>Learn more.<\/strong><\/span><\/a><\/p>\n<p>&nbsp;<\/p>\n","protected":false},"excerpt":{"rendered":"CDL Best New Products of 2020 &nbsp; CDL Jug Collection [embedyt] https:\/\/www.youtube.com\/watch?v=BBdn44Q_NJw[\/embedyt] Durable and compact, the CDL jugs were designed for the reality of today&#8217;s maple syrup producers. Discover this new collection, which features a modern, vibrant and exclusive look while respecting the classic side of this great tradition.\u00a0Available sizes: 4L, 2L, 1L, 500mL, 250mL\u00a0and [&hellip;]","protected":false},"author":10,"featured_media":0,"parent":0,"menu_order":0,"comment_status":"closed","ping_status":"closed","template":"template-new.php","meta":{"_acf_changed":false,"footnotes":""},"class_list":["post-4221","page","type-page","status-publish","hentry"],"acf":[],"yoast_head":"<!-- This site is optimized with the Yoast SEO plugin v25.2 - https:\/\/yoast.com\/wordpress\/plugins\/seo\/ -->\n<title>New products<\/title>\n<meta name=\"robots\" content=\"index, follow, max-snippet:-1, max-image-preview:large, max-video-preview:-1\" \/>\n<link rel=\"canonical\" href=\"https:\/\/www.cdlinc.ca\/en\/new\/\" \/>\n<meta property=\"og:locale\" content=\"en_US\" \/>\n<meta property=\"og:type\" content=\"article\" \/>\n<meta property=\"og:title\" content=\"New products\" \/>\n<meta property=\"og:description\" content=\"CDL Best New Products of 2020 &nbsp; CDL Jug Collection [embedyt] https:\/\/www.youtube.com\/watch?v=BBdn44Q_NJw[\/embedyt] Durable and compact, the CDL jugs were designed for the reality of today&#8217;s maple syrup producers. Discover this new collection, which features a modern, vibrant and exclusive look while respecting the classic side of this great tradition.\u00a0Available sizes: 4L, 2L, 1L, 500mL, 250mL\u00a0and [&hellip;]\" \/>\n<meta property=\"og:url\" content=\"https:\/\/www.cdlinc.ca\/en\/new\/\" \/>\n<meta property=\"og:site_name\" content=\"Les \u00e9quipements d&#039;\u00e9rabli\u00e8re CDL\" \/>\n<meta property=\"article:modified_time\" content=\"2021-03-24T21:26:27+00:00\" \/>\n<meta property=\"og:image\" content=\"https:\/\/www.cdlinc.ca\/wp-content\/uploads\/2017\/04\/CDL_facebook_share_1200x630.jpg\" \/>\n<meta name=\"twitter:card\" content=\"summary_large_image\" \/>\n<meta name=\"twitter:label1\" content=\"Est. reading time\" \/>\n\t<meta name=\"twitter:data1\" content=\"3 minutes\" \/>\n<script type=\"application\/ld+json\" class=\"yoast-schema-graph\">{\"@context\":\"https:\/\/schema.org\",\"@graph\":[{\"@type\":\"WebPage\",\"@id\":\"https:\/\/www.cdlinc.ca\/en\/new\/\",\"url\":\"https:\/\/www.cdlinc.ca\/en\/new\/\",\"name\":\"New products\",\"isPartOf\":{\"@id\":\"https:\/\/www.cdlinc.ca\/fr\/#website\"},\"datePublished\":\"2020-02-12T14:11:23+00:00\",\"dateModified\":\"2021-03-24T21:26:27+00:00\",\"breadcrumb\":{\"@id\":\"https:\/\/www.cdlinc.ca\/en\/new\/#breadcrumb\"},\"inLanguage\":\"en-CA\",\"potentialAction\":[{\"@type\":\"ReadAction\",\"target\":[\"https:\/\/www.cdlinc.ca\/en\/new\/\"]}]},{\"@type\":\"BreadcrumbList\",\"@id\":\"https:\/\/www.cdlinc.ca\/en\/new\/#breadcrumb\",\"itemListElement\":[{\"@type\":\"ListItem\",\"position\":1,\"name\":\"Home\",\"item\":\"https:\/\/www.cdlinc.ca\/en\/\"},{\"@type\":\"ListItem\",\"position\":2,\"name\":\"New products\"}]},{\"@type\":\"WebSite\",\"@id\":\"https:\/\/www.cdlinc.ca\/fr\/#website\",\"url\":\"https:\/\/www.cdlinc.ca\/fr\/\",\"name\":\"Les \u00e9quipements d&#039;\u00e9rabli\u00e8re CDL\",\"description\":\"L&#039;ac\u00e9riculture c&#039;est votre passion... Nous aussi.\",\"potentialAction\":[{\"@type\":\"SearchAction\",\"target\":{\"@type\":\"EntryPoint\",\"urlTemplate\":\"https:\/\/www.cdlinc.ca\/fr\/?s={search_term_string}\"},\"query-input\":{\"@type\":\"PropertyValueSpecification\",\"valueRequired\":true,\"valueName\":\"search_term_string\"}}],\"inLanguage\":\"en-CA\"}]}<\/script>\n<!-- \/ Yoast SEO plugin. -->","yoast_head_json":{"title":"New products","robots":{"index":"index","follow":"follow","max-snippet":"max-snippet:-1","max-image-preview":"max-image-preview:large","max-video-preview":"max-video-preview:-1"},"canonical":"https:\/\/www.cdlinc.ca\/en\/new\/","og_locale":"en_US","og_type":"article","og_title":"New products","og_description":"CDL Best New Products of 2020 &nbsp; CDL Jug Collection [embedyt] https:\/\/www.youtube.com\/watch?v=BBdn44Q_NJw[\/embedyt] Durable and compact, the CDL jugs were designed for the reality of today&#8217;s maple syrup producers. Discover this new collection, which features a modern, vibrant and exclusive look while respecting the classic side of this great tradition.\u00a0Available sizes: 4L, 2L, 1L, 500mL, 250mL\u00a0and [&hellip;]","og_url":"https:\/\/www.cdlinc.ca\/en\/new\/","og_site_name":"Les \u00e9quipements d&#039;\u00e9rabli\u00e8re CDL","article_modified_time":"2021-03-24T21:26:27+00:00","og_image":[{"url":"https:\/\/www.cdlinc.ca\/wp-content\/uploads\/2017\/04\/CDL_facebook_share_1200x630.jpg","type":"","width":"","height":""}],"twitter_card":"summary_large_image","twitter_misc":{"Est. reading time":"3 minutes"},"schema":{"@context":"https:\/\/schema.org","@graph":[{"@type":"WebPage","@id":"https:\/\/www.cdlinc.ca\/en\/new\/","url":"https:\/\/www.cdlinc.ca\/en\/new\/","name":"New products","isPartOf":{"@id":"https:\/\/www.cdlinc.ca\/fr\/#website"},"datePublished":"2020-02-12T14:11:23+00:00","dateModified":"2021-03-24T21:26:27+00:00","breadcrumb":{"@id":"https:\/\/www.cdlinc.ca\/en\/new\/#breadcrumb"},"inLanguage":"en-CA","potentialAction":[{"@type":"ReadAction","target":["https:\/\/www.cdlinc.ca\/en\/new\/"]}]},{"@type":"BreadcrumbList","@id":"https:\/\/www.cdlinc.ca\/en\/new\/#breadcrumb","itemListElement":[{"@type":"ListItem","position":1,"name":"Home","item":"https:\/\/www.cdlinc.ca\/en\/"},{"@type":"ListItem","position":2,"name":"New products"}]},{"@type":"WebSite","@id":"https:\/\/www.cdlinc.ca\/fr\/#website","url":"https:\/\/www.cdlinc.ca\/fr\/","name":"Les \u00e9quipements d&#039;\u00e9rabli\u00e8re CDL","description":"L&#039;ac\u00e9riculture c&#039;est votre passion... Nous aussi.","potentialAction":[{"@type":"SearchAction","target":{"@type":"EntryPoint","urlTemplate":"https:\/\/www.cdlinc.ca\/fr\/?s={search_term_string}"},"query-input":{"@type":"PropertyValueSpecification","valueRequired":true,"valueName":"search_term_string"}}],"inLanguage":"en-CA"}]}},"_links":{"self":[{"href":"https:\/\/www.cdlinc.ca\/en\/wp-json\/wp\/v2\/pages\/4221","targetHints":{"allow":["GET"]}}],"collection":[{"href":"https:\/\/www.cdlinc.ca\/en\/wp-json\/wp\/v2\/pages"}],"about":[{"href":"https:\/\/www.cdlinc.ca\/en\/wp-json\/wp\/v2\/types\/page"}],"author":[{"embeddable":true,"href":"https:\/\/www.cdlinc.ca\/en\/wp-json\/wp\/v2\/users\/10"}],"replies":[{"embeddable":true,"href":"https:\/\/www.cdlinc.ca\/en\/wp-json\/wp\/v2\/comments?post=4221"}],"version-history":[{"count":27,"href":"https:\/\/www.cdlinc.ca\/en\/wp-json\/wp\/v2\/pages\/4221\/revisions"}],"predecessor-version":[{"id":5727,"href":"https:\/\/www.cdlinc.ca\/en\/wp-json\/wp\/v2\/pages\/4221\/revisions\/5727"}],"wp:attachment":[{"href":"https:\/\/www.cdlinc.ca\/en\/wp-json\/wp\/v2\/media?parent=4221"}],"curies":[{"name":"wp","href":"https:\/\/api.w.org\/{rel}","templated":true}]}}