{"id":2616,"date":"2018-12-21T15:36:42","date_gmt":"2018-12-21T14:36:42","guid":{"rendered":"https:\/\/www.cdlinc.ca\/about-cdl\/erabliere-autonome\/"},"modified":"2023-05-30T15:50:18","modified_gmt":"2023-05-30T14:50:18","slug":"autonomous-sugar-bush","status":"publish","type":"page","link":"https:\/\/www.cdlinc.ca\/en\/about-cdl\/autonomous-sugar-bush\/","title":{"rendered":"Autonomous sugar bush &#8211; CDL 4.0. Vision"},"content":{"rendered":"<p><img loading=\"lazy\" decoding=\"async\" class=\"aligncenter wp-image-2617\" title=\"Autonomous sugar bush by CDL\" src=\"https:\/\/www.cdlinc.ca\/wp-content\/uploads\/2018\/12\/maple-sugaring-evolution-en.png\" alt=\"\" width=\"600\" height=\"400\" srcset=\"https:\/\/www.cdlinc.ca\/wp-content\/uploads\/2018\/12\/maple-sugaring-evolution-en.png 2000w, https:\/\/www.cdlinc.ca\/wp-content\/uploads\/2018\/12\/maple-sugaring-evolution-en-250x167.png 250w, https:\/\/www.cdlinc.ca\/wp-content\/uploads\/2018\/12\/maple-sugaring-evolution-en-768x512.png 768w, https:\/\/www.cdlinc.ca\/wp-content\/uploads\/2018\/12\/maple-sugaring-evolution-en-700x467.png 700w, https:\/\/www.cdlinc.ca\/wp-content\/uploads\/2018\/12\/maple-sugaring-evolution-en-310x207.png 310w, https:\/\/www.cdlinc.ca\/wp-content\/uploads\/2018\/12\/maple-sugaring-evolution-en-120x80.png 120w\" sizes=\"auto, (max-width: 600px) 100vw, 600px\" \/><\/p>\n<p style=\"text-align: center;\">Providing a 100%\u00a0automated system from sap to barrel, establishing the <b>4th maple revolution.\u00a0<\/b>In\u00a0practical terms, the objective is the full intelligent synergy of all the automated steps involved in producing maple syrup and its derivatives.<\/p>\n<blockquote>\n<p style=\"text-align: center;\"><strong>We believe this 4.0 industry vision will greatly help maple producers achieve unprecedented levels of production and will revolutionize the way things are done. &#8211;\u00a0Vallier Chabot<\/strong><\/p>\n<\/blockquote>\n<p><a href=\"https:\/\/youtu.be\/yBlLVE_Tstw\"><img loading=\"lazy\" decoding=\"async\" class=\"alignleft wp-image-2622 size-full\" title=\"Autonomous sugar bush by CDL\" src=\"https:\/\/www.cdlinc.ca\/wp-content\/uploads\/2018\/12\/vision-cdl-erabliere-autonome-en.png\" alt=\"autonomous-sugar-bush-vision-by-cdl\" width=\"1000\" height=\"667\" srcset=\"https:\/\/www.cdlinc.ca\/wp-content\/uploads\/2018\/12\/vision-cdl-erabliere-autonome-en.png 1000w, https:\/\/www.cdlinc.ca\/wp-content\/uploads\/2018\/12\/vision-cdl-erabliere-autonome-en-250x167.png 250w, https:\/\/www.cdlinc.ca\/wp-content\/uploads\/2018\/12\/vision-cdl-erabliere-autonome-en-768x512.png 768w, https:\/\/www.cdlinc.ca\/wp-content\/uploads\/2018\/12\/vision-cdl-erabliere-autonome-en-700x467.png 700w, https:\/\/www.cdlinc.ca\/wp-content\/uploads\/2018\/12\/vision-cdl-erabliere-autonome-en-310x207.png 310w, https:\/\/www.cdlinc.ca\/wp-content\/uploads\/2018\/12\/vision-cdl-erabliere-autonome-en-120x80.png 120w\" sizes=\"auto, (max-width: 1000px) 100vw, 1000px\" \/><\/a><\/p>\n<h3 style=\"text-align: center;\"><strong><a href=\"https:\/\/youtu.be\/yBlLVE_Tstw\" target=\"_blank\" rel=\"noopener noreferrer\">3D visit of an\u00a0autonomous sugar bush, fully equipped by CDL<\/a><\/strong><\/h3>\n<p style=\"text-align: center;\">CDL Maple Sugaring Equipement would like to\u00a0thank the entire team\u00a0of \u00c9rabli\u00e8re de la Coul\u00e9e Creuse for their confidence and contribution to the development of the maple sugaring industry.<\/p>\n<h3 style=\"text-align: center;\"><strong><img loading=\"lazy\" decoding=\"async\" class=\"aligncenter wp-image-2618\" title=\"Autonomous sugar bush by CDL\" src=\"https:\/\/www.cdlinc.ca\/wp-content\/uploads\/2018\/12\/logo-cdl-vision-autonomous-sugarbush-250x250.png\" alt=\"\" width=\"200\" height=\"200\" srcset=\"https:\/\/www.cdlinc.ca\/wp-content\/uploads\/2018\/12\/logo-cdl-vision-autonomous-sugarbush-250x250.png 250w, https:\/\/www.cdlinc.ca\/wp-content\/uploads\/2018\/12\/logo-cdl-vision-autonomous-sugarbush-150x150.png 150w, https:\/\/www.cdlinc.ca\/wp-content\/uploads\/2018\/12\/logo-cdl-vision-autonomous-sugarbush-310x310.png 310w, https:\/\/www.cdlinc.ca\/wp-content\/uploads\/2018\/12\/logo-cdl-vision-autonomous-sugarbush-120x120.png 120w, https:\/\/www.cdlinc.ca\/wp-content\/uploads\/2018\/12\/logo-cdl-vision-autonomous-sugarbush.png 600w\" sizes=\"auto, (max-width: 200px) 100vw, 200px\" \/><\/strong><\/h3>\n","protected":false},"excerpt":{"rendered":"Providing a 100%\u00a0automated system from sap to barrel, establishing the 4th maple revolution.\u00a0In\u00a0practical terms, the objective is the full intelligent synergy of all the automated steps involved in producing maple syrup and its derivatives. We believe this 4.0 industry vision will greatly help maple producers achieve unprecedented levels of production and will revolutionize the way [&hellip;]","protected":false},"author":4,"featured_media":0,"parent":485,"menu_order":0,"comment_status":"closed","ping_status":"closed","template":"","meta":{"_acf_changed":false,"footnotes":""},"class_list":["post-2616","page","type-page","status-publish","hentry"],"acf":[],"yoast_head":"<!-- This site is optimized with the Yoast SEO plugin v25.2 - https:\/\/yoast.com\/wordpress\/plugins\/seo\/ -->\n<title>The Autonomous Sugar Bush - Vision 4.0 by CDL<\/title>\n<meta name=\"description\" content=\"Providing a 100% automated system from sap to barrel, establishing the 4th maple revolution. Be prepared for the autonomous sugar bush by CDL.\" \/>\n<meta name=\"robots\" content=\"index, follow, max-snippet:-1, max-image-preview:large, max-video-preview:-1\" \/>\n<link rel=\"canonical\" href=\"https:\/\/www.cdlinc.ca\/en\/about-cdl\/autonomous-sugar-bush\/\" \/>\n<meta property=\"og:locale\" content=\"en_US\" \/>\n<meta property=\"og:type\" content=\"article\" \/>\n<meta property=\"og:title\" content=\"The Autonomous Sugar Bush - Vision 4.0 by CDL\" \/>\n<meta property=\"og:description\" content=\"Providing a 100% automated system from sap to barrel, establishing the 4th maple revolution. Be prepared for the autonomous sugar bush by CDL.\" \/>\n<meta property=\"og:url\" content=\"https:\/\/www.cdlinc.ca\/en\/about-cdl\/autonomous-sugar-bush\/\" \/>\n<meta property=\"og:site_name\" content=\"Les \u00e9quipements d&#039;\u00e9rabli\u00e8re CDL\" \/>\n<meta property=\"article:modified_time\" content=\"2023-05-30T14:50:18+00:00\" \/>\n<meta property=\"og:image\" content=\"https:\/\/www.cdlinc.ca\/wp-content\/uploads\/2018\/12\/maple-sugaring-evolution-en.png\" \/>\n<meta name=\"twitter:card\" content=\"summary_large_image\" \/>\n<meta name=\"twitter:label1\" content=\"Est. reading time\" \/>\n\t<meta name=\"twitter:data1\" content=\"2 minutes\" \/>\n<script type=\"application\/ld+json\" class=\"yoast-schema-graph\">{\"@context\":\"https:\/\/schema.org\",\"@graph\":[{\"@type\":\"WebPage\",\"@id\":\"https:\/\/www.cdlinc.ca\/en\/about-cdl\/autonomous-sugar-bush\/\",\"url\":\"https:\/\/www.cdlinc.ca\/en\/about-cdl\/autonomous-sugar-bush\/\",\"name\":\"The Autonomous Sugar Bush - Vision 4.0 by CDL\",\"isPartOf\":{\"@id\":\"https:\/\/www.cdlinc.ca\/fr\/#website\"},\"primaryImageOfPage\":{\"@id\":\"https:\/\/www.cdlinc.ca\/en\/about-cdl\/autonomous-sugar-bush\/#primaryimage\"},\"image\":{\"@id\":\"https:\/\/www.cdlinc.ca\/en\/about-cdl\/autonomous-sugar-bush\/#primaryimage\"},\"thumbnailUrl\":\"https:\/\/www.cdlinc.ca\/wp-content\/uploads\/2018\/12\/maple-sugaring-evolution-en.png\",\"datePublished\":\"2018-12-21T14:36:42+00:00\",\"dateModified\":\"2023-05-30T14:50:18+00:00\",\"description\":\"Providing a 100% automated system from sap to barrel, establishing the 4th maple revolution. Be prepared for the autonomous sugar bush by CDL.\",\"breadcrumb\":{\"@id\":\"https:\/\/www.cdlinc.ca\/en\/about-cdl\/autonomous-sugar-bush\/#breadcrumb\"},\"inLanguage\":\"en-CA\",\"potentialAction\":[{\"@type\":\"ReadAction\",\"target\":[\"https:\/\/www.cdlinc.ca\/en\/about-cdl\/autonomous-sugar-bush\/\"]}]},{\"@type\":\"ImageObject\",\"inLanguage\":\"en-CA\",\"@id\":\"https:\/\/www.cdlinc.ca\/en\/about-cdl\/autonomous-sugar-bush\/#primaryimage\",\"url\":\"https:\/\/www.cdlinc.ca\/wp-content\/uploads\/2018\/12\/maple-sugaring-evolution-en.png\",\"contentUrl\":\"https:\/\/www.cdlinc.ca\/wp-content\/uploads\/2018\/12\/maple-sugaring-evolution-en.png\"},{\"@type\":\"BreadcrumbList\",\"@id\":\"https:\/\/www.cdlinc.ca\/en\/about-cdl\/autonomous-sugar-bush\/#breadcrumb\",\"itemListElement\":[{\"@type\":\"ListItem\",\"position\":1,\"name\":\"Home\",\"item\":\"https:\/\/www.cdlinc.ca\/en\/\"},{\"@type\":\"ListItem\",\"position\":2,\"name\":\"About CDL\",\"item\":\"https:\/\/www.cdlinc.ca\/en\/about-cdl\/\"},{\"@type\":\"ListItem\",\"position\":3,\"name\":\"Autonomous sugar bush &#8211; CDL 4.0. Vision\"}]},{\"@type\":\"WebSite\",\"@id\":\"https:\/\/www.cdlinc.ca\/fr\/#website\",\"url\":\"https:\/\/www.cdlinc.ca\/fr\/\",\"name\":\"Les \u00e9quipements d&#039;\u00e9rabli\u00e8re CDL\",\"description\":\"L&#039;ac\u00e9riculture c&#039;est votre passion... Nous aussi.\",\"potentialAction\":[{\"@type\":\"SearchAction\",\"target\":{\"@type\":\"EntryPoint\",\"urlTemplate\":\"https:\/\/www.cdlinc.ca\/fr\/?s={search_term_string}\"},\"query-input\":{\"@type\":\"PropertyValueSpecification\",\"valueRequired\":true,\"valueName\":\"search_term_string\"}}],\"inLanguage\":\"en-CA\"}]}<\/script>\n<!-- \/ Yoast SEO plugin. -->","yoast_head_json":{"title":"The Autonomous Sugar Bush - Vision 4.0 by CDL","description":"Providing a 100% automated system from sap to barrel, establishing the 4th maple revolution. Be prepared for the autonomous sugar bush by CDL.","robots":{"index":"index","follow":"follow","max-snippet":"max-snippet:-1","max-image-preview":"max-image-preview:large","max-video-preview":"max-video-preview:-1"},"canonical":"https:\/\/www.cdlinc.ca\/en\/about-cdl\/autonomous-sugar-bush\/","og_locale":"en_US","og_type":"article","og_title":"The Autonomous Sugar Bush - Vision 4.0 by CDL","og_description":"Providing a 100% automated system from sap to barrel, establishing the 4th maple revolution. Be prepared for the autonomous sugar bush by CDL.","og_url":"https:\/\/www.cdlinc.ca\/en\/about-cdl\/autonomous-sugar-bush\/","og_site_name":"Les \u00e9quipements d&#039;\u00e9rabli\u00e8re CDL","article_modified_time":"2023-05-30T14:50:18+00:00","og_image":[{"url":"https:\/\/www.cdlinc.ca\/wp-content\/uploads\/2018\/12\/maple-sugaring-evolution-en.png","type":"","width":"","height":""}],"twitter_card":"summary_large_image","twitter_misc":{"Est. reading time":"2 minutes"},"schema":{"@context":"https:\/\/schema.org","@graph":[{"@type":"WebPage","@id":"https:\/\/www.cdlinc.ca\/en\/about-cdl\/autonomous-sugar-bush\/","url":"https:\/\/www.cdlinc.ca\/en\/about-cdl\/autonomous-sugar-bush\/","name":"The Autonomous Sugar Bush - Vision 4.0 by CDL","isPartOf":{"@id":"https:\/\/www.cdlinc.ca\/fr\/#website"},"primaryImageOfPage":{"@id":"https:\/\/www.cdlinc.ca\/en\/about-cdl\/autonomous-sugar-bush\/#primaryimage"},"image":{"@id":"https:\/\/www.cdlinc.ca\/en\/about-cdl\/autonomous-sugar-bush\/#primaryimage"},"thumbnailUrl":"https:\/\/www.cdlinc.ca\/wp-content\/uploads\/2018\/12\/maple-sugaring-evolution-en.png","datePublished":"2018-12-21T14:36:42+00:00","dateModified":"2023-05-30T14:50:18+00:00","description":"Providing a 100% automated system from sap to barrel, establishing the 4th maple revolution. Be prepared for the autonomous sugar bush by CDL.","breadcrumb":{"@id":"https:\/\/www.cdlinc.ca\/en\/about-cdl\/autonomous-sugar-bush\/#breadcrumb"},"inLanguage":"en-CA","potentialAction":[{"@type":"ReadAction","target":["https:\/\/www.cdlinc.ca\/en\/about-cdl\/autonomous-sugar-bush\/"]}]},{"@type":"ImageObject","inLanguage":"en-CA","@id":"https:\/\/www.cdlinc.ca\/en\/about-cdl\/autonomous-sugar-bush\/#primaryimage","url":"https:\/\/www.cdlinc.ca\/wp-content\/uploads\/2018\/12\/maple-sugaring-evolution-en.png","contentUrl":"https:\/\/www.cdlinc.ca\/wp-content\/uploads\/2018\/12\/maple-sugaring-evolution-en.png"},{"@type":"BreadcrumbList","@id":"https:\/\/www.cdlinc.ca\/en\/about-cdl\/autonomous-sugar-bush\/#breadcrumb","itemListElement":[{"@type":"ListItem","position":1,"name":"Home","item":"https:\/\/www.cdlinc.ca\/en\/"},{"@type":"ListItem","position":2,"name":"About CDL","item":"https:\/\/www.cdlinc.ca\/en\/about-cdl\/"},{"@type":"ListItem","position":3,"name":"Autonomous sugar bush &#8211; CDL 4.0. Vision"}]},{"@type":"WebSite","@id":"https:\/\/www.cdlinc.ca\/fr\/#website","url":"https:\/\/www.cdlinc.ca\/fr\/","name":"Les \u00e9quipements d&#039;\u00e9rabli\u00e8re CDL","description":"L&#039;ac\u00e9riculture c&#039;est votre passion... Nous aussi.","potentialAction":[{"@type":"SearchAction","target":{"@type":"EntryPoint","urlTemplate":"https:\/\/www.cdlinc.ca\/fr\/?s={search_term_string}"},"query-input":{"@type":"PropertyValueSpecification","valueRequired":true,"valueName":"search_term_string"}}],"inLanguage":"en-CA"}]}},"_links":{"self":[{"href":"https:\/\/www.cdlinc.ca\/en\/wp-json\/wp\/v2\/pages\/2616","targetHints":{"allow":["GET"]}}],"collection":[{"href":"https:\/\/www.cdlinc.ca\/en\/wp-json\/wp\/v2\/pages"}],"about":[{"href":"https:\/\/www.cdlinc.ca\/en\/wp-json\/wp\/v2\/types\/page"}],"author":[{"embeddable":true,"href":"https:\/\/www.cdlinc.ca\/en\/wp-json\/wp\/v2\/users\/4"}],"replies":[{"embeddable":true,"href":"https:\/\/www.cdlinc.ca\/en\/wp-json\/wp\/v2\/comments?post=2616"}],"version-history":[{"count":11,"href":"https:\/\/www.cdlinc.ca\/en\/wp-json\/wp\/v2\/pages\/2616\/revisions"}],"predecessor-version":[{"id":9101,"href":"https:\/\/www.cdlinc.ca\/en\/wp-json\/wp\/v2\/pages\/2616\/revisions\/9101"}],"up":[{"embeddable":true,"href":"https:\/\/www.cdlinc.ca\/en\/wp-json\/wp\/v2\/pages\/485"}],"wp:attachment":[{"href":"https:\/\/www.cdlinc.ca\/en\/wp-json\/wp\/v2\/media?parent=2616"}],"curies":[{"name":"wp","href":"https:\/\/api.w.org\/{rel}","templated":true}]}}