{"id":162,"date":"2017-04-19T16:47:46","date_gmt":"2017-04-19T15:47:46","guid":{"rendered":"https:\/\/www.cdlinc.ca\/?page_id=162\/"},"modified":"2025-04-10T11:48:11","modified_gmt":"2025-04-10T15:48:11","slug":"material-safety-data-sheets","status":"publish","type":"page","link":"https:\/\/www.cdlinc.ca\/en\/material-safety-data-sheets\/","title":{"rendered":"Safety data sheets"},"content":{"rendered":"<p>These safety data sheets (SDS) allow you to find all the toxicological properties as well as health and safety measures related to the use of our products. We receive these records from the supplier. They could be useful for the use of CDL products or during your organic certification.<\/p>\n","protected":false},"excerpt":{"rendered":"These safety data sheets (SDS) allow you to find all the toxicological properties as well as health and safety measures related to the use of our products. We receive these records from the supplier. They could be useful for the use of CDL products or during your organic certification.","protected":false},"author":1,"featured_media":0,"parent":0,"menu_order":0,"comment_status":"closed","ping_status":"closed","template":"","meta":{"_acf_changed":false,"footnotes":""},"class_list":["post-162","page","type-page","status-publish","hentry"],"acf":[],"yoast_head":"<!-- This site is optimized with the Yoast SEO plugin v25.2 - https:\/\/yoast.com\/wordpress\/plugins\/seo\/ -->\n<title>Material safety data sheets : CDL Maple Sugaring Equipement<\/title>\n<meta name=\"description\" content=\"Find Material Safety Data Sheets (MSDS) for CDL equipment on our website. CDL Maple Sugaring Equipment, firmly rooted in Quebec, Ontario &amp; United States.\" \/>\n<meta name=\"robots\" content=\"index, follow, max-snippet:-1, max-image-preview:large, max-video-preview:-1\" \/>\n<link rel=\"canonical\" href=\"https:\/\/www.cdlinc.ca\/en\/material-safety-data-sheets\/\" \/>\n<meta property=\"og:locale\" content=\"en_US\" \/>\n<meta property=\"og:type\" content=\"article\" \/>\n<meta property=\"og:title\" content=\"Material safety data sheets : CDL Maple Sugaring Equipement\" \/>\n<meta property=\"og:description\" content=\"Find Material Safety Data Sheets (MSDS) for CDL equipment on our website. CDL Maple Sugaring Equipment, firmly rooted in Quebec, Ontario &amp; United States.\" \/>\n<meta property=\"og:url\" content=\"https:\/\/www.cdlinc.ca\/en\/material-safety-data-sheets\/\" \/>\n<meta property=\"og:site_name\" content=\"Les \u00e9quipements d&#039;\u00e9rabli\u00e8re CDL\" \/>\n<meta property=\"article:modified_time\" content=\"2025-04-10T15:48:11+00:00\" \/>\n<meta property=\"og:image\" content=\"https:\/\/www.cdlinc.ca\/wp-content\/uploads\/2017\/04\/CDL_facebook_share_1200x630.jpg\" \/>\n<meta name=\"twitter:card\" content=\"summary_large_image\" \/>\n<meta name=\"twitter:label1\" content=\"Est. reading time\" \/>\n\t<meta name=\"twitter:data1\" content=\"1 minute\" \/>\n<script type=\"application\/ld+json\" class=\"yoast-schema-graph\">{\"@context\":\"https:\/\/schema.org\",\"@graph\":[{\"@type\":\"WebPage\",\"@id\":\"https:\/\/www.cdlinc.ca\/en\/material-safety-data-sheets\/\",\"url\":\"https:\/\/www.cdlinc.ca\/en\/material-safety-data-sheets\/\",\"name\":\"Material safety data sheets : CDL Maple Sugaring Equipement\",\"isPartOf\":{\"@id\":\"https:\/\/www.cdlinc.ca\/fr\/#website\"},\"datePublished\":\"2017-04-19T15:47:46+00:00\",\"dateModified\":\"2025-04-10T15:48:11+00:00\",\"description\":\"Find Material Safety Data Sheets (MSDS) for CDL equipment on our website. CDL Maple Sugaring Equipment, firmly rooted in Quebec, Ontario & United States.\",\"breadcrumb\":{\"@id\":\"https:\/\/www.cdlinc.ca\/en\/material-safety-data-sheets\/#breadcrumb\"},\"inLanguage\":\"en-CA\",\"potentialAction\":[{\"@type\":\"ReadAction\",\"target\":[\"https:\/\/www.cdlinc.ca\/en\/material-safety-data-sheets\/\"]}]},{\"@type\":\"BreadcrumbList\",\"@id\":\"https:\/\/www.cdlinc.ca\/en\/material-safety-data-sheets\/#breadcrumb\",\"itemListElement\":[{\"@type\":\"ListItem\",\"position\":1,\"name\":\"Home\",\"item\":\"https:\/\/www.cdlinc.ca\/en\/\"},{\"@type\":\"ListItem\",\"position\":2,\"name\":\"Safety data sheets\"}]},{\"@type\":\"WebSite\",\"@id\":\"https:\/\/www.cdlinc.ca\/fr\/#website\",\"url\":\"https:\/\/www.cdlinc.ca\/fr\/\",\"name\":\"Les \u00e9quipements d&#039;\u00e9rabli\u00e8re CDL\",\"description\":\"L&#039;ac\u00e9riculture c&#039;est votre passion... Nous aussi.\",\"potentialAction\":[{\"@type\":\"SearchAction\",\"target\":{\"@type\":\"EntryPoint\",\"urlTemplate\":\"https:\/\/www.cdlinc.ca\/fr\/?s={search_term_string}\"},\"query-input\":{\"@type\":\"PropertyValueSpecification\",\"valueRequired\":true,\"valueName\":\"search_term_string\"}}],\"inLanguage\":\"en-CA\"}]}<\/script>\n<!-- \/ Yoast SEO plugin. -->","yoast_head_json":{"title":"Material safety data sheets : CDL Maple Sugaring Equipement","description":"Find Material Safety Data Sheets (MSDS) for CDL equipment on our website. CDL Maple Sugaring Equipment, firmly rooted in Quebec, Ontario & United States.","robots":{"index":"index","follow":"follow","max-snippet":"max-snippet:-1","max-image-preview":"max-image-preview:large","max-video-preview":"max-video-preview:-1"},"canonical":"https:\/\/www.cdlinc.ca\/en\/material-safety-data-sheets\/","og_locale":"en_US","og_type":"article","og_title":"Material safety data sheets : CDL Maple Sugaring Equipement","og_description":"Find Material Safety Data Sheets (MSDS) for CDL equipment on our website. CDL Maple Sugaring Equipment, firmly rooted in Quebec, Ontario & United States.","og_url":"https:\/\/www.cdlinc.ca\/en\/material-safety-data-sheets\/","og_site_name":"Les \u00e9quipements d&#039;\u00e9rabli\u00e8re CDL","article_modified_time":"2025-04-10T15:48:11+00:00","og_image":[{"url":"https:\/\/www.cdlinc.ca\/wp-content\/uploads\/2017\/04\/CDL_facebook_share_1200x630.jpg","type":"","width":"","height":""}],"twitter_card":"summary_large_image","twitter_misc":{"Est. reading time":"1 minute"},"schema":{"@context":"https:\/\/schema.org","@graph":[{"@type":"WebPage","@id":"https:\/\/www.cdlinc.ca\/en\/material-safety-data-sheets\/","url":"https:\/\/www.cdlinc.ca\/en\/material-safety-data-sheets\/","name":"Material safety data sheets : CDL Maple Sugaring Equipement","isPartOf":{"@id":"https:\/\/www.cdlinc.ca\/fr\/#website"},"datePublished":"2017-04-19T15:47:46+00:00","dateModified":"2025-04-10T15:48:11+00:00","description":"Find Material Safety Data Sheets (MSDS) for CDL equipment on our website. CDL Maple Sugaring Equipment, firmly rooted in Quebec, Ontario & United States.","breadcrumb":{"@id":"https:\/\/www.cdlinc.ca\/en\/material-safety-data-sheets\/#breadcrumb"},"inLanguage":"en-CA","potentialAction":[{"@type":"ReadAction","target":["https:\/\/www.cdlinc.ca\/en\/material-safety-data-sheets\/"]}]},{"@type":"BreadcrumbList","@id":"https:\/\/www.cdlinc.ca\/en\/material-safety-data-sheets\/#breadcrumb","itemListElement":[{"@type":"ListItem","position":1,"name":"Home","item":"https:\/\/www.cdlinc.ca\/en\/"},{"@type":"ListItem","position":2,"name":"Safety data sheets"}]},{"@type":"WebSite","@id":"https:\/\/www.cdlinc.ca\/fr\/#website","url":"https:\/\/www.cdlinc.ca\/fr\/","name":"Les \u00e9quipements d&#039;\u00e9rabli\u00e8re CDL","description":"L&#039;ac\u00e9riculture c&#039;est votre passion... Nous aussi.","potentialAction":[{"@type":"SearchAction","target":{"@type":"EntryPoint","urlTemplate":"https:\/\/www.cdlinc.ca\/fr\/?s={search_term_string}"},"query-input":{"@type":"PropertyValueSpecification","valueRequired":true,"valueName":"search_term_string"}}],"inLanguage":"en-CA"}]}},"_links":{"self":[{"href":"https:\/\/www.cdlinc.ca\/en\/wp-json\/wp\/v2\/pages\/162","targetHints":{"allow":["GET"]}}],"collection":[{"href":"https:\/\/www.cdlinc.ca\/en\/wp-json\/wp\/v2\/pages"}],"about":[{"href":"https:\/\/www.cdlinc.ca\/en\/wp-json\/wp\/v2\/types\/page"}],"author":[{"embeddable":true,"href":"https:\/\/www.cdlinc.ca\/en\/wp-json\/wp\/v2\/users\/1"}],"replies":[{"embeddable":true,"href":"https:\/\/www.cdlinc.ca\/en\/wp-json\/wp\/v2\/comments?post=162"}],"version-history":[{"count":90,"href":"https:\/\/www.cdlinc.ca\/en\/wp-json\/wp\/v2\/pages\/162\/revisions"}],"predecessor-version":[{"id":12570,"href":"https:\/\/www.cdlinc.ca\/en\/wp-json\/wp\/v2\/pages\/162\/revisions\/12570"}],"wp:attachment":[{"href":"https:\/\/www.cdlinc.ca\/en\/wp-json\/wp\/v2\/media?parent=162"}],"curies":[{"name":"wp","href":"https:\/\/api.w.org\/{rel}","templated":true}]}}