{"id":14248,"date":"2026-01-07T13:08:11","date_gmt":"2026-01-07T17:08:11","guid":{"rendered":"https:\/\/www.cdlinc.ca\/?page_id=14248"},"modified":"2026-01-08T13:23:45","modified_gmt":"2026-01-08T17:23:45","slug":"maple-events","status":"publish","type":"page","link":"https:\/\/www.cdlinc.ca\/en\/maple-events\/","title":{"rendered":"Maple Event"},"content":{"rendered":"\n<main class=\"list-events-cdl\">\n        <section>\n            <h2>Below are the events at which our team will participate as an exhibitor. Come meet us at our booth.<\/h2>\n            <h3>We look forward to interacting with you!<\/h3>\n        <\/section>\n        <ul class=\"events-main-container\">\n            <li class=\"events-sub-container\">\n                <h2>CDL CANADA<\/h2>\n                <ul class=\"maple-events-container\">\n                    <li class=\"maple-event\">\n                        <h3>Maple Day 2026<\/h3>\n                        <ul>\n                            <li class=\"maple-event-card\">\n                                <a href=\"https:\/\/www.quebec.ca\/agriculture-environnement-et-ressources-naturelles\/agriculture\/calendrier-evenements-bioalimentaires\/journee-inpacq-acericole-2026\" target=\"_blank\">\n                                    <h4>Friday, January 9<\/h4>\n                                    <h5>Victoriaville<\/h5>\n                                    <h6>Learn more<\/h6>\n                                <\/a>\n                            <\/li>\n                            <li class=\"maple-event-card\">\n                                <a href=\"https:\/\/www.quebec.ca\/agriculture-environnement-et-ressources-naturelles\/agriculture\/calendrier-evenements-bioalimentaires\/journee-acericole-cap-sante-2026\" target=\"_blank\">\n                                    <h4>Saturday, January 10<\/h4>\n                                    <h5>Cap-Sant\u00e9<\/h5>\n                                    <h6>Learn more<\/h6>\n                                <\/a>\n                            <\/li>\n                            <li class=\"maple-event-card\">\n                                <a href=\"https:\/\/www.quebec.ca\/agriculture-environnement-et-ressources-naturelles\/agriculture\/calendrier-evenements-bioalimentaires\/journee-acericole-de-saint-hyacinthe-2026\" target=\"_blank\">\n                                    <h4>Wednesday, January 14<\/h4>\n                                    <h5>Saint-Hyacinthe<\/h5>\n                                    <h6>Learn more<\/h6>\n                                <\/a>\n                            <\/li>\n                            <li class=\"maple-event-card\">\n                                <a href=\"https:\/\/www.quebec.ca\/agriculture-environnement-et-ressources-naturelles\/agriculture\/calendrier-evenements-bioalimentaires\/journee-acericole-orford-2026\" target=\"_blank\">\n                                    <h4>Friday, January 16<\/h4>\n                                    <h5>Orford<\/h5>\n                                    <h6>Learn more<\/h6>\n                                <\/a>\n                            <\/li>\n                            <li class=\"maple-event-card\">\n                                <a href=\"https:\/\/www.quebec.ca\/agriculture-environnement-et-ressources-naturelles\/agriculture\/calendrier-evenements-bioalimentaires\/journee-acericole-de-lorrainville-1\" target=\"_blank\">\n                                    <h4>Tuesday, January 20<\/h4>\n                                    <h5>Lorrainville<\/h5>\n                                    <h6>Learn more<\/h6>\n                                <\/a>\n                            <\/li>\n                            <li class=\"maple-event-card\">\n                                <a href=\"https:\/\/www.quebec.ca\/agriculture-environnement-et-ressources-naturelles\/agriculture\/calendrier-evenements-bioalimentaires\/journee-acericole-lange-gardien-2026\" target=\"_blank\">\n                                    <h4>Wednesday, January 21<\/h4>\n                                    <h5>L&#8217;Ange-Gardien (in Outaouais)<\/h5>\n                                    <h6>Learn more<\/h6>\n                                <\/a>\n                            <\/li>\n                            <li class=\"maple-event-card\">\n                                <a href=\"https:\/\/www.quebec.ca\/agriculture-environnement-et-ressources-naturelles\/agriculture\/calendrier-evenements-bioalimentaires\/journee-acericole-de-saint-eustache-1\" target=\"_blank\">\n                                    <h4>Thursday, January 22<\/h4>\n                                    <h5>St-Eustache<\/h5>\n                                    <h6>Learn more<\/h6>\n                                <\/a>\n                            <\/li>\n                            <li class=\"maple-event-card\">\n                                <a href=\"https:\/\/www.quebec.ca\/agriculture-environnement-et-ressources-naturelles\/agriculture\/calendrier-evenements-bioalimentaires\/journee-acericole-montmagny-2026\" target=\"_blank\">\n                                    <h4>Saturday, January 24<\/h4>\n                                    <h5>Montmagny<\/h5>\n                                    <h6>Learn more<\/h6>\n                                <\/a>\n                            <\/li>\n                            <li class=\"maple-event-card\">\n                                <a href=\"https:\/\/www.quebec.ca\/agriculture-environnement-et-ressources-naturelles\/agriculture\/calendrier-evenements-bioalimentaires\/journee-acericole-sainte-marie-2026\" target=\"_blank\">\n                                    <h4>Friday, January 30<\/h4>\n                                    <h5>Sainte-Marie<\/h5>\n                                    <h6>Learn more<\/h6>\n                                <\/a>\n                            <\/li>\n                            <li class=\"maple-event-card\">\n                                <a href=\"https:\/\/www.quebec.ca\/agriculture-environnement-et-ressources-naturelles\/agriculture\/calendrier-evenements-bioalimentaires\/journee-acericole-lac-megantic-2026\" target=\"_blank\">\n                                    <h4>Saturday, January 31<\/h4>\n                                    <h5>Lac-M\u00e9gantic<\/h5>\n                                    <h6>Learn more<\/h6>\n                                <\/a>\n                            <\/li>\n                            <li class=\"maple-event-card\">\n                                <a href=\"https:\/\/www.quebec.ca\/agriculture-environnement-et-ressources-naturelles\/agriculture\/calendrier-evenements-bioalimentaires\/journee-acericole-sainte-anne-monts-2026\" target=\"_blank\">\n                                    <h4>Friday, February 6<\/h4>\n                                    <h5>Sainte-Anne-des-Monts<\/h5>\n                                    <h6>Learn more<\/h6>\n                                <\/a>\n                            <\/li>\n                            <li class=\"maple-event-card\">\n                                <a href=\"\" target=\"_blank\">\n                                    <h4>Saturday, February 7<\/h4>\n                                    <h5>T\u00e9miscouata-sur-le-Lac<\/h5>\n                                    <h6>Learn more<\/h6>\n                                <\/a>\n                            <\/li>\n                        <\/ul>\n                    <\/li>\n                    <li class=\"maple-event\">\n                        <h3>Maple Industry Show<\/h3>\n                        <ul>\n                            <li class=\"maple-event-card\">\n                                <a href=\"\" target=\"_blank\">\n                                    <h4>January 13, 14, 15, 2026<\/h4>\n                                    <h5>Montmagny<\/h5>\n                                    <h6>Learn more<\/h6>\n                                <\/a>\n                            <\/li>\n                        <\/ul>\n                    <\/li>\n                    <li class=\"maple-event\">\n                        <h3>SIMAQ: Quebec Agricultural Industry and Machinery Show<\/h3>\n                        <ul>\n                            <li class=\"maple-event-card\">\n                                <a href=\"\" target=\"_blank\">\n                                    <h4>January 29, 30, 31, 2026<\/h4>\n                                    <h6>Learn more<\/h6>\n                                <\/a>\n                            <\/li>\n                        <\/ul>\n                    <\/li>\n                    <li class=\"maple-event\">\n                        <h3>OMSPA<\/h3>\n                        <ul>\n                            <li class=\"maple-event-card\">\n                                <a href=\"https:\/\/www.omspa.ca\/copy-of-events\" target=\"_blank\">\n                                    <h4>January 29, 30, 31, 2026<\/h4>\n                                    <h6>Learn more<\/h6>\n                                <\/a>\n                            <\/li>\n                        <\/ul>\n                    <\/li>\n                <\/ul>\n            <\/li>\n            <li class=\"events-sub-container\">\n                <h2>CDL USA<\/h2>\n                <ul class=\"maple-events-container\">\n                    <li class=\"maple-event\">\n                        <h3>Massachusetts Maple Producers Association (MMPA)<\/h3>\n                        <ul>\n                            <li class=\"maple-event-card\">\n                                <a href=\"https:\/\/www.massmaple.org\/\" target=\"_blank\">\n                                    <h4>January 10, 2026<\/h4>\n                                    <h6>Learn more<\/h6>\n                                <\/a>\n                            <\/li>\n                        <\/ul>\n                    <\/li>\n                    <li class=\"maple-event\">\n                        <h3>NYS January Maple Conference<\/h3>\n                        <ul>\n                            <li class=\"maple-event-card\">\n                                <a href=\"https:\/\/www.nysjanuarymapleconference.com\/schedule\" target=\"_blank\">\n                                    <h4>January 10, 2026<\/h4>\n                                    <h6>Learn more<\/h6>\n                                <\/a>\n                            <\/li>\n                        <\/ul>\n                    <\/li>\n                    <li class=\"maple-event\">\n                        <h3>Maple Syrup Producers Association of Connecticut (MSPAC)<\/h3>\n                        <ul>\n                            <li class=\"maple-event-card\">\n                                <a href=\"https:\/\/www.ctmaple.org\/\" target=\"_blank\">\n                                    <h4>January 10, 2026<\/h4>\n                                    <h6>Learn more<\/h6>\n                                <\/a>\n                            <\/li>\n                        <\/ul>\n                    <\/li>\n                    <li class=\"maple-event\">\n                        <h3>New Hampshire Maple Producers Annual Meeting<\/h3>\n                        <ul>\n                            <li class=\"maple-event-card\">\n                                <a href=\"https:\/\/nhmapleproducers.com\/news-and-events\/\" target=\"_blank\">\n                                    <h4>Saturday, January 25, 2026<\/h4>\n                                    <h6>Learn more<\/h6>\n                                <\/a>\n                            <\/li>\n                        <\/ul>\n                    <\/li>\n                <\/ul>\n            <\/li>\n        <\/ul>\n    <\/main>\n\n\n\n<p><\/p>\n","protected":false},"excerpt":{"rendered":"Below are the events at which our team will participate as an exhibitor. Come meet us at our booth. We look forward to interacting with you! CDL CANADA Maple Day 2026 Friday, January 9 Victoriaville Learn more Saturday, January 10 Cap-Sant\u00e9 Learn more Wednesday, January 14 Saint-Hyacinthe Learn more Friday, January 16 Orford Learn more [&hellip;]","protected":false},"author":19,"featured_media":0,"parent":0,"menu_order":0,"comment_status":"closed","ping_status":"closed","template":"","meta":{"_acf_changed":false,"footnotes":""},"class_list":["post-14248","page","type-page","status-publish","hentry"],"acf":[],"yoast_head":"<!-- This site is optimized with the Yoast SEO plugin v25.2 - https:\/\/yoast.com\/wordpress\/plugins\/seo\/ -->\n<title>Maple Event<\/title>\n<meta name=\"robots\" content=\"index, follow, max-snippet:-1, max-image-preview:large, max-video-preview:-1\" \/>\n<link rel=\"canonical\" href=\"https:\/\/www.cdlinc.ca\/en\/maple-events\/\" \/>\n<meta property=\"og:locale\" content=\"en_US\" \/>\n<meta property=\"og:type\" content=\"article\" \/>\n<meta property=\"og:title\" content=\"Maple Event\" \/>\n<meta property=\"og:description\" content=\"Below are the events at which our team will participate as an exhibitor. Come meet us at our booth. We look forward to interacting with you! CDL CANADA Maple Day 2026 Friday, January 9 Victoriaville Learn more Saturday, January 10 Cap-Sant\u00e9 Learn more Wednesday, January 14 Saint-Hyacinthe Learn more Friday, January 16 Orford Learn more [&hellip;]\" \/>\n<meta property=\"og:url\" content=\"https:\/\/www.cdlinc.ca\/en\/maple-events\/\" \/>\n<meta property=\"og:site_name\" content=\"Les \u00e9quipements d&#039;\u00e9rabli\u00e8re CDL\" \/>\n<meta property=\"article:modified_time\" content=\"2026-01-08T17:23:45+00:00\" \/>\n<meta property=\"og:image\" content=\"https:\/\/www.cdlinc.ca\/wp-content\/uploads\/2017\/04\/CDL_facebook_share_1200x630.jpg\" \/>\n<meta name=\"twitter:card\" content=\"summary_large_image\" \/>\n<meta name=\"twitter:label1\" content=\"Est. reading time\" \/>\n\t<meta name=\"twitter:data1\" content=\"1 minute\" \/>\n<script type=\"application\/ld+json\" class=\"yoast-schema-graph\">{\"@context\":\"https:\/\/schema.org\",\"@graph\":[{\"@type\":\"WebPage\",\"@id\":\"https:\/\/www.cdlinc.ca\/en\/maple-events\/\",\"url\":\"https:\/\/www.cdlinc.ca\/en\/maple-events\/\",\"name\":\"Maple Event\",\"isPartOf\":{\"@id\":\"https:\/\/www.cdlinc.ca\/fr\/#website\"},\"datePublished\":\"2026-01-07T17:08:11+00:00\",\"dateModified\":\"2026-01-08T17:23:45+00:00\",\"breadcrumb\":{\"@id\":\"https:\/\/www.cdlinc.ca\/en\/maple-events\/#breadcrumb\"},\"inLanguage\":\"en-CA\",\"potentialAction\":[{\"@type\":\"ReadAction\",\"target\":[\"https:\/\/www.cdlinc.ca\/en\/maple-events\/\"]}]},{\"@type\":\"BreadcrumbList\",\"@id\":\"https:\/\/www.cdlinc.ca\/en\/maple-events\/#breadcrumb\",\"itemListElement\":[{\"@type\":\"ListItem\",\"position\":1,\"name\":\"Home\",\"item\":\"https:\/\/www.cdlinc.ca\/en\/\"},{\"@type\":\"ListItem\",\"position\":2,\"name\":\"Maple Event\"}]},{\"@type\":\"WebSite\",\"@id\":\"https:\/\/www.cdlinc.ca\/fr\/#website\",\"url\":\"https:\/\/www.cdlinc.ca\/fr\/\",\"name\":\"Les \u00e9quipements d&#039;\u00e9rabli\u00e8re CDL\",\"description\":\"L&#039;ac\u00e9riculture c&#039;est votre passion... Nous aussi.\",\"potentialAction\":[{\"@type\":\"SearchAction\",\"target\":{\"@type\":\"EntryPoint\",\"urlTemplate\":\"https:\/\/www.cdlinc.ca\/fr\/?s={search_term_string}\"},\"query-input\":{\"@type\":\"PropertyValueSpecification\",\"valueRequired\":true,\"valueName\":\"search_term_string\"}}],\"inLanguage\":\"en-CA\"}]}<\/script>\n<!-- \/ Yoast SEO plugin. -->","yoast_head_json":{"title":"Maple Event","robots":{"index":"index","follow":"follow","max-snippet":"max-snippet:-1","max-image-preview":"max-image-preview:large","max-video-preview":"max-video-preview:-1"},"canonical":"https:\/\/www.cdlinc.ca\/en\/maple-events\/","og_locale":"en_US","og_type":"article","og_title":"Maple Event","og_description":"Below are the events at which our team will participate as an exhibitor. Come meet us at our booth. We look forward to interacting with you! CDL CANADA Maple Day 2026 Friday, January 9 Victoriaville Learn more Saturday, January 10 Cap-Sant\u00e9 Learn more Wednesday, January 14 Saint-Hyacinthe Learn more Friday, January 16 Orford Learn more [&hellip;]","og_url":"https:\/\/www.cdlinc.ca\/en\/maple-events\/","og_site_name":"Les \u00e9quipements d&#039;\u00e9rabli\u00e8re CDL","article_modified_time":"2026-01-08T17:23:45+00:00","og_image":[{"url":"https:\/\/www.cdlinc.ca\/wp-content\/uploads\/2017\/04\/CDL_facebook_share_1200x630.jpg","type":"","width":"","height":""}],"twitter_card":"summary_large_image","twitter_misc":{"Est. reading time":"1 minute"},"schema":{"@context":"https:\/\/schema.org","@graph":[{"@type":"WebPage","@id":"https:\/\/www.cdlinc.ca\/en\/maple-events\/","url":"https:\/\/www.cdlinc.ca\/en\/maple-events\/","name":"Maple Event","isPartOf":{"@id":"https:\/\/www.cdlinc.ca\/fr\/#website"},"datePublished":"2026-01-07T17:08:11+00:00","dateModified":"2026-01-08T17:23:45+00:00","breadcrumb":{"@id":"https:\/\/www.cdlinc.ca\/en\/maple-events\/#breadcrumb"},"inLanguage":"en-CA","potentialAction":[{"@type":"ReadAction","target":["https:\/\/www.cdlinc.ca\/en\/maple-events\/"]}]},{"@type":"BreadcrumbList","@id":"https:\/\/www.cdlinc.ca\/en\/maple-events\/#breadcrumb","itemListElement":[{"@type":"ListItem","position":1,"name":"Home","item":"https:\/\/www.cdlinc.ca\/en\/"},{"@type":"ListItem","position":2,"name":"Maple Event"}]},{"@type":"WebSite","@id":"https:\/\/www.cdlinc.ca\/fr\/#website","url":"https:\/\/www.cdlinc.ca\/fr\/","name":"Les \u00e9quipements d&#039;\u00e9rabli\u00e8re CDL","description":"L&#039;ac\u00e9riculture c&#039;est votre passion... Nous aussi.","potentialAction":[{"@type":"SearchAction","target":{"@type":"EntryPoint","urlTemplate":"https:\/\/www.cdlinc.ca\/fr\/?s={search_term_string}"},"query-input":{"@type":"PropertyValueSpecification","valueRequired":true,"valueName":"search_term_string"}}],"inLanguage":"en-CA"}]}},"_links":{"self":[{"href":"https:\/\/www.cdlinc.ca\/en\/wp-json\/wp\/v2\/pages\/14248","targetHints":{"allow":["GET"]}}],"collection":[{"href":"https:\/\/www.cdlinc.ca\/en\/wp-json\/wp\/v2\/pages"}],"about":[{"href":"https:\/\/www.cdlinc.ca\/en\/wp-json\/wp\/v2\/types\/page"}],"author":[{"embeddable":true,"href":"https:\/\/www.cdlinc.ca\/en\/wp-json\/wp\/v2\/users\/19"}],"replies":[{"embeddable":true,"href":"https:\/\/www.cdlinc.ca\/en\/wp-json\/wp\/v2\/comments?post=14248"}],"version-history":[{"count":4,"href":"https:\/\/www.cdlinc.ca\/en\/wp-json\/wp\/v2\/pages\/14248\/revisions"}],"predecessor-version":[{"id":14261,"href":"https:\/\/www.cdlinc.ca\/en\/wp-json\/wp\/v2\/pages\/14248\/revisions\/14261"}],"wp:attachment":[{"href":"https:\/\/www.cdlinc.ca\/en\/wp-json\/wp\/v2\/media?parent=14248"}],"curies":[{"name":"wp","href":"https:\/\/api.w.org\/{rel}","templated":true}]}}