{"id":12662,"date":"2025-04-14T11:31:07","date_gmt":"2025-04-14T15:31:07","guid":{"rendered":"https:\/\/www.cdlinc.ca\/?page_id=12662"},"modified":"2025-04-14T11:35:17","modified_gmt":"2025-04-14T15:35:17","slug":"consent-to-personal-data-collection","status":"publish","type":"page","link":"https:\/\/www.cdlinc.ca\/en\/consent-to-personal-data-collection\/","title":{"rendered":"Consent to Personal Data Collection"},"content":{"rendered":"","protected":false},"excerpt":{"rendered":"","protected":false},"author":19,"featured_media":0,"parent":0,"menu_order":0,"comment_status":"closed","ping_status":"closed","template":"consent.php","meta":{"_acf_changed":false,"footnotes":""},"class_list":["post-12662","page","type-page","status-publish","hentry"],"acf":[],"yoast_head":"<!-- This site is optimized with the Yoast SEO plugin v25.2 - https:\/\/yoast.com\/wordpress\/plugins\/seo\/ -->\n<title>Consent to Personal Data Collection<\/title>\n<meta name=\"robots\" content=\"index, follow, max-snippet:-1, max-image-preview:large, max-video-preview:-1\" \/>\n<link rel=\"canonical\" href=\"https:\/\/www.cdlinc.ca\/en\/consent-to-personal-data-collection\/\" \/>\n<meta property=\"og:locale\" content=\"en_US\" \/>\n<meta property=\"og:type\" content=\"article\" \/>\n<meta property=\"og:title\" content=\"Consent to Personal Data Collection\" \/>\n<meta property=\"og:url\" content=\"https:\/\/www.cdlinc.ca\/en\/consent-to-personal-data-collection\/\" \/>\n<meta property=\"og:site_name\" content=\"Les \u00e9quipements d&#039;\u00e9rabli\u00e8re CDL\" \/>\n<meta property=\"article:modified_time\" content=\"2025-04-14T15:35:17+00:00\" \/>\n<meta property=\"og:image\" content=\"https:\/\/www.cdlinc.ca\/wp-content\/uploads\/2017\/04\/CDL_facebook_share_1200x630.jpg\" \/>\n<meta name=\"twitter:card\" content=\"summary_large_image\" \/>\n<script type=\"application\/ld+json\" class=\"yoast-schema-graph\">{\"@context\":\"https:\/\/schema.org\",\"@graph\":[{\"@type\":\"WebPage\",\"@id\":\"https:\/\/www.cdlinc.ca\/en\/consent-to-personal-data-collection\/\",\"url\":\"https:\/\/www.cdlinc.ca\/en\/consent-to-personal-data-collection\/\",\"name\":\"Consent to Personal Data Collection\",\"isPartOf\":{\"@id\":\"https:\/\/www.cdlinc.ca\/fr\/#website\"},\"datePublished\":\"2025-04-14T15:31:07+00:00\",\"dateModified\":\"2025-04-14T15:35:17+00:00\",\"breadcrumb\":{\"@id\":\"https:\/\/www.cdlinc.ca\/en\/consent-to-personal-data-collection\/#breadcrumb\"},\"inLanguage\":\"en-CA\",\"potentialAction\":[{\"@type\":\"ReadAction\",\"target\":[\"https:\/\/www.cdlinc.ca\/en\/consent-to-personal-data-collection\/\"]}]},{\"@type\":\"BreadcrumbList\",\"@id\":\"https:\/\/www.cdlinc.ca\/en\/consent-to-personal-data-collection\/#breadcrumb\",\"itemListElement\":[{\"@type\":\"ListItem\",\"position\":1,\"name\":\"Home\",\"item\":\"https:\/\/www.cdlinc.ca\/en\/\"},{\"@type\":\"ListItem\",\"position\":2,\"name\":\"Consent to Personal Data Collection\"}]},{\"@type\":\"WebSite\",\"@id\":\"https:\/\/www.cdlinc.ca\/fr\/#website\",\"url\":\"https:\/\/www.cdlinc.ca\/fr\/\",\"name\":\"Les \u00e9quipements d&#039;\u00e9rabli\u00e8re CDL\",\"description\":\"L&#039;ac\u00e9riculture c&#039;est votre passion... Nous aussi.\",\"potentialAction\":[{\"@type\":\"SearchAction\",\"target\":{\"@type\":\"EntryPoint\",\"urlTemplate\":\"https:\/\/www.cdlinc.ca\/fr\/?s={search_term_string}\"},\"query-input\":{\"@type\":\"PropertyValueSpecification\",\"valueRequired\":true,\"valueName\":\"search_term_string\"}}],\"inLanguage\":\"en-CA\"}]}<\/script>\n<!-- \/ Yoast SEO plugin. -->","yoast_head_json":{"title":"Consent to Personal Data Collection","robots":{"index":"index","follow":"follow","max-snippet":"max-snippet:-1","max-image-preview":"max-image-preview:large","max-video-preview":"max-video-preview:-1"},"canonical":"https:\/\/www.cdlinc.ca\/en\/consent-to-personal-data-collection\/","og_locale":"en_US","og_type":"article","og_title":"Consent to Personal Data Collection","og_url":"https:\/\/www.cdlinc.ca\/en\/consent-to-personal-data-collection\/","og_site_name":"Les \u00e9quipements d&#039;\u00e9rabli\u00e8re CDL","article_modified_time":"2025-04-14T15:35:17+00:00","og_image":[{"url":"https:\/\/www.cdlinc.ca\/wp-content\/uploads\/2017\/04\/CDL_facebook_share_1200x630.jpg","type":"","width":"","height":""}],"twitter_card":"summary_large_image","schema":{"@context":"https:\/\/schema.org","@graph":[{"@type":"WebPage","@id":"https:\/\/www.cdlinc.ca\/en\/consent-to-personal-data-collection\/","url":"https:\/\/www.cdlinc.ca\/en\/consent-to-personal-data-collection\/","name":"Consent to Personal Data Collection","isPartOf":{"@id":"https:\/\/www.cdlinc.ca\/fr\/#website"},"datePublished":"2025-04-14T15:31:07+00:00","dateModified":"2025-04-14T15:35:17+00:00","breadcrumb":{"@id":"https:\/\/www.cdlinc.ca\/en\/consent-to-personal-data-collection\/#breadcrumb"},"inLanguage":"en-CA","potentialAction":[{"@type":"ReadAction","target":["https:\/\/www.cdlinc.ca\/en\/consent-to-personal-data-collection\/"]}]},{"@type":"BreadcrumbList","@id":"https:\/\/www.cdlinc.ca\/en\/consent-to-personal-data-collection\/#breadcrumb","itemListElement":[{"@type":"ListItem","position":1,"name":"Home","item":"https:\/\/www.cdlinc.ca\/en\/"},{"@type":"ListItem","position":2,"name":"Consent to Personal Data Collection"}]},{"@type":"WebSite","@id":"https:\/\/www.cdlinc.ca\/fr\/#website","url":"https:\/\/www.cdlinc.ca\/fr\/","name":"Les \u00e9quipements d&#039;\u00e9rabli\u00e8re CDL","description":"L&#039;ac\u00e9riculture c&#039;est votre passion... Nous aussi.","potentialAction":[{"@type":"SearchAction","target":{"@type":"EntryPoint","urlTemplate":"https:\/\/www.cdlinc.ca\/fr\/?s={search_term_string}"},"query-input":{"@type":"PropertyValueSpecification","valueRequired":true,"valueName":"search_term_string"}}],"inLanguage":"en-CA"}]}},"_links":{"self":[{"href":"https:\/\/www.cdlinc.ca\/en\/wp-json\/wp\/v2\/pages\/12662","targetHints":{"allow":["GET"]}}],"collection":[{"href":"https:\/\/www.cdlinc.ca\/en\/wp-json\/wp\/v2\/pages"}],"about":[{"href":"https:\/\/www.cdlinc.ca\/en\/wp-json\/wp\/v2\/types\/page"}],"author":[{"embeddable":true,"href":"https:\/\/www.cdlinc.ca\/en\/wp-json\/wp\/v2\/users\/19"}],"replies":[{"embeddable":true,"href":"https:\/\/www.cdlinc.ca\/en\/wp-json\/wp\/v2\/comments?post=12662"}],"version-history":[{"count":1,"href":"https:\/\/www.cdlinc.ca\/en\/wp-json\/wp\/v2\/pages\/12662\/revisions"}],"predecessor-version":[{"id":12663,"href":"https:\/\/www.cdlinc.ca\/en\/wp-json\/wp\/v2\/pages\/12662\/revisions\/12663"}],"wp:attachment":[{"href":"https:\/\/www.cdlinc.ca\/en\/wp-json\/wp\/v2\/media?parent=12662"}],"curies":[{"name":"wp","href":"https:\/\/api.w.org\/{rel}","templated":true}]}}